{"id":29578,"date":"2020-11-04T18:20:51","date_gmt":"2020-11-04T16:20:51","guid":{"rendered":"https:\/\/www.comunello.com\/sk\/?page_id=29578"},"modified":"2020-11-10T10:33:22","modified_gmt":"2020-11-10T08:33:22","slug":"contacts","status":"publish","type":"page","link":"https:\/\/www.comunello.com\/sk\/automation\/contacts\/","title":{"rendered":"OFFICIAL DISTRIBUTOR SK AUTOMATION \/ CONTACTS"},"content":{"rendered":"<p>[vc_row css_animation=&#8221;&#8221; row_type=&#8221;row&#8221; use_row_as_full_screen_section=&#8221;no&#8221; type=&#8221;full_width&#8221; angled_section=&#8221;no&#8221; text_align=&#8221;left&#8221; background_image_as_pattern=&#8221;without_pattern&#8221; background_color=&#8221;#666666&#8243; padding_top=&#8221;0&#8243; css=&#8221;.vc_custom_1604565121653{background-color: #ffffff !important;}&#8221;][vc_column css=&#8221;.vc_custom_1604565100617{background-color: #ffffff !important;}&#8221;][vc_empty_space][vc_empty_space][vc_gmaps link=&#8221;#E-8_JTNDaWZyYW1lJTIwc3JjJTNEJTIyaHR0cHMlM0ElMkYlMkZ3d3cuZ29vZ2xlLmNvbSUyRm1hcHMlMkZlbWJlZCUzRnBiJTNEJTIxMW0xOCUyMTFtMTIlMjExbTMlMjExZDI2NTkuOTM1NzQxMDA4NjE3MiUyMTJkMTcuMTcwOTY2NDE1NjUwNzY0JTIxM2Q0OC4xODg1ODk1NzkyMjc0OSUyMTJtMyUyMTFmMCUyMTJmMCUyMTNmMCUyMTNtMiUyMTFpMTAyNCUyMTJpNzY4JTIxNGYxMy4xJTIxM20zJTIxMW0yJTIxMXMweDQ3NmM4ZWZhNzRmYTcxNGYlMjUzQTB4ZTdlM2IzZThmMjMxOWFmZSUyMTJzRVVST0lOJTI1MjBhLnMuJTI1MjBCcmF0aXNsYXZhJTIxNWUwJTIxM20yJTIxMXNpdCUyMTJzaXQlMjE0djE2MDQ1NjQ1Mjg2OTMlMjE1bTIlMjExc2l0JTIxMnNpdCUyMiUyMHdpZHRoJTNEJTIyMTAwJTI1JTIyJTIwaGVpZ2h0JTNEJTIyNDUwJTIyJTIwZnJhbWVib3JkZXIlM0QlMjIwJTIyJTIwc3R5bGUlM0QlMjJib3JkZXIlM0EwJTIyJTNFJTNDJTJGaWZyYW1lJTNF&#8221; size=&#8221;450&#8243;][\/vc_column][\/vc_row][vc_row css_animation=&#8221;&#8221; row_type=&#8221;row&#8221; use_row_as_full_screen_section=&#8221;no&#8221; type=&#8221;grid&#8221; angled_section=&#8221;no&#8221; text_align=&#8221;left&#8221; background_image_as_pattern=&#8221;without_pattern&#8221; background_color=&#8221;#ffffff&#8221;][vc_column][vc_empty_space height=&#8221;8px&#8221;][\/vc_column][\/vc_row][vc_row css_animation=&#8221;&#8221; row_type=&#8221;row&#8221; use_row_as_full_screen_section=&#8221;no&#8221; type=&#8221;grid&#8221; angled_section=&#8221;no&#8221; text_align=&#8221;left&#8221; background_image_as_pattern=&#8221;without_pattern&#8221; background_color=&#8221;#ffffff&#8221; padding_top=&#8221;0&#8243; padding_bottom=&#8221;0&#8243; css=&#8221;.vc_custom_1604997136391{background-color: #ffffff !important;}&#8221;][vc_column][vc_empty_space][vc_separator type=&#8221;normal&#8221; color=&#8221;#bcbcbc&#8221; thickness=&#8221;1&#8243; up=&#8221;40&#8243; down=&#8221;40&#8243;][vc_empty_space height=&#8221;15px&#8221;][vc_single_image image=&#8221;29586&#8243; img_size=&#8221;full&#8221; alignment=&#8221;center&#8221; qode_css_animation=&#8221;&#8221;][vc_separator type=&#8221;normal&#8221; color=&#8221;#bcbcbc&#8221; thickness=&#8221;1&#8243; up=&#8221;40&#8243; down=&#8221;40&#8243;][vc_row_inner row_type=&#8221;row&#8221; type=&#8221;full_width&#8221; text_align=&#8221;left&#8221; background_color=&#8221;#ffffff&#8221; css_animation=&#8221;&#8221; css=&#8221;.vc_custom_1604507035073{background-color: #ffffff !important;}&#8221;][vc_column_inner width=&#8221;1\/2&#8243;][vc_empty_space][vc_column_text el_class=&#8221;test_one_page&#8221;]<strong>EUROIN, a.s. Bratislava<\/strong><\/p>\n<p>Star\u00e1 Vajnorsk\u00e1 21<\/p>\n<p>831 04 Bratislava<\/p>\n<p>Slovensk\u00e1 Republika<\/p>\n<p>&nbsp;<\/p>\n<p><strong>Tel:<\/strong> +421 232 225 522<\/p>\n<p><strong>Email:<\/strong> bratislava@euroin.sk<\/p>\n<p>[\/vc_column_text][\/vc_column_inner][vc_column_inner width=&#8221;1\/2&#8243;][vc_empty_space][vc_column_text el_class=&#8221;test_one_page&#8221;]<strong>EUROIN, a.s. \u017dilina<\/strong><\/p>\n<p>K cintor\u00ednu 674\/89<\/p>\n<p>010 04 \u017dilina<\/p>\n<p>Slovensk\u00e1 Republika<\/p>\n<p>&nbsp;<\/p>\n<p><strong>Tel:<\/strong> +421 413 219 311<\/p>\n<p><strong>Email:<\/strong> zilina@euroin.sk<\/p>\n<p>[\/vc_column_text][\/vc_column_inner][\/vc_row_inner][vc_separator type=&#8221;normal&#8221; color=&#8221;#bcbcbc&#8221; thickness=&#8221;1&#8243; up=&#8221;70&#8243;][\/vc_column][\/vc_row][vc_row css_animation=&#8221;&#8221; row_type=&#8221;row&#8221; use_row_as_full_screen_section=&#8221;no&#8221; type=&#8221;grid&#8221; angled_section=&#8221;no&#8221; text_align=&#8221;left&#8221; background_image_as_pattern=&#8221;without_pattern&#8221; background_color=&#8221;#ffffff&#8221; padding_top=&#8221;0&#8243; padding_bottom=&#8221;75&#8243; css=&#8221;.vc_custom_1604507022506{background-color: #ffffff !important;}&#8221;][vc_column][vc_empty_space][vc_column_text el_class=&#8221;test_one_page&#8221;]<\/p>\n<p style=\"font-family: helvlt; font-size: 30px; line-height: 30px; text-align: center;\">FRATELLI COMUNELLO S.P.A.<\/p>\n<p>&nbsp;<\/p>\n<p style=\"text-align: center;\">Company subject to the direction and coordination of Comunello Group Srl<\/p>\n<p>[\/vc_column_text][vc_separator type=&#8221;normal&#8221; color=&#8221;#bcbcbc&#8221; thickness=&#8221;1&#8243; up=&#8221;40&#8243; down=&#8221;40&#8243;][vc_row_inner row_type=&#8221;row&#8221; type=&#8221;full_width&#8221; text_align=&#8221;left&#8221; background_color=&#8221;#ffffff&#8221; css_animation=&#8221;&#8221; css=&#8221;.vc_custom_1604507035073{background-color: #ffffff !important;}&#8221;][vc_column_inner][vc_empty_space][vc_column_text el_class=&#8221;test_one_page&#8221;]<\/p>\n<p><strong>HEADQUARTER<\/strong><\/p>\n<p>Via Zarpellon 33 36022 San Giuseppe di Cassola (VI) Italy<\/p>\n<p>&nbsp;<\/p>\n<p><strong>REGISTERED OFFICE<\/strong><\/p>\n<p>Via Cassola 64 C.P. 79 36027 Ros\u00e0 (VI) Italy<\/p>\n<p>&nbsp;<\/p>\n<p><strong>Tel:<\/strong> +39 0424 585111<\/p>\n<p><strong>Fax:<\/strong> +39 0424 533417<\/p>\n<p><strong>Email:<\/strong> info@comunello.it<\/p>\n<p>&nbsp;<\/p>\n<p>[\/vc_column_text][\/vc_column_inner][\/vc_row_inner][vc_separator type=&#8221;normal&#8221; color=&#8221;#bcbcbc&#8221; thickness=&#8221;1&#8243; up=&#8221;70&#8243; down=&#8221;70&#8243;][\/vc_column][\/vc_row]<\/p>\n","protected":false},"excerpt":{"rendered":"<p>[vc_row css_animation=&#8221;&#8221; row_type=&#8221;row&#8221; use_row_as_full_screen_section=&#8221;no&#8221; type=&#8221;full_width&#8221; angled_section=&#8221;no&#8221; text_align=&#8221;left&#8221; background_image_as_pattern=&#8221;without_pattern&#8221; background_color=&#8221;#666666&#8243; padding_top=&#8221;0&#8243; css=&#8221;.vc_custom_1604565121653{background-color: #ffffff !important;}&#8221;][vc_column css=&#8221;.vc_custom_1604565100617{background-color: #ffffff !important;}&#8221;][vc_empty_space][vc_empty_space][vc_gmaps link=&#8221;#E-8_JTNDaWZyYW1lJTIwc3JjJTNEJTIyaHR0cHMlM0ElMkYlMkZ3d3cuZ29vZ2xlLmNvbSUyRm1hcHMlMkZlbWJlZCUzRnBiJTNEJTIxMW0xOCUyMTFtMTIlMjExbTMlMjExZDI2NTkuOTM1NzQxMDA4NjE3MiUyMTJkMTcuMTcwOTY2NDE1NjUwNzY0JTIxM2Q0OC4xODg1ODk1NzkyMjc0OSUyMTJtMyUyMTFmMCUyMTJmMCUyMTNmMCUyMTNtMiUyMTFpMTAyNCUyMTJpNzY4JTIxNGYxMy4xJTIxM20zJTIxMW0yJTIxMXMweDQ3NmM4ZWZhNzRmYTcxNGYlMjUzQTB4ZTdlM2IzZThmMjMxOWFmZSUyMTJzRVVST0lOJTI1MjBhLnMuJTI1MjBCcmF0aXNsYXZhJTIxNWUwJTIxM20yJTIxMXNpdCUyMTJzaXQlMjE0djE2MDQ1NjQ1Mjg2OTMlMjE1bTIlMjExc2l0JTIxMnNpdCUyMiUyMHdpZHRoJTNEJTIyMTAwJTI1JTIyJTIwaGVpZ2h0JTNEJTIyNDUwJTIyJTIwZnJhbWVib3JkZXIlM0QlMjIwJTIyJTIwc3R5bGUlM0QlMjJib3JkZXIlM0EwJTIyJTNFJTNDJTJGaWZyYW1lJTNF&#8221; size=&#8221;450&#8243;][\/vc_column][\/vc_row][vc_row css_animation=&#8221;&#8221; row_type=&#8221;row&#8221; use_row_as_full_screen_section=&#8221;no&#8221; type=&#8221;grid&#8221; angled_section=&#8221;no&#8221; text_align=&#8221;left&#8221; background_image_as_pattern=&#8221;without_pattern&#8221;&#8230;<\/p>\n","protected":false},"author":4,"featured_media":0,"parent":29518,"menu_order":0,"comment_status":"closed","ping_status":"closed","template":"full_width.php","meta":[],"yoast_head":"<!-- This site is optimized with the Yoast SEO plugin v16.0.2 - https:\/\/yoast.com\/wordpress\/plugins\/seo\/ -->\n<link rel=\"canonical\" href=\"https:\/\/www.comunello.com\/sk\/official-distributor-sk__trashed\/automation\/contacts\/\" \/>\n<meta property=\"og:locale\" content=\"sk_SK\" \/>\n<meta property=\"og:type\" content=\"article\" \/>\n<meta property=\"og:title\" content=\"OFFICIAL DISTRIBUTOR SK AUTOMATION \/ CONTACTS - Fratelli COMUNELLO\" \/>\n<meta property=\"og:description\" content=\"[vc_row css_animation=&#8221;&#8221; row_type=&#8221;row&#8221; use_row_as_full_screen_section=&#8221;no&#8221; type=&#8221;full_width&#8221; angled_section=&#8221;no&#8221; text_align=&#8221;left&#8221; background_image_as_pattern=&#8221;without_pattern&#8221; background_color=&#8221;#666666&#8243; padding_top=&#8221;0&#8243; css=&#8221;.vc_custom_1604565121653{background-color: #ffffff !important;}&#8221;][vc_column css=&#8221;.vc_custom_1604565100617{background-color: #ffffff !important;}&#8221;][vc_empty_space][vc_empty_space][vc_gmaps link=&#8221;#E-8_JTNDaWZyYW1lJTIwc3JjJTNEJTIyaHR0cHMlM0ElMkYlMkZ3d3cuZ29vZ2xlLmNvbSUyRm1hcHMlMkZlbWJlZCUzRnBiJTNEJTIxMW0xOCUyMTFtMTIlMjExbTMlMjExZDI2NTkuOTM1NzQxMDA4NjE3MiUyMTJkMTcuMTcwOTY2NDE1NjUwNzY0JTIxM2Q0OC4xODg1ODk1NzkyMjc0OSUyMTJtMyUyMTFmMCUyMTJmMCUyMTNmMCUyMTNtMiUyMTFpMTAyNCUyMTJpNzY4JTIxNGYxMy4xJTIxM20zJTIxMW0yJTIxMXMweDQ3NmM4ZWZhNzRmYTcxNGYlMjUzQTB4ZTdlM2IzZThmMjMxOWFmZSUyMTJzRVVST0lOJTI1MjBhLnMuJTI1MjBCcmF0aXNsYXZhJTIxNWUwJTIxM20yJTIxMXNpdCUyMTJzaXQlMjE0djE2MDQ1NjQ1Mjg2OTMlMjE1bTIlMjExc2l0JTIxMnNpdCUyMiUyMHdpZHRoJTNEJTIyMTAwJTI1JTIyJTIwaGVpZ2h0JTNEJTIyNDUwJTIyJTIwZnJhbWVib3JkZXIlM0QlMjIwJTIyJTIwc3R5bGUlM0QlMjJib3JkZXIlM0EwJTIyJTNFJTNDJTJGaWZyYW1lJTNF&#8221; size=&#8221;450&#8243;][\/vc_column][\/vc_row][vc_row css_animation=&#8221;&#8221; row_type=&#8221;row&#8221; use_row_as_full_screen_section=&#8221;no&#8221; type=&#8221;grid&#8221; angled_section=&#8221;no&#8221; text_align=&#8221;left&#8221; background_image_as_pattern=&#8221;without_pattern&#8221;...\" \/>\n<meta property=\"og:url\" content=\"https:\/\/www.comunello.com\/sk\/official-distributor-sk__trashed\/automation\/contacts\/\" \/>\n<meta property=\"og:site_name\" content=\"Fratelli COMUNELLO\" \/>\n<meta property=\"article:modified_time\" content=\"2020-11-10T08:33:22+00:00\" \/>\n<meta name=\"twitter:card\" content=\"summary_large_image\" \/>\n<meta name=\"twitter:label1\" content=\"Predpokladan\u00fd \u010das \u010d\u00edtania\">\n\t<meta name=\"twitter:data1\" content=\"3 min\u00faty\">\n<script type=\"application\/ld+json\" class=\"yoast-schema-graph\">{\"@context\":\"https:\/\/schema.org\",\"@graph\":[{\"@type\":\"WebSite\",\"@id\":\"https:\/\/www.comunello.com\/#website\",\"url\":\"https:\/\/www.comunello.com\/\",\"name\":\"Fratelli COMUNELLO\",\"description\":\"| Life Made Easy\",\"potentialAction\":[{\"@type\":\"SearchAction\",\"target\":\"https:\/\/www.comunello.com\/?s={search_term_string}\",\"query-input\":\"required name=search_term_string\"}],\"inLanguage\":\"sk-SK\"},{\"@type\":\"WebPage\",\"@id\":\"https:\/\/www.comunello.com\/sk\/official-distributor-sk__trashed\/automation\/contacts\/#webpage\",\"url\":\"https:\/\/www.comunello.com\/sk\/official-distributor-sk__trashed\/automation\/contacts\/\",\"name\":\"OFFICIAL DISTRIBUTOR SK AUTOMATION \/ CONTACTS - Fratelli COMUNELLO\",\"isPartOf\":{\"@id\":\"https:\/\/www.comunello.com\/#website\"},\"datePublished\":\"2020-11-04T16:20:51+00:00\",\"dateModified\":\"2020-11-10T08:33:22+00:00\",\"breadcrumb\":{\"@id\":\"https:\/\/www.comunello.com\/sk\/official-distributor-sk__trashed\/automation\/contacts\/#breadcrumb\"},\"inLanguage\":\"sk-SK\",\"potentialAction\":[{\"@type\":\"ReadAction\",\"target\":[\"https:\/\/www.comunello.com\/sk\/official-distributor-sk__trashed\/automation\/contacts\/\"]}]},{\"@type\":\"BreadcrumbList\",\"@id\":\"https:\/\/www.comunello.com\/sk\/official-distributor-sk__trashed\/automation\/contacts\/#breadcrumb\",\"itemListElement\":[{\"@type\":\"ListItem\",\"position\":1,\"item\":{\"@type\":\"WebPage\",\"@id\":\"https:\/\/www.comunello.com\/it\/\",\"url\":\"https:\/\/www.comunello.com\/it\/\",\"name\":\"Home\"}},{\"@type\":\"ListItem\",\"position\":2,\"item\":{\"@type\":\"WebPage\",\"@id\":\"https:\/\/www.comunello.com\/sk\/official-distributor-sk__trashed\/automation\/\",\"url\":\"https:\/\/www.comunello.com\/sk\/official-distributor-sk__trashed\/automation\/\",\"name\":\"OFFICIAL DISTRIBUTOR SK AUTOMATION \/ HOME\"}},{\"@type\":\"ListItem\",\"position\":3,\"item\":{\"@type\":\"WebPage\",\"@id\":\"https:\/\/www.comunello.com\/sk\/official-distributor-sk__trashed\/automation\/contacts\/\",\"url\":\"https:\/\/www.comunello.com\/sk\/official-distributor-sk__trashed\/automation\/contacts\/\",\"name\":\"OFFICIAL DISTRIBUTOR SK AUTOMATION \/ CONTACTS\"}}]}]}<\/script>\n<!-- \/ Yoast SEO plugin. -->","_links":{"self":[{"href":"https:\/\/www.comunello.com\/sk\/wp-json\/wp\/v2\/pages\/29578\/"}],"collection":[{"href":"https:\/\/www.comunello.com\/sk\/wp-json\/wp\/v2\/pages\/"}],"about":[{"href":"https:\/\/www.comunello.com\/sk\/wp-json\/wp\/v2\/types\/page\/"}],"author":[{"embeddable":true,"href":"https:\/\/www.comunello.com\/sk\/wp-json\/wp\/v2\/users\/4\/"}],"replies":[{"embeddable":true,"href":"https:\/\/www.comunello.com\/sk\/wp-json\/wp\/v2\/comments\/?post=29578"}],"version-history":[{"count":20,"href":"https:\/\/www.comunello.com\/sk\/wp-json\/wp\/v2\/pages\/29578\/revisions\/"}],"predecessor-version":[{"id":29685,"href":"https:\/\/www.comunello.com\/sk\/wp-json\/wp\/v2\/pages\/29578\/revisions\/29685\/"}],"up":[{"embeddable":true,"href":"https:\/\/www.comunello.com\/sk\/wp-json\/wp\/v2\/pages\/29518\/"}],"wp:attachment":[{"href":"https:\/\/www.comunello.com\/sk\/wp-json\/wp\/v2\/media\/?parent=29578"}],"curies":[{"name":"wp","href":"https:\/\/api.w.org\/{rel}","templated":true}]}}