{"id":29566,"date":"2020-11-04T17:58:06","date_gmt":"2020-11-04T15:58:06","guid":{"rendered":"https:\/\/www.comunello.com\/sk\/?page_id=29566"},"modified":"2020-11-12T11:20:01","modified_gmt":"2020-11-12T09:20:01","slug":"support","status":"publish","type":"page","link":"https:\/\/www.comunello.com\/sk\/automation\/support\/","title":{"rendered":"OFFICIAL DISTRIBUTOR SK AUTOMATION \/ SUPPORT"},"content":{"rendered":"<p>[vc_row css_animation=&#8221;&#8221; row_type=&#8221;row&#8221; use_row_as_full_screen_section=&#8221;no&#8221; type=&#8221;full_width&#8221; angled_section=&#8221;no&#8221; text_align=&#8221;center&#8221; background_image=&#8221;16137&#8243; background_image_as_pattern=&#8221;without_pattern&#8221; background_color=&#8221;#919191&#8243; border_color=&#8221;#919191&#8243;][vc_column][vc_empty_space height=&#8221;300px&#8221;][\/vc_column][\/vc_row][vc_row css_animation=&#8221;&#8221; row_type=&#8221;row&#8221; use_row_as_full_screen_section=&#8221;no&#8221; type=&#8221;grid&#8221; angled_section=&#8221;no&#8221; text_align=&#8221;center&#8221; background_image_as_pattern=&#8221;without_pattern&#8221; background_color=&#8221;#ffffff&#8221; css=&#8221;.vc_custom_1490369294730{background-color: #ffffff !important;}&#8221;][vc_column][vc_empty_space height=&#8221;60px&#8221;][vc_empty_space height=&#8221;60px&#8221;][vc_column_text]<\/p>\n<p style=\"text-align: center; font-family: helvth; font-size: 42px; line-height: 42px;\">ABSOL\u00daTNA KVALITA: AJ PO PREDAJI<\/p>\n<p>[\/vc_column_text][\/vc_column][\/vc_row][vc_row css_animation=&#8221;&#8221; row_type=&#8221;row&#8221; use_row_as_full_screen_section=&#8221;no&#8221; type=&#8221;full_width&#8221; angled_section=&#8221;no&#8221; text_align=&#8221;center&#8221; background_image_as_pattern=&#8221;without_pattern&#8221; background_color=&#8221;#ffffff&#8221; css=&#8221;.vc_custom_1491818960772{background-color: #ffffff !important;}&#8221;][vc_column][vc_separator type=&#8221;normal&#8221; color=&#8221;#adadad&#8221; up=&#8221;5&#8243; down=&#8221;-4&#8243;][\/vc_column][\/vc_row][vc_row css_animation=&#8221;&#8221; row_type=&#8221;row&#8221; use_row_as_full_screen_section=&#8221;no&#8221; type=&#8221;grid&#8221; angled_section=&#8221;no&#8221; text_align=&#8221;center&#8221; background_image_as_pattern=&#8221;without_pattern&#8221; background_color=&#8221;#ffffff&#8221; css=&#8221;.vc_custom_1604505556290{background-color: #ffffff !important;}&#8221;][vc_column el_class=&#8221;testo_az&#8221;][vc_empty_space][vc_column_text el_class=&#8221;test_one_page&#8221;]<\/p>\n<p class=\"p1\">Aby sme z\u00e1kazn\u00edkom zaistili maxim\u00e1lny pokoj v du\u0161i, na\u0161a slu\u017eba technickej pomoci pon\u00faka telefonick\u00fa linku pomoci <span class=\"s1\">obsluhovan\u00fa odborn\u00fdmi pracovn\u00edkmi, ktor\u00ed v\u00e1m poskytn\u00fa podporu od f\u00e1zy n\u00e1vrhu projektu a\u017e po in\u0161tal\u00e1ciu produktu.<\/span><\/p>\n<p class=\"p1\">M\u00f4\u017eete sa s nami priamo skontaktova\u0165, alebo n\u00e1m zasla\u0165 va\u0161e \u00fadaje, aby sme sa mohli s vami \u010do najr\u00fdchlej\u0161ie spoji\u0165 a <span class=\"s1\">poskytn\u00fa\u0165 v\u00e1m po\u017eadovan\u00fa podporu.<\/span><\/p>\n<p>[\/vc_column_text][\/vc_column][\/vc_row][vc_row css_animation=&#8221;&#8221; row_type=&#8221;row&#8221; use_row_as_full_screen_section=&#8221;no&#8221; type=&#8221;grid&#8221; angled_section=&#8221;no&#8221; text_align=&#8221;left&#8221; background_image_as_pattern=&#8221;without_pattern&#8221; background_color=&#8221;#ffffff&#8221;][vc_column][vc_empty_space height=&#8221;8px&#8221;][\/vc_column][\/vc_row][vc_row css_animation=&#8221;&#8221; row_type=&#8221;row&#8221; use_row_as_full_screen_section=&#8221;no&#8221; type=&#8221;grid&#8221; angled_section=&#8221;no&#8221; text_align=&#8221;left&#8221; background_image_as_pattern=&#8221;without_pattern&#8221; background_color=&#8221;#ffffff&#8221; padding_top=&#8221;50&#8243; padding_bottom=&#8221;75&#8243; css=&#8221;.vc_custom_1604505571721{background-color: #ffffff !important;}&#8221;][vc_column][vc_separator type=&#8221;normal&#8221; color=&#8221;#bcbcbc&#8221; thickness=&#8221;1&#8243; up=&#8221;70&#8243; down=&#8221;70&#8243;][vc_row_inner row_type=&#8221;row&#8221; type=&#8221;full_width&#8221; text_align=&#8221;left&#8221; background_color=&#8221;#ffffff&#8221; css_animation=&#8221;&#8221;][vc_column_inner width=&#8221;1\/2&#8243;][vc_column_text]<\/p>\n<p style=\"text-align: center; font-family: helvlt; font-size: 30px; line-height: 30px;\">Z\u00c1KAZN\u00cdCKA LINKA<\/p>\n<p>[\/vc_column_text][vc_empty_space][vc_column_text el_class=&#8221;test_one_page&#8221;]<\/p>\n<p style=\"text-align: center;\"><strong>+421 232 225 522<\/strong><\/p>\n<p style=\"text-align: center;\"><a title=\"info@comunello.it\" href=\"mailto:bratislava@euroin.sk\">bratislava@euroin.sk<\/a><\/p>\n<p>[\/vc_column_text][\/vc_column_inner][vc_column_inner width=&#8221;1\/2&#8243;][vc_column_text]<\/p>\n<p style=\"text-align: center; font-family: helvlt; font-size: 30px; line-height: 30px;\">TECHNICK\u00c1 PODPORA<\/p>\n<p>[\/vc_column_text][vc_empty_space][vc_column_text el_class=&#8221;test_one_page&#8221;]<\/p>\n<p style=\"text-align: center;\"><strong>+421 232 788 877<\/strong><\/p>\n<p>[\/vc_column_text][\/vc_column_inner][\/vc_row_inner][vc_separator type=&#8221;normal&#8221; color=&#8221;#bcbcbc&#8221; thickness=&#8221;1&#8243; up=&#8221;70&#8243; down=&#8221;70&#8243;][\/vc_column][\/vc_row]<\/p>\n","protected":false},"excerpt":{"rendered":"<p>[vc_row css_animation=&#8221;&#8221; row_type=&#8221;row&#8221; use_row_as_full_screen_section=&#8221;no&#8221; type=&#8221;full_width&#8221; angled_section=&#8221;no&#8221; text_align=&#8221;center&#8221; background_image=&#8221;16137&#8243; background_image_as_pattern=&#8221;without_pattern&#8221; background_color=&#8221;#919191&#8243; border_color=&#8221;#919191&#8243;][vc_column][vc_empty_space height=&#8221;300px&#8221;][\/vc_column][\/vc_row][vc_row css_animation=&#8221;&#8221; row_type=&#8221;row&#8221; use_row_as_full_screen_section=&#8221;no&#8221; type=&#8221;grid&#8221; angled_section=&#8221;no&#8221; text_align=&#8221;center&#8221; background_image_as_pattern=&#8221;without_pattern&#8221; background_color=&#8221;#ffffff&#8221; css=&#8221;.vc_custom_1490369294730{background-color: #ffffff !important;}&#8221;][vc_column][vc_empty_space height=&#8221;60px&#8221;][vc_empty_space height=&#8221;60px&#8221;][vc_column_text]&#8230;<\/p>\n","protected":false},"author":4,"featured_media":0,"parent":29518,"menu_order":0,"comment_status":"closed","ping_status":"closed","template":"full_width.php","meta":[],"yoast_head":"<!-- This site is optimized with the Yoast SEO plugin v16.0.2 - https:\/\/yoast.com\/wordpress\/plugins\/seo\/ -->\n<link rel=\"canonical\" href=\"https:\/\/www.comunello.com\/sk\/official-distributor-sk__trashed\/automation\/support\/\" \/>\n<meta property=\"og:locale\" content=\"sk_SK\" \/>\n<meta property=\"og:type\" content=\"article\" \/>\n<meta property=\"og:title\" content=\"OFFICIAL DISTRIBUTOR SK AUTOMATION \/ SUPPORT - Fratelli COMUNELLO\" \/>\n<meta property=\"og:description\" content=\"[vc_row css_animation=&#8221;&#8221; row_type=&#8221;row&#8221; use_row_as_full_screen_section=&#8221;no&#8221; type=&#8221;full_width&#8221; angled_section=&#8221;no&#8221; text_align=&#8221;center&#8221; background_image=&#8221;16137&#8243; background_image_as_pattern=&#8221;without_pattern&#8221; background_color=&#8221;#919191&#8243; border_color=&#8221;#919191&#8243;][vc_column][vc_empty_space height=&#8221;300px&#8221;][\/vc_column][\/vc_row][vc_row css_animation=&#8221;&#8221; row_type=&#8221;row&#8221; use_row_as_full_screen_section=&#8221;no&#8221; type=&#8221;grid&#8221; angled_section=&#8221;no&#8221; text_align=&#8221;center&#8221; background_image_as_pattern=&#8221;without_pattern&#8221; background_color=&#8221;#ffffff&#8221; css=&#8221;.vc_custom_1490369294730{background-color: #ffffff !important;}&#8221;][vc_column][vc_empty_space height=&#8221;60px&#8221;][vc_empty_space height=&#8221;60px&#8221;][vc_column_text]...\" \/>\n<meta property=\"og:url\" content=\"https:\/\/www.comunello.com\/sk\/official-distributor-sk__trashed\/automation\/support\/\" \/>\n<meta property=\"og:site_name\" content=\"Fratelli COMUNELLO\" \/>\n<meta property=\"article:modified_time\" content=\"2020-11-12T09:20:01+00:00\" \/>\n<meta name=\"twitter:card\" content=\"summary_large_image\" \/>\n<meta name=\"twitter:label1\" content=\"Predpokladan\u00fd \u010das \u010d\u00edtania\">\n\t<meta name=\"twitter:data1\" content=\"2 min\u00faty\">\n<script type=\"application\/ld+json\" class=\"yoast-schema-graph\">{\"@context\":\"https:\/\/schema.org\",\"@graph\":[{\"@type\":\"WebSite\",\"@id\":\"https:\/\/www.comunello.com\/#website\",\"url\":\"https:\/\/www.comunello.com\/\",\"name\":\"Fratelli COMUNELLO\",\"description\":\"| Life Made Easy\",\"potentialAction\":[{\"@type\":\"SearchAction\",\"target\":\"https:\/\/www.comunello.com\/?s={search_term_string}\",\"query-input\":\"required name=search_term_string\"}],\"inLanguage\":\"sk-SK\"},{\"@type\":\"WebPage\",\"@id\":\"https:\/\/www.comunello.com\/sk\/official-distributor-sk__trashed\/automation\/support\/#webpage\",\"url\":\"https:\/\/www.comunello.com\/sk\/official-distributor-sk__trashed\/automation\/support\/\",\"name\":\"OFFICIAL DISTRIBUTOR SK AUTOMATION \/ SUPPORT - Fratelli COMUNELLO\",\"isPartOf\":{\"@id\":\"https:\/\/www.comunello.com\/#website\"},\"datePublished\":\"2020-11-04T15:58:06+00:00\",\"dateModified\":\"2020-11-12T09:20:01+00:00\",\"breadcrumb\":{\"@id\":\"https:\/\/www.comunello.com\/sk\/official-distributor-sk__trashed\/automation\/support\/#breadcrumb\"},\"inLanguage\":\"sk-SK\",\"potentialAction\":[{\"@type\":\"ReadAction\",\"target\":[\"https:\/\/www.comunello.com\/sk\/official-distributor-sk__trashed\/automation\/support\/\"]}]},{\"@type\":\"BreadcrumbList\",\"@id\":\"https:\/\/www.comunello.com\/sk\/official-distributor-sk__trashed\/automation\/support\/#breadcrumb\",\"itemListElement\":[{\"@type\":\"ListItem\",\"position\":1,\"item\":{\"@type\":\"WebPage\",\"@id\":\"https:\/\/www.comunello.com\/it\/\",\"url\":\"https:\/\/www.comunello.com\/it\/\",\"name\":\"Home\"}},{\"@type\":\"ListItem\",\"position\":2,\"item\":{\"@type\":\"WebPage\",\"@id\":\"https:\/\/www.comunello.com\/sk\/official-distributor-sk__trashed\/automation\/\",\"url\":\"https:\/\/www.comunello.com\/sk\/official-distributor-sk__trashed\/automation\/\",\"name\":\"OFFICIAL DISTRIBUTOR SK AUTOMATION \/ HOME\"}},{\"@type\":\"ListItem\",\"position\":3,\"item\":{\"@type\":\"WebPage\",\"@id\":\"https:\/\/www.comunello.com\/sk\/official-distributor-sk__trashed\/automation\/support\/\",\"url\":\"https:\/\/www.comunello.com\/sk\/official-distributor-sk__trashed\/automation\/support\/\",\"name\":\"OFFICIAL DISTRIBUTOR SK AUTOMATION \/ SUPPORT\"}}]}]}<\/script>\n<!-- \/ Yoast SEO plugin. -->","_links":{"self":[{"href":"https:\/\/www.comunello.com\/sk\/wp-json\/wp\/v2\/pages\/29566\/"}],"collection":[{"href":"https:\/\/www.comunello.com\/sk\/wp-json\/wp\/v2\/pages\/"}],"about":[{"href":"https:\/\/www.comunello.com\/sk\/wp-json\/wp\/v2\/types\/page\/"}],"author":[{"embeddable":true,"href":"https:\/\/www.comunello.com\/sk\/wp-json\/wp\/v2\/users\/4\/"}],"replies":[{"embeddable":true,"href":"https:\/\/www.comunello.com\/sk\/wp-json\/wp\/v2\/comments\/?post=29566"}],"version-history":[{"count":6,"href":"https:\/\/www.comunello.com\/sk\/wp-json\/wp\/v2\/pages\/29566\/revisions\/"}],"predecessor-version":[{"id":29763,"href":"https:\/\/www.comunello.com\/sk\/wp-json\/wp\/v2\/pages\/29566\/revisions\/29763\/"}],"up":[{"embeddable":true,"href":"https:\/\/www.comunello.com\/sk\/wp-json\/wp\/v2\/pages\/29518\/"}],"wp:attachment":[{"href":"https:\/\/www.comunello.com\/sk\/wp-json\/wp\/v2\/media\/?parent=29566"}],"curies":[{"name":"wp","href":"https:\/\/api.w.org\/{rel}","templated":true}]}}