{"id":29560,"date":"2020-11-04T16:27:23","date_gmt":"2020-11-04T14:27:23","guid":{"rendered":"https:\/\/www.comunello.com\/sk\/?page_id=29560"},"modified":"2020-11-10T10:25:08","modified_gmt":"2020-11-10T08:25:08","slug":"quality","status":"publish","type":"page","link":"https:\/\/www.comunello.com\/sk\/automation\/quality\/","title":{"rendered":"OFFICIAL DISTRIBUTOR SK AUTOMATION \/ QUALITY"},"content":{"rendered":"<p>[vc_row css_animation=&#8221;&#8221; row_type=&#8221;row&#8221; use_row_as_full_screen_section=&#8221;no&#8221; type=&#8221;full_width&#8221; angled_section=&#8221;no&#8221; text_align=&#8221;center&#8221; background_image=&#8221;15232&#8243; background_image_as_pattern=&#8221;without_pattern&#8221; border_color=&#8221;#919191&#8243;][vc_column][vc_empty_space height=&#8221;300px&#8221;][\/vc_column][\/vc_row][vc_row css_animation=&#8221;&#8221; row_type=&#8221;row&#8221; use_row_as_full_screen_section=&#8221;no&#8221; type=&#8221;grid&#8221; angled_section=&#8221;no&#8221; text_align=&#8221;center&#8221; background_image_as_pattern=&#8221;without_pattern&#8221; background_color=&#8221;#ffffff&#8221; css=&#8221;.vc_custom_1490369294730{background-color: #ffffff !important;}&#8221;][vc_column][vc_empty_space height=&#8221;60px&#8221;][vc_empty_space height=&#8221;60px&#8221;][vc_column_text]<\/p>\n<p style=\"text-align: center; font-family: helvth; font-size: 42px; line-height: 42px;\">KVALITA, BEZPE\u010cNOS\u0164 A S\u00daLAD<\/p>\n<p>[\/vc_column_text][\/vc_column][\/vc_row][vc_row css_animation=&#8221;&#8221; row_type=&#8221;row&#8221; use_row_as_full_screen_section=&#8221;no&#8221; type=&#8221;full_width&#8221; angled_section=&#8221;no&#8221; text_align=&#8221;center&#8221; background_image_as_pattern=&#8221;without_pattern&#8221; background_color=&#8221;#ffffff&#8221; css=&#8221;.vc_custom_1491818960772{background-color: #ffffff !important;}&#8221;][vc_column][vc_separator type=&#8221;normal&#8221; color=&#8221;#adadad&#8221; up=&#8221;5&#8243; down=&#8221;-4&#8243;][\/vc_column][\/vc_row][vc_row css_animation=&#8221;&#8221; row_type=&#8221;row&#8221; use_row_as_full_screen_section=&#8221;no&#8221; type=&#8221;grid&#8221; angled_section=&#8221;no&#8221; text_align=&#8221;center&#8221; background_image_as_pattern=&#8221;without_pattern&#8221; background_color=&#8221;#ffffff&#8221; css=&#8221;.vc_custom_1491826070100{background-color: #ffffff !important;}&#8221;][vc_column el_class=&#8221;testo_az&#8221;][vc_empty_space][vc_column_text el_class=&#8221;test_one_page&#8221;]<\/p>\n<p class=\"p1\"><span class=\"s1\">Spolo\u010dnos\u0165 berie svoju zodpovednos\u0165 v oblasti \u017eivotn\u00e9ho prostredia v\u00e1\u017ene a v z\u00e1ujme zabezpe\u010denia bezpe\u010dn\u00e9ho pracovn\u00e9ho <\/span>prostredia pre svojich zamestnancov sa zav\u00e4zuje dodr\u017eiava\u0165 pr\u00e1vne predpisy o ochrane zdravia a bezpe\u010dnosti pri pr\u00e1ci. S cie\u013eom poskytn\u00fa\u0165 \u010fal\u0161iu z\u00e1ruku a lep\u0161iu kontrolu kvality v\u00fdrobkov m\u00e1 spolo\u010dnos\u0165 zaveden\u00fd syst\u00e9m riadenia v s\u00falade s normami UNI EN ISO 9001:2015, ktor\u00fd je certifikovan\u00fd spolo\u010dnos\u0165ou T\u00fcv S\u00fcd.<\/p>\n<p>[\/vc_column_text][vc_empty_space height=&#8221;60px&#8221;][\/vc_column][\/vc_row][vc_row css_animation=&#8221;&#8221; row_type=&#8221;row&#8221; use_row_as_full_screen_section=&#8221;no&#8221; type=&#8221;grid&#8221; angled_section=&#8221;no&#8221; text_align=&#8221;center&#8221; background_image_as_pattern=&#8221;without_pattern&#8221; padding_top=&#8221;20&#8243; css=&#8221;.vc_custom_1496139770950{background-color: #ffffff !important;}&#8221;][vc_column width=&#8221;1\/3&#8243; css=&#8221;.vc_custom_1491554102424{padding-right: 0px !important;}&#8221;][vc_empty_space height=&#8221;18px&#8221;][vc_single_image image=&#8221;15221&#8243; img_size=&#8221;&#8221; alignment=&#8221;right&#8221; qode_css_animation=&#8221;&#8221; el_class=&#8221;organ_im&#8221;][\/vc_column][vc_column width=&#8221;2\/3&#8243; el_class=&#8221;col_org&#8221; css=&#8221;.vc_custom_1496140074098{padding-left: 0px !important;}&#8221;][vc_empty_space height=&#8221;12px&#8221;][vc_column_text el_class=&#8221;org_titolo&#8221;]<\/p>\n<h1 class=\"h_corp_1\" style=\"text-align: left;\">HODNOTA KVALITY<\/h1>\n<p>[\/vc_column_text][vc_separator type=&#8221;normal&#8221; color=&#8221;#9f9f9f&#8221; el_class=&#8221;org_linea&#8221;][vc_column_text css=&#8221;.vc_custom_1604500292834{padding-top: 10px !important;}&#8221; el_class=&#8221;org_titolo&#8221;]<\/p>\n<p class=\"p1\">Princ\u00edp poslania spolo\u010dnosti spo\u010d\u00edva v neust\u00e1lej snahe o dosiahnutie absol\u00fatnej kvality.<\/p>\n<p>[\/vc_column_text][vc_column_text css=&#8221;.vc_custom_1604996495455{padding-top: 10px !important;}&#8221; el_class=&#8221;org_titolo&#8221;]<\/p>\n<ul>\n<li>KVALITA MATERI\u00c1LOV<\/li>\n<li>KVALITA V\u00ddSKUMU<\/li>\n<li>KVALITA DIZAJNU<\/li>\n<li>KVALITA INVEST\u00cdCI\u00cd<\/li>\n<li>KVALITA SPRACOVANIA<\/li>\n<li>KVALITA SERVISU<\/li>\n<li>KVALITA ETIKY<\/li>\n<\/ul>\n<p>[\/vc_column_text][vc_empty_space][vc_empty_space][\/vc_column][\/vc_row][vc_row css_animation=&#8221;&#8221; row_type=&#8221;row&#8221; use_row_as_full_screen_section=&#8221;no&#8221; type=&#8221;grid&#8221; angled_section=&#8221;no&#8221; text_align=&#8221;center&#8221; background_image_as_pattern=&#8221;without_pattern&#8221; padding_top=&#8221;20&#8243; css=&#8221;.vc_custom_1491554461487{background-color: #ffffff !important;}&#8221;][vc_column width=&#8221;1\/3&#8243; css=&#8221;.vc_custom_1491554102424{padding-right: 0px !important;}&#8221;][vc_empty_space height=&#8221;18px&#8221;][vc_single_image image=&#8221;13815&#8243; img_size=&#8221;&#8221; alignment=&#8221;right&#8221; qode_css_animation=&#8221;&#8221; el_class=&#8221;organ_im&#8221;][\/vc_column][vc_column width=&#8221;2\/3&#8243; css=&#8221;.vc_custom_1496140078168{padding-left: 0px !important;}&#8221; el_class=&#8221;col_org&#8221;][vc_empty_space height=&#8221;12px&#8221;][vc_column_text el_class=&#8221;org_titolo&#8221;]<\/p>\n<h1 class=\"h_corp_1\" style=\"text-align: left;\">CERTIFIK\u00c1CIA<\/h1>\n<p>[\/vc_column_text][vc_separator type=&#8221;normal&#8221; color=&#8221;#9f9f9f&#8221; el_class=&#8221;org_linea&#8221;][vc_column_text css=&#8221;.vc_custom_1604500339594{padding-top: 10px !important;}&#8221; el_class=&#8221;org_titolo&#8221;]<\/p>\n<p class=\"p1\">Syst\u00e9m riadenia v s\u00falade s normami UNI EN ISO 9001:2015, certifikovan\u00fd spolo\u010dnos\u0165ou T\u00fcv S\u00fcd.<\/p>\n<p>[\/vc_column_text][vc_column_text css=&#8221;.vc_custom_1604996704576{padding-top: 10px !important;}&#8221; el_class=&#8221;org_titolo&#8221;]<\/p>\n<ul>\n<li>OCHRANA \u017dIVOTN\u00c9HO PROSTREDIA<\/li>\n<li>BEZPE\u010cNOS\u0164 PR\u00c1CE<\/li>\n<li>OCHRANA ZDRAVIA A BEZPE\u010cNOSTI PRI PR\u00c1CI<\/li>\n<\/ul>\n<p>[\/vc_column_text][vc_empty_space][vc_empty_space][\/vc_column][\/vc_row][vc_row css_animation=&#8221;&#8221; row_type=&#8221;row&#8221; use_row_as_full_screen_section=&#8221;no&#8221; type=&#8221;full_width&#8221; angled_section=&#8221;no&#8221; text_align=&#8221;center&#8221; background_image_as_pattern=&#8221;without_pattern&#8221; border_color=&#8221;#303030&#8243; css=&#8221;.vc_custom_1491483971172{background-color: #ffffff !important;}&#8221;][vc_column][vc_empty_space height=&#8221;60px&#8221;][\/vc_column][\/vc_row][vc_row css_animation=&#8221;&#8221; row_type=&#8221;row&#8221; use_row_as_full_screen_section=&#8221;no&#8221; type=&#8221;full_width&#8221; angled_section=&#8221;no&#8221; text_align=&#8221;center&#8221; background_image_as_pattern=&#8221;without_pattern&#8221; background_color=&#8221;#ffffff&#8221; padding_top=&#8221;0&#8243; padding_bottom=&#8221;50&#8243; css=&#8221;.vc_custom_1495536699250{background-color: #262626 !important;}&#8221;][vc_column][vc_empty_space][vc_empty_space][vc_column_text]<\/p>\n<p class=\"titoletto_divisioneb\" style=\"color: #ffffff;\">Certifik\u00e1t a modul<\/p>\n<p>[\/vc_column_text][vc_empty_space][vc_row_inner row_type=&#8221;row&#8221; type=&#8221;grid&#8221; text_align=&#8221;left&#8221; css_animation=&#8221;&#8221;][vc_column_inner width=&#8221;1\/2&#8243;][vc_column_text css=&#8221;.vc_custom_1499265928688{padding-left: 150px !important;}&#8221;]<\/p>\n<p class=\"pdf_catologo\" style=\"text-align: center;\"><a href=\"http:\/\/www.comunello.com\/media\/corporate\/comunello_iso9001.pdf\" target=\"\u201d_blank\u201d\" rel=\"noopener noreferrer\">\u00a0<img loading=\"lazy\" class=\"alignnone size-full wp-image-12926\" style=\"position: relative; top: 5px;\" src=\"http:\/\/www.comunello.com\/wp-content\/uploads\/2017\/03\/pdf_icon_40.png\" alt=\"pdf_icon_40\" width=\"30\" height=\"30\" srcset=\"https:\/\/www.comunello.com\/wp-content\/uploads\/2017\/03\/pdf_icon_40.png 40w, https:\/\/www.comunello.com\/wp-content\/uploads\/2017\/03\/pdf_icon_40-27x27.png 27w\" sizes=\"(max-width: 30px) 100vw, 30px\" \/> ISO 9001<\/a><\/p>\n<p>[\/vc_column_text][\/vc_column_inner][vc_column_inner width=&#8221;1\/2&#8243; css=&#8221;.vc_custom_1496222103825{padding-right: 150px !important;}&#8221;][vc_column_text]<\/p>\n<p class=\"pdf_catologo\" style=\"text-align: center;\"><a href=\"http:\/\/www.comunello.com\/corporate\/customer-satisfaction\/\" target=\"_blank\" rel=\"noopener noreferrer\">\u00a0<img loading=\"lazy\" class=\"alignnone size-full wp-image-12926\" style=\"position: relative; top: 5px;\" src=\"http:\/\/www.comunello.com\/wp-content\/uploads\/2017\/04\/form_icon_40.png\" alt=\"pdf_icon_40\" width=\"30\" height=\"30\" \/> Spokojnos\u0165 z\u00e1kazn\u00edka<\/a><\/p>\n<p>[\/vc_column_text][\/vc_column_inner][\/vc_row_inner][vc_empty_space][\/vc_column][\/vc_row][vc_row css_animation=&#8221;&#8221; row_type=&#8221;row&#8221; use_row_as_full_screen_section=&#8221;no&#8221; type=&#8221;grid&#8221; angled_section=&#8221;no&#8221; text_align=&#8221;left&#8221; background_image_as_pattern=&#8221;without_pattern&#8221; background_color=&#8221;#ffffff&#8221;][vc_column][vc_empty_space height=&#8221;8px&#8221;][\/vc_column][\/vc_row]<\/p>\n","protected":false},"excerpt":{"rendered":"<p>[vc_row css_animation=&#8221;&#8221; row_type=&#8221;row&#8221; use_row_as_full_screen_section=&#8221;no&#8221; type=&#8221;full_width&#8221; angled_section=&#8221;no&#8221; text_align=&#8221;center&#8221; background_image=&#8221;15232&#8243; background_image_as_pattern=&#8221;without_pattern&#8221; border_color=&#8221;#919191&#8243;][vc_column][vc_empty_space height=&#8221;300px&#8221;][\/vc_column][\/vc_row][vc_row css_animation=&#8221;&#8221; row_type=&#8221;row&#8221; use_row_as_full_screen_section=&#8221;no&#8221; type=&#8221;grid&#8221; angled_section=&#8221;no&#8221; text_align=&#8221;center&#8221; background_image_as_pattern=&#8221;without_pattern&#8221; background_color=&#8221;#ffffff&#8221; css=&#8221;.vc_custom_1490369294730{background-color: #ffffff !important;}&#8221;][vc_column][vc_empty_space height=&#8221;60px&#8221;][vc_empty_space height=&#8221;60px&#8221;][vc_column_text] KVALITA,&#8230;<\/p>\n","protected":false},"author":4,"featured_media":0,"parent":29518,"menu_order":0,"comment_status":"closed","ping_status":"closed","template":"full_width.php","meta":[],"yoast_head":"<!-- This site is optimized with the Yoast SEO plugin v16.0.2 - https:\/\/yoast.com\/wordpress\/plugins\/seo\/ -->\n<link rel=\"canonical\" href=\"https:\/\/www.comunello.com\/sk\/official-distributor-sk__trashed\/automation\/quality\/\" \/>\n<meta property=\"og:locale\" content=\"sk_SK\" \/>\n<meta property=\"og:type\" content=\"article\" \/>\n<meta property=\"og:title\" content=\"OFFICIAL DISTRIBUTOR SK AUTOMATION \/ QUALITY - Fratelli COMUNELLO\" \/>\n<meta property=\"og:description\" content=\"[vc_row css_animation=&#8221;&#8221; row_type=&#8221;row&#8221; use_row_as_full_screen_section=&#8221;no&#8221; type=&#8221;full_width&#8221; angled_section=&#8221;no&#8221; text_align=&#8221;center&#8221; background_image=&#8221;15232&#8243; background_image_as_pattern=&#8221;without_pattern&#8221; border_color=&#8221;#919191&#8243;][vc_column][vc_empty_space height=&#8221;300px&#8221;][\/vc_column][\/vc_row][vc_row css_animation=&#8221;&#8221; row_type=&#8221;row&#8221; use_row_as_full_screen_section=&#8221;no&#8221; type=&#8221;grid&#8221; angled_section=&#8221;no&#8221; text_align=&#8221;center&#8221; background_image_as_pattern=&#8221;without_pattern&#8221; background_color=&#8221;#ffffff&#8221; css=&#8221;.vc_custom_1490369294730{background-color: #ffffff !important;}&#8221;][vc_column][vc_empty_space height=&#8221;60px&#8221;][vc_empty_space height=&#8221;60px&#8221;][vc_column_text] KVALITA,...\" \/>\n<meta property=\"og:url\" content=\"https:\/\/www.comunello.com\/sk\/official-distributor-sk__trashed\/automation\/quality\/\" \/>\n<meta property=\"og:site_name\" content=\"Fratelli COMUNELLO\" \/>\n<meta property=\"article:modified_time\" content=\"2020-11-10T08:25:08+00:00\" \/>\n<meta property=\"og:image\" content=\"http:\/\/www.comunello.com\/wp-content\/uploads\/2017\/03\/pdf_icon_40.png\" \/>\n<meta name=\"twitter:card\" content=\"summary_large_image\" \/>\n<meta name=\"twitter:label1\" content=\"Predpokladan\u00fd \u010das \u010d\u00edtania\">\n\t<meta name=\"twitter:data1\" content=\"5 min\u00faty\">\n<script type=\"application\/ld+json\" class=\"yoast-schema-graph\">{\"@context\":\"https:\/\/schema.org\",\"@graph\":[{\"@type\":\"WebSite\",\"@id\":\"https:\/\/www.comunello.com\/#website\",\"url\":\"https:\/\/www.comunello.com\/\",\"name\":\"Fratelli COMUNELLO\",\"description\":\"| Life Made Easy\",\"potentialAction\":[{\"@type\":\"SearchAction\",\"target\":\"https:\/\/www.comunello.com\/?s={search_term_string}\",\"query-input\":\"required name=search_term_string\"}],\"inLanguage\":\"sk-SK\"},{\"@type\":\"ImageObject\",\"@id\":\"https:\/\/www.comunello.com\/sk\/official-distributor-sk__trashed\/automation\/quality\/#primaryimage\",\"inLanguage\":\"sk-SK\",\"url\":\"http:\/\/www.comunello.com\/wp-content\/uploads\/2017\/03\/pdf_icon_40.png\"},{\"@type\":\"WebPage\",\"@id\":\"https:\/\/www.comunello.com\/sk\/official-distributor-sk__trashed\/automation\/quality\/#webpage\",\"url\":\"https:\/\/www.comunello.com\/sk\/official-distributor-sk__trashed\/automation\/quality\/\",\"name\":\"OFFICIAL DISTRIBUTOR SK AUTOMATION \/ QUALITY - Fratelli COMUNELLO\",\"isPartOf\":{\"@id\":\"https:\/\/www.comunello.com\/#website\"},\"primaryImageOfPage\":{\"@id\":\"https:\/\/www.comunello.com\/sk\/official-distributor-sk__trashed\/automation\/quality\/#primaryimage\"},\"datePublished\":\"2020-11-04T14:27:23+00:00\",\"dateModified\":\"2020-11-10T08:25:08+00:00\",\"breadcrumb\":{\"@id\":\"https:\/\/www.comunello.com\/sk\/official-distributor-sk__trashed\/automation\/quality\/#breadcrumb\"},\"inLanguage\":\"sk-SK\",\"potentialAction\":[{\"@type\":\"ReadAction\",\"target\":[\"https:\/\/www.comunello.com\/sk\/official-distributor-sk__trashed\/automation\/quality\/\"]}]},{\"@type\":\"BreadcrumbList\",\"@id\":\"https:\/\/www.comunello.com\/sk\/official-distributor-sk__trashed\/automation\/quality\/#breadcrumb\",\"itemListElement\":[{\"@type\":\"ListItem\",\"position\":1,\"item\":{\"@type\":\"WebPage\",\"@id\":\"https:\/\/www.comunello.com\/it\/\",\"url\":\"https:\/\/www.comunello.com\/it\/\",\"name\":\"Home\"}},{\"@type\":\"ListItem\",\"position\":2,\"item\":{\"@type\":\"WebPage\",\"@id\":\"https:\/\/www.comunello.com\/sk\/official-distributor-sk__trashed\/automation\/\",\"url\":\"https:\/\/www.comunello.com\/sk\/official-distributor-sk__trashed\/automation\/\",\"name\":\"OFFICIAL DISTRIBUTOR SK AUTOMATION \/ HOME\"}},{\"@type\":\"ListItem\",\"position\":3,\"item\":{\"@type\":\"WebPage\",\"@id\":\"https:\/\/www.comunello.com\/sk\/official-distributor-sk__trashed\/automation\/quality\/\",\"url\":\"https:\/\/www.comunello.com\/sk\/official-distributor-sk__trashed\/automation\/quality\/\",\"name\":\"OFFICIAL DISTRIBUTOR SK AUTOMATION \/ QUALITY\"}}]}]}<\/script>\n<!-- \/ Yoast SEO plugin. -->","_links":{"self":[{"href":"https:\/\/www.comunello.com\/sk\/wp-json\/wp\/v2\/pages\/29560\/"}],"collection":[{"href":"https:\/\/www.comunello.com\/sk\/wp-json\/wp\/v2\/pages\/"}],"about":[{"href":"https:\/\/www.comunello.com\/sk\/wp-json\/wp\/v2\/types\/page\/"}],"author":[{"embeddable":true,"href":"https:\/\/www.comunello.com\/sk\/wp-json\/wp\/v2\/users\/4\/"}],"replies":[{"embeddable":true,"href":"https:\/\/www.comunello.com\/sk\/wp-json\/wp\/v2\/comments\/?post=29560"}],"version-history":[{"count":5,"href":"https:\/\/www.comunello.com\/sk\/wp-json\/wp\/v2\/pages\/29560\/revisions\/"}],"predecessor-version":[{"id":29681,"href":"https:\/\/www.comunello.com\/sk\/wp-json\/wp\/v2\/pages\/29560\/revisions\/29681\/"}],"up":[{"embeddable":true,"href":"https:\/\/www.comunello.com\/sk\/wp-json\/wp\/v2\/pages\/29518\/"}],"wp:attachment":[{"href":"https:\/\/www.comunello.com\/sk\/wp-json\/wp\/v2\/media\/?parent=29560"}],"curies":[{"name":"wp","href":"https:\/\/api.w.org\/{rel}","templated":true}]}}