{"id":29521,"date":"2020-11-02T12:19:03","date_gmt":"2020-11-02T10:19:03","guid":{"rendered":"https:\/\/www.comunello.com\/sk\/?page_id=29521"},"modified":"2020-11-02T12:21:10","modified_gmt":"2020-11-02T10:21:10","slug":"products","status":"publish","type":"page","link":"https:\/\/www.comunello.com\/sk\/automation\/products\/","title":{"rendered":"OFFICIAL DISTRIBUTOR SK AUTOMATION Products"},"content":{"rendered":"<p>[vc_row row_type=&#8221;row&#8221; use_row_as_full_screen_section=&#8221;no&#8221; type=&#8221;full_width&#8221; angled_section=&#8221;no&#8221; text_align=&#8221;left&#8221; background_image_as_pattern=&#8221;without_pattern&#8221; background_color=&#8221;#dadada&#8221; padding_top=&#8221;62&#8243; css_animation=&#8221;&#8221;][vc_column][vc_row_inner row_type=&#8221;row&#8221; type=&#8221;grid&#8221; text_align=&#8221;left&#8221; padding_top=&#8221;2&#8243; css_animation=&#8221;&#8221;][vc_column_inner el_class=&#8221;title-section&#8221; width=&#8221;1\/2&#8243;][vc_column_text css=&#8221;.vc_custom_1422888423641{padding-top: 50px !important;padding-left: 50px !important;}&#8221;]<\/p>\n<h2><span style=\"color: #000000;\">Comunello Automation<\/span><\/h2>\n<h1><span style=\"color: #000000;\">Products<\/span><\/h1>\n<p>[\/vc_column_text][\/vc_column_inner][vc_column_inner width=&#8221;1\/2&#8243;][vc_single_image image=&#8221;1506&#8243; img_size=&#8221;full&#8221; qode_css_animation=&#8221;&#8221;][\/vc_column_inner][\/vc_row_inner][\/vc_column][\/vc_row][vc_row row_type=&#8221;row&#8221; use_row_as_full_screen_section=&#8221;no&#8221; type=&#8221;grid&#8221; angled_section=&#8221;no&#8221; text_align=&#8221;left&#8221; background_image_as_pattern=&#8221;without_pattern&#8221; padding_top=&#8221;50&#8243; css_animation=&#8221;&#8221;][vc_column width=&#8221;1\/3&#8243;][vc_column_text]<a href=\"\/sk\/official-distributor-sk\/automation\/\"><img loading=\"lazy\" class=\"alignleft wp-image-1200 size-full\" src=\"\/wp-content\/uploads\/2014\/12\/22.jpg\" alt=\"22\" width=\"20\" height=\"22\" \/><\/a>[\/vc_column_text][\/vc_column][vc_column width=&#8221;1\/3&#8243; css=&#8221;.vc_custom_1418577996153{margin-left: -357px !important;}&#8221;][vc_column_text]<span style=\"color: #999999;\">&gt; Products<\/span>[\/vc_column_text][\/vc_column][vc_column width=&#8221;1\/3&#8243;][\/vc_column][\/vc_row][vc_row row_type=&#8221;row&#8221; use_row_as_full_screen_section=&#8221;no&#8221; type=&#8221;full_width&#8221; angled_section=&#8221;no&#8221; text_align=&#8221;left&#8221; background_image_as_pattern=&#8221;without_pattern&#8221; padding_top=&#8221;100&#8243; css_animation=&#8221;&#8221;][vc_column][vc_row_inner row_type=&#8221;row&#8221; type=&#8221;grid&#8221; text_align=&#8221;left&#8221; padding_bottom=&#8221;30&#8243; css_animation=&#8221;&#8221;][vc_column_inner width=&#8221;1\/4&#8243;][vc_column_text]<a href=\"\/sk\/official-distributor-sk\/automation\/swing-gate\"><img loading=\"lazy\" class=\"aligncenter\" src=\"\/media\/products\/automation\/cancello_battente\/comunello-automation-cancello_battente-icon.jpg\" alt=\"\" width=\"100\" height=\"63\" border=\"0\" \/><\/a>[\/vc_column_text][vc_separator type=&#8221;transparent&#8221; up=&#8221;20&#8243; down=&#8221;20&#8243;][vc_column_text]<\/p>\n<p style=\"text-align: center;\"><a href=\"\/sk\/official-distributor-sk\/automation\/swing-gate\"><span style=\"font-size: large;\">SWING GATE<\/span><\/a><\/p>\n<p>[\/vc_column_text][vc_separator type=&#8221;normal&#8221; color=&#8221;#9b9b9b&#8221; thickness=&#8221;1&#8243; up=&#8221;30&#8243; down=&#8221;20&#8243;][\/vc_column_inner][vc_column_inner width=&#8221;1\/4&#8243;][vc_column_text]<a href=\"\/sk\/official-distributor-sk\/automation\/sliding-gate\"><img loading=\"lazy\" class=\"aligncenter\" src=\"\/media\/products\/automation\/cancello_scorrevole\/comunello-automation-cancello_scorrevole-icon.jpg\" alt=\"\" width=\"100\" height=\"63\" \/><\/a>[\/vc_column_text][vc_separator type=&#8221;transparent&#8221; up=&#8221;20&#8243; down=&#8221;20&#8243;][vc_column_text]<\/p>\n<p style=\"text-align: center;\"><a href=\"\/sk\/official-distributor-sk\/automation\/sliding-gate\"><span style=\"font-size: large;\">SLIDING GATE<\/span><\/a><\/p>\n<p>[\/vc_column_text][vc_separator type=&#8221;normal&#8221; color=&#8221;#9b9b9b&#8221; thickness=&#8221;1&#8243; up=&#8221;30&#8243; down=&#8221;20&#8243;][\/vc_column_inner][vc_column_inner width=&#8221;1\/4&#8243;][vc_column_text]<a href=\"\/sk\/official-distributor-sk\/automation\/garage-doors\/\"><img loading=\"lazy\" class=\"aligncenter\" src=\"\/media\/products\/automation\/porte_da_garage\/comunello-automation-porte_da_garage-icon.jpg\" alt=\"\" width=\"100\" height=\"63\" \/><\/a>[\/vc_column_text][vc_separator type=&#8221;transparent&#8221; up=&#8221;20&#8243; down=&#8221;20&#8243;][vc_column_text]<\/p>\n<p style=\"text-align: center;\"><a href=\"\/sk\/official-distributor-sk\/automation\/garage-doors\"><span style=\"font-size: large;\">GARAGE DOORS<\/span><\/a><\/p>\n<p>[\/vc_column_text][vc_separator type=&#8221;normal&#8221; color=&#8221;#9b9b9b&#8221; thickness=&#8221;1&#8243; up=&#8221;30&#8243; down=&#8221;20&#8243;][\/vc_column_inner][vc_column_inner width=&#8221;1\/4&#8243;][vc_column_text]<a href=\"\/sk\/official-distributor-sk\/automation\/road-barriers\"><img loading=\"lazy\" class=\" aligncenter\" src=\"\/media\/products\/automation\/barriere_stradali\/comunello-automation-barriere_stradali-icon.jpg\" alt=\"\" width=\"100\" height=\"63\" \/><\/a>[\/vc_column_text][vc_separator type=&#8221;transparent&#8221; up=&#8221;20&#8243; down=&#8221;20&#8243;][vc_column_text]<\/p>\n<p style=\"text-align: center;\"><a href=\"\/sk\/official-distributor-sk\/automation\/road-barriers\"><span style=\"font-size: large;\">ROAD BARRIERS<\/span><\/a><\/p>\n<p>[\/vc_column_text][vc_separator type=&#8221;normal&#8221; color=&#8221;#9b9b9b&#8221; thickness=&#8221;1&#8243; up=&#8221;30&#8243; down=&#8221;20&#8243;][\/vc_column_inner][\/vc_row_inner][vc_row_inner row_type=&#8221;row&#8221; type=&#8221;grid&#8221; text_align=&#8221;left&#8221; padding_bottom=&#8221;30&#8243; css_animation=&#8221;&#8221;][vc_column_inner width=&#8221;1\/4&#8243;][vc_column_text]<a href=\"\/sk\/official-distributor-sk\/automation\/products\/control-units\/\"><img loading=\"lazy\" class=\"aligncenter\" src=\"\/media\/products\/automation\/elettronica_di_comando\/comunello-automation-elettronica_di_comando-icon.jpg\" alt=\"\" width=\"100\" height=\"63\" \/><\/a>[\/vc_column_text][vc_separator type=&#8221;transparent&#8221; up=&#8221;20&#8243; down=&#8221;20&#8243;][vc_column_text]<\/p>\n<p style=\"text-align: center;\"><a href=\"\/sk\/official-distributor-sk\/automation\/products\/control-units\/\"><span style=\"font-size: large;\">CONTROL UNITS<\/span><\/a><\/p>\n<p>[\/vc_column_text][vc_separator type=&#8221;normal&#8221; color=&#8221;#9b9b9b&#8221; thickness=&#8221;1&#8243; up=&#8221;30&#8243; down=&#8221;20&#8243;][\/vc_column_inner][vc_column_inner width=&#8221;1\/4&#8243;][vc_column_text]<a href=\"\/sk\/official-distributor-sk\/automation\/products\/control-accessories\/\"><img loading=\"lazy\" class=\"aligncenter\" src=\"\/media\/products\/automation\/accessori_di_comando\/comunello-automation-accessori_di_comando-icon.jpg\" alt=\"\" width=\"100\" height=\"63\" \/><\/a>[\/vc_column_text][vc_separator type=&#8221;transparent&#8221; up=&#8221;20&#8243; down=&#8221;20&#8243;][vc_column_text]<\/p>\n<p style=\"text-align: center;\"><a href=\"\/sk\/official-distributor-sk\/automation\/products\/control-accessories\/\"><span style=\"font-size: large;\">CONTROL ACCESSORIES<\/span><\/a><\/p>\n<p>[\/vc_column_text][vc_separator type=&#8221;normal&#8221; color=&#8221;#9b9b9b&#8221; thickness=&#8221;1&#8243; up=&#8221;30&#8243; down=&#8221;20&#8243;][\/vc_column_inner][vc_column_inner width=&#8221;1\/4&#8243;][vc_column_text]<a href=\"\/sk\/official-distributor-sk\/automation\/products\/radio-controlled-accessories\/\"><img loading=\"lazy\" class=\"aligncenter\" src=\"\/media\/products\/automation\/accessori_di_comando_radio\/comunello-automation-accessori_di_comando_radio-icon.jpg\" alt=\"\" width=\"100\" height=\"63\" \/><\/a>[\/vc_column_text][vc_separator type=&#8221;transparent&#8221; up=&#8221;20&#8243; down=&#8221;20&#8243;][vc_column_text]<\/p>\n<p style=\"text-align: center;\"><a href=\"\/sk\/official-distributor-sk\/automation\/products\/radio-controlled-accessories\/\"><span style=\"font-size: large;\">RADIO CONTROLLED ACCESSORIES<\/span><\/a><\/p>\n<p>[\/vc_column_text][vc_separator type=&#8221;normal&#8221; color=&#8221;#9b9b9b&#8221; thickness=&#8221;1&#8243; up=&#8221;5&#8243; down=&#8221;20&#8243;][\/vc_column_inner][vc_column_inner width=&#8221;1\/4&#8243;][vc_column_text]<a href=\"\/sk\/official-distributor-sk\/automation\/products\/safety-accessories\/\"><img loading=\"lazy\" class=\"aligncenter\" src=\"\/media\/products\/automation\/accessori_di_sicurezza\/comunello-automation-accessori_di_sicurezza-icon.jpg\" alt=\"\" width=\"100\" height=\"63\" \/><\/a>[\/vc_column_text][vc_separator type=&#8221;transparent&#8221; up=&#8221;20&#8243; down=&#8221;20&#8243;][vc_column_text]<\/p>\n<p style=\"text-align: center;\"><a href=\"http:\/\/www.comunello.com\/sk\/official-distributor-sk\/automation\/products\/safety-accessories\/\"><span style=\"font-size: large;\">SAFETY ACCESSORIES<\/span><\/a><\/p>\n<p>[\/vc_column_text][vc_separator type=&#8221;normal&#8221; color=&#8221;#9b9b9b&#8221; thickness=&#8221;1&#8243; up=&#8221;30&#8243; down=&#8221;20&#8243;][\/vc_column_inner][\/vc_row_inner][vc_row_inner row_type=&#8221;row&#8221; type=&#8221;grid&#8221; text_align=&#8221;left&#8221; padding_bottom=&#8221;30&#8243; css_animation=&#8221;&#8221;][vc_column_inner width=&#8221;1\/4&#8243;][\/vc_column_inner][vc_column_inner width=&#8221;1\/4&#8243;][vc_column_text]<a href=\"\/sk\/official-distributor-sk\/automation\/products\/one-technology-accessories\/\"><img loading=\"lazy\" class=\"aligncenter\" src=\"\/media\/products\/automation\/accessori_one_technology\/comunello-automation-accessori_one_technology-icon.jpg\" alt=\"\" width=\"100\" height=\"63\" \/><\/a>[\/vc_column_text][vc_separator type=&#8221;transparent&#8221; up=&#8221;20&#8243; down=&#8221;20&#8243;][vc_column_text]<\/p>\n<p style=\"text-align: center;\"><a href=\"\/sk\/official-distributor-sk\/automation\/products\/one-technology-accessories\/\"><span style=\"font-size: large;\">ACCESSORIES<\/span><\/a><\/p>\n<p>[\/vc_column_text][vc_separator type=&#8221;normal&#8221; color=&#8221;#9b9b9b&#8221; thickness=&#8221;1&#8243; up=&#8221;30&#8243; down=&#8221;20&#8243;][\/vc_column_inner][vc_column_inner width=&#8221;1\/4&#8243;][vc_column_text]<a href=\"\/sk\/official-distributor-sk\/automation\/control-units\/\"><img loading=\"lazy\" class=\"aligncenter\" src=\"http:\/\/www.comunello.com\/wp-content\/uploads\/2014\/12\/video_tutorial_icon_02.jpg\" alt=\"\" width=\"100\" height=\"63\" \/><\/a>[\/vc_column_text][vc_separator type=&#8221;transparent&#8221; up=&#8221;20&#8243; down=&#8221;20&#8243;][vc_column_text]<\/p>\n<p style=\"text-align: center;\"><a href=\"\/sk\/official-distributor-sk\/automation\/control-units\/\"><span style=\"font-size: large;\">VIDEO TUTORIALS<\/span><\/a><\/p>\n<p>[\/vc_column_text][vc_separator type=&#8221;normal&#8221; color=&#8221;#9b9b9b&#8221; thickness=&#8221;1&#8243; up=&#8221;30&#8243; down=&#8221;20&#8243;][\/vc_column_inner][\/vc_row_inner][\/vc_column][\/vc_row][vc_row row_type=&#8221;row&#8221; use_row_as_full_screen_section=&#8221;no&#8221; type=&#8221;full_width&#8221; angled_section=&#8221;no&#8221; text_align=&#8221;left&#8221; background_image_as_pattern=&#8221;without_pattern&#8221; css_animation=&#8221;&#8221;][vc_column][vc_column_text]<\/p>\n<p>[\/vc_column_text][\/vc_column][\/vc_row][vc_row row_type=&#8221;row&#8221; use_row_as_full_screen_section=&#8221;no&#8221; type=&#8221;full_width&#8221; angled_section=&#8221;no&#8221; text_align=&#8221;left&#8221; background_image_as_pattern=&#8221;without_pattern&#8221; padding_top=&#8221;100&#8243; padding_bottom=&#8221;75&#8243; css_animation=&#8221;&#8221;][vc_column][vc_row_inner row_type=&#8221;row&#8221; type=&#8221;full_width&#8221; text_align=&#8221;left&#8221; css_animation=&#8221;&#8221;][vc_column_inner][vc_column_text]<\/p>\n<h1 style=\"text-align: center;\">CATALOG DOWNLOAD<\/h1>\n<p>[\/vc_column_text][\/vc_column_inner][\/vc_row_inner][vc_row_inner row_type=&#8221;row&#8221; type=&#8221;grid&#8221; text_align=&#8221;left&#8221; css_animation=&#8221;&#8221;][vc_column_inner][vc_separator type=&#8221;normal&#8221; color=&#8221;#9b9b9b&#8221; thickness=&#8221;1&#8243; up=&#8221;20&#8243; down=&#8221;50&#8243;][\/vc_column_inner][\/vc_row_inner][vc_row_inner row_type=&#8221;row&#8221; type=&#8221;grid&#8221; text_align=&#8221;left&#8221; css_animation=&#8221;&#8221;][vc_column_inner width=&#8221;1\/3&#8243;]<div class='q_icon_with_title small normal_icon left_from_title'><div class=\"icon_text_holder\" style=\"\"><div class=\"icon_text_inner\" style=\"\"><div class=\"icon_title_holder\"><div class=\"icon_holder \" style=\" \"><span data-icon-type=\"normal\"   style=\"\" class=\"qode_iwt_icon_holder q_font_awsome_icon fa-2x \"><i class=\"qode_icon_font_awesome fa fa-file-pdf-o qode_iwt_icon_element\" style=\"color: #ff0000;\" ><\/i><\/span><\/div><h5 class=\"icon_title\" style=\"color: #000000;\">AUTOMATION CATALOG FULL<\/h5><\/div><p style='color: #000000'>PDF \/ 16 MB<\/p><a itemprop='url' class='icon_with_title_link' href='\/media\/products\/automation\/COMUNELLO-Automation-catalog.pdf' target='_blank' style='color: #000000;'>Download<\/a><\/div><\/div><\/div>[vc_separator type=&#8221;transparent&#8221; up=&#8221;2&#8243; down=&#8221;25&#8243;][vc_single_image image=&#8221;11507&#8243; img_size=&#8221;full&#8221; onclick=&#8221;custom_link&#8221; img_link_target=&#8221;_blank&#8221; qode_css_animation=&#8221;&#8221; link=&#8221;\/media\/products\/automation\/COMUNELLO-Automation-catalog.pdf&#8221;][\/vc_column_inner][\/vc_row_inner][\/vc_column][\/vc_row]<\/p>\n","protected":false},"excerpt":{"rendered":"<p>[vc_row row_type=&#8221;row&#8221; use_row_as_full_screen_section=&#8221;no&#8221; type=&#8221;full_width&#8221; angled_section=&#8221;no&#8221; text_align=&#8221;left&#8221; background_image_as_pattern=&#8221;without_pattern&#8221; background_color=&#8221;#dadada&#8221; padding_top=&#8221;62&#8243; css_animation=&#8221;&#8221;][vc_column][vc_row_inner row_type=&#8221;row&#8221; type=&#8221;grid&#8221; text_align=&#8221;left&#8221; padding_top=&#8221;2&#8243; css_animation=&#8221;&#8221;][vc_column_inner el_class=&#8221;title-section&#8221; width=&#8221;1\/2&#8243;][vc_column_text css=&#8221;.vc_custom_1422888423641{padding-top: 50px !important;padding-left: 50px !important;}&#8221;] Comunello Automation Products&#8230;<\/p>\n","protected":false},"author":4,"featured_media":0,"parent":29518,"menu_order":0,"comment_status":"closed","ping_status":"closed","template":"full_width.php","meta":[],"yoast_head":"<!-- This site is optimized with the Yoast SEO plugin v16.0.2 - https:\/\/yoast.com\/wordpress\/plugins\/seo\/ -->\n<link rel=\"canonical\" href=\"https:\/\/www.comunello.com\/sk\/official-distributor-sk__trashed\/automation\/products\/\" \/>\n<meta property=\"og:locale\" content=\"sk_SK\" \/>\n<meta property=\"og:type\" content=\"article\" \/>\n<meta property=\"og:title\" content=\"OFFICIAL DISTRIBUTOR SK AUTOMATION Products - Fratelli COMUNELLO\" \/>\n<meta property=\"og:description\" content=\"[vc_row row_type=&#8221;row&#8221; use_row_as_full_screen_section=&#8221;no&#8221; type=&#8221;full_width&#8221; angled_section=&#8221;no&#8221; text_align=&#8221;left&#8221; background_image_as_pattern=&#8221;without_pattern&#8221; background_color=&#8221;#dadada&#8221; padding_top=&#8221;62&#8243; css_animation=&#8221;&#8221;][vc_column][vc_row_inner row_type=&#8221;row&#8221; type=&#8221;grid&#8221; text_align=&#8221;left&#8221; padding_top=&#8221;2&#8243; css_animation=&#8221;&#8221;][vc_column_inner el_class=&#8221;title-section&#8221; width=&#8221;1\/2&#8243;][vc_column_text css=&#8221;.vc_custom_1422888423641{padding-top: 50px !important;padding-left: 50px !important;}&#8221;] Comunello Automation Products...\" \/>\n<meta property=\"og:url\" content=\"https:\/\/www.comunello.com\/sk\/official-distributor-sk__trashed\/automation\/products\/\" \/>\n<meta property=\"og:site_name\" content=\"Fratelli COMUNELLO\" \/>\n<meta property=\"article:modified_time\" content=\"2020-11-02T10:21:10+00:00\" \/>\n<meta property=\"og:image\" content=\"https:\/\/www.comunello.com\/wp-content\/uploads\/2014\/12\/22.jpg\" \/>\n<meta name=\"twitter:card\" content=\"summary_large_image\" \/>\n<meta name=\"twitter:label1\" content=\"Predpokladan\u00fd \u010das \u010d\u00edtania\">\n\t<meta name=\"twitter:data1\" content=\"4 min\u00faty\">\n<script type=\"application\/ld+json\" class=\"yoast-schema-graph\">{\"@context\":\"https:\/\/schema.org\",\"@graph\":[{\"@type\":\"WebSite\",\"@id\":\"https:\/\/www.comunello.com\/#website\",\"url\":\"https:\/\/www.comunello.com\/\",\"name\":\"Fratelli COMUNELLO\",\"description\":\"| Life Made Easy\",\"potentialAction\":[{\"@type\":\"SearchAction\",\"target\":\"https:\/\/www.comunello.com\/?s={search_term_string}\",\"query-input\":\"required name=search_term_string\"}],\"inLanguage\":\"sk-SK\"},{\"@type\":\"ImageObject\",\"@id\":\"https:\/\/www.comunello.com\/sk\/official-distributor-sk__trashed\/automation\/products\/#primaryimage\",\"inLanguage\":\"sk-SK\",\"url\":\"\/wp-content\/uploads\/2014\/12\/22.jpg\"},{\"@type\":\"WebPage\",\"@id\":\"https:\/\/www.comunello.com\/sk\/official-distributor-sk__trashed\/automation\/products\/#webpage\",\"url\":\"https:\/\/www.comunello.com\/sk\/official-distributor-sk__trashed\/automation\/products\/\",\"name\":\"OFFICIAL DISTRIBUTOR SK AUTOMATION Products - Fratelli COMUNELLO\",\"isPartOf\":{\"@id\":\"https:\/\/www.comunello.com\/#website\"},\"primaryImageOfPage\":{\"@id\":\"https:\/\/www.comunello.com\/sk\/official-distributor-sk__trashed\/automation\/products\/#primaryimage\"},\"datePublished\":\"2020-11-02T10:19:03+00:00\",\"dateModified\":\"2020-11-02T10:21:10+00:00\",\"breadcrumb\":{\"@id\":\"https:\/\/www.comunello.com\/sk\/official-distributor-sk__trashed\/automation\/products\/#breadcrumb\"},\"inLanguage\":\"sk-SK\",\"potentialAction\":[{\"@type\":\"ReadAction\",\"target\":[\"https:\/\/www.comunello.com\/sk\/official-distributor-sk__trashed\/automation\/products\/\"]}]},{\"@type\":\"BreadcrumbList\",\"@id\":\"https:\/\/www.comunello.com\/sk\/official-distributor-sk__trashed\/automation\/products\/#breadcrumb\",\"itemListElement\":[{\"@type\":\"ListItem\",\"position\":1,\"item\":{\"@type\":\"WebPage\",\"@id\":\"https:\/\/www.comunello.com\/it\/\",\"url\":\"https:\/\/www.comunello.com\/it\/\",\"name\":\"Home\"}},{\"@type\":\"ListItem\",\"position\":2,\"item\":{\"@type\":\"WebPage\",\"@id\":\"https:\/\/www.comunello.com\/sk\/official-distributor-sk__trashed\/automation\/\",\"url\":\"https:\/\/www.comunello.com\/sk\/official-distributor-sk__trashed\/automation\/\",\"name\":\"OFFICIAL DISTRIBUTOR SK AUTOMATION \/ HOME\"}},{\"@type\":\"ListItem\",\"position\":3,\"item\":{\"@type\":\"WebPage\",\"@id\":\"https:\/\/www.comunello.com\/sk\/official-distributor-sk__trashed\/automation\/products\/\",\"url\":\"https:\/\/www.comunello.com\/sk\/official-distributor-sk__trashed\/automation\/products\/\",\"name\":\"OFFICIAL DISTRIBUTOR SK AUTOMATION Products\"}}]}]}<\/script>\n<!-- \/ Yoast SEO plugin. -->","_links":{"self":[{"href":"https:\/\/www.comunello.com\/sk\/wp-json\/wp\/v2\/pages\/29521\/"}],"collection":[{"href":"https:\/\/www.comunello.com\/sk\/wp-json\/wp\/v2\/pages\/"}],"about":[{"href":"https:\/\/www.comunello.com\/sk\/wp-json\/wp\/v2\/types\/page\/"}],"author":[{"embeddable":true,"href":"https:\/\/www.comunello.com\/sk\/wp-json\/wp\/v2\/users\/4\/"}],"replies":[{"embeddable":true,"href":"https:\/\/www.comunello.com\/sk\/wp-json\/wp\/v2\/comments\/?post=29521"}],"version-history":[{"count":3,"href":"https:\/\/www.comunello.com\/sk\/wp-json\/wp\/v2\/pages\/29521\/revisions\/"}],"predecessor-version":[{"id":29524,"href":"https:\/\/www.comunello.com\/sk\/wp-json\/wp\/v2\/pages\/29521\/revisions\/29524\/"}],"up":[{"embeddable":true,"href":"https:\/\/www.comunello.com\/sk\/wp-json\/wp\/v2\/pages\/29518\/"}],"wp:attachment":[{"href":"https:\/\/www.comunello.com\/sk\/wp-json\/wp\/v2\/media\/?parent=29521"}],"curies":[{"name":"wp","href":"https:\/\/api.w.org\/{rel}","templated":true}]}}