{"id":32034,"date":"2021-05-31T15:03:40","date_gmt":"2021-05-31T13:03:40","guid":{"rendered":"https:\/\/www.comunello.com\/pt\/?page_id=32034"},"modified":"2021-07-28T08:38:44","modified_gmt":"2021-07-28T06:38:44","slug":"iberian-van-form","status":"publish","type":"page","link":"https:\/\/www.comunello.com\/pt\/iberian-van-form\/","title":{"rendered":"IBERIAN &#8211; VAN FORM"},"content":{"rendered":"<p>[vc_row css_animation=&#8221;&#8221; row_type=&#8221;row&#8221; use_row_as_full_screen_section=&#8221;no&#8221; type=&#8221;full_width&#8221; angled_section=&#8221;no&#8221; text_align=&#8221;left&#8221; background_image_as_pattern=&#8221;without_pattern&#8221; background_color=&#8221;#ffffff&#8221;][vc_column offset=&#8221;vc_hidden-xs&#8221;][vc_empty_space height=&#8221;65px&#8221;][\/vc_column][\/vc_row][vc_row css_animation=&#8221;&#8221; row_type=&#8221;row&#8221; use_row_as_full_screen_section=&#8221;no&#8221; type=&#8221;full_width&#8221; angled_section=&#8221;no&#8221; text_align=&#8221;left&#8221; video=&#8221;show_video&#8221; video_mp4=&#8221;https:\/\/www.comunello.com\/media\/products\/area_file\/iberian-comunello-form.mp4&#8243; background_image_as_pattern=&#8221;without_pattern&#8221; background_color=&#8221;#ffffff&#8221; css=&#8221;.vc_custom_1623158593395{background-color: #ffffff !important;}&#8221;][vc_column width=&#8221;1\/3&#8243;][\/vc_column][vc_column width=&#8221;1\/3&#8243;][vc_empty_space height=&#8221;60px&#8221;][vc_column_text css=&#8221;.vc_custom_1627454320054{border-top-width: 1px !important;border-right-width: 1px !important;border-bottom-width: 1px !important;border-left-width: 1px !important;padding-top: 20px !important;padding-right: 20px !important;padding-bottom: 20px !important;padding-left: 20px !important;background-color: #ffffff !important;border-left-color: #b2b2b2 !important;border-left-style: solid !important;border-right-color: #b2b2b2 !important;border-right-style: solid !important;border-top-color: #b2b2b2 !important;border-top-style: solid !important;border-bottom-color: #b2b2b2 !important;border-bottom-style: solid !important;border-radius: 10px !important;}&#8221;]<\/p>\n<p style=\"text-align: center;\"><strong>PRENOTA IL TUO TOUR!<\/strong><\/p>\n<p>&nbsp;<\/p>\n<p>*Comunello Iberiona On the road \u00e9 um projecto que faz com que uma carrinha rodeie a Pen\u00ednsula Ib\u00e9rica e pare naqueles locais onde &#8230; Se pretende marcar uma visita do passeio, preencha o seguinte formul\u00e1rio com todos os seus dados e envie-os para n\u00f3s. Nossa equipe entrar\u00e1 em contato o mais r\u00e1pido poss\u00edvel para confirmar a data inserida ou para combinar outra ..[\/vc_column_text][vc_empty_space height=&#8221;60px&#8221;][vc_column_text css=&#8221;.vc_custom_1627389455398{border-top-width: 1px !important;border-right-width: 1px !important;border-bottom-width: 1px !important;border-left-width: 1px !important;background-color: #ffffff !important;border-left-color: #b2b2b2 !important;border-left-style: solid !important;border-right-color: #b2b2b2 !important;border-right-style: solid !important;border-top-color: #b2b2b2 !important;border-top-style: solid !important;border-bottom-color: #b2b2b2 !important;border-bottom-style: solid !important;border-radius: 10px !important;}&#8221;]<div role=\"form\" class=\"wpcf7\" id=\"wpcf7-f32033-o1\" lang=\"it-IT\" dir=\"ltr\">\n<div class=\"screen-reader-response\"><p role=\"status\" aria-live=\"polite\" aria-atomic=\"true\"><\/p> <ul><\/ul><\/div>\n<form action=\"\/pt\/wp-json\/wp\/v2\/pages\/32034\/#wpcf7-f32033-o1\" method=\"post\" class=\"wpcf7-form init\" novalidate=\"novalidate\" data-status=\"init\">\n<div style=\"display: none;\">\n<input type=\"hidden\" name=\"_wpcf7\" value=\"32033\" \/>\n<input type=\"hidden\" name=\"_wpcf7_version\" value=\"5.4\" \/>\n<input type=\"hidden\" name=\"_wpcf7_locale\" value=\"it_IT\" \/>\n<input type=\"hidden\" name=\"_wpcf7_unit_tag\" value=\"wpcf7-f32033-o1\" \/>\n<input type=\"hidden\" name=\"_wpcf7_container_post\" value=\"0\" \/>\n<input type=\"hidden\" name=\"_wpcf7_posted_data_hash\" value=\"\" \/>\n<input type=\"hidden\" name=\"_wpcf7_recaptcha_response\" value=\"\" \/>\n<\/div>\n<fieldset>\n<fieldset>\n<div id=\"responsive-form\" class=\"clearfix\">\n<div class=\"form-row\">\n<div class=\"column-half\">      <label for=\"f-nome\">Nome<\/label><span class=\"wpcf7-form-control-wrap nome\"><input type=\"text\" name=\"nome\" value=\"\" size=\"40\" class=\"wpcf7-form-control wpcf7-text wpcf7-validates-as-required required\" id=\"f-nome\" aria-required=\"true\" aria-invalid=\"false\" \/><\/span><\/div>\n<div class=\"column-half\"> <label for=\"f-cognome\">Cognome<\/label><span class=\"wpcf7-form-control-wrap cognome\"><input type=\"text\" name=\"cognome\" value=\"\" size=\"40\" class=\"wpcf7-form-control wpcf7-text wpcf7-validates-as-required required\" id=\"f-cognome\" aria-required=\"true\" aria-invalid=\"false\" \/><\/span><\/div>\n<\/div>\n<div class=\"form-row\">\n<div class=\"column-half\">   <label for=\"f-nome\">Azienda<\/label> <span class=\"wpcf7-form-control-wrap text-azienda-ok\"><input type=\"text\" name=\"text-azienda-ok\" value=\"\" size=\"40\" class=\"wpcf7-form-control wpcf7-text required\" aria-invalid=\"false\" \/><\/span><\/div>\n<div class=\"column-half\"> <label for=\"f-telefono\">Telefono<\/label><span class=\"wpcf7-form-control-wrap telefono\"><input type=\"tel\" name=\"telefono\" value=\"\" size=\"40\" class=\"wpcf7-form-control wpcf7-text wpcf7-tel wpcf7-validates-as-required wpcf7-validates-as-tel required\" id=\"f-telefono\" aria-required=\"true\" aria-invalid=\"false\" \/><\/span><\/div>\n<\/div>\n<div class=\"form-row\">\n<div class=\"column-half\">      <label for=\"f-nome\">Check In<\/label> <span class=\"wpcf7-form-control-wrap date-arrivo\"><input type=\"date\" name=\"date-arrivo\" value=\"\" class=\"wpcf7-form-control wpcf7-date wpcf7-validates-as-date\" aria-invalid=\"false\" \/><\/span><\/div>\n<div class=\"column-half\"> <label for=\"f-nome\">Check Out<\/label> <span class=\"wpcf7-form-control-wrap date-fine\"><input type=\"date\" name=\"date-fine\" value=\"\" class=\"wpcf7-form-control wpcf7-date wpcf7-validates-as-date\" aria-invalid=\"false\" \/><\/span><\/div>\n<\/div>\n<div class=\"form-row\">\n<div class=\"column-half\">   <label for=\"f-nome\">Provincia<\/label><span class=\"wpcf7-form-control-wrap text-provincia\"><select name=\"text-provincia\" class=\"wpcf7-form-control wpcf7-select required\" aria-invalid=\"false\"><option value=\"Agrigento\">Agrigento<\/option><option value=\"Alessandria\">Alessandria<\/option><option value=\"Ancona\">Ancona<\/option><option value=\"Aosta\">Aosta<\/option><option value=\"Arezzo\">Arezzo<\/option><option value=\"Ascoli Piceno\">Ascoli Piceno<\/option><option value=\"Asti\">Asti<\/option><option value=\"Avellino\">Avellino<\/option><option value=\"Bari\">Bari<\/option><option value=\"Barletta-Andria-Trani\">Barletta-Andria-Trani<\/option><option value=\"Belluno\">Belluno<\/option><option value=\"Benevento\">Benevento<\/option><option value=\"Bergamo\">Bergamo<\/option><option value=\"Biella\">Biella<\/option><option value=\"Bologna\">Bologna<\/option><option value=\"Bolzano\">Bolzano<\/option><option value=\"Brescia\">Brescia<\/option><option value=\"Brindisi\">Brindisi<\/option><option value=\"Cagliari\">Cagliari<\/option><option value=\"Caltanissetta\">Caltanissetta<\/option><option value=\"Campobasso\">Campobasso<\/option><option value=\"Carbonia-Iglesias\">Carbonia-Iglesias<\/option><option value=\"Caserta\">Caserta<\/option><option value=\"Catania\">Catania<\/option><option value=\"Catanzaro\">Catanzaro<\/option><option value=\"Chieti\">Chieti<\/option><option value=\"Como\">Como<\/option><option value=\"Cosenza\">Cosenza<\/option><option value=\"Cremona\">Cremona<\/option><option value=\"Crotone\">Crotone<\/option><option value=\"Cuneo\">Cuneo<\/option><option value=\"Enna\">Enna<\/option><option value=\"Fermo\">Fermo<\/option><option value=\"Ferrara\">Ferrara<\/option><option value=\"Firenze\">Firenze<\/option><option value=\"Foggia\">Foggia<\/option><option value=\"Forl\u00ec-Cesena\">Forl\u00ec-Cesena<\/option><option value=\"Frosinone\">Frosinone<\/option><option value=\"Genova\">Genova<\/option><option value=\"Gorizia\">Gorizia<\/option><option value=\"Grosseto\">Grosseto<\/option><option value=\"Imperia\">Imperia<\/option><option value=\"Isernia\">Isernia<\/option><option value=\"La Spezia\">La Spezia<\/option><option value=\"LAquila\">LAquila<\/option><option value=\"Latina\">Latina<\/option><option value=\"Lecce\">Lecce<\/option><option value=\"Lecco\">Lecco<\/option><option value=\"Livorno\">Livorno<\/option><option value=\"Lodi\">Lodi<\/option><option value=\"Lucca\">Lucca<\/option><option value=\"Macerata\">Macerata<\/option><option value=\"Mantova\">Mantova<\/option><option value=\"Massa e Carrara\">Massa e Carrara<\/option><option value=\"Matera\">Matera<\/option><option value=\"Medio Campidano\">Medio Campidano<\/option><option value=\"Messina\">Messina<\/option><option value=\"Milano\">Milano<\/option><option value=\"Modena\">Modena<\/option><option value=\"Monza e Brianza\">Monza e Brianza<\/option><option value=\"Napoli\">Napoli<\/option><option value=\"Novara\">Novara<\/option><option value=\"Nuoro\">Nuoro<\/option><option value=\"Ogliastra\">Ogliastra<\/option><option value=\"Olbia-Tempio\">Olbia-Tempio<\/option><option value=\"Oristano\">Oristano<\/option><option value=\"Padova\">Padova<\/option><option value=\"Palermo\">Palermo<\/option><option value=\"Parma\">Parma<\/option><option value=\"Pavia\">Pavia<\/option><option value=\"Perugia\">Perugia<\/option><option value=\"Pesaro e Urbino\">Pesaro e Urbino<\/option><option value=\"Pescara\">Pescara<\/option><option value=\"Piacenza\">Piacenza<\/option><option value=\"Pisa\">Pisa<\/option><option value=\"Pistoia\">Pistoia<\/option><option value=\"Pordenone\">Pordenone<\/option><option value=\"Potenza\">Potenza<\/option><option value=\"Prato\">Prato<\/option><option value=\"Ragusa\">Ragusa<\/option><option value=\"Ravenna\">Ravenna<\/option><option value=\"Reggio Calabria\">Reggio Calabria<\/option><option value=\"Reggio Emilia\">Reggio Emilia<\/option><option value=\"Rieti\">Rieti<\/option><option value=\"Rimini\">Rimini<\/option><option value=\"Roma\">Roma<\/option><option value=\"Rovigo\">Rovigo<\/option><option value=\"Salerno\">Salerno<\/option><option value=\"Sassari\">Sassari<\/option><option value=\"Savona\">Savona<\/option><option value=\"Siena\">Siena<\/option><option value=\"Siracusa\">Siracusa<\/option><option value=\"Sondrio\">Sondrio<\/option><option value=\"Taranto\">Taranto<\/option><option value=\"Teramo\">Teramo<\/option><option value=\"Terni\">Terni<\/option><option value=\"Torino\">Torino<\/option><option value=\"Trapani\">Trapani<\/option><option value=\"Trento\">Trento<\/option><option value=\"Treviso\">Treviso<\/option><option value=\"Trieste\">Trieste<\/option><option value=\"Udine\">Udine<\/option><option value=\"Varese\">Varese<\/option><option value=\"Venezia\">Venezia<\/option><option value=\"Verbano-Cusio-Ossola\">Verbano-Cusio-Ossola<\/option><option value=\"Vercelli\">Vercelli<\/option><option value=\"Verona\">Verona<\/option><option value=\"Vibo Valentia\">Vibo Valentia<\/option><option value=\"Vicenza\">Vicenza<\/option><option value=\"Viterbo\">Viterbo<\/option><\/select><\/span><\/div>\n<div class=\"column-half\"> <label for=\"f-telefono\">P.iva<\/label><span class=\"wpcf7-form-control-wrap text-piva\"><input type=\"text\" name=\"text-piva\" value=\"\" size=\"40\" class=\"wpcf7-form-control wpcf7-text wpcf7-validates-as-required\" aria-required=\"true\" aria-invalid=\"false\" \/><\/span><\/div>\n<\/div>\n<div class=\"form-row\">\n<div class=\"column-full\"><label for=\"f-email\">Email<\/label><span class=\"wpcf7-form-control-wrap email\"><input type=\"email\" name=\"email\" value=\"\" size=\"40\" class=\"wpcf7-form-control wpcf7-text wpcf7-email wpcf7-validates-as-required wpcf7-validates-as-email required email\" id=\"f-email\" aria-required=\"true\" aria-invalid=\"false\" \/><\/span><\/div>\n<\/div>\n<p><br><\/p>\n<div class=\"form-row\">\n<div class=\"column-full\">   <label for=\"f-descrizione\">Messaggio<\/label> <span class=\"wpcf7-form-control-wrap textarea-723\"><textarea name=\"textarea-723\" cols=\"40\" rows=\"10\" class=\"wpcf7-form-control wpcf7-textarea wpcf7-validates-as-required messaggio-service\" aria-required=\"true\" aria-invalid=\"false\"><\/textarea><\/span> <\/div>\n<\/div>\n<div class=\"form-row\">\n<div class=\"column-full\">\n<div class=\"separator  normal\" style=\"position: relative; margin-top:5px; margin-bottom:5px; background-color: #bcbcbc; height: 1px;\"><\/div>\n<\/div>\n<\/div>\n<div class=\"form-row\">\n<div class=\"column-full\">\n<div id=\"f-privacy\" class=\"checkbox\">\n<p>\n                    <span class=\"wpcf7-form-control-wrap privacy\"><span class=\"wpcf7-form-control wpcf7-checkbox wpcf7-validates-as-required required\" id=\"_privacy\"><span class=\"wpcf7-list-item first last\"><input type=\"checkbox\" name=\"privacy[]\" value=\"\" \/><span class=\"wpcf7-list-item-label\"><\/span><\/span><\/span><\/span> Accetto la <a href=\"https:\/\/www.comunello.com\/it\/privacy\/\">privacy policy<\/a> ed il trattamento dei dati personali<\/p>\n<\/div>\n<p>                <input type=\"submit\" value=\"INVIA\" class=\"wpcf7-form-control wpcf7-submit\" \/>\n<\/p><\/div>\n<\/div>\n<\/div>\n<p><!--end responsive-form--><\/p>\n<\/fieldset>\n<div class=\"wpcf7-response-output\" aria-hidden=\"true\"><\/div><\/form><\/div>[\/vc_column_text][vc_empty_space height=&#8221;60px&#8221;][vc_empty_space height=&#8221;60px&#8221;][\/vc_column][vc_column width=&#8221;1\/3&#8243;][\/vc_column][\/vc_row][vc_row css_animation=&#8221;&#8221; row_type=&#8221;row&#8221; use_row_as_full_screen_section=&#8221;no&#8221; type=&#8221;full_width&#8221; angled_section=&#8221;no&#8221; text_align=&#8221;left&#8221; background_image_as_pattern=&#8221;without_pattern&#8221; background_color=&#8221;#ededed&#8221; padding_top=&#8221;0&#8243; css=&#8221;.vc_custom_1622449119596{padding-right: 20px !important;padding-left: 20px !important;}&#8221;][vc_column][vc_raw_js]JTNDc2NyaXB0JTIwdHlwZSUzRCUyMnRleHQlMkZqYXZhc2NyaXB0JTIyJTNFJTIwJTJGJTJGdmlkZW8lMjglMjAlMjdwbGF5ZXIlMjclMjAlMkMlMjAlN0IlMjBhdXRvcGxheSUyMCUzQSUyMHRydWUlMjAlN0QlMjklM0IlMEElM0MlMkZzY3JpcHQlM0U=[\/vc_raw_js][\/vc_column][\/vc_row]<\/p>\n","protected":false},"excerpt":{"rendered":"<p>[vc_row css_animation=&#8221;&#8221; row_type=&#8221;row&#8221; use_row_as_full_screen_section=&#8221;no&#8221; type=&#8221;full_width&#8221; angled_section=&#8221;no&#8221; text_align=&#8221;left&#8221; background_image_as_pattern=&#8221;without_pattern&#8221; background_color=&#8221;#ffffff&#8221;][vc_column offset=&#8221;vc_hidden-xs&#8221;][vc_empty_space height=&#8221;65px&#8221;][\/vc_column][\/vc_row][vc_row css_animation=&#8221;&#8221; row_type=&#8221;row&#8221; use_row_as_full_screen_section=&#8221;no&#8221; type=&#8221;full_width&#8221; angled_section=&#8221;no&#8221; text_align=&#8221;left&#8221; video=&#8221;show_video&#8221; video_mp4=&#8221;https:\/\/www.comunello.com\/media\/products\/area_file\/iberian-comunello-form.mp4&#8243; background_image_as_pattern=&#8221;without_pattern&#8221; background_color=&#8221;#ffffff&#8221; css=&#8221;.vc_custom_1623158593395{background-color: #ffffff !important;}&#8221;][vc_column width=&#8221;1\/3&#8243;][\/vc_column][vc_column&#8230;<\/p>\n","protected":false},"author":4,"featured_media":0,"parent":0,"menu_order":0,"comment_status":"closed","ping_status":"closed","template":"full_width.php","meta":[],"yoast_head":"<!-- This site is optimized with the Yoast SEO plugin v16.0.2 - https:\/\/yoast.com\/wordpress\/plugins\/seo\/ -->\n<link rel=\"canonical\" href=\"https:\/\/www.comunello.com\/pt\/iberian-van-form\/\" \/>\n<meta property=\"og:locale\" content=\"pt_PT\" \/>\n<meta property=\"og:type\" content=\"article\" \/>\n<meta property=\"og:title\" content=\"IBERIAN - VAN FORM - Fratelli COMUNELLO\" \/>\n<meta property=\"og:description\" content=\"[vc_row css_animation=&#8221;&#8221; row_type=&#8221;row&#8221; use_row_as_full_screen_section=&#8221;no&#8221; type=&#8221;full_width&#8221; angled_section=&#8221;no&#8221; text_align=&#8221;left&#8221; background_image_as_pattern=&#8221;without_pattern&#8221; background_color=&#8221;#ffffff&#8221;][vc_column offset=&#8221;vc_hidden-xs&#8221;][vc_empty_space height=&#8221;65px&#8221;][\/vc_column][\/vc_row][vc_row css_animation=&#8221;&#8221; row_type=&#8221;row&#8221; use_row_as_full_screen_section=&#8221;no&#8221; type=&#8221;full_width&#8221; angled_section=&#8221;no&#8221; text_align=&#8221;left&#8221; video=&#8221;show_video&#8221; video_mp4=&#8221;https:\/\/www.comunello.com\/media\/products\/area_file\/iberian-comunello-form.mp4&#8243; background_image_as_pattern=&#8221;without_pattern&#8221; background_color=&#8221;#ffffff&#8221; css=&#8221;.vc_custom_1623158593395{background-color: #ffffff !important;}&#8221;][vc_column width=&#8221;1\/3&#8243;][\/vc_column][vc_column...\" \/>\n<meta property=\"og:url\" content=\"https:\/\/www.comunello.com\/pt\/iberian-van-form\/\" \/>\n<meta property=\"og:site_name\" content=\"Fratelli COMUNELLO\" \/>\n<meta property=\"article:modified_time\" content=\"2021-07-28T06:38:44+00:00\" \/>\n<meta name=\"twitter:card\" content=\"summary_large_image\" \/>\n<meta name=\"twitter:label1\" content=\"Est. reading time\">\n\t<meta name=\"twitter:data1\" content=\"1 minute\">\n<script type=\"application\/ld+json\" class=\"yoast-schema-graph\">{\"@context\":\"https:\/\/schema.org\",\"@graph\":[{\"@type\":\"WebSite\",\"@id\":\"https:\/\/www.comunello.com\/#website\",\"url\":\"https:\/\/www.comunello.com\/\",\"name\":\"Fratelli COMUNELLO\",\"description\":\"| Life Made Easy\",\"potentialAction\":[{\"@type\":\"SearchAction\",\"target\":\"https:\/\/www.comunello.com\/?s={search_term_string}\",\"query-input\":\"required name=search_term_string\"}],\"inLanguage\":\"pt\"},{\"@type\":\"WebPage\",\"@id\":\"https:\/\/www.comunello.com\/pt\/iberian-van-form\/#webpage\",\"url\":\"https:\/\/www.comunello.com\/pt\/iberian-van-form\/\",\"name\":\"IBERIAN - VAN FORM - Fratelli COMUNELLO\",\"isPartOf\":{\"@id\":\"https:\/\/www.comunello.com\/#website\"},\"datePublished\":\"2021-05-31T13:03:40+00:00\",\"dateModified\":\"2021-07-28T06:38:44+00:00\",\"breadcrumb\":{\"@id\":\"https:\/\/www.comunello.com\/pt\/iberian-van-form\/#breadcrumb\"},\"inLanguage\":\"pt\",\"potentialAction\":[{\"@type\":\"ReadAction\",\"target\":[\"https:\/\/www.comunello.com\/pt\/iberian-van-form\/\"]}]},{\"@type\":\"BreadcrumbList\",\"@id\":\"https:\/\/www.comunello.com\/pt\/iberian-van-form\/#breadcrumb\",\"itemListElement\":[{\"@type\":\"ListItem\",\"position\":1,\"item\":{\"@type\":\"WebPage\",\"@id\":\"https:\/\/www.comunello.com\/it\/\",\"url\":\"https:\/\/www.comunello.com\/it\/\",\"name\":\"Home\"}},{\"@type\":\"ListItem\",\"position\":2,\"item\":{\"@type\":\"WebPage\",\"@id\":\"https:\/\/www.comunello.com\/pt\/iberian-van-form\/\",\"url\":\"https:\/\/www.comunello.com\/pt\/iberian-van-form\/\",\"name\":\"IBERIAN &#8211; VAN FORM\"}}]}]}<\/script>\n<!-- \/ Yoast SEO plugin. -->","_links":{"self":[{"href":"https:\/\/www.comunello.com\/pt\/wp-json\/wp\/v2\/pages\/32034\/"}],"collection":[{"href":"https:\/\/www.comunello.com\/pt\/wp-json\/wp\/v2\/pages\/"}],"about":[{"href":"https:\/\/www.comunello.com\/pt\/wp-json\/wp\/v2\/types\/page\/"}],"author":[{"embeddable":true,"href":"https:\/\/www.comunello.com\/pt\/wp-json\/wp\/v2\/users\/4\/"}],"replies":[{"embeddable":true,"href":"https:\/\/www.comunello.com\/pt\/wp-json\/wp\/v2\/comments\/?post=32034"}],"version-history":[{"count":26,"href":"https:\/\/www.comunello.com\/pt\/wp-json\/wp\/v2\/pages\/32034\/revisions\/"}],"predecessor-version":[{"id":33122,"href":"https:\/\/www.comunello.com\/pt\/wp-json\/wp\/v2\/pages\/32034\/revisions\/33122\/"}],"wp:attachment":[{"href":"https:\/\/www.comunello.com\/pt\/wp-json\/wp\/v2\/media\/?parent=32034"}],"curies":[{"name":"wp","href":"https:\/\/api.w.org\/{rel}","templated":true}]}}