{"id":26594,"date":"2019-11-29T14:09:17","date_gmt":"2019-11-29T12:09:17","guid":{"rendered":"https:\/\/www.comunello.com\/pt\/?page_id=26594"},"modified":"2019-12-09T12:53:11","modified_gmt":"2019-12-09T10:53:11","slug":"perfil-de-la-empresa","status":"publish","type":"page","link":"https:\/\/www.comunello.com\/pt\/iberian\/automation\/perfil-de-la-empresa\/","title":{"rendered":"IBERIAN &#8211; AUTOMATION Perfil de la Empresa"},"content":{"rendered":"<p>[vc_row row_type=&#8221;row&#8221; use_row_as_full_screen_section=&#8221;no&#8221; type=&#8221;full_width&#8221; angled_section=&#8221;no&#8221; text_align=&#8221;left&#8221; background_image_as_pattern=&#8221;without_pattern&#8221; border_color=&#8221;#cecece&#8221; css_animation=&#8221;&#8221;][vc_column][vc_column_text]Nuova [\/vc_column_text][vc_empty_space height=&#8221;45px&#8221;][\/vc_column][\/vc_row][vc_row row_type=&#8221;row&#8221; use_row_as_full_screen_section=&#8221;no&#8221; type=&#8221;full_width&#8221; angled_section=&#8221;no&#8221; text_align=&#8221;center&#8221; background_image_as_pattern=&#8221;without_pattern&#8221; background_color=&#8221;#7bb739&#8243; css_animation=&#8221;&#8221; css=&#8221;.vc_custom_1567693178018{background-color: #7bb739 !important;}&#8221;][vc_column][vc_empty_space height=&#8221;2px&#8221;][\/vc_column][\/vc_row][vc_row row_type=&#8221;row&#8221; use_row_as_full_screen_section=&#8221;no&#8221; type=&#8221;full_width&#8221; angled_section=&#8221;no&#8221; text_align=&#8221;left&#8221; background_image_as_pattern=&#8221;without_pattern&#8221; css_animation=&#8221;&#8221; css=&#8221;.vc_custom_1492599534047{background-color: #ffffff !important;}&#8221;][vc_column][vc_raw_html]JTNDc2NyaXB0JTIwc3JjJTNEJTIyaHR0cHMlM0ElMkYlMkZ3d3cuY29tdW5lbGxvLmNvbSUyRndwLWNvbnRlbnQlMkZ0aGVtZXMlMkZicmlkZ2UtY2hpbGQlMkZkdXNvZnQlMkZqcyUyRnZpZGVvLmpzJTIyJTNFJTNDJTJGc2NyaXB0JTNFJTBBJTNDZGl2JTIwc3R5bGUlM0QlMjJ0ZXh0LWFsaWduJTNBY2VudGVyJTIyJTNFJTBBJTNDdmlkZW8lMjBzdHlsZSUzRCUyMndpZHRoJTNBMTAwJTI1JTNCJTIwaGVpZ2h0JTNBJTIwYXV0byUzQiUyMiUyMCUyMGF1dG9wbGF5JTIwY29udHJvbHMlMjBsb29wJTNFJTBBJTNDc291cmNlJTIwc3JjJTNEJTIyaHR0cHMlM0ElMkYlMkZ3d3cuY29tdW5lbGxvLmNvbSUyRm1lZGlhJTJGcHJvZHVjdHMlMkZhcmVhX2ZpbGUlMkZhdXRvbWF0aW9uJTJGY29ycG9yYXRlLWF1dG9tYXRpb24tZW4tMjAxOS0xMy1yaWQubXA0JTIyJTIwdHlwZSUzRCUyMnZpZGVvJTJGbXA0JTIyJTIwJTJGJTNFJTBBJTNDc291cmNlJTIwc3JjJTNEJTIyaHR0cHMlM0ElMkYlMkZ3d3cuY29tdW5lbGxvLmNvbSUyRm1lZGlhJTJGcHJvZHVjdHMlMkZhcmVhX2ZpbGUlMkZqb2luLXVzLWF1dG9tYXRpb24ub2dnJTIyJTIwdHlwZSUzRCUyMnZpZGVvJTJGb2dnJTIyJTIwJTJGJTNFJTBBJTNDc291cmNlJTIwc3JjJTNEJTIyaHR0cHMlM0ElMkYlMkZ3d3cuY29tdW5lbGxvLmNvbSUyRm1lZGlhJTJGcHJvZHVjdHMlMkZhcmVhX2ZpbGUlMkZqb2luLXVzLWF1dG9tYXRpb24ud2VibSUyMiUyMHR5cGUlM0QlMjJ2aWRlbyUyRndlYm0lMjIlMjAlMkYlM0UlMjBZb3VyJTIwYnJvd3NlciUyMGRvZXMlMjBub3QlMjBzdXBwb3J0JTIwdGhlJTIwdmlkZW8lMjB0YWcuJTBBJTNDJTJGdmlkZW8lM0UlMEElM0MlMkZkaXYlM0U=[\/vc_raw_html][vc_raw_js]JTNDc2NyaXB0JTIwdHlwZSUzRCUyMnRleHQlMkZqYXZhc2NyaXB0JTIyJTNFJTIwJTJGJTJGdmlkZW8lMjglMjAlMjdwbGF5ZXIlMjclMjAlMkMlMjAlN0IlMjBhdXRvcGxheSUyMCUzQSUyMHRydWUlMjAlN0QlMjklM0IlMEElM0MlMkZzY3JpcHQlM0U=[\/vc_raw_js][\/vc_column][\/vc_row][vc_row row_type=&#8221;row&#8221; use_row_as_full_screen_section=&#8221;no&#8221; type=&#8221;full_width&#8221; angled_section=&#8221;no&#8221; text_align=&#8221;center&#8221; background_image_as_pattern=&#8221;without_pattern&#8221; background_color=&#8221;#7bb739&#8243; css_animation=&#8221;&#8221; css=&#8221;.vc_custom_1567693185180{background-color: #7bb739 !important;}&#8221;][vc_column][vc_empty_space height=&#8221;4px&#8221;][\/vc_column][\/vc_row][vc_row row_type=&#8221;row&#8221; use_row_as_full_screen_section=&#8221;no&#8221; type=&#8221;full_width&#8221; angled_section=&#8221;no&#8221; text_align=&#8221;left&#8221; background_image_as_pattern=&#8221;without_pattern&#8221; css_animation=&#8221;&#8221; css=&#8221;.vc_custom_1492599534047{background-color: #ffffff !important;}&#8221;][vc_column][vc_empty_space height=&#8221;60px&#8221;][\/vc_column][\/vc_row][vc_row row_type=&#8221;row&#8221; use_row_as_full_screen_section=&#8221;no&#8221; type=&#8221;grid&#8221; angled_section=&#8221;no&#8221; text_align=&#8221;center&#8221; background_image_as_pattern=&#8221;without_pattern&#8221; background_color=&#8221;#ffffff&#8221; css_animation=&#8221;&#8221; css=&#8221;.vc_custom_1490369294730{background-color: #ffffff !important;}&#8221;][vc_column][vc_empty_space height=&#8221;60px&#8221;][vc_column_text]<\/p>\n<p style=\"text-align: center; font-family: helvth; font-size: 42px; line-height: 42px;\">PERFIL DA EMPRESA<\/p>\n<p>[\/vc_column_text][\/vc_column][\/vc_row][vc_row row_type=&#8221;row&#8221; use_row_as_full_screen_section=&#8221;no&#8221; type=&#8221;full_width&#8221; angled_section=&#8221;no&#8221; text_align=&#8221;center&#8221; background_image_as_pattern=&#8221;without_pattern&#8221; background_color=&#8221;#ffffff&#8221; css_animation=&#8221;&#8221; css=&#8221;.vc_custom_1491818960772{background-color: #ffffff !important;}&#8221;][vc_column][vc_separator type=&#8221;normal&#8221;][\/vc_column][\/vc_row][vc_row row_type=&#8221;row&#8221; use_row_as_full_screen_section=&#8221;no&#8221; type=&#8221;grid&#8221; angled_section=&#8221;no&#8221; text_align=&#8221;center&#8221; background_image_as_pattern=&#8221;without_pattern&#8221; background_color=&#8221;#ffffff&#8221; css_animation=&#8221;&#8221; css=&#8221;.vc_custom_1491826070100{background-color: #ffffff !important;}&#8221;][vc_column el_class=&#8221;test_one_page&#8221;][vc_empty_space][vc_column_text el_class=&#8221;test_one_page&#8221;]<\/p>\n<div class=\"wpb_text_column wpb_content_element test_one_page\">\n<div class=\"wpb_wrapper\">\n<p class=\"p2\"><span class=\"s1\">\u00c0 mais de 50 anos que o nosso fundador, Vittorio Comunello, iniciou a sua aventura na constru\u00e7\u00e3o de uma empresa para a produ\u00e7\u00e3o de <\/span>componentes para port\u00f5es de correr. A empresa foi um sucesso instant\u00e2neo e manteve a sua posi\u00e7\u00e3o no mercado com base em solu\u00e7\u00f5es inovadoras e uma reputa\u00e7\u00e3o incompar\u00e1vel de qualidade absoluta.<\/p>\n<p class=\"p3\">50 anos de precis\u00e3o na fabrica\u00e7\u00e3o de componentes perfeitos, acompanhando a evolu\u00e7\u00e3o das mais avan\u00e7adas tecnologias e garantindo total <span class=\"s2\">seguran\u00e7a.<\/span><\/p>\n<p class=\"p3\">Empresa de engenharia fundada em 1965 por Vittorio Comunello, com sede em Bassano del Grappa. Atualmente \u00e9 administrada pela segunda <span class=\"s2\">gera\u00e7\u00e3o: Franco, Silvia e Luca<\/span><\/p>\n<\/div>\n<\/div>\n<p>[\/vc_column_text][vc_empty_space height=&#8221;60px&#8221;][\/vc_column][\/vc_row][vc_row row_type=&#8221;row&#8221; use_row_as_full_screen_section=&#8221;no&#8221; type=&#8221;full_width&#8221; angled_section=&#8221;no&#8221; text_align=&#8221;left&#8221; background_image_as_pattern=&#8221;without_pattern&#8221; background_color=&#8221;#ffffff&#8221; css_animation=&#8221;&#8221;][vc_column][vc_empty_space height=&#8221;12px&#8221;][vc_separator type=&#8221;normal&#8221;][vc_empty_space][\/vc_column][\/vc_row][vc_row row_type=&#8221;row&#8221; use_row_as_full_screen_section=&#8221;no&#8221; type=&#8221;grid&#8221; angled_section=&#8221;no&#8221; text_align=&#8221;left&#8221; background_image_as_pattern=&#8221;without_pattern&#8221; background_color=&#8221;#ffffff&#8221; css_animation=&#8221;&#8221;][vc_column][vc_column_text]<\/p>\n<h1 style=\"font-size: 42px; font-family: helvth; text-align: center;\">MADE IN <span style=\"color: #94be01;\">COMUNELLO<\/span><\/h1>\n<p>[\/vc_column_text][vc_empty_space][\/vc_column][\/vc_row][vc_row row_type=&#8221;row&#8221; use_row_as_full_screen_section=&#8221;no&#8221; type=&#8221;grid&#8221; angled_section=&#8221;no&#8221; text_align=&#8221;left&#8221; background_image_as_pattern=&#8221;without_pattern&#8221; background_color=&#8221;#ffffff&#8221; css_animation=&#8221;&#8221; css=&#8221;.vc_custom_1495533166047{padding-right: 50px !important;padding-left: 50px !important;}&#8221;][vc_column width=&#8221;1\/2&#8243;][vc_empty_space][vc_column_text el_class=&#8221;test_one_page&#8221;]<\/p>\n<p class=\"p1\">Porque desde 1965 todos os produtos s\u00e3o 100% fabricados na It\u00e1lia nas instala\u00e7\u00f5es do Grupo Comunello.<\/p>\n<p>[\/vc_column_text][vc_empty_space height=&#8221;12px&#8221;][vc_column_text el_class=&#8221;test_one_page&#8221;]<\/p>\n<p class=\"p1\">Porque a empresa sempre utilizou sistemas e materiais de controlo certificados da mais alta qualidade para garantir confiabilidade e garantias <span class=\"s1\">excelentes.<\/span><\/p>\n<p>[\/vc_column_text][vc_empty_space][\/vc_column][vc_column width=&#8221;1\/2&#8243;][vc_empty_space height=&#8221;12px&#8221;][vc_empty_space height=&#8221;12px&#8221;][vc_single_image image=&#8221;25739&#8243; img_size=&#8221;full&#8221; alignment=&#8221;center&#8221; qode_css_animation=&#8221;element_from_right&#8221; transition_delay=&#8221;0,5&#8243;][\/vc_column][\/vc_row][vc_row row_type=&#8221;row&#8221; use_row_as_full_screen_section=&#8221;no&#8221; type=&#8221;full_width&#8221; angled_section=&#8221;no&#8221; text_align=&#8221;left&#8221; background_image_as_pattern=&#8221;without_pattern&#8221; background_color=&#8221;#ffffff&#8221; css_animation=&#8221;&#8221;][vc_column][vc_empty_space height=&#8221;12px&#8221;][vc_separator type=&#8221;normal&#8221;][vc_empty_space][\/vc_column][\/vc_row][vc_row row_type=&#8221;row&#8221; use_row_as_full_screen_section=&#8221;no&#8221; type=&#8221;grid&#8221; angled_section=&#8221;no&#8221; text_align=&#8221;left&#8221; background_image_as_pattern=&#8221;without_pattern&#8221; background_color=&#8221;#ffffff&#8221; css_animation=&#8221;&#8221;][vc_column][vc_column_text]<\/p>\n<h1 style=\"font-size: 42px; font-family: helvth; text-align: center;\"><span style=\"color: #94be01;\">DESIGN<\/span> PARA DURAR<\/h1>\n<p>[\/vc_column_text][vc_empty_space][\/vc_column][\/vc_row][vc_row row_type=&#8221;row&#8221; use_row_as_full_screen_section=&#8221;no&#8221; type=&#8221;grid&#8221; angled_section=&#8221;no&#8221; text_align=&#8221;left&#8221; background_image_as_pattern=&#8221;without_pattern&#8221; background_color=&#8221;#ffffff&#8221; css_animation=&#8221;&#8221; css=&#8221;.vc_custom_1495533166047{padding-right: 50px !important;padding-left: 50px !important;}&#8221;][vc_column width=&#8221;1\/2&#8243;][vc_empty_space height=&#8221;12px&#8221;][vc_single_image image=&#8221;15386&#8243; img_size=&#8221;full&#8221; alignment=&#8221;center&#8221; qode_css_animation=&#8221;element_from_left&#8221; transition_delay=&#8221;0,5&#8243;][\/vc_column][vc_column width=&#8221;1\/2&#8243;][vc_empty_space][vc_column_text el_class=&#8221;test_one_page&#8221;]<\/p>\n<p class=\"p1\">Um design exclusivo e patenteado, concebido e fabricado nos laborat\u00f3rios Comunello R&amp;D, onde funcionalidade e \u00f3tima apar\u00eancia andam de <span class=\"s1\">m\u00e3os dadas.<\/span><\/p>\n<p>[\/vc_column_text][vc_empty_space height=&#8221;12px&#8221;][vc_column_text el_class=&#8221;test_one_page&#8221;]<\/p>\n<p class=\"p1\">Linhas limpas e atraentes, com uma escolha simples entre duas cores, que refletem tend\u00eancias e gostos modernos: preto e branco.<\/p>\n<p>[\/vc_column_text][vc_empty_space height=&#8221;12px&#8221;][vc_column_text el_class=&#8221;test_one_page&#8221;]<\/p>\n<p class=\"p1\">Solu\u00e7\u00f5es elegantes que nunca parecem fora do lugar, independentemente da configura\u00e7\u00e3o arquitet\u00f4nica. Projetado para durar &#8230; e facilitar a <span class=\"s1\">vida.<\/span><\/p>\n<p>[\/vc_column_text][vc_empty_space][\/vc_column][\/vc_row][vc_row row_type=&#8221;row&#8221; use_row_as_full_screen_section=&#8221;no&#8221; type=&#8221;full_width&#8221; angled_section=&#8221;no&#8221; text_align=&#8221;left&#8221; background_image_as_pattern=&#8221;without_pattern&#8221; background_color=&#8221;#ffffff&#8221; css_animation=&#8221;&#8221;][vc_column][vc_empty_space height=&#8221;12px&#8221;][vc_separator type=&#8221;normal&#8221;][vc_empty_space][\/vc_column][\/vc_row][vc_row row_type=&#8221;row&#8221; use_row_as_full_screen_section=&#8221;no&#8221; type=&#8221;grid&#8221; angled_section=&#8221;no&#8221; text_align=&#8221;left&#8221; background_image_as_pattern=&#8221;without_pattern&#8221; background_color=&#8221;#ffffff&#8221; css_animation=&#8221;&#8221;][vc_column][vc_column_text]<\/p>\n<h1 style=\"font-size: 42px; font-family: helvth; text-align: center;\"><span style=\"color: #94be01;\">PRECISAMENTE<\/span> O QUE ESPERAVA<\/h1>\n<p>[\/vc_column_text][vc_empty_space][\/vc_column][\/vc_row][vc_row row_type=&#8221;row&#8221; use_row_as_full_screen_section=&#8221;no&#8221; type=&#8221;grid&#8221; angled_section=&#8221;no&#8221; text_align=&#8221;left&#8221; background_image_as_pattern=&#8221;without_pattern&#8221; background_color=&#8221;#ffffff&#8221; css_animation=&#8221;&#8221; css=&#8221;.vc_custom_1495533166047{padding-right: 50px !important;padding-left: 50px !important;}&#8221;][vc_column width=&#8221;1\/2&#8243;][vc_empty_space][vc_column_text el_class=&#8221;test_one_page&#8221;]<\/p>\n<p class=\"p1\">Com a nossa reputa\u00e7\u00e3o de excel\u00eancia mec\u00e2nica e paix\u00e3o pelo o movimento.<\/p>\n<p>[\/vc_column_text][vc_empty_space height=&#8221;12px&#8221;][vc_column_text el_class=&#8221;test_one_page&#8221;]<\/p>\n<p class=\"p1\">O Projeto de Automa\u00e7\u00e3o \u00e9 uma express\u00e3o natural da Vis\u00e3o da nossa empresa.<\/p>\n<p>[\/vc_column_text][vc_empty_space height=&#8221;12px&#8221;][vc_column_text el_class=&#8221;test_one_page&#8221;]<\/p>\n<p class=\"p1\">Como resultado, oferecemos produtos com um n\u00edvel de qualidade que \u00e9 exatamente o que os clientes da Comunello esperariam e mereciam.<\/p>\n<p>[\/vc_column_text][vc_empty_space][\/vc_column][vc_column width=&#8221;1\/2&#8243;][vc_empty_space height=&#8221;12px&#8221;][vc_single_image image=&#8221;25741&#8243; img_size=&#8221;full&#8221; alignment=&#8221;center&#8221; qode_css_animation=&#8221;element_from_right&#8221; transition_delay=&#8221;0,5&#8243;][\/vc_column][\/vc_row][vc_row row_type=&#8221;row&#8221; use_row_as_full_screen_section=&#8221;no&#8221; type=&#8221;full_width&#8221; angled_section=&#8221;no&#8221; text_align=&#8221;left&#8221; background_image_as_pattern=&#8221;without_pattern&#8221; background_color=&#8221;#ffffff&#8221; css_animation=&#8221;&#8221;][vc_column][vc_empty_space height=&#8221;12px&#8221;][vc_separator type=&#8221;normal&#8221;][vc_empty_space][\/vc_column][\/vc_row][vc_row row_type=&#8221;row&#8221; use_row_as_full_screen_section=&#8221;no&#8221; type=&#8221;grid&#8221; angled_section=&#8221;no&#8221; text_align=&#8221;left&#8221; background_image_as_pattern=&#8221;without_pattern&#8221; background_color=&#8221;#ffffff&#8221; css_animation=&#8221;&#8221;][vc_column][vc_column_text]<\/p>\n<h1 style=\"font-size: 42px; font-family: helvth; text-align: center;\">SIMPLICIDADE <span style=\"color: #94be01;\">EL\u00c9TRICA<\/span><\/h1>\n<p>[\/vc_column_text][vc_empty_space][\/vc_column][\/vc_row][vc_row row_type=&#8221;row&#8221; use_row_as_full_screen_section=&#8221;no&#8221; type=&#8221;grid&#8221; angled_section=&#8221;no&#8221; text_align=&#8221;left&#8221; background_image_as_pattern=&#8221;without_pattern&#8221; background_color=&#8221;#ffffff&#8221; css_animation=&#8221;&#8221; css=&#8221;.vc_custom_1495533166047{padding-right: 50px !important;padding-left: 50px !important;}&#8221;][vc_column width=&#8221;1\/2&#8243;][vc_single_image image=&#8221;25787&#8243; img_size=&#8221;full&#8221; alignment=&#8221;center&#8221; qode_css_animation=&#8221;element_from_left&#8221; transition_delay=&#8221;0,5&#8243;][\/vc_column][vc_column width=&#8221;1\/2&#8243;][vc_empty_space][vc_column_text el_class=&#8221;test_one_page&#8221;]Siempre en l\u00ednea con la filosof\u00eda de la empresa dedicada a la simplicidad, tambi\u00e9n la electr\u00f3nica de control ha sido dise\u00f1ado para ser extremadamente f\u00e1cil.[\/vc_column_text][vc_empty_space height=&#8221;12px&#8221;][vc_column_text el_class=&#8221;test_one_page&#8221;]M\u00e1s tiempo dedicado al proyecto implicaba menos tiempo para el instalador.[\/vc_column_text][vc_empty_space height=&#8221;12px&#8221;][vc_column_text el_class=&#8221;test_one_page&#8221;]Todas las conexiones est\u00e1n claramente marcadas en las tablas para permitir una conexion r\u00e1pida y f\u00e1cil.[\/vc_column_text][vc_empty_space][\/vc_column][\/vc_row][vc_row row_type=&#8221;row&#8221; use_row_as_full_screen_section=&#8221;no&#8221; type=&#8221;full_width&#8221; angled_section=&#8221;no&#8221; text_align=&#8221;center&#8221; background_image_as_pattern=&#8221;without_pattern&#8221; border_color=&#8221;#303030&#8243; css_animation=&#8221;&#8221; css=&#8221;.vc_custom_1491483971172{background-color: #ffffff !important;}&#8221;][vc_column][vc_empty_space height=&#8221;50px&#8221;][\/vc_column][\/vc_row][vc_row row_type=&#8221;row&#8221; use_row_as_full_screen_section=&#8221;no&#8221; type=&#8221;full_width&#8221; angled_section=&#8221;no&#8221; text_align=&#8221;center&#8221; background_image_as_pattern=&#8221;without_pattern&#8221; background_color=&#8221;#ffffff&#8221; padding_top=&#8221;0&#8243; padding_bottom=&#8221;50&#8243; css_animation=&#8221;&#8221; css=&#8221;.vc_custom_1495536699250{background-color: #262626 !important;}&#8221;][vc_column][vc_empty_space][vc_empty_space][vc_column_text]<\/p>\n<p class=\"titoletto_divisioneb\" style=\"color: #ffffff;\">Download<\/p>\n<p>[\/vc_column_text][vc_empty_space][vc_row_inner row_type=&#8221;row&#8221; type=&#8221;grid&#8221; text_align=&#8221;left&#8221; css_animation=&#8221;&#8221;][vc_column_inner width=&#8221;1\/3&#8243;][\/vc_column_inner][vc_column_inner width=&#8221;1\/3&#8243;][vc_column_text]<\/p>\n<p class=\"pdf_catologo\" style=\"text-align: center;\"><a href=\"https:\/\/www.comunello.com\/media\/products\/area_file\/automation\/companyprofile_automation_2019-v01_ena.pdf\" target=\"_blank\">\u00a0<img loading=\"lazy\" class=\"alignnone size-full wp-image-12926\" style=\"position: relative; top: 5px;\" src=\"http:\/\/www.comunello.com\/wp-content\/uploads\/2017\/03\/pdf_icon_40.png\" alt=\"pdf_icon_40\" width=\"30\" height=\"30\" srcset=\"https:\/\/www.comunello.com\/wp-content\/uploads\/2017\/03\/pdf_icon_40.png 40w, https:\/\/www.comunello.com\/wp-content\/uploads\/2017\/03\/pdf_icon_40-27x27.png 27w\" sizes=\"(max-width: 30px) 100vw, 30px\" \/><br \/>\nPerfil da Empresa<\/a><\/p>\n<p>[\/vc_column_text][\/vc_column_inner][vc_column_inner width=&#8221;1\/3&#8243;][\/vc_column_inner][\/vc_row_inner][vc_empty_space][\/vc_column][\/vc_row][vc_row row_type=&#8221;row&#8221; use_row_as_full_screen_section=&#8221;no&#8221; type=&#8221;grid&#8221; angled_section=&#8221;no&#8221; text_align=&#8221;left&#8221; background_image_as_pattern=&#8221;without_pattern&#8221; background_color=&#8221;#ffffff&#8221; css_animation=&#8221;&#8221;][vc_column][vc_empty_space height=&#8221;8px&#8221;][\/vc_column][\/vc_row]<\/p>\n","protected":false},"excerpt":{"rendered":"<p>[vc_row row_type=&#8221;row&#8221; use_row_as_full_screen_section=&#8221;no&#8221; type=&#8221;full_width&#8221; angled_section=&#8221;no&#8221; text_align=&#8221;left&#8221; background_image_as_pattern=&#8221;without_pattern&#8221; border_color=&#8221;#cecece&#8221; css_animation=&#8221;&#8221;][vc_column][vc_column_text]Nuova [\/vc_column_text][vc_empty_space height=&#8221;45px&#8221;][\/vc_column][\/vc_row][vc_row row_type=&#8221;row&#8221; use_row_as_full_screen_section=&#8221;no&#8221; type=&#8221;full_width&#8221; angled_section=&#8221;no&#8221; text_align=&#8221;center&#8221; background_image_as_pattern=&#8221;without_pattern&#8221; background_color=&#8221;#7bb739&#8243; css_animation=&#8221;&#8221; css=&#8221;.vc_custom_1567693178018{background-color: #7bb739 !important;}&#8221;][vc_column][vc_empty_space height=&#8221;2px&#8221;][\/vc_column][\/vc_row][vc_row row_type=&#8221;row&#8221; use_row_as_full_screen_section=&#8221;no&#8221;&#8230;<\/p>\n","protected":false},"author":4,"featured_media":0,"parent":26363,"menu_order":0,"comment_status":"open","ping_status":"open","template":"full_width.php","meta":[],"yoast_head":"<!-- This site is optimized with the Yoast SEO plugin v16.0.2 - https:\/\/yoast.com\/wordpress\/plugins\/seo\/ -->\n<link rel=\"canonical\" href=\"https:\/\/www.comunello.com\/pt\/iberian__trashed\/automation\/perfil-de-la-empresa\/\" \/>\n<meta property=\"og:locale\" content=\"pt_PT\" \/>\n<meta property=\"og:type\" content=\"article\" \/>\n<meta property=\"og:title\" content=\"IBERIAN - AUTOMATION Perfil de la Empresa - Fratelli COMUNELLO\" \/>\n<meta property=\"og:description\" content=\"[vc_row row_type=&#8221;row&#8221; use_row_as_full_screen_section=&#8221;no&#8221; type=&#8221;full_width&#8221; angled_section=&#8221;no&#8221; text_align=&#8221;left&#8221; background_image_as_pattern=&#8221;without_pattern&#8221; border_color=&#8221;#cecece&#8221; css_animation=&#8221;&#8221;][vc_column][vc_column_text]Nuova [\/vc_column_text][vc_empty_space height=&#8221;45px&#8221;][\/vc_column][\/vc_row][vc_row row_type=&#8221;row&#8221; use_row_as_full_screen_section=&#8221;no&#8221; type=&#8221;full_width&#8221; angled_section=&#8221;no&#8221; text_align=&#8221;center&#8221; background_image_as_pattern=&#8221;without_pattern&#8221; background_color=&#8221;#7bb739&#8243; css_animation=&#8221;&#8221; css=&#8221;.vc_custom_1567693178018{background-color: #7bb739 !important;}&#8221;][vc_column][vc_empty_space height=&#8221;2px&#8221;][\/vc_column][\/vc_row][vc_row row_type=&#8221;row&#8221; use_row_as_full_screen_section=&#8221;no&#8221;...\" \/>\n<meta property=\"og:url\" content=\"https:\/\/www.comunello.com\/pt\/iberian__trashed\/automation\/perfil-de-la-empresa\/\" \/>\n<meta property=\"og:site_name\" content=\"Fratelli COMUNELLO\" \/>\n<meta property=\"article:modified_time\" content=\"2019-12-09T10:53:11+00:00\" \/>\n<meta property=\"og:image\" content=\"http:\/\/www.comunello.com\/wp-content\/uploads\/2017\/03\/pdf_icon_40.png\" \/>\n<meta name=\"twitter:card\" content=\"summary_large_image\" \/>\n<meta name=\"twitter:label1\" content=\"Est. reading time\">\n\t<meta name=\"twitter:data1\" content=\"10 minutes\">\n<script type=\"application\/ld+json\" class=\"yoast-schema-graph\">{\"@context\":\"https:\/\/schema.org\",\"@graph\":[{\"@type\":\"WebSite\",\"@id\":\"https:\/\/www.comunello.com\/#website\",\"url\":\"https:\/\/www.comunello.com\/\",\"name\":\"Fratelli COMUNELLO\",\"description\":\"| Life Made Easy\",\"potentialAction\":[{\"@type\":\"SearchAction\",\"target\":\"https:\/\/www.comunello.com\/?s={search_term_string}\",\"query-input\":\"required name=search_term_string\"}],\"inLanguage\":\"pt\"},{\"@type\":\"ImageObject\",\"@id\":\"https:\/\/www.comunello.com\/pt\/iberian__trashed\/automation\/perfil-de-la-empresa\/#primaryimage\",\"inLanguage\":\"pt\",\"url\":\"http:\/\/www.comunello.com\/wp-content\/uploads\/2017\/03\/pdf_icon_40.png\"},{\"@type\":\"WebPage\",\"@id\":\"https:\/\/www.comunello.com\/pt\/iberian__trashed\/automation\/perfil-de-la-empresa\/#webpage\",\"url\":\"https:\/\/www.comunello.com\/pt\/iberian__trashed\/automation\/perfil-de-la-empresa\/\",\"name\":\"IBERIAN - AUTOMATION Perfil de la Empresa - Fratelli COMUNELLO\",\"isPartOf\":{\"@id\":\"https:\/\/www.comunello.com\/#website\"},\"primaryImageOfPage\":{\"@id\":\"https:\/\/www.comunello.com\/pt\/iberian__trashed\/automation\/perfil-de-la-empresa\/#primaryimage\"},\"datePublished\":\"2019-11-29T12:09:17+00:00\",\"dateModified\":\"2019-12-09T10:53:11+00:00\",\"breadcrumb\":{\"@id\":\"https:\/\/www.comunello.com\/pt\/iberian__trashed\/automation\/perfil-de-la-empresa\/#breadcrumb\"},\"inLanguage\":\"pt\",\"potentialAction\":[{\"@type\":\"ReadAction\",\"target\":[\"https:\/\/www.comunello.com\/pt\/iberian__trashed\/automation\/perfil-de-la-empresa\/\"]}]},{\"@type\":\"BreadcrumbList\",\"@id\":\"https:\/\/www.comunello.com\/pt\/iberian__trashed\/automation\/perfil-de-la-empresa\/#breadcrumb\",\"itemListElement\":[{\"@type\":\"ListItem\",\"position\":1,\"item\":{\"@type\":\"WebPage\",\"@id\":\"https:\/\/www.comunello.com\/it\/\",\"url\":\"https:\/\/www.comunello.com\/it\/\",\"name\":\"Home\"}},{\"@type\":\"ListItem\",\"position\":2,\"item\":{\"@type\":\"WebPage\",\"@id\":\"https:\/\/www.comunello.com\/pt\/iberian__trashed\/automation\/\",\"url\":\"https:\/\/www.comunello.com\/pt\/iberian__trashed\/automation\/\",\"name\":\"IBERIAN &#8211; AUTOMATION\"}},{\"@type\":\"ListItem\",\"position\":3,\"item\":{\"@type\":\"WebPage\",\"@id\":\"https:\/\/www.comunello.com\/pt\/iberian__trashed\/automation\/perfil-de-la-empresa\/\",\"url\":\"https:\/\/www.comunello.com\/pt\/iberian__trashed\/automation\/perfil-de-la-empresa\/\",\"name\":\"IBERIAN &#8211; AUTOMATION Perfil de la Empresa\"}}]}]}<\/script>\n<!-- \/ Yoast SEO plugin. -->","_links":{"self":[{"href":"https:\/\/www.comunello.com\/pt\/wp-json\/wp\/v2\/pages\/26594\/"}],"collection":[{"href":"https:\/\/www.comunello.com\/pt\/wp-json\/wp\/v2\/pages\/"}],"about":[{"href":"https:\/\/www.comunello.com\/pt\/wp-json\/wp\/v2\/types\/page\/"}],"author":[{"embeddable":true,"href":"https:\/\/www.comunello.com\/pt\/wp-json\/wp\/v2\/users\/4\/"}],"replies":[{"embeddable":true,"href":"https:\/\/www.comunello.com\/pt\/wp-json\/wp\/v2\/comments\/?post=26594"}],"version-history":[{"count":5,"href":"https:\/\/www.comunello.com\/pt\/wp-json\/wp\/v2\/pages\/26594\/revisions\/"}],"predecessor-version":[{"id":26732,"href":"https:\/\/www.comunello.com\/pt\/wp-json\/wp\/v2\/pages\/26594\/revisions\/26732\/"}],"up":[{"embeddable":true,"href":"https:\/\/www.comunello.com\/pt\/wp-json\/wp\/v2\/pages\/26363\/"}],"wp:attachment":[{"href":"https:\/\/www.comunello.com\/pt\/wp-json\/wp\/v2\/media\/?parent=26594"}],"curies":[{"name":"wp","href":"https:\/\/api.w.org\/{rel}","templated":true}]}}