{"id":26537,"date":"2019-11-29T13:58:24","date_gmt":"2019-11-29T11:58:24","guid":{"rendered":"https:\/\/www.comunello.com\/pt\/?page_id=26537"},"modified":"2020-01-09T13:07:06","modified_gmt":"2020-01-09T11:07:06","slug":"portas-de-garagem","status":"publish","type":"page","link":"https:\/\/www.comunello.com\/pt\/iberian\/automation\/portas-de-garagem\/","title":{"rendered":"IBERIAN &#8211; AUTOMATION \/ Portas de garagem"},"content":{"rendered":"<p>[vc_row row_type=&#8221;row&#8221; use_row_as_full_screen_section=&#8221;no&#8221; type=&#8221;full_width&#8221; angled_section=&#8221;no&#8221; text_align=&#8221;left&#8221; background_image_as_pattern=&#8221;without_pattern&#8221; background_color=&#8221;#ffffff&#8221; padding_top=&#8221;0&#8243; css_animation=&#8221;&#8221;][vc_column][vc_empty_space height=&#8221;70px&#8221;][vc_separator type=&#8221;normal&#8221;][\/vc_column][\/vc_row][vc_row row_type=&#8221;row&#8221; use_row_as_full_screen_section=&#8221;no&#8221; type=&#8221;grid&#8221; angled_section=&#8221;no&#8221; text_align=&#8221;left&#8221; background_image_as_pattern=&#8221;without_pattern&#8221; background_color=&#8221;#ffffff&#8221; padding_top=&#8221;0&#8243; css_animation=&#8221;&#8221; css=&#8221;.vc_custom_1542121474565{padding-right: 100px !important;padding-left: 100px !important;}&#8221;][vc_column][vc_empty_space height=&#8221;20px&#8221;][vc_column_text el_class=&#8221;test_one_page&#8221;]<img class=\"alignnone size-full wp-image-22236\" style=\"width: 82px; height: 47px; position: relative; top: 16px;\" src=\"https:\/\/www.comunello.com\/wp-content\/uploads\/2018\/12\/logo_cat-garage.jpg\" alt=\"logo_cat-scorrevole\" \/> Portas de garagem[\/vc_column_text][vc_empty_space height=&#8221;20px&#8221;][\/vc_column][\/vc_row][vc_row row_type=&#8221;row&#8221; use_row_as_full_screen_section=&#8221;no&#8221; type=&#8221;grid&#8221; angled_section=&#8221;no&#8221; text_align=&#8221;left&#8221; background_image_as_pattern=&#8221;without_pattern&#8221; background_color=&#8221;#ffffff&#8221; css_animation=&#8221;&#8221;][vc_column][vc_empty_space height=&#8221;12px&#8221;][vc_separator type=&#8221;normal&#8221; color=&#8221;#eaeaea&#8221;][vc_empty_space height=&#8221;44px&#8221;][\/vc_column][\/vc_row][vc_row row_type=&#8221;row&#8221; use_row_as_full_screen_section=&#8221;no&#8221; type=&#8221;grid&#8221; angled_section=&#8221;no&#8221; text_align=&#8221;left&#8221; background_image_as_pattern=&#8221;without_pattern&#8221; background_color=&#8221;#ffffff&#8221; css_animation=&#8221;&#8221;][vc_column width=&#8221;1\/2&#8243;][vc_single_image image=&#8221;22520&#8243; img_size=&#8221;full&#8221; alignment=&#8221;center&#8221; qode_css_animation=&#8221;&#8221;][\/vc_column][vc_column width=&#8221;1\/2&#8243;][vc_empty_space height=&#8221;70px&#8221;][vc_column_text]<span style=\"font-size: 28px; line-height: 30px; font-family: helvbd; text-align: justify; color: #95c11f;\">RAMPART <\/span>[\/vc_column_text][vc_empty_space height=&#8221;20px&#8221;][vc_column_text el_class=&#8221;test_one_page&#8221;]<\/p>\n<p style=\"text-align: left; max-widt: 468px;\">Motorredutor para portas seccionadas, for\u00e7a de tra\u00e7\u00e3o 600N\/1000N<\/p>\n<p>[\/vc_column_text][vc_empty_space height=&#8221;22px&#8221;][vc_empty_space height=&#8221;22px&#8221;][vc_raw_html]JTNDYSUyMGNsYXNzJTNEJTIycHVsc19hdXRfY2F0JTIwcF9wX3N4JTIyJTIwaHJlZiUzRCUyMmh0dHBzJTNBJTJGJTJGd3d3LmNvbXVuZWxsby5jb20lMkZwdCUyRmliZXJpYW4lMkZhdXRvbWF0aW9uJTJGcHJvZHVjdHMlMkZwb3J0YXMtZGUtZ2FyYWdlbSUyRnJhbXBhcnQlMkYlMjIlM0VFbnRyYXIlM0MlMkZhJTNF[\/vc_raw_html][vc_empty_space height=&#8221;22px&#8221;][\/vc_column][\/vc_row][vc_row row_type=&#8221;row&#8221; use_row_as_full_screen_section=&#8221;no&#8221; type=&#8221;grid&#8221; angled_section=&#8221;no&#8221; text_align=&#8221;left&#8221; background_image_as_pattern=&#8221;without_pattern&#8221; background_color=&#8221;#ffffff&#8221; css_animation=&#8221;&#8221;][vc_column][vc_empty_space height=&#8221;44px&#8221;][vc_separator type=&#8221;normal&#8221; color=&#8221;#eaeaea&#8221;][vc_empty_space height=&#8221;44px&#8221;][\/vc_column][\/vc_row][vc_row row_type=&#8221;row&#8221; use_row_as_full_screen_section=&#8221;no&#8221; type=&#8221;grid&#8221; angled_section=&#8221;no&#8221; text_align=&#8221;left&#8221; background_image_as_pattern=&#8221;without_pattern&#8221; background_color=&#8221;#ffffff&#8221; css_animation=&#8221;&#8221;][vc_column width=&#8221;1\/2&#8243;][vc_empty_space height=&#8221;70px&#8221;][vc_column_text]<\/p>\n<p style=\"text-align: right;\"><span style=\"font-size: 28px; line-height: 30px; font-family: helvbd; text-align: justify; color: #95c11f;\">SALIENT <\/span><\/p>\n<p>[\/vc_column_text][vc_empty_space height=&#8221;20px&#8221;][vc_column_text el_class=&#8221;test_one_page&#8221;]<\/p>\n<p style=\"text-align: right; max-widt: 468px;\">Motorredutor para portas de garagem basculantes at\u00e9 9 m2 com dois motores<\/p>\n<p>[\/vc_column_text][vc_empty_space height=&#8221;22px&#8221;][vc_empty_space height=&#8221;22px&#8221;][vc_raw_html]JTNDYSUyMGNsYXNzJTNEJTIycHVsc19hdXRfY2F0JTIwcF9wX2R4JTIyJTIwaHJlZiUzRCUyMmh0dHBzJTNBJTJGJTJGd3d3LmNvbXVuZWxsby5jb20lMkZwdCUyRmliZXJpYW4lMkZhdXRvbWF0aW9uJTJGcHJvZHVjdHMlMkZwb3J0YXMtZGUtZ2FyYWdlbSUyRnNhbGllbnQlMkYlMjIlM0VFbnRyYXIlM0MlMkZhJTNFJTBB[\/vc_raw_html][vc_empty_space height=&#8221;22px&#8221;][\/vc_column][vc_column width=&#8221;1\/2&#8243;][vc_single_image image=&#8221;22521&#8243; img_size=&#8221;full&#8221; alignment=&#8221;center&#8221; qode_css_animation=&#8221;&#8221;][\/vc_column][\/vc_row][vc_row row_type=&#8221;row&#8221; use_row_as_full_screen_section=&#8221;no&#8221; type=&#8221;grid&#8221; angled_section=&#8221;no&#8221; text_align=&#8221;left&#8221; background_image_as_pattern=&#8221;without_pattern&#8221; background_color=&#8221;#ffffff&#8221; css_animation=&#8221;&#8221;][vc_column][vc_empty_space height=&#8221;44px&#8221;][vc_separator type=&#8221;normal&#8221; color=&#8221;#eaeaea&#8221;][vc_empty_space height=&#8221;44px&#8221;][\/vc_column][\/vc_row][vc_row row_type=&#8221;row&#8221; use_row_as_full_screen_section=&#8221;no&#8221; type=&#8221;full_width&#8221; angled_section=&#8221;no&#8221; text_align=&#8221;left&#8221; background_image_as_pattern=&#8221;without_pattern&#8221; background_color=&#8221;#ffffff&#8221; css_animation=&#8221;&#8221;][vc_column][vc_empty_space height=&#8221;50px&#8221;][vc_raw_html]JTNDZGl2JTIwc3R5bGUlM0QlMjJkaXNwbGF5JTNBJTIwZmxleCUzQiUyMGp1c3RpZnktY29udGVudCUzQSUyMGNlbnRlciUzQiUyMiUzRSUzQ2ElMjBjbGFzcyUzRCUyMnB1bHNfYXV0X2NhdCUyMiUyMHN0eWxlJTNEJTIyd2lkdGglM0ElMjAyMDBweCUzQiUyMHBhZGRpbmclM0ElMjAxNXB4JTIwMjVweCUyMDE1cHglMjAyNXB4JTNCJTIwcG9zaXRpb24lM0ElMjByZWxhdGl2ZSUzQiUyMG1hcmdpbi1yaWdodCUzQSUyMGF1dG8lM0IlMjBtYXJnaW4tbGVmdCUzQSUyMGF1dG8lM0IlMjB0ZXh0LWFsaWduJTNBJTIwY2VudGVyJTNCJTIyJTIwaHJlZiUzRCUyMmh0dHBzJTNBJTJGJTJGd3d3LmNvbXVuZWxsby5jb20lMkZwdCUyRmliZXJpYW4lMkZhdXRvbWF0aW9uJTJGJTIzcHJvZG90dGklMjIlM0VQcm9kdXRvcyUzQyUyRmElM0UlM0MlMkZkaXYlM0U=[\/vc_raw_html][vc_empty_space height=&#8221;100px&#8221;][\/vc_column][\/vc_row]<\/p>\n","protected":false},"excerpt":{"rendered":"<p>[vc_row row_type=&#8221;row&#8221; use_row_as_full_screen_section=&#8221;no&#8221; type=&#8221;full_width&#8221; angled_section=&#8221;no&#8221; text_align=&#8221;left&#8221; background_image_as_pattern=&#8221;without_pattern&#8221; background_color=&#8221;#ffffff&#8221; padding_top=&#8221;0&#8243; css_animation=&#8221;&#8221;][vc_column][vc_empty_space height=&#8221;70px&#8221;][vc_separator type=&#8221;normal&#8221;][\/vc_column][\/vc_row][vc_row row_type=&#8221;row&#8221; use_row_as_full_screen_section=&#8221;no&#8221; type=&#8221;grid&#8221; angled_section=&#8221;no&#8221; text_align=&#8221;left&#8221; background_image_as_pattern=&#8221;without_pattern&#8221; background_color=&#8221;#ffffff&#8221; padding_top=&#8221;0&#8243; css_animation=&#8221;&#8221; css=&#8221;.vc_custom_1542121474565{padding-right: 100px !important;padding-left: 100px&#8230;<\/p>\n","protected":false},"author":4,"featured_media":0,"parent":26363,"menu_order":0,"comment_status":"open","ping_status":"open","template":"full_width.php","meta":[],"yoast_head":"<!-- This site is optimized with the Yoast SEO plugin v16.0.2 - https:\/\/yoast.com\/wordpress\/plugins\/seo\/ -->\n<link rel=\"canonical\" href=\"https:\/\/www.comunello.com\/pt\/iberian__trashed\/automation\/portas-de-garagem\/\" \/>\n<meta property=\"og:locale\" content=\"pt_PT\" \/>\n<meta property=\"og:type\" content=\"article\" \/>\n<meta property=\"og:title\" content=\"IBERIAN - AUTOMATION \/ Portas de garagem - Fratelli COMUNELLO\" \/>\n<meta property=\"og:description\" content=\"[vc_row row_type=&#8221;row&#8221; use_row_as_full_screen_section=&#8221;no&#8221; type=&#8221;full_width&#8221; angled_section=&#8221;no&#8221; text_align=&#8221;left&#8221; background_image_as_pattern=&#8221;without_pattern&#8221; background_color=&#8221;#ffffff&#8221; padding_top=&#8221;0&#8243; css_animation=&#8221;&#8221;][vc_column][vc_empty_space height=&#8221;70px&#8221;][vc_separator type=&#8221;normal&#8221;][\/vc_column][\/vc_row][vc_row row_type=&#8221;row&#8221; use_row_as_full_screen_section=&#8221;no&#8221; type=&#8221;grid&#8221; angled_section=&#8221;no&#8221; text_align=&#8221;left&#8221; background_image_as_pattern=&#8221;without_pattern&#8221; background_color=&#8221;#ffffff&#8221; padding_top=&#8221;0&#8243; css_animation=&#8221;&#8221; css=&#8221;.vc_custom_1542121474565{padding-right: 100px !important;padding-left: 100px...\" \/>\n<meta property=\"og:url\" content=\"https:\/\/www.comunello.com\/pt\/iberian__trashed\/automation\/portas-de-garagem\/\" \/>\n<meta property=\"og:site_name\" content=\"Fratelli COMUNELLO\" \/>\n<meta property=\"article:modified_time\" content=\"2020-01-09T11:07:06+00:00\" \/>\n<meta property=\"og:image\" content=\"https:\/\/www.comunello.com\/wp-content\/uploads\/2018\/12\/logo_cat-garage.jpg\" \/>\n<meta name=\"twitter:card\" content=\"summary_large_image\" \/>\n<meta name=\"twitter:label1\" content=\"Est. reading time\">\n\t<meta name=\"twitter:data1\" content=\"3 minutes\">\n<script type=\"application\/ld+json\" class=\"yoast-schema-graph\">{\"@context\":\"https:\/\/schema.org\",\"@graph\":[{\"@type\":\"WebSite\",\"@id\":\"https:\/\/www.comunello.com\/#website\",\"url\":\"https:\/\/www.comunello.com\/\",\"name\":\"Fratelli COMUNELLO\",\"description\":\"| Life Made Easy\",\"potentialAction\":[{\"@type\":\"SearchAction\",\"target\":\"https:\/\/www.comunello.com\/?s={search_term_string}\",\"query-input\":\"required name=search_term_string\"}],\"inLanguage\":\"pt\"},{\"@type\":\"ImageObject\",\"@id\":\"https:\/\/www.comunello.com\/pt\/iberian__trashed\/automation\/portas-de-garagem\/#primaryimage\",\"inLanguage\":\"pt\",\"url\":\"https:\/\/www.comunello.com\/wp-content\/uploads\/2018\/12\/logo_cat-garage.jpg\",\"width\":82,\"height\":47},{\"@type\":\"WebPage\",\"@id\":\"https:\/\/www.comunello.com\/pt\/iberian__trashed\/automation\/portas-de-garagem\/#webpage\",\"url\":\"https:\/\/www.comunello.com\/pt\/iberian__trashed\/automation\/portas-de-garagem\/\",\"name\":\"IBERIAN - AUTOMATION \/ Portas de garagem - Fratelli COMUNELLO\",\"isPartOf\":{\"@id\":\"https:\/\/www.comunello.com\/#website\"},\"primaryImageOfPage\":{\"@id\":\"https:\/\/www.comunello.com\/pt\/iberian__trashed\/automation\/portas-de-garagem\/#primaryimage\"},\"datePublished\":\"2019-11-29T11:58:24+00:00\",\"dateModified\":\"2020-01-09T11:07:06+00:00\",\"breadcrumb\":{\"@id\":\"https:\/\/www.comunello.com\/pt\/iberian__trashed\/automation\/portas-de-garagem\/#breadcrumb\"},\"inLanguage\":\"pt\",\"potentialAction\":[{\"@type\":\"ReadAction\",\"target\":[\"https:\/\/www.comunello.com\/pt\/iberian__trashed\/automation\/portas-de-garagem\/\"]}]},{\"@type\":\"BreadcrumbList\",\"@id\":\"https:\/\/www.comunello.com\/pt\/iberian__trashed\/automation\/portas-de-garagem\/#breadcrumb\",\"itemListElement\":[{\"@type\":\"ListItem\",\"position\":1,\"item\":{\"@type\":\"WebPage\",\"@id\":\"https:\/\/www.comunello.com\/it\/\",\"url\":\"https:\/\/www.comunello.com\/it\/\",\"name\":\"Home\"}},{\"@type\":\"ListItem\",\"position\":2,\"item\":{\"@type\":\"WebPage\",\"@id\":\"https:\/\/www.comunello.com\/pt\/iberian__trashed\/automation\/\",\"url\":\"https:\/\/www.comunello.com\/pt\/iberian__trashed\/automation\/\",\"name\":\"IBERIAN &#8211; AUTOMATION\"}},{\"@type\":\"ListItem\",\"position\":3,\"item\":{\"@type\":\"WebPage\",\"@id\":\"https:\/\/www.comunello.com\/pt\/iberian__trashed\/automation\/portas-de-garagem\/\",\"url\":\"https:\/\/www.comunello.com\/pt\/iberian__trashed\/automation\/portas-de-garagem\/\",\"name\":\"IBERIAN &#8211; AUTOMATION \/ Portas de garagem\"}}]}]}<\/script>\n<!-- \/ Yoast SEO plugin. -->","_links":{"self":[{"href":"https:\/\/www.comunello.com\/pt\/wp-json\/wp\/v2\/pages\/26537\/"}],"collection":[{"href":"https:\/\/www.comunello.com\/pt\/wp-json\/wp\/v2\/pages\/"}],"about":[{"href":"https:\/\/www.comunello.com\/pt\/wp-json\/wp\/v2\/types\/page\/"}],"author":[{"embeddable":true,"href":"https:\/\/www.comunello.com\/pt\/wp-json\/wp\/v2\/users\/4\/"}],"replies":[{"embeddable":true,"href":"https:\/\/www.comunello.com\/pt\/wp-json\/wp\/v2\/comments\/?post=26537"}],"version-history":[{"count":9,"href":"https:\/\/www.comunello.com\/pt\/wp-json\/wp\/v2\/pages\/26537\/revisions\/"}],"predecessor-version":[{"id":26882,"href":"https:\/\/www.comunello.com\/pt\/wp-json\/wp\/v2\/pages\/26537\/revisions\/26882\/"}],"up":[{"embeddable":true,"href":"https:\/\/www.comunello.com\/pt\/wp-json\/wp\/v2\/pages\/26363\/"}],"wp:attachment":[{"href":"https:\/\/www.comunello.com\/pt\/wp-json\/wp\/v2\/media\/?parent=26537"}],"curies":[{"name":"wp","href":"https:\/\/api.w.org\/{rel}","templated":true}]}}