{"id":26529,"date":"2019-11-29T13:49:37","date_gmt":"2019-11-29T11:49:37","guid":{"rendered":"https:\/\/www.comunello.com\/pt\/?page_id=26529"},"modified":"2021-07-13T17:06:36","modified_gmt":"2021-07-13T15:06:36","slug":"portoes-de-batente","status":"publish","type":"page","link":"https:\/\/www.comunello.com\/pt\/iberian\/automation\/portoes-de-batente\/","title":{"rendered":"IBERIAN &#8211; AUTOMATION \/ Port\u00f5es de batente"},"content":{"rendered":"<p>[vc_row css_animation=&#8221;&#8221; row_type=&#8221;row&#8221; use_row_as_full_screen_section=&#8221;no&#8221; type=&#8221;full_width&#8221; angled_section=&#8221;no&#8221; text_align=&#8221;left&#8221; background_image_as_pattern=&#8221;without_pattern&#8221; background_color=&#8221;#ffffff&#8221; padding_top=&#8221;0&#8243;][vc_column][vc_empty_space height=&#8221;68px&#8221;][vc_separator type=&#8221;normal&#8221;][\/vc_column][\/vc_row][vc_row css_animation=&#8221;&#8221; row_type=&#8221;row&#8221; use_row_as_full_screen_section=&#8221;no&#8221; type=&#8221;full_width&#8221; angled_section=&#8221;no&#8221; text_align=&#8221;center&#8221; background_image_as_pattern=&#8221;without_pattern&#8221; background_color=&#8221;#0a0a0a&#8221; border_color=&#8221;#0a0a0a&#8221;][vc_column][vc_single_image image=&#8221;32335&#8243; img_size=&#8221;full&#8221; alignment=&#8221;center&#8221; qode_css_animation=&#8221;&#8221;][\/vc_column][\/vc_row][vc_row css_animation=&#8221;&#8221; row_type=&#8221;row&#8221; use_row_as_full_screen_section=&#8221;no&#8221; type=&#8221;grid&#8221; angled_section=&#8221;no&#8221; text_align=&#8221;left&#8221; background_image_as_pattern=&#8221;without_pattern&#8221; background_color=&#8221;#ffffff&#8221; padding_top=&#8221;0&#8243; css=&#8221;.vc_custom_1542121474565{padding-right: 100px !important;padding-left: 100px !important;}&#8221;][vc_column][vc_empty_space height=&#8221;20px&#8221;][vc_column_text el_class=&#8221;test_one_page&#8221;]<img class=\"alignnone size-full wp-image-22236\" style=\"width: 82px; height: 47px; position: relative; top: 16px;\" src=\"https:\/\/www.comunello.com\/wp-content\/uploads\/2018\/11\/logo_cat-battente.jpg\" alt=\"logo_cat-scorrevole\" \/> Port\u00f5es de batente[\/vc_column_text][vc_empty_space height=&#8221;20px&#8221;][\/vc_column][\/vc_row][vc_row css_animation=&#8221;&#8221; row_type=&#8221;row&#8221; use_row_as_full_screen_section=&#8221;no&#8221; type=&#8221;grid&#8221; angled_section=&#8221;no&#8221; text_align=&#8221;left&#8221; background_image_as_pattern=&#8221;without_pattern&#8221; background_color=&#8221;#ffffff&#8221;][vc_column][vc_empty_space height=&#8221;12px&#8221;][vc_separator type=&#8221;normal&#8221; color=&#8221;#eaeaea&#8221;][vc_empty_space height=&#8221;44px&#8221;][\/vc_column][\/vc_row][vc_row css_animation=&#8221;&#8221; row_type=&#8221;row&#8221; use_row_as_full_screen_section=&#8221;no&#8221; type=&#8221;grid&#8221; angled_section=&#8221;no&#8221; text_align=&#8221;left&#8221; background_image_as_pattern=&#8221;without_pattern&#8221; background_color=&#8221;#ffffff&#8221;][vc_column width=&#8221;1\/2&#8243;][vc_single_image image=&#8221;22421&#8243; img_size=&#8221;full&#8221; alignment=&#8221;center&#8221; qode_css_animation=&#8221;&#8221;][\/vc_column][vc_column width=&#8221;1\/2&#8243;][vc_empty_space height=&#8221;50px&#8221;][vc_column_text]<span style=\"font-size: 28px; line-height: 30px; font-family: helvbd; text-align: justify; color: #95c11f;\">EAGLE<\/span>[\/vc_column_text][vc_empty_space height=&#8221;20px&#8221;][vc_column_text el_class=&#8221;test_one_page&#8221;]<\/p>\n<p style=\"text-align: left; max-width: 444px;\">Motorredutor subterr\u00e2neo, ideal para port\u00f5es de batente para uso residencial<\/p>\n<p>[\/vc_column_text][vc_empty_space height=&#8221;22px&#8221;][vc_empty_space height=&#8221;22px&#8221;][vc_raw_html]JTNDYSUyMGNsYXNzJTNEJTIycHVsc19hdXRfY2F0JTIwcF9wX3N4JTIyJTIwaHJlZiUzRCUyMmh0dHBzJTNBJTJGJTJGd3d3LmNvbXVuZWxsby5jb20lMkZwdCUyRmliZXJpYW4lMkZhdXRvbWF0aW9uJTJGcHJvZHVjdHMlMkZwb3J0b2VzLWRlLWJhdGVudGUlMkZlYWdsZSUyRiUyMiUzRUVudHJhciUzQyUyRmElM0U=[\/vc_raw_html][vc_empty_space height=&#8221;22px&#8221;][\/vc_column][\/vc_row][vc_row css_animation=&#8221;&#8221; row_type=&#8221;row&#8221; use_row_as_full_screen_section=&#8221;no&#8221; type=&#8221;grid&#8221; angled_section=&#8221;no&#8221; text_align=&#8221;left&#8221; background_image_as_pattern=&#8221;without_pattern&#8221; background_color=&#8221;#ffffff&#8221;][vc_column][vc_empty_space height=&#8221;44px&#8221;][vc_separator type=&#8221;normal&#8221; color=&#8221;#eaeaea&#8221;][vc_empty_space height=&#8221;44px&#8221;][\/vc_column][\/vc_row][vc_row css_animation=&#8221;&#8221; row_type=&#8221;row&#8221; use_row_as_full_screen_section=&#8221;no&#8221; type=&#8221;grid&#8221; angled_section=&#8221;no&#8221; text_align=&#8221;left&#8221; background_image_as_pattern=&#8221;without_pattern&#8221; background_color=&#8221;#ffffff&#8221;][vc_column width=&#8221;1\/2&#8243;][vc_empty_space height=&#8221;50px&#8221;][vc_column_text]<\/p>\n<p style=\"text-align: right;\"><span style=\"font-size: 28px; line-height: 30px; font-family: helvbd; text-align: justify; color: #95c11f;\">ABACUS<\/span><\/p>\n<p>[\/vc_column_text][vc_empty_space height=&#8221;20px&#8221;][vc_column_text el_class=&#8221;test_one_page&#8221;]<\/p>\n<p style=\"text-align: right; max-widt: 468px;\">Motorredutor electromec\u00e2nico para port\u00f5es de batente para uso residencial ou industrial<\/p>\n<p>[\/vc_column_text][vc_empty_space height=&#8221;22px&#8221;][vc_empty_space height=&#8221;22px&#8221;][vc_raw_html]JTNDYSUyMGNsYXNzJTNEJTIycHVsc19hdXRfY2F0JTIwcF9wX2R4JTIyJTIwaHJlZiUzRCUyMmh0dHBzJTNBJTJGJTJGd3d3LmNvbXVuZWxsby5jb20lMkZwdCUyRmliZXJpYW4lMkZhdXRvbWF0aW9uJTJGcHJvZHVjdHMlMkZwb3J0b2VzLWRlLWJhdGVudGUlMkZhYmFjdXMlMkYlMjIlM0VFbnRyYXIlM0MlMkZhJTNFJTBB[\/vc_raw_html][vc_empty_space height=&#8221;22px&#8221;][\/vc_column][vc_column width=&#8221;1\/2&#8243;][vc_single_image image=&#8221;22431&#8243; img_size=&#8221;full&#8221; alignment=&#8221;center&#8221; qode_css_animation=&#8221;&#8221;][\/vc_column][\/vc_row][vc_row css_animation=&#8221;&#8221; row_type=&#8221;row&#8221; use_row_as_full_screen_section=&#8221;no&#8221; type=&#8221;grid&#8221; angled_section=&#8221;no&#8221; text_align=&#8221;left&#8221; background_image_as_pattern=&#8221;without_pattern&#8221; background_color=&#8221;#ffffff&#8221;][vc_column][vc_empty_space height=&#8221;44px&#8221;][vc_separator type=&#8221;normal&#8221; color=&#8221;#eaeaea&#8221;][vc_empty_space height=&#8221;44px&#8221;][\/vc_column][\/vc_row][vc_row css_animation=&#8221;&#8221; row_type=&#8221;row&#8221; use_row_as_full_screen_section=&#8221;no&#8221; type=&#8221;grid&#8221; angled_section=&#8221;no&#8221; text_align=&#8221;left&#8221; background_image_as_pattern=&#8221;without_pattern&#8221; background_color=&#8221;#ffffff&#8221;][vc_column width=&#8221;1\/2&#8243;][vc_single_image image=&#8221;22436&#8243; img_size=&#8221;full&#8221; alignment=&#8221;center&#8221; qode_css_animation=&#8221;&#8221;][\/vc_column][vc_column width=&#8221;1\/2&#8243;][vc_empty_space height=&#8221;50px&#8221;][vc_column_text]<span style=\"font-size: 28px; line-height: 30px; font-family: helvbd; text-align: justify; color: #95c11f;\">RAM<\/span>[\/vc_column_text][vc_empty_space height=&#8221;20px&#8221;][vc_column_text el_class=&#8221;test_one_page&#8221;]<\/p>\n<p style=\"text-align: left; max-width: 450px;\">Motorredutor de pist\u00e3o telesc\u00f3pico para port\u00f5es de batente para uso residencial<\/p>\n<p>[\/vc_column_text][vc_empty_space height=&#8221;22px&#8221;][vc_empty_space height=&#8221;22px&#8221;][vc_raw_html]JTNDYSUyMGNsYXNzJTNEJTIycHVsc19hdXRfY2F0JTIwcF9wX3N4JTIyJTIwaHJlZiUzRCUyMmh0dHBzJTNBJTJGJTJGd3d3LmNvbXVuZWxsby5jb20lMkZwdCUyRmliZXJpYW4lMkZhdXRvbWF0aW9uJTJGcHJvZHVjdHMlMkZwb3J0b2VzLWRlLWJhdGVudGUlMkZyYW0lMkYlMjIlM0VFbnRyYXIlM0MlMkZhJTNF[\/vc_raw_html][vc_empty_space height=&#8221;22px&#8221;][\/vc_column][\/vc_row][vc_row css_animation=&#8221;&#8221; row_type=&#8221;row&#8221; use_row_as_full_screen_section=&#8221;no&#8221; type=&#8221;grid&#8221; angled_section=&#8221;no&#8221; text_align=&#8221;left&#8221; background_image_as_pattern=&#8221;without_pattern&#8221; background_color=&#8221;#ffffff&#8221;][vc_column][vc_empty_space height=&#8221;44px&#8221;][vc_separator type=&#8221;normal&#8221; color=&#8221;#eaeaea&#8221;][vc_empty_space height=&#8221;44px&#8221;][\/vc_column][\/vc_row][vc_row css_animation=&#8221;&#8221; row_type=&#8221;row&#8221; use_row_as_full_screen_section=&#8221;no&#8221; type=&#8221;grid&#8221; angled_section=&#8221;no&#8221; text_align=&#8221;left&#8221; background_image_as_pattern=&#8221;without_pattern&#8221; background_color=&#8221;#ffffff&#8221;][vc_column width=&#8221;1\/2&#8243;][vc_empty_space height=&#8221;70px&#8221;][vc_column_text]<\/p>\n<p style=\"text-align: right;\"><span style=\"font-size: 28px; line-height: 30px; font-family: helvbd; text-align: justify; color: #95c11f;\">CONDOR <span style=\"font-size: 16px;\">220 350<\/span><\/span><\/p>\n<p>[\/vc_column_text][vc_empty_space height=&#8221;20px&#8221;][vc_column_text el_class=&#8221;test_one_page&#8221;]<\/p>\n<p style=\"text-align: right; max-widt: 468px;\">Motorredutor de bra\u00e7o articulado para port\u00f5es de batente para uso residencial<\/p>\n<p>[\/vc_column_text][vc_empty_space height=&#8221;22px&#8221;][vc_empty_space height=&#8221;22px&#8221;][vc_raw_html]JTNDYSUyMGNsYXNzJTNEJTIycHVsc19hdXRfY2F0JTIwcF9wX2R4JTIyJTIwaHJlZiUzRCUyMmh0dHBzJTNBJTJGJTJGd3d3LmNvbXVuZWxsby5jb20lMkZwdCUyRmliZXJpYW4lMkZhdXRvbWF0aW9uJTJGcHJvZHVjdHMlMkZwb3J0b2VzLWRlLWJhdGVudGUlMkZjb25kb3ItMjIwLTM1MCUyRiUyMiUzRUVudHJhciUzQyUyRmElM0UlMEE=[\/vc_raw_html][vc_empty_space height=&#8221;22px&#8221;][\/vc_column][vc_column width=&#8221;1\/2&#8243;][vc_single_image image=&#8221;22440&#8243; img_size=&#8221;full&#8221; alignment=&#8221;center&#8221; qode_css_animation=&#8221;&#8221;][\/vc_column][\/vc_row][vc_row css_animation=&#8221;&#8221; row_type=&#8221;row&#8221; use_row_as_full_screen_section=&#8221;no&#8221; type=&#8221;grid&#8221; angled_section=&#8221;no&#8221; text_align=&#8221;left&#8221; background_image_as_pattern=&#8221;without_pattern&#8221; background_color=&#8221;#ffffff&#8221;][vc_column][vc_empty_space height=&#8221;44px&#8221;][vc_separator type=&#8221;normal&#8221; color=&#8221;#eaeaea&#8221;][vc_empty_space height=&#8221;44px&#8221;][\/vc_column][\/vc_row][vc_row css_animation=&#8221;&#8221; row_type=&#8221;row&#8221; use_row_as_full_screen_section=&#8221;no&#8221; type=&#8221;grid&#8221; angled_section=&#8221;no&#8221; text_align=&#8221;left&#8221; background_image_as_pattern=&#8221;without_pattern&#8221; background_color=&#8221;#ffffff&#8221;][vc_column width=&#8221;1\/2&#8243;][vc_single_image image=&#8221;22441&#8243; img_size=&#8221;full&#8221; alignment=&#8221;center&#8221; qode_css_animation=&#8221;&#8221;][\/vc_column][vc_column width=&#8221;1\/2&#8243;][vc_empty_space height=&#8221;50px&#8221;][vc_column_text]<span style=\"font-size: 28px; line-height: 30px; font-family: helvbd; text-align: justify; color: #95c11f;\">CONDOR <span style=\"font-size: 16px;\">500<\/span><\/span>[\/vc_column_text][vc_empty_space height=&#8221;20px&#8221;][vc_column_text el_class=&#8221;test_one_page&#8221;]<\/p>\n<p style=\"text-align: left; max-width: 450px;\">Motorredutor de bra\u00e7o articulado para port\u00f5es de batente para uso residencial e industrial<\/p>\n<p>[\/vc_column_text][vc_empty_space height=&#8221;22px&#8221;][vc_empty_space height=&#8221;22px&#8221;][vc_raw_html]JTNDYSUyMGNsYXNzJTNEJTIycHVsc19hdXRfY2F0JTIwcF9wX3N4JTIyJTIwaHJlZiUzRCUyMmh0dHBzJTNBJTJGJTJGd3d3LmNvbXVuZWxsby5jb20lMkZwdCUyRmliZXJpYW4lMkZhdXRvbWF0aW9uJTJGcHJvZHVjdHMlMkZwb3J0b2VzLWRlLWJhdGVudGUlMkZjb25kb3ItNTAwJTJGJTIyJTNFRW50cmFyJTNDJTJGYSUzRQ==[\/vc_raw_html][vc_empty_space height=&#8221;22px&#8221;][\/vc_column][\/vc_row][vc_row css_animation=&#8221;&#8221; row_type=&#8221;row&#8221; use_row_as_full_screen_section=&#8221;no&#8221; type=&#8221;grid&#8221; angled_section=&#8221;no&#8221; text_align=&#8221;left&#8221; background_image_as_pattern=&#8221;without_pattern&#8221; background_color=&#8221;#ffffff&#8221;][vc_column][vc_empty_space height=&#8221;44px&#8221;][vc_separator type=&#8221;normal&#8221; color=&#8221;#eaeaea&#8221;][vc_empty_space height=&#8221;44px&#8221;][\/vc_column][\/vc_row][vc_row css_animation=&#8221;&#8221; row_type=&#8221;row&#8221; use_row_as_full_screen_section=&#8221;no&#8221; type=&#8221;grid&#8221; angled_section=&#8221;no&#8221; text_align=&#8221;left&#8221; background_image_as_pattern=&#8221;without_pattern&#8221; background_color=&#8221;#ffffff&#8221;][vc_column width=&#8221;1\/2&#8243;][vc_empty_space height=&#8221;70px&#8221;][vc_column_text]<\/p>\n<p style=\"text-align: right;\"><span style=\"font-size: 28px; line-height: 30px; font-family: helvbd; text-align: justify; color: #95c11f;\">CONDOR <span style=\"font-size: 16px;\">500 S<\/span><\/span><\/p>\n<p>[\/vc_column_text][vc_empty_space height=&#8221;20px&#8221;][vc_column_text el_class=&#8221;test_one_page&#8221;]<\/p>\n<p style=\"text-align: right; max-widt: 468px;\">Motorredutor de bra\u00e7o articulado para port\u00f5es de batente. Permite a fixa\u00e7\u00e3o em espa\u00e7os reduzidos<\/p>\n<p>[\/vc_column_text][vc_empty_space height=&#8221;22px&#8221;][vc_empty_space height=&#8221;22px&#8221;][vc_raw_html]JTNDYSUyMGNsYXNzJTNEJTIycHVsc19hdXRfY2F0JTIwcF9wX2R4JTIyJTIwaHJlZiUzRCUyMmh0dHBzJTNBJTJGJTJGd3d3LmNvbXVuZWxsby5jb20lMkZwdCUyRmliZXJpYW4lMkZhdXRvbWF0aW9uJTJGcHJvZHVjdHMlMkZwb3J0b2VzLWRlLWJhdGVudGUlMkZjb25kb3ItNTAwLXMlMkYlMjIlM0VFbnRyYXIlM0MlMkZhJTNFJTBB[\/vc_raw_html][vc_empty_space height=&#8221;22px&#8221;][\/vc_column][vc_column width=&#8221;1\/2&#8243;][vc_single_image image=&#8221;22442&#8243; img_size=&#8221;full&#8221; alignment=&#8221;center&#8221; qode_css_animation=&#8221;&#8221;][\/vc_column][\/vc_row][vc_row css_animation=&#8221;&#8221; row_type=&#8221;row&#8221; use_row_as_full_screen_section=&#8221;no&#8221; type=&#8221;grid&#8221; angled_section=&#8221;no&#8221; text_align=&#8221;left&#8221; background_image_as_pattern=&#8221;without_pattern&#8221; background_color=&#8221;#ffffff&#8221;][vc_column][vc_empty_space height=&#8221;44px&#8221;][vc_separator type=&#8221;normal&#8221; color=&#8221;#eaeaea&#8221;][vc_empty_space height=&#8221;44px&#8221;][\/vc_column][\/vc_row][vc_row css_animation=&#8221;&#8221; row_type=&#8221;row&#8221; use_row_as_full_screen_section=&#8221;no&#8221; type=&#8221;full_width&#8221; angled_section=&#8221;no&#8221; text_align=&#8221;left&#8221; background_image_as_pattern=&#8221;without_pattern&#8221; background_color=&#8221;#ffffff&#8221;][vc_column][vc_empty_space height=&#8221;50px&#8221;][vc_raw_html]JTNDZGl2JTIwc3R5bGUlM0QlMjJkaXNwbGF5JTNBJTIwZmxleCUzQiUyMGp1c3RpZnktY29udGVudCUzQSUyMGNlbnRlciUzQiUyMiUzRSUzQ2ElMjBjbGFzcyUzRCUyMnB1bHNfYXV0X2NhdCUyMiUyMHN0eWxlJTNEJTIyd2lkdGglM0ElMjAyMDBweCUzQiUyMHBhZGRpbmclM0ElMjAxNXB4JTIwMjVweCUyMDE1cHglMjAyNXB4JTNCJTIwcG9zaXRpb24lM0ElMjByZWxhdGl2ZSUzQiUyMG1hcmdpbi1yaWdodCUzQSUyMGF1dG8lM0IlMjBtYXJnaW4tbGVmdCUzQSUyMGF1dG8lM0IlMjB0ZXh0LWFsaWduJTNBJTIwY2VudGVyJTNCJTIyJTIwaHJlZiUzRCUyMmh0dHBzJTNBJTJGJTJGd3d3LmNvbXVuZWxsby5jb20lMkZwdCUyRmliZXJpYW4lMkZhdXRvbWF0aW9uJTJGJTIzcHJvZG90dGklMjIlM0VQcm9kdXRvcyUzQyUyRmElM0UlM0MlMkZkaXYlM0U=[\/vc_raw_html][vc_empty_space height=&#8221;100px&#8221;][\/vc_column][\/vc_row]<\/p>\n","protected":false},"excerpt":{"rendered":"<p>[vc_row css_animation=&#8221;&#8221; row_type=&#8221;row&#8221; use_row_as_full_screen_section=&#8221;no&#8221; type=&#8221;full_width&#8221; angled_section=&#8221;no&#8221; text_align=&#8221;left&#8221; background_image_as_pattern=&#8221;without_pattern&#8221; background_color=&#8221;#ffffff&#8221; padding_top=&#8221;0&#8243;][vc_column][vc_empty_space height=&#8221;68px&#8221;][vc_separator type=&#8221;normal&#8221;][\/vc_column][\/vc_row][vc_row css_animation=&#8221;&#8221; row_type=&#8221;row&#8221; use_row_as_full_screen_section=&#8221;no&#8221; type=&#8221;full_width&#8221; angled_section=&#8221;no&#8221; text_align=&#8221;center&#8221; background_image_as_pattern=&#8221;without_pattern&#8221; background_color=&#8221;#0a0a0a&#8221; border_color=&#8221;#0a0a0a&#8221;][vc_column][vc_single_image image=&#8221;32335&#8243; img_size=&#8221;full&#8221; alignment=&#8221;center&#8221; qode_css_animation=&#8221;&#8221;][\/vc_column][\/vc_row][vc_row&#8230;<\/p>\n","protected":false},"author":4,"featured_media":0,"parent":26363,"menu_order":0,"comment_status":"open","ping_status":"open","template":"full_width.php","meta":[],"yoast_head":"<!-- This site is optimized with the Yoast SEO plugin v16.0.2 - https:\/\/yoast.com\/wordpress\/plugins\/seo\/ -->\n<link rel=\"canonical\" href=\"https:\/\/www.comunello.com\/pt\/iberian__trashed\/automation\/portoes-de-batente\/\" \/>\n<meta property=\"og:locale\" content=\"pt_PT\" \/>\n<meta property=\"og:type\" content=\"article\" \/>\n<meta property=\"og:title\" content=\"IBERIAN - AUTOMATION \/ Port\u00f5es de batente - Fratelli COMUNELLO\" \/>\n<meta property=\"og:description\" content=\"[vc_row css_animation=&#8221;&#8221; row_type=&#8221;row&#8221; use_row_as_full_screen_section=&#8221;no&#8221; type=&#8221;full_width&#8221; angled_section=&#8221;no&#8221; text_align=&#8221;left&#8221; background_image_as_pattern=&#8221;without_pattern&#8221; background_color=&#8221;#ffffff&#8221; padding_top=&#8221;0&#8243;][vc_column][vc_empty_space height=&#8221;68px&#8221;][vc_separator type=&#8221;normal&#8221;][\/vc_column][\/vc_row][vc_row css_animation=&#8221;&#8221; row_type=&#8221;row&#8221; use_row_as_full_screen_section=&#8221;no&#8221; type=&#8221;full_width&#8221; angled_section=&#8221;no&#8221; text_align=&#8221;center&#8221; background_image_as_pattern=&#8221;without_pattern&#8221; background_color=&#8221;#0a0a0a&#8221; border_color=&#8221;#0a0a0a&#8221;][vc_column][vc_single_image image=&#8221;32335&#8243; img_size=&#8221;full&#8221; alignment=&#8221;center&#8221; qode_css_animation=&#8221;&#8221;][\/vc_column][\/vc_row][vc_row...\" \/>\n<meta property=\"og:url\" content=\"https:\/\/www.comunello.com\/pt\/iberian__trashed\/automation\/portoes-de-batente\/\" \/>\n<meta property=\"og:site_name\" content=\"Fratelli COMUNELLO\" \/>\n<meta property=\"article:modified_time\" content=\"2021-07-13T15:06:36+00:00\" \/>\n<meta property=\"og:image\" content=\"https:\/\/www.comunello.com\/wp-content\/uploads\/2018\/11\/logo_cat-battente.jpg\" \/>\n<meta name=\"twitter:card\" content=\"summary_large_image\" \/>\n<meta name=\"twitter:label1\" content=\"Est. reading time\">\n\t<meta name=\"twitter:data1\" content=\"2 minutes\">\n<script type=\"application\/ld+json\" class=\"yoast-schema-graph\">{\"@context\":\"https:\/\/schema.org\",\"@graph\":[{\"@type\":\"WebSite\",\"@id\":\"https:\/\/www.comunello.com\/#website\",\"url\":\"https:\/\/www.comunello.com\/\",\"name\":\"Fratelli COMUNELLO\",\"description\":\"| Life Made Easy\",\"potentialAction\":[{\"@type\":\"SearchAction\",\"target\":\"https:\/\/www.comunello.com\/?s={search_term_string}\",\"query-input\":\"required name=search_term_string\"}],\"inLanguage\":\"pt\"},{\"@type\":\"ImageObject\",\"@id\":\"https:\/\/www.comunello.com\/pt\/iberian__trashed\/automation\/portoes-de-batente\/#primaryimage\",\"inLanguage\":\"pt\",\"url\":\"https:\/\/www.comunello.com\/wp-content\/uploads\/2018\/11\/logo_cat-battente.jpg\",\"width\":82,\"height\":47},{\"@type\":\"WebPage\",\"@id\":\"https:\/\/www.comunello.com\/pt\/iberian__trashed\/automation\/portoes-de-batente\/#webpage\",\"url\":\"https:\/\/www.comunello.com\/pt\/iberian__trashed\/automation\/portoes-de-batente\/\",\"name\":\"IBERIAN - AUTOMATION \/ Port\\u00f5es de batente - Fratelli COMUNELLO\",\"isPartOf\":{\"@id\":\"https:\/\/www.comunello.com\/#website\"},\"primaryImageOfPage\":{\"@id\":\"https:\/\/www.comunello.com\/pt\/iberian__trashed\/automation\/portoes-de-batente\/#primaryimage\"},\"datePublished\":\"2019-11-29T11:49:37+00:00\",\"dateModified\":\"2021-07-13T15:06:36+00:00\",\"breadcrumb\":{\"@id\":\"https:\/\/www.comunello.com\/pt\/iberian__trashed\/automation\/portoes-de-batente\/#breadcrumb\"},\"inLanguage\":\"pt\",\"potentialAction\":[{\"@type\":\"ReadAction\",\"target\":[\"https:\/\/www.comunello.com\/pt\/iberian__trashed\/automation\/portoes-de-batente\/\"]}]},{\"@type\":\"BreadcrumbList\",\"@id\":\"https:\/\/www.comunello.com\/pt\/iberian__trashed\/automation\/portoes-de-batente\/#breadcrumb\",\"itemListElement\":[{\"@type\":\"ListItem\",\"position\":1,\"item\":{\"@type\":\"WebPage\",\"@id\":\"https:\/\/www.comunello.com\/it\/\",\"url\":\"https:\/\/www.comunello.com\/it\/\",\"name\":\"Home\"}},{\"@type\":\"ListItem\",\"position\":2,\"item\":{\"@type\":\"WebPage\",\"@id\":\"https:\/\/www.comunello.com\/pt\/iberian__trashed\/automation\/\",\"url\":\"https:\/\/www.comunello.com\/pt\/iberian__trashed\/automation\/\",\"name\":\"IBERIAN &#8211; AUTOMATION\"}},{\"@type\":\"ListItem\",\"position\":3,\"item\":{\"@type\":\"WebPage\",\"@id\":\"https:\/\/www.comunello.com\/pt\/iberian__trashed\/automation\/portoes-de-batente\/\",\"url\":\"https:\/\/www.comunello.com\/pt\/iberian__trashed\/automation\/portoes-de-batente\/\",\"name\":\"IBERIAN &#8211; AUTOMATION \/ Port\\u00f5es de batente\"}}]}]}<\/script>\n<!-- \/ Yoast SEO plugin. -->","_links":{"self":[{"href":"https:\/\/www.comunello.com\/pt\/wp-json\/wp\/v2\/pages\/26529\/"}],"collection":[{"href":"https:\/\/www.comunello.com\/pt\/wp-json\/wp\/v2\/pages\/"}],"about":[{"href":"https:\/\/www.comunello.com\/pt\/wp-json\/wp\/v2\/types\/page\/"}],"author":[{"embeddable":true,"href":"https:\/\/www.comunello.com\/pt\/wp-json\/wp\/v2\/users\/4\/"}],"replies":[{"embeddable":true,"href":"https:\/\/www.comunello.com\/pt\/wp-json\/wp\/v2\/comments\/?post=26529"}],"version-history":[{"count":11,"href":"https:\/\/www.comunello.com\/pt\/wp-json\/wp\/v2\/pages\/26529\/revisions\/"}],"predecessor-version":[{"id":32873,"href":"https:\/\/www.comunello.com\/pt\/wp-json\/wp\/v2\/pages\/26529\/revisions\/32873\/"}],"up":[{"embeddable":true,"href":"https:\/\/www.comunello.com\/pt\/wp-json\/wp\/v2\/pages\/26363\/"}],"wp:attachment":[{"href":"https:\/\/www.comunello.com\/pt\/wp-json\/wp\/v2\/media\/?parent=26529"}],"curies":[{"name":"wp","href":"https:\/\/api.w.org\/{rel}","templated":true}]}}