{"id":50901,"date":"2025-10-23T16:06:17","date_gmt":"2025-10-23T14:06:17","guid":{"rendered":"https:\/\/www.comunello.com\/?page_id=50901"},"modified":"2025-10-23T16:17:41","modified_gmt":"2025-10-23T14:17:41","slug":"careers-job-tornitore-cnc","status":"publish","type":"page","link":"https:\/\/www.comunello.com\/it\/careers-job-tornitore-cnc\/","title":{"rendered":"CORPORATE \/ CAREERS &#8211; JOB TORNITORE CNC"},"content":{"rendered":"<p>[vc_row css_animation=&#8221;&#8221; row_type=&#8221;row&#8221; use_row_as_full_screen_section=&#8221;no&#8221; type=&#8221;full_width&#8221; angled_section=&#8221;no&#8221; text_align=&#8221;center&#8221; background_image=&#8221;35584&#8243; background_image_as_pattern=&#8221;without_pattern&#8221;][vc_column][vc_empty_space height=&#8221;540px&#8221;][\/vc_column][\/vc_row][vc_row css_animation=&#8221;&#8221; row_type=&#8221;row&#8221; use_row_as_full_screen_section=&#8221;no&#8221; type=&#8221;grid&#8221; angled_section=&#8221;no&#8221; text_align=&#8221;center&#8221; background_image_as_pattern=&#8221;without_pattern&#8221; background_color=&#8221;#ffffff&#8221; css=&#8221;.vc_custom_1663235868531{background-color: #ffffff !important;}&#8221;][vc_column width=&#8221;1\/6&#8243; el_class=&#8221;testo_az&#8221;][\/vc_column][vc_column width=&#8221;2\/3&#8243;][vc_empty_space][vc_empty_space][vc_column_text el_class=&#8221;testoannuncio&#8221;]<\/p>\n<p style=\"text-align: right; font-size: 16px;\"><strong><em>Application submission deadline:<\/em><\/strong><\/p>\n<p style=\"text-align: right;\">31\/10\/25<\/p>\n<p>[\/vc_column_text][vc_empty_space height=&#8221;16px&#8221;][vc_separator type=&#8221;normal&#8221;][vc_empty_space][vc_column_text]<\/p>\n<p style=\"text-align: center; font-family: helvth; font-size: 30px; line-height: 30px;\">TORNITORE CNC<\/p>\n<p>[\/vc_column_text][vc_empty_space][vc_separator type=&#8221;normal&#8221;][vc_empty_space][\/vc_column][vc_column width=&#8221;1\/6&#8243;][\/vc_column][\/vc_row][vc_row css_animation=&#8221;&#8221; row_type=&#8221;row&#8221; use_row_as_full_screen_section=&#8221;no&#8221; type=&#8221;grid&#8221; angled_section=&#8221;no&#8221; text_align=&#8221;center&#8221; background_image_as_pattern=&#8221;without_pattern&#8221; background_color=&#8221;#ffffff&#8221; css=&#8221;.vc_custom_1663235868531{background-color: #ffffff !important;}&#8221;][vc_column width=&#8221;1\/6&#8243; el_class=&#8221;testo_az&#8221;][\/vc_column][vc_column width=&#8221;2\/3&#8243;][vc_column_text el_class=&#8221;testoannuncio&#8221;]Per implementare il nostro team tecnico, stiamo selezionando un\/una <strong>TORNITORE CNC<\/strong> che, alle dirette dipendenze del Responsabile di Reparto, si occuper\u00e0 dell&#8217;attrezzaggio, della programmazione in linguaggio ISO (Fanuc) e dell\u2019avanzamento produzione di torni CNC e fantine mobili per lavorazione da barra.<\/p>\n<p><strong>Attivit\u00e0 gestite: <\/strong><\/p>\n<ul>\n<li>esecuzione delle attivit\u00e0 di attrezzaggio e di programmazione a bordo macchina di torni a controllo numerico;<\/li>\n<li>produzione di componenti in serie di medi e grandi lotti operando su torni a controllo numerico;<\/li>\n<li>lettura del disegno tecnico e degli ordini di lavoro;<\/li>\n<li>effettuazione delle misurazioni dei pezzi seguendo il piano di controllo<\/li>\n<\/ul>\n<p><strong>Requisiti tecnici:<\/strong><\/p>\n<ul>\n<li>esperienza pregressa nella mansione di almeno 5 anni;<\/li>\n<li>ottima conoscenza dell&#8217;attrezzaggio e programmazione a bordo macchina di un tornio CNC;<\/li>\n<li>ottima capacit\u00e0 di lettura del disegno tecnico;<\/li>\n<li>ottima conoscenza ed uso degli strumenti di misura (es. calibri, micrometri, ecc)<\/li>\n<li>preferibile conoscenza di programmi CAD\/CAM per la programmazione di particolari su tornio CNC.<\/li>\n<\/ul>\n<p>&nbsp;<\/p>\n<p>Il candidato ideale \u00e8 in grado di lavorare in autonomia, dimostrando proattivit\u00e0 ed adattabilit\u00e0; \u00e8 abituato al lavoro in team e alla risoluzione dei problemi; dimostra curiosit\u00e0 e passione per la meccanica.<\/p>\n<p>Il ruolo prevede orario full time su 2 turni settimanali ed un programma strutturato di on-boarding in ingresso.<\/p>\n<p>&nbsp;<\/p>\n<p>La sede di lavoro \u00e8 localizzata a Ros\u00e0 (VI).[\/vc_column_text][vc_empty_space][\/vc_column][vc_column width=&#8221;1\/6&#8243;][\/vc_column][\/vc_row][vc_row css_animation=&#8221;&#8221; row_type=&#8221;row&#8221; use_row_as_full_screen_section=&#8221;no&#8221; type=&#8221;grid&#8221; angled_section=&#8221;no&#8221; text_align=&#8221;center&#8221; background_image_as_pattern=&#8221;without_pattern&#8221; background_color=&#8221;#ffffff&#8221; css=&#8221;.vc_custom_1490369294730{background-color: #ffffff !important;}&#8221;][vc_column][vc_empty_space height=&#8221;60px&#8221;][vc_raw_html]JTNDYSUyMGNsYXNzJTNEJTIycHVsc19hdXRfYmx1ZSUyMiUyMGhyZWYlM0QlMjJodHRwcyUzQSUyRiUyRnd3dy5jb211bmVsbG8uY29tJTJGY2FuZGlkYWN5JTJGJTIyJTNFSm9pbiUyME91ciUyMFRlYW0lM0MlMkZhJTNF[\/vc_raw_html][vc_empty_space height=&#8221;60px&#8221;][\/vc_column][\/vc_row][vc_row css_animation=&#8221;&#8221; row_type=&#8221;row&#8221; use_row_as_full_screen_section=&#8221;no&#8221; type=&#8221;grid&#8221; angled_section=&#8221;no&#8221; text_align=&#8221;center&#8221; background_image_as_pattern=&#8221;without_pattern&#8221; background_color=&#8221;#ffffff&#8221; css=&#8221;.vc_custom_1663762461959{background-color: #ffffff !important;}&#8221;][vc_column width=&#8221;1\/6&#8243; el_class=&#8221;testo_az&#8221;][\/vc_column][vc_column width=&#8221;2\/3&#8243;][vc_separator type=&#8221;normal&#8221;][vc_empty_space][vc_column_text el_class=&#8221;linkedin&#8221;]<\/p>\n<p style=\"text-align: center;\" align=\"justify; color:#0073b1; position:relative; top:-10px;\"><a href=\"https:\/\/www.linkedin.com\/company\/comunello\/\" target=\"\u201d_blank\u201d\" rel=\"noopener\">Follow Us on <strong>LinkedIn<\/strong> <img loading=\"lazy\" width=\"100\" height=\"100\" class=\"size-full wp-image-35418\" style=\"position: relative; top: 4px; width: 20px; height: 20px;\" title=\"icon linkedin 100\" src=\"https:\/\/www.comunello.com\/wp-content\/uploads\/2022\/09\/icon-linkedin-100.png\" alt=\"icon linkedin 100\" srcset=\"https:\/\/www.comunello.com\/wp-content\/uploads\/2022\/09\/icon-linkedin-100.png 100w, https:\/\/www.comunello.com\/wp-content\/uploads\/2022\/09\/icon-linkedin-100-27x27.png 27w\" sizes=\"(max-width: 100px) 100vw, 100px\" \/><\/a><\/p>\n<p>[\/vc_column_text][vc_empty_space][vc_separator type=&#8221;normal&#8221;][\/vc_column][vc_column width=&#8221;1\/6&#8243;][\/vc_column][\/vc_row][vc_row css_animation=&#8221;&#8221; row_type=&#8221;row&#8221; use_row_as_full_screen_section=&#8221;no&#8221; type=&#8221;full_width&#8221; angled_section=&#8221;no&#8221; text_align=&#8221;left&#8221; background_image_as_pattern=&#8221;without_pattern&#8221; background_color=&#8221;#ffffff&#8221;][vc_column][vc_column_text]<br \/>\n[\/vc_column_text][vc_empty_space][vc_empty_space][vc_empty_space][\/vc_column][\/vc_row][vc_row css_animation=&#8221;&#8221; row_type=&#8221;row&#8221; use_row_as_full_screen_section=&#8221;no&#8221; type=&#8221;grid&#8221; angled_section=&#8221;no&#8221; text_align=&#8221;left&#8221; background_image_as_pattern=&#8221;without_pattern&#8221; background_color=&#8221;#ffffff&#8221;][vc_column][vc_raw_html]JTNDc3R5bGUlM0UlMEElMEElMEFsaSUyMCU3QiUwQXBhZGRpbmctbGVmdCUzQSUyMDMwcHglM0IlMEElMEElN0QlMEElMEEucHVsc19hdXRfYmx1ZSU3QiUwQSUyMCUyMCUyMCUyMGZvbnQtZmFtaWx5JTNBJTIwaGVsdmx0bHQlM0IlMEElMjAlMjAlMjAlMjBmb250LXNpemUlM0ElMjAyM3B4JTNCJTBBJTIwJTIwJTIwJTIwLXdlYmtpdC1ib3JkZXItcmFkaXVzJTNBJTIwMTBweCUzQiUwQSUyMCUyMCUyMCUyMC1tb3otYm9yZGVyLXJhZGl1cyUzQSUyMDEwcHglM0IlMEElMjAlMjAlMjAlMjBib3JkZXItcmFkaXVzJTNBJTIwMTBweCUzQiUwQSUyMCUyMCUyMCUyMGNvbG9yJTNBJTIwJTIzMzg4YWI2JTNCJTBBJTIwJTIwJTIwJTIwJTIwcGFkZGluZyUzQSUyMDEwcHglMjAyNXB4JTIwMTBweCUyMDI1cHglM0IlMEElMjAlMjAlMjAlMjBib3JkZXIlM0ElMjBzb2xpZCUyMCUyMzdiN2I3YiUyMDFweCUzQiUwQSUyMCUyMCUyMCUyMHRleHQtZGVjb3JhdGlvbiUzQSUyMG5vbmUlM0IlMEElMjAlMjAlMjAlMjB0ZXh0LWFsaWduJTNBJTIwY2VudGVyJTNCJTBBJTIwJTIwJTIwJTIwei1pbmRleCUzQSUyMDEwJTNCJTBBJTIwJTIwJTIwJTIwd2lkdGglM0ElMjBmaXQtY29udGVudCUzQiUwQSUyMCUyMCUyMCUyMHdpZHRoJTNBJTIwLW1vei1maXQtY29udGVudCUzQiUwQSUyMCUyMCUyMCUyMGZvbnQtd2VpZ2h0JTNBJTIwNDAwJTNCJTBBJTdEJTBBJTBBJTBBLmxpbmtlZGluJTIwYSUyMCU3QiUwQWNvbG9yJTNBJTIwJTIzMDA3M2IxJTNCJTBBJTIwJTIwJTIwJTIwZm9udC1mYW1pbHklM0ElMjBoZWx2dGglM0IlMEElMjAlMjAlMjAlMjBmb250LXNpemUlM0ElMjAxOHB4JTNCJTBBJTBBJTdEJTBBLmxpbmtlZGluJTIwYSUzQWhvdmVyJTIwJTdCJTBBY29sb3IlM0ElMjAlMjMwMDAwMDAlM0IlMEElMEElN0QlMEEuZGF0YSUyMCU3QiUwQSUyMCUyMCUyMCUyMGZvbnQtZmFtaWx5JTNBJTIwaGVsdnRoJTNCJTBBJTIwJTIwJTIwJTIwZm9udC1zaXplJTNBJTIwMjJweCUzQiUwQXRleHQtYWxpZ24lM0ElMjBsZWZ0JTNCJTBBJTdEJTBBJTBBJTBBJTBBLnNlemlvbmV0aXRvbG8lMjAlN0IlMEFjb2xvciUzQSUyMzAwMCUzQiUwQSU3RCUwQSUwQS5hbm51bmNpJTIwaDUlMjAlN0IlMEFjb2xvciUzQSUyMzAwMCUzQiUwQSUyMCUyMCUyMGJhY2tncm91bmQlM0ElMjNmN2Y3ZjclM0IlMEF0ZXh0LWFsaWduJTNBJTIwbGVmdCUzQiUwQSU3RCUwQSUwQSUwQS5hbm51bmNpJTIwJTIwJTdCJTBBJTIwJTIwJTIwJTBBdGV4dC1hbGlnbiUzQSUyMGxlZnQlM0IlMEElN0QlMEElMEElMEEudGVzdG9hbm51bmNpbyUyMCUyMCU3QiUwQWZvbnQtc2l6ZSUzQTE4cHglM0IlMEFsaW5lLWhlaWdodCUzQTIlM0IlMjAlMjAlMjAlMEF0ZXh0LWFsaWduJTNBJTIwanVzdGlmeSUzQiUwQSU3RCUwQSUwQS50aXRvbG8lMjAlN0IlMEElMjAlMjAlMjAlMjBmb250LWZhbWlseSUzQSUyMGhlbHZ0aCUzQiUwQSUyMCUyMCUyMCUyMGZvbnQtc2l6ZSUzQSUyMDMycHglM0IlMEF0ZXh0LWFsaWduJTNBJTIwbGVmdCUzQiUwQSU3RCUwQSUwQS5saW5rdGl0b2xvJTNBaG92ZXIlMjAlN0IlMEElMjAlMjAlMjAlMjBjb2xvciUzQSUyMzAwMCUzQiUwQSU3RCUwQSUwQSUwQSUzQyUyRnN0eWxlJTNF[\/vc_raw_html][\/vc_column][\/vc_row]<\/p>\n","protected":false},"excerpt":{"rendered":"<p>[vc_row css_animation=&#8221;&#8221; row_type=&#8221;row&#8221; use_row_as_full_screen_section=&#8221;no&#8221; type=&#8221;full_width&#8221; angled_section=&#8221;no&#8221; text_align=&#8221;center&#8221; background_image=&#8221;35584&#8243; background_image_as_pattern=&#8221;without_pattern&#8221;][vc_column][vc_empty_space height=&#8221;540px&#8221;][\/vc_column][\/vc_row][vc_row css_animation=&#8221;&#8221; row_type=&#8221;row&#8221; use_row_as_full_screen_section=&#8221;no&#8221; type=&#8221;grid&#8221; angled_section=&#8221;no&#8221; text_align=&#8221;center&#8221; background_image_as_pattern=&#8221;without_pattern&#8221; background_color=&#8221;#ffffff&#8221; css=&#8221;.vc_custom_1663235868531{background-color: #ffffff !important;}&#8221;][vc_column width=&#8221;1\/6&#8243; el_class=&#8221;testo_az&#8221;][\/vc_column][vc_column width=&#8221;2\/3&#8243;][vc_empty_space][vc_empty_space][vc_column_text el_class=&#8221;testoannuncio&#8221;]&#8230;<\/p>\n","protected":false},"author":10,"featured_media":0,"parent":0,"menu_order":0,"comment_status":"open","ping_status":"open","template":"landing_page.php","meta":[],"yoast_head":"<!-- This site is optimized with the Yoast SEO plugin v16.0.2 - https:\/\/yoast.com\/wordpress\/plugins\/seo\/ -->\n<link rel=\"canonical\" href=\"https:\/\/www.comunello.com\/it\/careers-job-tornitore-cnc\/\" \/>\n<meta property=\"og:locale\" content=\"it_IT\" \/>\n<meta property=\"og:type\" content=\"article\" \/>\n<meta property=\"og:title\" content=\"CORPORATE \/ CAREERS - JOB TORNITORE CNC - Fratelli COMUNELLO\" \/>\n<meta property=\"og:description\" content=\"[vc_row css_animation=&#8221;&#8221; row_type=&#8221;row&#8221; use_row_as_full_screen_section=&#8221;no&#8221; type=&#8221;full_width&#8221; angled_section=&#8221;no&#8221; text_align=&#8221;center&#8221; background_image=&#8221;35584&#8243; background_image_as_pattern=&#8221;without_pattern&#8221;][vc_column][vc_empty_space height=&#8221;540px&#8221;][\/vc_column][\/vc_row][vc_row css_animation=&#8221;&#8221; row_type=&#8221;row&#8221; use_row_as_full_screen_section=&#8221;no&#8221; type=&#8221;grid&#8221; angled_section=&#8221;no&#8221; text_align=&#8221;center&#8221; background_image_as_pattern=&#8221;without_pattern&#8221; background_color=&#8221;#ffffff&#8221; css=&#8221;.vc_custom_1663235868531{background-color: #ffffff !important;}&#8221;][vc_column width=&#8221;1\/6&#8243; el_class=&#8221;testo_az&#8221;][\/vc_column][vc_column width=&#8221;2\/3&#8243;][vc_empty_space][vc_empty_space][vc_column_text el_class=&#8221;testoannuncio&#8221;]...\" \/>\n<meta property=\"og:url\" content=\"https:\/\/www.comunello.com\/it\/careers-job-tornitore-cnc\/\" \/>\n<meta property=\"og:site_name\" content=\"Fratelli COMUNELLO\" \/>\n<meta property=\"article:modified_time\" content=\"2025-10-23T14:17:41+00:00\" \/>\n<meta property=\"og:image\" content=\"https:\/\/www.comunello.com\/wp-content\/uploads\/2022\/09\/icon-linkedin-100.png\" \/>\n<meta name=\"twitter:card\" content=\"summary_large_image\" \/>\n<meta name=\"twitter:label1\" content=\"Tempo di lettura stimato\">\n\t<meta name=\"twitter:data1\" content=\"2 minuti\">\n<script type=\"application\/ld+json\" class=\"yoast-schema-graph\">{\"@context\":\"https:\/\/schema.org\",\"@graph\":[{\"@type\":\"WebSite\",\"@id\":\"https:\/\/www.comunello.com\/#website\",\"url\":\"https:\/\/www.comunello.com\/\",\"name\":\"Fratelli COMUNELLO\",\"description\":\"| Life Made Easy\",\"potentialAction\":[{\"@type\":\"SearchAction\",\"target\":\"https:\/\/www.comunello.com\/?s={search_term_string}\",\"query-input\":\"required name=search_term_string\"}],\"inLanguage\":\"it-IT\"},{\"@type\":\"ImageObject\",\"@id\":\"https:\/\/www.comunello.com\/it\/careers-job-tornitore-cnc\/#primaryimage\",\"inLanguage\":\"it-IT\",\"url\":\"https:\/\/www.comunello.com\/wp-content\/uploads\/2022\/09\/icon-linkedin-100.png\",\"width\":100,\"height\":100,\"caption\":\"icon linkedin 100\"},{\"@type\":\"WebPage\",\"@id\":\"https:\/\/www.comunello.com\/it\/careers-job-tornitore-cnc\/#webpage\",\"url\":\"https:\/\/www.comunello.com\/it\/careers-job-tornitore-cnc\/\",\"name\":\"CORPORATE \/ CAREERS - JOB TORNITORE CNC - Fratelli COMUNELLO\",\"isPartOf\":{\"@id\":\"https:\/\/www.comunello.com\/#website\"},\"primaryImageOfPage\":{\"@id\":\"https:\/\/www.comunello.com\/it\/careers-job-tornitore-cnc\/#primaryimage\"},\"datePublished\":\"2025-10-23T14:06:17+00:00\",\"dateModified\":\"2025-10-23T14:17:41+00:00\",\"breadcrumb\":{\"@id\":\"https:\/\/www.comunello.com\/it\/careers-job-tornitore-cnc\/#breadcrumb\"},\"inLanguage\":\"it-IT\",\"potentialAction\":[{\"@type\":\"ReadAction\",\"target\":[\"https:\/\/www.comunello.com\/it\/careers-job-tornitore-cnc\/\"]}]},{\"@type\":\"BreadcrumbList\",\"@id\":\"https:\/\/www.comunello.com\/it\/careers-job-tornitore-cnc\/#breadcrumb\",\"itemListElement\":[{\"@type\":\"ListItem\",\"position\":1,\"item\":{\"@type\":\"WebPage\",\"@id\":\"https:\/\/www.comunello.com\/it\/\",\"url\":\"https:\/\/www.comunello.com\/it\/\",\"name\":\"Home\"}},{\"@type\":\"ListItem\",\"position\":2,\"item\":{\"@type\":\"WebPage\",\"@id\":\"https:\/\/www.comunello.com\/it\/careers-job-tornitore-cnc\/\",\"url\":\"https:\/\/www.comunello.com\/it\/careers-job-tornitore-cnc\/\",\"name\":\"CORPORATE \/ CAREERS &#8211; JOB TORNITORE CNC\"}}]}]}<\/script>\n<!-- \/ Yoast SEO plugin. -->","_links":{"self":[{"href":"https:\/\/www.comunello.com\/it\/wp-json\/wp\/v2\/pages\/50901\/"}],"collection":[{"href":"https:\/\/www.comunello.com\/it\/wp-json\/wp\/v2\/pages\/"}],"about":[{"href":"https:\/\/www.comunello.com\/it\/wp-json\/wp\/v2\/types\/page\/"}],"author":[{"embeddable":true,"href":"https:\/\/www.comunello.com\/it\/wp-json\/wp\/v2\/users\/10\/"}],"replies":[{"embeddable":true,"href":"https:\/\/www.comunello.com\/it\/wp-json\/wp\/v2\/comments\/?post=50901"}],"version-history":[{"count":3,"href":"https:\/\/www.comunello.com\/it\/wp-json\/wp\/v2\/pages\/50901\/revisions\/"}],"predecessor-version":[{"id":50929,"href":"https:\/\/www.comunello.com\/it\/wp-json\/wp\/v2\/pages\/50901\/revisions\/50929\/"}],"wp:attachment":[{"href":"https:\/\/www.comunello.com\/it\/wp-json\/wp\/v2\/media\/?parent=50901"}],"curies":[{"name":"wp","href":"https:\/\/api.w.org\/{rel}","templated":true}]}}