{"id":377,"date":"2014-12-10T12:58:56","date_gmt":"2014-12-10T12:58:56","guid":{"rendered":"http:\/\/www.comunello.com\/?page_id=377"},"modified":"2020-10-29T12:45:38","modified_gmt":"2020-10-29T10:45:38","slug":"cemarking","status":"publish","type":"page","link":"https:\/\/www.comunello.com\/it\/gate\/cemarking\/","title":{"rendered":"GATE Marcatura CE"},"content":{"rendered":"<p>[vc_row css_animation=&#8221;&#8221; row_type=&#8221;row&#8221; use_row_as_full_screen_section=&#8221;no&#8221; type=&#8221;full_width&#8221; angled_section=&#8221;no&#8221; text_align=&#8221;left&#8221; background_image_as_pattern=&#8221;without_pattern&#8221;][vc_column][vc_column_text]<br \/>\n[\/vc_column_text][\/vc_column][\/vc_row][vc_row css_animation=&#8221;&#8221; row_type=&#8221;row&#8221; use_row_as_full_screen_section=&#8221;no&#8221; type=&#8221;full_width&#8221; angled_section=&#8221;no&#8221; text_align=&#8221;left&#8221; background_image_as_pattern=&#8221;without_pattern&#8221; padding_top=&#8221;35&#8243;][vc_column][vc_empty_space height=&#8221;40px&#8221;][vc_column_text]\n\t\t\t<!-- START Marcatura CE REVOLUTION SLIDER 6.4.6 --><p class=\"rs-p-wp-fix\"><\/p>\n\t\t\t<rs-module-wrap id=\"rev_slider_71_1_wrapper\" data-source=\"gallery\" style=\"background:#dadada;padding:0;margin:0px auto;margin-top:0;margin-bottom:0;\">\n\t\t\t\t<rs-module id=\"rev_slider_71_1\" style=\"\" data-version=\"6.4.6\">\n\t\t\t\t\t<rs-slides>\n\t\t\t\t\t\t<rs-slide data-key=\"rs-490\" data-title=\"Slide\" data-anim=\"ms:310;\" data-in=\"o:0;\" data-out=\"a:false;\">\n\t\t\t\t\t\t\t<img src=\"\/\/www.comunello.com\/wp-content\/uploads\/2017\/04\/fabbri_quadr_02_bn.jpg\" title=\"GATE Marcatura CE\" class=\"rev-slidebg tp-rs-img\" data-bg=\"p:center bottom;\" data-no-retina>\n<!---->\t\t\t\t\t\t<\/rs-slide>\n\t\t\t\t\t<\/rs-slides>\n\t\t\t\t<\/rs-module>\n\t\t\t<\/rs-module-wrap>\n\t\t\t<!-- END REVOLUTION SLIDER -->\n[\/vc_column_text][vc_empty_space height=&#8221;60px&#8221;][\/vc_column][\/vc_row][vc_row css_animation=&#8221;&#8221; row_type=&#8221;row&#8221; use_row_as_full_screen_section=&#8221;no&#8221; type=&#8221;grid&#8221; angled_section=&#8221;no&#8221; text_align=&#8221;left&#8221; background_image_as_pattern=&#8221;without_pattern&#8221; padding_top=&#8221;35&#8243;][vc_column width=&#8221;1\/2&#8243;][vc_single_image image=&#8221;397&#8243; img_size=&#8221;full&#8221; qode_css_animation=&#8221;&#8221;][\/vc_column][vc_column width=&#8221;1\/2&#8243;][vc_empty_space][vc_column_text]<\/p>\n<h1>CONSORZIO FABBRI ITALIA &#8211; COMUNELLO: UN&#8217;ALLEANZA CHE \u00c8 GARANZIA<\/h1>\n<p>[\/vc_column_text][\/vc_column][\/vc_row][vc_row css_animation=&#8221;&#8221; row_type=&#8221;row&#8221; use_row_as_full_screen_section=&#8221;no&#8221; type=&#8221;grid&#8221; angled_section=&#8221;no&#8221; text_align=&#8221;left&#8221; background_image_as_pattern=&#8221;without_pattern&#8221; padding_top=&#8221;25&#8243;][vc_column css=&#8221;.vc_custom_1554455990107{padding-right: 100px !important;padding-left: 100px !important;}&#8221;][vc_empty_space height=&#8221;62px&#8221;][vc_column_text el_class=&#8221;testo_marcatura&#8221;]Il <strong>CONSORZIO FABBRI ITALIA<\/strong> \u00e8 una realt\u00e0 consortile costituita nel 1999 che raggruppa quasi 250 imprese artigiane del settore metalmeccanico presenti in varie Regioni d\u2019Italia. Dal 2016 oltre alla sede centrale di Verona ha attivato un proprio Info Point a Gallarate (VA) ed ha dei propri collaboratori in alcune zone d\u2019Italia.<\/p>\n<p>Dal 2017 il <strong>CONSORZIO FABBRI ITALIA<\/strong> \u00e8 Socio Effettivo dell\u2019<strong>UNI \u2013 Ente nazionale italiano di Unificazione<\/strong>.<\/p>\n<p>Il CONSORZIO FABBRI ITALIA in collaborazione con alcune Associazioni e diversi consulenti tecnici \u00e8 in grado di fornire formazione altamente specializzata nonch\u00e9 assistenza e supporto tecnico, anche organizzando incontri formativi, nei seguenti settori:[\/vc_column_text][vc_empty_space height=&#8221;12px&#8221;][vc_column_text el_class=&#8221;testo_marcatura&#8221;] \u2022 marcatura CE di cancelli e portoni norma UNI EN 13241:2016;<br \/>\n\u2022 accesso ad un\u2019area riservata ai Soci nel sito www.confabit.it dove sono consultabili norme, dispense tecniche, listini prezzi dei fornitori ed un software per richiedere la marcatura CE dei cancelli e portoni online;<br \/>\n\u2022 chiusure manuali ed automatizzate UNI EN 12453:2017;<br \/>\n\u2022 chiusure resistenti al fuoco, porte in vie di esodo;<br \/>\n\u2022 qualifica di saldatori con propri istruttori, con Ente Terzo accreditato secondo la Norma UNI EN 9606-1:2017;<br \/>\n\u2022 qualifica di personale addetto ai CND secondo la Norma UNI EN ISO 9712;<br \/>\n\u2022 qualifica di procedimenti di saldatura secondo la Norma UNI EN ISO 15614;<br \/>\n\u2022 assistenza sulla marcatura CE dello strutturale, Normativa UNI EN 1090;<br \/>\n\u2022 convenzioni prezzi per acquistare materiali di consumo, con alcune aziende produttrici di livello nazionale.[\/vc_column_text][\/vc_column][\/vc_row][vc_row css_animation=&#8221;&#8221; row_type=&#8221;row&#8221; use_row_as_full_screen_section=&#8221;no&#8221; type=&#8221;grid&#8221; angled_section=&#8221;no&#8221; text_align=&#8221;left&#8221; background_image_as_pattern=&#8221;without_pattern&#8221;][vc_column][vc_separator type=&#8221;normal&#8221; color=&#8221;#9b9b9b&#8221; thickness=&#8221;1&#8243; up=&#8221;20&#8243; down=&#8221;20&#8243;][\/vc_column][\/vc_row][vc_row css_animation=&#8221;&#8221; row_type=&#8221;row&#8221; use_row_as_full_screen_section=&#8221;no&#8221; type=&#8221;grid&#8221; angled_section=&#8221;no&#8221; text_align=&#8221;left&#8221; background_image_as_pattern=&#8221;without_pattern&#8221;][vc_column width=&#8221;1\/12&#8243;][\/vc_column][vc_column width=&#8221;5\/12&#8243;][vc_single_image image=&#8221;24282&#8243; img_size=&#8221;full&#8221; qode_css_animation=&#8221;&#8221;][\/vc_column][vc_column width=&#8221;5\/12&#8243;][vc_single_image image=&#8221;24281&#8243; img_size=&#8221;full&#8221; qode_css_animation=&#8221;&#8221;][\/vc_column][vc_column width=&#8221;1\/12&#8243;][\/vc_column][\/vc_row][vc_row css_animation=&#8221;&#8221; row_type=&#8221;row&#8221; use_row_as_full_screen_section=&#8221;no&#8221; type=&#8221;grid&#8221; angled_section=&#8221;no&#8221; text_align=&#8221;left&#8221; background_image_as_pattern=&#8221;without_pattern&#8221;][vc_column][vc_separator type=&#8221;normal&#8221; color=&#8221;#9b9b9b&#8221; thickness=&#8221;1&#8243; up=&#8221;20&#8243; down=&#8221;20&#8243;][\/vc_column][\/vc_row][vc_row css_animation=&#8221;&#8221; row_type=&#8221;row&#8221; use_row_as_full_screen_section=&#8221;no&#8221; type=&#8221;grid&#8221; angled_section=&#8221;no&#8221; text_align=&#8221;left&#8221; background_image_as_pattern=&#8221;without_pattern&#8221; padding_top=&#8221;25&#8243;][vc_column css=&#8221;.vc_custom_1554456002859{padding-right: 100px !important;padding-left: 100px !important;}&#8221;][vc_column_text el_class=&#8221;testo_marcatura&#8221;]Questa alleanza fornisce in definitiva gli strumenti per soddisfare il Regolamento Prodotti da Costruzione (305\/2011).<\/p>\n<p>Il CONSORZIO FABBRI ITALIA, grazie ai propri tecnici, \u00e8 in grado di rispondere a queste domande e offre un sistema per la marcatura di cancelli e portoni manuali molto interessante consentendo di mettersi in regola in tempi rapidi ed a costi contenuti.<\/p>\n<p>In questo momento per dare sostegno alle imprese \u00e8 necessario pi\u00f9 che mai fornire risposte utili, costruttive e tecniche ed \u00e8 necessario organizzare iniziative dalle ricadute reali e immediate sul lavoro degli artigiani[\/vc_column_text][vc_empty_space height=&#8221;40px&#8221;][\/vc_column][\/vc_row][vc_row css_animation=&#8221;&#8221; row_type=&#8221;row&#8221; use_row_as_full_screen_section=&#8221;no&#8221; type=&#8221;grid&#8221; angled_section=&#8221;no&#8221; text_align=&#8221;center&#8221; background_image_as_pattern=&#8221;without_pattern&#8221; padding_top=&#8221;20&#8243; css=&#8221;.vc_custom_1491554528002{background-color: #ffffff !important;}&#8221;][vc_column width=&#8221;1\/3&#8243; css=&#8221;.vc_custom_1491554102424{padding-right: 0px !important;}&#8221;][\/vc_column][vc_column width=&#8221;1\/3&#8243; css=&#8221;.vc_custom_1491555099258{padding-left: 0px !important;}&#8221;][vc_single_image image=&#8221;13600&#8243; img_size=&#8221;&#8221; qode_css_animation=&#8221;&#8221; css=&#8221;.vc_custom_1492511135672{margin-bottom: 0px !important;}&#8221;][\/vc_column][vc_column width=&#8221;1\/3&#8243;][\/vc_column][\/vc_row][vc_row css_animation=&#8221;&#8221; row_type=&#8221;row&#8221; use_row_as_full_screen_section=&#8221;no&#8221; type=&#8221;full_width&#8221; angled_section=&#8221;no&#8221; text_align=&#8221;left&#8221; background_image_as_pattern=&#8221;without_pattern&#8221;][vc_column][vc_column_text]<br \/>\n[\/vc_column_text][\/vc_column][\/vc_row][vc_row css_animation=&#8221;&#8221; row_type=&#8221;row&#8221; use_row_as_full_screen_section=&#8221;no&#8221; type=&#8221;full_width&#8221; angled_section=&#8221;no&#8221; text_align=&#8221;left&#8221; background_image_as_pattern=&#8221;without_pattern&#8221;][vc_column][vc_column_text]<br \/>\n[\/vc_column_text][\/vc_column][\/vc_row]<\/p>\n","protected":false},"excerpt":{"rendered":"<p>[vc_row css_animation=&#8221;&#8221; row_type=&#8221;row&#8221; use_row_as_full_screen_section=&#8221;no&#8221; type=&#8221;full_width&#8221; angled_section=&#8221;no&#8221; text_align=&#8221;left&#8221; background_image_as_pattern=&#8221;without_pattern&#8221;][vc_column][vc_column_text] [\/vc_column_text][\/vc_column][\/vc_row][vc_row css_animation=&#8221;&#8221; row_type=&#8221;row&#8221; use_row_as_full_screen_section=&#8221;no&#8221; type=&#8221;full_width&#8221; angled_section=&#8221;no&#8221; text_align=&#8221;left&#8221; background_image_as_pattern=&#8221;without_pattern&#8221; padding_top=&#8221;35&#8243;][vc_column][vc_empty_space height=&#8221;40px&#8221;][vc_column_text][\/vc_column_text][vc_empty_space height=&#8221;60px&#8221;][\/vc_column][\/vc_row][vc_row css_animation=&#8221;&#8221; row_type=&#8221;row&#8221; use_row_as_full_screen_section=&#8221;no&#8221; type=&#8221;grid&#8221; angled_section=&#8221;no&#8221; text_align=&#8221;left&#8221;&#8230;<\/p>\n","protected":false},"author":1,"featured_media":0,"parent":325,"menu_order":0,"comment_status":"open","ping_status":"open","template":"full_width.php","meta":[],"yoast_head":"<!-- This site is optimized with the Yoast SEO plugin v16.0.2 - https:\/\/yoast.com\/wordpress\/plugins\/seo\/ -->\n<link rel=\"canonical\" href=\"https:\/\/www.comunello.com\/it\/gate\/cemarking\/\" \/>\n<meta property=\"og:locale\" content=\"it_IT\" \/>\n<meta property=\"og:type\" content=\"article\" \/>\n<meta property=\"og:title\" content=\"GATE Marcatura CE - Fratelli COMUNELLO\" \/>\n<meta property=\"og:description\" content=\"[vc_row css_animation=&#8221;&#8221; row_type=&#8221;row&#8221; use_row_as_full_screen_section=&#8221;no&#8221; type=&#8221;full_width&#8221; angled_section=&#8221;no&#8221; text_align=&#8221;left&#8221; background_image_as_pattern=&#8221;without_pattern&#8221;][vc_column][vc_column_text] [\/vc_column_text][\/vc_column][\/vc_row][vc_row css_animation=&#8221;&#8221; row_type=&#8221;row&#8221; use_row_as_full_screen_section=&#8221;no&#8221; type=&#8221;full_width&#8221; angled_section=&#8221;no&#8221; text_align=&#8221;left&#8221; background_image_as_pattern=&#8221;without_pattern&#8221; padding_top=&#8221;35&#8243;][vc_column][vc_empty_space height=&#8221;40px&#8221;][vc_column_text][\/vc_column_text][vc_empty_space height=&#8221;60px&#8221;][\/vc_column][\/vc_row][vc_row css_animation=&#8221;&#8221; row_type=&#8221;row&#8221; use_row_as_full_screen_section=&#8221;no&#8221; type=&#8221;grid&#8221; angled_section=&#8221;no&#8221; text_align=&#8221;left&#8221;...\" \/>\n<meta property=\"og:url\" content=\"https:\/\/www.comunello.com\/it\/gate\/cemarking\/\" \/>\n<meta property=\"og:site_name\" content=\"Fratelli COMUNELLO\" \/>\n<meta property=\"article:modified_time\" content=\"2020-10-29T10:45:38+00:00\" \/>\n<meta name=\"twitter:card\" content=\"summary_large_image\" \/>\n<meta name=\"twitter:label1\" content=\"Tempo di lettura stimato\">\n\t<meta name=\"twitter:data1\" content=\"5 minuti\">\n<script type=\"application\/ld+json\" class=\"yoast-schema-graph\">{\"@context\":\"https:\/\/schema.org\",\"@graph\":[{\"@type\":\"WebSite\",\"@id\":\"https:\/\/www.comunello.com\/#website\",\"url\":\"https:\/\/www.comunello.com\/\",\"name\":\"Fratelli COMUNELLO\",\"description\":\"| Life Made Easy\",\"potentialAction\":[{\"@type\":\"SearchAction\",\"target\":\"https:\/\/www.comunello.com\/?s={search_term_string}\",\"query-input\":\"required name=search_term_string\"}],\"inLanguage\":\"it-IT\"},{\"@type\":\"WebPage\",\"@id\":\"https:\/\/www.comunello.com\/it\/gate\/cemarking\/#webpage\",\"url\":\"https:\/\/www.comunello.com\/it\/gate\/cemarking\/\",\"name\":\"GATE Marcatura CE - Fratelli COMUNELLO\",\"isPartOf\":{\"@id\":\"https:\/\/www.comunello.com\/#website\"},\"datePublished\":\"2014-12-10T12:58:56+00:00\",\"dateModified\":\"2020-10-29T10:45:38+00:00\",\"breadcrumb\":{\"@id\":\"https:\/\/www.comunello.com\/it\/gate\/cemarking\/#breadcrumb\"},\"inLanguage\":\"it-IT\",\"potentialAction\":[{\"@type\":\"ReadAction\",\"target\":[\"https:\/\/www.comunello.com\/it\/gate\/cemarking\/\"]}]},{\"@type\":\"BreadcrumbList\",\"@id\":\"https:\/\/www.comunello.com\/it\/gate\/cemarking\/#breadcrumb\",\"itemListElement\":[{\"@type\":\"ListItem\",\"position\":1,\"item\":{\"@type\":\"WebPage\",\"@id\":\"https:\/\/www.comunello.com\/it\/\",\"url\":\"https:\/\/www.comunello.com\/it\/\",\"name\":\"Home\"}},{\"@type\":\"ListItem\",\"position\":2,\"item\":{\"@type\":\"WebPage\",\"@id\":\"https:\/\/www.comunello.com\/it\/gate\/\",\"url\":\"https:\/\/www.comunello.com\/it\/gate\/\",\"name\":\"GATE\"}},{\"@type\":\"ListItem\",\"position\":3,\"item\":{\"@type\":\"WebPage\",\"@id\":\"https:\/\/www.comunello.com\/it\/gate\/cemarking\/\",\"url\":\"https:\/\/www.comunello.com\/it\/gate\/cemarking\/\",\"name\":\"GATE Marcatura CE\"}}]}]}<\/script>\n<!-- \/ Yoast SEO plugin. -->","_links":{"self":[{"href":"https:\/\/www.comunello.com\/it\/wp-json\/wp\/v2\/pages\/377\/"}],"collection":[{"href":"https:\/\/www.comunello.com\/it\/wp-json\/wp\/v2\/pages\/"}],"about":[{"href":"https:\/\/www.comunello.com\/it\/wp-json\/wp\/v2\/types\/page\/"}],"author":[{"embeddable":true,"href":"https:\/\/www.comunello.com\/it\/wp-json\/wp\/v2\/users\/1\/"}],"replies":[{"embeddable":true,"href":"https:\/\/www.comunello.com\/it\/wp-json\/wp\/v2\/comments\/?post=377"}],"version-history":[{"count":18,"href":"https:\/\/www.comunello.com\/it\/wp-json\/wp\/v2\/pages\/377\/revisions\/"}],"predecessor-version":[{"id":29478,"href":"https:\/\/www.comunello.com\/it\/wp-json\/wp\/v2\/pages\/377\/revisions\/29478\/"}],"up":[{"embeddable":true,"href":"https:\/\/www.comunello.com\/it\/wp-json\/wp\/v2\/pages\/325\/"}],"wp:attachment":[{"href":"https:\/\/www.comunello.com\/it\/wp-json\/wp\/v2\/media\/?parent=377"}],"curies":[{"name":"wp","href":"https:\/\/api.w.org\/{rel}","templated":true}]}}