{"id":30223,"date":"2021-02-18T10:18:35","date_gmt":"2021-02-18T08:18:35","guid":{"rendered":"https:\/\/www.comunello.com\/it\/?page_id=30223"},"modified":"2021-02-18T10:38:38","modified_gmt":"2021-02-18T08:38:38","slug":"gate-fabbro","status":"publish","type":"page","link":"https:\/\/www.comunello.com\/it\/gate\/gate-fabbro\/","title":{"rendered":"GATE- FABBRO"},"content":{"rendered":"<p>[vc_row css_animation=&#8221;&#8221; row_type=&#8221;row&#8221; use_row_as_full_screen_section=&#8221;no&#8221; type=&#8221;full_width&#8221; angled_section=&#8221;no&#8221; text_align=&#8221;left&#8221; background_image_as_pattern=&#8221;without_pattern&#8221; background_color=&#8221;#f2f2f2&#8243;][vc_column][vc_empty_space height=&#8221;70&#8243;][vc_row_inner row_type=&#8221;row&#8221; type=&#8221;grid&#8221; text_align=&#8221;left&#8221; css_animation=&#8221;&#8221;][vc_column_inner offset=&#8221;vc_hidden-sm vc_hidden-xs&#8221;][vc_column_text css=&#8221;.vc_custom_1496819543829{padding-left: 5px !important;}&#8221;]<\/p>\n<p class=\"titoletto_divisione\" style=\"text-align: left;\">Accessori per cancelli e portoni industriali<\/p>\n<p>[\/vc_column_text][\/vc_column_inner][\/vc_row_inner][\/vc_column][\/vc_row][vc_row css_animation=&#8221;&#8221; row_type=&#8221;row&#8221; use_row_as_full_screen_section=&#8221;no&#8221; type=&#8221;full_width&#8221; angled_section=&#8221;no&#8221; text_align=&#8221;left&#8221; background_image_as_pattern=&#8221;without_pattern&#8221; border_color=&#8221;#d8d8d8&#8243; padding_top=&#8221;0&#8243;][vc_column][vc_column_text css=&#8221;.vc_custom_1613636390736{padding-bottom: 1px !important;}&#8221;]\n\t\t\t<!-- START Gate \/ Home NS \/ FABBRO REVOLUTION SLIDER 6.4.6 --><p class=\"rs-p-wp-fix\"><\/p>\n\t\t\t<rs-module-wrap id=\"rev_slider_430_1_wrapper\" data-source=\"gallery\" style=\"background:#dadada;padding:0;margin:0px auto;margin-top:0;margin-bottom:0;max-width:;\">\n\t\t\t\t<rs-module id=\"rev_slider_430_1\" style=\"\" data-version=\"6.4.6\">\n\t\t\t\t\t<rs-slides>\n\t\t\t\t\t\t<rs-slide data-key=\"rs-2044\" data-title=\"INTEGRATION\" data-link=\"\/\/www.comunello.com\/it\/gate\/opportunity\/\" data-target=\"_self\" data-seoz=\"front\" data-duration=\"8000\" data-anim=\"r:0;\" data-in=\"o:0;\" data-out=\"a:false;\">\n\t\t\t\t\t\t\t<img src=\"\/\/www.comunello.com\/wp-content\/uploads\/2021\/02\/slider-fabbro-Recuperato-01-scaled.jpg\" alt=\"slider fabbro Recuperato 01\" title=\"slider fabbro Recuperato 01\" width=\"2560\" height=\"551\" class=\"rev-slidebg tp-rs-img\" data-no-retina>\n<!--\n\t\t\t\t\t\t\t--><rs-layer\n\t\t\t\t\t\t\t\tid=\"slider-430-slide-2044-layer-4\" \n\t\t\t\t\t\t\t\tdata-type=\"image\"\n\t\t\t\t\t\t\t\tdata-rsp_ch=\"on\"\n\t\t\t\t\t\t\t\tdata-xy=\"x:768px;y:46px;\"\n\t\t\t\t\t\t\t\tdata-text=\"w:normal;\"\n\t\t\t\t\t\t\t\tdata-dim=\"w:291px;h:352px;\"\n\t\t\t\t\t\t\t\tdata-frame_999=\"o:0;st:w;\"\n\t\t\t\t\t\t\t\tstyle=\"z-index:7;\"\n\t\t\t\t\t\t\t><img src=\"\/\/www.comunello.com\/wp-content\/uploads\/2021\/03\/Cogli-perslider-it.jpg\" alt=\"Cogli perslider it\" class=\"tp-rs-img\" width=\"291\" height=\"352\" data-no-retina> \n\t\t\t\t\t\t\t<\/rs-layer><!--\n\n\t\t\t\t\t\t\t--><a\n\t\t\t\t\t\t\t\tid=\"slider-430-slide-2044-layer-7\" \n\t\t\t\t\t\t\t\tclass=\"rs-layer NotGeneric-Button rev-btn\"\n\t\t\t\t\t\t\t\thref=\"https:\/\/www.comunello.com\/it\/gate\/opportunity\/\" target=\"_blank\" rel=\"noopener\"\n\t\t\t\t\t\t\t\tdata-type=\"button\"\n\t\t\t\t\t\t\t\tdata-color=\"rgba(255,255,255,1)\"\n\t\t\t\t\t\t\t\tdata-xy=\"x:772px;y:c;yo:192px;\"\n\t\t\t\t\t\t\t\tdata-text=\"s:14;l:14;ls:3px;fw:500;\"\n\t\t\t\t\t\t\t\tdata-rsp_bd=\"off\"\n\t\t\t\t\t\t\t\tdata-padding=\"t:12;r:30;b:10;l:30;\"\n\t\t\t\t\t\t\t\tdata-border=\"bos:solid;boc:rgba(255,255,255,0.50);bow:1,1,1,1;\"\n\t\t\t\t\t\t\t\tdata-frame_0=\"y:50px;tp:600;\"\n\t\t\t\t\t\t\t\tdata-frame_1=\"tp:600;e:power4.inOut;st:2000;sp:1500;\"\n\t\t\t\t\t\t\t\tdata-frame_999=\"y:175%;tp:600;e:power2.inOut;st:w;sp:1000;\"\n\t\t\t\t\t\t\t\tdata-frame_999_mask=\"u:t;\"\n\t\t\t\t\t\t\t\tdata-frame_hover=\"bgc:transparent;boc:#fff;bor:0px,0px,0px,0px;bos:solid;bow:1,1,1,1;oX:50;oY:50;e:power1.inOut;\"\n\t\t\t\t\t\t\t\tstyle=\"z-index:5;background-color:#d0242b;font-family:helvmd;cursor:pointer;outline:none;box-shadow:none;box-sizing:border-box;-moz-box-sizing:border-box;-webkit-box-sizing:border-box;\"\n\t\t\t\t\t\t\t>SCOPRI DI PI\u00d9 \n\t\t\t\t\t\t\t<\/a><!--\n-->\t\t\t\t\t\t<\/rs-slide>\n\t\t\t\t\t<\/rs-slides>\n\t\t\t\t<\/rs-module>\n\t\t\t<\/rs-module-wrap>\n\t\t\t<!-- END REVOLUTION SLIDER -->\n[\/vc_column_text][\/vc_column][\/vc_row][vc_row css_animation=&#8221;&#8221; row_type=&#8221;row&#8221; use_row_as_full_screen_section=&#8221;no&#8221; type=&#8221;full_width&#8221; angled_section=&#8221;no&#8221; text_align=&#8221;left&#8221; background_image_as_pattern=&#8221;without_pattern&#8221; background_color=&#8221;#ffffff&#8221; padding_top=&#8221;0&#8243; css=&#8221;.vc_custom_1490189180882{padding-right: 100px !important;padding-left: 100px !important;}&#8221;][vc_column][vc_raw_html]JTIwJTNDZGl2JTIwaWQlM0QlMjJwcm9kb3R0aSUyMiUyMHN0eWxlJTNEJTIycG9zaXRpb24lM0ElMjBhYnNvbHV0ZSUzQiUwQSUyMCUyMCUyMCUyMHRvcCUzQSUyMC0xNTBweCUzQiUwQSUyMCUyMCUyMCUyMHZpc2liaWxpdHklM0ElMjBoaWRkZW4lM0IlMjIlM0UlM0MlMkZkaXYlM0U=[\/vc_raw_html][vc_empty_space height=&#8221;30px&#8221;][\/vc_column][\/vc_row][vc_row css_animation=&#8221;&#8221; row_type=&#8221;row&#8221; use_row_as_full_screen_section=&#8221;yes&#8221; type=&#8221;full_width&#8221; angled_section=&#8221;no&#8221; text_align=&#8221;center&#8221; background_image_as_pattern=&#8221;without_pattern&#8221; background_color=&#8221;#ffffff&#8221; padding_top=&#8221;0&#8243; el_class=&#8221;testiprodotti_divisione&#8221;][vc_column width=&#8221;1\/3&#8243;][vc_row_inner row_type=&#8221;row&#8221; type=&#8221;full_width&#8221; text_align=&#8221;left&#8221; css_animation=&#8221;&#8221;][vc_column_inner width=&#8221;1\/3&#8243;][\/vc_column_inner][vc_column_inner width=&#8221;1\/3&#8243;][vc_column_text]<a href=\"http:\/\/www.comunello.com\/it\/gate\/products\/cancello-ad-ante\/\"><img loading=\"lazy\" class=\"aligncenter\" src=\"\/media\/products\/gate\/cancello_ad_ante\/comunello-gate-cancello_ad_ante-icon.jpg\" alt=\"\" width=\"70\" height=\"44\" \/><\/a>[\/vc_column_text][vc_column_text el_class=&#8221;col_div_gate&#8221;]<\/p>\n<p style=\"text-align: center;\"><a href=\"http:\/\/www.comunello.com\/it\/gate\/products\/cancello-ad-ante\/\">CANCELLO AD ANTE<\/a><\/p>\n<p>[\/vc_column_text][vc_empty_space][\/vc_column_inner][vc_column_inner width=&#8221;1\/3&#8243;][vc_column_text]<a href=\"http:\/\/www.comunello.com\/it\/gate\/products\/cancello-pedonale-ad-anta\/\"><img loading=\"lazy\" class=\"aligncenter\" src=\"\/media\/products\/gate\/cancello_pedonale_ad_anta\/comunello-gate-cancello_pedonale_ad_anta-icon.jpg\" alt=\"\" width=\"70\" height=\"44\" \/><\/a>[\/vc_column_text][vc_column_text el_class=&#8221;col_div_gate&#8221;]<\/p>\n<p style=\"text-align: center;\"><a href=\"http:\/\/www.comunello.com\/it\/gate\/products\/cancello-pedonale-ad-anta\/\">CANCELLO PEDONALE AD ANTA<\/a><\/p>\n<p>[\/vc_column_text][vc_empty_space][\/vc_column_inner][\/vc_row_inner][\/vc_column][vc_column width=&#8221;1\/3&#8243;][vc_row_inner row_type=&#8221;row&#8221; type=&#8221;full_width&#8221; text_align=&#8221;left&#8221; css_animation=&#8221;&#8221;][vc_column_inner width=&#8221;1\/3&#8243;][vc_column_text]<a href=\"http:\/\/www.comunello.com\/it\/gate\/products\/cancello-autoportante\/\"><img loading=\"lazy\" class=\"aligncenter\" src=\"\/media\/products\/gate\/cancello_autoportante\/comunello-gate-cancello_autoportante-icon.jpg\" alt=\"\" width=\"70\" height=\"44\" \/><\/a>[\/vc_column_text][vc_column_text el_class=&#8221;col_div_gate&#8221;]<\/p>\n<p style=\"text-align: center;\"><a href=\"http:\/\/www.comunello.com\/it\/gate\/products\/cancello-autoportante\/\">CANCELLO AUTOPORTANTE<\/a><\/p>\n<p>[\/vc_column_text][vc_empty_space][\/vc_column_inner][vc_column_inner width=&#8221;1\/3&#8243;][vc_column_text]<a href=\"http:\/\/www.comunello.com\/it\/gate\/products\/cancello-scorrevole\/\"><img loading=\"lazy\" class=\"aligncenter\" src=\"\/media\/products\/gate\/cancello_scorrevole\/comunello-gate-cancello_scorrevole-icon.jpg\" width=\"70\" height=\"44\" \/><\/a>[\/vc_column_text][vc_column_text el_class=&#8221;col_div_gate&#8221;]<\/p>\n<p style=\"text-align: center;\"><a href=\"http:\/\/www.comunello.com\/it\/gate\/products\/cancello-scorrevole\/\">CANCELLO SCORREVOLE<\/a><\/p>\n<p>[\/vc_column_text][vc_empty_space][\/vc_column_inner][vc_column_inner width=&#8221;1\/3&#8243;][vc_column_text]<a href=\"http:\/\/www.comunello.com\/it\/gate\/products\/porte-e-finestre-in-acciaio\/\"><img loading=\"lazy\" class=\"alignnone aligncenter\" src=\"\/media\/products\/gate\/porte_e_finestre_in_acciaio\/comunello-gate-porte_e_finestre_in_acciaio-icon.jpg\" alt=\"\" width=\"70\" height=\"44\" \/><\/a>[\/vc_column_text][vc_column_text el_class=&#8221;col_div_gate&#8221;]<\/p>\n<p style=\"text-align: center;\"><a href=\"http:\/\/www.comunello.com\/it\/gate\/products\/porte-e-finestre-in-acciaio\/\">PORTE E FINESTRE IN ACCIAIO<\/a><\/p>\n<p>[\/vc_column_text][vc_empty_space][\/vc_column_inner][\/vc_row_inner][\/vc_column][vc_column width=&#8221;1\/3&#8243;][vc_row_inner row_type=&#8221;row&#8221; type=&#8221;full_width&#8221; text_align=&#8221;left&#8221; css_animation=&#8221;&#8221;][vc_column_inner width=&#8221;1\/3&#8243;][vc_column_text]<a href=\"http:\/\/www.comunello.com\/it\/gate\/products\/portone-a-libro\/\"><img loading=\"lazy\" class=\"aligncenter\" src=\"\/media\/products\/gate\/portone_a_libro\/comunello-gate-portone_a_libro-icon.jpg\" width=\"70\" height=\"44\" \/><\/a>[\/vc_column_text][vc_column_text el_class=&#8221;col_div_gate&#8221;]<\/p>\n<p style=\"text-align: center;\"><a href=\"http:\/\/www.comunello.com\/it\/gate\/products\/portone-a-libro\/\">PORTONE A LIBRO<\/a><\/p>\n<p>[\/vc_column_text][vc_empty_space][\/vc_column_inner][vc_column_inner width=&#8221;1\/3&#8243;][vc_column_text]<a href=\"http:\/\/www.comunello.com\/it\/gate\/products\/portone-scorrevole\/\"><img loading=\"lazy\" class=\"aligncenter\" src=\"\/media\/products\/gate\/portone_scorrevole\/comunello-gate-portone_scorrevole-icon.jpg\" width=\"70\" height=\"44\" \/><\/a>[\/vc_column_text][vc_column_text el_class=&#8221;col_div_gate&#8221;]<\/p>\n<p style=\"text-align: center;\"><a href=\"http:\/\/www.comunello.com\/it\/gate\/products\/portone-scorrevole\/\">PORTONE SCORREVOLE<\/a><\/p>\n<p>[\/vc_column_text][vc_empty_space][\/vc_column_inner][vc_column_inner width=&#8221;1\/3&#8243;][\/vc_column_inner][\/vc_row_inner][\/vc_column][\/vc_row][vc_row css_animation=&#8221;&#8221; row_type=&#8221;row&#8221; use_row_as_full_screen_section=&#8221;no&#8221; type=&#8221;full_width&#8221; angled_section=&#8221;no&#8221; text_align=&#8221;left&#8221; background_image_as_pattern=&#8221;without_pattern&#8221;][vc_column][vc_empty_space][\/vc_column][\/vc_row][vc_row css_animation=&#8221;&#8221; row_type=&#8221;row&#8221; use_row_as_full_screen_section=&#8221;no&#8221; type=&#8221;full_width&#8221; angled_section=&#8221;no&#8221; text_align=&#8221;center&#8221; background_image=&#8221;25167&#8243; background_image_as_pattern=&#8221;without_pattern&#8221; background_color=&#8221;#d8d8d8&#8243;][vc_column][vc_empty_space height=&#8221;220px&#8221;][vc_column_text]<\/p>\n<p style=\"text-align: center;\"><a class=\"puls_conf_rosso\" href=\"http:\/\/www.comunello.com\/it\/gate\/configs\/\">Configura il tuo Cancello<\/a><\/p>\n<p>[\/vc_column_text][vc_empty_space height=&#8221;220px&#8221;][\/vc_column][\/vc_row][vc_row css_animation=&#8221;&#8221; row_type=&#8221;row&#8221; use_row_as_full_screen_section=&#8221;no&#8221; type=&#8221;full_width&#8221; angled_section=&#8221;no&#8221; text_align=&#8221;left&#8221; background_image_as_pattern=&#8221;without_pattern&#8221; background_color=&#8221;#ffffff&#8221; padding_top=&#8221;0&#8243;][vc_column][vc_empty_space height=&#8221;50px&#8221;][\/vc_column][\/vc_row][vc_row css_animation=&#8221;&#8221; row_type=&#8221;row&#8221; use_row_as_full_screen_section=&#8221;no&#8221; type=&#8221;full_width&#8221; angled_section=&#8221;no&#8221; text_align=&#8221;left&#8221; background_image_as_pattern=&#8221;without_pattern&#8221; background_color=&#8221;#ffffff&#8221;][vc_column][vc_empty_space height=&#8221;12px&#8221;][\/vc_column][\/vc_row][vc_row css_animation=&#8221;&#8221; row_type=&#8221;row&#8221; use_row_as_full_screen_section=&#8221;no&#8221; type=&#8221;grid&#8221; angled_section=&#8221;no&#8221; text_align=&#8221;left&#8221; background_image_as_pattern=&#8221;without_pattern&#8221; background_color=&#8221;#ffffff&#8221;][vc_column][vc_column_text]<\/p>\n<h1 style=\"font-size: 42px; font-family: helvth; text-align: center;\">MADE IN ITALY<br \/>\nDAL CONCETTO AL PRODOTTO<\/h1>\n<p>[\/vc_column_text][vc_empty_space][\/vc_column][\/vc_row][vc_row css_animation=&#8221;&#8221; row_type=&#8221;row&#8221; use_row_as_full_screen_section=&#8221;no&#8221; type=&#8221;grid&#8221; angled_section=&#8221;no&#8221; text_align=&#8221;left&#8221; background_image_as_pattern=&#8221;without_pattern&#8221; background_color=&#8221;#ffffff&#8221; css=&#8221;.vc_custom_1495533166047{padding-right: 50px !important;padding-left: 50px !important;}&#8221;][vc_column width=&#8221;1\/6&#8243;][\/vc_column][vc_column width=&#8221;2\/3&#8243;][vc_empty_space height=&#8221;20px&#8221;][vc_empty_space height=&#8221;20px&#8221;][vc_column_text el_class=&#8221;test_one_page&#8221;]La storica Divisione Gate di Fratelli Comunello propone da sempre sul mercato nazionale ed internazionale la pi\u00f9 vasta gamma di componenti per cancelli scorrevoli e portoni industriali dai pi\u00f9 leggeri ai pi\u00f9 pesanti e dai pi\u00f9 piccoli ai pi\u00f9 grandi.[\/vc_column_text][vc_empty_space height=&#8221;22px&#8221;][vc_column_text el_class=&#8221;test_one_page&#8221;]La pi\u00f9 ampia scelta di misure e l\u2019impiego di materiali come alluminio ferro ed acciaio inox completano il valore di un\u2019offerta davvero unica ed in grado di rispondere alle esigenze di tutte le tipologie di apertura di qualunque dimensione esse siano.[\/vc_column_text][vc_empty_space height=&#8221;22px&#8221;][vc_column_text el_class=&#8221;test_one_page&#8221;]Componenti per cancelli scorrevoli, autoportanti, a battente, \u00a0porte e portoni industriali: cardini, perni, ruote, cremagliere, binari, cerniere[\/vc_column_text][vc_empty_space][vc_empty_space][vc_empty_space][\/vc_column][vc_column width=&#8221;1\/6&#8243;][\/vc_column][\/vc_row][vc_row css_animation=&#8221;&#8221; row_type=&#8221;row&#8221; use_row_as_full_screen_section=&#8221;no&#8221; type=&#8221;full_width&#8221; angled_section=&#8221;no&#8221; text_align=&#8221;left&#8221; background_image_as_pattern=&#8221;without_pattern&#8221; background_color=&#8221;#ffffff&#8221;][vc_column][vc_empty_space height=&#8221;12px&#8221;][\/vc_column][\/vc_row][vc_row css_animation=&#8221;&#8221; row_type=&#8221;row&#8221; use_row_as_full_screen_section=&#8221;no&#8221; type=&#8221;full_width&#8221; angled_section=&#8221;no&#8221; text_align=&#8221;center&#8221; background_image_as_pattern=&#8221;without_pattern&#8221; background_color=&#8221;#262626&#8243; padding_top=&#8221;0&#8243; padding_bottom=&#8221;50&#8243; css=&#8221;.vc_custom_1603699032512{background-color: #262626 !important;}&#8221;][vc_column][vc_empty_space][vc_empty_space height=&#8221;12px&#8221;][vc_column_text]<\/p>\n<p class=\"titoletto_divisioneb\" style=\"color: #ffffff;\">Download<\/p>\n<p>[\/vc_column_text][vc_empty_space height=&#8221;12px&#8221;][vc_empty_space][vc_row_inner row_type=&#8221;row&#8221; type=&#8221;grid&#8221; text_align=&#8221;left&#8221; css_animation=&#8221;&#8221;][vc_column_inner width=&#8221;1\/3&#8243;][vc_column_text css=&#8221;.vc_custom_1603439996451{padding-bottom: 20px !important;}&#8221;]<\/p>\n<p class=\"pdf_catologo\" style=\"text-align: center;\"><a href=\"http:\/\/www.comunello.com\/media\/products\/gate\/COMUNELLO-Gate-TechnicalManual_low.pdf\" target=\"_blank\" rel=\"noopener noreferrer\">\u00a0<img loading=\"lazy\" class=\"alignnone size-full wp-image-12926\" style=\"position: relative; top: 5px; color: #ffffff;\" src=\"http:\/\/www.comunello.com\/wp-content\/uploads\/2017\/03\/pdf_icon_40.png\" alt=\"pdf_icon_40\" width=\"30\" height=\"30\" srcset=\"https:\/\/www.comunello.com\/wp-content\/uploads\/2017\/03\/pdf_icon_40.png 40w, https:\/\/www.comunello.com\/wp-content\/uploads\/2017\/03\/pdf_icon_40-27x27.png 27w\" sizes=\"(max-width: 30px) 100vw, 30px\" \/> Catalogo Gate<\/a><\/p>\n<p>[\/vc_column_text][\/vc_column_inner][vc_column_inner width=&#8221;1\/3&#8243;][vc_column_text css=&#8221;.vc_custom_1604324899384{padding-bottom: 20px !important;}&#8221;]<\/p>\n<p class=\"pdf_catologo\" style=\"text-align: center; color: #000;\"><a href=\"https:\/\/www.comunello.com\/media\/products\/area_file\/catalist_it_2020_noe.pdf\" target=\"_blank\" rel=\"noopener noreferrer\">\u00a0<img loading=\"lazy\" class=\"alignnone size-full wp-image-12926\" style=\"position: relative; top: 5px;\" src=\"http:\/\/www.comunello.com\/wp-content\/uploads\/2017\/03\/pdf_icon_40.png\" alt=\"pdf_icon_40\" width=\"30\" height=\"30\" srcset=\"https:\/\/www.comunello.com\/wp-content\/uploads\/2017\/03\/pdf_icon_40.png 40w, https:\/\/www.comunello.com\/wp-content\/uploads\/2017\/03\/pdf_icon_40-27x27.png 27w\" sizes=\"(max-width: 30px) 100vw, 30px\" \/> Catalistino 2020<\/a><\/p>\n<p>[\/vc_column_text][\/vc_column_inner][vc_column_inner width=&#8221;1\/3&#8243;][vc_column_text css=&#8221;.vc_custom_1607586220918{padding-bottom: 20px !important;}&#8221;]<\/p>\n<p class=\"pdf_catologo\" style=\"text-align: center; color: #000;\"><a href=\"https:\/\/www.comunello.com\/media\/products\/gate\/ns-total-2020.pdf\" target=\"_blank\" rel=\"noopener noreferrer\">\u00a0<img loading=\"lazy\" class=\"alignnone size-full wp-image-12926\" style=\"position: relative; top: 5px;\" src=\"http:\/\/www.comunello.com\/wp-content\/uploads\/2017\/03\/pdf_icon_40.png\" alt=\"pdf_icon_40\" width=\"30\" height=\"30\" srcset=\"https:\/\/www.comunello.com\/wp-content\/uploads\/2017\/03\/pdf_icon_40.png 40w, https:\/\/www.comunello.com\/wp-content\/uploads\/2017\/03\/pdf_icon_40-27x27.png 27w\" sizes=\"(max-width: 30px) 100vw, 30px\" \/> Catalogo Nuovi Sistemi 2020<\/a><\/p>\n<p>[\/vc_column_text][\/vc_column_inner][\/vc_row_inner][vc_empty_space][\/vc_column][\/vc_row][vc_row css_animation=&#8221;&#8221; row_type=&#8221;row&#8221; use_row_as_full_screen_section=&#8221;no&#8221; type=&#8221;full_width&#8221; angled_section=&#8221;no&#8221; text_align=&#8221;left&#8221; background_image_as_pattern=&#8221;without_pattern&#8221;][vc_column][vc_empty_space height=&#8221;8px&#8221;][\/vc_column][\/vc_row]<\/p>\n","protected":false},"excerpt":{"rendered":"<p>[vc_row css_animation=&#8221;&#8221; row_type=&#8221;row&#8221; use_row_as_full_screen_section=&#8221;no&#8221; type=&#8221;full_width&#8221; angled_section=&#8221;no&#8221; text_align=&#8221;left&#8221; background_image_as_pattern=&#8221;without_pattern&#8221; background_color=&#8221;#f2f2f2&#8243;][vc_column][vc_empty_space height=&#8221;70&#8243;][vc_row_inner row_type=&#8221;row&#8221; type=&#8221;grid&#8221; text_align=&#8221;left&#8221; css_animation=&#8221;&#8221;][vc_column_inner offset=&#8221;vc_hidden-sm vc_hidden-xs&#8221;][vc_column_text css=&#8221;.vc_custom_1496819543829{padding-left: 5px !important;}&#8221;] Accessori per cancelli e portoni industriali&#8230;<\/p>\n","protected":false},"author":4,"featured_media":0,"parent":325,"menu_order":0,"comment_status":"closed","ping_status":"closed","template":"full_width.php","meta":[],"yoast_head":"<!-- This site is optimized with the Yoast SEO plugin v16.0.2 - https:\/\/yoast.com\/wordpress\/plugins\/seo\/ -->\n<link rel=\"canonical\" href=\"https:\/\/www.comunello.com\/it\/gate\/gate-fabbro\/\" \/>\n<meta property=\"og:locale\" content=\"it_IT\" \/>\n<meta property=\"og:type\" content=\"article\" \/>\n<meta property=\"og:title\" content=\"GATE- FABBRO - Fratelli COMUNELLO\" \/>\n<meta property=\"og:description\" content=\"[vc_row css_animation=&#8221;&#8221; row_type=&#8221;row&#8221; use_row_as_full_screen_section=&#8221;no&#8221; type=&#8221;full_width&#8221; angled_section=&#8221;no&#8221; text_align=&#8221;left&#8221; background_image_as_pattern=&#8221;without_pattern&#8221; background_color=&#8221;#f2f2f2&#8243;][vc_column][vc_empty_space height=&#8221;70&#8243;][vc_row_inner row_type=&#8221;row&#8221; type=&#8221;grid&#8221; text_align=&#8221;left&#8221; css_animation=&#8221;&#8221;][vc_column_inner offset=&#8221;vc_hidden-sm vc_hidden-xs&#8221;][vc_column_text css=&#8221;.vc_custom_1496819543829{padding-left: 5px !important;}&#8221;] Accessori per cancelli e portoni industriali...\" \/>\n<meta property=\"og:url\" content=\"https:\/\/www.comunello.com\/it\/gate\/gate-fabbro\/\" \/>\n<meta property=\"og:site_name\" content=\"Fratelli COMUNELLO\" \/>\n<meta property=\"article:modified_time\" content=\"2021-02-18T08:38:38+00:00\" \/>\n<meta property=\"og:image\" content=\"https:\/\/www.comunello.com\/media\/products\/gate\/cancello_ad_ante\/comunello-gate-cancello_ad_ante-icon.jpg\" \/>\n<meta name=\"twitter:card\" content=\"summary_large_image\" \/>\n<meta name=\"twitter:label1\" content=\"Tempo di lettura stimato\">\n\t<meta name=\"twitter:data1\" content=\"6 minuti\">\n<script type=\"application\/ld+json\" class=\"yoast-schema-graph\">{\"@context\":\"https:\/\/schema.org\",\"@graph\":[{\"@type\":\"WebSite\",\"@id\":\"https:\/\/www.comunello.com\/#website\",\"url\":\"https:\/\/www.comunello.com\/\",\"name\":\"Fratelli COMUNELLO\",\"description\":\"| Life Made Easy\",\"potentialAction\":[{\"@type\":\"SearchAction\",\"target\":\"https:\/\/www.comunello.com\/?s={search_term_string}\",\"query-input\":\"required name=search_term_string\"}],\"inLanguage\":\"it-IT\"},{\"@type\":\"ImageObject\",\"@id\":\"https:\/\/www.comunello.com\/it\/gate\/gate-fabbro\/#primaryimage\",\"inLanguage\":\"it-IT\",\"url\":\"\/media\/products\/gate\/cancello_ad_ante\/comunello-gate-cancello_ad_ante-icon.jpg\"},{\"@type\":\"WebPage\",\"@id\":\"https:\/\/www.comunello.com\/it\/gate\/gate-fabbro\/#webpage\",\"url\":\"https:\/\/www.comunello.com\/it\/gate\/gate-fabbro\/\",\"name\":\"GATE- FABBRO - Fratelli COMUNELLO\",\"isPartOf\":{\"@id\":\"https:\/\/www.comunello.com\/#website\"},\"primaryImageOfPage\":{\"@id\":\"https:\/\/www.comunello.com\/it\/gate\/gate-fabbro\/#primaryimage\"},\"datePublished\":\"2021-02-18T08:18:35+00:00\",\"dateModified\":\"2021-02-18T08:38:38+00:00\",\"breadcrumb\":{\"@id\":\"https:\/\/www.comunello.com\/it\/gate\/gate-fabbro\/#breadcrumb\"},\"inLanguage\":\"it-IT\",\"potentialAction\":[{\"@type\":\"ReadAction\",\"target\":[\"https:\/\/www.comunello.com\/it\/gate\/gate-fabbro\/\"]}]},{\"@type\":\"BreadcrumbList\",\"@id\":\"https:\/\/www.comunello.com\/it\/gate\/gate-fabbro\/#breadcrumb\",\"itemListElement\":[{\"@type\":\"ListItem\",\"position\":1,\"item\":{\"@type\":\"WebPage\",\"@id\":\"https:\/\/www.comunello.com\/it\/\",\"url\":\"https:\/\/www.comunello.com\/it\/\",\"name\":\"Home\"}},{\"@type\":\"ListItem\",\"position\":2,\"item\":{\"@type\":\"WebPage\",\"@id\":\"https:\/\/www.comunello.com\/it\/gate\/\",\"url\":\"https:\/\/www.comunello.com\/it\/gate\/\",\"name\":\"GATE\"}},{\"@type\":\"ListItem\",\"position\":3,\"item\":{\"@type\":\"WebPage\",\"@id\":\"https:\/\/www.comunello.com\/it\/gate\/gate-fabbro\/\",\"url\":\"https:\/\/www.comunello.com\/it\/gate\/gate-fabbro\/\",\"name\":\"GATE- FABBRO\"}}]}]}<\/script>\n<!-- \/ Yoast SEO plugin. -->","_links":{"self":[{"href":"https:\/\/www.comunello.com\/it\/wp-json\/wp\/v2\/pages\/30223\/"}],"collection":[{"href":"https:\/\/www.comunello.com\/it\/wp-json\/wp\/v2\/pages\/"}],"about":[{"href":"https:\/\/www.comunello.com\/it\/wp-json\/wp\/v2\/types\/page\/"}],"author":[{"embeddable":true,"href":"https:\/\/www.comunello.com\/it\/wp-json\/wp\/v2\/users\/4\/"}],"replies":[{"embeddable":true,"href":"https:\/\/www.comunello.com\/it\/wp-json\/wp\/v2\/comments\/?post=30223"}],"version-history":[{"count":3,"href":"https:\/\/www.comunello.com\/it\/wp-json\/wp\/v2\/pages\/30223\/revisions\/"}],"predecessor-version":[{"id":30226,"href":"https:\/\/www.comunello.com\/it\/wp-json\/wp\/v2\/pages\/30223\/revisions\/30226\/"}],"up":[{"embeddable":true,"href":"https:\/\/www.comunello.com\/it\/wp-json\/wp\/v2\/pages\/325\/"}],"wp:attachment":[{"href":"https:\/\/www.comunello.com\/it\/wp-json\/wp\/v2\/media\/?parent=30223"}],"curies":[{"name":"wp","href":"https:\/\/api.w.org\/{rel}","templated":true}]}}