{"id":2511,"date":"2015-01-30T14:15:50","date_gmt":"2015-01-30T14:15:50","guid":{"rendered":"http:\/\/www.comunello.com\/?page_id=2511"},"modified":"2018-05-24T17:26:13","modified_gmt":"2018-05-24T15:26:13","slug":"privacy","status":"publish","type":"page","link":"https:\/\/www.comunello.com\/it\/corporate\/privacy\/","title":{"rendered":"Corporate Privacy Policy"},"content":{"rendered":"<p>[vc_row row_type=&#8221;row&#8221; use_row_as_full_screen_section=&#8221;no&#8221; type=&#8221;full_width&#8221; angled_section=&#8221;no&#8221; text_align=&#8221;left&#8221; background_image_as_pattern=&#8221;without_pattern&#8221; padding_top=&#8221;100&#8243; padding_bottom=&#8221;100&#8243; css_animation=&#8221;&#8221;][vc_column][vc_separator type=&#8221;transparent&#8221; up=&#8221;50&#8243;][vc_column_text]<\/p>\n<h1>Privacy Policy<\/h1>\n<p>In questa pagina si descrivono le modalit\u00e0 di gestione del sito in riferimento al trattamento dei dati personali degli utenti che lo consultano. Si tratta di un\u2019informativa che \u00e8 resa anche ai sensi dell\u2019art. 13 del Regolamento generale europeo sulla protezione dei dati (Regolamento UE 2016\/679) a coloro che interagiscono con i servizi web accessibili per via telematica a partire dall\u2019indirizzo: http:\/\/www.comunello.com corrispondente alla homepage, pagina iniziale, del sito di Fratelli Comunello S.p.A..\u00a0Con la prosecuzione della navigazione, e con l\u2019adesione alle proposte di servizio contenute nelle varie parti del sito (iscrizione alla nostra newsletter, compilazione di form per richiedere informazioni,\u2026), si danno per acquisite queste informazioni generali sul trattamento, nonch\u00e9 le eventuali specifiche informazioni legate a trattamenti per finalit\u00e0 diverse e specifiche, e l\u2019utente esplicita il relativo consenso ai trattamenti. Si sottolinea che il consenso \u00e8 valido unicamente se proviene da persona maggiorenne o da minore che abbia compiuto i 14 anni.<\/p>\n<h1>Titolare del trattamento<\/h1>\n<p>A seguito della consultazione di questo sito possono essere trattati dati relativi a persone identificate o identificabili. Il Titolare del loro trattamento \u00e8 Fratelli Comunello S.p.A. con sede in Via Cassola , 64, 36027 Ros\u00e0 (Vicenza)\u00a0P.IVA 00224820241.<\/p>\n<h1>Luogo del trattamento dei dati<\/h1>\n<p>I trattamenti connessi ai servizi web di questo sito hanno luogo presso la sede di Fratelli Comunello S.p.A. e sono curati da personale tecnico dell&#8217;Ufficio incaricato del trattamento oppure da eventuali incaricati di occasionali operazioni di manutenzione. Nessun dato derivante dal servizio web viene comunicato o diffuso. I dati personali forniti dagli utenti che inoltrano richieste di invio di materiale informativo o di iscrizione alla banca dati del sito o dei curricula, sono utilizzati al solo fine di eseguire il servizio o la prestazione richiesta e a fini di comunicazioni informative e promozionali riguardanti Fratelli Comunello S.p.A.<\/p>\n<h1>Tipi di dati trattati:<\/h1>\n<p>&nbsp;<\/p>\n<h2>&#8211; Dati di navigazione<\/h2>\n<p>I sistemi informatici e le procedure software preposte al funzionamento di questo sito web acquisiscono, nel corso del loro normale esercizio, alcuni dati personali la cui trasmissione \u00e8 implicita nell\u2019uso dei protocolli di comunicazione di Internet. Si tratta di informazioni che non sono raccolte per essere associate a interessati identificati, ma che per loro stessa natura potrebbero, attraverso elaborazioni ed associazioni con dati detenuti da terzi, permettere di identificare gli utenti. In questa categoria di dati rientrano gli indirizzi IP o i nomi a dominio dei computer utilizzati dagli utenti che si connettono al sito, gli indirizzi in notazione URI (Uniform Resource Identifier) delle risorse richieste, l\u2019orario della richiesta, il metodo utilizzato nel sottoporre la richiesta al server, la dimensione del file ottenuto in risposta, il codice numerico indicante lo stato della risposta data dal server (buon fine, errore, ecc.) ed altri parametri relativi al sistema operativo e all\u2019ambiente informatico dell\u2019utente. Questi dati vengono utilizzati al solo fine di ricavare informazioni statistiche anonime sull\u2019uso del sito e per controllarne il corretto funzionamento e vengono cancellati immediatamente dopo l\u2019elaborazione. I dati potrebbero essere utilizzati per l\u2019accertamento di responsabilit\u00e0 in caso di ipotetici reati informatici ai danni del sito: salva questa eventualit\u00e0, allo stato i dati sui contatti web non persistono per pi\u00f9 di sei mesi.<\/p>\n<h2>&#8211; Google Analytics<\/h2>\n<p>Questo sito web utilizza Google Analytics, un servizio di analisi web fornito da Google, Inc. (\u201cGoogle\u201d). Google Analytics utilizza dei cookies, file di testo che depositati sul vostro computer per consentire al sito di analizzare il traffico delle utenze. Le informazioni generate dal cookie, che comprendono il vostro IP, verranno trasmesse ai server di Google. Google utilizzer\u00e0 queste informazioni al solo scopo di tracciare ed esaminare il vostro utilizzo del sito web, compilare report sulle attivit\u00e0 e fornire altri servizi relativi alle attivit\u00e0 del sito web e all\u2019utilizzo di Internet. Google pu\u00f2 anche trasferire queste informazioni a terzi, solo ove ci\u00f2 sia imposto dalla legge o laddove tali terzi trattino le suddette informazioni per conto di Google. Google non assocer\u00e0 il vostro indirizzo IP a nessun altro dato posseduto da Google. Potete rifiutarvi di usare i cookies selezionando l\u2019impostazione appropriata sul vostro browser, ma ci\u00f2 potrebbe impedirvi di utilizzare tutte le funzionalit\u00e0 di questo sito web. I dati raccolti tramite Google Analytics vengono utilizzati a scopo puramente statistico, per poter migliorare continuamente il nostro servizio. I dati sono raccolti in forma anonima e non sono associati in nessun modo ai vostri dati personali.<\/p>\n<p>Gli utenti che non volessero i cookies relativi a Google Analytics potranno impedirne la memorizzazione sul proprio computer attraverso l\u2019apposito \u201cComponente aggiuntivo del browser per la disattivazione di Google Analytics\u201d messo a disposizione da Google all\u2019indirizzo https:\/\/tools.google.com\/dlpage\/gaoptout.<\/p>\n<h2>&#8211; Dati forniti volontariamente dall\u2019utente<\/h2>\n<p>L\u2019invio facoltativo, esplicito e volontario di posta elettronica agli indirizzi indicati su questo sito comporta la successiva acquisizione dell\u2019indirizzo del mittente, necessario per rispondere alle richieste, nonch\u00e9 degli eventuali altri dati personali inseriti nella missiva o nel form. Specifiche informative di sintesi verranno progressivamente riportate o visualizzate nelle pagine del sito predisposte per particolari servizi a richiesta.<\/p>\n<h2>&#8211; Cookies<\/h2>\n<p>l presente sito pu\u00f2 utilizzare cookies o marcatori, che tecnicamente sono pacchetti di informazioni inviate da un web server (in questo caso, dal presente sito) al browser Internet del visitatore\/utente e da quest&#8217;ultimo memorizzati automaticamente sul personal computer e rinviati automaticamente al server ad ogni successivo accesso al sito. Se gli utenti\/visitatori vogliono decidere di volta in volta se accettare o meno i cookie, possono anche configurare il proprio browser affinch\u00e9 generi un avviso ogni volta che viene salvato un cookie.<\/p>\n<p>Pertanto per una completa fruizione del presente sito, si consiglia di configurare il browser in modo che accetti la ricezione dei cookie. Informiamo che di default quasi tutti i browser web sono impostati per accettare automaticamente i cookies. I visitatori\/utenti possono comunque modificare la configurazione predefinita.<\/p>\n<p>Nessun dato personale degli utenti viene in proposito acquisito dal sito. Non viene fatto uso di cookies per la trasmissione di informazioni di carattere personale, n\u00e9 vengono utilizzati c.d. cookies persistenti di alcun tipo, ovvero sistemi per il tracciamento degli utenti. L\u2019uso di c.d. cookies di sessione (che non vengono memorizzati in modo persistente sul computer dell\u2019utente e svaniscono con la chiusura del browser) \u00e8 strettamente limitato alla trasmissione di identificativi di sessione (costituiti da numeri casuali generati dal server) necessari per consentire l\u2019esplorazione sicura ed efficiente del sito. I c.d. cookies di sessione utilizzati in questo sito evitano il ricorso ad altre tecniche informatiche potenzialmente pregiudizievoli per la riservatezza della navigazione degli utenti e non consentono l\u2019acquisizione di dati personali identificativi dell\u2019utente.<\/p>\n<p>Per cookie si intendono dei brevi file di testo scaricati sul dispositivo del navigatore quando si visita un sito web . Ad ogni successiva visita questi file di testo sono inviati nuovamente al server del sito web che li ha originati (cookie di prime parti) o ad altri siti che li riconoscono (cookie di terze parti). I cookie sono utili perch\u00e9 consentono a un sito web di riconoscere il dispositivo dell\u2019utente. Le utilit\u00e0 dei cookies sono molteplici, per esempio: consentire la navigazione efficace tra le pagine, ricordare siti preferiti, in generale, migliorare l&#8217;esperienza di navigazione. Contribuiscono anche a garantire che i contenuti pubblicitari visualizzati online siano pi\u00f9 mirati ad un utente e ai suoi interessi. In base alla funzione e alla finalit\u00e0 di utilizzo, i cookie possono suddividersi in cookie tecnici, cookie di profilazione, cookie di terze parti.<\/p>\n<h2>&#8211; Cookie tecnici<\/h2>\n<p>I cookie tecnici sono quelli il cui utilizzo non richiede il consenso dell\u2019utente. Questi cookie sono essenziali per consentire di navigare in un sito web e utilizzarne tutte le funzionalit\u00e0. Senza questi cookie, che sono assolutamente necessari, un sito web non potrebbe fornire alcuni servizi o funzioni e la navigazione non sarebbe agevole e facile come dovrebbe essere. Un cookie di questo tipo viene inoltre utilizzato per memorizzare la decisione di un utente sull\u2019utilizzo di cookie sul sito web.<\/p>\n<p>A questa categoria appartengono anche i performance cookie, che talvolta sono chiamati anche analytics cookie. Si tratta di cookie che raccolgono informazioni circa l\u2019utilizzo che un utente fa di un sito web e che consentono di migliorarne il funzionamento. Ad esempio i performance cookie mostrano quali sono le pagine pi\u00f9 frequentemente visitate, consentono di verificare quali sono gli schemi ricorrenti d\u2019utilizzo di un sito web, aiutano a comprendere ogni difficolt\u00e0 che l\u2019utente incontra nell\u2019utilizzo e mostra l\u2019efficacia della pubblicit\u00e0 che viene pubblicata sul sito.<\/p>\n<p>I cookie tecnici sono essenziali e non possono essere disabilitati anche se genericamente parlando i cookie possono essere disattivati completamente nel proprio browser in qualsiasi istante.<\/p>\n<h2>&#8211; Cookie di profilazione<\/h2>\n<p>All\u2019interno dei propri siti web, Fratelli Comunello S.p.A. oltre ad utilizzare i cookie tecnici si pu\u00f2 servire anche di cookie di profilazione, che consentono di ricordare le scelte degli utenti sul sito e\/o i servizi che vengono espressamente richiesti con lo scopo di fornire servizi pi\u00f9 avanzati e personalizzati. Ad esempio sono utilizzati per la scelta della lingua di una specifica localit\u00e0. L\u2019utilizzo di detti cookie necessita dell\u2019acquisizione preventiva del libero consenso informato dell\u2019utente ai sensi dell\u2019art. 23 del D.Lgs. 196\/2003. Il consenso viene acquisito attraverso un banner visibile agli utenti alla prima visita di uno dei siti di Fratelli Comunello S.p.A. , come previsto dal provvedimento del Garante per la protezione dei dati personali (n. 229 dell&#8217;8 maggio 2014). Il diniego del consenso all\u2019utilizzo dei cookie di profilazione non interferir\u00e0 sulla possibilit\u00e0 di accedere al sito, salvo l\u2019impossibilit\u00e0 di accedere a quelle funzioni o contenuti che fanno utilizzo di tali cookie.<\/p>\n<h2>&#8211; Cookie di terze parti<\/h2>\n<p>Fratelli Comunello S.p.A. potrebbe avvalersi dell&#8217;utilizzo di cookie di siti o di web server diversi (c.d. cookie di &#8220;terze parti&#8221;): ci\u00f2 accade perch\u00e9 sul sito possono essere presenti elementi come, ad esempio, immagini, mappe, suoni, specifici link a pagine web di altri domini che risiedono su server diversi da quello sul quale si trova la pagina richiesta. Questi cookie di terze parti sono impostati direttamente da gestori di siti web o server diversi dai siti di Fratelli Comunello S.p.A.. I cookie di terze parti vengono utilizzati anche per personalizzare l\u2019esposizione pubblicitaria a seconda dell\u2019interesse dell\u2019utente e della frequenza di esposizione al messaggio. \u00c8 possibile condividere queste informazioni con altri soggetti, come ad esempio , gli inserzionisti pubblicitari, i quali i potrebbero usare i loro cookie per raccogliere informazioni sulle attivit\u00e0 che sono compiute dagli utenti sul sito web.<\/p>\n<p>Gli inserzionisti potrebbero usare queste informazioni anche per misurare l\u2019efficacia della loro pubblicit\u00e0.<\/p>\n<p>L\u2019utilizzo di detti cookie necessita dell\u2019acquisizione preventiva del libero consenso informato dell\u2019utente. Questi cookie non vengono controllati direttamente dal sito di Fratelli Comunello S.p.A., e per revocare detto consenso \u00e8 necessario fare riferimento ai siti internet delle terze.<\/p>\n<p>Gestione delle preferenze relative ai cookie<\/p>\n<p>In ogni momento potrai scegliere quali sono i cookie che desideri ricevere e quali no utilizzando il pannello delle impostazioni del browser (Chrome, Safari, Internet Explorer, Firefox, ecc&#8230;). Per sapere dove puoi trovare queste impostazioni, che possono variare a seconda del browser utilizzato, puoi usare la funzione \u201cHelp\u201d o \u201cGuida\u201d del tuo browser.<\/p>\n<p>Tuttavia, se si decide di non accettare determinati cookie, si potrebbe non essere in grado di utilizzare correttamente alcune funzionalit\u00e0 del nostro Sito.<\/p>\n<h2>&#8211; File di log e loro conservazione<\/h2>\n<p>I file di log saranno tracciati per motivi di sicurezza che impongono la registrazione ed il mantenimento dei file log e l\u2019accessibilit\u00e0 agli stessi da parte della polizia giudiziaria nell\u2019eventualit\u00e0 in cui quest\u2019ultima ne facesse richiesta. A tal fine i file di log degli accessi saranno mantenuti per un arco temporale non superiore a: 6 mesi\/1 anno. Eventuali controlli degli accessi saranno effettuati in maniera graduale e nel pieno rispetto della norma, in particolare dei principi di necessit\u00e0 e proporzionalit\u00e0.<\/p>\n<h2>&#8211; Facoltativit\u00e0 del conferimento dei dati<\/h2>\n<p>A parte quanto specificato per i dati di navigazione, l\u2019utente \u00e8 libero di fornire i dati personali riportati nei moduli di richiesta o comunque indicati in contatti per sollecitare l\u2019iscrizione nel database del sito, dei curricula o l\u2019invio di materiale informativo o di altre comunicazioni. Il loro mancato conferimento pu\u00f2 comportare l\u2019impossibilit\u00e0 di ottenere quanto richiesto. Per completezza va ricordato che in alcuni casi (non oggetto dell\u2019ordinaria gestione di questo sito) l\u2019Autorit\u00e0 pu\u00f2 richiedere notizie e informazioni ai sensi dell\u2019art 157 del d.lgs. n. 196\/2003, ai fini del controllo sul trattamento dei dati personali. In questi casi la risposta \u00e8 obbligatoria a pena di sanzione amministrativa.<\/p>\n<h2>&#8211; Modalit\u00e0 del trattamento<\/h2>\n<p>I dati personali sono trattati con strumenti automatizzati per il tempo strettamente necessario a conseguire gli scopi per cui sono stati raccolti. Specifiche misure di sicurezza, come prevede l\u2019art. 32 del Regolamento (UE) 2016\/679, sono osservate per prevenire la perdita dei dati, usi illeciti o non corretti ed accessi non autorizzati.<\/p>\n<h2>&#8211; Finalit\u00e0<\/h2>\n<p>I dati sono trattati per finalit\u00e0 funzionali allo svolgimento delle attivit\u00e0 di Fratelli Comunello S.p.A. e delle attivit\u00e0 delle societ\u00e0 controllate e\/o collegate, in particolare per:<\/p>\n<p>erogazione di servizi basati su interfaccia web (registrazione anagrafica utenti);<\/p>\n<p>inserimento nella banca dati curricula;<\/p>\n<p>erogazione di informazioni commerciali relative all\u2019attivit\u00e0 del gruppo Fratelli Comunello S.p.A.;<\/p>\n<p>ricerca statistica;<\/p>\n<p>erogazione di informazioni relative a coloro che si sono iscritti volontariamente alla banca dati del nostro sito (tecnici, installatori, privati, liberi professionisti ecc.)<\/p>\n<p>erogazione di informazioni relative all&#8217;attivit\u00e0 di informazione e di formazione di Fratelli Comunello S.p.A.<\/p>\n<h2>&#8211; Diritti degli interessasti<\/h2>\n<p>I soggetti cui si riferiscono i dati personali hanno il diritto in qualunque momento di ottenere la conferma dell\u2019esistenza o meno dei medesimi dati e di conoscerne il contenuto e l\u2019origine, verificarne l\u2019esattezza o chiederne l\u2019integrazione o l\u2019aggiornamento, oppure la rettificazione ((articoli 15, 16, 17, 18 del Regolamento 679). Ai sensi del medesimo articolo si ha il diritto di chiedere la cancellazione, la trasformazione in forma anonima o il blocco dei dati trattati in violazione di legge, nonch\u00e9 di opporsi in ogni caso, per motivi legittimi, al loro trattamento. Le richieste vanno rivolte al Titolare del Trattamento: Fratelli Comunello S.p.A. Via Cassola, 64 C.P. 79 \u2013 36027 Ros\u00e0 (VI) C.F. e P.IVA 00224820241 Tel. +39 0424 585111 Fax +39 0424 533417 E-mail info@comunello.it<\/p>\n<h2>&#8211; Informativa sulla privacy \u2013 INVIO DEI DATI TRAMITE FORM SUL SITO<\/h2>\n<p>Si informa l&#8217;utente che:<\/p>\n<p>1. il conferimento dei dati \u00e8 facoltativo, in mancanza, tuttavia, non sar\u00e0 possibile erogare il servizio richiesto;<\/p>\n<p>2. l&#8217;invio dei dati mediante il pulsante &#8220;Invia&#8221; costituisce consenso al loro trattamento, per la finalit\u00e0 di registrare l&#8217;utente e attivare nei suoi confronti il servizio informativo e commerciale richiesto: registrazione nella banca dati online del sito o invio del materiale informativo richiesto;<\/p>\n<p>3. le coordinate di posta elettronica e gli altri eventuali dati forniti dagli utenti saranno trattati dagli incaricati al trattamento, a seconda del servizio sottoscritto, per rispondere alle richieste inviate dagli utenti stessi;<\/p>\n<p>4. i dati personali saranno trattati con modalit\u00e0 anche automatizzate dall\u2019area CED di Fratelli Comunello S.p.A. con sede in Via Cassola 64, 36027 Ros\u00e0, Vicenza (Vi);<\/p>\n<p>5. il conferimento dei dati \u00e8 facoltativo. In mancanza, tuttavia, non sar\u00e0 possibile erogare il servizio richiesto.<\/p>\n<p>Ogni comunicazione o richiesta di accesso ai dati potr\u00e0 pervenire via posta ordinaria al seguente indirizzo: Fratelli Comunello S.p.A. con sede in Via Cassola 64, 36027 Ros\u00e0, Vicenza (Vi);<\/p>\n<p>Nel caso in cui l\u2019utente non acconsenta a tale utilizzo dei suoi dati, egli potr\u00e0 opporsi in qualsiasi momento al trattamento in oggetto, mediante l&#8217;invio di una e-mail al seguente indirizzo info@comunello.it, nonch\u00e9 esercitare tutti i diritti di accesso, rettifica, aggiornamento e cancellazione.[\/vc_column_text][\/vc_column][\/vc_row]<\/p>\n","protected":false},"excerpt":{"rendered":"<p>[vc_row row_type=&#8221;row&#8221; use_row_as_full_screen_section=&#8221;no&#8221; type=&#8221;full_width&#8221; angled_section=&#8221;no&#8221; text_align=&#8221;left&#8221; background_image_as_pattern=&#8221;without_pattern&#8221; padding_top=&#8221;100&#8243; padding_bottom=&#8221;100&#8243; css_animation=&#8221;&#8221;][vc_column][vc_separator type=&#8221;transparent&#8221; up=&#8221;50&#8243;][vc_column_text] Privacy Policy In questa pagina si descrivono le modalit\u00e0 di gestione del sito&#8230;<\/p>\n","protected":false},"author":1,"featured_media":0,"parent":637,"menu_order":0,"comment_status":"open","ping_status":"open","template":"","meta":[],"yoast_head":"<!-- This site is optimized with the Yoast SEO plugin v16.0.2 - https:\/\/yoast.com\/wordpress\/plugins\/seo\/ -->\n<link rel=\"canonical\" href=\"https:\/\/www.comunello.com\/it\/corporate\/privacy\/\" \/>\n<meta property=\"og:locale\" content=\"it_IT\" \/>\n<meta property=\"og:type\" content=\"article\" \/>\n<meta property=\"og:title\" content=\"Corporate Privacy Policy - Fratelli COMUNELLO\" \/>\n<meta property=\"og:description\" content=\"[vc_row row_type=&#8221;row&#8221; use_row_as_full_screen_section=&#8221;no&#8221; type=&#8221;full_width&#8221; angled_section=&#8221;no&#8221; text_align=&#8221;left&#8221; background_image_as_pattern=&#8221;without_pattern&#8221; padding_top=&#8221;100&#8243; padding_bottom=&#8221;100&#8243; css_animation=&#8221;&#8221;][vc_column][vc_separator type=&#8221;transparent&#8221; up=&#8221;50&#8243;][vc_column_text] Privacy Policy In questa pagina si descrivono le modalit\u00e0 di gestione del sito...\" \/>\n<meta property=\"og:url\" content=\"https:\/\/www.comunello.com\/it\/corporate\/privacy\/\" \/>\n<meta property=\"og:site_name\" content=\"Fratelli COMUNELLO\" \/>\n<meta property=\"article:modified_time\" content=\"2018-05-24T15:26:13+00:00\" \/>\n<meta name=\"twitter:card\" content=\"summary_large_image\" \/>\n<meta name=\"twitter:label1\" content=\"Tempo di lettura stimato\">\n\t<meta name=\"twitter:data1\" content=\"13 minuti\">\n<script type=\"application\/ld+json\" class=\"yoast-schema-graph\">{\"@context\":\"https:\/\/schema.org\",\"@graph\":[{\"@type\":\"WebSite\",\"@id\":\"https:\/\/www.comunello.com\/#website\",\"url\":\"https:\/\/www.comunello.com\/\",\"name\":\"Fratelli COMUNELLO\",\"description\":\"| Life Made Easy\",\"potentialAction\":[{\"@type\":\"SearchAction\",\"target\":\"https:\/\/www.comunello.com\/?s={search_term_string}\",\"query-input\":\"required name=search_term_string\"}],\"inLanguage\":\"it-IT\"},{\"@type\":\"WebPage\",\"@id\":\"https:\/\/www.comunello.com\/it\/corporate\/privacy\/#webpage\",\"url\":\"https:\/\/www.comunello.com\/it\/corporate\/privacy\/\",\"name\":\"Corporate Privacy Policy - Fratelli COMUNELLO\",\"isPartOf\":{\"@id\":\"https:\/\/www.comunello.com\/#website\"},\"datePublished\":\"2015-01-30T14:15:50+00:00\",\"dateModified\":\"2018-05-24T15:26:13+00:00\",\"breadcrumb\":{\"@id\":\"https:\/\/www.comunello.com\/it\/corporate\/privacy\/#breadcrumb\"},\"inLanguage\":\"it-IT\",\"potentialAction\":[{\"@type\":\"ReadAction\",\"target\":[\"https:\/\/www.comunello.com\/it\/corporate\/privacy\/\"]}]},{\"@type\":\"BreadcrumbList\",\"@id\":\"https:\/\/www.comunello.com\/it\/corporate\/privacy\/#breadcrumb\",\"itemListElement\":[{\"@type\":\"ListItem\",\"position\":1,\"item\":{\"@type\":\"WebPage\",\"@id\":\"https:\/\/www.comunello.com\/it\/\",\"url\":\"https:\/\/www.comunello.com\/it\/\",\"name\":\"Home\"}},{\"@type\":\"ListItem\",\"position\":2,\"item\":{\"@type\":\"WebPage\",\"@id\":\"https:\/\/www.comunello.com\/it\/corporate\/\",\"url\":\"https:\/\/www.comunello.com\/it\/corporate\/\",\"name\":\"CORPORATE\"}},{\"@type\":\"ListItem\",\"position\":3,\"item\":{\"@type\":\"WebPage\",\"@id\":\"https:\/\/www.comunello.com\/it\/corporate\/privacy\/\",\"url\":\"https:\/\/www.comunello.com\/it\/corporate\/privacy\/\",\"name\":\"Corporate Privacy Policy\"}}]}]}<\/script>\n<!-- \/ Yoast SEO plugin. -->","_links":{"self":[{"href":"https:\/\/www.comunello.com\/it\/wp-json\/wp\/v2\/pages\/2511\/"}],"collection":[{"href":"https:\/\/www.comunello.com\/it\/wp-json\/wp\/v2\/pages\/"}],"about":[{"href":"https:\/\/www.comunello.com\/it\/wp-json\/wp\/v2\/types\/page\/"}],"author":[{"embeddable":true,"href":"https:\/\/www.comunello.com\/it\/wp-json\/wp\/v2\/users\/1\/"}],"replies":[{"embeddable":true,"href":"https:\/\/www.comunello.com\/it\/wp-json\/wp\/v2\/comments\/?post=2511"}],"version-history":[{"count":6,"href":"https:\/\/www.comunello.com\/it\/wp-json\/wp\/v2\/pages\/2511\/revisions\/"}],"predecessor-version":[{"id":21061,"href":"https:\/\/www.comunello.com\/it\/wp-json\/wp\/v2\/pages\/2511\/revisions\/21061\/"}],"up":[{"embeddable":true,"href":"https:\/\/www.comunello.com\/it\/wp-json\/wp\/v2\/pages\/637\/"}],"wp:attachment":[{"href":"https:\/\/www.comunello.com\/it\/wp-json\/wp\/v2\/media\/?parent=2511"}],"curies":[{"name":"wp","href":"https:\/\/api.w.org\/{rel}","templated":true}]}}