{"id":14295,"date":"2017-05-05T16:07:43","date_gmt":"2017-05-05T14:07:43","guid":{"rendered":"http:\/\/www.comunello.com\/it\/?page_id=14295"},"modified":"2017-05-05T16:07:43","modified_gmt":"2017-05-05T14:07:43","slug":"gate-vecchia-2016","status":"publish","type":"page","link":"https:\/\/www.comunello.com\/it\/gate\/gate-vecchia-2016\/","title":{"rendered":"GATE \/ Vecchia &#8211; 2016"},"content":{"rendered":"<p>[vc_row row_type=&#8221;row&#8221; use_row_as_full_screen_section=&#8221;no&#8221; type=&#8221;full_width&#8221; angled_section=&#8221;no&#8221; text_align=&#8221;left&#8221; background_image_as_pattern=&#8221;without_pattern&#8221; padding_top=&#8221;0&#8243; css_animation=&#8221;&#8221;][vc_column][vc_column_text css=&#8221;.vc_custom_1493737275618{border-top-width: 20px !important;padding-top: 50px !important;background-color: #dadada !important;border-top-color: #5b6268 !important;}&#8221;]<\/p>\n\n\t\t\t<!-- START Gate \/ Home \/ IT REVOLUTION SLIDER 6.4.6 --><p class=\"rs-p-wp-fix\"><\/p>\n\t\t\t<rs-module-wrap id=\"rev_slider_461_1_wrapper\" data-source=\"gallery\" style=\"background:#dadada;padding:0;margin:0px auto;margin-top:0;margin-bottom:0;max-width:;\">\n\t\t\t\t<rs-module id=\"rev_slider_461_1\" style=\"\" data-version=\"6.4.6\">\n\t\t\t\t\t<rs-slides>\n\t\t\t\t\t\t<rs-slide data-key=\"rs-2121\" data-title=\"INTEGRATION\" data-link=\"\/\/www.comunello.com\/it\/gate\/advanced-opening-systems\/\" data-target=\"_self\" data-seoz=\"front\" data-duration=\"8000\" data-in=\"o:0;\" data-out=\"a:false;\">\n\t\t\t\t\t\t\t<img src=\"\/\/www.comunello.com\/wp-content\/uploads\/2020\/10\/banner-gate-ns-00-IT-scaled.jpg\" alt=\"banner gate ns 00 IT\" title=\"banner gate ns 00 IT\" width=\"2560\" height=\"551\" class=\"rev-slidebg tp-rs-img\" data-no-retina>\n<!--\n\t\t\t\t\t\t\t--><a\n\t\t\t\t\t\t\t\tid=\"slider-461-slide-2121-layer-7\" \n\t\t\t\t\t\t\t\tclass=\"rs-layer NotGeneric-Button rev-btn\"\n\t\t\t\t\t\t\t\thref=\"https:\/\/www.comunello.com\/it\/gate\/advanced-opening-systems\/\" target=\"_blank\" rel=\"noopener\"\n\t\t\t\t\t\t\t\tdata-type=\"button\"\n\t\t\t\t\t\t\t\tdata-color=\"rgba(255,255,255,1)\"\n\t\t\t\t\t\t\t\tdata-xy=\"x:751px;y:c;yo:203px;\"\n\t\t\t\t\t\t\t\tdata-text=\"s:14;l:14;ls:3px;fw:500;\"\n\t\t\t\t\t\t\t\tdata-rsp_bd=\"off\"\n\t\t\t\t\t\t\t\tdata-padding=\"t:12;r:30;b:10;l:30;\"\n\t\t\t\t\t\t\t\tdata-border=\"bos:solid;boc:rgba(255,255,255,0.50);bow:1,1,1,1;\"\n\t\t\t\t\t\t\t\tdata-frame_0=\"y:50px;\"\n\t\t\t\t\t\t\t\tdata-frame_1=\"e:power4.inOut;st:2000;sp:1500;\"\n\t\t\t\t\t\t\t\tdata-frame_999=\"y:175%;e:power2.inOut;st:w;sp:1000;\"\n\t\t\t\t\t\t\t\tdata-frame_999_mask=\"u:t;\"\n\t\t\t\t\t\t\t\tdata-frame_hover=\"bgc:transparent;boc:#fff;bor:0px,0px,0px,0px;bos:solid;bow:1,1,1,1;oX:50;oY:50;e:power1.inOut;\"\n\t\t\t\t\t\t\t\tstyle=\"z-index:5;background-color:#d0242b;font-family:helvmd;cursor:pointer;outline:none;box-shadow:none;box-sizing:border-box;-moz-box-sizing:border-box;-webkit-box-sizing:border-box;\"\n\t\t\t\t\t\t\t>SCOPRILI \n\t\t\t\t\t\t\t<\/a><!--\n-->\t\t\t\t\t\t<\/rs-slide>\n\t\t\t\t\t<\/rs-slides>\n\t\t\t\t<\/rs-module>\n\t\t\t<\/rs-module-wrap>\n\t\t\t<!-- END REVOLUTION SLIDER -->\n\n<p>[\/vc_column_text][\/vc_column][\/vc_row][vc_row row_type=&#8221;row&#8221; use_row_as_full_screen_section=&#8221;no&#8221; type=&#8221;full_width&#8221; angled_section=&#8221;no&#8221; text_align=&#8221;left&#8221; background_image_as_pattern=&#8221;without_pattern&#8221; background_color=&#8221;#ffffff&#8221; padding_top=&#8221;50&#8243; padding_bottom=&#8221;50&#8243; css_animation=&#8221;&#8221;][vc_column][vc_row_inner row_type=&#8221;row&#8221; use_as_box=&#8221;use_row_as_box&#8221; type=&#8221;grid&#8221; text_align=&#8221;left&#8221; css_animation=&#8221;&#8221;][vc_column_inner width=&#8221;1\/2&#8243;][vc_column_text css=&#8221;.vc_custom_1424599447369{margin-right: 20px !important;}&#8221;]<\/p>\n<h1>MADE IN ITALY. DAL CONCETTO AL PRODOTTO<\/h1>\n<p>[\/vc_column_text][vc_separator type=&#8221;transparent&#8221; up=&#8221;10&#8243; down=&#8221;10&#8243;][vc_column_text]La storica Divisione Gate di Fratelli Comunello propone da sempre sul mercato nazionale ed internazionale la pi\u00f9 vasta gamma di componenti per cancelli scorrevoli e portoni industriali dai pi\u00f9 leggeri ai pi\u00f9 pesanti e dai pi\u00f9 piccoli ai pi\u00f9 grandi.<\/p>\n<p>&nbsp;<\/p>\n<p>La pi\u00f9 ampia scelta di misure e l\u2019impiego di materiali come alluminio ferro ed acciaio inox completano il valore di un\u2019offerta davvero unica ed in grado di rispondere alle esigenze di tutte le tipologie di apertura di qualunque dimensione esse siano.<\/p>\n<p>&nbsp;<\/p>\n<p>Componenti per cancelli scorrevoli, autoportanti, a battente, \u00a0porte e portoni industriali: cardini, perni, ruote, cremagliere, binari, cerniere[\/vc_column_text][vc_separator type=&#8221;transparent&#8221; up=&#8221;50&#8243; down=&#8221;50&#8243;][vc_gallery type=&#8221;flexslider_slide&#8221; interval=&#8221;3&#8243; images=&#8221;6391,6392,6393,6394,6395,6396,6397,6398,6399,6400,6401,6402,6403,6404,6405,6406,6407,6408,6409,6410,6411,6412,6413&#8243; img_size=&#8221;576&#215;600&#8243; onclick=&#8221;link_no&#8221; frame=&#8221;no&#8221;][vc_separator type=&#8221;transparent&#8221; up=&#8221;0&#8243; down=&#8221;0&#8243;][vc_column_text]<\/p>\n<h1>DOWNLOAD CATALOGHI<\/h1>\n<p>[\/vc_column_text][vc_separator type=&#8221;transparent&#8221; up=&#8221;10&#8243; down=&#8221;20&#8243;][qode_elements_holder number_of_columns=&#8221;two_columns&#8221;][qode_elements_holder_item advanced_animations=&#8221;no&#8221;]<div class='q_icon_with_title medium normal_icon'><div class=\"icon_holder \" style=\" \"><span data-icon-type=\"normal\"   style=\"\" class=\"qode_iwt_icon_holder q_font_awsome_icon fa-3x \"><i class=\"qode_icon_font_awesome fa fa-file-pdf-o qode_iwt_icon_element\" style=\"color: #ff0000;\" ><\/i><\/span><\/div><div class=\"icon_text_holder\" style=\"\"><div class=\"icon_text_inner\" style=\"\"><h5 class=\"icon_title\" style=\"color: #000000;\">CATALOGO GATE<\/h5><p style='color: #000000'>PDF \/ 69 MB<\/p><a itemprop='url' class='icon_with_title_link' href='\/media\/products\/gate\/COMUNELLO-Gate-TechnicalManual_low.pdf' target='_blank' style='color: #000000;'>Download<\/a><\/div><\/div><\/div>[vc_separator type=&#8221;transparent&#8221; up=&#8221;5&#8243; down=&#8221;5&#8243;][vc_single_image image=&#8221;4547&#8243; img_size=&#8221;full&#8221; onclick=&#8221;custom_link&#8221; img_link_target=&#8221;_blank&#8221; qode_css_animation=&#8221;&#8221; css=&#8221;.vc_custom_1424881653927{margin-right: 20px !important;}&#8221; link=&#8221;\/media\/products\/gate\/COMUNELLO-Gate-TechnicalManual2015.pdf&#8221;][vc_separator type=&#8221;transparent&#8221; up=&#8221;20&#8243; down=&#8221;20&#8243;][\/qode_elements_holder_item][qode_elements_holder_item advanced_animations=&#8221;no&#8221;]<div class='q_icon_with_title medium normal_icon'><div class=\"icon_holder \" style=\" \"><span data-icon-type=\"normal\"   style=\"\" class=\"qode_iwt_icon_holder q_font_awsome_icon fa-3x \"><i class=\"qode_icon_font_awesome fa fa-file-pdf-o qode_iwt_icon_element\" style=\"color: #ff0000;\" ><\/i><\/span><\/div><div class=\"icon_text_holder\" style=\"\"><div class=\"icon_text_inner\" style=\"\"><h5 class=\"icon_title\" style=\"color: #000000;\">Scopri gli altri cataloghi<\/h5><p style='color: #000000'><\/p><a itemprop='url' class='icon_with_title_link' href='\/it\/gate\/catalogs' target='_blank' style='color: #000000;'>Vai alla pagina dedicata<\/a><\/div><\/div><\/div>[vc_separator type=&#8221;transparent&#8221; up=&#8221;5&#8243; down=&#8221;5&#8243;][vc_single_image image=&#8221;4547&#8243; img_size=&#8221;full&#8221; qode_css_animation=&#8221;&#8221; css=&#8221;.vc_custom_1426003331506{margin-right: 20px !important;}&#8221;][vc_separator type=&#8221;transparent&#8221; up=&#8221;20&#8243; down=&#8221;20&#8243;][\/qode_elements_holder_item][\/qode_elements_holder][vc_separator type=&#8221;transparent&#8221; up=&#8221;50&#8243; down=&#8221;50&#8243;][\/vc_column_inner][vc_column_inner width=&#8221;1\/6&#8243; css=&#8221;.vc_custom_1418315541392{margin-right: -30px !important;margin-left: -30px !important;border-right-width: -30px !important;border-left-width: -30px !important;padding-right: -30px !important;padding-left: -30px !important;}&#8221;][\/vc_column_inner][vc_column_inner width=&#8221;1\/3&#8243;][vc_column_text]<\/p>\n<h1>TUTTO, DI PI\u00d9 E MEGLIO.<\/h1>\n<p>&nbsp;<\/p>\n<p>Comunello Gate Division offre una\u00a0gamma completa di prodotti per tutte le necessit\u00e0 di componentistica di costruzione\u00a0cancelli e chiusure.<\/p>\n<p>&nbsp;<\/p>\n<p>&nbsp;<\/p>\n<h1>PRODOTTI<\/h1>\n<p>[\/vc_column_text][vc_separator type=&#8221;normal&#8221; color=&#8221;#c3c3c3&#8243; thickness=&#8221;1&#8243; up=&#8221;30&#8243; down=&#8221;10&#8243;][qode_elements_holder number_of_columns=&#8221;two_columns&#8221;][qode_elements_holder_item advanced_animations=&#8221;no&#8221;][vc_column_text]<a href=\"\/it\/gate\/products\/cancello-ad-ante\/\"><img loading=\"lazy\" class=\"alignnone\" src=\"\/media\/products\/gate\/cancello_ad_ante\/comunello-gate-cancello_ad_ante-icon.jpg\" alt=\"\" width=\"70\" height=\"44\" \/><\/a>[\/vc_column_text][\/qode_elements_holder_item][qode_elements_holder_item advanced_animations=&#8221;no&#8221;][vc_column_text css=&#8221;.vc_custom_1424724736888{margin-left: -80px !important;}&#8221;]<a class=\"mainProductLink\" href=\"\/it\/gate\/products\/cancello-ad-ante\/\"><span style=\"font-size: large;\">CANCELLO AD ANTE<\/span><\/a>[\/vc_column_text][\/qode_elements_holder_item][\/qode_elements_holder][vc_separator type=&#8221;normal&#8221; color=&#8221;#c3c3c3&#8243; thickness=&#8221;1&#8243; up=&#8221;10&#8243; down=&#8221;10&#8243;][qode_elements_holder number_of_columns=&#8221;two_columns&#8221;][qode_elements_holder_item advanced_animations=&#8221;no&#8221;][vc_column_text]<a href=\"\/it\/gate\/products\/cancello-pedonale-ad-anta\/\"><img loading=\"lazy\" class=\"alignnone\" src=\"\/media\/products\/gate\/cancello_pedonale_ad_anta\/comunello-gate-cancello_pedonale_ad_anta-icon.jpg\" alt=\"\" width=\"70\" height=\"44\" \/><\/a>[\/vc_column_text][\/qode_elements_holder_item][qode_elements_holder_item advanced_animations=&#8221;no&#8221;][vc_column_text css=&#8221;.vc_custom_1424718814897{margin-left: -80px !important;}&#8221;]<a class=\"mainProductLink\" href=\"\/it\/gate\/products\/cancello-pedonale-ad-anta\/\"><span style=\"font-size: large;\">CANCELLO\u00a0PEDONALE AD ANTA<\/span><\/a>[\/vc_column_text][\/qode_elements_holder_item][\/qode_elements_holder][vc_separator type=&#8221;normal&#8221; color=&#8221;#c3c3c3&#8243; thickness=&#8221;1&#8243; up=&#8221;10&#8243; down=&#8221;10&#8243;][qode_elements_holder number_of_columns=&#8221;two_columns&#8221;][qode_elements_holder_item advanced_animations=&#8221;no&#8221;][vc_column_text]<a href=\"\/it\/gate\/products\/cancello-autoportante\/\"><img loading=\"lazy\" class=\"alignnone\" src=\"\/media\/products\/gate\/cancello_autoportante\/comunello-gate-cancello_autoportante-icon.jpg\" alt=\"\" width=\"70\" height=\"44\" \/><\/a>[\/vc_column_text][\/qode_elements_holder_item][qode_elements_holder_item advanced_animations=&#8221;no&#8221;][vc_column_text css=&#8221;.vc_custom_1424724756123{margin-left: -80px !important;}&#8221;]<a class=\"mainProductLink\" href=\"\/it\/gate\/products\/cancello-autoportante\/\"><span style=\"font-size: large;\">CANCELLO AUTOPORTANTE<\/span><\/a>[\/vc_column_text][\/qode_elements_holder_item][\/qode_elements_holder][vc_separator type=&#8221;normal&#8221; color=&#8221;#c3c3c3&#8243; thickness=&#8221;1&#8243; up=&#8221;10&#8243; down=&#8221;10&#8243;][qode_elements_holder number_of_columns=&#8221;two_columns&#8221;][qode_elements_holder_item advanced_animations=&#8221;no&#8221;][vc_column_text]<a href=\"\/it\/gate\/products\/cancello-scorrevole\/\"><img loading=\"lazy\" class=\"alignnone\" src=\"\/media\/products\/gate\/cancello_scorrevole\/comunello-gate-cancello_scorrevole-icon.jpg\" alt=\"\" width=\"70\" height=\"44\" \/><\/a>[\/vc_column_text][\/qode_elements_holder_item][qode_elements_holder_item advanced_animations=&#8221;no&#8221;][vc_column_text css=&#8221;.vc_custom_1424724795904{margin-left: -80px !important;}&#8221;]<a class=\"mainProductLink\" href=\"\/it\/gate\/products\/cancello-scorrevole\/\"><span style=\"font-size: large;\">CANCELLO SCORREVOLE<\/span><\/a>[\/vc_column_text][\/qode_elements_holder_item][\/qode_elements_holder][vc_separator type=&#8221;normal&#8221; color=&#8221;#c3c3c3&#8243; thickness=&#8221;1&#8243; up=&#8221;10&#8243; down=&#8221;10&#8243;][qode_elements_holder number_of_columns=&#8221;two_columns&#8221;][qode_elements_holder_item advanced_animations=&#8221;no&#8221;][vc_column_text]<a href=\"\/it\/gate\/products\/porte-e-finestre-in-acciaio\/\"><img loading=\"lazy\" class=\"alignnone\" src=\"\/media\/products\/gate\/porte_e_finestre_in_acciaio\/comunello-gate-porte_e_finestre_in_acciaio-icon.jpg\" alt=\"\" width=\"70\" height=\"44\" \/><\/a>[\/vc_column_text][\/qode_elements_holder_item][qode_elements_holder_item advanced_animations=&#8221;no&#8221;][vc_column_text css=&#8221;.vc_custom_1424724921756{margin-left: -80px !important;}&#8221;]<a class=\"mainProductLink\" href=\"\/it\/gate\/products\/porte-e-finestre-in-acciaio\/\"><span style=\"font-size: large;\">PORTE E FINESTRE IN ACCIAIO<\/span><\/a>[\/vc_column_text][\/qode_elements_holder_item][\/qode_elements_holder][vc_separator type=&#8221;normal&#8221; color=&#8221;#c3c3c3&#8243; thickness=&#8221;1&#8243; up=&#8221;10&#8243; down=&#8221;10&#8243;][qode_elements_holder number_of_columns=&#8221;two_columns&#8221;][qode_elements_holder_item advanced_animations=&#8221;no&#8221;][vc_column_text]<a href=\"\/it\/gate\/products\/portone-a-libro\/\"><img loading=\"lazy\" class=\"alignnone\" src=\"\/media\/products\/gate\/portone_a_libro\/comunello-gate-portone_a_libro-icon.jpg\" alt=\"\" width=\"70\" height=\"44\" \/><\/a>[\/vc_column_text][\/qode_elements_holder_item][qode_elements_holder_item advanced_animations=&#8221;no&#8221;][vc_column_text css=&#8221;.vc_custom_1424724947651{margin-left: -80px !important;}&#8221;]<a class=\"mainProductLink\" href=\"\/it\/gate\/products\/portone-a-libro\/\"><span style=\"font-size: large;\">PORTONE A LIBRO<\/span><\/a>[\/vc_column_text][\/qode_elements_holder_item][\/qode_elements_holder][vc_separator type=&#8221;normal&#8221; color=&#8221;#c3c3c3&#8243; thickness=&#8221;1&#8243; up=&#8221;10&#8243; down=&#8221;10&#8243;][qode_elements_holder number_of_columns=&#8221;two_columns&#8221;][qode_elements_holder_item advanced_animations=&#8221;no&#8221;][vc_column_text]<a href=\"\/it\/gate\/products\/portone-scorrevole\/\"><img loading=\"lazy\" class=\"alignnone\" src=\"\/media\/products\/gate\/portone_scorrevole\/comunello-gate-portone_scorrevole-icon.jpg\" alt=\"\" width=\"70\" height=\"44\" \/><\/a>[\/vc_column_text][\/qode_elements_holder_item][qode_elements_holder_item advanced_animations=&#8221;no&#8221;][vc_column_text css=&#8221;.vc_custom_1475522209323{margin-left: -80px !important;}&#8221;]<a class=\"mainProductLink\" href=\"\/it\/gate\/products\/portone-scorrevole\/\"><span style=\"font-size: large;\">PORTONE SCORREVOLE<\/span><\/a>[\/vc_column_text][\/qode_elements_holder_item][\/qode_elements_holder][vc_separator type=&#8221;normal&#8221; color=&#8221;#c3c3c3&#8243; thickness=&#8221;1&#8243; up=&#8221;10&#8243; down=&#8221;135&#8243;][vc_column_text]\u00c8 possibile inoltre configurare i prodotti a seconda delle proprie specifiche necessit\u00e0<\/p>\n<p>&nbsp;<\/p>\n<p>&nbsp;<\/p>\n<h1>CONFIGURATORI DI PRODOTTO<\/h1>\n<p>[\/vc_column_text][vc_separator type=&#8221;normal&#8221; color=&#8221;#c3c3c3&#8243; thickness=&#8221;1&#8243; up=&#8221;30&#8243; down=&#8221;10&#8243;][qode_elements_holder number_of_columns=&#8221;two_columns&#8221;][qode_elements_holder_item advanced_animations=&#8221;no&#8221;][vc_column_text]<a href=\"\/it\/gate\/products\/cancello-autoportante\/configurator\/\"><img loading=\"lazy\" class=\"alignnone\" src=\"\/media\/products\/gate\/cancello_autoportante\/comunello-gate-cancello_autoportante-icon.png\" alt=\"\" width=\"70\" height=\"44\" \/><\/a>[\/vc_column_text][\/qode_elements_holder_item][qode_elements_holder_item advanced_animations=&#8221;no&#8221;][vc_column_text css=&#8221;.vc_custom_1475522081833{margin-left: -80px !important;}&#8221;]<a class=\"mainProductLink\" href=\"\/it\/gate\/products\/cancello-autoportante\/configurator\/\"><span style=\"font-size: large;\">CANCELLO AUTOPORTANTE<\/span><\/a>[\/vc_column_text][\/qode_elements_holder_item][\/qode_elements_holder][vc_separator type=&#8221;normal&#8221; color=&#8221;#c3c3c3&#8243; thickness=&#8221;1&#8243; up=&#8221;10&#8243; down=&#8221;10&#8243;][qode_elements_holder number_of_columns=&#8221;two_columns&#8221;][qode_elements_holder_item advanced_animations=&#8221;no&#8221;][vc_column_text]<a href=\"\/it\/gate\/products\/cancello-scorrevole\/configurator\/\"><img loading=\"lazy\" class=\"alignnone\" src=\"\/media\/products\/gate\/cancello_scorrevole\/comunello-gate-cancello_scorrevole-icon.png\" alt=\"\" width=\"70\" height=\"44\" \/><\/a>[\/vc_column_text][\/qode_elements_holder_item][qode_elements_holder_item advanced_animations=&#8221;no&#8221;][vc_column_text css=&#8221;.vc_custom_1475534542652{margin-left: -80px !important;}&#8221;]<a class=\"mainProductLink\" href=\"\/it\/gate\/products\/cancello-scorrevole\/configurator\/\"><span style=\"font-size: large;\">CANCELLO SCORREVOLE<\/span><\/a>[\/vc_column_text][\/qode_elements_holder_item][\/qode_elements_holder][vc_separator type=&#8221;normal&#8221; color=&#8221;#c3c3c3&#8243; thickness=&#8221;1&#8243; up=&#8221;10&#8243; down=&#8221;10&#8243;][\/vc_column_inner][\/vc_row_inner][vc_separator type=&#8221;transparent&#8221; up=&#8221;50&#8243; down=&#8221;50&#8243;][\/vc_column][\/vc_row][vc_row row_type=&#8221;row&#8221; use_row_as_full_screen_section=&#8221;no&#8221; type=&#8221;full_width&#8221; angled_section=&#8221;no&#8221; text_align=&#8221;left&#8221; background_image_as_pattern=&#8221;without_pattern&#8221; background_color=&#8221;#dadada&#8221; css_animation=&#8221;&#8221;][vc_column][vc_row_inner row_type=&#8221;row&#8221; type=&#8221;grid&#8221; text_align=&#8221;left&#8221; css_animation=&#8221;&#8221;][vc_column_inner width=&#8221;2\/3&#8243;][rev_slider_vc alias=&#8221;gate-home-bottom&#8221;][\/vc_column_inner][vc_column_inner width=&#8221;1\/3&#8243;][vc_column_text]<a href=\"http:\/\/www.comunello.com\/it\/automation\"><img loading=\"lazy\" class=\"aligncenter size-medium wp-image-5081\" src=\"http:\/\/www.comunello.com\/wp-content\/uploads\/2014\/11\/COMUNELLO_AUTOMATION_LOGO-300x90.png\" alt=\"COMUNELLO_AUTOMATION_LOGO\" width=\"300\" height=\"90\" \/><\/a><\/p>\n<p>&nbsp;<\/p>\n<p><span style=\"color: #000000;\">In un mercato in continua evoluzione, Comunello ha pensato di strutturare un\u2019offerta completa per i suoi\u00a0suoi partner che non comprenda solo la movimentazione meccanica di\u00a0cancelli e portoni. La naturale evoluzione sono infatti gli attuatori elettromeccanici adatti a molteplici applicazioni: dai motori per cancello alle barriere stradali. Visita il sito della Divisione <a style=\"color: #000000;\" href=\"\/it\/automation\/\"><span style=\"text-decoration: underline;\">Comunello Automation<\/span><\/a> per scoprire di pi\u00f9!<\/span>[\/vc_column_text][\/vc_column_inner][\/vc_row_inner][\/vc_column][\/vc_row]<\/p>\n","protected":false},"excerpt":{"rendered":"<p>[vc_row row_type=&#8221;row&#8221; use_row_as_full_screen_section=&#8221;no&#8221; type=&#8221;full_width&#8221; angled_section=&#8221;no&#8221; text_align=&#8221;left&#8221; background_image_as_pattern=&#8221;without_pattern&#8221; padding_top=&#8221;0&#8243; css_animation=&#8221;&#8221;][vc_column][vc_column_text css=&#8221;.vc_custom_1493737275618{border-top-width: 20px !important;padding-top: 50px !important;background-color: #dadada !important;border-top-color: #5b6268 !important;}&#8221;] [\/vc_column_text][\/vc_column][\/vc_row][vc_row row_type=&#8221;row&#8221; use_row_as_full_screen_section=&#8221;no&#8221; type=&#8221;full_width&#8221; angled_section=&#8221;no&#8221; text_align=&#8221;left&#8221; background_image_as_pattern=&#8221;without_pattern&#8221;&#8230;<\/p>\n","protected":false},"author":1,"featured_media":0,"parent":325,"menu_order":0,"comment_status":"closed","ping_status":"closed","template":"full_width.php","meta":[],"yoast_head":"<!-- This site is optimized with the Yoast SEO plugin v16.0.2 - https:\/\/yoast.com\/wordpress\/plugins\/seo\/ -->\n<link rel=\"canonical\" href=\"https:\/\/www.comunello.com\/it\/gate\/gate-vecchia-2016\/\" \/>\n<meta property=\"og:locale\" content=\"it_IT\" \/>\n<meta property=\"og:type\" content=\"article\" \/>\n<meta property=\"og:title\" content=\"GATE \/ Vecchia - 2016 - Fratelli COMUNELLO\" \/>\n<meta property=\"og:description\" content=\"[vc_row row_type=&#8221;row&#8221; use_row_as_full_screen_section=&#8221;no&#8221; type=&#8221;full_width&#8221; angled_section=&#8221;no&#8221; text_align=&#8221;left&#8221; background_image_as_pattern=&#8221;without_pattern&#8221; padding_top=&#8221;0&#8243; css_animation=&#8221;&#8221;][vc_column][vc_column_text css=&#8221;.vc_custom_1493737275618{border-top-width: 20px !important;padding-top: 50px !important;background-color: #dadada !important;border-top-color: #5b6268 !important;}&#8221;] [\/vc_column_text][\/vc_column][\/vc_row][vc_row row_type=&#8221;row&#8221; use_row_as_full_screen_section=&#8221;no&#8221; type=&#8221;full_width&#8221; angled_section=&#8221;no&#8221; text_align=&#8221;left&#8221; background_image_as_pattern=&#8221;without_pattern&#8221;...\" \/>\n<meta property=\"og:url\" content=\"https:\/\/www.comunello.com\/it\/gate\/gate-vecchia-2016\/\" \/>\n<meta property=\"og:site_name\" content=\"Fratelli COMUNELLO\" \/>\n<meta property=\"og:image\" content=\"https:\/\/www.comunello.com\/media\/products\/gate\/cancello_ad_ante\/comunello-gate-cancello_ad_ante-icon.jpg\" \/>\n<meta name=\"twitter:card\" content=\"summary_large_image\" \/>\n<meta name=\"twitter:label1\" content=\"Tempo di lettura stimato\">\n\t<meta name=\"twitter:data1\" content=\"7 minuti\">\n<script type=\"application\/ld+json\" class=\"yoast-schema-graph\">{\"@context\":\"https:\/\/schema.org\",\"@graph\":[{\"@type\":\"WebSite\",\"@id\":\"https:\/\/www.comunello.com\/#website\",\"url\":\"https:\/\/www.comunello.com\/\",\"name\":\"Fratelli COMUNELLO\",\"description\":\"| Life Made Easy\",\"potentialAction\":[{\"@type\":\"SearchAction\",\"target\":\"https:\/\/www.comunello.com\/?s={search_term_string}\",\"query-input\":\"required name=search_term_string\"}],\"inLanguage\":\"it-IT\"},{\"@type\":\"ImageObject\",\"@id\":\"https:\/\/www.comunello.com\/it\/gate\/gate-vecchia-2016\/#primaryimage\",\"inLanguage\":\"it-IT\",\"url\":\"\/media\/products\/gate\/cancello_ad_ante\/comunello-gate-cancello_ad_ante-icon.jpg\"},{\"@type\":\"WebPage\",\"@id\":\"https:\/\/www.comunello.com\/it\/gate\/gate-vecchia-2016\/#webpage\",\"url\":\"https:\/\/www.comunello.com\/it\/gate\/gate-vecchia-2016\/\",\"name\":\"GATE \/ Vecchia - 2016 - Fratelli COMUNELLO\",\"isPartOf\":{\"@id\":\"https:\/\/www.comunello.com\/#website\"},\"primaryImageOfPage\":{\"@id\":\"https:\/\/www.comunello.com\/it\/gate\/gate-vecchia-2016\/#primaryimage\"},\"datePublished\":\"2017-05-05T14:07:43+00:00\",\"dateModified\":\"2017-05-05T14:07:43+00:00\",\"breadcrumb\":{\"@id\":\"https:\/\/www.comunello.com\/it\/gate\/gate-vecchia-2016\/#breadcrumb\"},\"inLanguage\":\"it-IT\",\"potentialAction\":[{\"@type\":\"ReadAction\",\"target\":[\"https:\/\/www.comunello.com\/it\/gate\/gate-vecchia-2016\/\"]}]},{\"@type\":\"BreadcrumbList\",\"@id\":\"https:\/\/www.comunello.com\/it\/gate\/gate-vecchia-2016\/#breadcrumb\",\"itemListElement\":[{\"@type\":\"ListItem\",\"position\":1,\"item\":{\"@type\":\"WebPage\",\"@id\":\"https:\/\/www.comunello.com\/it\/\",\"url\":\"https:\/\/www.comunello.com\/it\/\",\"name\":\"Home\"}},{\"@type\":\"ListItem\",\"position\":2,\"item\":{\"@type\":\"WebPage\",\"@id\":\"https:\/\/www.comunello.com\/it\/gate\/\",\"url\":\"https:\/\/www.comunello.com\/it\/gate\/\",\"name\":\"GATE\"}},{\"@type\":\"ListItem\",\"position\":3,\"item\":{\"@type\":\"WebPage\",\"@id\":\"https:\/\/www.comunello.com\/it\/gate\/gate-vecchia-2016\/\",\"url\":\"https:\/\/www.comunello.com\/it\/gate\/gate-vecchia-2016\/\",\"name\":\"GATE \/ Vecchia &#8211; 2016\"}}]}]}<\/script>\n<!-- \/ Yoast SEO plugin. -->","_links":{"self":[{"href":"https:\/\/www.comunello.com\/it\/wp-json\/wp\/v2\/pages\/14295\/"}],"collection":[{"href":"https:\/\/www.comunello.com\/it\/wp-json\/wp\/v2\/pages\/"}],"about":[{"href":"https:\/\/www.comunello.com\/it\/wp-json\/wp\/v2\/types\/page\/"}],"author":[{"embeddable":true,"href":"https:\/\/www.comunello.com\/it\/wp-json\/wp\/v2\/users\/1\/"}],"replies":[{"embeddable":true,"href":"https:\/\/www.comunello.com\/it\/wp-json\/wp\/v2\/comments\/?post=14295"}],"version-history":[{"count":1,"href":"https:\/\/www.comunello.com\/it\/wp-json\/wp\/v2\/pages\/14295\/revisions\/"}],"predecessor-version":[{"id":14296,"href":"https:\/\/www.comunello.com\/it\/wp-json\/wp\/v2\/pages\/14295\/revisions\/14296\/"}],"up":[{"embeddable":true,"href":"https:\/\/www.comunello.com\/it\/wp-json\/wp\/v2\/pages\/325\/"}],"wp:attachment":[{"href":"https:\/\/www.comunello.com\/it\/wp-json\/wp\/v2\/media\/?parent=14295"}],"curies":[{"name":"wp","href":"https:\/\/api.w.org\/{rel}","templated":true}]}}