{"id":5995,"date":"2015-06-19T10:30:27","date_gmt":"2015-06-19T08:30:27","guid":{"rendered":"http:\/\/www.comunello.com\/?page_id=5995"},"modified":"2023-03-15T10:35:25","modified_gmt":"2023-03-15T08:35:25","slug":"reseau-de-vente","status":"publish","type":"page","link":"https:\/\/www.comunello.com\/fr\/corporate\/reseau-de-vente\/","title":{"rendered":"CORPORATE R\u00e9seau de vente"},"content":{"rendered":"<p>[vc_row row_type=\u00a0\u00bbrow\u00a0\u00bb use_row_as_full_screen_section=\u00a0\u00bbno\u00a0\u00bb type=\u00a0\u00bbfull_width\u00a0\u00bb angled_section=\u00a0\u00bbno\u00a0\u00bb text_align=\u00a0\u00bbcenter\u00a0\u00bb background_image=\u00a0\u00bb16290&Prime; background_image_as_pattern=\u00a0\u00bbwithout_pattern\u00a0\u00bb background_color=\u00a0\u00bb#919191&Prime; border_color=\u00a0\u00bb#919191&Prime; css_animation=\u00a0\u00bb\u00a0\u00bb][vc_column][vc_empty_space height=\u00a0\u00bb300px\u00a0\u00bb][\/vc_column][\/vc_row][vc_row row_type=\u00a0\u00bbrow\u00a0\u00bb use_row_as_full_screen_section=\u00a0\u00bbno\u00a0\u00bb type=\u00a0\u00bbgrid\u00a0\u00bb angled_section=\u00a0\u00bbno\u00a0\u00bb text_align=\u00a0\u00bbcenter\u00a0\u00bb background_image_as_pattern=\u00a0\u00bbwithout_pattern\u00a0\u00bb background_color=\u00a0\u00bb#ffffff\u00a0\u00bb css_animation=\u00a0\u00bb\u00a0\u00bb css=\u00a0\u00bb.vc_custom_1490369294730{background-color: #ffffff !important;}\u00a0\u00bb][vc_column][vc_empty_space height=\u00a0\u00bb60px\u00a0\u00bb][vc_empty_space height=\u00a0\u00bb60px\u00a0\u00bb][vc_column_text]<\/p>\n<p style=\"text-align: center; font-family: helvth; font-size: 42px; line-height: 42px;\">PR\u00c9SENTS PARTOUT DANS LE MONDE<\/p>\n<p>[\/vc_column_text][vc_empty_space height=\u00a0\u00bb60px\u00a0\u00bb][\/vc_column][\/vc_row][vc_row row_type=\u00a0\u00bbrow\u00a0\u00bb use_row_as_full_screen_section=\u00a0\u00bbno\u00a0\u00bb type=\u00a0\u00bbfull_width\u00a0\u00bb angled_section=\u00a0\u00bbno\u00a0\u00bb text_align=\u00a0\u00bbcenter\u00a0\u00bb background_image_as_pattern=\u00a0\u00bbwithout_pattern\u00a0\u00bb background_color=\u00a0\u00bb#ffffff\u00a0\u00bb css_animation=\u00a0\u00bb\u00a0\u00bb css=\u00a0\u00bb.vc_custom_1491818960772{background-color: #ffffff !important;}\u00a0\u00bb][vc_column][vc_separator type=\u00a0\u00bbnormal\u00a0\u00bb color=\u00a0\u00bb#adadad\u00a0\u00bb up=\u00a0\u00bb5&Prime; down=\u00a0\u00bb-4&Prime;][\/vc_column][\/vc_row][vc_row row_type=\u00a0\u00bbrow\u00a0\u00bb use_row_as_full_screen_section=\u00a0\u00bbno\u00a0\u00bb type=\u00a0\u00bbgrid\u00a0\u00bb angled_section=\u00a0\u00bbno\u00a0\u00bb text_align=\u00a0\u00bbleft\u00a0\u00bb background_image_as_pattern=\u00a0\u00bbwithout_pattern\u00a0\u00bb background_color=\u00a0\u00bb#ffffff\u00a0\u00bb padding_top=\u00a0\u00bb0&Prime; padding_bottom=\u00a0\u00bb75&Prime; css_animation=\u00a0\u00bb\u00a0\u00bb][vc_column][vc_separator type=\u00a0\u00bbnormal\u00a0\u00bb color=\u00a0\u00bb#bcbcbc\u00a0\u00bb thickness=\u00a0\u00bb1&Prime; up=\u00a0\u00bb40&Prime; down=\u00a0\u00bb20&Prime;][vc_row_inner row_type=\u00a0\u00bbrow\u00a0\u00bb type=\u00a0\u00bbfull_width\u00a0\u00bb text_align=\u00a0\u00bbleft\u00a0\u00bb background_color=\u00a0\u00bb#ffffff\u00a0\u00bb css_animation=\u00a0\u00bb\u00a0\u00bb][vc_column_inner width=\u00a0\u00bb1\/2&Prime; css=\u00a0\u00bb.vc_custom_1504101747954{padding-left: 40px !important;}\u00a0\u00bb][vc_empty_space][vc_column_text el_class=\u00a0\u00bbtest_one_page\u00a0\u00bb]Comunello est pr\u00e9sent dans plus de 80 pays \u00e0 travers un important r\u00e9seau de distributeurs et de revendeurs professionnels qualifi\u00e9s.<\/p>\n<p>Gr\u00e2ce \u00e0 notre nouvelle organisation multimarques :<br \/>\n<strong>Gate \u2013 Automation \u2013 Frame \u2013 Frame Automation<\/strong><\/p>\n<p><strong><br \/>\n<\/strong>l\u2019entreprise est en mesure de r\u00e9pondre efficacement \u00e0 toutes les exigences du march\u00e9 et d\u2019apporter le meilleur soutien \u00e0 tous les partenaires.[\/vc_column_text][\/vc_column_inner][vc_column_inner width=\u00a0\u00bb1\/2&Prime; css=\u00a0\u00bb.vc_custom_1504101790271{padding-right: 40px !important;padding-left: 40px !important;}\u00a0\u00bb][vc_empty_space][vc_column_text el_class=\u00a0\u00bbtest_one_page\u00a0\u00bb]<strong>EXPORT SALES DEPARTMENT<\/strong><\/p>\n<p>&nbsp;<\/p>\n<p><strong>Export Sales tel:<\/strong> +39 0424 585111<br \/>\n<strong>Export Sales email:<\/strong>\u00a0<a href=\"mailto:export@comunello.it\">export@comunello.it<\/a><\/p>\n<p>[\/vc_column_text][\/vc_column_inner][\/vc_row_inner][vc_separator type=\u00a0\u00bbnormal\u00a0\u00bb color=\u00a0\u00bb#bcbcbc\u00a0\u00bb thickness=\u00a0\u00bb1&Prime; up=\u00a0\u00bb50&Prime; down=\u00a0\u00bb70&Prime;][\/vc_column][\/vc_row][vc_row row_type=\u00a0\u00bbrow\u00a0\u00bb use_row_as_full_screen_section=\u00a0\u00bbno\u00a0\u00bb type=\u00a0\u00bbgrid\u00a0\u00bb angled_section=\u00a0\u00bbno\u00a0\u00bb text_align=\u00a0\u00bbleft\u00a0\u00bb background_image_as_pattern=\u00a0\u00bbwithout_pattern\u00a0\u00bb background_color=\u00a0\u00bb#ffffff\u00a0\u00bb css_animation=\u00a0\u00bb\u00a0\u00bb][vc_column][vc_empty_space height=\u00a0\u00bb8px\u00a0\u00bb][\/vc_column][\/vc_row]<\/p>\n","protected":false},"excerpt":{"rendered":"<p>[vc_row row_type=\u00a0\u00bbrow\u00a0\u00bb use_row_as_full_screen_section=\u00a0\u00bbno\u00a0\u00bb type=\u00a0\u00bbfull_width\u00a0\u00bb angled_section=\u00a0\u00bbno\u00a0\u00bb text_align=\u00a0\u00bbcenter\u00a0\u00bb background_image=\u00a0\u00bb16290&Prime; background_image_as_pattern=\u00a0\u00bbwithout_pattern\u00a0\u00bb background_color=\u00a0\u00bb#919191&Prime; border_color=\u00a0\u00bb#919191&Prime; css_animation=\u00a0\u00bb\u00a0\u00bb][vc_column][vc_empty_space height=\u00a0\u00bb300px\u00a0\u00bb][\/vc_column][\/vc_row][vc_row row_type=\u00a0\u00bbrow\u00a0\u00bb use_row_as_full_screen_section=\u00a0\u00bbno\u00a0\u00bb type=\u00a0\u00bbgrid\u00a0\u00bb angled_section=\u00a0\u00bbno\u00a0\u00bb text_align=\u00a0\u00bbcenter\u00a0\u00bb background_image_as_pattern=\u00a0\u00bbwithout_pattern\u00a0\u00bb background_color=\u00a0\u00bb#ffffff\u00a0\u00bb css_animation=\u00a0\u00bb\u00a0\u00bb css=\u00a0\u00bb.vc_custom_1490369294730{background-color: #ffffff !important;}\u00a0\u00bb][vc_column][vc_empty_space height=\u00a0\u00bb60px\u00a0\u00bb][vc_empty_space height=\u00a0\u00bb60px\u00a0\u00bb][vc_column_text]&#8230;<\/p>\n","protected":false},"author":1,"featured_media":0,"parent":5467,"menu_order":0,"comment_status":"open","ping_status":"open","template":"full_width.php","meta":[],"yoast_head":"<!-- This site is optimized with the Yoast SEO plugin v16.0.2 - https:\/\/yoast.com\/wordpress\/plugins\/seo\/ -->\n<link rel=\"canonical\" href=\"https:\/\/www.comunello.com\/fr\/corporate\/reseau-de-vente\/\" \/>\n<meta property=\"og:locale\" content=\"fr_FR\" \/>\n<meta property=\"og:type\" content=\"article\" \/>\n<meta property=\"og:title\" content=\"CORPORATE R\u00e9seau de vente - Fratelli COMUNELLO\" \/>\n<meta property=\"og:description\" content=\"[vc_row row_type=\u00a0\u00bbrow\u00a0\u00bb use_row_as_full_screen_section=\u00a0\u00bbno\u00a0\u00bb type=\u00a0\u00bbfull_width\u00a0\u00bb angled_section=\u00a0\u00bbno\u00a0\u00bb text_align=\u00a0\u00bbcenter\u00a0\u00bb background_image=\u00a0\u00bb16290&Prime; background_image_as_pattern=\u00a0\u00bbwithout_pattern\u00a0\u00bb background_color=\u00a0\u00bb#919191&Prime; border_color=\u00a0\u00bb#919191&Prime; css_animation=\u00a0\u00bb\u00a0\u00bb][vc_column][vc_empty_space height=\u00a0\u00bb300px\u00a0\u00bb][\/vc_column][\/vc_row][vc_row row_type=\u00a0\u00bbrow\u00a0\u00bb use_row_as_full_screen_section=\u00a0\u00bbno\u00a0\u00bb type=\u00a0\u00bbgrid\u00a0\u00bb angled_section=\u00a0\u00bbno\u00a0\u00bb text_align=\u00a0\u00bbcenter\u00a0\u00bb background_image_as_pattern=\u00a0\u00bbwithout_pattern\u00a0\u00bb background_color=\u00a0\u00bb#ffffff\u00a0\u00bb css_animation=\u00a0\u00bb\u00a0\u00bb css=\u00a0\u00bb.vc_custom_1490369294730{background-color: #ffffff !important;}\u00a0\u00bb][vc_column][vc_empty_space height=\u00a0\u00bb60px\u00a0\u00bb][vc_empty_space height=\u00a0\u00bb60px\u00a0\u00bb][vc_column_text]...\" \/>\n<meta property=\"og:url\" content=\"https:\/\/www.comunello.com\/fr\/corporate\/reseau-de-vente\/\" \/>\n<meta property=\"og:site_name\" content=\"Fratelli COMUNELLO\" \/>\n<meta property=\"article:modified_time\" content=\"2023-03-15T08:35:25+00:00\" \/>\n<meta name=\"twitter:card\" content=\"summary_large_image\" \/>\n<meta name=\"twitter:label1\" content=\"Dur\u00e9e de lecture est.\">\n\t<meta name=\"twitter:data1\" content=\"2 minutes\">\n<script type=\"application\/ld+json\" class=\"yoast-schema-graph\">{\"@context\":\"https:\/\/schema.org\",\"@graph\":[{\"@type\":\"WebSite\",\"@id\":\"https:\/\/www.comunello.com\/#website\",\"url\":\"https:\/\/www.comunello.com\/\",\"name\":\"Fratelli COMUNELLO\",\"description\":\"| Life Made Easy\",\"potentialAction\":[{\"@type\":\"SearchAction\",\"target\":\"https:\/\/www.comunello.com\/?s={search_term_string}\",\"query-input\":\"required name=search_term_string\"}],\"inLanguage\":\"fr-FR\"},{\"@type\":\"WebPage\",\"@id\":\"https:\/\/www.comunello.com\/fr\/corporate\/reseau-de-vente\/#webpage\",\"url\":\"https:\/\/www.comunello.com\/fr\/corporate\/reseau-de-vente\/\",\"name\":\"CORPORATE R\\u00e9seau de vente - Fratelli COMUNELLO\",\"isPartOf\":{\"@id\":\"https:\/\/www.comunello.com\/#website\"},\"datePublished\":\"2015-06-19T08:30:27+00:00\",\"dateModified\":\"2023-03-15T08:35:25+00:00\",\"breadcrumb\":{\"@id\":\"https:\/\/www.comunello.com\/fr\/corporate\/reseau-de-vente\/#breadcrumb\"},\"inLanguage\":\"fr-FR\",\"potentialAction\":[{\"@type\":\"ReadAction\",\"target\":[\"https:\/\/www.comunello.com\/fr\/corporate\/reseau-de-vente\/\"]}]},{\"@type\":\"BreadcrumbList\",\"@id\":\"https:\/\/www.comunello.com\/fr\/corporate\/reseau-de-vente\/#breadcrumb\",\"itemListElement\":[{\"@type\":\"ListItem\",\"position\":1,\"item\":{\"@type\":\"WebPage\",\"@id\":\"https:\/\/www.comunello.com\/fr\/\",\"url\":\"https:\/\/www.comunello.com\/fr\/\",\"name\":\"Home\"}},{\"@type\":\"ListItem\",\"position\":2,\"item\":{\"@type\":\"WebPage\",\"@id\":\"https:\/\/www.comunello.com\/fr\/corporate\/\",\"url\":\"https:\/\/www.comunello.com\/fr\/corporate\/\",\"name\":\"CORPORATE\"}},{\"@type\":\"ListItem\",\"position\":3,\"item\":{\"@type\":\"WebPage\",\"@id\":\"https:\/\/www.comunello.com\/fr\/corporate\/reseau-de-vente\/\",\"url\":\"https:\/\/www.comunello.com\/fr\/corporate\/reseau-de-vente\/\",\"name\":\"CORPORATE R\\u00e9seau de vente\"}}]}]}<\/script>\n<!-- \/ Yoast SEO plugin. -->","_links":{"self":[{"href":"https:\/\/www.comunello.com\/fr\/wp-json\/wp\/v2\/pages\/5995\/"}],"collection":[{"href":"https:\/\/www.comunello.com\/fr\/wp-json\/wp\/v2\/pages\/"}],"about":[{"href":"https:\/\/www.comunello.com\/fr\/wp-json\/wp\/v2\/types\/page\/"}],"author":[{"embeddable":true,"href":"https:\/\/www.comunello.com\/fr\/wp-json\/wp\/v2\/users\/1\/"}],"replies":[{"embeddable":true,"href":"https:\/\/www.comunello.com\/fr\/wp-json\/wp\/v2\/comments\/?post=5995"}],"version-history":[{"count":2,"href":"https:\/\/www.comunello.com\/fr\/wp-json\/wp\/v2\/pages\/5995\/revisions\/"}],"predecessor-version":[{"id":16590,"href":"https:\/\/www.comunello.com\/fr\/wp-json\/wp\/v2\/pages\/5995\/revisions\/16590\/"}],"up":[{"embeddable":true,"href":"https:\/\/www.comunello.com\/fr\/wp-json\/wp\/v2\/pages\/5467\/"}],"wp:attachment":[{"href":"https:\/\/www.comunello.com\/fr\/wp-json\/wp\/v2\/media\/?parent=5995"}],"curies":[{"name":"wp","href":"https:\/\/api.w.org\/{rel}","templated":true}]}}