{"id":5984,"date":"2015-06-19T09:59:32","date_gmt":"2015-06-19T07:59:32","guid":{"rendered":"http:\/\/www.comunello.com\/?page_id=5984"},"modified":"2015-06-19T11:52:01","modified_gmt":"2015-06-19T09:52:01","slug":"salons","status":"publish","type":"page","link":"https:\/\/www.comunello.com\/fr\/corporate\/salons\/","title":{"rendered":"CORPORATE Salons"},"content":{"rendered":"<p>[vc_row row_type=\u00a0\u00bbrow\u00a0\u00bb type=\u00a0\u00bbfull_width\u00a0\u00bb text_align=\u00a0\u00bbleft\u00a0\u00bb background_image_as_pattern=\u00a0\u00bbwithout_pattern\u00a0\u00bb background_color=\u00a0\u00bb#5b6268&Prime; padding_top=\u00a0\u00bb42&Prime;][vc_column width=\u00a0\u00bb1\/1&Prime;][vc_row_inner row_type=\u00a0\u00bbrow\u00a0\u00bb type=\u00a0\u00bbgrid\u00a0\u00bb text_align=\u00a0\u00bbleft\u00a0\u00bb padding_top=\u00a0\u00bb23&Prime; css=\u00a0\u00bb.vc_custom_1418569512084{margin-left: -50px !important;}\u00a0\u00bb][vc_column_inner width=\u00a0\u00bb1\/2&Prime; css=\u00a0\u00bb.vc_custom_1418568975500{padding-top: 50px !important;padding-left: 50px !important;}\u00a0\u00bb][vc_column_text]<\/p>\n<h2><span style=\"color: #ffffff;\">Fratelli Comunello<\/span><\/h2>\n<h1><span style=\"color: #ffffff;\">Salons<\/span><\/h1>\n<p>[\/vc_column_text][\/vc_column_inner][vc_column_inner width=\u00a0\u00bb1\/2&Prime;][vc_single_image image=\u00a0\u00bb2069&Prime; border_color=\u00a0\u00bbgrey\u00a0\u00bb img_link_target=\u00a0\u00bb_self\u00a0\u00bb img_size=\u00a0\u00bbfull\u00a0\u00bb alignment=\u00a0\u00bbright\u00a0\u00bb][\/vc_column_inner][\/vc_row_inner][\/vc_column][\/vc_row][vc_row row_type=\u00a0\u00bbrow\u00a0\u00bb type=\u00a0\u00bbgrid\u00a0\u00bb text_align=\u00a0\u00bbleft\u00a0\u00bb background_image_as_pattern=\u00a0\u00bbwithout_pattern\u00a0\u00bb padding_top=\u00a0\u00bb50&Prime; background_color=\u00a0\u00bb#ffffff\u00a0\u00bb][vc_column width=\u00a0\u00bb1\/3&Prime;][vc_column_text]<a href=\"\/es\/\"><img loading=\"lazy\" class=\"alignleft wp-image-1200 size-full\" src=\"\/wp-content\/uploads\/2014\/12\/22.jpg\" alt=\"22\" width=\"20\" height=\"22\" \/><\/a>[\/vc_column_text][\/vc_column][vc_column width=\u00a0\u00bb1\/3&Prime; css=\u00a0\u00bb.vc_custom_1418569690351{margin-left: -357px !important;}\u00a0\u00bb][vc_column_text]&gt; News\u00a0&gt;\u00a0Salons[\/vc_column_text][\/vc_column][vc_column width=\u00a0\u00bb1\/3&Prime;][\/vc_column][\/vc_row][vc_row row_type=\u00a0\u00bbrow\u00a0\u00bb type=\u00a0\u00bbgrid\u00a0\u00bb text_align=\u00a0\u00bbleft\u00a0\u00bb background_image_as_pattern=\u00a0\u00bbwithout_pattern\u00a0\u00bb padding_top=\u00a0\u00bb-70&Prime; background_color=\u00a0\u00bb#ffffff\u00a0\u00bb][vc_column width=\u00a0\u00bb1\/2&Prime;][vc_single_image image=\u00a0\u00bb3390&Prime; border_color=\u00a0\u00bbgrey\u00a0\u00bb img_link_target=\u00a0\u00bb_self\u00a0\u00bb img_size=\u00a0\u00bbfull\u00a0\u00bb css=\u00a0\u00bb.vc_custom_1425541868807{margin-top: 20px !important;margin-bottom: 10px !important;}\u00a0\u00bb][\/vc_column][vc_column width=\u00a0\u00bb1\/2&Prime;][vc_column_text css=\u00a0\u00bb.vc_custom_1434700842177{margin-top: 20px !important;margin-bottom: 10px !important;}\u00a0\u00bb]<\/p>\n<h1>QUATRE GRANDES DIVISIONS. TOUJOURS PR\u00c9SENTES DANS LE MONDE.<\/h1>\n<p>[\/vc_column_text][\/vc_column][vc_column][vc_separator type=\u00a0\u00bbnormal\u00a0\u00bb position=\u00a0\u00bbcenter\u00a0\u00bb thickness=\u00a0\u00bb1&Prime; color=\u00a0\u00bb#d8d8d8&Prime; down=\u00a0\u00bb50&Prime; up=\u00a0\u00bb50&Prime;][\/vc_column][\/vc_row][vc_row row_type=\u00a0\u00bbrow\u00a0\u00bb type=\u00a0\u00bbgrid\u00a0\u00bb text_align=\u00a0\u00bbleft\u00a0\u00bb background_image_as_pattern=\u00a0\u00bbwithout_pattern\u00a0\u00bb background_color=\u00a0\u00bb#ffffff\u00a0\u00bb][vc_column width=\u00a0\u00bb1\/2&Prime;][vc_column_text css=\u00a0\u00bb.vc_custom_1434701246081{margin-top: 20px !important;margin-bottom: 20px !important;padding-top: 20px !important;}\u00a0\u00bb]<\/p>\n<h1>R+T 2015 &#8211; STUTTGART<\/h1>\n<p>&nbsp;<\/p>\n<p>Un grand succ\u00e8s ! Au tr\u00e8s renomm\u00e9 salon R+T de Stuttgart, notre stand a vu affluer de tr\u00e8s nombreux visiteurs pendant toute la dur\u00e9e de la manifestation, du 24 au 28 f\u00e9vrier 2015. Nous tenons \u00e0 remercier toutes celles et ceux qui, avec curiosit\u00e9 et grand int\u00e9r\u00eat, ont voulu <strong>d\u00e9couvrir et tester notre technologie r\u00e9volutionnaire dans le domaine de l\u2019automation des portails<\/strong> : <a title=\"AUTOMATION One Technology\" href=\"http:\/\/www.comunello.com\/fr\/automation\/one-technology\/\">Comunello One<\/a>. Il s\u2019agit d\u2019une \u00e9lectronique de commande hautement intelligente qui parvient \u00e0 reconna\u00eetre et \u00e0 identifier tous les accessoires p\u00e9riph\u00e9riques connect\u00e9s et qu\u2019il est possible de programmer avec simplicit\u00e9 gr\u00e2ce \u00e0 une Appli pour smartphone et tablette.<\/p>\n<p>Nous sommes certains que notre staff a su vous guider au mieux \u00e0 la d\u00e9couverte de notre gamme de produit. Par ailleurs, <a href=\"http:\/\/www.comunello.com\/automation\/victor\" target=\"_blank\" data-cke-saved-href=\"http:\/\/www.comunello.com\/fr\/automation\/victor\">Victor<\/a> a rencontr\u00e9 un grand succ\u00e8s. <strong>La nouvelle radiocommande pr\u00e9sent\u00e9e dans deux versions : la premi\u00e8re d\u00e9di\u00e9e au 50\u00e8me Anniversaire de la cr\u00e9ation de l&rsquo;entreprise<\/strong>, dans une \u00e9l\u00e9gante et prestigieuse finition effet carbone et avec profil en m\u00e9tal v\u00e9ritable, la seconde, plus fun, constitu\u00e9e d\u2019une s\u00e9rie radiocommandes color\u00e9es. N\u2019h\u00e9sitez pas \u00e0 les d\u00e9couvrir toutes!<\/p>\n<p>Nous vous invitons \u00e0 <a href=\"mailto:info@comunello.it?subject=Comunello One \u2013 Demande d\u2019informations \u00e0 l\u2019attention du service commercia&amp;body= je souhaiterais recevoir des informations suppl\u00e9mentaires au sujet de la technologie One.  En vous remerciant par avance, je vous prie d\u2019agr\u00e9er l\u2019expression de mes respectueuses salutations.\">nous contacter<\/a> pour plus d\u2019informations et d\u2019explications.[\/vc_column_text][\/vc_column][vc_column width=\u00a0\u00bb1\/2&Prime;][vc_separator type=\u00a0\u00bbtransparent\u00a0\u00bb position=\u00a0\u00bbcenter\u00a0\u00bb down=\u00a0\u00bb20&Prime;][vc_gallery type=\u00a0\u00bbflexslider_fade\u00a0\u00bb interval=\u00a0\u00bb3&Prime; images=\u00a0\u00bb2072,5036,5037,5039,5040,5041,5042,5044,5045,5046,5048,5049,5051,5052,5053,5054,5055&Prime; onclick=\u00a0\u00bblink_image\u00a0\u00bb custom_links_target=\u00a0\u00bb_self\u00a0\u00bb column_number=\u00a0\u00bb2&Prime; grayscale=\u00a0\u00bbno\u00a0\u00bb choose_frame=\u00a0\u00bbdefault\u00a0\u00bb][\/vc_column][vc_column][vc_separator type=\u00a0\u00bbnormal\u00a0\u00bb position=\u00a0\u00bbcenter\u00a0\u00bb color=\u00a0\u00bb#bcbcbc\u00a0\u00bb thickness=\u00a0\u00bb1&Prime; up=\u00a0\u00bb50&Prime; down=\u00a0\u00bb50&Prime;][\/vc_column][\/vc_row][vc_row row_type=\u00a0\u00bbrow\u00a0\u00bb type=\u00a0\u00bbgrid\u00a0\u00bb text_align=\u00a0\u00bbleft\u00a0\u00bb background_image_as_pattern=\u00a0\u00bbwithout_pattern\u00a0\u00bb background_color=\u00a0\u00bb#ffffff\u00a0\u00bb][vc_column width=\u00a0\u00bb1\/2&Prime;][vc_gallery type=\u00a0\u00bbflexslider_fade\u00a0\u00bb interval=\u00a0\u00bb3&Prime; images=\u00a0\u00bb2073,2087,2099,2086,2085&Prime; onclick=\u00a0\u00bblink_image\u00a0\u00bb custom_links_target=\u00a0\u00bb_self\u00a0\u00bb column_number=\u00a0\u00bb2&Prime; grayscale=\u00a0\u00bbno\u00a0\u00bb choose_frame=\u00a0\u00bbdefault\u00a0\u00bb][\/vc_column][vc_column width=\u00a0\u00bb1\/2&Prime;][vc_column_text css=\u00a0\u00bb.vc_custom_1434701295731{margin-top: 20px !important;margin-bottom: 40px !important;padding-top: 20px !important;}\u00a0\u00bb]<\/p>\n<h1>BAU 2015 &#8211; MUNCHEN.<\/h1>\n<p>&nbsp;<\/p>\n<p class=\"p1\">Nous avons \u00e9t\u00e9 combl\u00e9s de recevoir autant de visiteurs au salon BAU 2015 de Munich.<\/p>\n<p class=\"p1\">Nous tenons \u00e0 remercier vivement les nombreux visiteurs qui se sont rendus sur notre stand en t\u00e9moignant d\u2019un vif int\u00e9r\u00eat, o\u00f9 ils ont eu l\u2019occasion de faire connaissance avec notre \u00e9quipe qui a re\u00e7u des commentaires enthousiastes sur nos produits.<\/p>\n<p>&nbsp;<\/p>\n<p>&nbsp;<\/p>\n<p>&nbsp;[\/vc_column_text][\/vc_column][\/vc_row][vc_row row_type=\u00a0\u00bbrow\u00a0\u00bb type=\u00a0\u00bbgrid\u00a0\u00bb text_align=\u00a0\u00bbleft\u00a0\u00bb background_image_as_pattern=\u00a0\u00bbwithout_pattern\u00a0\u00bb background_color=\u00a0\u00bb#ffffff\u00a0\u00bb][vc_column width=\u00a0\u00bb1\/1&Prime;][vc_separator type=\u00a0\u00bbnormal\u00a0\u00bb position=\u00a0\u00bbcenter\u00a0\u00bb color=\u00a0\u00bb#bcbcbc\u00a0\u00bb thickness=\u00a0\u00bb1&Prime; up=\u00a0\u00bb50&Prime; down=\u00a0\u00bb50&Prime;][\/vc_column][\/vc_row][vc_row row_type=\u00a0\u00bbrow\u00a0\u00bb type=\u00a0\u00bbgrid\u00a0\u00bb text_align=\u00a0\u00bbleft\u00a0\u00bb background_image_as_pattern=\u00a0\u00bbwithout_pattern\u00a0\u00bb background_color=\u00a0\u00bb#ffffff\u00a0\u00bb][vc_column width=\u00a0\u00bb1\/2&Prime;][vc_column_text css=\u00a0\u00bb.vc_custom_1434701277736{margin-top: 20px !important;margin-bottom: 40px !important;padding-top: 20px !important;}\u00a0\u00bb]<\/p>\n<h1>THE BIG FIVE 2014 &#8211; DUBAI<\/h1>\n<p>&nbsp;<\/p>\n<p class=\"p1\">Nous avons \u00e9t\u00e9 combl\u00e9s de recevoir autant de visiteurs au salon BIG 5 de Duba\u00ef.<\/p>\n<p class=\"p1\">Nous tenons \u00e0 remercier vivement les nombreux visiteurs qui se sont rendus sur notre stand en t\u00e9moignant d\u2019un vif int\u00e9r\u00eat, o\u00f9 ils ont eu l\u2019occasion de faire connaissance avec notre \u00e9quipe qui a re\u00e7u des commentaires enthousiastes sur nos produits.<\/p>\n<p class=\"p1\">Nous vous attendons au salon BAU 2015 de Munich !<\/p>\n<p>&nbsp;<\/p>\n<p>&nbsp;<\/p>\n<p>&nbsp;[\/vc_column_text][\/vc_column][vc_column width=\u00a0\u00bb1\/2&Prime;][vc_single_image border_color=\u00a0\u00bbgrey\u00a0\u00bb img_link_target=\u00a0\u00bb_self\u00a0\u00bb image=\u00a0\u00bb2074&Prime; img_size=\u00a0\u00bbfull\u00a0\u00bb css=\u00a0\u00bb.vc_custom_1422457258167{margin-top: 20px !important;margin-bottom: 20px !important;}\u00a0\u00bb alignment=\u00a0\u00bbright\u00a0\u00bb][\/vc_column][\/vc_row]<\/p>\n","protected":false},"excerpt":{"rendered":"<p>[vc_row row_type=\u00a0\u00bbrow\u00a0\u00bb type=\u00a0\u00bbfull_width\u00a0\u00bb text_align=\u00a0\u00bbleft\u00a0\u00bb background_image_as_pattern=\u00a0\u00bbwithout_pattern\u00a0\u00bb background_color=\u00a0\u00bb#5b6268&Prime; padding_top=\u00a0\u00bb42&Prime;][vc_column width=\u00a0\u00bb1\/1&Prime;][vc_row_inner row_type=\u00a0\u00bbrow\u00a0\u00bb type=\u00a0\u00bbgrid\u00a0\u00bb text_align=\u00a0\u00bbleft\u00a0\u00bb padding_top=\u00a0\u00bb23&Prime; css=\u00a0\u00bb.vc_custom_1418569512084{margin-left: -50px !important;}\u00a0\u00bb][vc_column_inner width=\u00a0\u00bb1\/2&Prime; css=\u00a0\u00bb.vc_custom_1418568975500{padding-top: 50px !important;padding-left: 50px !important;}\u00a0\u00bb][vc_column_text] Fratelli Comunello Salons [\/vc_column_text][\/vc_column_inner][vc_column_inner&#8230;<\/p>\n","protected":false},"author":1,"featured_media":0,"parent":5467,"menu_order":0,"comment_status":"open","ping_status":"open","template":"full_width.php","meta":[],"yoast_head":"<!-- This site is optimized with the Yoast SEO plugin v16.0.2 - https:\/\/yoast.com\/wordpress\/plugins\/seo\/ -->\n<link rel=\"canonical\" href=\"https:\/\/www.comunello.com\/fr\/corporate\/salons\/\" \/>\n<meta property=\"og:locale\" content=\"fr_FR\" \/>\n<meta property=\"og:type\" content=\"article\" \/>\n<meta property=\"og:title\" content=\"CORPORATE Salons - Fratelli COMUNELLO\" \/>\n<meta property=\"og:description\" content=\"[vc_row row_type=\u00a0\u00bbrow\u00a0\u00bb type=\u00a0\u00bbfull_width\u00a0\u00bb text_align=\u00a0\u00bbleft\u00a0\u00bb background_image_as_pattern=\u00a0\u00bbwithout_pattern\u00a0\u00bb background_color=\u00a0\u00bb#5b6268&Prime; padding_top=\u00a0\u00bb42&Prime;][vc_column width=\u00a0\u00bb1\/1&Prime;][vc_row_inner row_type=\u00a0\u00bbrow\u00a0\u00bb type=\u00a0\u00bbgrid\u00a0\u00bb text_align=\u00a0\u00bbleft\u00a0\u00bb padding_top=\u00a0\u00bb23&Prime; css=\u00a0\u00bb.vc_custom_1418569512084{margin-left: -50px !important;}\u00a0\u00bb][vc_column_inner width=\u00a0\u00bb1\/2&Prime; css=\u00a0\u00bb.vc_custom_1418568975500{padding-top: 50px !important;padding-left: 50px !important;}\u00a0\u00bb][vc_column_text] Fratelli Comunello Salons [\/vc_column_text][\/vc_column_inner][vc_column_inner...\" \/>\n<meta property=\"og:url\" content=\"https:\/\/www.comunello.com\/fr\/corporate\/salons\/\" \/>\n<meta property=\"og:site_name\" content=\"Fratelli COMUNELLO\" \/>\n<meta property=\"article:modified_time\" content=\"2015-06-19T09:52:01+00:00\" \/>\n<meta property=\"og:image\" content=\"https:\/\/www.comunello.com\/wp-content\/uploads\/2014\/12\/22.jpg\" \/>\n<meta name=\"twitter:card\" content=\"summary_large_image\" \/>\n<meta name=\"twitter:label1\" content=\"Dur\u00e9e de lecture est.\">\n\t<meta name=\"twitter:data1\" content=\"4 minutes\">\n<script type=\"application\/ld+json\" class=\"yoast-schema-graph\">{\"@context\":\"https:\/\/schema.org\",\"@graph\":[{\"@type\":\"WebSite\",\"@id\":\"https:\/\/www.comunello.com\/#website\",\"url\":\"https:\/\/www.comunello.com\/\",\"name\":\"Fratelli COMUNELLO\",\"description\":\"| Life Made Easy\",\"potentialAction\":[{\"@type\":\"SearchAction\",\"target\":\"https:\/\/www.comunello.com\/?s={search_term_string}\",\"query-input\":\"required name=search_term_string\"}],\"inLanguage\":\"fr-FR\"},{\"@type\":\"ImageObject\",\"@id\":\"https:\/\/www.comunello.com\/fr\/corporate\/salons\/#primaryimage\",\"inLanguage\":\"fr-FR\",\"url\":\"\/wp-content\/uploads\/2014\/12\/22.jpg\"},{\"@type\":\"WebPage\",\"@id\":\"https:\/\/www.comunello.com\/fr\/corporate\/salons\/#webpage\",\"url\":\"https:\/\/www.comunello.com\/fr\/corporate\/salons\/\",\"name\":\"CORPORATE Salons - Fratelli COMUNELLO\",\"isPartOf\":{\"@id\":\"https:\/\/www.comunello.com\/#website\"},\"primaryImageOfPage\":{\"@id\":\"https:\/\/www.comunello.com\/fr\/corporate\/salons\/#primaryimage\"},\"datePublished\":\"2015-06-19T07:59:32+00:00\",\"dateModified\":\"2015-06-19T09:52:01+00:00\",\"breadcrumb\":{\"@id\":\"https:\/\/www.comunello.com\/fr\/corporate\/salons\/#breadcrumb\"},\"inLanguage\":\"fr-FR\",\"potentialAction\":[{\"@type\":\"ReadAction\",\"target\":[\"https:\/\/www.comunello.com\/fr\/corporate\/salons\/\"]}]},{\"@type\":\"BreadcrumbList\",\"@id\":\"https:\/\/www.comunello.com\/fr\/corporate\/salons\/#breadcrumb\",\"itemListElement\":[{\"@type\":\"ListItem\",\"position\":1,\"item\":{\"@type\":\"WebPage\",\"@id\":\"https:\/\/www.comunello.com\/fr\/\",\"url\":\"https:\/\/www.comunello.com\/fr\/\",\"name\":\"Home\"}},{\"@type\":\"ListItem\",\"position\":2,\"item\":{\"@type\":\"WebPage\",\"@id\":\"https:\/\/www.comunello.com\/fr\/corporate\/\",\"url\":\"https:\/\/www.comunello.com\/fr\/corporate\/\",\"name\":\"CORPORATE\"}},{\"@type\":\"ListItem\",\"position\":3,\"item\":{\"@type\":\"WebPage\",\"@id\":\"https:\/\/www.comunello.com\/fr\/corporate\/salons\/\",\"url\":\"https:\/\/www.comunello.com\/fr\/corporate\/salons\/\",\"name\":\"CORPORATE Salons\"}}]}]}<\/script>\n<!-- \/ Yoast SEO plugin. -->","_links":{"self":[{"href":"https:\/\/www.comunello.com\/fr\/wp-json\/wp\/v2\/pages\/5984\/"}],"collection":[{"href":"https:\/\/www.comunello.com\/fr\/wp-json\/wp\/v2\/pages\/"}],"about":[{"href":"https:\/\/www.comunello.com\/fr\/wp-json\/wp\/v2\/types\/page\/"}],"author":[{"embeddable":true,"href":"https:\/\/www.comunello.com\/fr\/wp-json\/wp\/v2\/users\/1\/"}],"replies":[{"embeddable":true,"href":"https:\/\/www.comunello.com\/fr\/wp-json\/wp\/v2\/comments\/?post=5984"}],"version-history":[{"count":0,"href":"https:\/\/www.comunello.com\/fr\/wp-json\/wp\/v2\/pages\/5984\/revisions\/"}],"up":[{"embeddable":true,"href":"https:\/\/www.comunello.com\/fr\/wp-json\/wp\/v2\/pages\/5467\/"}],"wp:attachment":[{"href":"https:\/\/www.comunello.com\/fr\/wp-json\/wp\/v2\/media\/?parent=5984"}],"curies":[{"name":"wp","href":"https:\/\/api.w.org\/{rel}","templated":true}]}}