{"id":5827,"date":"2015-06-15T15:32:52","date_gmt":"2015-06-15T13:32:52","guid":{"rendered":"http:\/\/www.comunello.com\/?page_id=5827"},"modified":"2016-09-23T10:16:53","modified_gmt":"2016-09-23T08:16:53","slug":"victor","status":"publish","type":"page","link":"https:\/\/www.comunello.com\/fr\/automation\/victor\/","title":{"rendered":"AUTOMATION Victor"},"content":{"rendered":"<p>[vc_row row_type=\u00a0\u00bbrow\u00a0\u00bb type=\u00a0\u00bbfull_width\u00a0\u00bb text_align=\u00a0\u00bbleft\u00a0\u00bb background_image_as_pattern=\u00a0\u00bbwithout_pattern\u00a0\u00bb background_color=\u00a0\u00bb#dadada\u00a0\u00bb padding_top=\u00a0\u00bb42&Prime;][vc_column width=\u00a0\u00bb1\/1&Prime;][vc_row_inner row_type=\u00a0\u00bbrow\u00a0\u00bb type=\u00a0\u00bbgrid\u00a0\u00bb text_align=\u00a0\u00bbleft\u00a0\u00bb padding_top=\u00a0\u00bb23&Prime; css=\u00a0\u00bb.vc_custom_1418569512084{margin-left: -50px !important;}\u00a0\u00bb][vc_column_inner width=\u00a0\u00bb1\/2&Prime; css=\u00a0\u00bb.vc_custom_1418568975500{padding-top: 50px !important;padding-left: 50px !important;}\u00a0\u00bb][vc_column_text]<\/p>\n<h2><span style=\"color: #000000;\">Comunello Automation<\/span><\/h2>\n<h1><span style=\"color: #000000;\">Victor<\/span><\/h1>\n<p>[\/vc_column_text][\/vc_column_inner][vc_column_inner width=\u00a0\u00bb1\/2&Prime;][vc_single_image image=\u00a0\u00bb10184&Prime; border_color=\u00a0\u00bbgrey\u00a0\u00bb img_link_target=\u00a0\u00bb_self\u00a0\u00bb img_size=\u00a0\u00bbfull\u00a0\u00bb][\/vc_column_inner][\/vc_row_inner][\/vc_column][\/vc_row][vc_row row_type=\u00a0\u00bbrow\u00a0\u00bb type=\u00a0\u00bbgrid\u00a0\u00bb text_align=\u00a0\u00bbleft\u00a0\u00bb background_image_as_pattern=\u00a0\u00bbwithout_pattern\u00a0\u00bb padding_top=\u00a0\u00bb50&Prime; background_color=\u00a0\u00bb#ffffff\u00a0\u00bb][vc_column width=\u00a0\u00bb1\/3&Prime;][vc_column_text]<a href=\"\/automation\/\"><img loading=\"lazy\" class=\"alignleft wp-image-1200 size-full\" src=\"http:\/\/www.comunello.com\/wp-content\/uploads\/2014\/12\/22.jpg\" alt=\"22\" width=\"20\" height=\"22\" \/><\/a><\/p>\n<p>[\/vc_column_text][\/vc_column][vc_column width=\u00a0\u00bb1\/3&Prime; css=\u00a0\u00bb.vc_custom_1418569690351{margin-left: -357px !important;}\u00a0\u00bb][vc_column_text]<span style=\"color: #999999;\">&gt; Victor<\/span><\/p>\n<p>[\/vc_column_text][\/vc_column][vc_column width=\u00a0\u00bb1\/3&Prime;][vc_column_text]<br \/>\n[\/vc_column_text][\/vc_column][\/vc_row][vc_row row_type=\u00a0\u00bbrow\u00a0\u00bb type=\u00a0\u00bbgrid\u00a0\u00bb text_align=\u00a0\u00bbleft\u00a0\u00bb background_image_as_pattern=\u00a0\u00bbwithout_pattern\u00a0\u00bb background_color=\u00a0\u00bb#ffffff\u00a0\u00bb][vc_column width=\u00a0\u00bb1\/2&Prime;][vc_single_image image=\u00a0\u00bb10186&Prime; border_color=\u00a0\u00bbgrey\u00a0\u00bb img_link_target=\u00a0\u00bb_self\u00a0\u00bb img_size=\u00a0\u00bbfull\u00a0\u00bb css=\u00a0\u00bb.vc_custom_1474618255507{margin-top: 20px !important;margin-bottom: 20px !important;}\u00a0\u00bb][\/vc_column][vc_column width=\u00a0\u00bb1\/2&Prime;][vc_column_text css=\u00a0\u00bb.vc_custom_1434375120721{margin-top: 20px !important;margin-bottom: 20px !important;padding-top: 20px !important;}\u00a0\u00bb]<\/p>\n<h1><\/h1>\n<h1><\/h1>\n<h1><a href=\"http:\/\/www.comunello.com\/wp-content\/uploads\/2015\/02\/logo_victor.png\" data-rel=\"lightbox-image-0\" data-rl_title=\"\" data-rl_caption=\"\" title=\"\"><img loading=\"lazy\" class=\" size-medium wp-image-3560 alignleft\" src=\"http:\/\/www.comunello.com\/wp-content\/uploads\/2015\/02\/logo_victor-300x126.png\" alt=\"logo_victor\" width=\"300\" height=\"126\" srcset=\"https:\/\/www.comunello.com\/wp-content\/uploads\/2015\/02\/logo_victor-300x126.png 300w, https:\/\/www.comunello.com\/wp-content\/uploads\/2015\/02\/logo_victor.png 319w\" sizes=\"(max-width: 300px) 100vw, 300px\" \/><\/a><\/h1>\n<div class=\"page\" title=\"Page 6\">\n<div class=\"layoutArea\">\n<div class=\"column\">\n<div class=\"page\" title=\"Page 3\">\n<div class=\"section\">\n<div class=\"layoutArea\">\n<div class=\"column\">\n<div class=\"page\" title=\"Page 2\">\n<div class=\"section\">\n<div class=\"layoutArea\">\n<div class=\"column\">\n<p>&nbsp;<\/p>\n<p>&nbsp;<\/p>\n<p>&nbsp;<\/p>\n<p>&nbsp;<\/p>\n<p>&nbsp;<\/p>\n<div class=\"page\" title=\"Page 2\">\n<div class=\"section\">\n<div class=\"layoutArea\">\n<div class=\"column\">\n<p>&nbsp;<\/p>\n<p>L\u2019innovante radiocommande aux ordres du progr\u00e8s. Finition extr\u00eamement soign\u00e9e gage d\u2019esth\u00e9tique exclusive sans pareille. VICTOR 50 se caract\u00e9rise par une finition effet carbone gage de forte personnalit\u00e9 avec un profil en m\u00e9tal v\u00e9ritable.<\/p><\/div>\n<\/div>\n<\/div>\n<\/div>\n<\/div>\n<\/div>\n<\/div>\n<\/div>\n<\/div>\n<\/div>\n<\/div>\n<\/div>\n<\/div>\n<\/div>\n<\/div>\n<p>[\/vc_column_text][\/vc_column][vc_column][vc_separator type=\u00a0\u00bbnormal\u00a0\u00bb position=\u00a0\u00bbcenter\u00a0\u00bb color=\u00a0\u00bb#bcbcbc\u00a0\u00bb thickness=\u00a0\u00bb1&Prime; up=\u00a0\u00bb10&Prime; down=\u00a0\u00bb10&Prime;][\/vc_column][\/vc_row][vc_row row_type=\u00a0\u00bbrow\u00a0\u00bb type=\u00a0\u00bbgrid\u00a0\u00bb text_align=\u00a0\u00bbleft\u00a0\u00bb background_image_as_pattern=\u00a0\u00bbwithout_pattern\u00a0\u00bb background_color=\u00a0\u00bb#ffffff\u00a0\u00bb][vc_column width=\u00a0\u00bb1\/2&Prime;][vc_column_text css=\u00a0\u00bb.vc_custom_1434375144807{margin-top: 20px !important;margin-bottom: 40px !important;padding-top: 20px !important;}\u00a0\u00bb]<\/p>\n<div class=\"page\" title=\"Page 2\">\n<div class=\"section\">\n<div class=\"layoutArea\">\n<div class=\"column\">\n<p>Victor, la nouvelle et \u00e9l\u00e9gante radiocommande est disponible dans la prestigieuse \u00e9dition du 50\u00e8me anniversaire et dans une version vive et color\u00e9e.<\/p>\n<p>&nbsp;<\/p><\/div>\n<\/div>\n<\/div>\n<\/div>\n<div class=\"page\" title=\"Page 2\">\n<div class=\"section\">\n<div class=\"layoutArea\">\n<div class=\"column\">\n<div class=\"page\" title=\"Page 2\">\n<div class=\"section\">\n<div class=\"layoutArea\">\n<div class=\"column\">\n<div class=\"page\" title=\"Page 2\">\n<div class=\"section\">\n<div class=\"layoutArea\">\n<div class=\"column\">\n<p>Fr\u00e9quence de fonctionnement 433,92 et 868,46 Mhz, \u00e0 codes variables et code fixe avec fonction de copie. Plus de 18 millions de combinaisons sont une garantie de s\u00e9curit\u00e9. Port\u00e9e de plus de 100 m en l\u2019absence d\u2019obstacles et alimentation sur batterie (3 Vcc). Version \u00e0 2 ou 4 canaux pour la commande de plusieurs syst\u00e8mes, compatible avec \u00e9metteurs et r\u00e9cepteurs Comunello. A 2 ou 4 canaux, VICTOR est une radiocommande innovante disponible dans les versions VICTOR 50 et VICTOR.<\/p><\/div>\n<\/div>\n<\/div>\n<\/div>\n<\/div>\n<\/div>\n<\/div>\n<\/div>\n<\/div>\n<\/div>\n<\/div>\n<\/div>\n<p>[\/vc_column_text][\/vc_column][vc_column width=\u00a0\u00bb1\/2&Prime; font_color=\u00a0\u00bb#ffffff\u00a0\u00bb][vc_single_image border_color=\u00a0\u00bbgrey\u00a0\u00bb img_link_target=\u00a0\u00bb_self\u00a0\u00bb image=\u00a0\u00bb3459&Prime; img_size=\u00a0\u00bbfull\u00a0\u00bb css=\u00a0\u00bb.vc_custom_1424273339326{margin-top: 20px !important;margin-bottom: 20px !important;}\u00a0\u00bb][\/vc_column][\/vc_row][vc_row row_type=\u00a0\u00bbrow\u00a0\u00bb type=\u00a0\u00bbgrid\u00a0\u00bb text_align=\u00a0\u00bbleft\u00a0\u00bb background_image_as_pattern=\u00a0\u00bbwithout_pattern\u00a0\u00bb background_color=\u00a0\u00bb#ffffff\u00a0\u00bb][vc_column width=\u00a0\u00bb1\/1&Prime;][vc_separator type=\u00a0\u00bbnormal\u00a0\u00bb position=\u00a0\u00bbcenter\u00a0\u00bb][\/vc_column][\/vc_row][vc_row row_type=\u00a0\u00bbrow\u00a0\u00bb type=\u00a0\u00bbgrid\u00a0\u00bb text_align=\u00a0\u00bbleft\u00a0\u00bb background_image_as_pattern=\u00a0\u00bbwithout_pattern\u00a0\u00bb background_color=\u00a0\u00bb#ffffff\u00a0\u00bb][vc_column width=\u00a0\u00bb1\/2&Prime;][vc_single_image image=\u00a0\u00bb3456&Prime; border_color=\u00a0\u00bbgrey\u00a0\u00bb img_link_target=\u00a0\u00bb_self\u00a0\u00bb img_size=\u00a0\u00bbfull\u00a0\u00bb css=\u00a0\u00bb.vc_custom_1424272944270{margin-top: 20px !important;margin-bottom: 20px !important;}\u00a0\u00bb][\/vc_column][vc_column width=\u00a0\u00bb1\/2&Prime;][vc_column_text css=\u00a0\u00bb.vc_custom_1434375173143{margin-top: 20px !important;margin-bottom: 20px !important;padding-top: 20px !important;}\u00a0\u00bb]<\/p>\n<h1><\/h1>\n<h1>RADIOCOMMANDE VICTOR<\/h1>\n<h2><\/h2>\n<h2>Colour made easy<\/h2>\n<p>&nbsp;<\/p>\n<h2><\/h2>\n<div class=\"page\" title=\"Page 2\">\n<div class=\"section\">\n<div class=\"layoutArea\">\n<div class=\"column\">\n<div class=\"page\" title=\"Page 2\">\n<div class=\"section\">\n<div class=\"layoutArea\">\n<div class=\"column\">\n<div class=\"page\" title=\"Page 2\">\n<div class=\"section\">\n<div class=\"layoutArea\">\n<div class=\"column\">\n<p>Choisir est toujours synonyme d\u2019agr\u00e9able sensation de libert\u00e9. Conjointement au noir absolu, des couleurs franches et superlatives. VICTOR est disponible dans les \u00e9l\u00e9gantes couleurs woodland green (vert), saffron yellow (jaune), ocean blue (bleu), velvet red (rouge) et total black (noir).<\/p><\/div>\n<\/div>\n<\/div>\n<\/div>\n<p>&nbsp;<\/p><\/div>\n<\/div>\n<\/div>\n<\/div>\n<\/div>\n<\/div>\n<\/div>\n<\/div>\n<p>[\/vc_column_text][\/vc_column][\/vc_row][vc_row row_type=\u00a0\u00bbrow\u00a0\u00bb type=\u00a0\u00bbgrid\u00a0\u00bb text_align=\u00a0\u00bbleft\u00a0\u00bb background_image_as_pattern=\u00a0\u00bbwithout_pattern\u00a0\u00bb background_color=\u00a0\u00bb#ffffff\u00a0\u00bb padding_top=\u00a0\u00bb20&Prime; padding_bottom=\u00a0\u00bb50&Prime;][vc_column width=\u00a0\u00bb1\/1&Prime;][vc_separator type=\u00a0\u00bbnormal\u00a0\u00bb position=\u00a0\u00bbcenter\u00a0\u00bb color=\u00a0\u00bb#bcbcbc\u00a0\u00bb thickness=\u00a0\u00bb1&Prime; up=\u00a0\u00bb10&Prime; down=\u00a0\u00bb10&Prime;][\/vc_column][\/vc_row][vc_row][vc_column width=\u00a0\u00bb1\/1&Prime;][rev_slider_vc alias=\u00a0\u00bbVictor\u00a0\u00bb][\/vc_column][\/vc_row][vc_row row_type=\u00a0\u00bbrow\u00a0\u00bb type=\u00a0\u00bbgrid\u00a0\u00bb text_align=\u00a0\u00bbleft\u00a0\u00bb background_image_as_pattern=\u00a0\u00bbwithout_pattern\u00a0\u00bb background_color=\u00a0\u00bb#ffffff\u00a0\u00bb padding_top=\u00a0\u00bb20&Prime; padding_bottom=\u00a0\u00bb50&Prime;][vc_column width=\u00a0\u00bb1\/1&Prime;][vc_separator type=\u00a0\u00bbnormal\u00a0\u00bb position=\u00a0\u00bbcenter\u00a0\u00bb color=\u00a0\u00bb#bcbcbc\u00a0\u00bb thickness=\u00a0\u00bb1&Prime; up=\u00a0\u00bb10&Prime; down=\u00a0\u00bb10&Prime;][\/vc_column][\/vc_row][vc_row row_type=\u00a0\u00bbrow\u00a0\u00bb type=\u00a0\u00bbgrid\u00a0\u00bb text_align=\u00a0\u00bbleft\u00a0\u00bb background_image_as_pattern=\u00a0\u00bbwithout_pattern\u00a0\u00bb background_color=\u00a0\u00bb#ffffff\u00a0\u00bb][vc_column width=\u00a0\u00bb1\/2&Prime;][vc_column_text css=\u00a0\u00bb.vc_custom_1424273374730{margin-top: 20px !important;margin-bottom: 20px !important;padding-top: 20px !important;}\u00a0\u00bb]<\/p>\n<h1>VICTOR<\/h1>\n<p>[\/vc_column_text][vc_separator type=\u00a0\u00bbnormal\u00a0\u00bb position=\u00a0\u00bbcenter\u00a0\u00bb color=\u00a0\u00bb#cc0000&Prime; thickness=\u00a0\u00bb2&Prime; up=\u00a0\u00bb20&Prime; down=\u00a0\u00bb40&Prime;]<div class='q_icon_with_title very_large normal_icon'><div class=\"icon_holder \" style=\" \"><span data-icon-type=\"normal\"   style=\"\" class=\"qode_iwt_icon_holder q_font_awsome_icon fa-5x \"><i class=\"qode_icon_font_awesome fa fa-file-pdf-o qode_iwt_icon_element\" style=\"color: #ff0000;\" ><\/i><\/span><\/div><div class=\"icon_text_holder\" style=\"\"><div class=\"icon_text_inner\" style=\"\"><h5 class=\"icon_title\" style=\"color: #000000;\">VICTOR \u2013 POUR EN SAVOIR PLUS<\/h5><p style='color: #000000'>File: PDF Size: 2 Mb<\/p><a itemprop='url' class='icon_with_title_link' href='http:\/\/www.comunello.com\/wp-content\/uploads\/2015\/02\/Comunello-Automation-VICTOR.pdf' target='_blank' style='color: #000000;'>Download<\/a><\/div><\/div><\/div>[vc_empty_space height=\u00a0\u00bb100px\u00a0\u00bb][\/vc_column][vc_column width=\u00a0\u00bb1\/2&Prime;]<br \/>\n[\/vc_column][\/vc_row]<\/p>\n","protected":false},"excerpt":{"rendered":"<p>[vc_row row_type=\u00a0\u00bbrow\u00a0\u00bb type=\u00a0\u00bbfull_width\u00a0\u00bb text_align=\u00a0\u00bbleft\u00a0\u00bb background_image_as_pattern=\u00a0\u00bbwithout_pattern\u00a0\u00bb background_color=\u00a0\u00bb#dadada\u00a0\u00bb padding_top=\u00a0\u00bb42&Prime;][vc_column width=\u00a0\u00bb1\/1&Prime;][vc_row_inner row_type=\u00a0\u00bbrow\u00a0\u00bb type=\u00a0\u00bbgrid\u00a0\u00bb text_align=\u00a0\u00bbleft\u00a0\u00bb padding_top=\u00a0\u00bb23&Prime; css=\u00a0\u00bb.vc_custom_1418569512084{margin-left: -50px !important;}\u00a0\u00bb][vc_column_inner width=\u00a0\u00bb1\/2&Prime; css=\u00a0\u00bb.vc_custom_1418568975500{padding-top: 50px !important;padding-left: 50px !important;}\u00a0\u00bb][vc_column_text] Comunello Automation Victor [\/vc_column_text][\/vc_column_inner][vc_column_inner&#8230;<\/p>\n","protected":false},"author":1,"featured_media":0,"parent":5403,"menu_order":0,"comment_status":"open","ping_status":"open","template":"full_width.php","meta":[],"yoast_head":"<!-- This site is optimized with the Yoast SEO plugin v16.0.2 - https:\/\/yoast.com\/wordpress\/plugins\/seo\/ -->\n<link rel=\"canonical\" href=\"https:\/\/www.comunello.com\/fr\/automation\/victor\/\" \/>\n<meta property=\"og:locale\" content=\"fr_FR\" \/>\n<meta property=\"og:type\" content=\"article\" \/>\n<meta property=\"og:title\" content=\"AUTOMATION Victor - Fratelli COMUNELLO\" \/>\n<meta property=\"og:description\" content=\"[vc_row row_type=\u00a0\u00bbrow\u00a0\u00bb type=\u00a0\u00bbfull_width\u00a0\u00bb text_align=\u00a0\u00bbleft\u00a0\u00bb background_image_as_pattern=\u00a0\u00bbwithout_pattern\u00a0\u00bb background_color=\u00a0\u00bb#dadada\u00a0\u00bb padding_top=\u00a0\u00bb42&Prime;][vc_column width=\u00a0\u00bb1\/1&Prime;][vc_row_inner row_type=\u00a0\u00bbrow\u00a0\u00bb type=\u00a0\u00bbgrid\u00a0\u00bb text_align=\u00a0\u00bbleft\u00a0\u00bb padding_top=\u00a0\u00bb23&Prime; css=\u00a0\u00bb.vc_custom_1418569512084{margin-left: -50px !important;}\u00a0\u00bb][vc_column_inner width=\u00a0\u00bb1\/2&Prime; css=\u00a0\u00bb.vc_custom_1418568975500{padding-top: 50px !important;padding-left: 50px !important;}\u00a0\u00bb][vc_column_text] Comunello Automation Victor [\/vc_column_text][\/vc_column_inner][vc_column_inner...\" \/>\n<meta property=\"og:url\" content=\"https:\/\/www.comunello.com\/fr\/automation\/victor\/\" \/>\n<meta property=\"og:site_name\" content=\"Fratelli COMUNELLO\" \/>\n<meta property=\"article:modified_time\" content=\"2016-09-23T08:16:53+00:00\" \/>\n<meta property=\"og:image\" content=\"http:\/\/www.comunello.com\/wp-content\/uploads\/2014\/12\/22.jpg\" \/>\n<meta name=\"twitter:card\" content=\"summary_large_image\" \/>\n<meta name=\"twitter:label1\" content=\"Dur\u00e9e de lecture est.\">\n\t<meta name=\"twitter:data1\" content=\"4 minutes\">\n<script type=\"application\/ld+json\" class=\"yoast-schema-graph\">{\"@context\":\"https:\/\/schema.org\",\"@graph\":[{\"@type\":\"WebSite\",\"@id\":\"https:\/\/www.comunello.com\/#website\",\"url\":\"https:\/\/www.comunello.com\/\",\"name\":\"Fratelli COMUNELLO\",\"description\":\"| Life Made Easy\",\"potentialAction\":[{\"@type\":\"SearchAction\",\"target\":\"https:\/\/www.comunello.com\/?s={search_term_string}\",\"query-input\":\"required name=search_term_string\"}],\"inLanguage\":\"fr-FR\"},{\"@type\":\"ImageObject\",\"@id\":\"https:\/\/www.comunello.com\/fr\/automation\/victor\/#primaryimage\",\"inLanguage\":\"fr-FR\",\"url\":\"http:\/\/www.comunello.com\/wp-content\/uploads\/2014\/12\/22.jpg\"},{\"@type\":\"WebPage\",\"@id\":\"https:\/\/www.comunello.com\/fr\/automation\/victor\/#webpage\",\"url\":\"https:\/\/www.comunello.com\/fr\/automation\/victor\/\",\"name\":\"AUTOMATION Victor - Fratelli COMUNELLO\",\"isPartOf\":{\"@id\":\"https:\/\/www.comunello.com\/#website\"},\"primaryImageOfPage\":{\"@id\":\"https:\/\/www.comunello.com\/fr\/automation\/victor\/#primaryimage\"},\"datePublished\":\"2015-06-15T13:32:52+00:00\",\"dateModified\":\"2016-09-23T08:16:53+00:00\",\"breadcrumb\":{\"@id\":\"https:\/\/www.comunello.com\/fr\/automation\/victor\/#breadcrumb\"},\"inLanguage\":\"fr-FR\",\"potentialAction\":[{\"@type\":\"ReadAction\",\"target\":[\"https:\/\/www.comunello.com\/fr\/automation\/victor\/\"]}]},{\"@type\":\"BreadcrumbList\",\"@id\":\"https:\/\/www.comunello.com\/fr\/automation\/victor\/#breadcrumb\",\"itemListElement\":[{\"@type\":\"ListItem\",\"position\":1,\"item\":{\"@type\":\"WebPage\",\"@id\":\"https:\/\/www.comunello.com\/fr\/\",\"url\":\"https:\/\/www.comunello.com\/fr\/\",\"name\":\"Home\"}},{\"@type\":\"ListItem\",\"position\":2,\"item\":{\"@type\":\"WebPage\",\"@id\":\"https:\/\/www.comunello.com\/fr\/automation\/\",\"url\":\"https:\/\/www.comunello.com\/fr\/automation\/\",\"name\":\"AUTOMATION\"}},{\"@type\":\"ListItem\",\"position\":3,\"item\":{\"@type\":\"WebPage\",\"@id\":\"https:\/\/www.comunello.com\/fr\/automation\/victor\/\",\"url\":\"https:\/\/www.comunello.com\/fr\/automation\/victor\/\",\"name\":\"AUTOMATION Victor\"}}]}]}<\/script>\n<!-- \/ Yoast SEO plugin. -->","_links":{"self":[{"href":"https:\/\/www.comunello.com\/fr\/wp-json\/wp\/v2\/pages\/5827\/"}],"collection":[{"href":"https:\/\/www.comunello.com\/fr\/wp-json\/wp\/v2\/pages\/"}],"about":[{"href":"https:\/\/www.comunello.com\/fr\/wp-json\/wp\/v2\/types\/page\/"}],"author":[{"embeddable":true,"href":"https:\/\/www.comunello.com\/fr\/wp-json\/wp\/v2\/users\/1\/"}],"replies":[{"embeddable":true,"href":"https:\/\/www.comunello.com\/fr\/wp-json\/wp\/v2\/comments\/?post=5827"}],"version-history":[{"count":6,"href":"https:\/\/www.comunello.com\/fr\/wp-json\/wp\/v2\/pages\/5827\/revisions\/"}],"predecessor-version":[{"id":10203,"href":"https:\/\/www.comunello.com\/fr\/wp-json\/wp\/v2\/pages\/5827\/revisions\/10203\/"}],"up":[{"embeddable":true,"href":"https:\/\/www.comunello.com\/fr\/wp-json\/wp\/v2\/pages\/5403\/"}],"wp:attachment":[{"href":"https:\/\/www.comunello.com\/fr\/wp-json\/wp\/v2\/media\/?parent=5827"}],"curies":[{"name":"wp","href":"https:\/\/api.w.org\/{rel}","templated":true}]}}