{"id":5790,"date":"2015-06-15T14:39:38","date_gmt":"2015-06-15T12:39:38","guid":{"rendered":"http:\/\/www.comunello.com\/?page_id=5790"},"modified":"2017-07-26T16:35:06","modified_gmt":"2017-07-26T14:35:06","slug":"assistance","status":"publish","type":"page","link":"https:\/\/www.comunello.com\/fr\/automation\/assistance\/","title":{"rendered":"AUTOMATION Assistance"},"content":{"rendered":"<p>[vc_row row_type=\u00a0\u00bbrow\u00a0\u00bb use_row_as_full_screen_section=\u00a0\u00bbno\u00a0\u00bb type=\u00a0\u00bbfull_width\u00a0\u00bb angled_section=\u00a0\u00bbno\u00a0\u00bb text_align=\u00a0\u00bbcenter\u00a0\u00bb background_image=\u00a0\u00bb16137&Prime; background_image_as_pattern=\u00a0\u00bbwithout_pattern\u00a0\u00bb background_color=\u00a0\u00bb#919191&Prime; border_color=\u00a0\u00bb#919191&Prime; css_animation=\u00a0\u00bb\u00a0\u00bb][vc_column][vc_empty_space height=\u00a0\u00bb300px\u00a0\u00bb][\/vc_column][\/vc_row][vc_row row_type=\u00a0\u00bbrow\u00a0\u00bb use_row_as_full_screen_section=\u00a0\u00bbno\u00a0\u00bb type=\u00a0\u00bbgrid\u00a0\u00bb angled_section=\u00a0\u00bbno\u00a0\u00bb text_align=\u00a0\u00bbcenter\u00a0\u00bb background_image_as_pattern=\u00a0\u00bbwithout_pattern\u00a0\u00bb background_color=\u00a0\u00bb#ffffff\u00a0\u00bb css_animation=\u00a0\u00bb\u00a0\u00bb css=\u00a0\u00bb.vc_custom_1490369294730{background-color: #ffffff !important;}\u00a0\u00bb][vc_column][vc_empty_space height=\u00a0\u00bb60px\u00a0\u00bb][vc_empty_space height=\u00a0\u00bb60px\u00a0\u00bb][vc_column_text]<\/p>\n<p style=\"text-align: center; font-family: helvth; font-size: 42px; line-height: 42px;\">QUALIT\u00c9 ABSOLUE: APR\u00c8S-VENTE COMPRISE<\/p>\n<p>[\/vc_column_text][\/vc_column][\/vc_row][vc_row row_type=\u00a0\u00bbrow\u00a0\u00bb use_row_as_full_screen_section=\u00a0\u00bbno\u00a0\u00bb type=\u00a0\u00bbfull_width\u00a0\u00bb angled_section=\u00a0\u00bbno\u00a0\u00bb text_align=\u00a0\u00bbcenter\u00a0\u00bb background_image_as_pattern=\u00a0\u00bbwithout_pattern\u00a0\u00bb background_color=\u00a0\u00bb#ffffff\u00a0\u00bb css_animation=\u00a0\u00bb\u00a0\u00bb css=\u00a0\u00bb.vc_custom_1491818960772{background-color: #ffffff !important;}\u00a0\u00bb][vc_column][vc_separator type=\u00a0\u00bbnormal\u00a0\u00bb color=\u00a0\u00bb#adadad\u00a0\u00bb up=\u00a0\u00bb5&Prime; down=\u00a0\u00bb-4&Prime;][\/vc_column][\/vc_row][vc_row row_type=\u00a0\u00bbrow\u00a0\u00bb use_row_as_full_screen_section=\u00a0\u00bbno\u00a0\u00bb type=\u00a0\u00bbgrid\u00a0\u00bb angled_section=\u00a0\u00bbno\u00a0\u00bb text_align=\u00a0\u00bbcenter\u00a0\u00bb background_image_as_pattern=\u00a0\u00bbwithout_pattern\u00a0\u00bb background_color=\u00a0\u00bb#ffffff\u00a0\u00bb css_animation=\u00a0\u00bb\u00a0\u00bb css=\u00a0\u00bb.vc_custom_1491826070100{background-color: #ffffff !important;}\u00a0\u00bb][vc_column el_class=\u00a0\u00bbtesto_az\u00a0\u00bb][vc_empty_space][vc_column_text el_class=\u00a0\u00bbtest_one_page\u00a0\u00bb]Le service d\u2019Assistance technique t\u00e9l\u00e9phonique a \u00e9t\u00e9 mis sur pied pour lib\u00e9rer le client de tout souci; il est g\u00e9r\u00e9 par un personnel sp\u00e9cialis\u00e9 hautement qualifi\u00e9 pour chaque division : de la conception \u00e0 l\u2019installation du produit.<\/p>\n<p>Pour les urgences, le service d\u2019assistance \u00ab sur place \u00bb offre un soutien direct sur le chantier fourni par les techniciens Comunello.<\/p>\n<p>Les sections de chaque division pr\u00e9sentes sur le site permettent d\u2019obtenir de plus amples informations, de t\u00e9l\u00e9charger toutes les fiches techniques ainsi que les manuels d\u2019installation dans la langue voulue et de se mettre en contact direct ou de laisser ses coordonn\u00e9es en vue de recevoir une assistance dans les plus brefs d\u00e9lais.[\/vc_column_text][\/vc_column][\/vc_row][vc_row row_type=\u00a0\u00bbrow\u00a0\u00bb use_row_as_full_screen_section=\u00a0\u00bbno\u00a0\u00bb type=\u00a0\u00bbgrid\u00a0\u00bb angled_section=\u00a0\u00bbno\u00a0\u00bb text_align=\u00a0\u00bbleft\u00a0\u00bb background_image_as_pattern=\u00a0\u00bbwithout_pattern\u00a0\u00bb background_color=\u00a0\u00bb#ffffff\u00a0\u00bb css_animation=\u00a0\u00bb\u00a0\u00bb][vc_column][vc_empty_space height=\u00a0\u00bb8px\u00a0\u00bb][\/vc_column][\/vc_row][vc_row row_type=\u00a0\u00bbrow\u00a0\u00bb use_row_as_full_screen_section=\u00a0\u00bbno\u00a0\u00bb type=\u00a0\u00bbgrid\u00a0\u00bb angled_section=\u00a0\u00bbno\u00a0\u00bb text_align=\u00a0\u00bbleft\u00a0\u00bb background_image_as_pattern=\u00a0\u00bbwithout_pattern\u00a0\u00bb padding_top=\u00a0\u00bb50&Prime; padding_bottom=\u00a0\u00bb75&Prime; css_animation=\u00a0\u00bb\u00a0\u00bb][vc_column][vc_separator type=\u00a0\u00bbnormal\u00a0\u00bb color=\u00a0\u00bb#bcbcbc\u00a0\u00bb thickness=\u00a0\u00bb1&Prime; up=\u00a0\u00bb70&Prime; down=\u00a0\u00bb70&Prime;][vc_row_inner row_type=\u00a0\u00bbrow\u00a0\u00bb type=\u00a0\u00bbfull_width\u00a0\u00bb text_align=\u00a0\u00bbleft\u00a0\u00bb background_color=\u00a0\u00bb#ffffff\u00a0\u00bb css_animation=\u00a0\u00bb\u00a0\u00bb][vc_column_inner width=\u00a0\u00bb1\/2&Prime;][vc_column_text]<\/p>\n<p style=\"text-align: center; font-family: helvlt; font-size: 30px; line-height: 30px;\">HELP DESK CUSTOMER CARE<\/p>\n<p>[\/vc_column_text][vc_empty_space][vc_column_text el_class=\u00a0\u00bbtest_one_page\u00a0\u00bb]<\/p>\n<p style=\"text-align: center;\"><strong>+39 0424 585 111<\/strong><\/p>\n<p style=\"text-align: center;\"><a title=\"info@comunello.it\" href=\"mailto:info@comunello.it\">info@comunello.it<\/a><\/p>\n<p>[\/vc_column_text][\/vc_column_inner][vc_column_inner width=\u00a0\u00bb1\/2&Prime;][vc_column_text]<\/p>\n<p style=\"text-align: center; font-family: helvlt; font-size: 30px; line-height: 30px;\">ASSISTANCE TECHNIQUE<\/p>\n<p>[\/vc_column_text][vc_empty_space][vc_column_text el_class=\u00a0\u00bbtest_one_page\u00a0\u00bb]<\/p>\n<p style=\"text-align: center;\"><strong>+39 0424 585 111<\/strong><\/p>\n<p style=\"text-align: center;\"><a title=\"technicalassistance@comunello.it\" href=\"mailto:technical_assistance@comunello.it\">technical_assistance@comunello.it<\/a><\/p>\n<p>[\/vc_column_text][\/vc_column_inner][\/vc_row_inner][vc_separator type=\u00a0\u00bbnormal\u00a0\u00bb color=\u00a0\u00bb#bcbcbc\u00a0\u00bb thickness=\u00a0\u00bb1&Prime; up=\u00a0\u00bb70&Prime; down=\u00a0\u00bb70&Prime;][\/vc_column][\/vc_row]<\/p>\n","protected":false},"excerpt":{"rendered":"<p>[vc_row row_type=\u00a0\u00bbrow\u00a0\u00bb use_row_as_full_screen_section=\u00a0\u00bbno\u00a0\u00bb type=\u00a0\u00bbfull_width\u00a0\u00bb angled_section=\u00a0\u00bbno\u00a0\u00bb text_align=\u00a0\u00bbcenter\u00a0\u00bb background_image=\u00a0\u00bb16137&Prime; background_image_as_pattern=\u00a0\u00bbwithout_pattern\u00a0\u00bb background_color=\u00a0\u00bb#919191&Prime; border_color=\u00a0\u00bb#919191&Prime; css_animation=\u00a0\u00bb\u00a0\u00bb][vc_column][vc_empty_space height=\u00a0\u00bb300px\u00a0\u00bb][\/vc_column][\/vc_row][vc_row row_type=\u00a0\u00bbrow\u00a0\u00bb use_row_as_full_screen_section=\u00a0\u00bbno\u00a0\u00bb type=\u00a0\u00bbgrid\u00a0\u00bb angled_section=\u00a0\u00bbno\u00a0\u00bb text_align=\u00a0\u00bbcenter\u00a0\u00bb background_image_as_pattern=\u00a0\u00bbwithout_pattern\u00a0\u00bb background_color=\u00a0\u00bb#ffffff\u00a0\u00bb css_animation=\u00a0\u00bb\u00a0\u00bb css=\u00a0\u00bb.vc_custom_1490369294730{background-color: #ffffff !important;}\u00a0\u00bb][vc_column][vc_empty_space height=\u00a0\u00bb60px\u00a0\u00bb][vc_empty_space height=\u00a0\u00bb60px\u00a0\u00bb][vc_column_text]&#8230;<\/p>\n","protected":false},"author":1,"featured_media":0,"parent":5403,"menu_order":0,"comment_status":"open","ping_status":"open","template":"full_width.php","meta":[],"yoast_head":"<!-- This site is optimized with the Yoast SEO plugin v16.0.2 - https:\/\/yoast.com\/wordpress\/plugins\/seo\/ -->\n<link rel=\"canonical\" href=\"https:\/\/www.comunello.com\/fr\/automation\/assistance\/\" \/>\n<meta property=\"og:locale\" content=\"fr_FR\" \/>\n<meta property=\"og:type\" content=\"article\" \/>\n<meta property=\"og:title\" content=\"AUTOMATION Assistance - Fratelli COMUNELLO\" \/>\n<meta property=\"og:description\" content=\"[vc_row row_type=\u00a0\u00bbrow\u00a0\u00bb use_row_as_full_screen_section=\u00a0\u00bbno\u00a0\u00bb type=\u00a0\u00bbfull_width\u00a0\u00bb angled_section=\u00a0\u00bbno\u00a0\u00bb text_align=\u00a0\u00bbcenter\u00a0\u00bb background_image=\u00a0\u00bb16137&Prime; background_image_as_pattern=\u00a0\u00bbwithout_pattern\u00a0\u00bb background_color=\u00a0\u00bb#919191&Prime; border_color=\u00a0\u00bb#919191&Prime; css_animation=\u00a0\u00bb\u00a0\u00bb][vc_column][vc_empty_space height=\u00a0\u00bb300px\u00a0\u00bb][\/vc_column][\/vc_row][vc_row row_type=\u00a0\u00bbrow\u00a0\u00bb use_row_as_full_screen_section=\u00a0\u00bbno\u00a0\u00bb type=\u00a0\u00bbgrid\u00a0\u00bb angled_section=\u00a0\u00bbno\u00a0\u00bb text_align=\u00a0\u00bbcenter\u00a0\u00bb background_image_as_pattern=\u00a0\u00bbwithout_pattern\u00a0\u00bb background_color=\u00a0\u00bb#ffffff\u00a0\u00bb css_animation=\u00a0\u00bb\u00a0\u00bb css=\u00a0\u00bb.vc_custom_1490369294730{background-color: #ffffff !important;}\u00a0\u00bb][vc_column][vc_empty_space height=\u00a0\u00bb60px\u00a0\u00bb][vc_empty_space height=\u00a0\u00bb60px\u00a0\u00bb][vc_column_text]...\" \/>\n<meta property=\"og:url\" content=\"https:\/\/www.comunello.com\/fr\/automation\/assistance\/\" \/>\n<meta property=\"og:site_name\" content=\"Fratelli COMUNELLO\" \/>\n<meta property=\"article:modified_time\" content=\"2017-07-26T14:35:06+00:00\" \/>\n<meta name=\"twitter:card\" content=\"summary_large_image\" \/>\n<meta name=\"twitter:label1\" content=\"Dur\u00e9e de lecture est.\">\n\t<meta name=\"twitter:data1\" content=\"3 minutes\">\n<script type=\"application\/ld+json\" class=\"yoast-schema-graph\">{\"@context\":\"https:\/\/schema.org\",\"@graph\":[{\"@type\":\"WebSite\",\"@id\":\"https:\/\/www.comunello.com\/#website\",\"url\":\"https:\/\/www.comunello.com\/\",\"name\":\"Fratelli COMUNELLO\",\"description\":\"| Life Made Easy\",\"potentialAction\":[{\"@type\":\"SearchAction\",\"target\":\"https:\/\/www.comunello.com\/?s={search_term_string}\",\"query-input\":\"required name=search_term_string\"}],\"inLanguage\":\"fr-FR\"},{\"@type\":\"WebPage\",\"@id\":\"https:\/\/www.comunello.com\/fr\/automation\/assistance\/#webpage\",\"url\":\"https:\/\/www.comunello.com\/fr\/automation\/assistance\/\",\"name\":\"AUTOMATION Assistance - Fratelli COMUNELLO\",\"isPartOf\":{\"@id\":\"https:\/\/www.comunello.com\/#website\"},\"datePublished\":\"2015-06-15T12:39:38+00:00\",\"dateModified\":\"2017-07-26T14:35:06+00:00\",\"breadcrumb\":{\"@id\":\"https:\/\/www.comunello.com\/fr\/automation\/assistance\/#breadcrumb\"},\"inLanguage\":\"fr-FR\",\"potentialAction\":[{\"@type\":\"ReadAction\",\"target\":[\"https:\/\/www.comunello.com\/fr\/automation\/assistance\/\"]}]},{\"@type\":\"BreadcrumbList\",\"@id\":\"https:\/\/www.comunello.com\/fr\/automation\/assistance\/#breadcrumb\",\"itemListElement\":[{\"@type\":\"ListItem\",\"position\":1,\"item\":{\"@type\":\"WebPage\",\"@id\":\"https:\/\/www.comunello.com\/fr\/\",\"url\":\"https:\/\/www.comunello.com\/fr\/\",\"name\":\"Home\"}},{\"@type\":\"ListItem\",\"position\":2,\"item\":{\"@type\":\"WebPage\",\"@id\":\"https:\/\/www.comunello.com\/fr\/automation\/\",\"url\":\"https:\/\/www.comunello.com\/fr\/automation\/\",\"name\":\"AUTOMATION\"}},{\"@type\":\"ListItem\",\"position\":3,\"item\":{\"@type\":\"WebPage\",\"@id\":\"https:\/\/www.comunello.com\/fr\/automation\/assistance\/\",\"url\":\"https:\/\/www.comunello.com\/fr\/automation\/assistance\/\",\"name\":\"AUTOMATION Assistance\"}}]}]}<\/script>\n<!-- \/ Yoast SEO plugin. -->","_links":{"self":[{"href":"https:\/\/www.comunello.com\/fr\/wp-json\/wp\/v2\/pages\/5790\/"}],"collection":[{"href":"https:\/\/www.comunello.com\/fr\/wp-json\/wp\/v2\/pages\/"}],"about":[{"href":"https:\/\/www.comunello.com\/fr\/wp-json\/wp\/v2\/types\/page\/"}],"author":[{"embeddable":true,"href":"https:\/\/www.comunello.com\/fr\/wp-json\/wp\/v2\/users\/1\/"}],"replies":[{"embeddable":true,"href":"https:\/\/www.comunello.com\/fr\/wp-json\/wp\/v2\/comments\/?post=5790"}],"version-history":[{"count":3,"href":"https:\/\/www.comunello.com\/fr\/wp-json\/wp\/v2\/pages\/5790\/revisions\/"}],"predecessor-version":[{"id":6674,"href":"https:\/\/www.comunello.com\/fr\/wp-json\/wp\/v2\/pages\/5790\/revisions\/6674\/"}],"up":[{"embeddable":true,"href":"https:\/\/www.comunello.com\/fr\/wp-json\/wp\/v2\/pages\/5403\/"}],"wp:attachment":[{"href":"https:\/\/www.comunello.com\/fr\/wp-json\/wp\/v2\/media\/?parent=5790"}],"curies":[{"name":"wp","href":"https:\/\/api.w.org\/{rel}","templated":true}]}}