{"id":5424,"date":"2014-12-10T18:34:09","date_gmt":"2014-12-10T18:34:09","guid":{"rendered":"http:\/\/www.comunello.com\/frameautomation\/products\/"},"modified":"2015-08-05T10:01:28","modified_gmt":"2015-08-05T08:01:28","slug":"products","status":"publish","type":"page","link":"https:\/\/www.comunello.com\/fr\/frameautomation\/products\/","title":{"rendered":"FRAME AUTOMATION Prodotti"},"content":{"rendered":"<p>[vc_row row_type=\u00a0\u00bbrow\u00a0\u00bb type=\u00a0\u00bbfull_width\u00a0\u00bb text_align=\u00a0\u00bbleft\u00a0\u00bb background_image_as_pattern=\u00a0\u00bbwithout_pattern\u00a0\u00bb background_color=\u00a0\u00bb#dadada\u00a0\u00bb padding_top=\u00a0\u00bb62&Prime;][vc_column width=\u00a0\u00bb1\/1&Prime;][vc_row_inner row_type=\u00a0\u00bbrow\u00a0\u00bb type=\u00a0\u00bbgrid\u00a0\u00bb text_align=\u00a0\u00bbleft\u00a0\u00bb padding_top=\u00a0\u00bb2&Prime;][vc_column_inner width=\u00a0\u00bb1\/2&Prime;][vc_column_text css=\u00a0\u00bb.vc_custom_1434642864831{padding-top: 50px !important;padding-left: 50px !important;}\u00a0\u00bb]<\/p>\n<h2><span style=\"color: #000000;\">Comunello Frame Automation<\/span><\/h2>\n<h1><span style=\"color: #000000;\">Produits<\/span><\/h1>\n<p>[\/vc_column_text][\/vc_column_inner][vc_column_inner width=\u00a0\u00bb1\/2&Prime;][vc_single_image image=\u00a0\u00bb2445&Prime; border_color=\u00a0\u00bbgrey\u00a0\u00bb img_link_target=\u00a0\u00bb_self\u00a0\u00bb img_size=\u00a0\u00bbfull\u00a0\u00bb][\/vc_column_inner][\/vc_row_inner][\/vc_column][\/vc_row][vc_row row_type=\u00a0\u00bbrow\u00a0\u00bb type=\u00a0\u00bbgrid\u00a0\u00bb text_align=\u00a0\u00bbleft\u00a0\u00bb background_image_as_pattern=\u00a0\u00bbwithout_pattern\u00a0\u00bb padding_top=\u00a0\u00bb50&Prime;][vc_column width=\u00a0\u00bb1\/3&Prime;][vc_column_text]<a href=\"http:\/\/www.comunello.com\/fr\/frameautomation\/\"><img loading=\"lazy\" class=\"alignleft wp-image-1200 size-full\" src=\"\/wp-content\/uploads\/2014\/12\/22.jpg\" alt=\"22\" width=\"20\" height=\"22\" \/><\/a>[\/vc_column_text][\/vc_column][vc_column width=\u00a0\u00bb1\/3&Prime; css=\u00a0\u00bb.vc_custom_1418577996153{margin-left: -357px !important;}\u00a0\u00bb][vc_column_text]<span style=\"color: #999999;\">&gt; Produits<\/span>[\/vc_column_text][\/vc_column][vc_column width=\u00a0\u00bb1\/3&Prime;][\/vc_column][\/vc_row][vc_row row_type=\u00a0\u00bbrow\u00a0\u00bb type=\u00a0\u00bbfull_width\u00a0\u00bb text_align=\u00a0\u00bbleft\u00a0\u00bb background_image_as_pattern=\u00a0\u00bbwithout_pattern\u00a0\u00bb padding_top=\u00a0\u00bb100&Prime;][vc_column width=\u00a0\u00bb1\/1&Prime;][vc_row_inner row_type=\u00a0\u00bbrow\u00a0\u00bb type=\u00a0\u00bbgrid\u00a0\u00bb text_align=\u00a0\u00bbleft\u00a0\u00bb padding_bottom=\u00a0\u00bb30&Prime;][vc_column_inner width=\u00a0\u00bb1\/4&Prime;][vc_column_text]<a href=\"\/fr\/frameautomation\/products\/a-litalienne\/\"><img loading=\"lazy\" class=\"aligncenter\" src=\"\/media\/products\/frameautomation\/a_sporgere\/comunello-frameautomation-a_sporgere-icon.jpg\" alt=\"\" width=\"100\" height=\"63\" \/><\/a>[\/vc_column_text][vc_separator type=\u00a0\u00bbtransparent\u00a0\u00bb position=\u00a0\u00bbcenter\u00a0\u00bb up=\u00a0\u00bb20&Prime; down=\u00a0\u00bb20&Prime;][vc_column_text]<\/p>\n<p style=\"text-align: center;\"><a href=\"\/fr\/frameautomation\/products\/a-litalienne\/\"><span style=\"font-size: large;\">\u00c1 L&rsquo;ITALIENNE<\/span><\/a><\/p>\n<p>[\/vc_column_text][vc_separator type=\u00a0\u00bbnormal\u00a0\u00bb position=\u00a0\u00bbcenter\u00a0\u00bb color=\u00a0\u00bb#9b9b9b\u00a0\u00bb thickness=\u00a0\u00bb1&Prime; up=\u00a0\u00bb30&Prime; down=\u00a0\u00bb20&Prime;][\/vc_column_inner][vc_column_inner width=\u00a0\u00bb1\/4&Prime;][vc_column_text]<a href=\"\/fr\/frameautomation\/products\/pivotante\/\"><img loading=\"lazy\" class=\"aligncenter\" src=\"\/media\/products\/frameautomation\/bilico\/comunello-frameautomation-bilico-icon.jpg\" alt=\"\" width=\"100\" height=\"63\" \/><\/a>[\/vc_column_text][vc_separator type=\u00a0\u00bbtransparent\u00a0\u00bb position=\u00a0\u00bbcenter\u00a0\u00bb up=\u00a0\u00bb20&Prime; down=\u00a0\u00bb20&Prime;][vc_column_text]<\/p>\n<p style=\"text-align: center;\"><a href=\"\/fr\/frameautomation\/products\/pivotante\/\"><span style=\"font-size: large;\">PIVOTANTE<\/span><\/a><\/p>\n<p>[\/vc_column_text][vc_separator type=\u00a0\u00bbnormal\u00a0\u00bb position=\u00a0\u00bbcenter\u00a0\u00bb color=\u00a0\u00bb#9b9b9b\u00a0\u00bb thickness=\u00a0\u00bb1&Prime; up=\u00a0\u00bb30&Prime; down=\u00a0\u00bb20&Prime;][\/vc_column_inner][vc_column_inner width=\u00a0\u00bb1\/4&Prime;][vc_column_text]<a href=\"\/fr\/frameautomation\/products\/domes\/\"><img loading=\"lazy\" class=\"aligncenter\" src=\"\/media\/products\/frameautomation\/cupolini\/comunello-frameautomation-cupolini-icon.jpg\" alt=\"\" width=\"100\" height=\"63\" \/><\/a>[\/vc_column_text][vc_separator type=\u00a0\u00bbtransparent\u00a0\u00bb position=\u00a0\u00bbcenter\u00a0\u00bb up=\u00a0\u00bb20&Prime; down=\u00a0\u00bb20&Prime;][vc_column_text]<\/p>\n<p style=\"text-align: center;\"><a href=\"\/fr\/frameautomation\/products\/domes\/\"><span style=\"font-size: large;\">D\u00d4MES<\/span><\/a><\/p>\n<p>[\/vc_column_text][vc_separator type=\u00a0\u00bbnormal\u00a0\u00bb position=\u00a0\u00bbcenter\u00a0\u00bb color=\u00a0\u00bb#9b9b9b\u00a0\u00bb thickness=\u00a0\u00bb1&Prime; up=\u00a0\u00bb30&Prime; down=\u00a0\u00bb20&Prime;][\/vc_column_inner][vc_column_inner width=\u00a0\u00bb1\/4&Prime;][vc_column_text]<a href=\"\/fr\/frameautomation\/products\/brise-soleil\/\"><img loading=\"lazy\" class=\"aligncenter\" src=\"\/media\/products\/frameautomation\/frangisole\/comunello-frameautomation-frangisole-icon.jpg\" alt=\"\" width=\"100\" height=\"63\" \/><\/a>[\/vc_column_text][vc_separator type=\u00a0\u00bbtransparent\u00a0\u00bb position=\u00a0\u00bbcenter\u00a0\u00bb up=\u00a0\u00bb20&Prime; down=\u00a0\u00bb20&Prime;][vc_column_text]<\/p>\n<p style=\"text-align: center;\"><a href=\"\/fr\/frameautomation\/products\/brise-soleil\/\"><span style=\"font-size: large;\">BRISE-SOLEIL<\/span><\/a><\/p>\n<p>[\/vc_column_text][vc_separator type=\u00a0\u00bbnormal\u00a0\u00bb position=\u00a0\u00bbcenter\u00a0\u00bb color=\u00a0\u00bb#9b9b9b\u00a0\u00bb thickness=\u00a0\u00bb1&Prime; up=\u00a0\u00bb30&Prime; down=\u00a0\u00bb20&Prime;][\/vc_column_inner][\/vc_row_inner][vc_row_inner row_type=\u00a0\u00bbrow\u00a0\u00bb type=\u00a0\u00bbgrid\u00a0\u00bb text_align=\u00a0\u00bbleft\u00a0\u00bb padding_bottom=\u00a0\u00bb30&Prime;][vc_column_inner width=\u00a0\u00bb1\/4&Prime;][vc_column_text]<a href=\"\/fr\/frameautomation\/products\/lanterneaux\/\"><img loading=\"lazy\" class=\"aligncenter\" src=\"\/media\/products\/frameautomation\/lucernari\/comunello-frameautomation-lucernari-icon.jpg\" alt=\"\" width=\"100\" height=\"63\" \/><\/a>[\/vc_column_text][vc_separator type=\u00a0\u00bbtransparent\u00a0\u00bb position=\u00a0\u00bbcenter\u00a0\u00bb up=\u00a0\u00bb20&Prime; down=\u00a0\u00bb20&Prime;][vc_column_text]<\/p>\n<p style=\"text-align: center;\"><a href=\"\/fr\/frameautomation\/products\/lanterneaux\/\"><span style=\"font-size: large;\">LANTERNEAUX<\/span><\/a><\/p>\n<p>[\/vc_column_text][vc_separator type=\u00a0\u00bbnormal\u00a0\u00bb position=\u00a0\u00bbcenter\u00a0\u00bb color=\u00a0\u00bb#9b9b9b\u00a0\u00bb thickness=\u00a0\u00bb1&Prime; up=\u00a0\u00bb30&Prime; down=\u00a0\u00bb20&Prime;][\/vc_column_inner][vc_column_inner width=\u00a0\u00bb1\/4&Prime;][vc_column_text]<a href=\"\/fr\/frameautomation\/products\/shed\/\"><img loading=\"lazy\" class=\"aligncenter\" src=\"\/media\/products\/frameautomation\/shed\/comunello-frameautomation-shed-icon.jpg\" alt=\"\" width=\"100\" height=\"63\" \/><\/a>[\/vc_column_text][vc_separator type=\u00a0\u00bbtransparent\u00a0\u00bb position=\u00a0\u00bbcenter\u00a0\u00bb up=\u00a0\u00bb20&Prime; down=\u00a0\u00bb20&Prime;][vc_column_text]<\/p>\n<p style=\"text-align: center;\"><a href=\"\/fr\/frameautomation\/products\/shed\/\"><span style=\"font-size: large;\">SHED<\/span><\/a><\/p>\n<p>[\/vc_column_text][vc_separator type=\u00a0\u00bbnormal\u00a0\u00bb position=\u00a0\u00bbcenter\u00a0\u00bb color=\u00a0\u00bb#9b9b9b\u00a0\u00bb thickness=\u00a0\u00bb1&Prime; up=\u00a0\u00bb30&Prime; down=\u00a0\u00bb20&Prime;][\/vc_column_inner][vc_column_inner width=\u00a0\u00bb1\/4&Prime;][vc_column_text]<a href=\"\/fr\/frameautomation\/products\/volets-roulants\/\"><img loading=\"lazy\" class=\"aligncenter\" src=\"\/media\/products\/frameautomation\/tapparelle\/comunello-frameautomation-tapparelle-icon.jpg\" alt=\"\" width=\"100\" height=\"63\" \/><\/a>[\/vc_column_text][vc_separator type=\u00a0\u00bbtransparent\u00a0\u00bb position=\u00a0\u00bbcenter\u00a0\u00bb up=\u00a0\u00bb20&Prime; down=\u00a0\u00bb20&Prime;][vc_column_text]<\/p>\n<p style=\"text-align: center;\"><a href=\"\/fr\/frameautomation\/products\/volets-roulants\/\"><span style=\"font-size: large;\">VOLETS ROULANTS<\/span><\/a><\/p>\n<p>[\/vc_column_text][vc_separator type=\u00a0\u00bbnormal\u00a0\u00bb position=\u00a0\u00bbcenter\u00a0\u00bb color=\u00a0\u00bb#9b9b9b\u00a0\u00bb thickness=\u00a0\u00bb1&Prime; up=\u00a0\u00bb30&Prime; down=\u00a0\u00bb20&Prime;][\/vc_column_inner][vc_column_inner width=\u00a0\u00bb1\/4&Prime;][vc_column_text]<a href=\"\/fr\/frameautomation\/products\/volets-roulants\/\"><img loading=\"lazy\" class=\"aligncenter\" src=\"\/media\/products\/frameautomation\/tende\/comunello-frameautomation-tende-icon.jpg\" alt=\"\" width=\"100\" height=\"63\" \/><\/a>[\/vc_column_text][vc_separator type=\u00a0\u00bbtransparent\u00a0\u00bb position=\u00a0\u00bbcenter\u00a0\u00bb up=\u00a0\u00bb20&Prime; down=\u00a0\u00bb20&Prime;][vc_column_text]<\/p>\n<p style=\"text-align: center;\"><a href=\"\/fr\/frameautomation\/products\/volets-roulants\/\"><span style=\"font-size: large;\">VOLETS ROULANTS<\/span><\/a><\/p>\n<p>[\/vc_column_text][vc_separator type=\u00a0\u00bbnormal\u00a0\u00bb position=\u00a0\u00bbcenter\u00a0\u00bb color=\u00a0\u00bb#9b9b9b\u00a0\u00bb thickness=\u00a0\u00bb1&Prime; up=\u00a0\u00bb30&Prime; down=\u00a0\u00bb20&Prime;][\/vc_column_inner][\/vc_row_inner][vc_row_inner row_type=\u00a0\u00bbrow\u00a0\u00bb type=\u00a0\u00bbgrid\u00a0\u00bb text_align=\u00a0\u00bbleft\u00a0\u00bb padding_bottom=\u00a0\u00bb30&Prime;][vc_column_inner width=\u00a0\u00bb1\/4&Prime;][vc_column_text]<a href=\"\/fr\/frameautomation\/products\/a-soufflet\/\"><img loading=\"lazy\" class=\"aligncenter\" src=\"http:\/\/www.comunello.com\/media\/products\/frameautomation\/vasistas\/comunello-frameautomation-vasistas-icon.jpg\" alt=\"\" width=\"100\" height=\"63\" \/><\/a>[\/vc_column_text][vc_separator type=\u00a0\u00bbtransparent\u00a0\u00bb position=\u00a0\u00bbcenter\u00a0\u00bb up=\u00a0\u00bb20&Prime; down=\u00a0\u00bb20&Prime;][vc_column_text]<\/p>\n<p style=\"text-align: center;\"><a href=\"\/fr\/frameautomation\/products\/a-soufflet\/\"><span style=\"font-size: large;\">\u00c0 SOUFFLET<\/span><\/a><\/p>\n<p>[\/vc_column_text][vc_separator type=\u00a0\u00bbnormal\u00a0\u00bb position=\u00a0\u00bbcenter\u00a0\u00bb color=\u00a0\u00bb#9b9b9b\u00a0\u00bb thickness=\u00a0\u00bb1&Prime; up=\u00a0\u00bb30&Prime; down=\u00a0\u00bb20&Prime;][\/vc_column_inner][vc_column_inner width=\u00a0\u00bb1\/4&Prime;][vc_column_text]<a href=\"\/fr\/frameautomation\/products\/ACCESSOIRES\/\"><img loading=\"lazy\" class=\"aligncenter\" src=\"\/media\/products\/frameautomation\/accessori\/comunello-frameautomation-accessori-icon.jpg\" alt=\"\" width=\"100\" height=\"63\" \/><\/a>[\/vc_column_text][vc_separator type=\u00a0\u00bbtransparent\u00a0\u00bb position=\u00a0\u00bbcenter\u00a0\u00bb up=\u00a0\u00bb20&Prime; down=\u00a0\u00bb20&Prime;][vc_column_text]<\/p>\n<p style=\"text-align: center;\"><a href=\"\/fr\/frameautomation\/products\/accessoires\/\"><span style=\"font-size: large;\"> ACCESSOIRES <\/span><\/a><\/p>\n<p>[\/vc_column_text][vc_separator type=\u00a0\u00bbnormal\u00a0\u00bb position=\u00a0\u00bbcenter\u00a0\u00bb color=\u00a0\u00bb#9b9b9b\u00a0\u00bb thickness=\u00a0\u00bb1&Prime; up=\u00a0\u00bb30&Prime; down=\u00a0\u00bb20&Prime;][\/vc_column_inner][\/vc_row_inner][\/vc_column][\/vc_row][vc_row row_type=\u00a0\u00bbrow\u00a0\u00bb type=\u00a0\u00bbfull_width\u00a0\u00bb text_align=\u00a0\u00bbleft\u00a0\u00bb background_image_as_pattern=\u00a0\u00bbwithout_pattern\u00a0\u00bb padding_top=\u00a0\u00bb100&Prime; padding_bottom=\u00a0\u00bb75&Prime;][vc_column width=\u00a0\u00bb1\/1&Prime;][vc_row_inner][vc_column_inner width=\u00a0\u00bb1\/1&Prime;][vc_column_text]<\/p>\n<h1 style=\"text-align: center;\">T\u00c9L\u00c9CHARGEMENT CATALOGUES<\/h1>\n<p>[\/vc_column_text][\/vc_column_inner][\/vc_row_inner][vc_row_inner row_type=\u00a0\u00bbrow\u00a0\u00bb type=\u00a0\u00bbgrid\u00a0\u00bb text_align=\u00a0\u00bbleft\u00a0\u00bb][vc_column_inner width=\u00a0\u00bb1\/1&Prime;][vc_separator type=\u00a0\u00bbnormal\u00a0\u00bb position=\u00a0\u00bbcenter\u00a0\u00bb color=\u00a0\u00bb#9b9b9b\u00a0\u00bb thickness=\u00a0\u00bb1&Prime; up=\u00a0\u00bb20&Prime; down=\u00a0\u00bb50&Prime;][\/vc_column_inner][\/vc_row_inner][vc_row_inner row_type=\u00a0\u00bbrow\u00a0\u00bb type=\u00a0\u00bbgrid\u00a0\u00bb text_align=\u00a0\u00bbleft\u00a0\u00bb][vc_column_inner width=\u00a0\u00bb1\/3&Prime;]<div class='q_icon_with_title small normal_icon left_from_title'><div class=\"icon_text_holder\" style=\"\"><div class=\"icon_text_inner\" style=\"\"><div class=\"icon_title_holder\"><div class=\"icon_holder \" style=\" \"><span data-icon-type=\"normal\"   style=\"\" class=\"qode_iwt_icon_holder q_font_awsome_icon fa-2x \"><i class=\"qode_icon_font_awesome fa fa-file-pdf-o qode_iwt_icon_element\" style=\"color: #ff0000;\" ><\/i><\/span><\/div><h5 class=\"icon_title\" style=\"color: #000000;\">CATALOGUE FRAME AUTOMATION<\/h5><\/div><p style='color: #000000'>PDF \/ 34 MB<\/p><a itemprop='url' class='icon_with_title_link' href='\/media\/products\/frameautomation\/COMUNELLO-FrameAutomation-catalog.pdf' target='_blank' style='color: #000000;'>Download<\/a><\/div><\/div><\/div>[vc_single_image image=\u00a0\u00bb2190&Prime; border_color=\u00a0\u00bbgrey\u00a0\u00bb img_link_target=\u00a0\u00bb_blank\u00a0\u00bb img_size=\u00a0\u00bbfull\u00a0\u00bb link=\u00a0\u00bb\/media\/products\/frameautomation\/COMUNELLO-FrameAutomation-catalog.pdf\u00a0\u00bb][\/vc_column_inner][\/vc_row_inner][vc_separator type=\u00a0\u00bbtransparent\u00a0\u00bb position=\u00a0\u00bbcenter\u00a0\u00bb up=\u00a0\u00bb50&Prime; down=\u00a0\u00bb50&Prime;][\/vc_column][\/vc_row][vc_row row_type=\u00a0\u00bbrow\u00a0\u00bb type=\u00a0\u00bbfull_width\u00a0\u00bb text_align=\u00a0\u00bbleft\u00a0\u00bb background_image_as_pattern=\u00a0\u00bbwithout_pattern\u00a0\u00bb background_color=\u00a0\u00bb#dadada\u00a0\u00bb][vc_column width=\u00a0\u00bb1\/1&Prime;][vc_row_inner row_type=\u00a0\u00bbrow\u00a0\u00bb type=\u00a0\u00bbgrid\u00a0\u00bb text_align=\u00a0\u00bbleft\u00a0\u00bb][vc_column_inner width=\u00a0\u00bb2\/3&Prime;][rev_slider_vc alias=\u00a0\u00bbFRAMEAUTOMATION-home-bottom\u00a0\u00bb][\/vc_column_inner][vc_column_inner width=\u00a0\u00bb1\/3&Prime;][vc_column_text]<a href=\"http:\/\/www.comunello.com\/fr\/frame\/\"><img loading=\"lazy\" class=\"aligncenter size-medium wp-image-5082\" src=\"http:\/\/www.comunello.com\/wp-content\/uploads\/2014\/11\/COMUNELLO_FRAME_LOGO-300x90.png\" alt=\"COMUNELLO_FRAME_LOGO\" width=\"300\" height=\"90\" \/><\/a><\/p>\n<p>&nbsp;<\/p>\n<p><span style=\"color: #000000;\">Dans un march\u00e9 en \u00e9volution constante, Comunello propose \u00e0 ses partenaires une offre structur\u00e9e compl\u00e8te, qui ne comprend pas uniquement l&rsquo;actionnement m\u00e9canique des menuiseries en aluminium. Depuis 1965, Comunello est en effet leader du march\u00e9 des poign\u00e9es de portes et des joints angulaires pour portails. Visitez le site <a style=\"color: #000000;\" href=\"http:\/\/www.comunello.com\/fr\/frame\/\"><span style=\"text-decoration: underline;\">Comunello Frame<\/span><\/a> pour en savoir davantage!<\/span>[\/vc_column_text][\/vc_column_inner][\/vc_row_inner][\/vc_column][\/vc_row]<\/p>\n","protected":false},"excerpt":{"rendered":"<p>[vc_row row_type=\u00a0\u00bbrow\u00a0\u00bb type=\u00a0\u00bbfull_width\u00a0\u00bb text_align=\u00a0\u00bbleft\u00a0\u00bb background_image_as_pattern=\u00a0\u00bbwithout_pattern\u00a0\u00bb background_color=\u00a0\u00bb#dadada\u00a0\u00bb padding_top=\u00a0\u00bb62&Prime;][vc_column width=\u00a0\u00bb1\/1&Prime;][vc_row_inner row_type=\u00a0\u00bbrow\u00a0\u00bb type=\u00a0\u00bbgrid\u00a0\u00bb text_align=\u00a0\u00bbleft\u00a0\u00bb padding_top=\u00a0\u00bb2&Prime;][vc_column_inner width=\u00a0\u00bb1\/2&Prime;][vc_column_text css=\u00a0\u00bb.vc_custom_1434642864831{padding-top: 50px !important;padding-left: 50px !important;}\u00a0\u00bb] Comunello Frame Automation Produits [\/vc_column_text][\/vc_column_inner][vc_column_inner width=\u00a0\u00bb1\/2&Prime;][vc_single_image image=\u00a0\u00bb2445&Prime;&#8230;<\/p>\n","protected":false},"author":1,"featured_media":0,"parent":5409,"menu_order":0,"comment_status":"open","ping_status":"open","template":"full_width.php","meta":[],"yoast_head":"<!-- This site is optimized with the Yoast SEO plugin v16.0.2 - https:\/\/yoast.com\/wordpress\/plugins\/seo\/ -->\n<link rel=\"canonical\" href=\"https:\/\/www.comunello.com\/fr\/frameautomation\/products\/\" \/>\n<meta property=\"og:locale\" content=\"fr_FR\" \/>\n<meta property=\"og:type\" content=\"article\" \/>\n<meta property=\"og:title\" content=\"FRAME AUTOMATION Prodotti - Fratelli COMUNELLO\" \/>\n<meta property=\"og:description\" content=\"[vc_row row_type=\u00a0\u00bbrow\u00a0\u00bb type=\u00a0\u00bbfull_width\u00a0\u00bb text_align=\u00a0\u00bbleft\u00a0\u00bb background_image_as_pattern=\u00a0\u00bbwithout_pattern\u00a0\u00bb background_color=\u00a0\u00bb#dadada\u00a0\u00bb padding_top=\u00a0\u00bb62&Prime;][vc_column width=\u00a0\u00bb1\/1&Prime;][vc_row_inner row_type=\u00a0\u00bbrow\u00a0\u00bb type=\u00a0\u00bbgrid\u00a0\u00bb text_align=\u00a0\u00bbleft\u00a0\u00bb padding_top=\u00a0\u00bb2&Prime;][vc_column_inner width=\u00a0\u00bb1\/2&Prime;][vc_column_text css=\u00a0\u00bb.vc_custom_1434642864831{padding-top: 50px !important;padding-left: 50px !important;}\u00a0\u00bb] Comunello Frame Automation Produits [\/vc_column_text][\/vc_column_inner][vc_column_inner width=\u00a0\u00bb1\/2&Prime;][vc_single_image image=\u00a0\u00bb2445&Prime;...\" \/>\n<meta property=\"og:url\" content=\"https:\/\/www.comunello.com\/fr\/frameautomation\/products\/\" \/>\n<meta property=\"og:site_name\" content=\"Fratelli COMUNELLO\" \/>\n<meta property=\"article:modified_time\" content=\"2015-08-05T08:01:28+00:00\" \/>\n<meta property=\"og:image\" content=\"https:\/\/www.comunello.com\/wp-content\/uploads\/2014\/12\/22.jpg\" \/>\n<meta name=\"twitter:card\" content=\"summary_large_image\" \/>\n<meta name=\"twitter:label1\" content=\"Dur\u00e9e de lecture est.\">\n\t<meta name=\"twitter:data1\" content=\"5 minutes\">\n<script type=\"application\/ld+json\" class=\"yoast-schema-graph\">{\"@context\":\"https:\/\/schema.org\",\"@graph\":[{\"@type\":\"WebSite\",\"@id\":\"https:\/\/www.comunello.com\/#website\",\"url\":\"https:\/\/www.comunello.com\/\",\"name\":\"Fratelli COMUNELLO\",\"description\":\"| Life Made Easy\",\"potentialAction\":[{\"@type\":\"SearchAction\",\"target\":\"https:\/\/www.comunello.com\/?s={search_term_string}\",\"query-input\":\"required name=search_term_string\"}],\"inLanguage\":\"fr-FR\"},{\"@type\":\"ImageObject\",\"@id\":\"https:\/\/www.comunello.com\/fr\/frameautomation\/products\/#primaryimage\",\"inLanguage\":\"fr-FR\",\"url\":\"\/wp-content\/uploads\/2014\/12\/22.jpg\"},{\"@type\":\"WebPage\",\"@id\":\"https:\/\/www.comunello.com\/fr\/frameautomation\/products\/#webpage\",\"url\":\"https:\/\/www.comunello.com\/fr\/frameautomation\/products\/\",\"name\":\"FRAME AUTOMATION Prodotti - Fratelli COMUNELLO\",\"isPartOf\":{\"@id\":\"https:\/\/www.comunello.com\/#website\"},\"primaryImageOfPage\":{\"@id\":\"https:\/\/www.comunello.com\/fr\/frameautomation\/products\/#primaryimage\"},\"datePublished\":\"2014-12-10T18:34:09+00:00\",\"dateModified\":\"2015-08-05T08:01:28+00:00\",\"breadcrumb\":{\"@id\":\"https:\/\/www.comunello.com\/fr\/frameautomation\/products\/#breadcrumb\"},\"inLanguage\":\"fr-FR\",\"potentialAction\":[{\"@type\":\"ReadAction\",\"target\":[\"https:\/\/www.comunello.com\/fr\/frameautomation\/products\/\"]}]},{\"@type\":\"BreadcrumbList\",\"@id\":\"https:\/\/www.comunello.com\/fr\/frameautomation\/products\/#breadcrumb\",\"itemListElement\":[{\"@type\":\"ListItem\",\"position\":1,\"item\":{\"@type\":\"WebPage\",\"@id\":\"https:\/\/www.comunello.com\/fr\/\",\"url\":\"https:\/\/www.comunello.com\/fr\/\",\"name\":\"Home\"}},{\"@type\":\"ListItem\",\"position\":2,\"item\":{\"@type\":\"WebPage\",\"@id\":\"https:\/\/www.comunello.com\/fr\/frameautomation\/\",\"url\":\"https:\/\/www.comunello.com\/fr\/frameautomation\/\",\"name\":\"FRAME AUTOMATION\"}},{\"@type\":\"ListItem\",\"position\":3,\"item\":{\"@type\":\"WebPage\",\"@id\":\"https:\/\/www.comunello.com\/fr\/frameautomation\/products\/\",\"url\":\"https:\/\/www.comunello.com\/fr\/frameautomation\/products\/\",\"name\":\"FRAME AUTOMATION Prodotti\"}}]}]}<\/script>\n<!-- \/ Yoast SEO plugin. -->","_links":{"self":[{"href":"https:\/\/www.comunello.com\/fr\/wp-json\/wp\/v2\/pages\/5424\/"}],"collection":[{"href":"https:\/\/www.comunello.com\/fr\/wp-json\/wp\/v2\/pages\/"}],"about":[{"href":"https:\/\/www.comunello.com\/fr\/wp-json\/wp\/v2\/types\/page\/"}],"author":[{"embeddable":true,"href":"https:\/\/www.comunello.com\/fr\/wp-json\/wp\/v2\/users\/1\/"}],"replies":[{"embeddable":true,"href":"https:\/\/www.comunello.com\/fr\/wp-json\/wp\/v2\/comments\/?post=5424"}],"version-history":[{"count":3,"href":"https:\/\/www.comunello.com\/fr\/wp-json\/wp\/v2\/pages\/5424\/revisions\/"}],"predecessor-version":[{"id":34799,"href":"https:\/\/www.comunello.com\/fr\/wp-json\/wp\/v2\/pages\/5424\/revisions\/34799\/"}],"up":[{"embeddable":true,"href":"https:\/\/www.comunello.com\/fr\/wp-json\/wp\/v2\/pages\/5409\/"}],"wp:attachment":[{"href":"https:\/\/www.comunello.com\/fr\/wp-json\/wp\/v2\/media\/?parent=5424"}],"curies":[{"name":"wp","href":"https:\/\/api.w.org\/{rel}","templated":true}]}}