{"id":5417,"date":"2014-12-10T18:29:03","date_gmt":"2014-12-10T18:29:03","guid":{"rendered":"http:\/\/www.comunello.com\/frame\/products\/"},"modified":"2015-08-05T09:49:04","modified_gmt":"2015-08-05T07:49:04","slug":"products","status":"publish","type":"page","link":"https:\/\/www.comunello.com\/fr\/frame\/products\/","title":{"rendered":"FRAME Produits"},"content":{"rendered":"<p>[vc_row row_type=\u00a0\u00bbrow\u00a0\u00bb type=\u00a0\u00bbfull_width\u00a0\u00bb text_align=\u00a0\u00bbleft\u00a0\u00bb background_image_as_pattern=\u00a0\u00bbwithout_pattern\u00a0\u00bb background_color=\u00a0\u00bb#dadada\u00a0\u00bb padding_top=\u00a0\u00bb62&Prime;][vc_column width=\u00a0\u00bb1\/1&Prime;][vc_row_inner row_type=\u00a0\u00bbrow\u00a0\u00bb type=\u00a0\u00bbgrid\u00a0\u00bb text_align=\u00a0\u00bbleft\u00a0\u00bb padding_top=\u00a0\u00bb2&Prime;][vc_column_inner width=\u00a0\u00bb1\/2&Prime;][vc_column_text css=\u00a0\u00bb.vc_custom_1434380352348{padding-top: 50px !important;padding-left: 50px !important;}\u00a0\u00bb]<\/p>\n<h2><span style=\"color: #000000;\">Comunello Frame<\/span><\/h2>\n<h1><span style=\"color: #000000;\">Produits<\/span><\/h1>\n<p>[\/vc_column_text][\/vc_column_inner][vc_column_inner width=\u00a0\u00bb1\/2&Prime;][vc_single_image image=\u00a0\u00bb1757&Prime; border_color=\u00a0\u00bbgrey\u00a0\u00bb img_link_target=\u00a0\u00bb_self\u00a0\u00bb img_size=\u00a0\u00bbfull\u00a0\u00bb][\/vc_column_inner][\/vc_row_inner][\/vc_column][\/vc_row][vc_row row_type=\u00a0\u00bbrow\u00a0\u00bb type=\u00a0\u00bbgrid\u00a0\u00bb text_align=\u00a0\u00bbleft\u00a0\u00bb background_image_as_pattern=\u00a0\u00bbwithout_pattern\u00a0\u00bb padding_top=\u00a0\u00bb50&Prime;][vc_column width=\u00a0\u00bb1\/3&Prime;][vc_column_text]<a href=\"http:\/\/www.comunello.com\/fr\/frame\/\"><img loading=\"lazy\" class=\"alignleft wp-image-1200 size-full\" src=\"\/wp-content\/uploads\/2014\/12\/22.jpg\" alt=\"22\" width=\"20\" height=\"22\" \/><\/a>[\/vc_column_text][\/vc_column][vc_column width=\u00a0\u00bb1\/3&Prime; css=\u00a0\u00bb.vc_custom_1418577996153{margin-left: -357px !important;}\u00a0\u00bb][vc_column_text]<span style=\"color: #999999;\">&gt; Produits<\/span>[\/vc_column_text][\/vc_column][vc_column width=\u00a0\u00bb1\/3&Prime;][\/vc_column][\/vc_row][vc_row row_type=\u00a0\u00bbrow\u00a0\u00bb type=\u00a0\u00bbfull_width\u00a0\u00bb text_align=\u00a0\u00bbleft\u00a0\u00bb background_image_as_pattern=\u00a0\u00bbwithout_pattern\u00a0\u00bb padding_top=\u00a0\u00bb100&Prime;][vc_column width=\u00a0\u00bb1\/1&Prime;][vc_row_inner row_type=\u00a0\u00bbrow\u00a0\u00bb type=\u00a0\u00bbgrid\u00a0\u00bb text_align=\u00a0\u00bbleft\u00a0\u00bb padding_bottom=\u00a0\u00bb30&Prime;][vc_column_inner width=\u00a0\u00bb1\/3&Prime;][vc_column_text]<a href=\"\/fr\/frame\/products\/poign\u00e9es-pour-entr\u00e9es\/\"><img loading=\"lazy\" class=\"aligncenter\" src=\"\/media\/products\/frame\/maniglioni_per_ingressi\/comunello-frame-maniglioni_per_ingressi-icon.jpg\" alt=\"\" width=\"100\" height=\"63\" border=\"0\" \/><\/a>[\/vc_column_text][vc_separator type=\u00a0\u00bbtransparent\u00a0\u00bb position=\u00a0\u00bbcenter\u00a0\u00bb up=\u00a0\u00bb20&Prime; down=\u00a0\u00bb20&Prime;][vc_column_text]<\/p>\n<p style=\"text-align: center;\"><a href=\"\/fr\/frame\/products\/poign\u00e9es-pour-entr\u00e9es\/\"><span style=\"font-size: large;\">POIGN\u00c9ES POUR ENTR\u00c9ES<\/span><\/a><\/p>\n<p>[\/vc_column_text][vc_separator type=\u00a0\u00bbnormal\u00a0\u00bb position=\u00a0\u00bbcenter\u00a0\u00bb color=\u00a0\u00bb#9b9b9b\u00a0\u00bb thickness=\u00a0\u00bb1&Prime; up=\u00a0\u00bb30&Prime; down=\u00a0\u00bb20&Prime;][\/vc_column_inner][vc_column_inner width=\u00a0\u00bb1\/3&Prime;][vc_column_text]<a href=\"\/fr\/frame\/products\/\u00e9querres-pour-huisseries\/\"><img loading=\"lazy\" class=\"aligncenter\" src=\"\/media\/products\/frame\/squadrette_per_serramenti\/comunello-frame-squadrette_per_serramenti-icon.jpg\" alt=\"\" width=\"100\" height=\"63\" border=\"0\" \/><\/a>[\/vc_column_text][vc_separator type=\u00a0\u00bbtransparent\u00a0\u00bb position=\u00a0\u00bbcenter\u00a0\u00bb up=\u00a0\u00bb20&Prime; down=\u00a0\u00bb20&Prime;][vc_column_text]<\/p>\n<p style=\"text-align: center;\"><a href=\"\/fr\/frame\/products\/\u00e9querres-pour-huisseries\/\"><span style=\"font-size: large;\">\u00c9QUERRES POUR HUISSERIES<\/span><\/a><\/p>\n<p>[\/vc_column_text][vc_separator type=\u00a0\u00bbnormal\u00a0\u00bb position=\u00a0\u00bbcenter\u00a0\u00bb color=\u00a0\u00bb#9b9b9b\u00a0\u00bb thickness=\u00a0\u00bb1&Prime; up=\u00a0\u00bb30&Prime; down=\u00a0\u00bb20&Prime;][\/vc_column_inner][\/vc_row_inner][\/vc_column][\/vc_row][vc_row row_type=\u00a0\u00bbrow\u00a0\u00bb type=\u00a0\u00bbfull_width\u00a0\u00bb text_align=\u00a0\u00bbleft\u00a0\u00bb background_image_as_pattern=\u00a0\u00bbwithout_pattern\u00a0\u00bb padding_top=\u00a0\u00bb100&Prime; padding_bottom=\u00a0\u00bb75&Prime;][vc_column width=\u00a0\u00bb1\/1&Prime;][vc_row_inner][vc_column_inner width=\u00a0\u00bb1\/1&Prime;][vc_column_text]<\/p>\n<h1 style=\"text-align: center;\">T\u00c9L\u00c9CHARGEMENT CATALOGUES<\/h1>\n<p>[\/vc_column_text][\/vc_column_inner][\/vc_row_inner][vc_row_inner row_type=\u00a0\u00bbrow\u00a0\u00bb type=\u00a0\u00bbgrid\u00a0\u00bb text_align=\u00a0\u00bbleft\u00a0\u00bb][vc_column_inner width=\u00a0\u00bb1\/1&Prime;][vc_separator type=\u00a0\u00bbnormal\u00a0\u00bb position=\u00a0\u00bbcenter\u00a0\u00bb color=\u00a0\u00bb#9b9b9b\u00a0\u00bb thickness=\u00a0\u00bb1&Prime; up=\u00a0\u00bb20&Prime; down=\u00a0\u00bb50&Prime;][\/vc_column_inner][\/vc_row_inner][vc_row_inner row_type=\u00a0\u00bbrow\u00a0\u00bb type=\u00a0\u00bbgrid\u00a0\u00bb text_align=\u00a0\u00bbleft\u00a0\u00bb][vc_column_inner width=\u00a0\u00bb1\/3&Prime;]<div class='q_icon_with_title small normal_icon left_from_title'><div class=\"icon_text_holder\" style=\"\"><div class=\"icon_text_inner\" style=\"\"><div class=\"icon_title_holder\"><div class=\"icon_holder \" style=\" \"><span data-icon-type=\"normal\"   style=\"\" class=\"qode_iwt_icon_holder q_font_awsome_icon fa-2x \"><i class=\"qode_icon_font_awesome fa fa-file-pdf-o qode_iwt_icon_element\" style=\"color: #ff0000;\" ><\/i><\/span><\/div><h5 class=\"icon_title\" style=\"color: #000000;\">POIGN\u00c9ES POUR ENTR\u00c9ES CATALOGUE<\/h5><\/div><p style=''>PDF \/ 26 MB<\/p><a itemprop='url' class='icon_with_title_link' href='\/media\/products\/frame\/maniglioni_per_ingressi\/COMUNELLO-Frame-maniglioni_per_ingressi-catalog.pdf' target='_blank' style='color: #000000;'>Download<\/a><\/div><\/div><\/div>[vc_single_image image=\u00a0\u00bb1760&Prime; border_color=\u00a0\u00bbgrey\u00a0\u00bb img_link_target=\u00a0\u00bb_blank\u00a0\u00bb img_size=\u00a0\u00bbfull\u00a0\u00bb link=\u00a0\u00bb\/media\/products\/frame\/maniglioni_per_ingressi\/COMUNELLO-Frame-maniglioni_per_ingressi-catalog.pdf\u00a0\u00bb][\/vc_column_inner][vc_column_inner width=\u00a0\u00bb1\/3&Prime;]<div class='q_icon_with_title small normal_icon left_from_title'><div class=\"icon_text_holder\" style=\"\"><div class=\"icon_text_inner\" style=\"\"><div class=\"icon_title_holder\"><div class=\"icon_holder \" style=\" \"><span data-icon-type=\"normal\"   style=\"\" class=\"qode_iwt_icon_holder q_font_awsome_icon fa-2x \"><i class=\"qode_icon_font_awesome fa fa-file-pdf-o qode_iwt_icon_element\" style=\"color: #ff0000;\" ><\/i><\/span><\/div><h5 class=\"icon_title\" style=\"color: #000000;\">\u00c9QUERRES POUR HUISSERIES CATALOGUE<\/h5><\/div><p style='color: #000000'>PDF \/ 14 MB<\/p><a itemprop='url' class='icon_with_title_link' href='\/media\/products\/frame\/squadrette_per_serramenti\/COMUNELLO-Frame-squadrette_per_serramenti-catalog.pdf' target='_blank' style='color: #000000;'>Download<\/a><\/div><\/div><\/div>[vc_single_image image=\u00a0\u00bb1761&Prime; border_color=\u00a0\u00bbgrey\u00a0\u00bb img_link_target=\u00a0\u00bb_blank\u00a0\u00bb img_size=\u00a0\u00bbfull\u00a0\u00bb link=\u00a0\u00bb\/media\/products\/frame\/squadrette_per_serramenti\/COMUNELLO-Frame-squadrette_per_serramenti-catalog.pdf\u00a0\u00bb][\/vc_column_inner][\/vc_row_inner][\/vc_column][\/vc_row][vc_row row_type=\u00a0\u00bbrow\u00a0\u00bb type=\u00a0\u00bbfull_width\u00a0\u00bb text_align=\u00a0\u00bbleft\u00a0\u00bb background_image_as_pattern=\u00a0\u00bbwithout_pattern\u00a0\u00bb background_color=\u00a0\u00bb#dadada\u00a0\u00bb][vc_column width=\u00a0\u00bb1\/1&Prime;][vc_row_inner row_type=\u00a0\u00bbrow\u00a0\u00bb type=\u00a0\u00bbgrid\u00a0\u00bb text_align=\u00a0\u00bbleft\u00a0\u00bb][vc_column_inner width=\u00a0\u00bb2\/3&Prime;][rev_slider_vc alias=\u00a0\u00bbframe-products-bottom\u00a0\u00bb][\/vc_column_inner][vc_column_inner width=\u00a0\u00bb1\/3&Prime;][vc_column_text]<a href=\"http:\/\/www.comunello.com\/fr\/frameautomation\/\"><img loading=\"lazy\" class=\"aligncenter size-medium wp-image-5083\" src=\"http:\/\/www.comunello.com\/wp-content\/uploads\/2014\/11\/COMUNELLO_FRAME_AUTOMATION_LOGO-300x89.png\" alt=\"COMUNELLO_FRAME_AUTOMATION_LOGO\" width=\"300\" height=\"89\" \/><\/a><\/p>\n<p>&nbsp;<\/p>\n<p><span style=\"color: #000000;\">Sur un march\u00e9 en constante \u00e9volution, Comunello propose \u00e0 ses partenaires une offre structur\u00e9e et compl\u00e8te, qui ne comprend pas uniquement l\u2019actionnement m\u00e9canique de menuiseries en aluminium. L\u2019\u00e9volution naturelle est en effet constitu\u00e9e des actionneurs \u00e9lectrom\u00e9caniques adapt\u00e9s \u00e0 de multiples applications. Visitez le site de la Division <a style=\"color: #000000;\" href=\"http:\/\/www.comunello.com\/fr\/frameautomation\/\"><span style=\"text-decoration: underline;\">Comunello Frame Automation<\/span><\/a> pour en savoir davantage!<\/span>[\/vc_column_text][\/vc_column_inner][\/vc_row_inner][\/vc_column][\/vc_row]<\/p>\n","protected":false},"excerpt":{"rendered":"<p>[vc_row row_type=\u00a0\u00bbrow\u00a0\u00bb type=\u00a0\u00bbfull_width\u00a0\u00bb text_align=\u00a0\u00bbleft\u00a0\u00bb background_image_as_pattern=\u00a0\u00bbwithout_pattern\u00a0\u00bb background_color=\u00a0\u00bb#dadada\u00a0\u00bb padding_top=\u00a0\u00bb62&Prime;][vc_column width=\u00a0\u00bb1\/1&Prime;][vc_row_inner row_type=\u00a0\u00bbrow\u00a0\u00bb type=\u00a0\u00bbgrid\u00a0\u00bb text_align=\u00a0\u00bbleft\u00a0\u00bb padding_top=\u00a0\u00bb2&Prime;][vc_column_inner width=\u00a0\u00bb1\/2&Prime;][vc_column_text css=\u00a0\u00bb.vc_custom_1434380352348{padding-top: 50px !important;padding-left: 50px !important;}\u00a0\u00bb] Comunello Frame Produits [\/vc_column_text][\/vc_column_inner][vc_column_inner width=\u00a0\u00bb1\/2&Prime;][vc_single_image image=\u00a0\u00bb1757&Prime; border_color=\u00a0\u00bbgrey\u00a0\u00bb&#8230;<\/p>\n","protected":false},"author":1,"featured_media":0,"parent":5407,"menu_order":0,"comment_status":"open","ping_status":"open","template":"full_width.php","meta":[],"yoast_head":"<!-- This site is optimized with the Yoast SEO plugin v16.0.2 - https:\/\/yoast.com\/wordpress\/plugins\/seo\/ -->\n<link rel=\"canonical\" href=\"https:\/\/www.comunello.com\/fr\/frame\/products\/\" \/>\n<meta property=\"og:locale\" content=\"fr_FR\" \/>\n<meta property=\"og:type\" content=\"article\" \/>\n<meta property=\"og:title\" content=\"FRAME Produits - Fratelli COMUNELLO\" \/>\n<meta property=\"og:description\" content=\"[vc_row row_type=\u00a0\u00bbrow\u00a0\u00bb type=\u00a0\u00bbfull_width\u00a0\u00bb text_align=\u00a0\u00bbleft\u00a0\u00bb background_image_as_pattern=\u00a0\u00bbwithout_pattern\u00a0\u00bb background_color=\u00a0\u00bb#dadada\u00a0\u00bb padding_top=\u00a0\u00bb62&Prime;][vc_column width=\u00a0\u00bb1\/1&Prime;][vc_row_inner row_type=\u00a0\u00bbrow\u00a0\u00bb type=\u00a0\u00bbgrid\u00a0\u00bb text_align=\u00a0\u00bbleft\u00a0\u00bb padding_top=\u00a0\u00bb2&Prime;][vc_column_inner width=\u00a0\u00bb1\/2&Prime;][vc_column_text css=\u00a0\u00bb.vc_custom_1434380352348{padding-top: 50px !important;padding-left: 50px !important;}\u00a0\u00bb] Comunello Frame Produits [\/vc_column_text][\/vc_column_inner][vc_column_inner width=\u00a0\u00bb1\/2&Prime;][vc_single_image image=\u00a0\u00bb1757&Prime; border_color=\u00a0\u00bbgrey\u00a0\u00bb...\" \/>\n<meta property=\"og:url\" content=\"https:\/\/www.comunello.com\/fr\/frame\/products\/\" \/>\n<meta property=\"og:site_name\" content=\"Fratelli COMUNELLO\" \/>\n<meta property=\"article:modified_time\" content=\"2015-08-05T07:49:04+00:00\" \/>\n<meta property=\"og:image\" content=\"https:\/\/www.comunello.com\/wp-content\/uploads\/2014\/12\/22.jpg\" \/>\n<meta name=\"twitter:card\" content=\"summary_large_image\" \/>\n<meta name=\"twitter:label1\" content=\"Dur\u00e9e de lecture est.\">\n\t<meta name=\"twitter:data1\" content=\"3 minutes\">\n<script type=\"application\/ld+json\" class=\"yoast-schema-graph\">{\"@context\":\"https:\/\/schema.org\",\"@graph\":[{\"@type\":\"WebSite\",\"@id\":\"https:\/\/www.comunello.com\/#website\",\"url\":\"https:\/\/www.comunello.com\/\",\"name\":\"Fratelli COMUNELLO\",\"description\":\"| Life Made Easy\",\"potentialAction\":[{\"@type\":\"SearchAction\",\"target\":\"https:\/\/www.comunello.com\/?s={search_term_string}\",\"query-input\":\"required name=search_term_string\"}],\"inLanguage\":\"fr-FR\"},{\"@type\":\"ImageObject\",\"@id\":\"https:\/\/www.comunello.com\/fr\/frame\/products\/#primaryimage\",\"inLanguage\":\"fr-FR\",\"url\":\"\/wp-content\/uploads\/2014\/12\/22.jpg\"},{\"@type\":\"WebPage\",\"@id\":\"https:\/\/www.comunello.com\/fr\/frame\/products\/#webpage\",\"url\":\"https:\/\/www.comunello.com\/fr\/frame\/products\/\",\"name\":\"FRAME Produits - Fratelli COMUNELLO\",\"isPartOf\":{\"@id\":\"https:\/\/www.comunello.com\/#website\"},\"primaryImageOfPage\":{\"@id\":\"https:\/\/www.comunello.com\/fr\/frame\/products\/#primaryimage\"},\"datePublished\":\"2014-12-10T18:29:03+00:00\",\"dateModified\":\"2015-08-05T07:49:04+00:00\",\"breadcrumb\":{\"@id\":\"https:\/\/www.comunello.com\/fr\/frame\/products\/#breadcrumb\"},\"inLanguage\":\"fr-FR\",\"potentialAction\":[{\"@type\":\"ReadAction\",\"target\":[\"https:\/\/www.comunello.com\/fr\/frame\/products\/\"]}]},{\"@type\":\"BreadcrumbList\",\"@id\":\"https:\/\/www.comunello.com\/fr\/frame\/products\/#breadcrumb\",\"itemListElement\":[{\"@type\":\"ListItem\",\"position\":1,\"item\":{\"@type\":\"WebPage\",\"@id\":\"https:\/\/www.comunello.com\/fr\/\",\"url\":\"https:\/\/www.comunello.com\/fr\/\",\"name\":\"Home\"}},{\"@type\":\"ListItem\",\"position\":2,\"item\":{\"@type\":\"WebPage\",\"@id\":\"https:\/\/www.comunello.com\/fr\/frame\/\",\"url\":\"https:\/\/www.comunello.com\/fr\/frame\/\",\"name\":\"FRAME\"}},{\"@type\":\"ListItem\",\"position\":3,\"item\":{\"@type\":\"WebPage\",\"@id\":\"https:\/\/www.comunello.com\/fr\/frame\/products\/\",\"url\":\"https:\/\/www.comunello.com\/fr\/frame\/products\/\",\"name\":\"FRAME Produits\"}}]}]}<\/script>\n<!-- \/ Yoast SEO plugin. -->","_links":{"self":[{"href":"https:\/\/www.comunello.com\/fr\/wp-json\/wp\/v2\/pages\/5417\/"}],"collection":[{"href":"https:\/\/www.comunello.com\/fr\/wp-json\/wp\/v2\/pages\/"}],"about":[{"href":"https:\/\/www.comunello.com\/fr\/wp-json\/wp\/v2\/types\/page\/"}],"author":[{"embeddable":true,"href":"https:\/\/www.comunello.com\/fr\/wp-json\/wp\/v2\/users\/1\/"}],"replies":[{"embeddable":true,"href":"https:\/\/www.comunello.com\/fr\/wp-json\/wp\/v2\/comments\/?post=5417"}],"version-history":[{"count":2,"href":"https:\/\/www.comunello.com\/fr\/wp-json\/wp\/v2\/pages\/5417\/revisions\/"}],"predecessor-version":[{"id":6729,"href":"https:\/\/www.comunello.com\/fr\/wp-json\/wp\/v2\/pages\/5417\/revisions\/6729\/"}],"up":[{"embeddable":true,"href":"https:\/\/www.comunello.com\/fr\/wp-json\/wp\/v2\/pages\/5407\/"}],"wp:attachment":[{"href":"https:\/\/www.comunello.com\/fr\/wp-json\/wp\/v2\/media\/?parent=5417"}],"curies":[{"name":"wp","href":"https:\/\/api.w.org\/{rel}","templated":true}]}}