{"id":5403,"date":"2014-12-09T11:43:07","date_gmt":"2014-12-09T11:43:07","guid":{"rendered":"http:\/\/www.comunello.com\/automation-2\/"},"modified":"2025-12-02T16:16:15","modified_gmt":"2025-12-02T14:16:15","slug":"automation","status":"publish","type":"page","link":"https:\/\/www.comunello.com\/fr\/automation\/","title":{"rendered":"AUTOMATION"},"content":{"rendered":"<p>[vc_row css_animation=\u00a0\u00bb\u00a0\u00bb row_type=\u00a0\u00bbrow\u00a0\u00bb use_row_as_full_screen_section=\u00a0\u00bbno\u00a0\u00bb type=\u00a0\u00bbfull_width\u00a0\u00bb angled_section=\u00a0\u00bbno\u00a0\u00bb text_align=\u00a0\u00bbleft\u00a0\u00bb background_image_as_pattern=\u00a0\u00bbwithout_pattern\u00a0\u00bb background_color=\u00a0\u00bb#f2f2f2&Prime; padding_top=\u00a0\u00bb0&Prime; css=\u00a0\u00bb.vc_custom_1493979476555{padding-right: 100px !important;padding-left: 100px !important;}\u00a0\u00bb][vc_column][vc_empty_space height=\u00a0\u00bb70px\u00a0\u00bb][vc_row_inner row_type=\u00a0\u00bbrow\u00a0\u00bb type=\u00a0\u00bbgrid\u00a0\u00bb text_align=\u00a0\u00bbleft\u00a0\u00bb css_animation=\u00a0\u00bb\u00a0\u00bb][vc_column_inner offset=\u00a0\u00bbvc_hidden-sm vc_hidden-xs\u00a0\u00bb][vc_column_text css=\u00a0\u00bb.vc_custom_1496819363682{padding-left: 5px !important;}\u00a0\u00bb]<\/p>\n<p class=\"titoletto_divisione\" style=\"text-align: left;\">Automatisation de portails, portes de garage et barri\u00e8res levantes<\/p>\n<p>[\/vc_column_text][\/vc_column_inner][\/vc_row_inner][\/vc_column][\/vc_row][vc_row css_animation=\u00a0\u00bb\u00a0\u00bb row_type=\u00a0\u00bbrow\u00a0\u00bb use_row_as_full_screen_section=\u00a0\u00bbno\u00a0\u00bb type=\u00a0\u00bbfull_width\u00a0\u00bb angled_section=\u00a0\u00bbno\u00a0\u00bb text_align=\u00a0\u00bbleft\u00a0\u00bb background_image_as_pattern=\u00a0\u00bbwithout_pattern\u00a0\u00bb background_color=\u00a0\u00bb#dadada\u00a0\u00bb padding_top=\u00a0\u00bb0&Prime; css=\u00a0\u00bb.vc_custom_1553252044521{border-bottom-width: 1px !important;border-bottom-color: #515151 !important;border-bottom-style: solid !important;}\u00a0\u00bb][vc_column][vc_column_text]\n\t\t\t<!-- START HOMEAUTOMATION DROPP EN REVOLUTION SLIDER 6.4.6 --><p class=\"rs-p-wp-fix\"><\/p>\n\t\t\t<rs-module-wrap id=\"rev_slider_533_1_wrapper\" data-source=\"gallery\" style=\"background:#000000;padding:0;margin:0px auto;margin-top:0;margin-bottom:0;background-image:url(https:\/\/www.comunello.com\/wp-content\/uploads\/2024\/07\/teaser-1920-black.jpg);background-repeat:no-repeat;background-size:contain;background-position:center center;max-width:;\">\n\t\t\t\t<rs-module id=\"rev_slider_533_1\" style=\"\" data-version=\"6.4.6\">\n\t\t\t\t\t<rs-slides>\n\t\t\t\t\t\t<rs-slide data-key=\"rs-2319\" data-title=\"Slide\" data-link=\"\/\/www.comunello.com\/media\/products\/gate\/dropp\/dropp_brochure_web-en.pdf\" data-target=\"_self\" data-seoz=\"front\" data-anim=\"ms:50;\" data-in=\"o:0;\" data-out=\"a:false;\">\n\t\t\t\t\t\t\t<img src=\"\/\/www.comunello.com\/wp-content\/plugins\/revslider\/public\/assets\/assets\/transparent.png\" title=\"AUTOMATION\" class=\"rev-slidebg tp-rs-img\" data-no-retina>\n\t\t\t\t\t\t\t<rs-bgvideo \n\t\t\t\t\t\t\t\tdata-video=\"w:100%;h:100%;nse:false;l:true;ptimer:false;vfc:true;\"\n\t\t\t\t\t\t\t\tdata-mp4=\"\/\/www.comunello.com\/media\/products\/area_file\/automation\/comunello_full_16_9 banner sito.mp4\"\n\t\t\t\t\t\t\t><\/rs-bgvideo>\n<!--\n\t\t\t\t\t\t\t--><rs-layer\n\t\t\t\t\t\t\t\tid=\"slider-533-slide-2319-layer-0\" \n\t\t\t\t\t\t\t\tdata-type=\"text\"\n\t\t\t\t\t\t\t\tdata-color=\"#ffffff\"\n\t\t\t\t\t\t\t\tdata-rsp_ch=\"on\"\n\t\t\t\t\t\t\t\tdata-xy=\"x:c;y:b;yo:30px;\"\n\t\t\t\t\t\t\t\tdata-text=\"w:normal;s:20;l:59;a:center;\"\n\t\t\t\t\t\t\t\tdata-frame_1=\"st:5340;sR:5340;\"\n\t\t\t\t\t\t\t\tdata-frame_999=\"o:0;st:w;sR:42360;\"\n\t\t\t\t\t\t\t\tdata-loop_0=\"o:0;\"\n\t\t\t\t\t\t\t\tdata-loop_999=\"sp:3000;e:slow;yyf:t;\"\n\t\t\t\t\t\t\t\tstyle=\"z-index:8;font-family:Roboto;\"\n\t\t\t\t\t\t\t>DISCOVER MORE! \n\t\t\t\t\t\t\t<\/rs-layer><!--\n-->\t\t\t\t\t\t<\/rs-slide>\n\t\t\t\t\t\t<rs-slide data-key=\"rs-23191\" data-title=\"Slide\" data-link=\"\/\/www.comunello.com\/media\/products\/gate\/dropp\/dropp_brochure_web-en.pdf\" data-target=\"_self\" data-seoz=\"front\" data-anim=\"ms:50;\" data-in=\"o:0;\" data-out=\"a:false;\">\n\t\t\t\t\t\t\t<img src=\"\/\/www.comunello.com\/wp-content\/plugins\/revslider\/public\/assets\/assets\/transparent.png\" title=\"AUTOMATION\" class=\"rev-slidebg tp-rs-img\" data-no-retina>\n\t\t\t\t\t\t\t<rs-bgvideo \n\t\t\t\t\t\t\t\tdata-video=\"w:100%;h:100%;nse:false;l:true;ptimer:false;vfc:true;\"\n\t\t\t\t\t\t\t\tdata-mp4=\"\/\/www.comunello.com\/media\/products\/area_file\/automation\/comunello_full_16_9 banner sito.mp4\"\n\t\t\t\t\t\t\t><\/rs-bgvideo>\n<!--\n\t\t\t\t\t\t\t--><rs-layer\n\t\t\t\t\t\t\t\tid=\"slider-533-slide-23191-layer-0\" \n\t\t\t\t\t\t\t\tdata-type=\"text\"\n\t\t\t\t\t\t\t\tdata-color=\"#ffffff\"\n\t\t\t\t\t\t\t\tdata-rsp_ch=\"on\"\n\t\t\t\t\t\t\t\tdata-xy=\"x:c;y:b;yo:30px;\"\n\t\t\t\t\t\t\t\tdata-text=\"w:normal;s:20;l:59;a:center;\"\n\t\t\t\t\t\t\t\tdata-frame_1=\"st:5340;sR:5340;\"\n\t\t\t\t\t\t\t\tdata-frame_999=\"o:0;st:w;sR:42360;\"\n\t\t\t\t\t\t\t\tdata-loop_0=\"o:0;\"\n\t\t\t\t\t\t\t\tdata-loop_999=\"sp:3000;e:slow;yyf:t;\"\n\t\t\t\t\t\t\t\tstyle=\"z-index:8;font-family:Roboto;\"\n\t\t\t\t\t\t\t>DISCOVER MORE! \n\t\t\t\t\t\t\t<\/rs-layer><!--\n-->\t\t\t\t\t\t<\/rs-slide>\n\t\t\t\t\t<\/rs-slides>\n\t\t\t\t<\/rs-module>\n\t\t\t<\/rs-module-wrap>\n\t\t\t<!-- END REVOLUTION SLIDER -->\n[\/vc_column_text][vc_separator type=\u00a0\u00bbnormal\u00a0\u00bb color=\u00a0\u00bb#b5b5b5&Prime; up=\u00a0\u00bb0&Prime; down=\u00a0\u00bb0&Prime;][\/vc_column][\/vc_row][vc_row css_animation=\u00a0\u00bb\u00a0\u00bb row_type=\u00a0\u00bbrow\u00a0\u00bb use_row_as_full_screen_section=\u00a0\u00bbno\u00a0\u00bb type=\u00a0\u00bbfull_width\u00a0\u00bb angled_section=\u00a0\u00bbno\u00a0\u00bb text_align=\u00a0\u00bbleft\u00a0\u00bb background_image_as_pattern=\u00a0\u00bbwithout_pattern\u00a0\u00bb background_color=\u00a0\u00bb#ffffff\u00a0\u00bb padding_top=\u00a0\u00bb0&Prime; css=\u00a0\u00bb.vc_custom_1490189180882{padding-right: 100px !important;padding-left: 100px !important;}\u00a0\u00bb][vc_column][vc_raw_html]JTIwJTNDZGl2JTIwaWQlM0QlMjJwcm9kb3R0aSUyMiUyMHN0eWxlJTNEJTIycG9zaXRpb24lM0ElMjBhYnNvbHV0ZSUzQiUwQSUyMCUyMCUyMCUyMHRvcCUzQSUyMC0yMDBweCUzQiUwQSUyMCUyMCUyMCUyMHZpc2liaWxpdHklM0ElMjBoaWRkZW4lM0IlMjIlM0UlM0MlMkZkaXYlM0U=[\/vc_raw_html][vc_empty_space height=\u00a0\u00bb30px\u00a0\u00bb][\/vc_column][\/vc_row][vc_row css_animation=\u00a0\u00bb\u00a0\u00bb row_type=\u00a0\u00bbrow\u00a0\u00bb use_row_as_full_screen_section=\u00a0\u00bbyes\u00a0\u00bb type=\u00a0\u00bbfull_width\u00a0\u00bb anchor=\u00a0\u00bbprod\u00a0\u00bb angled_section=\u00a0\u00bbno\u00a0\u00bb text_align=\u00a0\u00bbcenter\u00a0\u00bb background_image_as_pattern=\u00a0\u00bbwithout_pattern\u00a0\u00bb background_color=\u00a0\u00bb#ffffff\u00a0\u00bb padding_top=\u00a0\u00bb0&Prime; el_class=\u00a0\u00bbtestiprodotti_divisione\u00a0\u00bb][vc_column width=\u00a0\u00bb1\/2&Prime;][vc_row_inner row_type=\u00a0\u00bbrow\u00a0\u00bb type=\u00a0\u00bbfull_width\u00a0\u00bb text_align=\u00a0\u00bbleft\u00a0\u00bb css_animation=\u00a0\u00bb\u00a0\u00bb][vc_column_inner width=\u00a0\u00bb1\/4&Prime;][vc_column_text]<a href=\"http:\/\/www.comunello.com\/fr\/automation\/portail-battant\/\"><img class=\"aligncenter\" title=\"SWING GATE\" src=\"\/media\/products\/automation\/cancello_battente\/comunello-automation-cancello_battente-icon.jpg\" alt=\"SWING GATE\" border=\"0\" \/><\/a>[\/vc_column_text][vc_column_text el_class=\u00a0\u00bbcol_div_gate\u00a0\u00bb]<\/p>\n<p style=\"text-align: center;\"><a href=\"http:\/\/www.comunello.com\/fr\/automation\/portail-battant\/\">PORTAIL BATTANT<\/a><\/p>\n<p>[\/vc_column_text][vc_empty_space][\/vc_column_inner][vc_column_inner width=\u00a0\u00bb1\/4&Prime;][vc_column_text]<a href=\"http:\/\/www.comunello.com\/fr\/automation\/portail-coulissant\/\"><img class=\"aligncenter\" src=\"\/media\/products\/automation\/cancello_scorrevole\/comunello-automation-cancello_scorrevole-icon.jpg\" alt=\"\" \/><\/a>[\/vc_column_text][vc_column_text el_class=\u00a0\u00bbcol_div_gate\u00a0\u00bb]<\/p>\n<p style=\"text-align: center;\"><a href=\"http:\/\/www.comunello.com\/fr\/automation\/portail-coulissant\/\">PORTAIL COULISSANT<\/a><\/p>\n<p>[\/vc_column_text][vc_empty_space][\/vc_column_inner][vc_column_inner width=\u00a0\u00bb1\/4&Prime;][vc_column_text css=\u00a0\u00bb.vc_custom_1493996172422{margin-top: 10px !important;}\u00a0\u00bb]<a href=\"http:\/\/www.comunello.com\/fr\/automation\/products\/portes-de-garages\/\"><img class=\"aligncenter\" src=\"\/media\/products\/automation\/porte_da_garage\/comunello-automation-porte_da_garage-icon.jpg\" alt=\"\" \/><\/a>[\/vc_column_text][vc_column_text el_class=\u00a0\u00bbcol_div_gate\u00a0\u00bb]<\/p>\n<p style=\"text-align: center;\"><a href=\"http:\/\/www.comunello.com\/fr\/automation\/products\/portes-de-garages\/\">PORTES DE GARAGES<\/a><\/p>\n<p>[\/vc_column_text][vc_empty_space][\/vc_column_inner][vc_column_inner width=\u00a0\u00bb1\/4&Prime;][vc_column_text css=\u00a0\u00bb.vc_custom_1493996218066{margin-top: 10px !important;}\u00a0\u00bb]<a href=\"http:\/\/www.comunello.com\/fr\/automation\/barrieres-routieres\"><img class=\"aligncenter\" src=\"\/media\/products\/automation\/barriere_stradali\/comunello-automation-barriere_stradali-icon.jpg\" alt=\"\" \/><\/a>[\/vc_column_text][vc_column_text el_class=\u00a0\u00bbcol_div_gate\u00a0\u00bb]<\/p>\n<p style=\"text-align: center;\"><a href=\"http:\/\/www.comunello.com\/fr\/automation\/barrieres-routieres\">BARRI\u00c8RES ROUTI\u00c8RES<\/a><\/p>\n<p>[\/vc_column_text][vc_empty_space][\/vc_column_inner][\/vc_row_inner][\/vc_column][vc_column width=\u00a0\u00bb1\/2&Prime;][vc_row_inner row_type=\u00a0\u00bbrow\u00a0\u00bb type=\u00a0\u00bbfull_width\u00a0\u00bb text_align=\u00a0\u00bbleft\u00a0\u00bb css_animation=\u00a0\u00bb\u00a0\u00bb][vc_column_inner width=\u00a0\u00bb1\/4&Prime;][vc_column_text css=\u00a0\u00bb.vc_custom_1493996277607{margin-top: 10px !important;}\u00a0\u00bb]<a href=\"http:\/\/www.comunello.com\/fr\/automation\/products\/accessoires-de-commande\/\"><img class=\"aligncenter\" src=\"\/media\/products\/automation\/accessori_di_comando\/comunello-automation-accessori_di_comando-icon.jpg\" alt=\"\" \/><\/a>[\/vc_column_text][vc_column_text el_class=\u00a0\u00bbcol_div_gate\u00a0\u00bb]<\/p>\n<p style=\"text-align: center;\"><a href=\"http:\/\/www.comunello.com\/fr\/automation\/products\/accessoires-de-commande\/\">ACCESSOIRES DE COMMANDE<\/a><\/p>\n<p>[\/vc_column_text][vc_empty_space][\/vc_column_inner][vc_column_inner width=\u00a0\u00bb1\/4&Prime;][vc_column_text css=\u00a0\u00bb.vc_custom_1493996330074{margin-top: 10px !important;}\u00a0\u00bb]<a href=\"http:\/\/www.comunello.com\/fr\/automation\/products\/accessoires-de-commande-radio\/\"><img class=\"aligncenter\" src=\"\/media\/products\/automation\/accessori_di_comando_radio\/comunello-automation-accessori_di_comando_radio-icon.jpg\" alt=\"\" \/><\/a>[\/vc_column_text][vc_column_text el_class=\u00a0\u00bbcol_div_gate\u00a0\u00bb]<\/p>\n<p style=\"text-align: center;\"><a href=\"http:\/\/www.comunello.com\/fr\/automation\/products\/accessoires-de-commande-radio\/\"> ACCESSOIRES DE COMMANDE RADIO<\/a><\/p>\n<p>[\/vc_column_text][vc_empty_space][\/vc_column_inner][vc_column_inner width=\u00a0\u00bb1\/4&Prime;][vc_column_text css=\u00a0\u00bb.vc_custom_1493996493111{margin-top: 10px !important;}\u00a0\u00bb]<a href=\"http:\/\/www.comunello.com\/fr\/automation\/products\/accessoires-de-s%C3%A9curit%C3%A9\/\"><img class=\"aligncenter\" src=\"\/media\/products\/automation\/accessori_di_sicurezza\/comunello-automation-accessori_di_sicurezza-icon.jpg\" alt=\"\" \/><\/a>[\/vc_column_text][vc_column_text el_class=\u00a0\u00bbcol_div_gate\u00a0\u00bb]<\/p>\n<p style=\"text-align: center;\"><a href=\"http:\/\/www.comunello.com\/fr\/automation\/products\/accessoires-de-s%C3%A9curit%C3%A9\/\">ACCESSOIRES DE S\u00c9CURIT\u00c9<\/a><\/p>\n<p>[\/vc_column_text][vc_empty_space][\/vc_column_inner][vc_column_inner width=\u00a0\u00bb1\/4&Prime;][vc_column_text css=\u00a0\u00bb.vc_custom_1493996454378{margin-top: 10px !important;}\u00a0\u00bb]<a href=\"http:\/\/www.comunello.com\/fr\/automation\/products\/syst%C3%A8me-%C3%A9lectronique-de-commande\/\"><img class=\"aligncenter\" src=\"\/media\/products\/automation\/elettronica_di_comando\/comunello-automation-elettronica_di_comando-icon.jpg\" alt=\"\" \/><\/a>[\/vc_column_text][vc_column_text el_class=\u00a0\u00bbcol_div_gate\u00a0\u00bb]<\/p>\n<p style=\"text-align: center;\"><a href=\"http:\/\/www.comunello.com\/fr\/automation\/products\/syst%C3%A8me-%C3%A9lectronique-de-commande\/\">\u00c9LECTRONIQUE DE COMMANDE<br \/>\n<\/a><\/p>\n<p>[\/vc_column_text][vc_empty_space][\/vc_column_inner][\/vc_row_inner][\/vc_column][\/vc_row][vc_row css_animation=\u00a0\u00bb\u00a0\u00bb row_type=\u00a0\u00bbrow\u00a0\u00bb use_row_as_full_screen_section=\u00a0\u00bbno\u00a0\u00bb type=\u00a0\u00bbfull_width\u00a0\u00bb angled_section=\u00a0\u00bbno\u00a0\u00bb text_align=\u00a0\u00bbleft\u00a0\u00bb background_image_as_pattern=\u00a0\u00bbwithout_pattern\u00a0\u00bb background_color=\u00a0\u00bb#ffffff\u00a0\u00bb][vc_column offset=\u00a0\u00bbvc_hidden-xs\u00a0\u00bb][vc_empty_space height=\u00a0\u00bb12px\u00a0\u00bb][vc_empty_space][vc_empty_space][\/vc_column][\/vc_row][vc_row css_animation=\u00a0\u00bb\u00a0\u00bb row_type=\u00a0\u00bbrow\u00a0\u00bb use_row_as_full_screen_section=\u00a0\u00bbno\u00a0\u00bb type=\u00a0\u00bbgrid\u00a0\u00bb angled_section=\u00a0\u00bbno\u00a0\u00bb text_align=\u00a0\u00bbleft\u00a0\u00bb background_image_as_pattern=\u00a0\u00bbwithout_pattern\u00a0\u00bb background_color=\u00a0\u00bb#ffffff\u00a0\u00bb][vc_column width=\u00a0\u00bb1\/2&Prime;][vc_empty_space height=\u00a0\u00bb80px\u00a0\u00bb][vc_single_image image=\u00a0\u00bb46775&Prime; img_size=\u00a0\u00bbfull\u00a0\u00bb alignment=\u00a0\u00bbcenter\u00a0\u00bb qode_css_animation=\u00a0\u00bb\u00a0\u00bb][\/vc_column][vc_column width=\u00a0\u00bb5\/12&Prime; el_class=\u00a0\u00bbcolonna-sx\u00a0\u00bb][vc_empty_space height=\u00a0\u00bb50px\u00a0\u00bb][vc_column_text]<span style=\"font-size: 28px; line-height: 30px; font-family: helvbd; text-align: justify; color: #95c11f;\">SKY<\/span>[\/vc_column_text][vc_empty_space height=\u00a0\u00bb20px\u00a0\u00bb][vc_column_text el_class=\u00a0\u00bbtest_one_page\u00a0\u00bb]<\/p>\n<p style=\"text-align: left; max-widt: 468px;\">Nouvel actionneur \u00e9lectrom\u00e9canique id\u00e9al pour les portails battants avec un design compact et fonctionnel.<\/p>\n<p>[\/vc_column_text][vc_empty_space height=\u00a0\u00bb22px\u00a0\u00bb][vc_empty_space height=\u00a0\u00bb22px\u00a0\u00bb][vc_raw_html]JTNDYSUyMGNsYXNzJTNEJTIycHVsc19hdXRfY2F0JTIwcF9wX3N4JTIyJTIwaHJlZiUzRCUyMmh0dHBzJTNBJTJGJTJGd3d3LmNvbXVuZWxsby5jb20lMkZmciUyRmF1dG9tYXRpb24lMkZwcm9kdWN0cyUyRnBvcnRhaWwtYmF0dGFudCUyRnNreSUyRiUyMiUzRWVuJTIwc2F2b2lyJTIwcGx1cyUzQyUyRmElM0U=[\/vc_raw_html][vc_empty_space height=\u00a0\u00bb22px\u00a0\u00bb][\/vc_column][vc_column width=\u00a0\u00bb1\/12&Prime;][\/vc_column][\/vc_row][vc_row css_animation=\u00a0\u00bb\u00a0\u00bb row_type=\u00a0\u00bbrow\u00a0\u00bb use_row_as_full_screen_section=\u00a0\u00bbno\u00a0\u00bb type=\u00a0\u00bbgrid\u00a0\u00bb angled_section=\u00a0\u00bbno\u00a0\u00bb text_align=\u00a0\u00bbleft\u00a0\u00bb background_image_as_pattern=\u00a0\u00bbwithout_pattern\u00a0\u00bb background_color=\u00a0\u00bb#ffffff\u00a0\u00bb][vc_column][vc_empty_space height=\u00a0\u00bb44px\u00a0\u00bb][\/vc_column][\/vc_row][vc_row css_animation=\u00a0\u00bb\u00a0\u00bb row_type=\u00a0\u00bbrow\u00a0\u00bb use_row_as_full_screen_section=\u00a0\u00bbno\u00a0\u00bb type=\u00a0\u00bbgrid\u00a0\u00bb angled_section=\u00a0\u00bbno\u00a0\u00bb text_align=\u00a0\u00bbleft\u00a0\u00bb background_image_as_pattern=\u00a0\u00bbwithout_pattern\u00a0\u00bb background_color=\u00a0\u00bb#ffffff\u00a0\u00bb][vc_column offset=\u00a0\u00bbvc_hidden-lg vc_hidden-md vc_hidden-sm\u00a0\u00bb][vc_empty_space height=\u00a0\u00bb80px\u00a0\u00bb][vc_single_image image=\u00a0\u00bb46725&Prime; img_size=\u00a0\u00bbfull\u00a0\u00bb alignment=\u00a0\u00bbcenter\u00a0\u00bb qode_css_animation=\u00a0\u00bb\u00a0\u00bb][vc_empty_space height=\u00a0\u00bb44px\u00a0\u00bb][\/vc_column][\/vc_row][vc_row css_animation=\u00a0\u00bb\u00a0\u00bb row_type=\u00a0\u00bbrow\u00a0\u00bb use_row_as_full_screen_section=\u00a0\u00bbno\u00a0\u00bb type=\u00a0\u00bbgrid\u00a0\u00bb angled_section=\u00a0\u00bbno\u00a0\u00bb text_align=\u00a0\u00bbleft\u00a0\u00bb background_image_as_pattern=\u00a0\u00bbwithout_pattern\u00a0\u00bb background_color=\u00a0\u00bb#ffffff\u00a0\u00bb][vc_column width=\u00a0\u00bb1\/12&Prime;][\/vc_column][vc_column width=\u00a0\u00bb5\/12&Prime; el_class=\u00a0\u00bbcolonna-sx\u00a0\u00bb][vc_empty_space height=\u00a0\u00bb50px\u00a0\u00bb][vc_column_text]<\/p>\n<p style=\"text-align: right;\"><span style=\"font-size: 28px; line-height: 30px; font-family: helvbd; text-align: justify; color: #95c11f;\">HYRON<\/span><\/p>\n<p>[\/vc_column_text][vc_empty_space height=\u00a0\u00bb20px\u00a0\u00bb][vc_column_text el_class=\u00a0\u00bbtest_one_page\u00a0\u00bb]<\/p>\n<p style=\"text-align: right; max-widt: 468px;\">Nouvel actionneur \u00e9lectrom\u00e9canique \u00e0 piston id\u00e9al pour les portails battants qui allie esth\u00e9tique et facilit\u00e9 d&rsquo;utilisation.<\/p>\n<p>[\/vc_column_text][vc_empty_space height=\u00a0\u00bb22px\u00a0\u00bb][vc_empty_space height=\u00a0\u00bb22px\u00a0\u00bb][vc_raw_html]JTNDYSUyMGNsYXNzJTNEJTIycHVsc19hdXRfY2F0JTIwcF9wX2R4JTIyJTIwaHJlZiUzRCUyMmh0dHBzJTNBJTJGJTJGd3d3LmNvbXVuZWxsby5jb20lMkZmciUyRmF1dG9tYXRpb24lMkZwcm9kdWN0cyUyRnBvcnRhaWwtYmF0dGFudCUyRmh5cm9uJTJGJTIyJTNFZW4lMjBzYXZvaXIlMjBwbHVzJTNDJTJGYSUzRSUwQQ==[\/vc_raw_html][vc_empty_space height=\u00a0\u00bb22px\u00a0\u00bb][\/vc_column][vc_column width=\u00a0\u00bb1\/2&Prime; offset=\u00a0\u00bbvc_hidden-xs\u00a0\u00bb][vc_empty_space height=\u00a0\u00bb80px\u00a0\u00bb][vc_single_image image=\u00a0\u00bb46725&Prime; img_size=\u00a0\u00bbfull\u00a0\u00bb alignment=\u00a0\u00bbcenter\u00a0\u00bb qode_css_animation=\u00a0\u00bb\u00a0\u00bb][\/vc_column][\/vc_row][vc_row css_animation=\u00a0\u00bb\u00a0\u00bb row_type=\u00a0\u00bbrow\u00a0\u00bb use_row_as_full_screen_section=\u00a0\u00bbno\u00a0\u00bb type=\u00a0\u00bbgrid\u00a0\u00bb angled_section=\u00a0\u00bbno\u00a0\u00bb text_align=\u00a0\u00bbleft\u00a0\u00bb background_image_as_pattern=\u00a0\u00bbwithout_pattern\u00a0\u00bb background_color=\u00a0\u00bb#ffffff\u00a0\u00bb css=\u00a0\u00bb.vc_custom_1695912050555{padding-right: 20px !important;padding-left: 20px !important;background-color: #ffffff !important;}\u00a0\u00bb][vc_column][vc_empty_space][vc_empty_space height=\u00a0\u00bb80px\u00a0\u00bb][vc_raw_html]JTNDc3R5bGUlM0UlMEEuY29sb25uYS1zeCUyMCU3QiUwQSUyMCUyMCUyMCUyMG1heC13aWR0aCUzQTQ0MHB4JTNCJTBBJTdEJTBBLnRlc3RpcHJvZG90dGlfZGl2aXNpb25lJTIwYSUyMCU3QiUwQSUyMCUyMCUyMCUyMGNvbG9yJTNBJTIwJTIzMDAwJTNCJTBBJTdEJTBBJTBBLnRlc3Rfb25lX3BhZ2UlMjAlN0IlMEElMjAlMjAlMjAlMjBjb2xvciUzQSUyMCUyMzAwMCUzQiUwQSU3RCUwQSUwQSUwQWRpdi5yaWdhZW50cmF0YWhvbWUlMjAlMjBkaXYuZnVsbF9zZWN0aW9uX2lubmVyJTIwJTdCJTBBJTIwJTIwJTIwJTIwbWF4LXdpZHRoJTNBJTIwMTYyMHB4JTNCJTBBJTIwJTIwJTIwJTIwbWFyZ2luLWxlZnQlM0ElMjBhdXRvJTNCJTBBJTIwJTIwJTIwJTIwbWFyZ2luLXJpZ2h0JTNBJTIwYXV0byUzQiUwQSU3RCUwQSUwQSUwQS5mbGV4c2xpZGVyJTIwJTdCJTBBJTIwJTIwJTIwJTIwbWFyZ2luLXRvcCUzQSUyMDBweCUzQiUwQSUyMCUyMCUyMCUyMG1hcmdpbi1yaWdodCUzQSUyMDBweCUzQiUwQSUyMCUyMCUyMCUyMG1hcmdpbi1ib3R0b20lM0ElMjAtMjBweCUzQiUwQSU3RCUwQSUyMCUwQSUwQSUwQS5pbW1hZ2luZWdhbGxlcnklMjAlN0IlMEElMjAlMjAlMjBtYXgtd2lkdGglM0ElMjAxNjIwcHglM0IlMEFwb3NpdGlvbiUzQXJlbGF0aXZlJTNCJTBBJTIwJTIwJTIwJTIwbWFyZ2luLWxlZnQlM0ElMjBhdXRvJTNCJTBBJTIwJTIwJTIwJTIwbWFyZ2luLXJpZ2h0JTNBJTIwYXV0byUzQiUwQSU3RCUwQSUwQSUzQyUyRnN0eWxlJTNF[\/vc_raw_html][\/vc_column][\/vc_row][vc_row css_animation=\u00a0\u00bb\u00a0\u00bb row_type=\u00a0\u00bbrow\u00a0\u00bb use_row_as_full_screen_section=\u00a0\u00bbno\u00a0\u00bb type=\u00a0\u00bbfull_width\u00a0\u00bb angled_section=\u00a0\u00bbno\u00a0\u00bb text_align=\u00a0\u00bbleft\u00a0\u00bb background_image_as_pattern=\u00a0\u00bbwithout_pattern\u00a0\u00bb][vc_column][vc_column_text]<br \/>\n[\/vc_column_text][\/vc_column][\/vc_row][vc_row css_animation=\u00a0\u00bb\u00a0\u00bb row_type=\u00a0\u00bbrow\u00a0\u00bb use_row_as_full_screen_section=\u00a0\u00bbno\u00a0\u00bb type=\u00a0\u00bbfull_width\u00a0\u00bb angled_section=\u00a0\u00bbno\u00a0\u00bb text_align=\u00a0\u00bbleft\u00a0\u00bb background_image_as_pattern=\u00a0\u00bbwithout_pattern\u00a0\u00bb background_color=\u00a0\u00bb#ffffff\u00a0\u00bb padding_top=\u00a0\u00bb0&Prime; el_class=\u00a0\u00bbrigaentratahome\u00a0\u00bb][vc_column][vc_empty_space][vc_empty_space][\/vc_column][\/vc_row]<\/p>\n","protected":false},"excerpt":{"rendered":"<p>[vc_row css_animation=\u00a0\u00bb\u00a0\u00bb row_type=\u00a0\u00bbrow\u00a0\u00bb use_row_as_full_screen_section=\u00a0\u00bbno\u00a0\u00bb type=\u00a0\u00bbfull_width\u00a0\u00bb angled_section=\u00a0\u00bbno\u00a0\u00bb text_align=\u00a0\u00bbleft\u00a0\u00bb background_image_as_pattern=\u00a0\u00bbwithout_pattern\u00a0\u00bb background_color=\u00a0\u00bb#f2f2f2&Prime; padding_top=\u00a0\u00bb0&Prime; css=\u00a0\u00bb.vc_custom_1493979476555{padding-right: 100px !important;padding-left: 100px !important;}\u00a0\u00bb][vc_column][vc_empty_space height=\u00a0\u00bb70px\u00a0\u00bb][vc_row_inner row_type=\u00a0\u00bbrow\u00a0\u00bb type=\u00a0\u00bbgrid\u00a0\u00bb text_align=\u00a0\u00bbleft\u00a0\u00bb css_animation=\u00a0\u00bb\u00a0\u00bb][vc_column_inner offset=\u00a0\u00bbvc_hidden-sm vc_hidden-xs\u00a0\u00bb][vc_column_text css=\u00a0\u00bb.vc_custom_1496819363682{padding-left: 5px !important;}\u00a0\u00bb]&#8230;<\/p>\n","protected":false},"author":4,"featured_media":32923,"parent":0,"menu_order":0,"comment_status":"closed","ping_status":"closed","template":"full_width.php","meta":[],"yoast_head":"<!-- This site is optimized with the Yoast SEO plugin v16.0.2 - https:\/\/yoast.com\/wordpress\/plugins\/seo\/ -->\n<meta name=\"description\" content=\"Gamme compl\u00e8te de moteurs et accessoires pour l&#039;automatisation de portail coulissant, battant, autoportant, garage et barri\u00e8re routi\u00e8re\" \/>\n<link rel=\"canonical\" href=\"https:\/\/www.comunello.com\/fr\/automation\/\" \/>\n<meta property=\"og:locale\" content=\"fr_FR\" \/>\n<meta property=\"og:type\" content=\"article\" \/>\n<meta property=\"og:title\" content=\"FRATELLI COMUNELLO - GATE AUTOMATION\" \/>\n<meta property=\"og:description\" content=\"Gamme compl\u00e8te de moteurs et accessoires pour l&#039;automatisation de portail coulissant, battant, autoportant, garage et barri\u00e8re routi\u00e8re\" \/>\n<meta property=\"og:url\" content=\"https:\/\/www.comunello.com\/fr\/automation\/\" \/>\n<meta property=\"og:site_name\" content=\"Fratelli COMUNELLO\" \/>\n<meta property=\"article:modified_time\" content=\"2025-12-02T14:16:15+00:00\" \/>\n<meta property=\"og:image\" content=\"https:\/\/www.comunello.com\/wp-content\/uploads\/2021\/07\/img-preview-comunello-automation.jpg\" \/>\n\t<meta property=\"og:image:width\" content=\"400\" \/>\n\t<meta property=\"og:image:height\" content=\"400\" \/>\n<meta name=\"twitter:card\" content=\"summary_large_image\" \/>\n<meta name=\"twitter:label1\" content=\"Dur\u00e9e de lecture est.\">\n\t<meta name=\"twitter:data1\" content=\"3 minutes\">\n<script type=\"application\/ld+json\" class=\"yoast-schema-graph\">{\"@context\":\"https:\/\/schema.org\",\"@graph\":[{\"@type\":\"WebSite\",\"@id\":\"https:\/\/www.comunello.com\/#website\",\"url\":\"https:\/\/www.comunello.com\/\",\"name\":\"Fratelli COMUNELLO\",\"description\":\"| Life Made Easy\",\"potentialAction\":[{\"@type\":\"SearchAction\",\"target\":\"https:\/\/www.comunello.com\/?s={search_term_string}\",\"query-input\":\"required name=search_term_string\"}],\"inLanguage\":\"fr-FR\"},{\"@type\":\"ImageObject\",\"@id\":\"https:\/\/www.comunello.com\/fr\/automation\/#primaryimage\",\"inLanguage\":\"fr-FR\",\"url\":\"https:\/\/www.comunello.com\/wp-content\/uploads\/2021\/07\/img-preview-comunello-automation.jpg\",\"width\":400,\"height\":400,\"caption\":\"img preview comunello automation\"},{\"@type\":\"WebPage\",\"@id\":\"https:\/\/www.comunello.com\/fr\/automation\/#webpage\",\"url\":\"https:\/\/www.comunello.com\/fr\/automation\/\",\"name\":\"FRATELLI COMUNELLO - GATE AUTOMATION\",\"isPartOf\":{\"@id\":\"https:\/\/www.comunello.com\/#website\"},\"primaryImageOfPage\":{\"@id\":\"https:\/\/www.comunello.com\/fr\/automation\/#primaryimage\"},\"datePublished\":\"2014-12-09T11:43:07+00:00\",\"dateModified\":\"2025-12-02T14:16:15+00:00\",\"description\":\"Gamme compl\\u00e8te de moteurs et accessoires pour l'automatisation de portail coulissant, battant, autoportant, garage et barri\\u00e8re routi\\u00e8re\",\"breadcrumb\":{\"@id\":\"https:\/\/www.comunello.com\/fr\/automation\/#breadcrumb\"},\"inLanguage\":\"fr-FR\",\"potentialAction\":[{\"@type\":\"ReadAction\",\"target\":[\"https:\/\/www.comunello.com\/fr\/automation\/\"]}]},{\"@type\":\"BreadcrumbList\",\"@id\":\"https:\/\/www.comunello.com\/fr\/automation\/#breadcrumb\",\"itemListElement\":[{\"@type\":\"ListItem\",\"position\":1,\"item\":{\"@type\":\"WebPage\",\"@id\":\"https:\/\/www.comunello.com\/fr\/\",\"url\":\"https:\/\/www.comunello.com\/fr\/\",\"name\":\"Home\"}},{\"@type\":\"ListItem\",\"position\":2,\"item\":{\"@type\":\"WebPage\",\"@id\":\"https:\/\/www.comunello.com\/fr\/automation\/\",\"url\":\"https:\/\/www.comunello.com\/fr\/automation\/\",\"name\":\"AUTOMATION\"}}]}]}<\/script>\n<!-- \/ Yoast SEO plugin. -->","_links":{"self":[{"href":"https:\/\/www.comunello.com\/fr\/wp-json\/wp\/v2\/pages\/5403\/"}],"collection":[{"href":"https:\/\/www.comunello.com\/fr\/wp-json\/wp\/v2\/pages\/"}],"about":[{"href":"https:\/\/www.comunello.com\/fr\/wp-json\/wp\/v2\/types\/page\/"}],"author":[{"embeddable":true,"href":"https:\/\/www.comunello.com\/fr\/wp-json\/wp\/v2\/users\/4\/"}],"replies":[{"embeddable":true,"href":"https:\/\/www.comunello.com\/fr\/wp-json\/wp\/v2\/comments\/?post=5403"}],"version-history":[{"count":73,"href":"https:\/\/www.comunello.com\/fr\/wp-json\/wp\/v2\/pages\/5403\/revisions\/"}],"predecessor-version":[{"id":51358,"href":"https:\/\/www.comunello.com\/fr\/wp-json\/wp\/v2\/pages\/5403\/revisions\/51358\/"}],"wp:featuredmedia":[{"embeddable":true,"href":"https:\/\/www.comunello.com\/fr\/wp-json\/wp\/v2\/media\/32923\/"}],"wp:attachment":[{"href":"https:\/\/www.comunello.com\/fr\/wp-json\/wp\/v2\/media\/?parent=5403"}],"curies":[{"name":"wp","href":"https:\/\/api.w.org\/{rel}","templated":true}]}}