{"id":32200,"date":"2021-06-14T16:19:50","date_gmt":"2021-06-14T14:19:50","guid":{"rendered":"https:\/\/www.comunello.com\/fr\/?page_id=32200"},"modified":"2021-06-14T16:22:19","modified_gmt":"2021-06-14T14:22:19","slug":"service-rma","status":"publish","type":"page","link":"https:\/\/www.comunello.com\/fr\/service\/service-rma\/","title":{"rendered":"SERVICE &#8211; RMA"},"content":{"rendered":"<p>[vc_row css_animation=\u00a0\u00bb\u00a0\u00bb row_type=\u00a0\u00bbrow\u00a0\u00bb use_row_as_full_screen_section=\u00a0\u00bbno\u00a0\u00bb type=\u00a0\u00bbfull_width\u00a0\u00bb angled_section=\u00a0\u00bbno\u00a0\u00bb text_align=\u00a0\u00bbcenter\u00a0\u00bb background_image_as_pattern=\u00a0\u00bbwithout_pattern\u00a0\u00bb background_color=\u00a0\u00bb#ffffff\u00a0\u00bb border_color=\u00a0\u00bb#919191&Prime;][vc_column offset=\u00a0\u00bbvc_hidden-lg vc_hidden-md vc_hidden-sm\u00a0\u00bb][vc_empty_space height=\u00a0\u00bb125px\u00a0\u00bb][\/vc_column][\/vc_row][vc_row css_animation=\u00a0\u00bb\u00a0\u00bb row_type=\u00a0\u00bbrow\u00a0\u00bb use_row_as_full_screen_section=\u00a0\u00bbno\u00a0\u00bb type=\u00a0\u00bbfull_width\u00a0\u00bb angled_section=\u00a0\u00bbno\u00a0\u00bb text_align=\u00a0\u00bbcenter\u00a0\u00bb background_image_as_pattern=\u00a0\u00bbwithout_pattern\u00a0\u00bb background_color=\u00a0\u00bb#919191&Prime; border_color=\u00a0\u00bb#919191&Prime;][vc_column][vc_single_image image=\u00a0\u00bb31899&Prime; img_size=\u00a0\u00bbfull\u00a0\u00bb alignment=\u00a0\u00bbcenter\u00a0\u00bb qode_css_animation=\u00a0\u00bb\u00a0\u00bb][\/vc_column][\/vc_row][vc_row css_animation=\u00a0\u00bb\u00a0\u00bb row_type=\u00a0\u00bbrow\u00a0\u00bb use_row_as_full_screen_section=\u00a0\u00bbno\u00a0\u00bb type=\u00a0\u00bbgrid\u00a0\u00bb angled_section=\u00a0\u00bbno\u00a0\u00bb text_align=\u00a0\u00bbcenter\u00a0\u00bb background_image_as_pattern=\u00a0\u00bbwithout_pattern\u00a0\u00bb background_color=\u00a0\u00bb#ffffff\u00a0\u00bb css=\u00a0\u00bb.vc_custom_1491826070100{background-color: #ffffff !important;}\u00a0\u00bb][vc_column el_class=\u00a0\u00bbtesto_az\u00a0\u00bb][vc_empty_space][vc_empty_space][vc_separator type=\u00a0\u00bbnormal\u00a0\u00bb color=\u00a0\u00bb#c6c6c6&Prime;][vc_empty_space height=\u00a0\u00bb16px\u00a0\u00bb][vc_column_text]<\/p>\n<p style=\"text-align: center; font-family: helvth; font-size: 42px; line-height: 42px;\">SUPPORT APR\u00c8S-VENTE \u00c0 360\u00b0<\/p>\n<p>[\/vc_column_text][vc_empty_space height=\u00a0\u00bb16px\u00a0\u00bb][vc_separator type=\u00a0\u00bbnormal\u00a0\u00bb color=\u00a0\u00bb#c6c6c6&Prime;][vc_empty_space][\/vc_column][\/vc_row][vc_row css_animation=\u00a0\u00bb\u00a0\u00bb row_type=\u00a0\u00bbrow\u00a0\u00bb use_row_as_full_screen_section=\u00a0\u00bbno\u00a0\u00bb type=\u00a0\u00bbgrid\u00a0\u00bb angled_section=\u00a0\u00bbno\u00a0\u00bb text_align=\u00a0\u00bbcenter\u00a0\u00bb background_image_as_pattern=\u00a0\u00bbwithout_pattern\u00a0\u00bb background_color=\u00a0\u00bb#ffffff\u00a0\u00bb css=\u00a0\u00bb.vc_custom_1491826070100{background-color: #ffffff !important;}\u00a0\u00bb][vc_column el_class=\u00a0\u00bbtesto_az\u00a0\u00bb][vc_empty_space][vc_column_text el_class=\u00a0\u00bbtest_one_page\u00a0\u00bb]<\/p>\n<div class=\"wpb_text_column wpb_content_element \">\n<div class=\"wpb_wrapper\" style=\"color: #33373a;\">\n<p align=\"justify\">Les initiales RMA identifient une autorisation de retour de marchandise, c&rsquo;est-\u00e0-dire une autorisation de r\u00e9parer ou de remplacer un produit couvert par la garantie.<\/p>\n<p align=\"justify\">COMUNELLO SERVICE DPT, en collaboration avec notre r\u00e9seau de vente, peut apporter son soutien et fournir toutes les informations pour g\u00e9rer la bonne proc\u00e9dure de retour \u00e0 tous les sp\u00e9cialistes du secteur.<\/p>\n<\/div>\n<\/div>\n<p>[\/vc_column_text][vc_empty_space][vc_separator type=\u00a0\u00bbnormal\u00a0\u00bb color=\u00a0\u00bb#c6c6c6&Prime;][vc_empty_space][vc_column_text el_class=\u00a0\u00bbtest_one_page\u00a0\u00bb]<\/p>\n<div class=\"wpb_text_column wpb_content_element \">\n<div class=\"wpb_wrapper\" style=\"color: #33373a;\">\n<p align=\"justify\">Si vous \u00eates un distributeur ou un revendeur COMUNELLO et que vous disposez du code client, pour demander des r\u00e9parations ou des contr\u00f4les sur des produits qui rel\u00e8vent de la garantie, vous devez envoyer une demande RMA via le formulaire Web.<\/p>\n<p align=\"justify\">Le num\u00e9ro RMA attribu\u00e9, la confirmation des articles autoris\u00e9s et les indications pour la gestion du dossier seront communiqu\u00e9s par courrier \u00e9lectronique \u00e0 l&rsquo;adresse indiqu\u00e9e dans le formulaire.<\/p>\n<\/div>\n<\/div>\n<p>[\/vc_column_text][vc_empty_space][vc_empty_space][\/vc_column][\/vc_row][vc_row css_animation=\u00a0\u00bb\u00a0\u00bb row_type=\u00a0\u00bbrow\u00a0\u00bb use_row_as_full_screen_section=\u00a0\u00bbno\u00a0\u00bb type=\u00a0\u00bbgrid\u00a0\u00bb angled_section=\u00a0\u00bbno\u00a0\u00bb text_align=\u00a0\u00bbcenter\u00a0\u00bb background_image_as_pattern=\u00a0\u00bbwithout_pattern\u00a0\u00bb background_color=\u00a0\u00bb#ffffff\u00a0\u00bb css=\u00a0\u00bb.vc_custom_1491826070100{background-color: #ffffff !important;}\u00a0\u00bb][vc_column el_class=\u00a0\u00bbtesto_az\u00a0\u00bb][vc_raw_html]JTNDYSUyMGNsYXNzJTNEJTIycHVsc19hdXRfZ3JleSUyMHBfcCUyMiUyMGhyZWYlM0QlMjJodHRwcyUzQSUyRiUyRnd3dy5jb211bmVsbG8uY29tJTJGZnIlMkZybWElMkYlMjIlM0VGb3JtdWxhaXJlJTIwUk1BJTIwJTJGJTIwV0VCJTNDJTJGYSUzRQ==[\/vc_raw_html][\/vc_column][\/vc_row][vc_row css_animation=\u00a0\u00bb\u00a0\u00bb row_type=\u00a0\u00bbrow\u00a0\u00bb use_row_as_full_screen_section=\u00a0\u00bbno\u00a0\u00bb type=\u00a0\u00bbgrid\u00a0\u00bb angled_section=\u00a0\u00bbno\u00a0\u00bb text_align=\u00a0\u00bbleft\u00a0\u00bb background_image_as_pattern=\u00a0\u00bbwithout_pattern\u00a0\u00bb background_color=\u00a0\u00bb#ffffff\u00a0\u00bb][vc_column][vc_empty_space height=\u00a0\u00bb8px\u00a0\u00bb][\/vc_column][\/vc_row][vc_row css_animation=\u00a0\u00bb\u00a0\u00bb row_type=\u00a0\u00bbrow\u00a0\u00bb use_row_as_full_screen_section=\u00a0\u00bbno\u00a0\u00bb type=\u00a0\u00bbgrid\u00a0\u00bb angled_section=\u00a0\u00bbno\u00a0\u00bb text_align=\u00a0\u00bbleft\u00a0\u00bb background_image_as_pattern=\u00a0\u00bbwithout_pattern\u00a0\u00bb background_color=\u00a0\u00bb#ffffff\u00a0\u00bb][vc_column][vc_empty_space][\/vc_column][\/vc_row][vc_row css_animation=\u00a0\u00bb\u00a0\u00bb row_type=\u00a0\u00bbrow\u00a0\u00bb use_row_as_full_screen_section=\u00a0\u00bbno\u00a0\u00bb type=\u00a0\u00bbgrid\u00a0\u00bb angled_section=\u00a0\u00bbno\u00a0\u00bb text_align=\u00a0\u00bbcenter\u00a0\u00bb background_image_as_pattern=\u00a0\u00bbwithout_pattern\u00a0\u00bb background_color=\u00a0\u00bb#ffffff\u00a0\u00bb css=\u00a0\u00bb.vc_custom_1491826070100{background-color: #ffffff !important;}\u00a0\u00bb][vc_column el_class=\u00a0\u00bbtesto_az\u00a0\u00bb][vc_empty_space][vc_empty_space][vc_separator type=\u00a0\u00bbnormal\u00a0\u00bb color=\u00a0\u00bb#c6c6c6&Prime;][vc_empty_space height=\u00a0\u00bb16px\u00a0\u00bb][vc_raw_html]JTNDYSUyMGNsYXNzJTNEJTIycHVsc19hdXRfZ3JleSUyMHBfcCUyMiUyMGhyZWYlM0QlMjJodHRwcyUzQSUyRiUyRnd3dy5jb211bmVsbG8uY29tJTJGZnIlMkZzZXJ2aWNlJTJGJTIyJTNFJTNDLSUyMFRvdXMlMjBsZXMlMjBzZXJ2aWNlcyUzQyUyRmElM0U=[\/vc_raw_html][vc_empty_space height=\u00a0\u00bb16px\u00a0\u00bb][vc_separator type=\u00a0\u00bbnormal\u00a0\u00bb color=\u00a0\u00bb#c6c6c6&Prime;][vc_empty_space][\/vc_column][\/vc_row]<\/p>\n","protected":false},"excerpt":{"rendered":"<p>[vc_row css_animation=\u00a0\u00bb\u00a0\u00bb row_type=\u00a0\u00bbrow\u00a0\u00bb use_row_as_full_screen_section=\u00a0\u00bbno\u00a0\u00bb type=\u00a0\u00bbfull_width\u00a0\u00bb angled_section=\u00a0\u00bbno\u00a0\u00bb text_align=\u00a0\u00bbcenter\u00a0\u00bb background_image_as_pattern=\u00a0\u00bbwithout_pattern\u00a0\u00bb background_color=\u00a0\u00bb#ffffff\u00a0\u00bb border_color=\u00a0\u00bb#919191&Prime;][vc_column offset=\u00a0\u00bbvc_hidden-lg vc_hidden-md vc_hidden-sm\u00a0\u00bb][vc_empty_space height=\u00a0\u00bb125px\u00a0\u00bb][\/vc_column][\/vc_row][vc_row css_animation=\u00a0\u00bb\u00a0\u00bb row_type=\u00a0\u00bbrow\u00a0\u00bb use_row_as_full_screen_section=\u00a0\u00bbno\u00a0\u00bb type=\u00a0\u00bbfull_width\u00a0\u00bb angled_section=\u00a0\u00bbno\u00a0\u00bb text_align=\u00a0\u00bbcenter\u00a0\u00bb background_image_as_pattern=\u00a0\u00bbwithout_pattern\u00a0\u00bb background_color=\u00a0\u00bb#919191&Prime; border_color=\u00a0\u00bb#919191&Prime;][vc_column][vc_single_image image=\u00a0\u00bb31899&Prime; img_size=\u00a0\u00bbfull\u00a0\u00bb&#8230;<\/p>\n","protected":false},"author":1,"featured_media":0,"parent":31780,"menu_order":0,"comment_status":"closed","ping_status":"closed","template":"full_width.php","meta":[],"yoast_head":"<!-- This site is optimized with the Yoast SEO plugin v16.0.2 - https:\/\/yoast.com\/wordpress\/plugins\/seo\/ -->\n<link rel=\"canonical\" href=\"https:\/\/www.comunello.com\/fr\/service\/service-rma\/\" \/>\n<meta property=\"og:locale\" content=\"fr_FR\" \/>\n<meta property=\"og:type\" content=\"article\" \/>\n<meta property=\"og:title\" content=\"SERVICE - RMA - Fratelli COMUNELLO\" \/>\n<meta property=\"og:description\" content=\"[vc_row css_animation=\u00a0\u00bb\u00a0\u00bb row_type=\u00a0\u00bbrow\u00a0\u00bb use_row_as_full_screen_section=\u00a0\u00bbno\u00a0\u00bb type=\u00a0\u00bbfull_width\u00a0\u00bb angled_section=\u00a0\u00bbno\u00a0\u00bb text_align=\u00a0\u00bbcenter\u00a0\u00bb background_image_as_pattern=\u00a0\u00bbwithout_pattern\u00a0\u00bb background_color=\u00a0\u00bb#ffffff\u00a0\u00bb border_color=\u00a0\u00bb#919191&Prime;][vc_column offset=\u00a0\u00bbvc_hidden-lg vc_hidden-md vc_hidden-sm\u00a0\u00bb][vc_empty_space height=\u00a0\u00bb125px\u00a0\u00bb][\/vc_column][\/vc_row][vc_row css_animation=\u00a0\u00bb\u00a0\u00bb row_type=\u00a0\u00bbrow\u00a0\u00bb use_row_as_full_screen_section=\u00a0\u00bbno\u00a0\u00bb type=\u00a0\u00bbfull_width\u00a0\u00bb angled_section=\u00a0\u00bbno\u00a0\u00bb text_align=\u00a0\u00bbcenter\u00a0\u00bb background_image_as_pattern=\u00a0\u00bbwithout_pattern\u00a0\u00bb background_color=\u00a0\u00bb#919191&Prime; border_color=\u00a0\u00bb#919191&Prime;][vc_column][vc_single_image image=\u00a0\u00bb31899&Prime; img_size=\u00a0\u00bbfull\u00a0\u00bb...\" \/>\n<meta property=\"og:url\" content=\"https:\/\/www.comunello.com\/fr\/service\/service-rma\/\" \/>\n<meta property=\"og:site_name\" content=\"Fratelli COMUNELLO\" \/>\n<meta property=\"article:modified_time\" content=\"2021-06-14T14:22:19+00:00\" \/>\n<meta name=\"twitter:card\" content=\"summary_large_image\" \/>\n<meta name=\"twitter:label1\" content=\"Dur\u00e9e de lecture est.\">\n\t<meta name=\"twitter:data1\" content=\"2 minutes\">\n<script type=\"application\/ld+json\" class=\"yoast-schema-graph\">{\"@context\":\"https:\/\/schema.org\",\"@graph\":[{\"@type\":\"WebSite\",\"@id\":\"https:\/\/www.comunello.com\/#website\",\"url\":\"https:\/\/www.comunello.com\/\",\"name\":\"Fratelli COMUNELLO\",\"description\":\"| Life Made Easy\",\"potentialAction\":[{\"@type\":\"SearchAction\",\"target\":\"https:\/\/www.comunello.com\/?s={search_term_string}\",\"query-input\":\"required name=search_term_string\"}],\"inLanguage\":\"fr-FR\"},{\"@type\":\"WebPage\",\"@id\":\"https:\/\/www.comunello.com\/fr\/service\/service-rma\/#webpage\",\"url\":\"https:\/\/www.comunello.com\/fr\/service\/service-rma\/\",\"name\":\"SERVICE - RMA - Fratelli COMUNELLO\",\"isPartOf\":{\"@id\":\"https:\/\/www.comunello.com\/#website\"},\"datePublished\":\"2021-06-14T14:19:50+00:00\",\"dateModified\":\"2021-06-14T14:22:19+00:00\",\"breadcrumb\":{\"@id\":\"https:\/\/www.comunello.com\/fr\/service\/service-rma\/#breadcrumb\"},\"inLanguage\":\"fr-FR\",\"potentialAction\":[{\"@type\":\"ReadAction\",\"target\":[\"https:\/\/www.comunello.com\/fr\/service\/service-rma\/\"]}]},{\"@type\":\"BreadcrumbList\",\"@id\":\"https:\/\/www.comunello.com\/fr\/service\/service-rma\/#breadcrumb\",\"itemListElement\":[{\"@type\":\"ListItem\",\"position\":1,\"item\":{\"@type\":\"WebPage\",\"@id\":\"https:\/\/www.comunello.com\/fr\/\",\"url\":\"https:\/\/www.comunello.com\/fr\/\",\"name\":\"Home\"}},{\"@type\":\"ListItem\",\"position\":2,\"item\":{\"@type\":\"WebPage\",\"@id\":\"https:\/\/www.comunello.com\/fr\/service\/\",\"url\":\"https:\/\/www.comunello.com\/fr\/service\/\",\"name\":\"Service\"}},{\"@type\":\"ListItem\",\"position\":3,\"item\":{\"@type\":\"WebPage\",\"@id\":\"https:\/\/www.comunello.com\/fr\/service\/service-rma\/\",\"url\":\"https:\/\/www.comunello.com\/fr\/service\/service-rma\/\",\"name\":\"SERVICE &#8211; RMA\"}}]}]}<\/script>\n<!-- \/ Yoast SEO plugin. -->","_links":{"self":[{"href":"https:\/\/www.comunello.com\/fr\/wp-json\/wp\/v2\/pages\/32200\/"}],"collection":[{"href":"https:\/\/www.comunello.com\/fr\/wp-json\/wp\/v2\/pages\/"}],"about":[{"href":"https:\/\/www.comunello.com\/fr\/wp-json\/wp\/v2\/types\/page\/"}],"author":[{"embeddable":true,"href":"https:\/\/www.comunello.com\/fr\/wp-json\/wp\/v2\/users\/1\/"}],"replies":[{"embeddable":true,"href":"https:\/\/www.comunello.com\/fr\/wp-json\/wp\/v2\/comments\/?post=32200"}],"version-history":[{"count":2,"href":"https:\/\/www.comunello.com\/fr\/wp-json\/wp\/v2\/pages\/32200\/revisions\/"}],"predecessor-version":[{"id":32202,"href":"https:\/\/www.comunello.com\/fr\/wp-json\/wp\/v2\/pages\/32200\/revisions\/32202\/"}],"up":[{"embeddable":true,"href":"https:\/\/www.comunello.com\/fr\/wp-json\/wp\/v2\/pages\/31780\/"}],"wp:attachment":[{"href":"https:\/\/www.comunello.com\/fr\/wp-json\/wp\/v2\/media\/?parent=32200"}],"curies":[{"name":"wp","href":"https:\/\/api.w.org\/{rel}","templated":true}]}}