{"id":29243,"date":"2020-10-20T10:45:10","date_gmt":"2020-10-20T08:45:10","guid":{"rendered":"https:\/\/www.comunello.com\/fr\/?page_id=29243"},"modified":"2020-10-20T11:01:48","modified_gmt":"2020-10-20T09:01:48","slug":"qualite","status":"publish","type":"page","link":"https:\/\/www.comunello.com\/fr\/hext\/qualite\/","title":{"rendered":"HEXT QUALIT\u00c9"},"content":{"rendered":"<p>[vc_row row_type=\u00a0\u00bbrow\u00a0\u00bb use_row_as_full_screen_section=\u00a0\u00bbno\u00a0\u00bb type=\u00a0\u00bbfull_width\u00a0\u00bb angled_section=\u00a0\u00bbno\u00a0\u00bb text_align=\u00a0\u00bbcenter\u00a0\u00bb background_image=\u00a0\u00bb28992&Prime; background_image_as_pattern=\u00a0\u00bbwithout_pattern\u00a0\u00bb border_color=\u00a0\u00bb#919191&Prime; css_animation=\u00a0\u00bb\u00a0\u00bb][vc_column][vc_empty_space height=\u00a0\u00bb300px\u00a0\u00bb][\/vc_column][\/vc_row][vc_row row_type=\u00a0\u00bbrow\u00a0\u00bb use_row_as_full_screen_section=\u00a0\u00bbno\u00a0\u00bb type=\u00a0\u00bbgrid\u00a0\u00bb angled_section=\u00a0\u00bbno\u00a0\u00bb text_align=\u00a0\u00bbcenter\u00a0\u00bb background_image_as_pattern=\u00a0\u00bbwithout_pattern\u00a0\u00bb background_color=\u00a0\u00bb#ffffff\u00a0\u00bb css_animation=\u00a0\u00bb\u00a0\u00bb css=\u00a0\u00bb.vc_custom_1490369294730{background-color: #ffffff !important;}\u00a0\u00bb][vc_column][vc_empty_space height=\u00a0\u00bb60px\u00a0\u00bb][vc_empty_space height=\u00a0\u00bb60px\u00a0\u00bb][vc_column_text]<\/p>\n<p style=\"text-align: center; font-family: helvth; font-size: 42px; line-height: 42px;\">QUALIT\u00c9, S\u00c9CURIT\u00c9 ET RESPECT<\/p>\n<p>[\/vc_column_text][\/vc_column][\/vc_row][vc_row row_type=\u00a0\u00bbrow\u00a0\u00bb use_row_as_full_screen_section=\u00a0\u00bbno\u00a0\u00bb type=\u00a0\u00bbfull_width\u00a0\u00bb angled_section=\u00a0\u00bbno\u00a0\u00bb text_align=\u00a0\u00bbcenter\u00a0\u00bb background_image_as_pattern=\u00a0\u00bbwithout_pattern\u00a0\u00bb background_color=\u00a0\u00bb#ffffff\u00a0\u00bb css_animation=\u00a0\u00bb\u00a0\u00bb css=\u00a0\u00bb.vc_custom_1491818960772{background-color: #ffffff !important;}\u00a0\u00bb][vc_column][vc_separator type=\u00a0\u00bbnormal\u00a0\u00bb color=\u00a0\u00bb#adadad\u00a0\u00bb up=\u00a0\u00bb5&Prime; down=\u00a0\u00bb-4&Prime;][\/vc_column][\/vc_row][vc_row row_type=\u00a0\u00bbrow\u00a0\u00bb use_row_as_full_screen_section=\u00a0\u00bbno\u00a0\u00bb type=\u00a0\u00bbgrid\u00a0\u00bb angled_section=\u00a0\u00bbno\u00a0\u00bb text_align=\u00a0\u00bbcenter\u00a0\u00bb background_image_as_pattern=\u00a0\u00bbwithout_pattern\u00a0\u00bb background_color=\u00a0\u00bb#ffffff\u00a0\u00bb css_animation=\u00a0\u00bb\u00a0\u00bb css=\u00a0\u00bb.vc_custom_1491826070100{background-color: #ffffff !important;}\u00a0\u00bb][vc_column el_class=\u00a0\u00bbtesto_az\u00a0\u00bb][vc_empty_space][vc_column_text el_class=\u00a0\u00bbtest_one_page\u00a0\u00bb]Pour cr\u00e9er des poign\u00e9es aux performances pratiques et esth\u00e9tiques exceptionnelles, les designers HEXT ont toujours choisi des mat\u00e9riaux absolus comme l&rsquo;acier inoxydable <strong>AISI 316 L<\/strong>, extr\u00eamement dur, r\u00e9sistant et \u00e9lastique, r\u00e9sistant aux agents atmosph\u00e9riques dont le brouillard salin des zones marines. Outre l&rsquo;acier, l&rsquo;aluminium EN-AW 6060 est utilis\u00e9, r\u00e9sistant \u00e0 la corrosion et aux basses temp\u00e9ratures, et le nylon, une r\u00e9sine thermoplastique \u00e0 haute r\u00e9sistance m\u00e9canique et r\u00e9sistance \u00e0 l&rsquo;abrasion et \u00e0 l&rsquo;usure.[\/vc_column_text][vc_empty_space height=\u00a0\u00bb60px\u00a0\u00bb][\/vc_column][\/vc_row][vc_row row_type=\u00a0\u00bbrow\u00a0\u00bb use_row_as_full_screen_section=\u00a0\u00bbno\u00a0\u00bb type=\u00a0\u00bbgrid\u00a0\u00bb angled_section=\u00a0\u00bbno\u00a0\u00bb text_align=\u00a0\u00bbcenter\u00a0\u00bb background_image_as_pattern=\u00a0\u00bbwithout_pattern\u00a0\u00bb padding_top=\u00a0\u00bb20&Prime; css_animation=\u00a0\u00bb\u00a0\u00bb css=\u00a0\u00bb.vc_custom_1496139770950{background-color: #ffffff !important;}\u00a0\u00bb][vc_column width=\u00a0\u00bb1\/3&Prime; css=\u00a0\u00bb.vc_custom_1491554102424{padding-right: 0px !important;}\u00a0\u00bb][vc_empty_space height=\u00a0\u00bb18px\u00a0\u00bb][vc_single_image image=\u00a0\u00bb28996&Prime; img_size=\u00a0\u00bb\u00a0\u00bb alignment=\u00a0\u00bbright\u00a0\u00bb qode_css_animation=\u00a0\u00bb\u00a0\u00bb el_class=\u00a0\u00bborgan_im\u00a0\u00bb][\/vc_column][vc_column width=\u00a0\u00bb2\/3&Prime; el_class=\u00a0\u00bbcol_org\u00a0\u00bb css=\u00a0\u00bb.vc_custom_1496140074098{padding-left: 0px !important;}\u00a0\u00bb][vc_empty_space height=\u00a0\u00bb12px\u00a0\u00bb][vc_column_text el_class=\u00a0\u00bborg_titolo\u00a0\u00bb]<\/p>\n<h1 class=\"h_corp_1\" style=\"text-align: left;\">LA VALEUR DE LA QUALIT\u00c9<\/h1>\n<p>[\/vc_column_text][vc_separator type=\u00a0\u00bbnormal\u00a0\u00bb color=\u00a0\u00bb#9f9f9f\u00a0\u00bb el_class=\u00a0\u00bborg_linea\u00a0\u00bb][vc_column_text css=\u00a0\u00bb.vc_custom_1603184489452{padding-top: 10px !important;}\u00a0\u00bb el_class=\u00a0\u00bborg_titolo\u00a0\u00bb]<\/p>\n<p class=\"p1\"><span class=\"s1\">Une qualit\u00e9 absolue est le principe premier de sa mission d\u2019entreprise.<\/span><\/p>\n<p>[\/vc_column_text][vc_column_text css=\u00a0\u00bb.vc_custom_1603184467847{padding-top: 10px !important;}\u00a0\u00bb el_class=\u00a0\u00bborg_titolo\u00a0\u00bb]<\/p>\n<ul>\n<li>QUALIT\u00c9 DES MAT\u00c9RIAUX<\/li>\n<li>QUALIT\u00c9 EN TERMES D\u2019\u00c9TUDE<\/li>\n<li>QUALIT\u00c9 DE CONCEPTION<\/li>\n<li>QUALIT\u00c9 DES INVESTISSEMENTS ET DES ACTIVIT\u00c9S<\/li>\n<li>QUALIT\u00c9 EN TERMES DE SERVICES ET DE<\/li>\n<li>COMPORTEMENTS<\/li>\n<\/ul>\n<p>[\/vc_column_text][vc_empty_space][vc_empty_space][\/vc_column][\/vc_row][vc_row row_type=\u00a0\u00bbrow\u00a0\u00bb use_row_as_full_screen_section=\u00a0\u00bbno\u00a0\u00bb type=\u00a0\u00bbfull_width\u00a0\u00bb angled_section=\u00a0\u00bbno\u00a0\u00bb text_align=\u00a0\u00bbcenter\u00a0\u00bb background_image_as_pattern=\u00a0\u00bbwithout_pattern\u00a0\u00bb border_color=\u00a0\u00bb#303030&Prime; css_animation=\u00a0\u00bb\u00a0\u00bb css=\u00a0\u00bb.vc_custom_1491483971172{background-color: #ffffff !important;}\u00a0\u00bb][vc_column][vc_empty_space height=\u00a0\u00bb60px\u00a0\u00bb][\/vc_column][\/vc_row]<\/p>\n","protected":false},"excerpt":{"rendered":"<p>[vc_row row_type=\u00a0\u00bbrow\u00a0\u00bb use_row_as_full_screen_section=\u00a0\u00bbno\u00a0\u00bb type=\u00a0\u00bbfull_width\u00a0\u00bb angled_section=\u00a0\u00bbno\u00a0\u00bb text_align=\u00a0\u00bbcenter\u00a0\u00bb background_image=\u00a0\u00bb28992&Prime; background_image_as_pattern=\u00a0\u00bbwithout_pattern\u00a0\u00bb border_color=\u00a0\u00bb#919191&Prime; css_animation=\u00a0\u00bb\u00a0\u00bb][vc_column][vc_empty_space height=\u00a0\u00bb300px\u00a0\u00bb][\/vc_column][\/vc_row][vc_row row_type=\u00a0\u00bbrow\u00a0\u00bb use_row_as_full_screen_section=\u00a0\u00bbno\u00a0\u00bb type=\u00a0\u00bbgrid\u00a0\u00bb angled_section=\u00a0\u00bbno\u00a0\u00bb text_align=\u00a0\u00bbcenter\u00a0\u00bb background_image_as_pattern=\u00a0\u00bbwithout_pattern\u00a0\u00bb background_color=\u00a0\u00bb#ffffff\u00a0\u00bb css_animation=\u00a0\u00bb\u00a0\u00bb css=\u00a0\u00bb.vc_custom_1490369294730{background-color: #ffffff !important;}\u00a0\u00bb][vc_column][vc_empty_space height=\u00a0\u00bb60px\u00a0\u00bb][vc_empty_space height=\u00a0\u00bb60px\u00a0\u00bb][vc_column_text] QUALIT\u00c9,&#8230;<\/p>\n","protected":false},"author":1,"featured_media":0,"parent":25112,"menu_order":0,"comment_status":"open","ping_status":"open","template":"full_width.php","meta":[],"yoast_head":"<!-- This site is optimized with the Yoast SEO plugin v16.0.2 - https:\/\/yoast.com\/wordpress\/plugins\/seo\/ -->\n<link rel=\"canonical\" href=\"https:\/\/www.comunello.com\/fr\/hext\/qualite\/\" \/>\n<meta property=\"og:locale\" content=\"fr_FR\" \/>\n<meta property=\"og:type\" content=\"article\" \/>\n<meta property=\"og:title\" content=\"HEXT QUALIT\u00c9 - Fratelli COMUNELLO\" \/>\n<meta property=\"og:description\" content=\"[vc_row row_type=\u00a0\u00bbrow\u00a0\u00bb use_row_as_full_screen_section=\u00a0\u00bbno\u00a0\u00bb type=\u00a0\u00bbfull_width\u00a0\u00bb angled_section=\u00a0\u00bbno\u00a0\u00bb text_align=\u00a0\u00bbcenter\u00a0\u00bb background_image=\u00a0\u00bb28992&Prime; background_image_as_pattern=\u00a0\u00bbwithout_pattern\u00a0\u00bb border_color=\u00a0\u00bb#919191&Prime; css_animation=\u00a0\u00bb\u00a0\u00bb][vc_column][vc_empty_space height=\u00a0\u00bb300px\u00a0\u00bb][\/vc_column][\/vc_row][vc_row row_type=\u00a0\u00bbrow\u00a0\u00bb use_row_as_full_screen_section=\u00a0\u00bbno\u00a0\u00bb type=\u00a0\u00bbgrid\u00a0\u00bb angled_section=\u00a0\u00bbno\u00a0\u00bb text_align=\u00a0\u00bbcenter\u00a0\u00bb background_image_as_pattern=\u00a0\u00bbwithout_pattern\u00a0\u00bb background_color=\u00a0\u00bb#ffffff\u00a0\u00bb css_animation=\u00a0\u00bb\u00a0\u00bb css=\u00a0\u00bb.vc_custom_1490369294730{background-color: #ffffff !important;}\u00a0\u00bb][vc_column][vc_empty_space height=\u00a0\u00bb60px\u00a0\u00bb][vc_empty_space height=\u00a0\u00bb60px\u00a0\u00bb][vc_column_text] QUALIT\u00c9,...\" \/>\n<meta property=\"og:url\" content=\"https:\/\/www.comunello.com\/fr\/hext\/qualite\/\" \/>\n<meta property=\"og:site_name\" content=\"Fratelli COMUNELLO\" \/>\n<meta property=\"article:modified_time\" content=\"2020-10-20T09:01:48+00:00\" \/>\n<meta name=\"twitter:card\" content=\"summary_large_image\" \/>\n<meta name=\"twitter:label1\" content=\"Dur\u00e9e de lecture est.\">\n\t<meta name=\"twitter:data1\" content=\"3 minutes\">\n<script type=\"application\/ld+json\" class=\"yoast-schema-graph\">{\"@context\":\"https:\/\/schema.org\",\"@graph\":[{\"@type\":\"WebSite\",\"@id\":\"https:\/\/www.comunello.com\/#website\",\"url\":\"https:\/\/www.comunello.com\/\",\"name\":\"Fratelli COMUNELLO\",\"description\":\"| Life Made Easy\",\"potentialAction\":[{\"@type\":\"SearchAction\",\"target\":\"https:\/\/www.comunello.com\/?s={search_term_string}\",\"query-input\":\"required name=search_term_string\"}],\"inLanguage\":\"fr-FR\"},{\"@type\":\"WebPage\",\"@id\":\"https:\/\/www.comunello.com\/fr\/hext\/qualite\/#webpage\",\"url\":\"https:\/\/www.comunello.com\/fr\/hext\/qualite\/\",\"name\":\"HEXT QUALIT\\u00c9 - Fratelli COMUNELLO\",\"isPartOf\":{\"@id\":\"https:\/\/www.comunello.com\/#website\"},\"datePublished\":\"2020-10-20T08:45:10+00:00\",\"dateModified\":\"2020-10-20T09:01:48+00:00\",\"breadcrumb\":{\"@id\":\"https:\/\/www.comunello.com\/fr\/hext\/qualite\/#breadcrumb\"},\"inLanguage\":\"fr-FR\",\"potentialAction\":[{\"@type\":\"ReadAction\",\"target\":[\"https:\/\/www.comunello.com\/fr\/hext\/qualite\/\"]}]},{\"@type\":\"BreadcrumbList\",\"@id\":\"https:\/\/www.comunello.com\/fr\/hext\/qualite\/#breadcrumb\",\"itemListElement\":[{\"@type\":\"ListItem\",\"position\":1,\"item\":{\"@type\":\"WebPage\",\"@id\":\"https:\/\/www.comunello.com\/fr\/\",\"url\":\"https:\/\/www.comunello.com\/fr\/\",\"name\":\"Home\"}},{\"@type\":\"ListItem\",\"position\":2,\"item\":{\"@type\":\"WebPage\",\"@id\":\"https:\/\/www.comunello.com\/fr\/hext\/\",\"url\":\"https:\/\/www.comunello.com\/fr\/hext\/\",\"name\":\"HEXT\"}},{\"@type\":\"ListItem\",\"position\":3,\"item\":{\"@type\":\"WebPage\",\"@id\":\"https:\/\/www.comunello.com\/fr\/hext\/qualite\/\",\"url\":\"https:\/\/www.comunello.com\/fr\/hext\/qualite\/\",\"name\":\"HEXT QUALIT\\u00c9\"}}]}]}<\/script>\n<!-- \/ Yoast SEO plugin. -->","_links":{"self":[{"href":"https:\/\/www.comunello.com\/fr\/wp-json\/wp\/v2\/pages\/29243\/"}],"collection":[{"href":"https:\/\/www.comunello.com\/fr\/wp-json\/wp\/v2\/pages\/"}],"about":[{"href":"https:\/\/www.comunello.com\/fr\/wp-json\/wp\/v2\/types\/page\/"}],"author":[{"embeddable":true,"href":"https:\/\/www.comunello.com\/fr\/wp-json\/wp\/v2\/users\/1\/"}],"replies":[{"embeddable":true,"href":"https:\/\/www.comunello.com\/fr\/wp-json\/wp\/v2\/comments\/?post=29243"}],"version-history":[{"count":4,"href":"https:\/\/www.comunello.com\/fr\/wp-json\/wp\/v2\/pages\/29243\/revisions\/"}],"predecessor-version":[{"id":29248,"href":"https:\/\/www.comunello.com\/fr\/wp-json\/wp\/v2\/pages\/29243\/revisions\/29248\/"}],"up":[{"embeddable":true,"href":"https:\/\/www.comunello.com\/fr\/wp-json\/wp\/v2\/pages\/25112\/"}],"wp:attachment":[{"href":"https:\/\/www.comunello.com\/fr\/wp-json\/wp\/v2\/media\/?parent=29243"}],"curies":[{"name":"wp","href":"https:\/\/api.w.org\/{rel}","templated":true}]}}