{"id":25128,"date":"2019-05-30T12:16:12","date_gmt":"2019-05-30T10:16:12","guid":{"rendered":"https:\/\/www.comunello.com\/fr\/?page_id=25128"},"modified":"2020-10-20T11:10:47","modified_gmt":"2020-10-20T09:10:47","slug":"contacts","status":"publish","type":"page","link":"https:\/\/www.comunello.com\/fr\/hext\/contacts\/","title":{"rendered":"HEXT Contacts"},"content":{"rendered":"<p>[vc_row row_type=\u00a0\u00bbrow\u00a0\u00bb use_row_as_full_screen_section=\u00a0\u00bbno\u00a0\u00bb type=\u00a0\u00bbfull_width\u00a0\u00bb angled_section=\u00a0\u00bbno\u00a0\u00bb text_align=\u00a0\u00bbleft\u00a0\u00bb background_image_as_pattern=\u00a0\u00bbwithout_pattern\u00a0\u00bb background_color=\u00a0\u00bb#666666&Prime; padding_top=\u00a0\u00bb0&Prime; css_animation=\u00a0\u00bb\u00a0\u00bb][vc_column][vc_gmaps link=\u00a0\u00bb#E-8_JTNDaWZyYW1lJTIwc3JjJTNEJTIyaHR0cHMlM0ElMkYlMkZ3d3cuZ29vZ2xlLmNvbSUyRm1hcHMlMkZlbWJlZCUzRnBiJTNEJTIxMW0xOCUyMTFtMTIlMjExbTMlMjExZDg5MDU1LjYyMzU3Nzc1NTY5JTIxMmQxMS42OTE0ODU5OTUyNTQ5NjglMjEzZDQ1Ljc3MTQyNTk5Mzc2NzAyJTIxMm0zJTIxMWYwJTIxMmYwJTIxM2YwJTIxM20yJTIxMWkxMDI0JTIxMmk3NjglMjE0ZjEzLjElMjEzbTMlMjExbTIlMjExczB4NDc3OGRhMTI0ZTQ1NjY4NSUyNTNBMHhkZjI1OTUwM2YwN2E5ZTk3JTIxMnNGcmF0ZWxsaSUyQkNvbXVuZWxsbyUyQlMucC5BLiUyMTVlMCUyMTNtMiUyMTFzaXQlMjEyc2l0JTIxNHYxNDI3Njk2ODAyMzY0JTIyJTIwd2lkdGglM0QlMjIxMDAlMjUlMjIlMjBoZWlnaHQlM0QlMjI0NTAlMjIlMjBmcmFtZWJvcmRlciUzRCUyMjAlMjIlMjBzdHlsZSUzRCUyMmJvcmRlciUzQTAlMjIlM0UlM0MlMkZpZnJhbWUlM0U=\u00a0\u00bb size=\u00a0\u00bb450&Prime;][\/vc_column][\/vc_row][vc_row row_type=\u00a0\u00bbrow\u00a0\u00bb use_row_as_full_screen_section=\u00a0\u00bbno\u00a0\u00bb type=\u00a0\u00bbgrid\u00a0\u00bb angled_section=\u00a0\u00bbno\u00a0\u00bb text_align=\u00a0\u00bbleft\u00a0\u00bb background_image_as_pattern=\u00a0\u00bbwithout_pattern\u00a0\u00bb padding_top=\u00a0\u00bb0&Prime; padding_bottom=\u00a0\u00bb75&Prime; css_animation=\u00a0\u00bb\u00a0\u00bb][vc_column][vc_empty_space height=\u00a0\u00bb60px\u00a0\u00bb][vc_single_image image=\u00a0\u00bb29078&Prime; img_size=\u00a0\u00bbfull\u00a0\u00bb alignment=\u00a0\u00bbcenter\u00a0\u00bb qode_css_animation=\u00a0\u00bb\u00a0\u00bb][vc_separator type=\u00a0\u00bbnormal\u00a0\u00bb color=\u00a0\u00bb#bcbcbc\u00a0\u00bb thickness=\u00a0\u00bb1&Prime; up=\u00a0\u00bb70&Prime; down=\u00a0\u00bb50&Prime;][vc_column_text el_class=\u00a0\u00bbtest_one_page\u00a0\u00bb]<\/p>\n<p style=\"font-family: helvlt; font-size: 30px; line-height: 30px; text-align: center;\">FRATELLI COMUNELLO S.P.A.<\/p>\n<p>&nbsp;<\/p>\n<p style=\"text-align: center;\">Soci\u00e9t\u00e9 sujette \u00e0 la direction et \u00e0 la coordination de Comunello Group Srl<\/p>\n<p>[\/vc_column_text][vc_separator type=\u00a0\u00bbnormal\u00a0\u00bb color=\u00a0\u00bb#bcbcbc\u00a0\u00bb thickness=\u00a0\u00bb1&Prime; up=\u00a0\u00bb40&Prime; down=\u00a0\u00bb40&Prime;][vc_row_inner row_type=\u00a0\u00bbrow\u00a0\u00bb type=\u00a0\u00bbfull_width\u00a0\u00bb text_align=\u00a0\u00bbleft\u00a0\u00bb background_color=\u00a0\u00bb#ffffff\u00a0\u00bb css_animation=\u00a0\u00bb\u00a0\u00bb][vc_column_inner][vc_empty_space][vc_column_text el_class=\u00a0\u00bbtest_one_page\u00a0\u00bb]<strong>\u00c9TABLISSEMENTS<\/strong><\/p>\n<p>Via Zarpellon 33 36022 San Giuseppe di Cassola (VI) Italy<\/p>\n<p>&nbsp;<\/p>\n<p><strong>SI\u00c8GE SOCIAL<\/strong><\/p>\n<p>Via Cassola 64 C.P. 79 36027 Ros\u00e0 (VI) Italy<\/p>\n<p>&nbsp;<\/p>\n<p><strong>Tel:<\/strong> +39 0424 585111<\/p>\n<p><strong>Fax:<\/strong> +39 0424 533417<\/p>\n<p><strong>Email:<\/strong> info@comunello.it<\/p>\n<p>[\/vc_column_text][\/vc_column_inner][\/vc_row_inner][vc_separator type=\u00a0\u00bbnormal\u00a0\u00bb color=\u00a0\u00bb#bcbcbc\u00a0\u00bb thickness=\u00a0\u00bb1&Prime; up=\u00a0\u00bb70&Prime; down=\u00a0\u00bb70&Prime;][\/vc_column][\/vc_row][vc_row row_type=\u00a0\u00bbrow\u00a0\u00bb use_row_as_full_screen_section=\u00a0\u00bbno\u00a0\u00bb type=\u00a0\u00bbgrid\u00a0\u00bb angled_section=\u00a0\u00bbno\u00a0\u00bb text_align=\u00a0\u00bbleft\u00a0\u00bb background_image_as_pattern=\u00a0\u00bbwithout_pattern\u00a0\u00bb background_color=\u00a0\u00bb#ffffff\u00a0\u00bb css_animation=\u00a0\u00bb\u00a0\u00bb][vc_column][vc_empty_space height=\u00a0\u00bb8px\u00a0\u00bb][\/vc_column][\/vc_row]<\/p>\n","protected":false},"excerpt":{"rendered":"<p>[vc_row row_type=\u00a0\u00bbrow\u00a0\u00bb use_row_as_full_screen_section=\u00a0\u00bbno\u00a0\u00bb type=\u00a0\u00bbfull_width\u00a0\u00bb angled_section=\u00a0\u00bbno\u00a0\u00bb text_align=\u00a0\u00bbleft\u00a0\u00bb background_image_as_pattern=\u00a0\u00bbwithout_pattern\u00a0\u00bb background_color=\u00a0\u00bb#666666&Prime; padding_top=\u00a0\u00bb0&Prime; css_animation=\u00a0\u00bb\u00a0\u00bb][vc_column][vc_gmaps link=\u00a0\u00bb#E-8_JTNDaWZyYW1lJTIwc3JjJTNEJTIyaHR0cHMlM0ElMkYlMkZ3d3cuZ29vZ2xlLmNvbSUyRm1hcHMlMkZlbWJlZCUzRnBiJTNEJTIxMW0xOCUyMTFtMTIlMjExbTMlMjExZDg5MDU1LjYyMzU3Nzc1NTY5JTIxMmQxMS42OTE0ODU5OTUyNTQ5NjglMjEzZDQ1Ljc3MTQyNTk5Mzc2NzAyJTIxMm0zJTIxMWYwJTIxMmYwJTIxM2YwJTIxM20yJTIxMWkxMDI0JTIxMmk3NjglMjE0ZjEzLjElMjEzbTMlMjExbTIlMjExczB4NDc3OGRhMTI0ZTQ1NjY4NSUyNTNBMHhkZjI1OTUwM2YwN2E5ZTk3JTIxMnNGcmF0ZWxsaSUyQkNvbXVuZWxsbyUyQlMucC5BLiUyMTVlMCUyMTNtMiUyMTFzaXQlMjEyc2l0JTIxNHYxNDI3Njk2ODAyMzY0JTIyJTIwd2lkdGglM0QlMjIxMDAlMjUlMjIlMjBoZWlnaHQlM0QlMjI0NTAlMjIlMjBmcmFtZWJvcmRlciUzRCUyMjAlMjIlMjBzdHlsZSUzRCUyMmJvcmRlciUzQTAlMjIlM0UlM0MlMkZpZnJhbWUlM0U=\u00a0\u00bb size=\u00a0\u00bb450&Prime;][\/vc_column][\/vc_row][vc_row row_type=\u00a0\u00bbrow\u00a0\u00bb use_row_as_full_screen_section=\u00a0\u00bbno\u00a0\u00bb type=\u00a0\u00bbgrid\u00a0\u00bb angled_section=\u00a0\u00bbno\u00a0\u00bb text_align=\u00a0\u00bbleft\u00a0\u00bb background_image_as_pattern=\u00a0\u00bbwithout_pattern\u00a0\u00bb padding_top=\u00a0\u00bb0&Prime; padding_bottom=\u00a0\u00bb75&Prime; css_animation=\u00a0\u00bb\u00a0\u00bb][vc_column][vc_empty_space height=\u00a0\u00bb60px\u00a0\u00bb][vc_single_image image=\u00a0\u00bb29078&Prime; img_size=\u00a0\u00bbfull\u00a0\u00bb alignment=\u00a0\u00bbcenter\u00a0\u00bb&#8230;<\/p>\n","protected":false},"author":1,"featured_media":0,"parent":25112,"menu_order":0,"comment_status":"open","ping_status":"open","template":"full_width.php","meta":[],"yoast_head":"<!-- This site is optimized with the Yoast SEO plugin v16.0.2 - https:\/\/yoast.com\/wordpress\/plugins\/seo\/ -->\n<link rel=\"canonical\" href=\"https:\/\/www.comunello.com\/fr\/hext\/contacts\/\" \/>\n<meta property=\"og:locale\" content=\"fr_FR\" \/>\n<meta property=\"og:type\" content=\"article\" \/>\n<meta property=\"og:title\" content=\"HEXT Contacts - Fratelli COMUNELLO\" \/>\n<meta property=\"og:description\" content=\"[vc_row row_type=\u00a0\u00bbrow\u00a0\u00bb use_row_as_full_screen_section=\u00a0\u00bbno\u00a0\u00bb type=\u00a0\u00bbfull_width\u00a0\u00bb angled_section=\u00a0\u00bbno\u00a0\u00bb text_align=\u00a0\u00bbleft\u00a0\u00bb background_image_as_pattern=\u00a0\u00bbwithout_pattern\u00a0\u00bb background_color=\u00a0\u00bb#666666&Prime; padding_top=\u00a0\u00bb0&Prime; css_animation=\u00a0\u00bb\u00a0\u00bb][vc_column][vc_gmaps link=\u00a0\u00bb#E-8_JTNDaWZyYW1lJTIwc3JjJTNEJTIyaHR0cHMlM0ElMkYlMkZ3d3cuZ29vZ2xlLmNvbSUyRm1hcHMlMkZlbWJlZCUzRnBiJTNEJTIxMW0xOCUyMTFtMTIlMjExbTMlMjExZDg5MDU1LjYyMzU3Nzc1NTY5JTIxMmQxMS42OTE0ODU5OTUyNTQ5NjglMjEzZDQ1Ljc3MTQyNTk5Mzc2NzAyJTIxMm0zJTIxMWYwJTIxMmYwJTIxM2YwJTIxM20yJTIxMWkxMDI0JTIxMmk3NjglMjE0ZjEzLjElMjEzbTMlMjExbTIlMjExczB4NDc3OGRhMTI0ZTQ1NjY4NSUyNTNBMHhkZjI1OTUwM2YwN2E5ZTk3JTIxMnNGcmF0ZWxsaSUyQkNvbXVuZWxsbyUyQlMucC5BLiUyMTVlMCUyMTNtMiUyMTFzaXQlMjEyc2l0JTIxNHYxNDI3Njk2ODAyMzY0JTIyJTIwd2lkdGglM0QlMjIxMDAlMjUlMjIlMjBoZWlnaHQlM0QlMjI0NTAlMjIlMjBmcmFtZWJvcmRlciUzRCUyMjAlMjIlMjBzdHlsZSUzRCUyMmJvcmRlciUzQTAlMjIlM0UlM0MlMkZpZnJhbWUlM0U=\u00a0\u00bb size=\u00a0\u00bb450&Prime;][\/vc_column][\/vc_row][vc_row row_type=\u00a0\u00bbrow\u00a0\u00bb use_row_as_full_screen_section=\u00a0\u00bbno\u00a0\u00bb type=\u00a0\u00bbgrid\u00a0\u00bb angled_section=\u00a0\u00bbno\u00a0\u00bb text_align=\u00a0\u00bbleft\u00a0\u00bb background_image_as_pattern=\u00a0\u00bbwithout_pattern\u00a0\u00bb padding_top=\u00a0\u00bb0&Prime; padding_bottom=\u00a0\u00bb75&Prime; css_animation=\u00a0\u00bb\u00a0\u00bb][vc_column][vc_empty_space height=\u00a0\u00bb60px\u00a0\u00bb][vc_single_image image=\u00a0\u00bb29078&Prime; img_size=\u00a0\u00bbfull\u00a0\u00bb alignment=\u00a0\u00bbcenter\u00a0\u00bb...\" \/>\n<meta property=\"og:url\" content=\"https:\/\/www.comunello.com\/fr\/hext\/contacts\/\" \/>\n<meta property=\"og:site_name\" content=\"Fratelli COMUNELLO\" \/>\n<meta property=\"article:modified_time\" content=\"2020-10-20T09:10:47+00:00\" \/>\n<meta name=\"twitter:card\" content=\"summary_large_image\" \/>\n<meta name=\"twitter:label1\" content=\"Dur\u00e9e de lecture est.\">\n\t<meta name=\"twitter:data1\" content=\"2 minutes\">\n<script type=\"application\/ld+json\" class=\"yoast-schema-graph\">{\"@context\":\"https:\/\/schema.org\",\"@graph\":[{\"@type\":\"WebSite\",\"@id\":\"https:\/\/www.comunello.com\/#website\",\"url\":\"https:\/\/www.comunello.com\/\",\"name\":\"Fratelli COMUNELLO\",\"description\":\"| Life Made Easy\",\"potentialAction\":[{\"@type\":\"SearchAction\",\"target\":\"https:\/\/www.comunello.com\/?s={search_term_string}\",\"query-input\":\"required name=search_term_string\"}],\"inLanguage\":\"fr-FR\"},{\"@type\":\"WebPage\",\"@id\":\"https:\/\/www.comunello.com\/fr\/hext\/contacts\/#webpage\",\"url\":\"https:\/\/www.comunello.com\/fr\/hext\/contacts\/\",\"name\":\"HEXT Contacts - Fratelli COMUNELLO\",\"isPartOf\":{\"@id\":\"https:\/\/www.comunello.com\/#website\"},\"datePublished\":\"2019-05-30T10:16:12+00:00\",\"dateModified\":\"2020-10-20T09:10:47+00:00\",\"breadcrumb\":{\"@id\":\"https:\/\/www.comunello.com\/fr\/hext\/contacts\/#breadcrumb\"},\"inLanguage\":\"fr-FR\",\"potentialAction\":[{\"@type\":\"ReadAction\",\"target\":[\"https:\/\/www.comunello.com\/fr\/hext\/contacts\/\"]}]},{\"@type\":\"BreadcrumbList\",\"@id\":\"https:\/\/www.comunello.com\/fr\/hext\/contacts\/#breadcrumb\",\"itemListElement\":[{\"@type\":\"ListItem\",\"position\":1,\"item\":{\"@type\":\"WebPage\",\"@id\":\"https:\/\/www.comunello.com\/fr\/\",\"url\":\"https:\/\/www.comunello.com\/fr\/\",\"name\":\"Home\"}},{\"@type\":\"ListItem\",\"position\":2,\"item\":{\"@type\":\"WebPage\",\"@id\":\"https:\/\/www.comunello.com\/fr\/hext\/\",\"url\":\"https:\/\/www.comunello.com\/fr\/hext\/\",\"name\":\"HEXT\"}},{\"@type\":\"ListItem\",\"position\":3,\"item\":{\"@type\":\"WebPage\",\"@id\":\"https:\/\/www.comunello.com\/fr\/hext\/contacts\/\",\"url\":\"https:\/\/www.comunello.com\/fr\/hext\/contacts\/\",\"name\":\"HEXT Contacts\"}}]}]}<\/script>\n<!-- \/ Yoast SEO plugin. -->","_links":{"self":[{"href":"https:\/\/www.comunello.com\/fr\/wp-json\/wp\/v2\/pages\/25128\/"}],"collection":[{"href":"https:\/\/www.comunello.com\/fr\/wp-json\/wp\/v2\/pages\/"}],"about":[{"href":"https:\/\/www.comunello.com\/fr\/wp-json\/wp\/v2\/types\/page\/"}],"author":[{"embeddable":true,"href":"https:\/\/www.comunello.com\/fr\/wp-json\/wp\/v2\/users\/1\/"}],"replies":[{"embeddable":true,"href":"https:\/\/www.comunello.com\/fr\/wp-json\/wp\/v2\/comments\/?post=25128"}],"version-history":[{"count":4,"href":"https:\/\/www.comunello.com\/fr\/wp-json\/wp\/v2\/pages\/25128\/revisions\/"}],"predecessor-version":[{"id":29256,"href":"https:\/\/www.comunello.com\/fr\/wp-json\/wp\/v2\/pages\/25128\/revisions\/29256\/"}],"up":[{"embeddable":true,"href":"https:\/\/www.comunello.com\/fr\/wp-json\/wp\/v2\/pages\/25112\/"}],"wp:attachment":[{"href":"https:\/\/www.comunello.com\/fr\/wp-json\/wp\/v2\/media\/?parent=25128"}],"curies":[{"name":"wp","href":"https:\/\/api.w.org\/{rel}","templated":true}]}}