{"id":25112,"date":"2019-05-27T12:21:29","date_gmt":"2019-05-27T10:21:29","guid":{"rendered":"https:\/\/www.comunello.com\/fr\/hext\/"},"modified":"2021-03-30T17:23:17","modified_gmt":"2021-03-30T15:23:17","slug":"hext","status":"publish","type":"page","link":"https:\/\/www.comunello.com\/fr\/hext\/","title":{"rendered":"HEXT"},"content":{"rendered":"<p>[vc_row css_animation=\u00a0\u00bb\u00a0\u00bb row_type=\u00a0\u00bbrow\u00a0\u00bb use_row_as_full_screen_section=\u00a0\u00bbno\u00a0\u00bb type=\u00a0\u00bbfull_width\u00a0\u00bb angled_section=\u00a0\u00bbno\u00a0\u00bb text_align=\u00a0\u00bbleft\u00a0\u00bb background_image_as_pattern=\u00a0\u00bbwithout_pattern\u00a0\u00bb background_color=\u00a0\u00bb#f2f2f2&Prime; padding_top=\u00a0\u00bb0&Prime; css=\u00a0\u00bb.vc_custom_1493979476555{padding-right: 100px !important;padding-left: 100px !important;}\u00a0\u00bb][vc_column][vc_empty_space height=\u00a0\u00bb70px\u00a0\u00bb][vc_row_inner row_type=\u00a0\u00bbrow\u00a0\u00bb type=\u00a0\u00bbgrid\u00a0\u00bb text_align=\u00a0\u00bbleft\u00a0\u00bb css_animation=\u00a0\u00bb\u00a0\u00bb][vc_column_inner offset=\u00a0\u00bbvc_hidden-lg vc_hidden-md vc_hidden-sm vc_hidden-xs\u00a0\u00bb][vc_column_text]<\/p>\n<p class=\"titoletto_divisione\" style=\"text-align: left;\">\u00a0 HANDLES. WITH CARE.<\/p>\n<p>[\/vc_column_text][\/vc_column_inner][\/vc_row_inner][\/vc_column][\/vc_row][vc_row css_animation=\u00a0\u00bb\u00a0\u00bb row_type=\u00a0\u00bbrow\u00a0\u00bb use_row_as_full_screen_section=\u00a0\u00bbno\u00a0\u00bb type=\u00a0\u00bbfull_width\u00a0\u00bb angled_section=\u00a0\u00bbno\u00a0\u00bb text_align=\u00a0\u00bbleft\u00a0\u00bb background_image_as_pattern=\u00a0\u00bbwithout_pattern\u00a0\u00bb padding_top=\u00a0\u00bb0&Prime;][vc_column][vc_single_image image=\u00a0\u00bb31419&Prime; img_size=\u00a0\u00bbfull\u00a0\u00bb alignment=\u00a0\u00bbcenter\u00a0\u00bb qode_css_animation=\u00a0\u00bb\u00a0\u00bb][\/vc_column][\/vc_row][vc_row css_animation=\u00a0\u00bb\u00a0\u00bb row_type=\u00a0\u00bbrow\u00a0\u00bb use_row_as_full_screen_section=\u00a0\u00bbno\u00a0\u00bb type=\u00a0\u00bbfull_width\u00a0\u00bb angled_section=\u00a0\u00bbno\u00a0\u00bb text_align=\u00a0\u00bbleft\u00a0\u00bb background_image_as_pattern=\u00a0\u00bbwithout_pattern\u00a0\u00bb background_color=\u00a0\u00bb#ffffff\u00a0\u00bb padding_top=\u00a0\u00bb0&Prime; css=\u00a0\u00bb.vc_custom_1490189180882{padding-right: 100px !important;padding-left: 100px !important;}\u00a0\u00bb][vc_column][vc_raw_html]JTIwJTNDZGl2JTIwaWQlM0QlMjJwcm9kb3R0aSUyMiUyMHN0eWxlJTNEJTIycG9zaXRpb24lM0ElMjBhYnNvbHV0ZSUzQiUwQSUyMCUyMCUyMCUyMHRvcCUzQSUyMC0yMDBweCUzQiUwQSUyMCUyMCUyMCUyMHZpc2liaWxpdHklM0ElMjBoaWRkZW4lM0IlMjIlM0UlM0MlMkZkaXYlM0U=[\/vc_raw_html][vc_empty_space height=\u00a0\u00bb30px\u00a0\u00bb][\/vc_column][\/vc_row][vc_row css_animation=\u00a0\u00bb\u00a0\u00bb row_type=\u00a0\u00bbrow\u00a0\u00bb use_row_as_full_screen_section=\u00a0\u00bbno\u00a0\u00bb type=\u00a0\u00bbfull_width\u00a0\u00bb angled_section=\u00a0\u00bbno\u00a0\u00bb text_align=\u00a0\u00bbcenter\u00a0\u00bb background_image_as_pattern=\u00a0\u00bbwithout_pattern\u00a0\u00bb background_color=\u00a0\u00bb#ffffff\u00a0\u00bb padding_top=\u00a0\u00bb0&Prime;][vc_column][vc_empty_space height=\u00a0\u00bb100px\u00a0\u00bb][\/vc_column][\/vc_row][vc_row css_animation=\u00a0\u00bb\u00a0\u00bb row_type=\u00a0\u00bbrow\u00a0\u00bb use_row_as_full_screen_section=\u00a0\u00bbyes\u00a0\u00bb type=\u00a0\u00bbgrid\u00a0\u00bb angled_section=\u00a0\u00bbno\u00a0\u00bb text_align=\u00a0\u00bbcenter\u00a0\u00bb background_image_as_pattern=\u00a0\u00bbwithout_pattern\u00a0\u00bb background_color=\u00a0\u00bb#ffffff\u00a0\u00bb padding_top=\u00a0\u00bb0&Prime;][vc_column width=\u00a0\u00bb1\/3&Prime;][vc_single_image image=\u00a0\u00bb31299&Prime; img_size=\u00a0\u00bbfull\u00a0\u00bb alignment=\u00a0\u00bbcenter\u00a0\u00bb onclick=\u00a0\u00bbcustom_link\u00a0\u00bb qode_css_animation=\u00a0\u00bb\u00a0\u00bb qode_hover_animation=\u00a0\u00bbzoom_in\u00a0\u00bb link=\u00a0\u00bbhttps:\/\/www.comunello.com\/fr\/hext\/products\/inox-316l\/\u00a0\u00bb][vc_raw_html]JTNDZGl2JTIwY2xhc3MlM0QlMjJjYXRlZ29yaWEtbWFuaWdsaW9uaS00JTIyJTNFJTNDYSUyMGhyZWYlM0QlMjJodHRwcyUzQSUyRiUyRnd3dy5jb211bmVsbG8uY29tJTJGZnIlMkZoZXh0JTJGcHJvZHVjdHMlMkZpbm94LTMxNmwlMkYlMjIlM0VJTk9YJTIwMzE2TCUzQyUyRmElM0UlM0MlMkZkaXYlM0U=[\/vc_raw_html][vc_empty_space height=\u00a0\u00bb50px\u00a0\u00bb][\/vc_column][vc_column width=\u00a0\u00bb1\/3&Prime;][vc_single_image image=\u00a0\u00bb31298&Prime; img_size=\u00a0\u00bbfull\u00a0\u00bb alignment=\u00a0\u00bbcenter\u00a0\u00bb onclick=\u00a0\u00bbcustom_link\u00a0\u00bb qode_css_animation=\u00a0\u00bb\u00a0\u00bb qode_hover_animation=\u00a0\u00bbzoom_in\u00a0\u00bb link=\u00a0\u00bbhttps:\/\/www.comunello.com\/fr\/hext\/products\/inox-304\/\u00a0\u00bb][vc_raw_html]JTNDZGl2JTIwY2xhc3MlM0QlMjJjYXRlZ29yaWEtbWFuaWdsaW9uaS00JTIyJTNFJTNDYSUyMGhyZWYlM0QlMjJodHRwcyUzQSUyRiUyRnd3dy5jb211bmVsbG8uY29tJTJGZnIlMkZoZXh0JTJGcHJvZHVjdHMlMkZpbm94LTMwNCUyRiUyMiUzRUlOT1glMjAzMDQlM0MlMkZhJTNFJTNDJTJGZGl2JTNF[\/vc_raw_html][vc_empty_space height=\u00a0\u00bb50px\u00a0\u00bb][\/vc_column][vc_column width=\u00a0\u00bb1\/3&Prime;][vc_single_image image=\u00a0\u00bb31297&Prime; img_size=\u00a0\u00bbfull\u00a0\u00bb alignment=\u00a0\u00bbcenter\u00a0\u00bb onclick=\u00a0\u00bbcustom_link\u00a0\u00bb qode_css_animation=\u00a0\u00bb\u00a0\u00bb qode_hover_animation=\u00a0\u00bbzoom_in\u00a0\u00bb link=\u00a0\u00bbhttps:\/\/www.comunello.com\/fr\/hext\/products\/aluminium\/\u00a0\u00bb][vc_raw_html]JTNDZGl2JTIwY2xhc3MlM0QlMjJjYXRlZ29yaWEtbWFuaWdsaW9uaS00JTIyJTNFJTNDYSUyMGhyZWYlM0QlMjJodHRwcyUzQSUyRiUyRnd3dy5jb211bmVsbG8uY29tJTJGZnIlMkZoZXh0JTJGcHJvZHVjdHMlMkZhbHVtaW5pdW0lMkYlMjIlM0VBTFVNSU5JVU0lM0MlMkZhJTNFJTNDJTJGZGl2JTNF[\/vc_raw_html][vc_empty_space height=\u00a0\u00bb50px\u00a0\u00bb][\/vc_column][\/vc_row][vc_row css_animation=\u00a0\u00bb\u00a0\u00bb row_type=\u00a0\u00bbrow\u00a0\u00bb use_row_as_full_screen_section=\u00a0\u00bbyes\u00a0\u00bb type=\u00a0\u00bbgrid\u00a0\u00bb angled_section=\u00a0\u00bbno\u00a0\u00bb text_align=\u00a0\u00bbcenter\u00a0\u00bb background_image_as_pattern=\u00a0\u00bbwithout_pattern\u00a0\u00bb background_color=\u00a0\u00bb#ffffff\u00a0\u00bb padding_top=\u00a0\u00bb0&Prime;][vc_column width=\u00a0\u00bb1\/3&Prime;][vc_single_image image=\u00a0\u00bb31319&Prime; img_size=\u00a0\u00bbfull\u00a0\u00bb alignment=\u00a0\u00bbcenter\u00a0\u00bb onclick=\u00a0\u00bbcustom_link\u00a0\u00bb qode_css_animation=\u00a0\u00bb\u00a0\u00bb qode_hover_animation=\u00a0\u00bbzoom_in\u00a0\u00bb link=\u00a0\u00bbhttps:\/\/www.comunello.com\/fr\/hext\/products\/nylon\/\u00a0\u00bb][vc_raw_html]JTNDZGl2JTIwY2xhc3MlM0QlMjJjYXRlZ29yaWEtbWFuaWdsaW9uaS00JTIyJTNFJTNDYSUyMGhyZWYlM0QlMjJodHRwcyUzQSUyRiUyRnd3dy5jb211bmVsbG8uY29tJTJGZnIlMkZoZXh0JTJGcHJvZHVjdHMlMkZueWxvbiUyRiUyMiUzRU5ZTE9OJTNDJTJGYSUzRSUzQyUyRmRpdiUzRQ==[\/vc_raw_html][vc_empty_space height=\u00a0\u00bb50px\u00a0\u00bb][\/vc_column][vc_column width=\u00a0\u00bb1\/3&Prime;][vc_single_image image=\u00a0\u00bb31318&Prime; img_size=\u00a0\u00bbfull\u00a0\u00bb alignment=\u00a0\u00bbcenter\u00a0\u00bb onclick=\u00a0\u00bbcustom_link\u00a0\u00bb qode_css_animation=\u00a0\u00bb\u00a0\u00bb qode_hover_animation=\u00a0\u00bbzoom_in\u00a0\u00bb link=\u00a0\u00bbhttps:\/\/www.comunello.com\/fr\/hext\/products\/special\/\u00a0\u00bb][vc_raw_html]JTNDZGl2JTIwY2xhc3MlM0QlMjJjYXRlZ29yaWEtbWFuaWdsaW9uaS00JTIyJTNFJTNDYSUyMGhyZWYlM0QlMjJodHRwcyUzQSUyRiUyRnd3dy5jb211bmVsbG8uY29tJTJGZnIlMkZoZXh0JTJGcHJvZHVjdHMlMkZzcGVjaWFsJTJGJTIyJTNFU1VSJTIwTUVTVVJFJTNDJTJGYSUzRSUzQyUyRmRpdiUzRQ==[\/vc_raw_html][vc_empty_space height=\u00a0\u00bb50px\u00a0\u00bb][\/vc_column][vc_column width=\u00a0\u00bb1\/3&Prime;][vc_single_image image=\u00a0\u00bb31306&Prime; img_size=\u00a0\u00bbfull\u00a0\u00bb alignment=\u00a0\u00bbcenter\u00a0\u00bb onclick=\u00a0\u00bbcustom_link\u00a0\u00bb qode_css_animation=\u00a0\u00bb\u00a0\u00bb qode_hover_animation=\u00a0\u00bbzoom_in\u00a0\u00bb link=\u00a0\u00bbhttps:\/\/www.comunello.com\/fr\/hext\/products\/poignees-de-porte\/\u00a0\u00bb][vc_raw_html]JTNDZGl2JTIwY2xhc3MlM0QlMjJjYXRlZ29yaWEtbWFuaWdsaW9uaS00JTIyJTNFJTNDYSUyMGhyZWYlM0QlMjJodHRwcyUzQSUyRiUyRnd3dy5jb211bmVsbG8uY29tJTJGZnIlMkZoZXh0JTJGcHJvZHVjdHMlMkZwb2lnbmVlcy1kZS1wb3J0ZSUyRiUyMiUzRVBPSUdOJUMzJTg5RVMlMjBERSUyMFBPUlRFJTNDJTJGYSUzRSUzQyUyRmRpdiUzRQ==[\/vc_raw_html][vc_empty_space height=\u00a0\u00bb50px\u00a0\u00bb][\/vc_column][\/vc_row][vc_row css_animation=\u00a0\u00bb\u00a0\u00bb row_type=\u00a0\u00bbrow\u00a0\u00bb use_row_as_full_screen_section=\u00a0\u00bbyes\u00a0\u00bb type=\u00a0\u00bbgrid\u00a0\u00bb angled_section=\u00a0\u00bbno\u00a0\u00bb text_align=\u00a0\u00bbcenter\u00a0\u00bb background_image_as_pattern=\u00a0\u00bbwithout_pattern\u00a0\u00bb background_color=\u00a0\u00bb#ffffff\u00a0\u00bb padding_top=\u00a0\u00bb0&Prime;][vc_column width=\u00a0\u00bb1\/3&Prime;][vc_single_image image=\u00a0\u00bb31304&Prime; img_size=\u00a0\u00bbfull\u00a0\u00bb alignment=\u00a0\u00bbcenter\u00a0\u00bb onclick=\u00a0\u00bbcustom_link\u00a0\u00bb qode_css_animation=\u00a0\u00bb\u00a0\u00bb qode_hover_animation=\u00a0\u00bbzoom_in\u00a0\u00bb link=\u00a0\u00bbhttps:\/\/www.comunello.com\/fr\/hext\/products\/poignees-de-levage-et-de-glissement\/\u00a0\u00bb][vc_raw_html]JTNDZGl2JTIwY2xhc3MlM0QlMjJjYXRlZ29yaWEtbWFuaWdsaW9uaS00JTIyJTNFJTNDYSUyMGhyZWYlM0QlMjJodHRwcyUzQSUyRiUyRnd3dy5jb211bmVsbG8uY29tJTJGZnIlMkZoZXh0JTJGcHJvZHVjdHMlMkZwb2lnbmVlcy1kZS1sZXZhZ2UtZXQtZGUtZ2xpc3NlbWVudCUyRiUyMiUzRVBPSUdOJUMzJTg5RVMlMjBERSUyMExFVkFHRSUzQyUyRmElM0UlM0MlMkZkaXYlM0U=[\/vc_raw_html][vc_empty_space height=\u00a0\u00bb50px\u00a0\u00bb][\/vc_column][vc_column width=\u00a0\u00bb1\/3&Prime;][vc_single_image image=\u00a0\u00bb31290&Prime; img_size=\u00a0\u00bbfull\u00a0\u00bb alignment=\u00a0\u00bbcenter\u00a0\u00bb onclick=\u00a0\u00bbcustom_link\u00a0\u00bb qode_css_animation=\u00a0\u00bb\u00a0\u00bb qode_hover_animation=\u00a0\u00bbzoom_in\u00a0\u00bb link=\u00a0\u00bbhttps:\/\/www.comunello.com\/fr\/hext\/products\/boutons-de-porte\/\u00a0\u00bb][vc_raw_html]JTNDZGl2JTIwY2xhc3MlM0QlMjJjYXRlZ29yaWEtbWFuaWdsaW9uaS00JTIyJTNFJTNDYSUyMGhyZWYlM0QlMjJodHRwcyUzQSUyRiUyRnd3dy5jb211bmVsbG8uY29tJTJGZnIlMkZoZXh0JTJGcHJvZHVjdHMlMkZib3V0b25zLWRlLXBvcnRlJTJGJTIyJTNFQk9VVE9OUyUyMERFJTIwUE9SVEUlM0MlMkZhJTNFJTNDJTJGZGl2JTNF[\/vc_raw_html][vc_empty_space height=\u00a0\u00bb50px\u00a0\u00bb][\/vc_column][vc_column width=\u00a0\u00bb1\/3&Prime;][vc_single_image image=\u00a0\u00bb31317&Prime; img_size=\u00a0\u00bbfull\u00a0\u00bb alignment=\u00a0\u00bbcenter\u00a0\u00bb onclick=\u00a0\u00bbcustom_link\u00a0\u00bb qode_css_animation=\u00a0\u00bb\u00a0\u00bb qode_hover_animation=\u00a0\u00bbzoom_in\u00a0\u00bb link=\u00a0\u00bbhttps:\/\/www.comunello.com\/fr\/hext\/products\/systemes-de-fixation\/\u00a0\u00bb][vc_raw_html]JTNDZGl2JTIwY2xhc3MlM0QlMjJjYXRlZ29yaWEtbWFuaWdsaW9uaS00JTIyJTNFJTNDYSUyMGhyZWYlM0QlMjJodHRwcyUzQSUyRiUyRnd3dy5jb211bmVsbG8uY29tJTJGZnIlMkZoZXh0JTJGcHJvZHVjdHMlMkZzeXN0ZW1lcy1kZS1maXhhdGlvbiUyRiUyMiUzRVNZU1QlQzMlODhNRVMlMjBERSUyMEZJWEFUSU9OJTNDJTJGYSUzRSUzQyUyRmRpdiUzRQ==[\/vc_raw_html][vc_empty_space height=\u00a0\u00bb50px\u00a0\u00bb][\/vc_column][\/vc_row][vc_row css_animation=\u00a0\u00bb\u00a0\u00bb row_type=\u00a0\u00bbrow\u00a0\u00bb use_row_as_full_screen_section=\u00a0\u00bbno\u00a0\u00bb type=\u00a0\u00bbfull_width\u00a0\u00bb angled_section=\u00a0\u00bbno\u00a0\u00bb text_align=\u00a0\u00bbleft\u00a0\u00bb background_image_as_pattern=\u00a0\u00bbwithout_pattern\u00a0\u00bb background_color=\u00a0\u00bb#ffffff\u00a0\u00bb css=\u00a0\u00bb.vc_custom_1616759540131{background-color: #ffffff !important;}\u00a0\u00bb][vc_column css=\u00a0\u00bb.vc_custom_1616759592289{padding-right: 0px !important;padding-left: 0px !important;}\u00a0\u00bb][vc_empty_space height=\u00a0\u00bb80px\u00a0\u00bb][vc_empty_space height=\u00a0\u00bb80px\u00a0\u00bb][vc_single_image image=\u00a0\u00bb31414&Prime; img_size=\u00a0\u00bbfull\u00a0\u00bb alignment=\u00a0\u00bbcenter\u00a0\u00bb qode_css_animation=\u00a0\u00bb\u00a0\u00bb][vc_empty_space height=\u00a0\u00bb80px\u00a0\u00bb][vc_empty_space height=\u00a0\u00bb50px\u00a0\u00bb][\/vc_column][\/vc_row][vc_row css_animation=\u00a0\u00bb\u00a0\u00bb row_type=\u00a0\u00bbrow\u00a0\u00bb use_row_as_full_screen_section=\u00a0\u00bbno\u00a0\u00bb type=\u00a0\u00bbfull_width\u00a0\u00bb angled_section=\u00a0\u00bbno\u00a0\u00bb text_align=\u00a0\u00bbleft\u00a0\u00bb background_image_as_pattern=\u00a0\u00bbwithout_pattern\u00a0\u00bb background_color=\u00a0\u00bb#eaeaea\u00a0\u00bb css=\u00a0\u00bb.vc_custom_1559920780320{background-color: #ffffff !important;}\u00a0\u00bb][vc_column css=\u00a0\u00bb.vc_custom_1559920731711{background-image: url(https:\/\/www.comunello.com\/wp-content\/uploads\/2019\/06\/banner-home-color-grigio.jpg?id=25339) !important;}\u00a0\u00bb][vc_empty_space height=\u00a0\u00bb50px\u00a0\u00bb][vc_column_text]<\/p>\n<p style=\"text-align: center; font-size: 40px; font-family: helvth; color: #64737f;\">CATALOGUES ET OUTILS DE MARKETING<\/p>\n<p>[\/vc_column_text][vc_empty_space height=\u00a0\u00bb60px\u00a0\u00bb][vc_empty_space height=\u00a0\u00bb60px\u00a0\u00bb][vc_row_inner row_type=\u00a0\u00bbrow\u00a0\u00bb type=\u00a0\u00bbgrid\u00a0\u00bb text_align=\u00a0\u00bbleft\u00a0\u00bb css_animation=\u00a0\u00bb\u00a0\u00bb][vc_column_inner width=\u00a0\u00bb1\/5&Prime;][vc_column_text css=\u00a0\u00bb.vc_custom_1602586508500{padding-bottom: 20px !important;}\u00a0\u00bb]<\/p>\n<p class=\"pdf_catologo_bianco\" style=\"text-align: center;\"><a href=\"https:\/\/www.comunello.com\/media\/products\/area_file\/hext\/hext-companyprofile.pdf\" target=\"_blank\" rel=\"noopener noreferrer\">\u00a0<img loading=\"lazy\" class=\"alignnone size-full wp-image-16032\" src=\"https:\/\/www.comunello.com\/wp-content\/uploads\/2020\/10\/bann-company-profile-330-HEXT-grigio.png\" alt=\"cat_automation_full\" width=\"240\" height=\"287\" \/><br \/>\nCompany Profile<\/a><\/p>\n<p>[\/vc_column_text][\/vc_column_inner][vc_column_inner width=\u00a0\u00bb1\/5&Prime;][vc_column_text css=\u00a0\u00bb.vc_custom_1616663638489{padding-bottom: 20px !important;}\u00a0\u00bb]<\/p>\n<p class=\"pdf_catologo_bianco\" style=\"text-align: center;\"><a href=\"https:\/\/www.comunello.com\/media\/products\/area_file\/hext\/hext-catalog.pdf\" target=\"_blank\" rel=\"noopener noreferrer\">\u00a0<img loading=\"lazy\" class=\"alignnone size-full wp-image-16032\" src=\"https:\/\/www.comunello.com\/wp-content\/uploads\/2020\/09\/bann-catalogo-330-HEXT-grigio.png\" alt=\"cat_automation_full\" width=\"240\" height=\"287\" \/><br \/>\nHext catalogue<\/a><\/p>\n<p>[\/vc_column_text][\/vc_column_inner][vc_column_inner width=\u00a0\u00bb1\/5&Prime;][vc_column_text css=\u00a0\u00bb.vc_custom_1616663794097{padding-bottom: 20px !important;}\u00a0\u00bb]<\/p>\n<p class=\"pdf_catologo_bianco\" style=\"text-align: center;\"><a href=\"https:\/\/www.comunello.com\/media\/products\/area_file\/hext\/hext-gamma.pdf\" target=\"_blank\" rel=\"noopener noreferrer\">\u00a0<img loading=\"lazy\" class=\"alignnone size-full wp-image-16032\" src=\"https:\/\/www.comunello.com\/wp-content\/uploads\/2020\/10\/bann-company-profile-330-HEXT-grigio.png\" alt=\"cat_automation_full\" width=\"240\" height=\"287\" \/><br \/>\nBrochure \/ Gamme<\/a><\/p>\n<p>[\/vc_column_text][\/vc_column_inner][vc_column_inner width=\u00a0\u00bb1\/5&Prime;][vc_column_text css=\u00a0\u00bb.vc_custom_1602859468792{padding-bottom: 20px !important;}\u00a0\u00bb]<\/p>\n<p class=\"pdf_catologo_bianco\" style=\"text-align: center;\"><a href=\"https:\/\/www.comunello.com\/media\/products\/area_file\/hext\/hext-poster.pdf\" target=\"_blank\" rel=\"noopener noreferrer\">\u00a0<img loading=\"lazy\" class=\"alignnone size-full wp-image-16032\" src=\"https:\/\/www.comunello.com\/wp-content\/uploads\/2020\/10\/bann-poster-330-HEXT-grigio-02.png\" alt=\"cat_automation_full\" width=\"240\" height=\"287\" \/><br \/>\nPoster<\/a><\/p>\n<p>[\/vc_column_text][\/vc_column_inner][vc_column_inner width=\u00a0\u00bb1\/5&Prime;][vc_column_text]<\/p>\n<p class=\"pdf_catologo_bianco\" style=\"text-align: center;\"><a href=\"https:\/\/www.comunello.com\/media\/products\/area_file\/hext\/hext-demo.pdf\" target=\"_blank\" rel=\"noopener noreferrer\">\u00a0<img loading=\"lazy\" class=\"alignnone size-full wp-image-16032\" src=\"https:\/\/www.comunello.com\/wp-content\/uploads\/2021\/03\/espositore-colonna-5-hext.png\" alt=\"cat_automation_full\" width=\"240\" height=\"287\" \/><br \/>\nDemo HEXT<\/a><\/p>\n<p>[\/vc_column_text][\/vc_column_inner][\/vc_row_inner][vc_empty_space height=\u00a0\u00bb100px\u00a0\u00bb][\/vc_column][\/vc_row][vc_row css_animation=\u00a0\u00bb\u00a0\u00bb row_type=\u00a0\u00bbrow\u00a0\u00bb use_row_as_full_screen_section=\u00a0\u00bbno\u00a0\u00bb type=\u00a0\u00bbgrid\u00a0\u00bb angled_section=\u00a0\u00bbno\u00a0\u00bb text_align=\u00a0\u00bbleft\u00a0\u00bb background_image_as_pattern=\u00a0\u00bbwithout_pattern\u00a0\u00bb background_color=\u00a0\u00bb#ffffff\u00a0\u00bb css=\u00a0\u00bb.vc_custom_1559903834472{background-color: #ffffff !important;}\u00a0\u00bb][vc_column css=\u00a0\u00bb.vc_custom_1559903957456{padding-right: 30px !important;padding-left: 30px !important;}\u00a0\u00bb][vc_empty_space height=\u00a0\u00bb80px\u00a0\u00bb][\/vc_column][\/vc_row]<\/p>\n","protected":false},"excerpt":{"rendered":"<p>[vc_row css_animation=\u00a0\u00bb\u00a0\u00bb row_type=\u00a0\u00bbrow\u00a0\u00bb use_row_as_full_screen_section=\u00a0\u00bbno\u00a0\u00bb type=\u00a0\u00bbfull_width\u00a0\u00bb angled_section=\u00a0\u00bbno\u00a0\u00bb text_align=\u00a0\u00bbleft\u00a0\u00bb background_image_as_pattern=\u00a0\u00bbwithout_pattern\u00a0\u00bb background_color=\u00a0\u00bb#f2f2f2&Prime; padding_top=\u00a0\u00bb0&Prime; css=\u00a0\u00bb.vc_custom_1493979476555{padding-right: 100px !important;padding-left: 100px !important;}\u00a0\u00bb][vc_column][vc_empty_space height=\u00a0\u00bb70px\u00a0\u00bb][vc_row_inner row_type=\u00a0\u00bbrow\u00a0\u00bb type=\u00a0\u00bbgrid\u00a0\u00bb text_align=\u00a0\u00bbleft\u00a0\u00bb css_animation=\u00a0\u00bb\u00a0\u00bb][vc_column_inner offset=\u00a0\u00bbvc_hidden-lg vc_hidden-md vc_hidden-sm vc_hidden-xs\u00a0\u00bb][vc_column_text] \u00a0&#8230;<\/p>\n","protected":false},"author":4,"featured_media":31439,"parent":0,"menu_order":0,"comment_status":"closed","ping_status":"closed","template":"full_width.php","meta":[],"yoast_head":"<!-- This site is optimized with the Yoast SEO plugin v16.0.2 - https:\/\/yoast.com\/wordpress\/plugins\/seo\/ -->\n<meta name=\"description\" content=\"Une large s\u00e9lection de poign\u00e9es pr\u00eates \u00e0 monter ainsi qu&#039;une gamme de produits sur mesure. Design, diam\u00e8tres, mati\u00e8re\" \/>\n<link rel=\"canonical\" href=\"https:\/\/www.comunello.com\/fr\/hext\/\" \/>\n<meta property=\"og:locale\" content=\"fr_FR\" \/>\n<meta property=\"og:type\" content=\"article\" \/>\n<meta property=\"og:title\" content=\"HEXT - Poign\u00e9es de tirage avec 50 ans d\u2019exp\u00e9rience\" \/>\n<meta property=\"og:description\" content=\"Une large s\u00e9lection de poign\u00e9es pr\u00eates \u00e0 monter ainsi qu&#039;une gamme de produits sur mesure. Design, diam\u00e8tres, mati\u00e8re\" \/>\n<meta property=\"og:url\" content=\"https:\/\/www.comunello.com\/fr\/hext\/\" \/>\n<meta property=\"og:site_name\" content=\"Fratelli COMUNELLO\" \/>\n<meta property=\"article:modified_time\" content=\"2021-03-30T15:23:17+00:00\" \/>\n<meta property=\"og:image\" content=\"https:\/\/www.comunello.com\/wp-content\/uploads\/2021\/03\/home-hext-A-NEW-COLOR-G-04-B.jpg\" \/>\n\t<meta property=\"og:image:width\" content=\"864\" \/>\n\t<meta property=\"og:image:height\" content=\"682\" \/>\n<meta name=\"twitter:card\" content=\"summary_large_image\" \/>\n<meta name=\"twitter:label1\" content=\"Dur\u00e9e de lecture est.\">\n\t<meta name=\"twitter:data1\" content=\"3 minutes\">\n<script type=\"application\/ld+json\" class=\"yoast-schema-graph\">{\"@context\":\"https:\/\/schema.org\",\"@graph\":[{\"@type\":\"WebSite\",\"@id\":\"https:\/\/www.comunello.com\/#website\",\"url\":\"https:\/\/www.comunello.com\/\",\"name\":\"Fratelli COMUNELLO\",\"description\":\"| Life Made Easy\",\"potentialAction\":[{\"@type\":\"SearchAction\",\"target\":\"https:\/\/www.comunello.com\/?s={search_term_string}\",\"query-input\":\"required name=search_term_string\"}],\"inLanguage\":\"fr-FR\"},{\"@type\":\"ImageObject\",\"@id\":\"https:\/\/www.comunello.com\/fr\/hext\/#primaryimage\",\"inLanguage\":\"fr-FR\",\"url\":\"https:\/\/www.comunello.com\/wp-content\/uploads\/2021\/03\/home-hext-A-NEW-COLOR-G-04-B.jpg\",\"width\":864,\"height\":682,\"caption\":\"home hext A NEW COLOR G 04 B\"},{\"@type\":\"WebPage\",\"@id\":\"https:\/\/www.comunello.com\/fr\/hext\/#webpage\",\"url\":\"https:\/\/www.comunello.com\/fr\/hext\/\",\"name\":\"HEXT - Poign\\u00e9es de tirage avec 50 ans d\\u2019exp\\u00e9rience\",\"isPartOf\":{\"@id\":\"https:\/\/www.comunello.com\/#website\"},\"primaryImageOfPage\":{\"@id\":\"https:\/\/www.comunello.com\/fr\/hext\/#primaryimage\"},\"datePublished\":\"2019-05-27T10:21:29+00:00\",\"dateModified\":\"2021-03-30T15:23:17+00:00\",\"description\":\"Une large s\\u00e9lection de poign\\u00e9es pr\\u00eates \\u00e0 monter ainsi qu'une gamme de produits sur mesure. Design, diam\\u00e8tres, mati\\u00e8re\",\"breadcrumb\":{\"@id\":\"https:\/\/www.comunello.com\/fr\/hext\/#breadcrumb\"},\"inLanguage\":\"fr-FR\",\"potentialAction\":[{\"@type\":\"ReadAction\",\"target\":[\"https:\/\/www.comunello.com\/fr\/hext\/\"]}]},{\"@type\":\"BreadcrumbList\",\"@id\":\"https:\/\/www.comunello.com\/fr\/hext\/#breadcrumb\",\"itemListElement\":[{\"@type\":\"ListItem\",\"position\":1,\"item\":{\"@type\":\"WebPage\",\"@id\":\"https:\/\/www.comunello.com\/fr\/\",\"url\":\"https:\/\/www.comunello.com\/fr\/\",\"name\":\"Home\"}},{\"@type\":\"ListItem\",\"position\":2,\"item\":{\"@type\":\"WebPage\",\"@id\":\"https:\/\/www.comunello.com\/fr\/hext\/\",\"url\":\"https:\/\/www.comunello.com\/fr\/hext\/\",\"name\":\"HEXT\"}}]}]}<\/script>\n<!-- \/ Yoast SEO plugin. -->","_links":{"self":[{"href":"https:\/\/www.comunello.com\/fr\/wp-json\/wp\/v2\/pages\/25112\/"}],"collection":[{"href":"https:\/\/www.comunello.com\/fr\/wp-json\/wp\/v2\/pages\/"}],"about":[{"href":"https:\/\/www.comunello.com\/fr\/wp-json\/wp\/v2\/types\/page\/"}],"author":[{"embeddable":true,"href":"https:\/\/www.comunello.com\/fr\/wp-json\/wp\/v2\/users\/4\/"}],"replies":[{"embeddable":true,"href":"https:\/\/www.comunello.com\/fr\/wp-json\/wp\/v2\/comments\/?post=25112"}],"version-history":[{"count":28,"href":"https:\/\/www.comunello.com\/fr\/wp-json\/wp\/v2\/pages\/25112\/revisions\/"}],"predecessor-version":[{"id":31440,"href":"https:\/\/www.comunello.com\/fr\/wp-json\/wp\/v2\/pages\/25112\/revisions\/31440\/"}],"wp:featuredmedia":[{"embeddable":true,"href":"https:\/\/www.comunello.com\/fr\/wp-json\/wp\/v2\/media\/31439\/"}],"wp:attachment":[{"href":"https:\/\/www.comunello.com\/fr\/wp-json\/wp\/v2\/media\/?parent=25112"}],"curies":[{"name":"wp","href":"https:\/\/api.w.org\/{rel}","templated":true}]}}