{"id":11229,"date":"2016-12-06T18:32:33","date_gmt":"2016-12-06T16:32:33","guid":{"rendered":"http:\/\/www.comunello.com\/fr\/?page_id=11229"},"modified":"2020-04-28T12:33:55","modified_gmt":"2020-04-28T10:33:55","slug":"control-units","status":"publish","type":"page","link":"https:\/\/www.comunello.com\/fr\/automation\/control-units\/","title":{"rendered":"AUTOMATION &#8211; Control Units"},"content":{"rendered":"<p>[vc_row row_type=\u00a0\u00bbrow\u00a0\u00bb use_row_as_full_screen_section=\u00a0\u00bbno\u00a0\u00bb type=\u00a0\u00bbfull_width\u00a0\u00bb angled_section=\u00a0\u00bbno\u00a0\u00bb text_align=\u00a0\u00bbleft\u00a0\u00bb background_image_as_pattern=\u00a0\u00bbwithout_pattern\u00a0\u00bb background_color=\u00a0\u00bb#ffffff\u00a0\u00bb padding_top=\u00a0\u00bb0&Prime; css_animation=\u00a0\u00bb\u00a0\u00bb][vc_column css=\u00a0\u00bb.vc_custom_1481126459305{padding-top: 20px !important;}\u00a0\u00bb][\/vc_column][\/vc_row][vc_row row_type=\u00a0\u00bbrow\u00a0\u00bb use_row_as_full_screen_section=\u00a0\u00bbno\u00a0\u00bb type=\u00a0\u00bbfull_width\u00a0\u00bb angled_section=\u00a0\u00bbno\u00a0\u00bb text_align=\u00a0\u00bbleft\u00a0\u00bb background_image_as_pattern=\u00a0\u00bbwithout_pattern\u00a0\u00bb background_color=\u00a0\u00bb#303030&Prime; padding_top=\u00a0\u00bb0&Prime; css_animation=\u00a0\u00bb\u00a0\u00bb][vc_column][vc_empty_space height=\u00a0\u00bb1px\u00a0\u00bb][\/vc_column][\/vc_row][vc_row row_type=\u00a0\u00bbrow\u00a0\u00bb use_row_as_full_screen_section=\u00a0\u00bbno\u00a0\u00bb type=\u00a0\u00bbgrid\u00a0\u00bb angled_section=\u00a0\u00bbno\u00a0\u00bb text_align=\u00a0\u00bbleft\u00a0\u00bb background_image_as_pattern=\u00a0\u00bbwithout_pattern\u00a0\u00bb background_color=\u00a0\u00bb#ffffff\u00a0\u00bb padding_top=\u00a0\u00bb0&Prime; css_animation=\u00a0\u00bb\u00a0\u00bb][vc_column][vc_empty_space height=\u00a0\u00bb100px\u00a0\u00bb][vc_column_text]<\/p>\n<h2 style=\"text-align: center;\"><img loading=\"lazy\" class=\"aligncenter\" src=\"\/media\/products\/automation\/elettronica_di_comando\/comunello-automation-elettronica_di_comando-icon.jpg\" alt=\"\" width=\"100\" height=\"63\" \/> CARTES DE COMMANDE &#8211; Pour savoir comment programmer les principales fonctions de mani\u00e8re rapide et intuitive, visionnez le programmation vid\u00e9o et configurez les param\u00e8tres d\u2019un seul clic.<\/h2>\n<p>[\/vc_column_text][vc_separator type=\u00a0\u00bbnormal\u00a0\u00bb transparency=\u00a0\u00bb0,1&Prime; up=\u00a0\u00bb25&Prime;][vc_empty_space height=\u00a0\u00bb100px\u00a0\u00bb][vc_raw_html]JTNDbGluayUyMGhyZWYlM0QlMjJodHRwcyUzQSUyRiUyRmZpbGUubXlmb250YXN0aWMuY29tJTJGTldXZUs5b1RRYTJ2YTVjQURVSEVpZSUyRmljb25zLmNzcyUyMiUyMHJlbCUzRCUyMnN0eWxlc2hlZXQlMjIlM0U=[\/vc_raw_html][\/vc_column][\/vc_row][vc_row row_type=\u00a0\u00bbrow\u00a0\u00bb use_row_as_full_screen_section=\u00a0\u00bbno\u00a0\u00bb type=\u00a0\u00bbfull_width\u00a0\u00bb angled_section=\u00a0\u00bbno\u00a0\u00bb text_align=\u00a0\u00bbleft\u00a0\u00bb background_image_as_pattern=\u00a0\u00bbwithout_pattern\u00a0\u00bb background_color=\u00a0\u00bb#ffffff\u00a0\u00bb padding_top=\u00a0\u00bb0&Prime; css_animation=\u00a0\u00bb\u00a0\u00bb css=\u00a0\u00bb.vc_custom_1475669546362{padding-right: 150px !important;padding-left: 150px !important;}\u00a0\u00bb el_class=\u00a0\u00bbschede_di_controllo\u00a0\u00bb][vc_column width=\u00a0\u00bb1\/2&Prime; offset=\u00a0\u00bbvc_hidden-md vc_hidden-sm vc_hidden-xs\u00a0\u00bb][vc_column_text css=\u00a0\u00bb.vc_custom_1507898403609{padding-bottom: 10px !important;}\u00a0\u00bb]<\/p>\n<h2 style=\"text-align: center;\">Vid\u00e9o de programmation<\/h2>\n<h2 style=\"text-align: center;\">PORTAIL COULISSANT<\/h2>\n<p>[\/vc_column_text][vc_row_inner row_type=\u00a0\u00bbrow\u00a0\u00bb type=\u00a0\u00bbfull_width\u00a0\u00bb text_align=\u00a0\u00bbleft\u00a0\u00bb css_animation=\u00a0\u00bb\u00a0\u00bb][vc_column_inner width=\u00a0\u00bb1\/2&Prime;][vc_single_image image=\u00a0\u00bb10597&Prime; img_size=\u00a0\u00bbfull\u00a0\u00bb alignment=\u00a0\u00bbright\u00a0\u00bb qode_css_animation=\u00a0\u00bb\u00a0\u00bb][\/vc_column_inner][vc_column_inner width=\u00a0\u00bb1\/2&Prime; css=\u00a0\u00bb.vc_custom_1475662947338{padding-top: 50px !important;}\u00a0\u00bb][vc_column_text]<\/p>\n<div style=\"position: relative; font-size: 24px;\">\n<p style=\"text-align: left;\"><a href=\"http:\/\/www.comunello.com\/fr\/automation\/cu_24v_1m\/\" target=\"_blank\" rel=\"noopener noreferrer\"><i class=\"fa fa-file-video-o\"><\/i> CU-24V-1M <\/a><\/p>\n<p>&nbsp;<\/p>\n<p style=\"text-align: left;\"><a href=\"http:\/\/www.comunello.com\/fr\/automation\/cu_230v_1m\/\" target=\"_blank\" rel=\"noopener noreferrer\"><i class=\"fa fa-file-video-o\"><\/i> CU-230V-1M <\/a><\/p>\n<p>&nbsp;<\/p>\n<p style=\"text-align: left;\"><a href=\"http:\/\/www.comunello.com\/fr\/automation\/hp-cu-24v-hp-1m\/\" target=\"_blank\" rel=\"noopener noreferrer\"><i class=\"fa fa-file-video-o\"><\/i> HP-24V-1M<\/a><\/p>\n<p>&nbsp;<\/p>\n<p style=\"text-align: left;\"><a href=\"http:\/\/www.comunello.com\/fr\/automation\/hp-cu-230v-hp-1m\/\" target=\"_blank\" rel=\"noopener noreferrer\"><i class=\"fa fa-file-video-o\"><\/i> HP-230V-1M <\/a><\/p>\n<\/div>\n<p>[\/vc_column_text][\/vc_column_inner][\/vc_row_inner][\/vc_column][vc_column width=\u00a0\u00bb1\/2&Prime; offset=\u00a0\u00bbvc_hidden-md vc_hidden-sm vc_hidden-xs\u00a0\u00bb][vc_column_text css=\u00a0\u00bb.vc_custom_1507898383971{padding-bottom: 10px !important;}\u00a0\u00bb]<\/p>\n<h2 style=\"text-align: center;\">Vid\u00e9o de programmation<\/h2>\n<h2 style=\"text-align: center;\">PORTAIL BATTANT<\/h2>\n<p>[\/vc_column_text][vc_row_inner row_type=\u00a0\u00bbrow\u00a0\u00bb type=\u00a0\u00bbfull_width\u00a0\u00bb text_align=\u00a0\u00bbleft\u00a0\u00bb css_animation=\u00a0\u00bb\u00a0\u00bb][vc_column_inner width=\u00a0\u00bb1\/2&Prime;][vc_single_image image=\u00a0\u00bb10585&Prime; img_size=\u00a0\u00bbfull\u00a0\u00bb alignment=\u00a0\u00bbright\u00a0\u00bb qode_css_animation=\u00a0\u00bb\u00a0\u00bb][\/vc_column_inner][vc_column_inner width=\u00a0\u00bb1\/2&Prime; css=\u00a0\u00bb.vc_custom_1475662953410{padding-top: 50px !important;}\u00a0\u00bb][vc_column_text]<\/p>\n<div style=\"position: relative; font-size: 24px;\">\n<p style=\"text-align: left;\"><a href=\"http:\/\/www.comunello.com\/fr\/automation\/cu_24v_2m\/\" target=\"_blank\" rel=\"noopener noreferrer\"><i class=\"fa fa-file-video-o\"><\/i> CU-24v-2M<\/a><\/p>\n<p>&nbsp;<\/p>\n<p style=\"text-align: left;\"><a href=\"http:\/\/www.comunello.com\/fr\/automation\/cu_230v_2m\/\" target=\"_blank\" rel=\"noopener noreferrer\"><i class=\"fa fa-file-video-o\"><\/i> CU-230v-2M<\/a><\/p>\n<p>&nbsp;<\/p>\n<p style=\"text-align: left;\"><a href=\"http:\/\/www.comunello.com\/fr\/automation\/hp-cu-24v-hp-2m\/\" target=\"_blank\" rel=\"noopener noreferrer\"><i class=\"fa fa-file-video-o\"><\/i> HP-24V-2M<\/a><\/p>\n<p>&nbsp;<\/p>\n<p style=\"text-align: left;\"><a href=\"http:\/\/www.comunello.com\/fr\/automation\/hp-cu-230v-hp-2m\/\" target=\"_blank\" rel=\"noopener noreferrer\"><i class=\"fa fa-file-video-o\"><\/i> HP-230V-2M<\/a><\/p>\n<\/div>\n<p>[\/vc_column_text][\/vc_column_inner][\/vc_row_inner][\/vc_column][\/vc_row][vc_row row_type=\u00a0\u00bbrow\u00a0\u00bb use_row_as_full_screen_section=\u00a0\u00bbno\u00a0\u00bb type=\u00a0\u00bbfull_width\u00a0\u00bb angled_section=\u00a0\u00bbno\u00a0\u00bb text_align=\u00a0\u00bbleft\u00a0\u00bb background_image_as_pattern=\u00a0\u00bbwithout_pattern\u00a0\u00bb background_color=\u00a0\u00bb#ffffff\u00a0\u00bb padding_top=\u00a0\u00bb0&Prime; css_animation=\u00a0\u00bb\u00a0\u00bb css=\u00a0\u00bb.vc_custom_1507898468036{padding-right: 10px !important;padding-left: 10px !important;}\u00a0\u00bb][vc_column width=\u00a0\u00bb1\/2&Prime; offset=\u00a0\u00bbvc_hidden-lg\u00a0\u00bb][vc_column_text css=\u00a0\u00bb.vc_custom_1507898403609{padding-bottom: 10px !important;}\u00a0\u00bb]<\/p>\n<h2 style=\"text-align: center;\">Vid\u00e9o de programmation<\/h2>\n<h2 style=\"text-align: center;\">PORTAIL COULISSANT<\/h2>\n<p>[\/vc_column_text][vc_row_inner row_type=\u00a0\u00bbrow\u00a0\u00bb type=\u00a0\u00bbfull_width\u00a0\u00bb text_align=\u00a0\u00bbleft\u00a0\u00bb css_animation=\u00a0\u00bb\u00a0\u00bb][vc_column_inner][vc_single_image image=\u00a0\u00bb10597&Prime; img_size=\u00a0\u00bbfull\u00a0\u00bb alignment=\u00a0\u00bbright\u00a0\u00bb qode_css_animation=\u00a0\u00bb\u00a0\u00bb][\/vc_column_inner][\/vc_row_inner][vc_column_text]<\/p>\n<div style=\"position: relative; font-size: 24px;\">\n<p style=\"text-align: center;\"><a href=\"http:\/\/www.comunello.com\/fr\/automation\/cu_24v_1m\/\" target=\"_blank\" rel=\"noopener noreferrer\"><i class=\"fa fa-file-video-o\"><\/i> CU-24V-1M <\/a><\/p>\n<p>&nbsp;<\/p>\n<p style=\"text-align: center;\"><a href=\"http:\/\/www.comunello.com\/fr\/automation\/cu_230v_1m\/\" target=\"_blank\" rel=\"noopener noreferrer\"><i class=\"fa fa-file-video-o\"><\/i> CU-230V-1M <\/a><\/p>\n<p>&nbsp;<\/p>\n<p style=\"text-align: center;\"><a href=\"http:\/\/www.comunello.com\/fr\/automation\/hp-cu-24v-hp-1m\/\" target=\"_blank\" rel=\"noopener noreferrer\"><i class=\"fa fa-file-video-o\"><\/i> HP-24V-1M<\/a><\/p>\n<p>&nbsp;<\/p>\n<p style=\"text-align: center;\"><a href=\"http:\/\/www.comunello.com\/fr\/automation\/hp-cu-230v-hp-1m\/\" target=\"_blank\" rel=\"noopener noreferrer\"><i class=\"fa fa-file-video-o\"><\/i> HP-230V-1M <\/a><\/p>\n<\/div>\n<p>[\/vc_column_text][vc_separator type=\u00a0\u00bbnormal\u00a0\u00bb transparency=\u00a0\u00bb0,1&Prime; up=\u00a0\u00bb50&Prime; down=\u00a0\u00bb50&Prime;][\/vc_column][vc_column width=\u00a0\u00bb1\/2&Prime; offset=\u00a0\u00bbvc_hidden-lg\u00a0\u00bb][vc_column_text css=\u00a0\u00bb.vc_custom_1507898383971{padding-bottom: 10px !important;}\u00a0\u00bb]<\/p>\n<h2 style=\"text-align: center;\">Vid\u00e9o de programmation<\/h2>\n<h2 style=\"text-align: center;\">PORTAIL BATTANT<\/h2>\n<p>[\/vc_column_text][vc_row_inner row_type=\u00a0\u00bbrow\u00a0\u00bb type=\u00a0\u00bbfull_width\u00a0\u00bb text_align=\u00a0\u00bbleft\u00a0\u00bb css_animation=\u00a0\u00bb\u00a0\u00bb][vc_column_inner][vc_single_image image=\u00a0\u00bb10585&Prime; img_size=\u00a0\u00bbfull\u00a0\u00bb alignment=\u00a0\u00bbright\u00a0\u00bb qode_css_animation=\u00a0\u00bb\u00a0\u00bb][vc_column_text]<\/p>\n<div style=\"position: relative; font-size: 24px;\">\n<p style=\"text-align: center;\"><a href=\"http:\/\/www.comunello.com\/fr\/automation\/cu_24v_2m\/\" target=\"_blank\" rel=\"noopener noreferrer\"><i class=\"fa fa-file-video-o\"><\/i> CU-24v-2M<\/a><\/p>\n<p>&nbsp;<\/p>\n<p style=\"text-align: center;\"><a href=\"http:\/\/www.comunello.com\/fr\/automation\/cu_230v_2m\/\" target=\"_blank\" rel=\"noopener noreferrer\"><i class=\"fa fa-file-video-o\"><\/i> CU-230v-2M<\/a><\/p>\n<p>&nbsp;<\/p>\n<p style=\"text-align: center;\"><a href=\"http:\/\/www.comunello.com\/fr\/automation\/hp-cu-24v-hp-2m\/\" target=\"_blank\" rel=\"noopener noreferrer\"><i class=\"fa fa-file-video-o\"><\/i> HP-24V-2M<\/a><\/p>\n<p>&nbsp;<\/p>\n<p style=\"text-align: center;\"><a href=\"http:\/\/www.comunello.com\/fr\/automation\/hp-cu-230v-hp-2m\/\" target=\"_blank\" rel=\"noopener noreferrer\"><i class=\"fa fa-file-video-o\"><\/i> HP-230V-2M<\/a><\/p>\n<\/div>\n<p>[\/vc_column_text][\/vc_column_inner][\/vc_row_inner][vc_separator type=\u00a0\u00bbnormal\u00a0\u00bb transparency=\u00a0\u00bb0,1&Prime; up=\u00a0\u00bb50&Prime; down=\u00a0\u00bb50&Prime;][\/vc_column][\/vc_row][vc_row row_type=\u00a0\u00bbrow\u00a0\u00bb use_row_as_full_screen_section=\u00a0\u00bbno\u00a0\u00bb type=\u00a0\u00bbfull_width\u00a0\u00bb angled_section=\u00a0\u00bbno\u00a0\u00bb text_align=\u00a0\u00bbleft\u00a0\u00bb background_image_as_pattern=\u00a0\u00bbwithout_pattern\u00a0\u00bb background_color=\u00a0\u00bb#ffffff\u00a0\u00bb padding_top=\u00a0\u00bb0&Prime; css_animation=\u00a0\u00bb\u00a0\u00bb css=\u00a0\u00bb.vc_custom_1475669552365{padding-top: 100px !important;padding-right: 150px !important;padding-left: 150px !important;}\u00a0\u00bb el_class=\u00a0\u00bbschede_di_controllo\u00a0\u00bb][vc_column width=\u00a0\u00bb1\/4&Prime; offset=\u00a0\u00bbvc_hidden-md vc_hidden-sm vc_hidden-xs\u00a0\u00bb][\/vc_column][vc_column width=\u00a0\u00bb1\/2&Prime; offset=\u00a0\u00bbvc_hidden-md vc_hidden-sm vc_hidden-xs\u00a0\u00bb][vc_column_text css=\u00a0\u00bb.vc_custom_1507898441566{padding-bottom: 10px !important;}\u00a0\u00bb]<\/p>\n<h2 style=\"text-align: center;\">Vid\u00e9o de programmation<\/h2>\n<h2 style=\"text-align: center;\">BARRI\u00c8RES ROUTI\u00c8RES<\/h2>\n<p>[\/vc_column_text][vc_row_inner row_type=\u00a0\u00bbrow\u00a0\u00bb type=\u00a0\u00bbfull_width\u00a0\u00bb text_align=\u00a0\u00bbleft\u00a0\u00bb css_animation=\u00a0\u00bb\u00a0\u00bb][vc_column_inner width=\u00a0\u00bb1\/2&Prime;][vc_single_image image=\u00a0\u00bb10628&Prime; img_size=\u00a0\u00bbfull\u00a0\u00bb alignment=\u00a0\u00bbright\u00a0\u00bb qode_css_animation=\u00a0\u00bb\u00a0\u00bb][\/vc_column_inner][vc_column_inner width=\u00a0\u00bb1\/2&Prime; css=\u00a0\u00bb.vc_custom_1475662953410{padding-top: 50px !important;}\u00a0\u00bb][vc_column_text]<\/p>\n<div style=\"position: relative; font-size: 24px;\">\n<p style=\"text-align: left;\"><a href=\"http:\/\/www.comunello.com\/fr\/automation\/cu_24v_lt\/\" target=\"_blank\" rel=\"noopener noreferrer\"><i class=\"fa fa-file-video-o\"><\/i> CU-24V-LT<\/a><\/p>\n<p>&nbsp;<\/p>\n<\/div>\n<p>[\/vc_column_text][\/vc_column_inner][\/vc_row_inner][\/vc_column][vc_column width=\u00a0\u00bb1\/4&Prime; offset=\u00a0\u00bbvc_hidden-md vc_hidden-sm vc_hidden-xs\u00a0\u00bb][\/vc_column][\/vc_row][vc_row row_type=\u00a0\u00bbrow\u00a0\u00bb use_row_as_full_screen_section=\u00a0\u00bbno\u00a0\u00bb type=\u00a0\u00bbfull_width\u00a0\u00bb angled_section=\u00a0\u00bbno\u00a0\u00bb text_align=\u00a0\u00bbleft\u00a0\u00bb background_image_as_pattern=\u00a0\u00bbwithout_pattern\u00a0\u00bb background_color=\u00a0\u00bb#ffffff\u00a0\u00bb padding_top=\u00a0\u00bb0&Prime; css_animation=\u00a0\u00bb\u00a0\u00bb css=\u00a0\u00bb.vc_custom_1507898475642{padding-right: 10px !important;padding-left: 10px !important;}\u00a0\u00bb][vc_column width=\u00a0\u00bb1\/4&Prime; offset=\u00a0\u00bbvc_hidden-lg\u00a0\u00bb][\/vc_column][vc_column width=\u00a0\u00bb1\/2&Prime; offset=\u00a0\u00bbvc_hidden-lg\u00a0\u00bb][vc_column_text css=\u00a0\u00bb.vc_custom_1507898441566{padding-bottom: 10px !important;}\u00a0\u00bb]<\/p>\n<h2 style=\"text-align: center;\">Vid\u00e9o de programmation<\/h2>\n<h2 style=\"text-align: center;\">BARRI\u00c8RES ROUTI\u00c8RES<\/h2>\n<p>[\/vc_column_text][vc_row_inner row_type=\u00a0\u00bbrow\u00a0\u00bb type=\u00a0\u00bbfull_width\u00a0\u00bb text_align=\u00a0\u00bbleft\u00a0\u00bb css_animation=\u00a0\u00bb\u00a0\u00bb][vc_column_inner][vc_single_image image=\u00a0\u00bb10628&Prime; img_size=\u00a0\u00bbfull\u00a0\u00bb alignment=\u00a0\u00bbright\u00a0\u00bb qode_css_animation=\u00a0\u00bb\u00a0\u00bb][vc_column_text]<\/p>\n<div style=\"position: relative; font-size: 24px;\">\n<p style=\"text-align: center;\"><a href=\"http:\/\/www.comunello.com\/fr\/automation\/cu_24v_lt\/\" target=\"_blank\" rel=\"noopener noreferrer\"><i class=\"fa fa-file-video-o\"><\/i> CU-24V-LT<\/a><\/p>\n<p>&nbsp;<\/p>\n<\/div>\n<p>[\/vc_column_text][vc_separator type=\u00a0\u00bbnormal\u00a0\u00bb transparency=\u00a0\u00bb0,1&Prime; up=\u00a0\u00bb50&Prime;][\/vc_column_inner][\/vc_row_inner][\/vc_column][vc_column width=\u00a0\u00bb1\/4&Prime; offset=\u00a0\u00bbvc_hidden-lg\u00a0\u00bb][\/vc_column][\/vc_row][vc_row row_type=\u00a0\u00bbrow\u00a0\u00bb use_row_as_full_screen_section=\u00a0\u00bbno\u00a0\u00bb type=\u00a0\u00bbgrid\u00a0\u00bb angled_section=\u00a0\u00bbno\u00a0\u00bb text_align=\u00a0\u00bbleft\u00a0\u00bb background_image_as_pattern=\u00a0\u00bbwithout_pattern\u00a0\u00bb background_color=\u00a0\u00bb#ffffff\u00a0\u00bb padding_top=\u00a0\u00bb0&Prime; css_animation=\u00a0\u00bb\u00a0\u00bb][vc_column][vc_empty_space height=\u00a0\u00bb100px\u00a0\u00bb][\/vc_column][\/vc_row][vc_row row_type=\u00a0\u00bbrow\u00a0\u00bb use_row_as_full_screen_section=\u00a0\u00bbno\u00a0\u00bb type=\u00a0\u00bbgrid\u00a0\u00bb angled_section=\u00a0\u00bbno\u00a0\u00bb text_align=\u00a0\u00bbleft\u00a0\u00bb background_image_as_pattern=\u00a0\u00bbwithout_pattern\u00a0\u00bb background_color=\u00a0\u00bb#efefef\u00a0\u00bb padding_top=\u00a0\u00bb0&Prime; css_animation=\u00a0\u00bb\u00a0\u00bb][vc_column][vc_empty_space height=\u00a0\u00bb100px\u00a0\u00bb][\/vc_column][\/vc_row]<\/p>\n","protected":false},"excerpt":{"rendered":"<p>[vc_row row_type=\u00a0\u00bbrow\u00a0\u00bb use_row_as_full_screen_section=\u00a0\u00bbno\u00a0\u00bb type=\u00a0\u00bbfull_width\u00a0\u00bb angled_section=\u00a0\u00bbno\u00a0\u00bb text_align=\u00a0\u00bbleft\u00a0\u00bb background_image_as_pattern=\u00a0\u00bbwithout_pattern\u00a0\u00bb background_color=\u00a0\u00bb#ffffff\u00a0\u00bb padding_top=\u00a0\u00bb0&Prime; css_animation=\u00a0\u00bb\u00a0\u00bb][vc_column css=\u00a0\u00bb.vc_custom_1481126459305{padding-top: 20px !important;}\u00a0\u00bb][\/vc_column][\/vc_row][vc_row row_type=\u00a0\u00bbrow\u00a0\u00bb use_row_as_full_screen_section=\u00a0\u00bbno\u00a0\u00bb type=\u00a0\u00bbfull_width\u00a0\u00bb angled_section=\u00a0\u00bbno\u00a0\u00bb text_align=\u00a0\u00bbleft\u00a0\u00bb background_image_as_pattern=\u00a0\u00bbwithout_pattern\u00a0\u00bb background_color=\u00a0\u00bb#303030&Prime; padding_top=\u00a0\u00bb0&Prime; css_animation=\u00a0\u00bb\u00a0\u00bb][vc_column][vc_empty_space height=\u00a0\u00bb1px\u00a0\u00bb][\/vc_column][\/vc_row][vc_row row_type=\u00a0\u00bbrow\u00a0\u00bb use_row_as_full_screen_section=\u00a0\u00bbno\u00a0\u00bb&#8230;<\/p>\n","protected":false},"author":1,"featured_media":0,"parent":5403,"menu_order":0,"comment_status":"closed","ping_status":"closed","template":"full_width.php","meta":[],"yoast_head":"<!-- This site is optimized with the Yoast SEO plugin v16.0.2 - https:\/\/yoast.com\/wordpress\/plugins\/seo\/ -->\n<link rel=\"canonical\" href=\"https:\/\/www.comunello.com\/fr\/automation\/control-units\/\" \/>\n<meta property=\"og:locale\" content=\"fr_FR\" \/>\n<meta property=\"og:type\" content=\"article\" \/>\n<meta property=\"og:title\" content=\"AUTOMATION - Control Units - Fratelli COMUNELLO\" \/>\n<meta property=\"og:description\" content=\"[vc_row row_type=\u00a0\u00bbrow\u00a0\u00bb use_row_as_full_screen_section=\u00a0\u00bbno\u00a0\u00bb type=\u00a0\u00bbfull_width\u00a0\u00bb angled_section=\u00a0\u00bbno\u00a0\u00bb text_align=\u00a0\u00bbleft\u00a0\u00bb background_image_as_pattern=\u00a0\u00bbwithout_pattern\u00a0\u00bb background_color=\u00a0\u00bb#ffffff\u00a0\u00bb padding_top=\u00a0\u00bb0&Prime; css_animation=\u00a0\u00bb\u00a0\u00bb][vc_column css=\u00a0\u00bb.vc_custom_1481126459305{padding-top: 20px !important;}\u00a0\u00bb][\/vc_column][\/vc_row][vc_row row_type=\u00a0\u00bbrow\u00a0\u00bb use_row_as_full_screen_section=\u00a0\u00bbno\u00a0\u00bb type=\u00a0\u00bbfull_width\u00a0\u00bb angled_section=\u00a0\u00bbno\u00a0\u00bb text_align=\u00a0\u00bbleft\u00a0\u00bb background_image_as_pattern=\u00a0\u00bbwithout_pattern\u00a0\u00bb background_color=\u00a0\u00bb#303030&Prime; padding_top=\u00a0\u00bb0&Prime; css_animation=\u00a0\u00bb\u00a0\u00bb][vc_column][vc_empty_space height=\u00a0\u00bb1px\u00a0\u00bb][\/vc_column][\/vc_row][vc_row row_type=\u00a0\u00bbrow\u00a0\u00bb use_row_as_full_screen_section=\u00a0\u00bbno\u00a0\u00bb...\" \/>\n<meta property=\"og:url\" content=\"https:\/\/www.comunello.com\/fr\/automation\/control-units\/\" \/>\n<meta property=\"og:site_name\" content=\"Fratelli COMUNELLO\" \/>\n<meta property=\"article:modified_time\" content=\"2020-04-28T10:33:55+00:00\" \/>\n<meta property=\"og:image\" content=\"https:\/\/www.comunello.com\/media\/products\/automation\/elettronica_di_comando\/comunello-automation-elettronica_di_comando-icon.jpg\" \/>\n<meta name=\"twitter:card\" content=\"summary_large_image\" \/>\n<meta name=\"twitter:label1\" content=\"Dur\u00e9e de lecture est.\">\n\t<meta name=\"twitter:data1\" content=\"5 minutes\">\n<script type=\"application\/ld+json\" class=\"yoast-schema-graph\">{\"@context\":\"https:\/\/schema.org\",\"@graph\":[{\"@type\":\"WebSite\",\"@id\":\"https:\/\/www.comunello.com\/#website\",\"url\":\"https:\/\/www.comunello.com\/\",\"name\":\"Fratelli COMUNELLO\",\"description\":\"| Life Made Easy\",\"potentialAction\":[{\"@type\":\"SearchAction\",\"target\":\"https:\/\/www.comunello.com\/?s={search_term_string}\",\"query-input\":\"required name=search_term_string\"}],\"inLanguage\":\"fr-FR\"},{\"@type\":\"ImageObject\",\"@id\":\"https:\/\/www.comunello.com\/fr\/automation\/control-units\/#primaryimage\",\"inLanguage\":\"fr-FR\",\"url\":\"\/media\/products\/automation\/elettronica_di_comando\/comunello-automation-elettronica_di_comando-icon.jpg\"},{\"@type\":\"WebPage\",\"@id\":\"https:\/\/www.comunello.com\/fr\/automation\/control-units\/#webpage\",\"url\":\"https:\/\/www.comunello.com\/fr\/automation\/control-units\/\",\"name\":\"AUTOMATION - Control Units - Fratelli COMUNELLO\",\"isPartOf\":{\"@id\":\"https:\/\/www.comunello.com\/#website\"},\"primaryImageOfPage\":{\"@id\":\"https:\/\/www.comunello.com\/fr\/automation\/control-units\/#primaryimage\"},\"datePublished\":\"2016-12-06T16:32:33+00:00\",\"dateModified\":\"2020-04-28T10:33:55+00:00\",\"breadcrumb\":{\"@id\":\"https:\/\/www.comunello.com\/fr\/automation\/control-units\/#breadcrumb\"},\"inLanguage\":\"fr-FR\",\"potentialAction\":[{\"@type\":\"ReadAction\",\"target\":[\"https:\/\/www.comunello.com\/fr\/automation\/control-units\/\"]}]},{\"@type\":\"BreadcrumbList\",\"@id\":\"https:\/\/www.comunello.com\/fr\/automation\/control-units\/#breadcrumb\",\"itemListElement\":[{\"@type\":\"ListItem\",\"position\":1,\"item\":{\"@type\":\"WebPage\",\"@id\":\"https:\/\/www.comunello.com\/fr\/\",\"url\":\"https:\/\/www.comunello.com\/fr\/\",\"name\":\"Home\"}},{\"@type\":\"ListItem\",\"position\":2,\"item\":{\"@type\":\"WebPage\",\"@id\":\"https:\/\/www.comunello.com\/fr\/automation\/\",\"url\":\"https:\/\/www.comunello.com\/fr\/automation\/\",\"name\":\"AUTOMATION\"}},{\"@type\":\"ListItem\",\"position\":3,\"item\":{\"@type\":\"WebPage\",\"@id\":\"https:\/\/www.comunello.com\/fr\/automation\/control-units\/\",\"url\":\"https:\/\/www.comunello.com\/fr\/automation\/control-units\/\",\"name\":\"AUTOMATION &#8211; Control Units\"}}]}]}<\/script>\n<!-- \/ Yoast SEO plugin. -->","_links":{"self":[{"href":"https:\/\/www.comunello.com\/fr\/wp-json\/wp\/v2\/pages\/11229\/"}],"collection":[{"href":"https:\/\/www.comunello.com\/fr\/wp-json\/wp\/v2\/pages\/"}],"about":[{"href":"https:\/\/www.comunello.com\/fr\/wp-json\/wp\/v2\/types\/page\/"}],"author":[{"embeddable":true,"href":"https:\/\/www.comunello.com\/fr\/wp-json\/wp\/v2\/users\/1\/"}],"replies":[{"embeddable":true,"href":"https:\/\/www.comunello.com\/fr\/wp-json\/wp\/v2\/comments\/?post=11229"}],"version-history":[{"count":19,"href":"https:\/\/www.comunello.com\/fr\/wp-json\/wp\/v2\/pages\/11229\/revisions\/"}],"predecessor-version":[{"id":27986,"href":"https:\/\/www.comunello.com\/fr\/wp-json\/wp\/v2\/pages\/11229\/revisions\/27986\/"}],"up":[{"embeddable":true,"href":"https:\/\/www.comunello.com\/fr\/wp-json\/wp\/v2\/pages\/5403\/"}],"wp:attachment":[{"href":"https:\/\/www.comunello.com\/fr\/wp-json\/wp\/v2\/media\/?parent=11229"}],"curies":[{"name":"wp","href":"https:\/\/api.w.org\/{rel}","templated":true}]}}