{"id":3638,"date":"2014-12-10T18:31:11","date_gmt":"2014-12-10T18:31:11","guid":{"rendered":"http:\/\/www.comunello.com\/frame\/quality\/"},"modified":"2019-09-11T11:05:01","modified_gmt":"2019-09-11T09:05:01","slug":"quality","status":"publish","type":"page","link":"https:\/\/www.comunello.com\/es\/frame\/quality\/","title":{"rendered":"FRAME Qualit\u00e0"},"content":{"rendered":"<p>[vc_row row_type=&#8221;row&#8221; use_row_as_full_screen_section=&#8221;no&#8221; type=&#8221;full_width&#8221; angled_section=&#8221;no&#8221; text_align=&#8221;center&#8221; background_image=&#8221;15232&#8243; background_image_as_pattern=&#8221;without_pattern&#8221; border_color=&#8221;#919191&#8243; css_animation=&#8221;&#8221;][vc_column][vc_empty_space height=&#8221;300px&#8221;][\/vc_column][\/vc_row][vc_row row_type=&#8221;row&#8221; use_row_as_full_screen_section=&#8221;no&#8221; type=&#8221;grid&#8221; angled_section=&#8221;no&#8221; text_align=&#8221;center&#8221; background_image_as_pattern=&#8221;without_pattern&#8221; background_color=&#8221;#ffffff&#8221; css_animation=&#8221;&#8221; css=&#8221;.vc_custom_1490369294730{background-color: #ffffff !important;}&#8221;][vc_column][vc_empty_space height=&#8221;60px&#8221;][vc_empty_space height=&#8221;60px&#8221;][vc_column_text]<\/p>\n<p style=\"text-align: center; font-family: helvth; font-size: 42px; line-height: 42px;\">CALIDAD, SEGURIDAD Y RESPETO<\/p>\n<p>[\/vc_column_text][\/vc_column][\/vc_row][vc_row row_type=&#8221;row&#8221; use_row_as_full_screen_section=&#8221;no&#8221; type=&#8221;full_width&#8221; angled_section=&#8221;no&#8221; text_align=&#8221;center&#8221; background_image_as_pattern=&#8221;without_pattern&#8221; background_color=&#8221;#ffffff&#8221; css_animation=&#8221;&#8221; css=&#8221;.vc_custom_1491818960772{background-color: #ffffff !important;}&#8221;][vc_column][vc_separator type=&#8221;normal&#8221; color=&#8221;#adadad&#8221; up=&#8221;5&#8243; down=&#8221;-4&#8243;][\/vc_column][\/vc_row][vc_row row_type=&#8221;row&#8221; use_row_as_full_screen_section=&#8221;no&#8221; type=&#8221;grid&#8221; angled_section=&#8221;no&#8221; text_align=&#8221;center&#8221; background_image_as_pattern=&#8221;without_pattern&#8221; background_color=&#8221;#ffffff&#8221; css_animation=&#8221;&#8221; css=&#8221;.vc_custom_1491826070100{background-color: #ffffff !important;}&#8221;][vc_column el_class=&#8221;testo_az&#8221;][vc_empty_space][vc_column_text el_class=&#8221;test_one_page&#8221;]La empresa se preocupa del medio ambiente y de todo aquello referente a la seguridad en el trabajo y la protecci\u00f3n de la salud de todos sus trabajadores. Adem\u00e1s, para una mayor garant\u00eda y control de la calidad del producto, la Empresa implementa un sistema de gesti\u00f3n de conformidad con las norma UNI EN ISO 9001:2015 certificado por T\u00fcv S\u00fcd.[\/vc_column_text][vc_empty_space height=&#8221;60px&#8221;][\/vc_column][\/vc_row][vc_row row_type=&#8221;row&#8221; use_row_as_full_screen_section=&#8221;no&#8221; type=&#8221;grid&#8221; angled_section=&#8221;no&#8221; text_align=&#8221;center&#8221; background_image_as_pattern=&#8221;without_pattern&#8221; padding_top=&#8221;20&#8243; css_animation=&#8221;&#8221; css=&#8221;.vc_custom_1496139770950{background-color: #ffffff !important;}&#8221;][vc_column width=&#8221;1\/3&#8243; css=&#8221;.vc_custom_1491554102424{padding-right: 0px !important;}&#8221;][vc_empty_space height=&#8221;18px&#8221;][vc_single_image image=&#8221;15221&#8243; img_size=&#8221;&#8221; alignment=&#8221;right&#8221; qode_css_animation=&#8221;&#8221; el_class=&#8221;organ_im&#8221;][\/vc_column][vc_column width=&#8221;2\/3&#8243; el_class=&#8221;col_org&#8221; css=&#8221;.vc_custom_1496140074098{padding-left: 0px !important;}&#8221;][vc_empty_space height=&#8221;12px&#8221;][vc_column_text el_class=&#8221;org_titolo&#8221;]<\/p>\n<h1 class=\"h_corp_1\" style=\"text-align: left;\">EL VALOR DE LA CALIDAD<\/h1>\n<p>[\/vc_column_text][vc_separator type=&#8221;normal&#8221; color=&#8221;#9f9f9f&#8221; el_class=&#8221;org_linea&#8221;][vc_column_text css=&#8221;.vc_custom_1497280272416{padding-top: 10px !important;}&#8221; el_class=&#8221;org_titolo&#8221;]El principio detr\u00e1s de la misi\u00f3n de la empresa es la b\u00fasqueda de la calidad absoluta.[\/vc_column_text][vc_column_text css=&#8221;.vc_custom_1497281674654{padding-top: 10px !important;}&#8221; el_class=&#8221;org_titolo&#8221;]<\/p>\n<ul>\n<li>CALIDAD EN LOS MATERIALES<\/li>\n<li>CALIDAD EN EL ESTUDIO<\/li>\n<li>CALIDAD EN EL DISE\u00d1O<\/li>\n<li>CALIDAD EN LAS INVERSIONES<\/li>\n<li>CALIDAD EN EL PROCESO<\/li>\n<li>CALIDAD EN EL SERVICIO<\/li>\n<\/ul>\n<p>[\/vc_column_text][vc_empty_space][vc_empty_space][\/vc_column][\/vc_row][vc_row row_type=&#8221;row&#8221; use_row_as_full_screen_section=&#8221;no&#8221; type=&#8221;grid&#8221; angled_section=&#8221;no&#8221; text_align=&#8221;center&#8221; background_image_as_pattern=&#8221;without_pattern&#8221; padding_top=&#8221;20&#8243; css_animation=&#8221;&#8221; css=&#8221;.vc_custom_1491554461487{background-color: #ffffff !important;}&#8221;][vc_column width=&#8221;1\/3&#8243; css=&#8221;.vc_custom_1491554102424{padding-right: 0px !important;}&#8221;][vc_empty_space height=&#8221;18px&#8221;][vc_single_image image=&#8221;13815&#8243; img_size=&#8221;&#8221; alignment=&#8221;right&#8221; qode_css_animation=&#8221;&#8221; el_class=&#8221;organ_im&#8221;][\/vc_column][vc_column width=&#8221;2\/3&#8243; css=&#8221;.vc_custom_1496140078168{padding-left: 0px !important;}&#8221; el_class=&#8221;col_org&#8221;][vc_empty_space height=&#8221;12px&#8221;][vc_column_text el_class=&#8221;org_titolo&#8221;]<\/p>\n<h1 class=\"h_corp_1\" style=\"text-align: left;\">Certificaciones<\/h1>\n<p>[\/vc_column_text][vc_separator type=&#8221;normal&#8221; color=&#8221;#9f9f9f&#8221; el_class=&#8221;org_linea&#8221;][vc_column_text css=&#8221;.vc_custom_1529482116379{padding-top: 10px !important;}&#8221; el_class=&#8221;org_titolo&#8221;]Sistema de gesti\u00f3n de conformidad con UNI EN ISO 9001:2015 certificado por T\u00dcV S\u00fcd.[\/vc_column_text][vc_column_text css=&#8221;.vc_custom_1497280853836{padding-top: 10px !important;}&#8221; el_class=&#8221;org_titolo&#8221;]<\/p>\n<ul>\n<li>RESPETO AL MEDIO AMBIENTE<\/li>\n<li>SEGURIDAD EN EL TRABAJO<\/li>\n<li>SALUD DE LOS TRABAJADORES<\/li>\n<\/ul>\n<p>[\/vc_column_text][vc_empty_space][vc_empty_space][\/vc_column][\/vc_row][vc_row row_type=&#8221;row&#8221; use_row_as_full_screen_section=&#8221;no&#8221; type=&#8221;full_width&#8221; angled_section=&#8221;no&#8221; text_align=&#8221;center&#8221; background_image_as_pattern=&#8221;without_pattern&#8221; border_color=&#8221;#303030&#8243; css_animation=&#8221;&#8221; css=&#8221;.vc_custom_1491483971172{background-color: #ffffff !important;}&#8221;][vc_column][vc_empty_space height=&#8221;60px&#8221;][\/vc_column][\/vc_row][vc_row row_type=&#8221;row&#8221; use_row_as_full_screen_section=&#8221;no&#8221; type=&#8221;full_width&#8221; angled_section=&#8221;no&#8221; text_align=&#8221;center&#8221; background_image_as_pattern=&#8221;without_pattern&#8221; background_color=&#8221;#ffffff&#8221; padding_top=&#8221;0&#8243; padding_bottom=&#8221;50&#8243; css_animation=&#8221;&#8221; css=&#8221;.vc_custom_1495536699250{background-color: #262626 !important;}&#8221;][vc_column][vc_empty_space][vc_empty_space][vc_column_text]<\/p>\n<p class=\"titoletto_divisioneb\" style=\"color: #ffffff;\">Certificado y Formulario<\/p>\n<p>[\/vc_column_text][vc_empty_space][vc_row_inner row_type=&#8221;row&#8221; type=&#8221;grid&#8221; text_align=&#8221;left&#8221; css_animation=&#8221;&#8221;][vc_column_inner width=&#8221;1\/2&#8243;][vc_column_text css=&#8221;.vc_custom_1499266035240{padding-left: 150px !important;}&#8221;]<\/p>\n<p class=\"pdf_catologo\" style=\"text-align: center;\"><a href=\"http:\/\/www.comunello.com\/media\/corporate\/comunello_iso9001.pdf\" target=\"\u201d_blank\u201d\">\u00a0<img loading=\"lazy\" class=\"alignnone size-full wp-image-12926\" style=\"position: relative; top: 5px;\" src=\"http:\/\/www.comunello.com\/wp-content\/uploads\/2017\/03\/pdf_icon_40.png\" alt=\"pdf_icon_40\" width=\"30\" height=\"30\" srcset=\"https:\/\/www.comunello.com\/wp-content\/uploads\/2017\/03\/pdf_icon_40.png 40w, https:\/\/www.comunello.com\/wp-content\/uploads\/2017\/03\/pdf_icon_40-27x27.png 27w\" sizes=\"(max-width: 30px) 100vw, 30px\" \/> Certificado ISO 9001<\/a><\/p>\n<p>[\/vc_column_text][\/vc_column_inner][vc_column_inner width=&#8221;1\/2&#8243; css=&#8221;.vc_custom_1496222103825{padding-right: 150px !important;}&#8221;][vc_column_text]<\/p>\n<p class=\"pdf_catologo\" style=\"text-align: center;\"><a href=\"http:\/\/www.comunello.com\/es\/corporate\/customer-satisfaction\/\" target=\"_blank\">\u00a0<img loading=\"lazy\" class=\"alignnone size-full wp-image-12926\" style=\"position: relative; top: 5px;\" src=\"http:\/\/www.comunello.com\/wp-content\/uploads\/2017\/04\/form_icon_40.png\" alt=\"pdf_icon_40\" width=\"30\" height=\"30\" \/> Customer Satisfaction Formulario<\/a><\/p>\n<p>[\/vc_column_text][\/vc_column_inner][\/vc_row_inner][vc_empty_space][\/vc_column][\/vc_row][vc_row row_type=&#8221;row&#8221; use_row_as_full_screen_section=&#8221;no&#8221; type=&#8221;grid&#8221; angled_section=&#8221;no&#8221; text_align=&#8221;left&#8221; background_image_as_pattern=&#8221;without_pattern&#8221; background_color=&#8221;#ffffff&#8221; css_animation=&#8221;&#8221;][vc_column][vc_empty_space height=&#8221;8px&#8221;][\/vc_column][\/vc_row]<\/p>\n","protected":false},"excerpt":{"rendered":"<p>[vc_row row_type=&#8221;row&#8221; use_row_as_full_screen_section=&#8221;no&#8221; type=&#8221;full_width&#8221; angled_section=&#8221;no&#8221; text_align=&#8221;center&#8221; background_image=&#8221;15232&#8243; background_image_as_pattern=&#8221;without_pattern&#8221; border_color=&#8221;#919191&#8243; css_animation=&#8221;&#8221;][vc_column][vc_empty_space height=&#8221;300px&#8221;][\/vc_column][\/vc_row][vc_row row_type=&#8221;row&#8221; use_row_as_full_screen_section=&#8221;no&#8221; type=&#8221;grid&#8221; angled_section=&#8221;no&#8221; text_align=&#8221;center&#8221; background_image_as_pattern=&#8221;without_pattern&#8221; background_color=&#8221;#ffffff&#8221; css_animation=&#8221;&#8221; css=&#8221;.vc_custom_1490369294730{background-color: #ffffff !important;}&#8221;][vc_column][vc_empty_space height=&#8221;60px&#8221;][vc_empty_space height=&#8221;60px&#8221;][vc_column_text] CALIDAD,&#8230;<\/p>\n","protected":false},"author":1,"featured_media":0,"parent":1923,"menu_order":0,"comment_status":"open","ping_status":"open","template":"full_width.php","meta":[],"yoast_head":"<!-- This site is optimized with the Yoast SEO plugin v16.0.2 - https:\/\/yoast.com\/wordpress\/plugins\/seo\/ -->\n<link rel=\"canonical\" href=\"https:\/\/www.comunello.com\/es\/frame\/quality\/\" \/>\n<meta property=\"og:locale\" content=\"es_ES\" \/>\n<meta property=\"og:type\" content=\"article\" \/>\n<meta property=\"og:title\" content=\"FRAME Qualit\u00e0 - Fratelli COMUNELLO\" \/>\n<meta property=\"og:description\" content=\"[vc_row row_type=&#8221;row&#8221; use_row_as_full_screen_section=&#8221;no&#8221; type=&#8221;full_width&#8221; angled_section=&#8221;no&#8221; text_align=&#8221;center&#8221; background_image=&#8221;15232&#8243; background_image_as_pattern=&#8221;without_pattern&#8221; border_color=&#8221;#919191&#8243; css_animation=&#8221;&#8221;][vc_column][vc_empty_space height=&#8221;300px&#8221;][\/vc_column][\/vc_row][vc_row row_type=&#8221;row&#8221; use_row_as_full_screen_section=&#8221;no&#8221; type=&#8221;grid&#8221; angled_section=&#8221;no&#8221; text_align=&#8221;center&#8221; background_image_as_pattern=&#8221;without_pattern&#8221; background_color=&#8221;#ffffff&#8221; css_animation=&#8221;&#8221; css=&#8221;.vc_custom_1490369294730{background-color: #ffffff !important;}&#8221;][vc_column][vc_empty_space height=&#8221;60px&#8221;][vc_empty_space height=&#8221;60px&#8221;][vc_column_text] CALIDAD,...\" \/>\n<meta property=\"og:url\" content=\"https:\/\/www.comunello.com\/es\/frame\/quality\/\" \/>\n<meta property=\"og:site_name\" content=\"Fratelli COMUNELLO\" \/>\n<meta property=\"article:modified_time\" content=\"2019-09-11T09:05:01+00:00\" \/>\n<meta property=\"og:image\" content=\"http:\/\/www.comunello.com\/wp-content\/uploads\/2017\/03\/pdf_icon_40.png\" \/>\n<meta name=\"twitter:card\" content=\"summary_large_image\" \/>\n<meta name=\"twitter:label1\" content=\"Tiempo de lectura\">\n\t<meta name=\"twitter:data1\" content=\"4 minutos\">\n<script type=\"application\/ld+json\" class=\"yoast-schema-graph\">{\"@context\":\"https:\/\/schema.org\",\"@graph\":[{\"@type\":\"WebSite\",\"@id\":\"https:\/\/www.comunello.com\/#website\",\"url\":\"https:\/\/www.comunello.com\/\",\"name\":\"Fratelli COMUNELLO\",\"description\":\"| Life Made Easy\",\"potentialAction\":[{\"@type\":\"SearchAction\",\"target\":\"https:\/\/www.comunello.com\/?s={search_term_string}\",\"query-input\":\"required name=search_term_string\"}],\"inLanguage\":\"es\"},{\"@type\":\"ImageObject\",\"@id\":\"https:\/\/www.comunello.com\/es\/frame\/quality\/#primaryimage\",\"inLanguage\":\"es\",\"url\":\"http:\/\/www.comunello.com\/wp-content\/uploads\/2017\/03\/pdf_icon_40.png\"},{\"@type\":\"WebPage\",\"@id\":\"https:\/\/www.comunello.com\/es\/frame\/quality\/#webpage\",\"url\":\"https:\/\/www.comunello.com\/es\/frame\/quality\/\",\"name\":\"FRAME Qualit\\u00e0 - Fratelli COMUNELLO\",\"isPartOf\":{\"@id\":\"https:\/\/www.comunello.com\/#website\"},\"primaryImageOfPage\":{\"@id\":\"https:\/\/www.comunello.com\/es\/frame\/quality\/#primaryimage\"},\"datePublished\":\"2014-12-10T18:31:11+00:00\",\"dateModified\":\"2019-09-11T09:05:01+00:00\",\"breadcrumb\":{\"@id\":\"https:\/\/www.comunello.com\/es\/frame\/quality\/#breadcrumb\"},\"inLanguage\":\"es\",\"potentialAction\":[{\"@type\":\"ReadAction\",\"target\":[\"https:\/\/www.comunello.com\/es\/frame\/quality\/\"]}]},{\"@type\":\"BreadcrumbList\",\"@id\":\"https:\/\/www.comunello.com\/es\/frame\/quality\/#breadcrumb\",\"itemListElement\":[{\"@type\":\"ListItem\",\"position\":1,\"item\":{\"@type\":\"WebPage\",\"@id\":\"https:\/\/www.comunello.com\/es\/\",\"url\":\"https:\/\/www.comunello.com\/es\/\",\"name\":\"Home\"}},{\"@type\":\"ListItem\",\"position\":2,\"item\":{\"@type\":\"WebPage\",\"@id\":\"https:\/\/www.comunello.com\/es\/frame\/\",\"url\":\"https:\/\/www.comunello.com\/es\/frame\/\",\"name\":\"FRAME\"}},{\"@type\":\"ListItem\",\"position\":3,\"item\":{\"@type\":\"WebPage\",\"@id\":\"https:\/\/www.comunello.com\/es\/frame\/quality\/\",\"url\":\"https:\/\/www.comunello.com\/es\/frame\/quality\/\",\"name\":\"FRAME Qualit\\u00e0\"}}]}]}<\/script>\n<!-- \/ Yoast SEO plugin. -->","_links":{"self":[{"href":"https:\/\/www.comunello.com\/es\/wp-json\/wp\/v2\/pages\/3638\/"}],"collection":[{"href":"https:\/\/www.comunello.com\/es\/wp-json\/wp\/v2\/pages\/"}],"about":[{"href":"https:\/\/www.comunello.com\/es\/wp-json\/wp\/v2\/types\/page\/"}],"author":[{"embeddable":true,"href":"https:\/\/www.comunello.com\/es\/wp-json\/wp\/v2\/users\/1\/"}],"replies":[{"embeddable":true,"href":"https:\/\/www.comunello.com\/es\/wp-json\/wp\/v2\/comments\/?post=3638"}],"version-history":[{"count":5,"href":"https:\/\/www.comunello.com\/es\/wp-json\/wp\/v2\/pages\/3638\/revisions\/"}],"predecessor-version":[{"id":25812,"href":"https:\/\/www.comunello.com\/es\/wp-json\/wp\/v2\/pages\/3638\/revisions\/25812\/"}],"up":[{"embeddable":true,"href":"https:\/\/www.comunello.com\/es\/wp-json\/wp\/v2\/pages\/1923\/"}],"wp:attachment":[{"href":"https:\/\/www.comunello.com\/es\/wp-json\/wp\/v2\/media\/?parent=3638"}],"curies":[{"name":"wp","href":"https:\/\/api.w.org\/{rel}","templated":true}]}}