{"id":32755,"date":"2021-07-09T11:37:58","date_gmt":"2021-07-09T09:37:58","guid":{"rendered":"https:\/\/www.comunello.com\/es\/?page_id=32755"},"modified":"2021-07-22T17:29:57","modified_gmt":"2021-07-22T15:29:57","slug":"rma","status":"publish","type":"page","link":"https:\/\/www.comunello.com\/es\/service\/rma\/","title":{"rendered":"SERVICE &#8211; RMA"},"content":{"rendered":"<p>[vc_row css_animation=&#8221;&#8221; row_type=&#8221;row&#8221; use_row_as_full_screen_section=&#8221;no&#8221; type=&#8221;full_width&#8221; angled_section=&#8221;no&#8221; text_align=&#8221;center&#8221; background_image_as_pattern=&#8221;without_pattern&#8221; background_color=&#8221;#ffffff&#8221; border_color=&#8221;#919191&#8243;][vc_column offset=&#8221;vc_hidden-lg vc_hidden-md vc_hidden-sm&#8221;][vc_empty_space height=&#8221;125px&#8221;][\/vc_column][\/vc_row][vc_row css_animation=&#8221;&#8221; row_type=&#8221;row&#8221; use_row_as_full_screen_section=&#8221;no&#8221; type=&#8221;full_width&#8221; angled_section=&#8221;no&#8221; text_align=&#8221;center&#8221; background_image_as_pattern=&#8221;without_pattern&#8221; background_color=&#8221;#919191&#8243; border_color=&#8221;#919191&#8243;][vc_column][vc_single_image image=&#8221;31899&#8243; img_size=&#8221;full&#8221; alignment=&#8221;center&#8221; qode_css_animation=&#8221;&#8221;][\/vc_column][\/vc_row][vc_row css_animation=&#8221;&#8221; row_type=&#8221;row&#8221; use_row_as_full_screen_section=&#8221;no&#8221; type=&#8221;grid&#8221; angled_section=&#8221;no&#8221; text_align=&#8221;center&#8221; background_image_as_pattern=&#8221;without_pattern&#8221; background_color=&#8221;#ffffff&#8221; css=&#8221;.vc_custom_1491826070100{background-color: #ffffff !important;}&#8221;][vc_column el_class=&#8221;testo_az&#8221;][vc_empty_space][vc_empty_space][vc_separator type=&#8221;normal&#8221; color=&#8221;#c6c6c6&#8243;][vc_empty_space height=&#8221;16px&#8221;][vc_column_text]<\/p>\n<p style=\"text-align: center; font-family: helvth; font-size: 42px; line-height: 42px;\">SOPORTE 360 \u00b0 INCLUSO DESPU\u00c9S DE LA VENTA<\/p>\n<p>[\/vc_column_text][vc_empty_space height=&#8221;16px&#8221;][vc_separator type=&#8221;normal&#8221; color=&#8221;#c6c6c6&#8243;][vc_empty_space][\/vc_column][\/vc_row][vc_row css_animation=&#8221;&#8221; row_type=&#8221;row&#8221; use_row_as_full_screen_section=&#8221;no&#8221; type=&#8221;grid&#8221; angled_section=&#8221;no&#8221; text_align=&#8221;center&#8221; background_image_as_pattern=&#8221;without_pattern&#8221; background_color=&#8221;#ffffff&#8221; css=&#8221;.vc_custom_1491826070100{background-color: #ffffff !important;}&#8221;][vc_column el_class=&#8221;testo_az&#8221;][vc_empty_space][vc_column_text el_class=&#8221;test_one_page&#8221;]<\/p>\n<div class=\"wpb_text_column wpb_content_element \">\n<div class=\"wpb_wrapper\" style=\"color: #33373a;\">\n<p>Con el acr\u00f3nimo ingl\u00e9s RMA \u00a0identifica una autorizaci\u00f3n de devoluci\u00f3n de mercanc\u00eda (Return Merchandise Authorization), es decir, una autorizaci\u00f3n para reparar o reemplazar un producto cubierto por garant\u00eda. El Dpto. SERVICIO COMUNELLO, en colaboraci\u00f3n con nuestra red comercial autorizada, puede dar soporte y proporcionar toda la informaci\u00f3n para gestionar el correcto procedimiento de devoluci\u00f3n a todos los especialistas del sector.<\/p>\n<\/div>\n<\/div>\n<p>[\/vc_column_text][vc_empty_space][vc_separator type=&#8221;normal&#8221; color=&#8221;#c6c6c6&#8243;][vc_empty_space][vc_column_text el_class=&#8221;test_one_page&#8221;]<\/p>\n<div class=\"wpb_text_column wpb_content_element \">\n<div class=\"wpb_wrapper\" style=\"color: #33373a;\">\n<p align=\"justify\">Si eres Distribuidor o Revendedor de COMUNELLO y tienes el C\u00f3digo de Cliente, para solicitar reparaciones o comprobaciones de productos que se encuentran dentro de los t\u00e9rminos de la garant\u00eda, debes enviar una solicitud de RMA a trav\u00e9s del formulario web.<\/p>\n<p align=\"justify\">El n\u00famero RMA asignado, la confirmaci\u00f3n de los art\u00edculos autorizados y las indicaciones para la gesti\u00f3n del caso, ser\u00e1n comunicados v\u00eda correo electr\u00f3nico a la direcci\u00f3n comunicada en el formulario.<\/p>\n<\/div>\n<\/div>\n<p>[\/vc_column_text][vc_empty_space][vc_empty_space][\/vc_column][\/vc_row][vc_row css_animation=&#8221;&#8221; row_type=&#8221;row&#8221; use_row_as_full_screen_section=&#8221;no&#8221; type=&#8221;grid&#8221; angled_section=&#8221;no&#8221; text_align=&#8221;center&#8221; background_image_as_pattern=&#8221;without_pattern&#8221; background_color=&#8221;#ffffff&#8221; css=&#8221;.vc_custom_1491826070100{background-color: #ffffff !important;}&#8221;][vc_column el_class=&#8221;testo_az&#8221;][vc_raw_html]JTNDYSUyMGNsYXNzJTNEJTIycHVsc19hdXRfZ3JleSUyMHBfcCUyMiUyMGhyZWYlM0QlMjJodHRwcyUzQSUyRiUyRnd3dy5jb211bmVsbG8uY29tJTJGZXMlMkZybWElMkYlMjIlM0VSTUElMjBXRUIlMjBGb3JtJTNDJTJGYSUzRQ==[\/vc_raw_html][\/vc_column][\/vc_row][vc_row css_animation=&#8221;&#8221; row_type=&#8221;row&#8221; use_row_as_full_screen_section=&#8221;no&#8221; type=&#8221;grid&#8221; angled_section=&#8221;no&#8221; text_align=&#8221;left&#8221; background_image_as_pattern=&#8221;without_pattern&#8221; background_color=&#8221;#ffffff&#8221;][vc_column][vc_empty_space height=&#8221;8px&#8221;][\/vc_column][\/vc_row][vc_row css_animation=&#8221;&#8221; row_type=&#8221;row&#8221; use_row_as_full_screen_section=&#8221;no&#8221; type=&#8221;grid&#8221; angled_section=&#8221;no&#8221; text_align=&#8221;left&#8221; background_image_as_pattern=&#8221;without_pattern&#8221; background_color=&#8221;#ffffff&#8221;][vc_column][vc_empty_space][\/vc_column][\/vc_row][vc_row css_animation=&#8221;&#8221; row_type=&#8221;row&#8221; use_row_as_full_screen_section=&#8221;no&#8221; type=&#8221;grid&#8221; angled_section=&#8221;no&#8221; text_align=&#8221;center&#8221; background_image_as_pattern=&#8221;without_pattern&#8221; background_color=&#8221;#ffffff&#8221; css=&#8221;.vc_custom_1491826070100{background-color: #ffffff !important;}&#8221;][vc_column el_class=&#8221;testo_az&#8221;][vc_empty_space][vc_empty_space][vc_separator type=&#8221;normal&#8221; color=&#8221;#c6c6c6&#8243;][vc_empty_space height=&#8221;16px&#8221;][vc_raw_html]JTNDYSUyMGNsYXNzJTNEJTIycHVsc19hdXRfZ3JleSUyMHBfcCUyMiUyMGhyZWYlM0QlMjJodHRwcyUzQSUyRiUyRnd3dy5jb211bmVsbG8uY29tJTJGZXMlMkZzZXJ2aWNlJTJGJTIyJTNFJTNDLSUyMFRvZG9zJTIwbG9zJTIwc2VydmljaW9zJTNDJTJGYSUzRQ==[\/vc_raw_html][vc_empty_space height=&#8221;16px&#8221;][vc_separator type=&#8221;normal&#8221; color=&#8221;#c6c6c6&#8243;][vc_empty_space][\/vc_column][\/vc_row]<\/p>\n","protected":false},"excerpt":{"rendered":"<p>[vc_row css_animation=&#8221;&#8221; row_type=&#8221;row&#8221; use_row_as_full_screen_section=&#8221;no&#8221; type=&#8221;full_width&#8221; angled_section=&#8221;no&#8221; text_align=&#8221;center&#8221; background_image_as_pattern=&#8221;without_pattern&#8221; background_color=&#8221;#ffffff&#8221; border_color=&#8221;#919191&#8243;][vc_column offset=&#8221;vc_hidden-lg vc_hidden-md vc_hidden-sm&#8221;][vc_empty_space height=&#8221;125px&#8221;][\/vc_column][\/vc_row][vc_row css_animation=&#8221;&#8221; row_type=&#8221;row&#8221; use_row_as_full_screen_section=&#8221;no&#8221; type=&#8221;full_width&#8221; angled_section=&#8221;no&#8221; text_align=&#8221;center&#8221; background_image_as_pattern=&#8221;without_pattern&#8221; background_color=&#8221;#919191&#8243; border_color=&#8221;#919191&#8243;][vc_column][vc_single_image image=&#8221;31899&#8243; img_size=&#8221;full&#8221;&#8230;<\/p>\n","protected":false},"author":1,"featured_media":0,"parent":31782,"menu_order":0,"comment_status":"closed","ping_status":"closed","template":"full_width.php","meta":[],"yoast_head":"<!-- This site is optimized with the Yoast SEO plugin v16.0.2 - https:\/\/yoast.com\/wordpress\/plugins\/seo\/ -->\n<link rel=\"canonical\" href=\"https:\/\/www.comunello.com\/es\/service\/rma\/\" \/>\n<meta property=\"og:locale\" content=\"es_ES\" \/>\n<meta property=\"og:type\" content=\"article\" \/>\n<meta property=\"og:title\" content=\"SERVICE - RMA - Fratelli COMUNELLO\" \/>\n<meta property=\"og:description\" content=\"[vc_row css_animation=&#8221;&#8221; row_type=&#8221;row&#8221; use_row_as_full_screen_section=&#8221;no&#8221; type=&#8221;full_width&#8221; angled_section=&#8221;no&#8221; text_align=&#8221;center&#8221; background_image_as_pattern=&#8221;without_pattern&#8221; background_color=&#8221;#ffffff&#8221; border_color=&#8221;#919191&#8243;][vc_column offset=&#8221;vc_hidden-lg vc_hidden-md vc_hidden-sm&#8221;][vc_empty_space height=&#8221;125px&#8221;][\/vc_column][\/vc_row][vc_row css_animation=&#8221;&#8221; row_type=&#8221;row&#8221; use_row_as_full_screen_section=&#8221;no&#8221; type=&#8221;full_width&#8221; angled_section=&#8221;no&#8221; text_align=&#8221;center&#8221; background_image_as_pattern=&#8221;without_pattern&#8221; background_color=&#8221;#919191&#8243; border_color=&#8221;#919191&#8243;][vc_column][vc_single_image image=&#8221;31899&#8243; img_size=&#8221;full&#8221;...\" \/>\n<meta property=\"og:url\" content=\"https:\/\/www.comunello.com\/es\/service\/rma\/\" \/>\n<meta property=\"og:site_name\" content=\"Fratelli COMUNELLO\" \/>\n<meta property=\"article:modified_time\" content=\"2021-07-22T15:29:57+00:00\" \/>\n<meta name=\"twitter:card\" content=\"summary_large_image\" \/>\n<meta name=\"twitter:label1\" content=\"Tiempo de lectura\">\n\t<meta name=\"twitter:data1\" content=\"2 minutos\">\n<script type=\"application\/ld+json\" class=\"yoast-schema-graph\">{\"@context\":\"https:\/\/schema.org\",\"@graph\":[{\"@type\":\"WebSite\",\"@id\":\"https:\/\/www.comunello.com\/#website\",\"url\":\"https:\/\/www.comunello.com\/\",\"name\":\"Fratelli COMUNELLO\",\"description\":\"| Life Made Easy\",\"potentialAction\":[{\"@type\":\"SearchAction\",\"target\":\"https:\/\/www.comunello.com\/?s={search_term_string}\",\"query-input\":\"required name=search_term_string\"}],\"inLanguage\":\"es\"},{\"@type\":\"WebPage\",\"@id\":\"https:\/\/www.comunello.com\/es\/service\/rma\/#webpage\",\"url\":\"https:\/\/www.comunello.com\/es\/service\/rma\/\",\"name\":\"SERVICE - RMA - Fratelli COMUNELLO\",\"isPartOf\":{\"@id\":\"https:\/\/www.comunello.com\/#website\"},\"datePublished\":\"2021-07-09T09:37:58+00:00\",\"dateModified\":\"2021-07-22T15:29:57+00:00\",\"breadcrumb\":{\"@id\":\"https:\/\/www.comunello.com\/es\/service\/rma\/#breadcrumb\"},\"inLanguage\":\"es\",\"potentialAction\":[{\"@type\":\"ReadAction\",\"target\":[\"https:\/\/www.comunello.com\/es\/service\/rma\/\"]}]},{\"@type\":\"BreadcrumbList\",\"@id\":\"https:\/\/www.comunello.com\/es\/service\/rma\/#breadcrumb\",\"itemListElement\":[{\"@type\":\"ListItem\",\"position\":1,\"item\":{\"@type\":\"WebPage\",\"@id\":\"https:\/\/www.comunello.com\/es\/\",\"url\":\"https:\/\/www.comunello.com\/es\/\",\"name\":\"Home\"}},{\"@type\":\"ListItem\",\"position\":2,\"item\":{\"@type\":\"WebPage\",\"@id\":\"https:\/\/www.comunello.com\/es\/service\/\",\"url\":\"https:\/\/www.comunello.com\/es\/service\/\",\"name\":\"Service\"}},{\"@type\":\"ListItem\",\"position\":3,\"item\":{\"@type\":\"WebPage\",\"@id\":\"https:\/\/www.comunello.com\/es\/service\/rma\/\",\"url\":\"https:\/\/www.comunello.com\/es\/service\/rma\/\",\"name\":\"SERVICE &#8211; RMA\"}}]}]}<\/script>\n<!-- \/ Yoast SEO plugin. -->","_links":{"self":[{"href":"https:\/\/www.comunello.com\/es\/wp-json\/wp\/v2\/pages\/32755\/"}],"collection":[{"href":"https:\/\/www.comunello.com\/es\/wp-json\/wp\/v2\/pages\/"}],"about":[{"href":"https:\/\/www.comunello.com\/es\/wp-json\/wp\/v2\/types\/page\/"}],"author":[{"embeddable":true,"href":"https:\/\/www.comunello.com\/es\/wp-json\/wp\/v2\/users\/1\/"}],"replies":[{"embeddable":true,"href":"https:\/\/www.comunello.com\/es\/wp-json\/wp\/v2\/comments\/?post=32755"}],"version-history":[{"count":4,"href":"https:\/\/www.comunello.com\/es\/wp-json\/wp\/v2\/pages\/32755\/revisions\/"}],"predecessor-version":[{"id":33031,"href":"https:\/\/www.comunello.com\/es\/wp-json\/wp\/v2\/pages\/32755\/revisions\/33031\/"}],"up":[{"embeddable":true,"href":"https:\/\/www.comunello.com\/es\/wp-json\/wp\/v2\/pages\/31782\/"}],"wp:attachment":[{"href":"https:\/\/www.comunello.com\/es\/wp-json\/wp\/v2\/media\/?parent=32755"}],"curies":[{"name":"wp","href":"https:\/\/api.w.org\/{rel}","templated":true}]}}