{"id":32719,"date":"2021-07-08T12:10:05","date_gmt":"2021-07-08T10:10:05","guid":{"rendered":"https:\/\/www.comunello.com\/es\/?page_id=32719"},"modified":"2021-07-09T17:11:18","modified_gmt":"2021-07-09T15:11:18","slug":"formacion","status":"publish","type":"page","link":"https:\/\/www.comunello.com\/es\/service\/formacion\/","title":{"rendered":"SERVICE &#8211; Formaci\u00f3n"},"content":{"rendered":"<p>[vc_row css_animation=&#8221;&#8221; row_type=&#8221;row&#8221; use_row_as_full_screen_section=&#8221;no&#8221; type=&#8221;grid&#8221; angled_section=&#8221;no&#8221; text_align=&#8221;center&#8221; background_image_as_pattern=&#8221;without_pattern&#8221; background_color=&#8221;#ffffff&#8221; css=&#8221;.vc_custom_1491826070100{background-color: #ffffff !important;}&#8221;][vc_column el_class=&#8221;testo_az&#8221;][vc_empty_space][vc_empty_space][vc_empty_space][vc_empty_space][vc_separator type=&#8221;normal&#8221; color=&#8221;#c6c6c6&#8243;][vc_empty_space height=&#8221;16px&#8221;][vc_column_text]<\/p>\n<p style=\"text-align: center; font-family: helvth; font-size: 42px; line-height: 42px;\">COMUNELLO EST\u00c1 SIEMPRE CERCA DE TI:<br \/>\n\u00a1NUESTROS CURSOS DE FORMACI\u00d3N ONLINE!<\/p>\n<p>[\/vc_column_text][vc_empty_space height=&#8221;16px&#8221;][vc_separator type=&#8221;normal&#8221; color=&#8221;#c6c6c6&#8243;][vc_empty_space][\/vc_column][\/vc_row][vc_row css_animation=&#8221;&#8221; row_type=&#8221;row&#8221; use_row_as_full_screen_section=&#8221;no&#8221; type=&#8221;grid&#8221; angled_section=&#8221;no&#8221; text_align=&#8221;center&#8221; background_image_as_pattern=&#8221;without_pattern&#8221; background_color=&#8221;#ffffff&#8221; css=&#8221;.vc_custom_1491826070100{background-color: #ffffff !important;}&#8221;][vc_column el_class=&#8221;testo_az&#8221;][vc_empty_space][vc_column_text el_class=&#8221;test_one_page&#8221;]<\/p>\n<div class=\"wpb_text_column wpb_content_element \">\n<div class=\"wpb_wrapper\" style=\"color: #33373a;\">\n<p align=\"justify\">La formaci\u00f3n y la informaci\u00f3n son dos elementos b\u00e1sicos de Comunello Training para ser competitivos en un mundo tecnol\u00f3gico en continua y r\u00e1pida evoluci\u00f3n.<\/p>\n<\/div>\n<\/div>\n<p>[\/vc_column_text][vc_empty_space][vc_column_text el_class=&#8221;test_one_page&#8221;]<\/p>\n<div class=\"wpb_text_column wpb_content_element \">\n<div class=\"wpb_wrapper\" style=\"color: #33373a;\">\n<p align=\"justify\">El Programa le permite enriquecer las habilidades profesionales y t\u00e9cnicas de nuestros especialistas; conocimiento que puede ser la carta de triunfo para mejorar su trabajo diario, durante las instalaciones o el mantenimiento.<\/p>\n<\/div>\n<\/div>\n<p>[\/vc_column_text][vc_empty_space][vc_column_text el_class=&#8221;test_one_page&#8221;]<\/p>\n<div class=\"wpb_text_column wpb_content_element \">\n<div class=\"wpb_wrapper\" style=\"color: #33373a;\">\n<p>Cursos programados peri\u00f3dicamente, cursos bajo demanda y Webinars descubre toda la oferta formativa del <strong>COMUNELLO FORMATION WEB LAB<\/strong>.<\/div>\n<\/div>\n<p>[\/vc_column_text][vc_empty_space][vc_column_text el_class=&#8221;test_one_page&#8221;]<\/p>\n<div class=\"wpb_text_column wpb_content_element \">\n<div class=\"wpb_wrapper\" style=\"color: #33373a;\">\n<p>Para m\u00e1s informaci\u00f3n sobre nuestros cursos, no dude en contactarnos en\u00a0<a href=\"mailto:service@comunello.it\">service@comunello.it<\/a> o 0424585111.<\/div>\n<\/div>\n<p>[\/vc_column_text][vc_empty_space][vc_empty_space][\/vc_column][\/vc_row][vc_row css_animation=&#8221;&#8221; row_type=&#8221;row&#8221; use_row_as_full_screen_section=&#8221;no&#8221; type=&#8221;grid&#8221; angled_section=&#8221;no&#8221; text_align=&#8221;left&#8221; background_image_as_pattern=&#8221;without_pattern&#8221; background_color=&#8221;#ffffff&#8221;][vc_column][vc_empty_space height=&#8221;8px&#8221;][\/vc_column][\/vc_row][vc_row css_animation=&#8221;&#8221; row_type=&#8221;row&#8221; use_row_as_full_screen_section=&#8221;no&#8221; type=&#8221;grid&#8221; angled_section=&#8221;no&#8221; text_align=&#8221;center&#8221; background_image_as_pattern=&#8221;without_pattern&#8221; background_color=&#8221;#ffffff&#8221; css=&#8221;.vc_custom_1491826070100{background-color: #ffffff !important;}&#8221;][vc_column el_class=&#8221;testo_az&#8221;][vc_empty_space][vc_separator type=&#8221;normal&#8221; color=&#8221;#c6c6c6&#8243;][vc_empty_space height=&#8221;16px&#8221;][vc_raw_html]JTNDYSUyMGNsYXNzJTNEJTIycHVsc19hdXRfZ3JleSUyMHBfcCUyMiUyMGhyZWYlM0QlMjJodHRwcyUzQSUyRiUyRnd3dy5jb211bmVsbG8uY29tJTJGZXMlMkZzZXJ2aWNlJTJGJTIyJTNFJTNDLSUyMEElMjB0b2RvcyUyMGxvcyUyMHNlcnZpY2lvcyUzQyUyRmElM0U=[\/vc_raw_html][vc_empty_space height=&#8221;16px&#8221;][vc_separator type=&#8221;normal&#8221; color=&#8221;#c6c6c6&#8243;][vc_empty_space][\/vc_column][\/vc_row]<\/p>\n","protected":false},"excerpt":{"rendered":"<p>[vc_row css_animation=&#8221;&#8221; row_type=&#8221;row&#8221; use_row_as_full_screen_section=&#8221;no&#8221; type=&#8221;grid&#8221; angled_section=&#8221;no&#8221; text_align=&#8221;center&#8221; background_image_as_pattern=&#8221;without_pattern&#8221; background_color=&#8221;#ffffff&#8221; css=&#8221;.vc_custom_1491826070100{background-color: #ffffff !important;}&#8221;][vc_column el_class=&#8221;testo_az&#8221;][vc_empty_space][vc_empty_space][vc_empty_space][vc_empty_space][vc_separator type=&#8221;normal&#8221; color=&#8221;#c6c6c6&#8243;][vc_empty_space height=&#8221;16px&#8221;][vc_column_text] COMUNELLO EST\u00c1 SIEMPRE CERCA DE TI: \u00a1NUESTROS CURSOS DE&#8230;<\/p>\n","protected":false},"author":1,"featured_media":0,"parent":31782,"menu_order":0,"comment_status":"closed","ping_status":"closed","template":"full_width.php","meta":[],"yoast_head":"<!-- This site is optimized with the Yoast SEO plugin v16.0.2 - https:\/\/yoast.com\/wordpress\/plugins\/seo\/ -->\n<link rel=\"canonical\" href=\"https:\/\/www.comunello.com\/es\/service\/formacion\/\" \/>\n<meta property=\"og:locale\" content=\"es_ES\" \/>\n<meta property=\"og:type\" content=\"article\" \/>\n<meta property=\"og:title\" content=\"SERVICE - Formaci\u00f3n - Fratelli COMUNELLO\" \/>\n<meta property=\"og:description\" content=\"[vc_row css_animation=&#8221;&#8221; row_type=&#8221;row&#8221; use_row_as_full_screen_section=&#8221;no&#8221; type=&#8221;grid&#8221; angled_section=&#8221;no&#8221; text_align=&#8221;center&#8221; background_image_as_pattern=&#8221;without_pattern&#8221; background_color=&#8221;#ffffff&#8221; css=&#8221;.vc_custom_1491826070100{background-color: #ffffff !important;}&#8221;][vc_column el_class=&#8221;testo_az&#8221;][vc_empty_space][vc_empty_space][vc_empty_space][vc_empty_space][vc_separator type=&#8221;normal&#8221; color=&#8221;#c6c6c6&#8243;][vc_empty_space height=&#8221;16px&#8221;][vc_column_text] COMUNELLO EST\u00c1 SIEMPRE CERCA DE TI: \u00a1NUESTROS CURSOS DE...\" \/>\n<meta property=\"og:url\" content=\"https:\/\/www.comunello.com\/es\/service\/formacion\/\" \/>\n<meta property=\"og:site_name\" content=\"Fratelli COMUNELLO\" \/>\n<meta property=\"article:modified_time\" content=\"2021-07-09T15:11:18+00:00\" \/>\n<meta name=\"twitter:card\" content=\"summary_large_image\" \/>\n<meta name=\"twitter:label1\" content=\"Tiempo de lectura\">\n\t<meta name=\"twitter:data1\" content=\"1 minuto\">\n<script type=\"application\/ld+json\" class=\"yoast-schema-graph\">{\"@context\":\"https:\/\/schema.org\",\"@graph\":[{\"@type\":\"WebSite\",\"@id\":\"https:\/\/www.comunello.com\/#website\",\"url\":\"https:\/\/www.comunello.com\/\",\"name\":\"Fratelli COMUNELLO\",\"description\":\"| Life Made Easy\",\"potentialAction\":[{\"@type\":\"SearchAction\",\"target\":\"https:\/\/www.comunello.com\/?s={search_term_string}\",\"query-input\":\"required name=search_term_string\"}],\"inLanguage\":\"es\"},{\"@type\":\"WebPage\",\"@id\":\"https:\/\/www.comunello.com\/es\/service\/formacion\/#webpage\",\"url\":\"https:\/\/www.comunello.com\/es\/service\/formacion\/\",\"name\":\"SERVICE - Formaci\\u00f3n - Fratelli COMUNELLO\",\"isPartOf\":{\"@id\":\"https:\/\/www.comunello.com\/#website\"},\"datePublished\":\"2021-07-08T10:10:05+00:00\",\"dateModified\":\"2021-07-09T15:11:18+00:00\",\"breadcrumb\":{\"@id\":\"https:\/\/www.comunello.com\/es\/service\/formacion\/#breadcrumb\"},\"inLanguage\":\"es\",\"potentialAction\":[{\"@type\":\"ReadAction\",\"target\":[\"https:\/\/www.comunello.com\/es\/service\/formacion\/\"]}]},{\"@type\":\"BreadcrumbList\",\"@id\":\"https:\/\/www.comunello.com\/es\/service\/formacion\/#breadcrumb\",\"itemListElement\":[{\"@type\":\"ListItem\",\"position\":1,\"item\":{\"@type\":\"WebPage\",\"@id\":\"https:\/\/www.comunello.com\/es\/\",\"url\":\"https:\/\/www.comunello.com\/es\/\",\"name\":\"Home\"}},{\"@type\":\"ListItem\",\"position\":2,\"item\":{\"@type\":\"WebPage\",\"@id\":\"https:\/\/www.comunello.com\/es\/service\/\",\"url\":\"https:\/\/www.comunello.com\/es\/service\/\",\"name\":\"Service\"}},{\"@type\":\"ListItem\",\"position\":3,\"item\":{\"@type\":\"WebPage\",\"@id\":\"https:\/\/www.comunello.com\/es\/service\/formacion\/\",\"url\":\"https:\/\/www.comunello.com\/es\/service\/formacion\/\",\"name\":\"SERVICE &#8211; Formaci\\u00f3n\"}}]}]}<\/script>\n<!-- \/ Yoast SEO plugin. -->","_links":{"self":[{"href":"https:\/\/www.comunello.com\/es\/wp-json\/wp\/v2\/pages\/32719\/"}],"collection":[{"href":"https:\/\/www.comunello.com\/es\/wp-json\/wp\/v2\/pages\/"}],"about":[{"href":"https:\/\/www.comunello.com\/es\/wp-json\/wp\/v2\/types\/page\/"}],"author":[{"embeddable":true,"href":"https:\/\/www.comunello.com\/es\/wp-json\/wp\/v2\/users\/1\/"}],"replies":[{"embeddable":true,"href":"https:\/\/www.comunello.com\/es\/wp-json\/wp\/v2\/comments\/?post=32719"}],"version-history":[{"count":6,"href":"https:\/\/www.comunello.com\/es\/wp-json\/wp\/v2\/pages\/32719\/revisions\/"}],"predecessor-version":[{"id":32772,"href":"https:\/\/www.comunello.com\/es\/wp-json\/wp\/v2\/pages\/32719\/revisions\/32772\/"}],"up":[{"embeddable":true,"href":"https:\/\/www.comunello.com\/es\/wp-json\/wp\/v2\/pages\/31782\/"}],"wp:attachment":[{"href":"https:\/\/www.comunello.com\/es\/wp-json\/wp\/v2\/media\/?parent=32719"}],"curies":[{"name":"wp","href":"https:\/\/api.w.org\/{rel}","templated":true}]}}