{"id":32710,"date":"2021-07-08T11:46:09","date_gmt":"2021-07-08T09:46:09","guid":{"rendered":"https:\/\/www.comunello.com\/es\/?page_id=32710"},"modified":"2021-07-08T12:07:12","modified_gmt":"2021-07-08T10:07:12","slug":"asistencia","status":"publish","type":"page","link":"https:\/\/www.comunello.com\/es\/service\/asistencia\/","title":{"rendered":"SERVICE &#8211; Asistencia"},"content":{"rendered":"<p>[vc_row css_animation=&#8221;&#8221; row_type=&#8221;row&#8221; use_row_as_full_screen_section=&#8221;no&#8221; type=&#8221;full_width&#8221; angled_section=&#8221;no&#8221; text_align=&#8221;center&#8221; background_image_as_pattern=&#8221;without_pattern&#8221; background_color=&#8221;#ffffff&#8221; border_color=&#8221;#919191&#8243;][vc_column offset=&#8221;vc_hidden-lg vc_hidden-md vc_hidden-sm&#8221;][vc_empty_space height=&#8221;125px&#8221;][\/vc_column][\/vc_row][vc_row css_animation=&#8221;&#8221; row_type=&#8221;row&#8221; use_row_as_full_screen_section=&#8221;no&#8221; type=&#8221;full_width&#8221; angled_section=&#8221;no&#8221; text_align=&#8221;center&#8221; background_image_as_pattern=&#8221;without_pattern&#8221; background_color=&#8221;#919191&#8243; border_color=&#8221;#919191&#8243;][vc_column][vc_single_image image=&#8221;31893&#8243; img_size=&#8221;full&#8221; alignment=&#8221;center&#8221; qode_css_animation=&#8221;&#8221;][\/vc_column][\/vc_row][vc_row css_animation=&#8221;&#8221; row_type=&#8221;row&#8221; use_row_as_full_screen_section=&#8221;no&#8221; type=&#8221;grid&#8221; angled_section=&#8221;no&#8221; text_align=&#8221;center&#8221; background_image_as_pattern=&#8221;without_pattern&#8221; background_color=&#8221;#ffffff&#8221; css=&#8221;.vc_custom_1491826070100{background-color: #ffffff !important;}&#8221;][vc_column el_class=&#8221;testo_az&#8221;][vc_empty_space][vc_empty_space][vc_separator type=&#8221;normal&#8221; color=&#8221;#c6c6c6&#8243;][vc_empty_space height=&#8221;16px&#8221;][vc_column_text]<\/p>\n<p style=\"text-align: center; font-family: helvth; font-size: 42px; line-height: 42px;\">CALIDAD ABSOLUTA:<br \/>\nANTES Y DESPU\u00c9S DE LA VENTA<\/p>\n<p>[\/vc_column_text][vc_empty_space height=&#8221;16px&#8221;][vc_separator type=&#8221;normal&#8221; color=&#8221;#c6c6c6&#8243;][vc_empty_space][\/vc_column][\/vc_row][vc_row css_animation=&#8221;&#8221; row_type=&#8221;row&#8221; use_row_as_full_screen_section=&#8221;no&#8221; type=&#8221;grid&#8221; angled_section=&#8221;no&#8221; text_align=&#8221;center&#8221; background_image_as_pattern=&#8221;without_pattern&#8221; background_color=&#8221;#ffffff&#8221; css=&#8221;.vc_custom_1491826070100{background-color: #ffffff !important;}&#8221;][vc_column el_class=&#8221;testo_az&#8221;][vc_empty_space][vc_column_text el_class=&#8221;test_one_page&#8221;]<\/p>\n<div class=\"wpb_text_column wpb_content_element \">\n<div class=\"wpb_wrapper\" style=\"color: #33373a;\">\n<p align=\"justify\">El servicio de Asistencia T\u00e9cnica es operativo, con soporte telef\u00f3nico y por correo electr\u00f3nico con personal altamente calificado dedicado a cada divisi\u00f3n que tiene como objetivo brindar un l\u00ednea de beneficios dise\u00f1ada para el cliente, con el cliente desde el dise\u00f1o hasta la instalaci\u00f3n del producto.<\/p>\n<\/div>\n<\/div>\n<p>[\/vc_column_text][vc_empty_space][vc_column_text el_class=&#8221;test_one_page&#8221;]<\/p>\n<div class=\"wpb_text_column wpb_content_element \">\n<div class=\"wpb_wrapper\" style=\"color: #33373a;\">\n<p style=\"text-align: center;\" align=\"center\"><b><span lang=\"EN\">CONTACTOS<\/span><\/b><\/p>\n<p align=\"center\">\n<\/div>\n<\/div>\n<p>[\/vc_column_text][vc_empty_space][vc_column_text el_class=&#8221;test_one_page&#8221;]<\/p>\n<div class=\"wpb_text_column wpb_content_element \">\n<div class=\"wpb_wrapper\" style=\"color: #33373a;\">\n<p style=\"text-align: center;\">Servicios de asistencia t\u00e9cnica dedicados a los operadores del sector<\/p>\n<p style=\"text-align: center;\">Lunes a viernes &#8211; excepto festivos: 8.30 &#8211; 13.00 \/ 14.00 &#8211; 17.30<\/p>\n<\/div>\n<\/div>\n<p>[\/vc_column_text][vc_empty_space][\/vc_column][\/vc_row][vc_row css_animation=&#8221;&#8221; row_type=&#8221;row&#8221; use_row_as_full_screen_section=&#8221;no&#8221; type=&#8221;grid&#8221; angled_section=&#8221;no&#8221; text_align=&#8221;center&#8221; background_image_as_pattern=&#8221;without_pattern&#8221; background_color=&#8221;#ffffff&#8221; css=&#8221;.vc_custom_1491826070100{background-color: #ffffff !important;}&#8221;][vc_column el_class=&#8221;testo_az&#8221;][vc_empty_space][vc_empty_space][vc_row_inner row_type=&#8221;row&#8221; type=&#8221;full_width&#8221; text_align=&#8221;left&#8221; css_animation=&#8221;&#8221;][vc_column_inner width=&#8221;1\/4&#8243;]<div class='q_icon_with_title medium normal_icon center'><div class=\"icon_holder \" style=\" \"><a itemprop=\"url\" href=\"tel:+390424585111\" target=\"\" class=\"q_icon_link\"><span data-icon-type=\"normal\"   style=\"\" class=\"qode_iwt_icon_holder q_font_awsome_icon fa-3x \"><i class=\"qode_icon_font_awesome fa fa-phone-square qode_iwt_icon_element\" style=\"\" ><\/i><\/span><\/a><\/div><div class=\"icon_text_holder\" style=\"\"><div class=\"icon_text_inner\" style=\"\"><h5 class=\"icon_title\" style=\"color: #5e5e5e;\">TEL\u00c9FONO<\/h5><p style=''><\/p><a itemprop='url' class='icon_with_title_link' href='tel:+390424585111' target='_self' style='color: #0066bf;'>0424585111<\/a><\/div><\/div><\/div>[\/vc_column_inner][vc_column_inner width=&#8221;1\/4&#8243;]<div class='q_icon_with_title medium normal_icon center'><div class=\"icon_holder \" style=\" \"><a itemprop=\"url\" href=\"mailto:service@comunello.it\" target=\"\" class=\"q_icon_link\"><span data-icon-type=\"normal\"   style=\"\" class=\"qode_iwt_icon_holder q_font_awsome_icon fa-3x \"><i class=\"qode_icon_font_awesome fa fa-envelope-square qode_iwt_icon_element\" style=\"\" ><\/i><\/span><\/a><\/div><div class=\"icon_text_holder\" style=\"\"><div class=\"icon_text_inner\" style=\"\"><h5 class=\"icon_title\" style=\"color: #5e5e5e;\">E-MAIL<\/h5><p style=''><\/p><a itemprop='url' class='icon_with_title_link' href='mailto:service@comunello.it' target='_self' style='color: #0066bf;'>service@comunello.it<\/a><\/div><\/div><\/div>[\/vc_column_inner][vc_column_inner width=&#8221;1\/4&#8243;]<div class='q_icon_with_title medium normal_icon center'><div class=\"icon_holder \" style=\" \"><a itemprop=\"url\" href=\"https:\/\/www.comunello.com\/es\/service\/contacts\/\" target=\"\" class=\"q_icon_link\"><span data-icon-type=\"normal\"   style=\"\" class=\"qode_iwt_icon_holder q_font_awsome_icon fa-3x \"><i class=\"qode_icon_font_awesome fa fa-info qode_iwt_icon_element\" style=\"\" ><\/i><\/span><\/a><\/div><div class=\"icon_text_holder\" style=\"\"><div class=\"icon_text_inner\" style=\"\"><h5 class=\"icon_title\" style=\"color: #5e5e5e;\">INFORMACI\u00d3N REQUERIDA<\/h5><p style=''><\/p><a itemprop='url' class='icon_with_title_link' href='https:\/\/www.comunello.com\/es\/service\/contacts\/' target='_self' style='color: #0066bf;'>Fill in the form<\/a><\/div><\/div><\/div>[\/vc_column_inner][vc_column_inner width=&#8221;1\/4&#8243;]<div class='q_icon_with_title medium normal_icon center'><div class=\"icon_holder \" style=\" \"><a itemprop=\"url\" href=\"https:\/\/www.comunello.com\/es\/user\/\" target=\"\" class=\"q_icon_link\"><span data-icon-type=\"normal\"   style=\"\" class=\"qode_iwt_icon_holder q_font_awsome_icon fa-3x \"><i class=\"qode_icon_font_awesome fa fa-unlock-alt qode_iwt_icon_element\" style=\"\" ><\/i><\/span><\/a><\/div><div class=\"icon_text_holder\" style=\"\"><div class=\"icon_text_inner\" style=\"\"><h5 class=\"icon_title\" style=\"color: #5e5e5e;\">AREA RESERVADA<\/h5><p style=''><\/p><a itemprop='url' class='icon_with_title_link' href='https:\/\/www.comunello.com\/es\/user\/' target='_self' style='color: #0066bf;'>iniciar sesi\u00f3n \/ registrarse<\/a><\/div><\/div><\/div>[\/vc_column_inner][\/vc_row_inner][\/vc_column][\/vc_row][vc_row css_animation=&#8221;&#8221; row_type=&#8221;row&#8221; use_row_as_full_screen_section=&#8221;no&#8221; type=&#8221;grid&#8221; angled_section=&#8221;no&#8221; text_align=&#8221;center&#8221; background_image_as_pattern=&#8221;without_pattern&#8221; background_color=&#8221;#ffffff&#8221; css=&#8221;.vc_custom_1491826070100{background-color: #ffffff !important;}&#8221;][vc_column el_class=&#8221;testo_az&#8221;][vc_empty_space height=&#8221;18px&#8221;][vc_empty_space][vc_column_text el_class=&#8221;test_one_page&#8221;]<\/p>\n<div class=\"wpb_text_column wpb_content_element \">\n<div class=\"wpb_wrapper\" style=\"color: #33373a;\">\n<p align=\"justify\">Adem\u00e1s, visitando el sitio de cada divisi\u00f3n es posible tener otra informaci\u00f3n, ver las fotos y descargar todas las fichas t\u00e9cnicas detalladas con todas las caracter\u00edsticas de los distintos art\u00edculos del cat\u00e1logo.<\/p>\n<\/div>\n<\/div>\n<p>[\/vc_column_text][vc_empty_space][vc_column_text el_class=&#8221;test_one_page&#8221;]<\/p>\n<div class=\"wpb_text_column wpb_content_element \">\n<div class=\"wpb_wrapper\" style=\"color: #33373a;\">\n<p align=\"justify\">Al registrarse en el \u00c1REA RESERVADA, dedicada a los especialistas, encontrar\u00e1 manuales de instalaci\u00f3n en el idioma, gu\u00edas de instalaci\u00f3n r\u00e1pida y mucho m\u00e1s material para apoyarlo desde el presupuesto hasta la conclusi\u00f3n de su trabajo.<\/p>\n<\/div>\n<\/div>\n<p>[\/vc_column_text][vc_empty_space][\/vc_column][\/vc_row][vc_row css_animation=&#8221;&#8221; row_type=&#8221;row&#8221; use_row_as_full_screen_section=&#8221;no&#8221; type=&#8221;grid&#8221; angled_section=&#8221;no&#8221; text_align=&#8221;left&#8221; background_image_as_pattern=&#8221;without_pattern&#8221; background_color=&#8221;#ffffff&#8221;][vc_column][vc_empty_space height=&#8221;8px&#8221;][\/vc_column][\/vc_row][vc_row css_animation=&#8221;&#8221; row_type=&#8221;row&#8221; use_row_as_full_screen_section=&#8221;no&#8221; type=&#8221;grid&#8221; angled_section=&#8221;no&#8221; text_align=&#8221;left&#8221; background_image_as_pattern=&#8221;without_pattern&#8221; background_color=&#8221;#ffffff&#8221;][vc_column][vc_empty_space][\/vc_column][\/vc_row][vc_row css_animation=&#8221;&#8221; row_type=&#8221;row&#8221; use_row_as_full_screen_section=&#8221;no&#8221; type=&#8221;grid&#8221; angled_section=&#8221;no&#8221; text_align=&#8221;center&#8221; background_image_as_pattern=&#8221;without_pattern&#8221; background_color=&#8221;#ffffff&#8221; css=&#8221;.vc_custom_1491826070100{background-color: #ffffff !important;}&#8221;][vc_column el_class=&#8221;testo_az&#8221;][vc_empty_space][vc_empty_space][vc_separator type=&#8221;normal&#8221; color=&#8221;#c6c6c6&#8243;][vc_empty_space height=&#8221;16px&#8221;][vc_raw_html]JTNDYSUyMGNsYXNzJTNEJTIycHVsc19hdXRfZ3JleSUyMHBfcCUyMiUyMGhyZWYlM0QlMjJodHRwcyUzQSUyRiUyRnd3dy5jb211bmVsbG8uY29tJTJGZXMlMkZzZXJ2aWNlJTJGJTIyJTNFJTNDLSUyMFRvZG9zJTIwbG9zJTIwc2VydmljaW9zJTNDJTJGYSUzRQ==[\/vc_raw_html][vc_empty_space height=&#8221;16px&#8221;][vc_separator type=&#8221;normal&#8221; color=&#8221;#c6c6c6&#8243;][vc_empty_space][\/vc_column][\/vc_row]<\/p>\n","protected":false},"excerpt":{"rendered":"<p>[vc_row css_animation=&#8221;&#8221; row_type=&#8221;row&#8221; use_row_as_full_screen_section=&#8221;no&#8221; type=&#8221;full_width&#8221; angled_section=&#8221;no&#8221; text_align=&#8221;center&#8221; background_image_as_pattern=&#8221;without_pattern&#8221; background_color=&#8221;#ffffff&#8221; border_color=&#8221;#919191&#8243;][vc_column offset=&#8221;vc_hidden-lg vc_hidden-md vc_hidden-sm&#8221;][vc_empty_space height=&#8221;125px&#8221;][\/vc_column][\/vc_row][vc_row css_animation=&#8221;&#8221; row_type=&#8221;row&#8221; use_row_as_full_screen_section=&#8221;no&#8221; type=&#8221;full_width&#8221; angled_section=&#8221;no&#8221; text_align=&#8221;center&#8221; background_image_as_pattern=&#8221;without_pattern&#8221; background_color=&#8221;#919191&#8243; border_color=&#8221;#919191&#8243;][vc_column][vc_single_image image=&#8221;31893&#8243; img_size=&#8221;full&#8221;&#8230;<\/p>\n","protected":false},"author":1,"featured_media":0,"parent":31782,"menu_order":0,"comment_status":"closed","ping_status":"closed","template":"full_width.php","meta":[],"yoast_head":"<!-- This site is optimized with the Yoast SEO plugin v16.0.2 - https:\/\/yoast.com\/wordpress\/plugins\/seo\/ -->\n<link rel=\"canonical\" href=\"https:\/\/www.comunello.com\/es\/service\/asistencia\/\" \/>\n<meta property=\"og:locale\" content=\"es_ES\" \/>\n<meta property=\"og:type\" content=\"article\" \/>\n<meta property=\"og:title\" content=\"SERVICE - Asistencia - Fratelli COMUNELLO\" \/>\n<meta property=\"og:description\" content=\"[vc_row css_animation=&#8221;&#8221; row_type=&#8221;row&#8221; use_row_as_full_screen_section=&#8221;no&#8221; type=&#8221;full_width&#8221; angled_section=&#8221;no&#8221; text_align=&#8221;center&#8221; background_image_as_pattern=&#8221;without_pattern&#8221; background_color=&#8221;#ffffff&#8221; border_color=&#8221;#919191&#8243;][vc_column offset=&#8221;vc_hidden-lg vc_hidden-md vc_hidden-sm&#8221;][vc_empty_space height=&#8221;125px&#8221;][\/vc_column][\/vc_row][vc_row css_animation=&#8221;&#8221; row_type=&#8221;row&#8221; use_row_as_full_screen_section=&#8221;no&#8221; type=&#8221;full_width&#8221; angled_section=&#8221;no&#8221; text_align=&#8221;center&#8221; background_image_as_pattern=&#8221;without_pattern&#8221; background_color=&#8221;#919191&#8243; border_color=&#8221;#919191&#8243;][vc_column][vc_single_image image=&#8221;31893&#8243; img_size=&#8221;full&#8221;...\" \/>\n<meta property=\"og:url\" content=\"https:\/\/www.comunello.com\/es\/service\/asistencia\/\" \/>\n<meta property=\"og:site_name\" content=\"Fratelli COMUNELLO\" \/>\n<meta property=\"article:modified_time\" content=\"2021-07-08T10:07:12+00:00\" \/>\n<meta name=\"twitter:card\" content=\"summary_large_image\" \/>\n<meta name=\"twitter:label1\" content=\"Tiempo de lectura\">\n\t<meta name=\"twitter:data1\" content=\"2 minutos\">\n<script type=\"application\/ld+json\" class=\"yoast-schema-graph\">{\"@context\":\"https:\/\/schema.org\",\"@graph\":[{\"@type\":\"WebSite\",\"@id\":\"https:\/\/www.comunello.com\/#website\",\"url\":\"https:\/\/www.comunello.com\/\",\"name\":\"Fratelli COMUNELLO\",\"description\":\"| Life Made Easy\",\"potentialAction\":[{\"@type\":\"SearchAction\",\"target\":\"https:\/\/www.comunello.com\/?s={search_term_string}\",\"query-input\":\"required name=search_term_string\"}],\"inLanguage\":\"es\"},{\"@type\":\"WebPage\",\"@id\":\"https:\/\/www.comunello.com\/es\/service\/asistencia\/#webpage\",\"url\":\"https:\/\/www.comunello.com\/es\/service\/asistencia\/\",\"name\":\"SERVICE - Asistencia - Fratelli COMUNELLO\",\"isPartOf\":{\"@id\":\"https:\/\/www.comunello.com\/#website\"},\"datePublished\":\"2021-07-08T09:46:09+00:00\",\"dateModified\":\"2021-07-08T10:07:12+00:00\",\"breadcrumb\":{\"@id\":\"https:\/\/www.comunello.com\/es\/service\/asistencia\/#breadcrumb\"},\"inLanguage\":\"es\",\"potentialAction\":[{\"@type\":\"ReadAction\",\"target\":[\"https:\/\/www.comunello.com\/es\/service\/asistencia\/\"]}]},{\"@type\":\"BreadcrumbList\",\"@id\":\"https:\/\/www.comunello.com\/es\/service\/asistencia\/#breadcrumb\",\"itemListElement\":[{\"@type\":\"ListItem\",\"position\":1,\"item\":{\"@type\":\"WebPage\",\"@id\":\"https:\/\/www.comunello.com\/es\/\",\"url\":\"https:\/\/www.comunello.com\/es\/\",\"name\":\"Home\"}},{\"@type\":\"ListItem\",\"position\":2,\"item\":{\"@type\":\"WebPage\",\"@id\":\"https:\/\/www.comunello.com\/es\/service\/\",\"url\":\"https:\/\/www.comunello.com\/es\/service\/\",\"name\":\"Service\"}},{\"@type\":\"ListItem\",\"position\":3,\"item\":{\"@type\":\"WebPage\",\"@id\":\"https:\/\/www.comunello.com\/es\/service\/asistencia\/\",\"url\":\"https:\/\/www.comunello.com\/es\/service\/asistencia\/\",\"name\":\"SERVICE &#8211; Asistencia\"}}]}]}<\/script>\n<!-- \/ Yoast SEO plugin. -->","_links":{"self":[{"href":"https:\/\/www.comunello.com\/es\/wp-json\/wp\/v2\/pages\/32710\/"}],"collection":[{"href":"https:\/\/www.comunello.com\/es\/wp-json\/wp\/v2\/pages\/"}],"about":[{"href":"https:\/\/www.comunello.com\/es\/wp-json\/wp\/v2\/types\/page\/"}],"author":[{"embeddable":true,"href":"https:\/\/www.comunello.com\/es\/wp-json\/wp\/v2\/users\/1\/"}],"replies":[{"embeddable":true,"href":"https:\/\/www.comunello.com\/es\/wp-json\/wp\/v2\/comments\/?post=32710"}],"version-history":[{"count":8,"href":"https:\/\/www.comunello.com\/es\/wp-json\/wp\/v2\/pages\/32710\/revisions\/"}],"predecessor-version":[{"id":32718,"href":"https:\/\/www.comunello.com\/es\/wp-json\/wp\/v2\/pages\/32710\/revisions\/32718\/"}],"up":[{"embeddable":true,"href":"https:\/\/www.comunello.com\/es\/wp-json\/wp\/v2\/pages\/31782\/"}],"wp:attachment":[{"href":"https:\/\/www.comunello.com\/es\/wp-json\/wp\/v2\/media\/?parent=32710"}],"curies":[{"name":"wp","href":"https:\/\/api.w.org\/{rel}","templated":true}]}}