{"id":3081,"date":"2014-11-12T15:43:15","date_gmt":"2014-11-12T15:43:15","guid":{"rendered":"http:\/\/www.comunello.com\/corporate\/organization\/"},"modified":"2017-06-12T14:34:13","modified_gmt":"2017-06-12T12:34:13","slug":"organization","status":"publish","type":"page","link":"https:\/\/www.comunello.com\/es\/corporate\/organization\/","title":{"rendered":"CORPORATE Organizzazione"},"content":{"rendered":"<p>[vc_row row_type=&#8221;row&#8221; use_row_as_full_screen_section=&#8221;no&#8221; type=&#8221;full_width&#8221; angled_section=&#8221;no&#8221; text_align=&#8221;center&#8221; background_image=&#8221;15276&#8243; background_image_as_pattern=&#8221;without_pattern&#8221; border_color=&#8221;#919191&#8243; css_animation=&#8221;&#8221;][vc_column][vc_empty_space height=&#8221;300px&#8221;][\/vc_column][\/vc_row][vc_row row_type=&#8221;row&#8221; use_row_as_full_screen_section=&#8221;no&#8221; type=&#8221;grid&#8221; angled_section=&#8221;no&#8221; text_align=&#8221;center&#8221; background_image_as_pattern=&#8221;without_pattern&#8221; css_animation=&#8221;&#8221; css=&#8221;.vc_custom_1496129517409{background-color: #ffffff !important;}&#8221;][vc_column][vc_empty_space height=&#8221;60px&#8221;][vc_empty_space height=&#8221;60px&#8221;][vc_column_text css=&#8221;.vc_custom_1497269097396{padding-left: 100px !important;}&#8221;]<\/p>\n<p style=\"font-family: helvth; font-size: 42px; line-height: 42px; text-align: left;\">Estructura de producci\u00f3n<\/p>\n<p>[\/vc_column_text][\/vc_column][\/vc_row][vc_row row_type=&#8221;row&#8221; use_row_as_full_screen_section=&#8221;no&#8221; type=&#8221;full_width&#8221; angled_section=&#8221;no&#8221; text_align=&#8221;center&#8221; background_image_as_pattern=&#8221;without_pattern&#8221; css_animation=&#8221;&#8221; css=&#8221;.vc_custom_1492588155224{background-color: #ffffff !important;}&#8221;][vc_column][vc_separator type=&#8221;normal&#8221; color=&#8221;#adadad&#8221; up=&#8221;5&#8243; down=&#8221;-4&#8243;][vc_empty_space][vc_empty_space height=&#8221;52px&#8221;][\/vc_column][\/vc_row][vc_row row_type=&#8221;row&#8221; use_row_as_full_screen_section=&#8221;no&#8221; type=&#8221;grid&#8221; angled_section=&#8221;no&#8221; text_align=&#8221;center&#8221; background_image_as_pattern=&#8221;without_pattern&#8221; padding_top=&#8221;20&#8243; css_animation=&#8221;&#8221; css=&#8221;.vc_custom_1491554461487{background-color: #ffffff !important;}&#8221;][vc_column width=&#8221;1\/3&#8243; css=&#8221;.vc_custom_1491554102424{padding-right: 0px !important;}&#8221;][vc_empty_space height=&#8221;18px&#8221;][vc_single_image image=&#8221;13676&#8243; img_size=&#8221;&#8221; alignment=&#8221;right&#8221; qode_css_animation=&#8221;&#8221; el_class=&#8221;organ_im&#8221;][\/vc_column][vc_column width=&#8221;2\/3&#8243; css=&#8221;.vc_custom_1492585417471{padding-left: 0px !important;}&#8221; el_class=&#8221;col_org&#8221;][vc_empty_space height=&#8221;12px&#8221;][vc_column_text el_class=&#8221;org_titolo&#8221;]<\/p>\n<h1 class=\"h_corp_1\" style=\"text-align: left;\">INVESTIGACI\u00d3N Y DESARROLLO<\/h1>\n<p>[\/vc_column_text][vc_separator type=&#8221;normal&#8221; color=&#8221;#9f9f9f&#8221; el_class=&#8221;org_linea&#8221;][vc_column_text css=&#8221;.vc_custom_1497269136650{padding-top: 10px !important;}&#8221; el_class=&#8221;org_titolo&#8221;]Investigaci\u00f3n y Desarrollo de nuevos productos mec\u00e1nicos y electr\u00f3nicos. Realizaci\u00f3n de soluciones personalizadas en sinergia con el cliente, realizando proyectos a medida.[\/vc_column_text][vc_empty_space][\/vc_column][\/vc_row][vc_row row_type=&#8221;row&#8221; use_row_as_full_screen_section=&#8221;no&#8221; type=&#8221;grid&#8221; angled_section=&#8221;no&#8221; text_align=&#8221;center&#8221; background_image_as_pattern=&#8221;without_pattern&#8221; padding_top=&#8221;20&#8243; css_animation=&#8221;&#8221; css=&#8221;.vc_custom_1491554461487{background-color: #ffffff !important;}&#8221;][vc_column width=&#8221;1\/3&#8243; css=&#8221;.vc_custom_1491554102424{padding-right: 0px !important;}&#8221;][vc_empty_space height=&#8221;18px&#8221;][vc_single_image image=&#8221;13682&#8243; img_size=&#8221;&#8221; alignment=&#8221;right&#8221; qode_css_animation=&#8221;&#8221; el_class=&#8221;organ_im&#8221;][\/vc_column][vc_column width=&#8221;2\/3&#8243; css=&#8221;.vc_custom_1492585417471{padding-left: 0px !important;}&#8221; el_class=&#8221;col_org&#8221;][vc_empty_space height=&#8221;12px&#8221;][vc_column_text el_class=&#8221;org_titolo&#8221;]<\/p>\n<h1 class=\"h_corp_1\" style=\"text-align: left;\">\u00c1REA ENSAYOS<\/h1>\n<p>[\/vc_column_text][vc_separator type=&#8221;normal&#8221; color=&#8221;#9f9f9f&#8221; el_class=&#8221;org_linea&#8221;][vc_column_text css=&#8221;.vc_custom_1497269158950{padding-top: 10px !important;}&#8221; el_class=&#8221;org_titolo&#8221;]Todos los productos son probados antes de la comercializaci\u00f3n en un rango de condiciones clim\u00e1ticas extremas y situaciones de desgaste.[\/vc_column_text][vc_empty_space][\/vc_column][\/vc_row][vc_row row_type=&#8221;row&#8221; use_row_as_full_screen_section=&#8221;no&#8221; type=&#8221;grid&#8221; angled_section=&#8221;no&#8221; text_align=&#8221;center&#8221; background_image_as_pattern=&#8221;without_pattern&#8221; padding_top=&#8221;20&#8243; css_animation=&#8221;&#8221; css=&#8221;.vc_custom_1491554461487{background-color: #ffffff !important;}&#8221;][vc_column width=&#8221;1\/3&#8243; css=&#8221;.vc_custom_1491554102424{padding-right: 0px !important;}&#8221;][vc_empty_space height=&#8221;18px&#8221;][vc_single_image image=&#8221;13683&#8243; img_size=&#8221;&#8221; alignment=&#8221;right&#8221; qode_css_animation=&#8221;&#8221; el_class=&#8221;organ_im&#8221;][\/vc_column][vc_column width=&#8221;2\/3&#8243; css=&#8221;.vc_custom_1492585417471{padding-left: 0px !important;}&#8221; el_class=&#8221;col_org&#8221;][vc_empty_space height=&#8221;12px&#8221;][vc_column_text el_class=&#8221;org_titolo&#8221;]<\/p>\n<h1 class=\"h_corp_1\" style=\"text-align: left;\">CONTROL DE CALIDAD<\/h1>\n<p>[\/vc_column_text][vc_separator type=&#8221;normal&#8221; color=&#8221;#9f9f9f&#8221; el_class=&#8221;org_linea&#8221;][vc_column_text css=&#8221;.vc_custom_1497269185589{padding-top: 10px !important;}&#8221; el_class=&#8221;org_titolo&#8221;]Todas las actividades de producci\u00f3n y de prestaci\u00f3n de servicios se llevan a cabo en condiciones controladas. Se utilizan solo equipos adecuados y dispositivos para la monitorizaci\u00f3n y medici\u00f3n.[\/vc_column_text][vc_empty_space][\/vc_column][\/vc_row][vc_row row_type=&#8221;row&#8221; use_row_as_full_screen_section=&#8221;no&#8221; type=&#8221;grid&#8221; angled_section=&#8221;no&#8221; text_align=&#8221;center&#8221; background_image_as_pattern=&#8221;without_pattern&#8221; padding_top=&#8221;20&#8243; css_animation=&#8221;&#8221; css=&#8221;.vc_custom_1491554461487{background-color: #ffffff !important;}&#8221;][vc_column width=&#8221;1\/3&#8243; css=&#8221;.vc_custom_1491554102424{padding-right: 0px !important;}&#8221;][vc_empty_space height=&#8221;18px&#8221;][vc_single_image image=&#8221;13684&#8243; img_size=&#8221;&#8221; alignment=&#8221;right&#8221; qode_css_animation=&#8221;&#8221; el_class=&#8221;organ_im&#8221;][\/vc_column][vc_column width=&#8221;2\/3&#8243; css=&#8221;.vc_custom_1492585417471{padding-left: 0px !important;}&#8221; el_class=&#8221;col_org&#8221;][vc_empty_space height=&#8221;12px&#8221;][vc_column_text el_class=&#8221;org_titolo&#8221;]<\/p>\n<h1 class=\"h_corp_1\" style=\"text-align: left;\">CADENA DE SUMINISTRO<\/h1>\n<p>[\/vc_column_text][vc_separator type=&#8221;normal&#8221; color=&#8221;#9f9f9f&#8221; el_class=&#8221;org_linea&#8221;][vc_column_text css=&#8221;.vc_custom_1497269210923{padding-top: 10px !important;}&#8221; el_class=&#8221;org_titolo&#8221;]Un cuidado minucioso a lo largo de toda la cadena de producci\u00f3n: desde la selecci\u00f3n de las materias primas, pasando por todas las fases de producci\u00f3n, hasta el acabado y los ensayos de calidad del producto final.[\/vc_column_text][vc_empty_space][\/vc_column][\/vc_row][vc_row row_type=&#8221;row&#8221; use_row_as_full_screen_section=&#8221;no&#8221; type=&#8221;grid&#8221; angled_section=&#8221;no&#8221; text_align=&#8221;center&#8221; background_image_as_pattern=&#8221;without_pattern&#8221; css_animation=&#8221;&#8221; css=&#8221;.vc_custom_1496129517409{background-color: #ffffff !important;}&#8221;][vc_column offset=&#8221;vc_hidden-lg vc_hidden-md vc_hidden-sm vc_hidden-xs&#8221;][vc_empty_space height=&#8221;60px&#8221;][vc_empty_space height=&#8221;60px&#8221;][vc_column_text css=&#8221;.vc_custom_1497269225746{padding-left: 100px !important;}&#8221;]<\/p>\n<p style=\"font-family: helvth; font-size: 42px; line-height: 42px; text-align: left;\">Estructura de ventas<\/p>\n<p>[\/vc_column_text][\/vc_column][\/vc_row][vc_row row_type=&#8221;row&#8221; use_row_as_full_screen_section=&#8221;no&#8221; type=&#8221;full_width&#8221; angled_section=&#8221;no&#8221; text_align=&#8221;center&#8221; background_image_as_pattern=&#8221;without_pattern&#8221; css_animation=&#8221;&#8221; css=&#8221;.vc_custom_1492588155224{background-color: #ffffff !important;}&#8221;][vc_column offset=&#8221;vc_hidden-lg vc_hidden-md vc_hidden-sm vc_hidden-xs&#8221;][vc_separator type=&#8221;normal&#8221; color=&#8221;#adadad&#8221; up=&#8221;5&#8243; down=&#8221;-4&#8243;][vc_empty_space][vc_empty_space height=&#8221;52px&#8221;][\/vc_column][\/vc_row][vc_row row_type=&#8221;row&#8221; use_row_as_full_screen_section=&#8221;no&#8221; type=&#8221;grid&#8221; angled_section=&#8221;no&#8221; text_align=&#8221;center&#8221; background_image_as_pattern=&#8221;without_pattern&#8221; padding_top=&#8221;20&#8243; css_animation=&#8221;&#8221; css=&#8221;.vc_custom_1491554461487{background-color: #ffffff !important;}&#8221;][vc_column width=&#8221;1\/3&#8243; css=&#8221;.vc_custom_1497270587496{padding-right: 0px !important;}&#8221; offset=&#8221;vc_hidden-lg vc_hidden-md vc_hidden-sm vc_hidden-xs&#8221;][vc_empty_space height=&#8221;18px&#8221;][vc_single_image image=&#8221;13715&#8243; img_size=&#8221;&#8221; alignment=&#8221;right&#8221; qode_css_animation=&#8221;&#8221; el_class=&#8221;organ_im&#8221;][\/vc_column][vc_column width=&#8221;2\/3&#8243; css=&#8221;.vc_custom_1497270580713{padding-left: 0px !important;}&#8221; el_class=&#8221;col_org&#8221; offset=&#8221;vc_hidden-lg vc_hidden-md vc_hidden-sm vc_hidden-xs&#8221;][vc_empty_space height=&#8221;12px&#8221;][vc_column_text el_class=&#8221;org_titolo&#8221;]<\/p>\n<h1 class=\"h_corp_1\" style=\"text-align: left;\">VENTE ET MARKETING<\/h1>\n<p>[\/vc_column_text][vc_separator type=&#8221;normal&#8221; color=&#8221;#9f9f9f&#8221; el_class=&#8221;org_linea&#8221;][vc_column_text css=&#8221;.vc_custom_1497264869652{padding-top: 10px !important;}&#8221; el_class=&#8221;org_titolo&#8221;]Un r\u00e9seau de vente capillaire comprenant responsables de zone et agents couvre tout le territoire italien et les principaux pays europ\u00e9ens. Structures distinctes autonomes pour l\u2019Italie, l\u2019\u00e9xport et Automation.[\/vc_column_text][vc_empty_space][\/vc_column][\/vc_row][vc_row row_type=&#8221;row&#8221; use_row_as_full_screen_section=&#8221;no&#8221; type=&#8221;grid&#8221; angled_section=&#8221;no&#8221; text_align=&#8221;center&#8221; background_image_as_pattern=&#8221;without_pattern&#8221; padding_top=&#8221;20&#8243; css_animation=&#8221;&#8221; css=&#8221;.vc_custom_1491554461487{background-color: #ffffff !important;}&#8221;][vc_column width=&#8221;1\/3&#8243; css=&#8221;.vc_custom_1497270593504{padding-right: 0px !important;}&#8221; offset=&#8221;vc_hidden-lg vc_hidden-md vc_hidden-sm vc_hidden-xs&#8221;][vc_empty_space height=&#8221;18px&#8221;][vc_single_image image=&#8221;13716&#8243; img_size=&#8221;&#8221; alignment=&#8221;right&#8221; qode_css_animation=&#8221;&#8221; el_class=&#8221;organ_im&#8221;][\/vc_column][vc_column width=&#8221;2\/3&#8243; css=&#8221;.vc_custom_1497270602696{padding-left: 0px !important;}&#8221; el_class=&#8221;col_org&#8221; offset=&#8221;vc_hidden-lg vc_hidden-md vc_hidden-sm vc_hidden-xs&#8221;][vc_empty_space height=&#8221;12px&#8221;][vc_column_text el_class=&#8221;org_titolo&#8221;]<\/p>\n<h1 class=\"h_corp_1\" style=\"text-align: left;\">ZONE FORMATION<\/h1>\n<p>[\/vc_column_text][vc_separator type=&#8221;normal&#8221; color=&#8221;#9f9f9f&#8221; el_class=&#8221;org_linea&#8221;][vc_column_text css=&#8221;.vc_custom_1497264879045{padding-top: 10px !important;}&#8221; el_class=&#8221;org_titolo&#8221;]Cours de formation client sur les normes de s\u00e9curit\u00e9, les technologies de d\u00e9veloppement et les nouveaux produits aupr\u00e8s du Comunello Formation Lab.[\/vc_column_text][vc_empty_space][\/vc_column][\/vc_row][vc_row row_type=&#8221;row&#8221; use_row_as_full_screen_section=&#8221;no&#8221; type=&#8221;grid&#8221; angled_section=&#8221;no&#8221; text_align=&#8221;center&#8221; background_image_as_pattern=&#8221;without_pattern&#8221; padding_top=&#8221;20&#8243; css_animation=&#8221;&#8221; css=&#8221;.vc_custom_1491554461487{background-color: #ffffff !important;}&#8221;][vc_column width=&#8221;1\/3&#8243; css=&#8221;.vc_custom_1497270617550{padding-right: 0px !important;}&#8221; offset=&#8221;vc_hidden-lg vc_hidden-md vc_hidden-sm vc_hidden-xs&#8221;][vc_empty_space height=&#8221;18px&#8221;][vc_single_image image=&#8221;13717&#8243; img_size=&#8221;&#8221; alignment=&#8221;right&#8221; qode_css_animation=&#8221;&#8221; el_class=&#8221;organ_im&#8221;][\/vc_column][vc_column width=&#8221;2\/3&#8243; css=&#8221;.vc_custom_1497270611079{padding-left: 0px !important;}&#8221; el_class=&#8221;col_org&#8221; offset=&#8221;vc_hidden-lg vc_hidden-md vc_hidden-sm vc_hidden-xs&#8221;][vc_empty_space height=&#8221;12px&#8221;][vc_column_text el_class=&#8221;org_titolo&#8221;]<\/p>\n<h1 class=\"h_corp_1\" style=\"text-align: left;\">ASSISTANCE CLIENT\u00c8LE<\/h1>\n<p>[\/vc_column_text][vc_separator type=&#8221;normal&#8221; color=&#8221;#9f9f9f&#8221; el_class=&#8221;org_linea&#8221;][vc_column_text css=&#8221;.vc_custom_1497264939575{padding-top: 10px !important;}&#8221; el_class=&#8221;org_titolo&#8221;]<\/p>\n<p>Service de pr\u00e9vente permettant de g\u00e9rer et coordonner toutes les commandes au niveau national et international. Garantie d\u2019assistance apr\u00e8s-vente<\/p>\n<p>[\/vc_column_text][vc_empty_space][\/vc_column][\/vc_row][vc_row row_type=&#8221;row&#8221; use_row_as_full_screen_section=&#8221;no&#8221; type=&#8221;grid&#8221; angled_section=&#8221;no&#8221; text_align=&#8221;center&#8221; background_image_as_pattern=&#8221;without_pattern&#8221; padding_top=&#8221;20&#8243; css_animation=&#8221;&#8221; css=&#8221;.vc_custom_1491554461487{background-color: #ffffff !important;}&#8221;][vc_column width=&#8221;1\/3&#8243; css=&#8221;.vc_custom_1497270624294{padding-right: 0px !important;}&#8221; offset=&#8221;vc_hidden-lg vc_hidden-md vc_hidden-sm vc_hidden-xs&#8221;][vc_empty_space height=&#8221;18px&#8221;][vc_single_image image=&#8221;13718&#8243; img_size=&#8221;&#8221; alignment=&#8221;right&#8221; qode_css_animation=&#8221;&#8221; el_class=&#8221;organ_im&#8221;][\/vc_column][vc_column width=&#8221;2\/3&#8243; css=&#8221;.vc_custom_1497270632190{padding-left: 0px !important;}&#8221; el_class=&#8221;col_org&#8221; offset=&#8221;vc_hidden-lg vc_hidden-md vc_hidden-sm vc_hidden-xs&#8221;][vc_empty_space height=&#8221;12px&#8221;][vc_column_text el_class=&#8221;org_titolo&#8221;]<\/p>\n<h1 class=\"h_corp_1\" style=\"text-align: left;\">LOGISTIQUE<\/h1>\n<p>[\/vc_column_text][vc_separator type=&#8221;normal&#8221; color=&#8221;#9f9f9f&#8221; el_class=&#8221;org_linea&#8221;][vc_column_text css=&#8221;.vc_custom_1497264960479{padding-top: 10px !important;}&#8221; el_class=&#8221;org_titolo&#8221;]Magasin de stockage unique et suivi continu des processus op\u00e9rationnels de manutention et contr\u00f4le des marchandises. Service de livraison ponctuel, flexible et fiable vers le distributeur, l\u2019installateur et le client dans plus de 110 pays.[\/vc_column_text][vc_empty_space][\/vc_column][\/vc_row][vc_row row_type=&#8221;row&#8221; use_row_as_full_screen_section=&#8221;no&#8221; type=&#8221;full_width&#8221; angled_section=&#8221;no&#8221; text_align=&#8221;center&#8221; background_image_as_pattern=&#8221;without_pattern&#8221; border_color=&#8221;#303030&#8243; css_animation=&#8221;&#8221; css=&#8221;.vc_custom_1491483971172{background-color: #ffffff !important;}&#8221;][vc_column][vc_empty_space height=&#8221;150px&#8221;][\/vc_column][\/vc_row]<\/p>\n","protected":false},"excerpt":{"rendered":"<p>[vc_row row_type=&#8221;row&#8221; use_row_as_full_screen_section=&#8221;no&#8221; type=&#8221;full_width&#8221; angled_section=&#8221;no&#8221; text_align=&#8221;center&#8221; background_image=&#8221;15276&#8243; background_image_as_pattern=&#8221;without_pattern&#8221; border_color=&#8221;#919191&#8243; css_animation=&#8221;&#8221;][vc_column][vc_empty_space height=&#8221;300px&#8221;][\/vc_column][\/vc_row][vc_row row_type=&#8221;row&#8221; use_row_as_full_screen_section=&#8221;no&#8221; type=&#8221;grid&#8221; angled_section=&#8221;no&#8221; text_align=&#8221;center&#8221; background_image_as_pattern=&#8221;without_pattern&#8221; css_animation=&#8221;&#8221; css=&#8221;.vc_custom_1496129517409{background-color: #ffffff !important;}&#8221;][vc_column][vc_empty_space height=&#8221;60px&#8221;][vc_empty_space height=&#8221;60px&#8221;][vc_column_text css=&#8221;.vc_custom_1497269097396{padding-left: 100px&#8230;<\/p>\n","protected":false},"author":1,"featured_media":0,"parent":1953,"menu_order":0,"comment_status":"open","ping_status":"open","template":"full_width.php","meta":[],"yoast_head":"<!-- This site is optimized with the Yoast SEO plugin v16.0.2 - https:\/\/yoast.com\/wordpress\/plugins\/seo\/ -->\n<link rel=\"canonical\" href=\"https:\/\/www.comunello.com\/es\/corporate\/organization\/\" \/>\n<meta property=\"og:locale\" content=\"es_ES\" \/>\n<meta property=\"og:type\" content=\"article\" \/>\n<meta property=\"og:title\" content=\"CORPORATE Organizzazione - Fratelli COMUNELLO\" \/>\n<meta property=\"og:description\" content=\"[vc_row row_type=&#8221;row&#8221; use_row_as_full_screen_section=&#8221;no&#8221; type=&#8221;full_width&#8221; angled_section=&#8221;no&#8221; text_align=&#8221;center&#8221; background_image=&#8221;15276&#8243; background_image_as_pattern=&#8221;without_pattern&#8221; border_color=&#8221;#919191&#8243; css_animation=&#8221;&#8221;][vc_column][vc_empty_space height=&#8221;300px&#8221;][\/vc_column][\/vc_row][vc_row row_type=&#8221;row&#8221; use_row_as_full_screen_section=&#8221;no&#8221; type=&#8221;grid&#8221; angled_section=&#8221;no&#8221; text_align=&#8221;center&#8221; background_image_as_pattern=&#8221;without_pattern&#8221; css_animation=&#8221;&#8221; css=&#8221;.vc_custom_1496129517409{background-color: #ffffff !important;}&#8221;][vc_column][vc_empty_space height=&#8221;60px&#8221;][vc_empty_space height=&#8221;60px&#8221;][vc_column_text css=&#8221;.vc_custom_1497269097396{padding-left: 100px...\" \/>\n<meta property=\"og:url\" content=\"https:\/\/www.comunello.com\/es\/corporate\/organization\/\" \/>\n<meta property=\"og:site_name\" content=\"Fratelli COMUNELLO\" \/>\n<meta property=\"article:modified_time\" content=\"2017-06-12T12:34:13+00:00\" \/>\n<meta name=\"twitter:card\" content=\"summary_large_image\" \/>\n<meta name=\"twitter:label1\" content=\"Tiempo de lectura\">\n\t<meta name=\"twitter:data1\" content=\"9 minutos\">\n<script type=\"application\/ld+json\" class=\"yoast-schema-graph\">{\"@context\":\"https:\/\/schema.org\",\"@graph\":[{\"@type\":\"WebSite\",\"@id\":\"https:\/\/www.comunello.com\/#website\",\"url\":\"https:\/\/www.comunello.com\/\",\"name\":\"Fratelli COMUNELLO\",\"description\":\"| Life Made Easy\",\"potentialAction\":[{\"@type\":\"SearchAction\",\"target\":\"https:\/\/www.comunello.com\/?s={search_term_string}\",\"query-input\":\"required name=search_term_string\"}],\"inLanguage\":\"es\"},{\"@type\":\"WebPage\",\"@id\":\"https:\/\/www.comunello.com\/es\/corporate\/organization\/#webpage\",\"url\":\"https:\/\/www.comunello.com\/es\/corporate\/organization\/\",\"name\":\"CORPORATE Organizzazione - Fratelli COMUNELLO\",\"isPartOf\":{\"@id\":\"https:\/\/www.comunello.com\/#website\"},\"datePublished\":\"2014-11-12T15:43:15+00:00\",\"dateModified\":\"2017-06-12T12:34:13+00:00\",\"breadcrumb\":{\"@id\":\"https:\/\/www.comunello.com\/es\/corporate\/organization\/#breadcrumb\"},\"inLanguage\":\"es\",\"potentialAction\":[{\"@type\":\"ReadAction\",\"target\":[\"https:\/\/www.comunello.com\/es\/corporate\/organization\/\"]}]},{\"@type\":\"BreadcrumbList\",\"@id\":\"https:\/\/www.comunello.com\/es\/corporate\/organization\/#breadcrumb\",\"itemListElement\":[{\"@type\":\"ListItem\",\"position\":1,\"item\":{\"@type\":\"WebPage\",\"@id\":\"https:\/\/www.comunello.com\/es\/\",\"url\":\"https:\/\/www.comunello.com\/es\/\",\"name\":\"Home\"}},{\"@type\":\"ListItem\",\"position\":2,\"item\":{\"@type\":\"WebPage\",\"@id\":\"https:\/\/www.comunello.com\/es\/corporate\/\",\"url\":\"https:\/\/www.comunello.com\/es\/corporate\/\",\"name\":\"CORPORATE\"}},{\"@type\":\"ListItem\",\"position\":3,\"item\":{\"@type\":\"WebPage\",\"@id\":\"https:\/\/www.comunello.com\/es\/corporate\/organization\/\",\"url\":\"https:\/\/www.comunello.com\/es\/corporate\/organization\/\",\"name\":\"CORPORATE Organizzazione\"}}]}]}<\/script>\n<!-- \/ Yoast SEO plugin. -->","_links":{"self":[{"href":"https:\/\/www.comunello.com\/es\/wp-json\/wp\/v2\/pages\/3081\/"}],"collection":[{"href":"https:\/\/www.comunello.com\/es\/wp-json\/wp\/v2\/pages\/"}],"about":[{"href":"https:\/\/www.comunello.com\/es\/wp-json\/wp\/v2\/types\/page\/"}],"author":[{"embeddable":true,"href":"https:\/\/www.comunello.com\/es\/wp-json\/wp\/v2\/users\/1\/"}],"replies":[{"embeddable":true,"href":"https:\/\/www.comunello.com\/es\/wp-json\/wp\/v2\/comments\/?post=3081"}],"version-history":[{"count":2,"href":"https:\/\/www.comunello.com\/es\/wp-json\/wp\/v2\/pages\/3081\/revisions\/"}],"predecessor-version":[{"id":15580,"href":"https:\/\/www.comunello.com\/es\/wp-json\/wp\/v2\/pages\/3081\/revisions\/15580\/"}],"up":[{"embeddable":true,"href":"https:\/\/www.comunello.com\/es\/wp-json\/wp\/v2\/pages\/1953\/"}],"wp:attachment":[{"href":"https:\/\/www.comunello.com\/es\/wp-json\/wp\/v2\/media\/?parent=3081"}],"curies":[{"name":"wp","href":"https:\/\/api.w.org\/{rel}","templated":true}]}}