{"id":3019,"date":"2015-01-28T14:47:10","date_gmt":"2015-01-28T14:47:10","guid":{"rendered":"http:\/\/www.comunello.com\/corporate\/trade_fairs\/"},"modified":"2015-05-21T09:30:13","modified_gmt":"2015-05-21T07:30:13","slug":"tradefairs","status":"publish","type":"page","link":"https:\/\/www.comunello.com\/es\/corporate\/tradefairs\/","title":{"rendered":"CORPORATE Fiere"},"content":{"rendered":"<p>[vc_row row_type=&#8221;row&#8221; type=&#8221;full_width&#8221; text_align=&#8221;left&#8221; background_image_as_pattern=&#8221;without_pattern&#8221; background_color=&#8221;#5b6268&#8243; padding_top=&#8221;42&#8243;][vc_column width=&#8221;1\/1&#8243;][vc_row_inner row_type=&#8221;row&#8221; type=&#8221;grid&#8221; text_align=&#8221;left&#8221; padding_top=&#8221;23&#8243; css=&#8221;.vc_custom_1418569512084{margin-left: -50px !important;}&#8221;][vc_column_inner width=&#8221;1\/2&#8243; css=&#8221;.vc_custom_1418568975500{padding-top: 50px !important;padding-left: 50px !important;}&#8221;][vc_column_text]<\/p>\n<h2><span style=\"color: #ffffff;\">Fratelli Comunello<\/span><\/h2>\n<h1><span style=\"color: #ffffff;\">Feiras<\/span><\/h1>\n<p>[\/vc_column_text][\/vc_column_inner][vc_column_inner width=&#8221;1\/2&#8243;][vc_single_image image=&#8221;2069&#8243; border_color=&#8221;grey&#8221; img_link_target=&#8221;_self&#8221; img_size=&#8221;full&#8221; alignment=&#8221;right&#8221;][\/vc_column_inner][\/vc_row_inner][\/vc_column][\/vc_row][vc_row row_type=&#8221;row&#8221; type=&#8221;grid&#8221; text_align=&#8221;left&#8221; background_image_as_pattern=&#8221;without_pattern&#8221; padding_top=&#8221;50&#8243;][vc_column width=&#8221;1\/3&#8243;][vc_column_text]<a href=\"\/es\/\"><img loading=\"lazy\" class=\"alignleft wp-image-1200 size-full\" src=\"\/wp-content\/uploads\/2014\/12\/22.jpg\" alt=\"22\" width=\"20\" height=\"22\" \/><\/a>[\/vc_column_text][\/vc_column][vc_column width=&#8221;1\/3&#8243; css=&#8221;.vc_custom_1418569690351{margin-left: -357px !important;}&#8221;][vc_column_text]&gt; News\u00a0&gt; Feiras[\/vc_column_text][\/vc_column][vc_column width=&#8221;1\/3&#8243;][\/vc_column][\/vc_row][vc_row row_type=&#8221;row&#8221; type=&#8221;grid&#8221; text_align=&#8221;left&#8221; background_image_as_pattern=&#8221;without_pattern&#8221; padding_top=&#8221;-70&#8243;][vc_column width=&#8221;1\/2&#8243;][vc_single_image image=&#8221;3390&#8243; border_color=&#8221;grey&#8221; img_link_target=&#8221;_self&#8221; img_size=&#8221;full&#8221; css=&#8221;.vc_custom_1425541868807{margin-top: 20px !important;margin-bottom: 10px !important;}&#8221;][\/vc_column][vc_column width=&#8221;1\/2&#8243;][vc_column_text css=&#8221;.vc_custom_1432193338580{margin-top: 20px !important;margin-bottom: 10px !important;}&#8221;]<\/p>\n<h1>CUATRO DIVISIONES MAYORES. SIEMPRE PRESENTE EN EL MUNDO.<\/h1>\n<p>[\/vc_column_text][\/vc_column][vc_column][vc_separator type=&#8221;normal&#8221; position=&#8221;center&#8221; thickness=&#8221;1&#8243; color=&#8221;#d8d8d8&#8243; down=&#8221;50&#8243; up=&#8221;50&#8243;][\/vc_column][\/vc_row][vc_row row_type=&#8221;row&#8221; type=&#8221;grid&#8221; text_align=&#8221;left&#8221; background_image_as_pattern=&#8221;without_pattern&#8221;][vc_column width=&#8221;1\/2&#8243;][vc_column_text css=&#8221;.vc_custom_1426490312768{margin-top: 20px !important;margin-bottom: 20px !important;padding-top: 20px !important;}&#8221;]<\/p>\n<h1>R+T 2015 &#8211; STUTTGART<\/h1>\n<p>&nbsp;<\/p>\n<p class=\"p1\">Fue realmente un gr\u00e1n placer para nosotros, <strong>encontrar cientos de personas a la feria R+T en Stuttgart.<\/strong><\/p>\n<p class=\"p1\">Muchas gracias a los que visitaron a nuestro stand y pudieron experimentar a <strong>nuestra tecnolog\u00eda revolucionaria:<\/strong> <a title=\"AUTOMATION One Technology\" href=\"http:\/\/www.comunello.com\/es\/automation\/one-technology\/\">Comunello One<\/a>. Adem\u00e1s, esperamos hayan disfrutado de encuentros productivos con nuestro equipo. Hemos recibido comentos muy favorables sobre nuestros productos y esperamos ustedes los disfrutaron tambi\u00e9n! Esperamos estuvieron satisfechos con lo que vieron y les <strong>invitamos a <a href=\"mailto:info@comunello.it?subject=Comunello%20One - Solicitar informaci\u00f3n&amp;body=Muy se\u00f1ores nuestros, Nos gustar\u00eda recibir m\u00e1s informaci\u00f3n sobre la tecnolog\u00eda Comunello One. Cordiales saludos,\">contactarnos<\/a> para m\u00e1s informaci\u00f3n necesarias.<\/strong><\/p>\n<p class=\"p1\"><strong>R+T Stuttgart 2015<\/strong>, descubren las \u00faltimas inovaciones presentadas en la feria!<\/p>\n<p class=\"p1\"><a title=\"AUTOMATION One Technology\" href=\"http:\/\/www.comunello.com\/es\/automation\/one-technology\/\">Comunello One<\/a> y <a title=\"AUTOMATION Victor\" href=\"http:\/\/www.comunello.com\/es\/automation\/victor\/\">Victor<\/a>: estas son las dos inovaciones revolucionarias presentadas a cientos de visitantes durante la feria R+T en Stuttgart. Nuestro agradecimiento especial para todos ustedes, que con mucha curiosidad e interese vinieron a <strong>descubrir no solamente esta inovativa tecnolog\u00eda, sino tambi\u00e9n todos nuestros productos de las lineas tradicionales.<\/strong><\/p>\n<p>[\/vc_column_text][\/vc_column][vc_column width=&#8221;1\/2&#8243;][vc_separator type=&#8221;transparent&#8221; position=&#8221;center&#8221; down=&#8221;20&#8243;][vc_gallery type=&#8221;flexslider_fade&#8221; interval=&#8221;3&#8243; images=&#8221;2072,5036,5037,5039,5040,5041,5042,5044,5045,5046,5048,5049,5051,5052,5053,5054,5055&#8243; onclick=&#8221;link_image&#8221; custom_links_target=&#8221;_self&#8221; column_number=&#8221;2&#8243; grayscale=&#8221;no&#8221; choose_frame=&#8221;default&#8221;][\/vc_column][vc_column][vc_separator type=&#8221;normal&#8221; position=&#8221;center&#8221; color=&#8221;#bcbcbc&#8221; thickness=&#8221;1&#8243; up=&#8221;50&#8243; down=&#8221;50&#8243;][\/vc_column][\/vc_row][vc_row row_type=&#8221;row&#8221; type=&#8221;grid&#8221; text_align=&#8221;left&#8221; background_image_as_pattern=&#8221;without_pattern&#8221;][vc_column width=&#8221;1\/2&#8243;][vc_gallery type=&#8221;flexslider_fade&#8221; interval=&#8221;3&#8243; images=&#8221;2073,2087,2099,2086,2085&#8243; onclick=&#8221;link_image&#8221; custom_links_target=&#8221;_self&#8221; column_number=&#8221;2&#8243; grayscale=&#8221;no&#8221; choose_frame=&#8221;default&#8221;][\/vc_column][vc_column width=&#8221;1\/2&#8243;][vc_column_text css=&#8221;.vc_custom_1432193420829{margin-top: 20px !important;margin-bottom: 40px !important;padding-top: 20px !important;}&#8221;]<\/p>\n<h1>BAU 2015 &#8211; MONACO.<\/h1>\n<p>&nbsp;<\/p>\n<p class=\"p1\">Es sido un placer de recibir tantas visitas a BAU 2015 en M\u00f3naco. Gracias por su visita con tanto inter\u00e9s en nuestro stand, donde esperamos que hayan disfrutado y se han encontrado con<span class=\"Apple-converted-space\">\u00a0 <\/span>nuestro equipo, que ha recibido cr\u00edticas muy favorables sobre nuestros productos<\/p>\n<p>&nbsp;<\/p>\n<p>&nbsp;<\/p>\n<p>[\/vc_column_text][\/vc_column][\/vc_row][vc_row row_type=&#8221;row&#8221; type=&#8221;grid&#8221; text_align=&#8221;left&#8221; background_image_as_pattern=&#8221;without_pattern&#8221;][vc_column width=&#8221;1\/1&#8243;][vc_separator type=&#8221;normal&#8221; position=&#8221;center&#8221; color=&#8221;#bcbcbc&#8221; thickness=&#8221;1&#8243; up=&#8221;50&#8243; down=&#8221;50&#8243;][\/vc_column][\/vc_row][vc_row row_type=&#8221;row&#8221; type=&#8221;grid&#8221; text_align=&#8221;left&#8221; background_image_as_pattern=&#8221;without_pattern&#8221;][vc_column width=&#8221;1\/2&#8243;][vc_column_text css=&#8221;.vc_custom_1432193390671{margin-top: 20px !important;margin-bottom: 40px !important;padding-top: 20px !important;}&#8221;]<\/p>\n<h1>THE BIG FIVE 2014 &#8211; DUBAI<\/h1>\n<p>&nbsp;<\/p>\n<p class=\"p1\">Es sido un placer de recibir tantas visitas a <strong>THE BIG 5 2014 en DUBAI.<\/strong> Gracias por su visita con tanto inter\u00e9s en nuestro stand, donde esperamos que hayan disfrutado y se han encontrado con<span class=\"Apple-converted-space\">\u00a0 <\/span>nuestro equipo, que ha recibido cr\u00edticas muy favorables sobre nuestros productos. Esperamos BAU 2015 en M\u00f3naco!<\/p>\n<p>&nbsp;<\/p>\n<p>&nbsp;<\/p>\n<p>[\/vc_column_text][\/vc_column][vc_column width=&#8221;1\/2&#8243;][vc_single_image border_color=&#8221;grey&#8221; img_link_target=&#8221;_self&#8221; image=&#8221;2074&#8243; img_size=&#8221;full&#8221; css=&#8221;.vc_custom_1422457258167{margin-top: 20px !important;margin-bottom: 20px !important;}&#8221; alignment=&#8221;right&#8221;][\/vc_column][\/vc_row]<\/p>\n","protected":false},"excerpt":{"rendered":"<p>[vc_row row_type=&#8221;row&#8221; type=&#8221;full_width&#8221; text_align=&#8221;left&#8221; background_image_as_pattern=&#8221;without_pattern&#8221; background_color=&#8221;#5b6268&#8243; padding_top=&#8221;42&#8243;][vc_column width=&#8221;1\/1&#8243;][vc_row_inner row_type=&#8221;row&#8221; type=&#8221;grid&#8221; text_align=&#8221;left&#8221; padding_top=&#8221;23&#8243; css=&#8221;.vc_custom_1418569512084{margin-left: -50px !important;}&#8221;][vc_column_inner width=&#8221;1\/2&#8243; css=&#8221;.vc_custom_1418568975500{padding-top: 50px !important;padding-left: 50px !important;}&#8221;][vc_column_text] Fratelli Comunello Feiras [\/vc_column_text][\/vc_column_inner][vc_column_inner&#8230;<\/p>\n","protected":false},"author":1,"featured_media":0,"parent":1953,"menu_order":0,"comment_status":"open","ping_status":"open","template":"full_width.php","meta":[],"yoast_head":"<!-- This site is optimized with the Yoast SEO plugin v16.0.2 - https:\/\/yoast.com\/wordpress\/plugins\/seo\/ -->\n<link rel=\"canonical\" href=\"https:\/\/www.comunello.com\/es\/corporate\/tradefairs\/\" \/>\n<meta property=\"og:locale\" content=\"es_ES\" \/>\n<meta property=\"og:type\" content=\"article\" \/>\n<meta property=\"og:title\" content=\"CORPORATE Fiere - Fratelli COMUNELLO\" \/>\n<meta property=\"og:description\" content=\"[vc_row row_type=&#8221;row&#8221; type=&#8221;full_width&#8221; text_align=&#8221;left&#8221; background_image_as_pattern=&#8221;without_pattern&#8221; background_color=&#8221;#5b6268&#8243; padding_top=&#8221;42&#8243;][vc_column width=&#8221;1\/1&#8243;][vc_row_inner row_type=&#8221;row&#8221; type=&#8221;grid&#8221; text_align=&#8221;left&#8221; padding_top=&#8221;23&#8243; css=&#8221;.vc_custom_1418569512084{margin-left: -50px !important;}&#8221;][vc_column_inner width=&#8221;1\/2&#8243; css=&#8221;.vc_custom_1418568975500{padding-top: 50px !important;padding-left: 50px !important;}&#8221;][vc_column_text] Fratelli Comunello Feiras [\/vc_column_text][\/vc_column_inner][vc_column_inner...\" \/>\n<meta property=\"og:url\" content=\"https:\/\/www.comunello.com\/es\/corporate\/tradefairs\/\" \/>\n<meta property=\"og:site_name\" content=\"Fratelli COMUNELLO\" \/>\n<meta property=\"article:modified_time\" content=\"2015-05-21T07:30:13+00:00\" \/>\n<meta property=\"og:image\" content=\"https:\/\/www.comunello.com\/wp-content\/uploads\/2014\/12\/22.jpg\" \/>\n<meta name=\"twitter:card\" content=\"summary_large_image\" \/>\n<meta name=\"twitter:label1\" content=\"Tiempo de lectura\">\n\t<meta name=\"twitter:data1\" content=\"4 minutos\">\n<script type=\"application\/ld+json\" class=\"yoast-schema-graph\">{\"@context\":\"https:\/\/schema.org\",\"@graph\":[{\"@type\":\"WebSite\",\"@id\":\"https:\/\/www.comunello.com\/#website\",\"url\":\"https:\/\/www.comunello.com\/\",\"name\":\"Fratelli COMUNELLO\",\"description\":\"| Life Made Easy\",\"potentialAction\":[{\"@type\":\"SearchAction\",\"target\":\"https:\/\/www.comunello.com\/?s={search_term_string}\",\"query-input\":\"required name=search_term_string\"}],\"inLanguage\":\"es\"},{\"@type\":\"ImageObject\",\"@id\":\"https:\/\/www.comunello.com\/es\/corporate\/tradefairs\/#primaryimage\",\"inLanguage\":\"es\",\"url\":\"\/wp-content\/uploads\/2014\/12\/22.jpg\"},{\"@type\":\"WebPage\",\"@id\":\"https:\/\/www.comunello.com\/es\/corporate\/tradefairs\/#webpage\",\"url\":\"https:\/\/www.comunello.com\/es\/corporate\/tradefairs\/\",\"name\":\"CORPORATE Fiere - Fratelli COMUNELLO\",\"isPartOf\":{\"@id\":\"https:\/\/www.comunello.com\/#website\"},\"primaryImageOfPage\":{\"@id\":\"https:\/\/www.comunello.com\/es\/corporate\/tradefairs\/#primaryimage\"},\"datePublished\":\"2015-01-28T14:47:10+00:00\",\"dateModified\":\"2015-05-21T07:30:13+00:00\",\"breadcrumb\":{\"@id\":\"https:\/\/www.comunello.com\/es\/corporate\/tradefairs\/#breadcrumb\"},\"inLanguage\":\"es\",\"potentialAction\":[{\"@type\":\"ReadAction\",\"target\":[\"https:\/\/www.comunello.com\/es\/corporate\/tradefairs\/\"]}]},{\"@type\":\"BreadcrumbList\",\"@id\":\"https:\/\/www.comunello.com\/es\/corporate\/tradefairs\/#breadcrumb\",\"itemListElement\":[{\"@type\":\"ListItem\",\"position\":1,\"item\":{\"@type\":\"WebPage\",\"@id\":\"https:\/\/www.comunello.com\/es\/\",\"url\":\"https:\/\/www.comunello.com\/es\/\",\"name\":\"Home\"}},{\"@type\":\"ListItem\",\"position\":2,\"item\":{\"@type\":\"WebPage\",\"@id\":\"https:\/\/www.comunello.com\/es\/corporate\/\",\"url\":\"https:\/\/www.comunello.com\/es\/corporate\/\",\"name\":\"CORPORATE\"}},{\"@type\":\"ListItem\",\"position\":3,\"item\":{\"@type\":\"WebPage\",\"@id\":\"https:\/\/www.comunello.com\/es\/corporate\/tradefairs\/\",\"url\":\"https:\/\/www.comunello.com\/es\/corporate\/tradefairs\/\",\"name\":\"CORPORATE Fiere\"}}]}]}<\/script>\n<!-- \/ Yoast SEO plugin. -->","_links":{"self":[{"href":"https:\/\/www.comunello.com\/es\/wp-json\/wp\/v2\/pages\/3019\/"}],"collection":[{"href":"https:\/\/www.comunello.com\/es\/wp-json\/wp\/v2\/pages\/"}],"about":[{"href":"https:\/\/www.comunello.com\/es\/wp-json\/wp\/v2\/types\/page\/"}],"author":[{"embeddable":true,"href":"https:\/\/www.comunello.com\/es\/wp-json\/wp\/v2\/users\/1\/"}],"replies":[{"embeddable":true,"href":"https:\/\/www.comunello.com\/es\/wp-json\/wp\/v2\/comments\/?post=3019"}],"version-history":[{"count":0,"href":"https:\/\/www.comunello.com\/es\/wp-json\/wp\/v2\/pages\/3019\/revisions\/"}],"up":[{"embeddable":true,"href":"https:\/\/www.comunello.com\/es\/wp-json\/wp\/v2\/pages\/1953\/"}],"wp:attachment":[{"href":"https:\/\/www.comunello.com\/es\/wp-json\/wp\/v2\/media\/?parent=3019"}],"curies":[{"name":"wp","href":"https:\/\/api.w.org\/{rel}","templated":true}]}}