{"id":29722,"date":"2020-11-11T17:35:52","date_gmt":"2020-11-11T15:35:52","guid":{"rendered":"https:\/\/www.comunello.com\/es\/?page_id=29722"},"modified":"2020-11-11T17:37:10","modified_gmt":"2020-11-11T15:37:10","slug":"support","status":"publish","type":"page","link":"https:\/\/www.comunello.com\/es\/latam\/support\/","title":{"rendered":"LATAM \/ Assistenza"},"content":{"rendered":"<p>[vc_row css_animation=&#8221;&#8221; row_type=&#8221;row&#8221; use_row_as_full_screen_section=&#8221;no&#8221; type=&#8221;full_width&#8221; angled_section=&#8221;no&#8221; text_align=&#8221;center&#8221; background_image=&#8221;16137&#8243; background_image_as_pattern=&#8221;without_pattern&#8221; background_color=&#8221;#919191&#8243; border_color=&#8221;#919191&#8243;][vc_column][vc_empty_space height=&#8221;300px&#8221;][\/vc_column][\/vc_row][vc_row css_animation=&#8221;&#8221; row_type=&#8221;row&#8221; use_row_as_full_screen_section=&#8221;no&#8221; type=&#8221;grid&#8221; angled_section=&#8221;no&#8221; text_align=&#8221;center&#8221; background_image_as_pattern=&#8221;without_pattern&#8221; background_color=&#8221;#ffffff&#8221; css=&#8221;.vc_custom_1490369294730{background-color: #ffffff !important;}&#8221;][vc_column][vc_empty_space height=&#8221;60px&#8221;][vc_empty_space height=&#8221;60px&#8221;][vc_column_text]<\/p>\n<p style=\"text-align: center; font-family: helvth; font-size: 42px; line-height: 42px;\">CALIDAD TOTAL: DESPU\u00c9S DE LA VENTA<\/p>\n<p>[\/vc_column_text][\/vc_column][\/vc_row][vc_row css_animation=&#8221;&#8221; row_type=&#8221;row&#8221; use_row_as_full_screen_section=&#8221;no&#8221; type=&#8221;full_width&#8221; angled_section=&#8221;no&#8221; text_align=&#8221;center&#8221; background_image_as_pattern=&#8221;without_pattern&#8221; background_color=&#8221;#ffffff&#8221; css=&#8221;.vc_custom_1491818960772{background-color: #ffffff !important;}&#8221;][vc_column][vc_separator type=&#8221;normal&#8221; color=&#8221;#adadad&#8221; up=&#8221;5&#8243; down=&#8221;-4&#8243;][\/vc_column][\/vc_row][vc_row css_animation=&#8221;&#8221; row_type=&#8221;row&#8221; use_row_as_full_screen_section=&#8221;no&#8221; type=&#8221;grid&#8221; angled_section=&#8221;no&#8221; text_align=&#8221;center&#8221; background_image_as_pattern=&#8221;without_pattern&#8221; background_color=&#8221;#ffffff&#8221; css=&#8221;.vc_custom_1491826070100{background-color: #ffffff !important;}&#8221;][vc_column el_class=&#8221;testo_az&#8221;][vc_empty_space][vc_column_text el_class=&#8221;test_one_page&#8221;]<\/p>\n<div class=\"wpb_text_column wpb_content_element \">\n<div class=\"wpb_wrapper\">\n<p>Para proveer a los clientes la m\u00e1xima tranquilidad, nuestro servicio de asistencia t\u00e9cnica incuye una ayuda telef\u00f3nica atendida por personal experto, proveendo asistencia desde el proyecto de dise\u00f1o hasta la instalaci\u00f3n del producto.<\/p>\n<p>En situaciones de emergencia los clientes pueden utilizar el servicio de asistencia \u201cen domicilio\u201d para recoger productos defectuosos y reemplazarlos con recambios temporales. En los casos m\u00e1s urgentes el personal t\u00e9cnico de Comunello asistar\u00e1 en lugar de trabajo en persona para proveer una asistencia activa.<\/p>\n<p>Para m\u00e1s informaci\u00f3n visita la p\u00e1gina www.comunello.com, con descargas de fichas t\u00e9cnicas y manuales de instalaci\u00f3n multiling\u00fce, establecer un contacto directo y dejar tus detalles as\u00ed nos podremos darte la respuesta m\u00e1s r\u00e1pida para el servicio solicitado.<\/p><\/div>\n<\/div>\n<p>[\/vc_column_text][\/vc_column][\/vc_row][vc_row css_animation=&#8221;&#8221; row_type=&#8221;row&#8221; use_row_as_full_screen_section=&#8221;no&#8221; type=&#8221;grid&#8221; angled_section=&#8221;no&#8221; text_align=&#8221;left&#8221; background_image_as_pattern=&#8221;without_pattern&#8221; background_color=&#8221;#ffffff&#8221;][vc_column][vc_empty_space height=&#8221;8px&#8221;][\/vc_column][\/vc_row][vc_row css_animation=&#8221;&#8221; row_type=&#8221;row&#8221; use_row_as_full_screen_section=&#8221;no&#8221; type=&#8221;grid&#8221; angled_section=&#8221;no&#8221; text_align=&#8221;left&#8221; background_image_as_pattern=&#8221;without_pattern&#8221; background_color=&#8221;#ffffff&#8221; padding_top=&#8221;50&#8243; padding_bottom=&#8221;75&#8243; css=&#8221;.vc_custom_1605109007295{background-color: #ffffff !important;}&#8221;][vc_column][vc_separator type=&#8221;normal&#8221; color=&#8221;#bcbcbc&#8221; thickness=&#8221;1&#8243; up=&#8221;70&#8243; down=&#8221;70&#8243;][vc_row_inner row_type=&#8221;row&#8221; type=&#8221;full_width&#8221; text_align=&#8221;left&#8221; background_color=&#8221;#ffffff&#8221; css_animation=&#8221;&#8221; css=&#8221;.vc_custom_1605109022118{background-color: #ffffff !important;}&#8221;][vc_column_inner width=&#8221;1\/2&#8243;][vc_column_text]<\/p>\n<p style=\"text-align: center; font-family: helvlt; font-size: 30px; line-height: 30px;\">HELP DESK CUSTOMER CARE<\/p>\n<p>[\/vc_column_text][vc_empty_space][vc_column_text el_class=&#8221;test_one_page&#8221;]<\/p>\n<p style=\"text-align: center;\"><strong>+39 0424 585 111<\/strong><\/p>\n<p style=\"text-align: center;\"><a title=\"info@comunello.it\" href=\"mailto:info@comunello.it\">info@comunello.it<\/a><\/p>\n<p>[\/vc_column_text][\/vc_column_inner][vc_column_inner width=&#8221;1\/2&#8243;][vc_column_text]<\/p>\n<p style=\"text-align: center; font-family: helvlt; font-size: 30px; line-height: 30px;\">ASISTENCIA T\u00c9CNICA<\/p>\n<p>[\/vc_column_text][vc_empty_space][vc_column_text el_class=&#8221;test_one_page&#8221;]<\/p>\n<p style=\"text-align: center;\"><strong>+39 0424 585 111<\/strong><\/p>\n<p style=\"text-align: center;\"><a title=\"technicalassistance@comunello.it\" href=\"mailto:technical_assistance@comunello.it\">technical_assistance@comunello.it<\/a><\/p>\n<p>[\/vc_column_text][\/vc_column_inner][\/vc_row_inner][vc_separator type=&#8221;normal&#8221; color=&#8221;#bcbcbc&#8221; thickness=&#8221;1&#8243; up=&#8221;70&#8243; down=&#8221;70&#8243;][\/vc_column][\/vc_row]<\/p>\n","protected":false},"excerpt":{"rendered":"<p>[vc_row css_animation=&#8221;&#8221; row_type=&#8221;row&#8221; use_row_as_full_screen_section=&#8221;no&#8221; type=&#8221;full_width&#8221; angled_section=&#8221;no&#8221; text_align=&#8221;center&#8221; background_image=&#8221;16137&#8243; background_image_as_pattern=&#8221;without_pattern&#8221; background_color=&#8221;#919191&#8243; border_color=&#8221;#919191&#8243;][vc_column][vc_empty_space height=&#8221;300px&#8221;][\/vc_column][\/vc_row][vc_row css_animation=&#8221;&#8221; row_type=&#8221;row&#8221; use_row_as_full_screen_section=&#8221;no&#8221; type=&#8221;grid&#8221; angled_section=&#8221;no&#8221; text_align=&#8221;center&#8221; background_image_as_pattern=&#8221;without_pattern&#8221; background_color=&#8221;#ffffff&#8221; css=&#8221;.vc_custom_1490369294730{background-color: #ffffff !important;}&#8221;][vc_column][vc_empty_space height=&#8221;60px&#8221;][vc_empty_space height=&#8221;60px&#8221;][vc_column_text]&#8230;<\/p>\n","protected":false},"author":1,"featured_media":0,"parent":29688,"menu_order":0,"comment_status":"open","ping_status":"open","template":"full_width.php","meta":[],"yoast_head":"<!-- This site is optimized with the Yoast SEO plugin v16.0.2 - https:\/\/yoast.com\/wordpress\/plugins\/seo\/ -->\n<link rel=\"canonical\" href=\"https:\/\/www.comunello.com\/es\/latam\/support\/\" \/>\n<meta property=\"og:locale\" content=\"es_ES\" \/>\n<meta property=\"og:type\" content=\"article\" \/>\n<meta property=\"og:title\" content=\"LATAM \/ Assistenza - Fratelli COMUNELLO\" \/>\n<meta property=\"og:description\" content=\"[vc_row css_animation=&#8221;&#8221; row_type=&#8221;row&#8221; use_row_as_full_screen_section=&#8221;no&#8221; type=&#8221;full_width&#8221; angled_section=&#8221;no&#8221; text_align=&#8221;center&#8221; background_image=&#8221;16137&#8243; background_image_as_pattern=&#8221;without_pattern&#8221; background_color=&#8221;#919191&#8243; border_color=&#8221;#919191&#8243;][vc_column][vc_empty_space height=&#8221;300px&#8221;][\/vc_column][\/vc_row][vc_row css_animation=&#8221;&#8221; row_type=&#8221;row&#8221; use_row_as_full_screen_section=&#8221;no&#8221; type=&#8221;grid&#8221; angled_section=&#8221;no&#8221; text_align=&#8221;center&#8221; background_image_as_pattern=&#8221;without_pattern&#8221; background_color=&#8221;#ffffff&#8221; css=&#8221;.vc_custom_1490369294730{background-color: #ffffff !important;}&#8221;][vc_column][vc_empty_space height=&#8221;60px&#8221;][vc_empty_space height=&#8221;60px&#8221;][vc_column_text]...\" \/>\n<meta property=\"og:url\" content=\"https:\/\/www.comunello.com\/es\/latam\/support\/\" \/>\n<meta property=\"og:site_name\" content=\"Fratelli COMUNELLO\" \/>\n<meta property=\"article:modified_time\" content=\"2020-11-11T15:37:10+00:00\" \/>\n<meta name=\"twitter:card\" content=\"summary_large_image\" \/>\n<meta name=\"twitter:label1\" content=\"Tiempo de lectura\">\n\t<meta name=\"twitter:data1\" content=\"3 minutos\">\n<script type=\"application\/ld+json\" class=\"yoast-schema-graph\">{\"@context\":\"https:\/\/schema.org\",\"@graph\":[{\"@type\":\"WebSite\",\"@id\":\"https:\/\/www.comunello.com\/#website\",\"url\":\"https:\/\/www.comunello.com\/\",\"name\":\"Fratelli COMUNELLO\",\"description\":\"| Life Made Easy\",\"potentialAction\":[{\"@type\":\"SearchAction\",\"target\":\"https:\/\/www.comunello.com\/?s={search_term_string}\",\"query-input\":\"required name=search_term_string\"}],\"inLanguage\":\"es\"},{\"@type\":\"WebPage\",\"@id\":\"https:\/\/www.comunello.com\/es\/latam\/support\/#webpage\",\"url\":\"https:\/\/www.comunello.com\/es\/latam\/support\/\",\"name\":\"LATAM \/ Assistenza - Fratelli COMUNELLO\",\"isPartOf\":{\"@id\":\"https:\/\/www.comunello.com\/#website\"},\"datePublished\":\"2020-11-11T15:35:52+00:00\",\"dateModified\":\"2020-11-11T15:37:10+00:00\",\"breadcrumb\":{\"@id\":\"https:\/\/www.comunello.com\/es\/latam\/support\/#breadcrumb\"},\"inLanguage\":\"es\",\"potentialAction\":[{\"@type\":\"ReadAction\",\"target\":[\"https:\/\/www.comunello.com\/es\/latam\/support\/\"]}]},{\"@type\":\"BreadcrumbList\",\"@id\":\"https:\/\/www.comunello.com\/es\/latam\/support\/#breadcrumb\",\"itemListElement\":[{\"@type\":\"ListItem\",\"position\":1,\"item\":{\"@type\":\"WebPage\",\"@id\":\"https:\/\/www.comunello.com\/es\/\",\"url\":\"https:\/\/www.comunello.com\/es\/\",\"name\":\"Home\"}},{\"@type\":\"ListItem\",\"position\":2,\"item\":{\"@type\":\"WebPage\",\"@id\":\"https:\/\/www.comunello.com\/es\/latam\/\",\"url\":\"https:\/\/www.comunello.com\/es\/latam\/\",\"name\":\"LATAM \/ Homepage\"}},{\"@type\":\"ListItem\",\"position\":3,\"item\":{\"@type\":\"WebPage\",\"@id\":\"https:\/\/www.comunello.com\/es\/latam\/support\/\",\"url\":\"https:\/\/www.comunello.com\/es\/latam\/support\/\",\"name\":\"LATAM \/ Assistenza\"}}]}]}<\/script>\n<!-- \/ Yoast SEO plugin. -->","_links":{"self":[{"href":"https:\/\/www.comunello.com\/es\/wp-json\/wp\/v2\/pages\/29722\/"}],"collection":[{"href":"https:\/\/www.comunello.com\/es\/wp-json\/wp\/v2\/pages\/"}],"about":[{"href":"https:\/\/www.comunello.com\/es\/wp-json\/wp\/v2\/types\/page\/"}],"author":[{"embeddable":true,"href":"https:\/\/www.comunello.com\/es\/wp-json\/wp\/v2\/users\/1\/"}],"replies":[{"embeddable":true,"href":"https:\/\/www.comunello.com\/es\/wp-json\/wp\/v2\/comments\/?post=29722"}],"version-history":[{"count":3,"href":"https:\/\/www.comunello.com\/es\/wp-json\/wp\/v2\/pages\/29722\/revisions\/"}],"predecessor-version":[{"id":29725,"href":"https:\/\/www.comunello.com\/es\/wp-json\/wp\/v2\/pages\/29722\/revisions\/29725\/"}],"up":[{"embeddable":true,"href":"https:\/\/www.comunello.com\/es\/wp-json\/wp\/v2\/pages\/29688\/"}],"wp:attachment":[{"href":"https:\/\/www.comunello.com\/es\/wp-json\/wp\/v2\/media\/?parent=29722"}],"curies":[{"name":"wp","href":"https:\/\/api.w.org\/{rel}","templated":true}]}}