{"id":2864,"date":"2014-12-10T18:11:56","date_gmt":"2014-12-10T18:11:56","guid":{"rendered":"http:\/\/www.comunello.com\/gate\/company\/"},"modified":"2017-07-06T15:28:37","modified_gmt":"2017-07-06T13:28:37","slug":"company","status":"publish","type":"page","link":"https:\/\/www.comunello.com\/es\/gate\/company\/","title":{"rendered":"GATE Perfil de la empresa"},"content":{"rendered":"<p>[vc_row row_type=&#8221;row&#8221; use_row_as_full_screen_section=&#8221;no&#8221; type=&#8221;full_width&#8221; angled_section=&#8221;no&#8221; text_align=&#8221;left&#8221; background_image_as_pattern=&#8221;without_pattern&#8221; border_color=&#8221;#cecece&#8221; css_animation=&#8221;&#8221;][vc_column][vc_column_text]Nuova [\/vc_column_text][vc_empty_space height=&#8221;45px&#8221;][\/vc_column][\/vc_row][vc_row row_type=&#8221;row&#8221; use_row_as_full_screen_section=&#8221;no&#8221; type=&#8221;full_width&#8221; angled_section=&#8221;no&#8221; text_align=&#8221;center&#8221; background_image=&#8221;15318&#8243; background_image_as_pattern=&#8221;without_pattern&#8221; border_color=&#8221;#919191&#8243; css_animation=&#8221;&#8221;][vc_column][vc_empty_space height=&#8221;280px&#8221;][\/vc_column][\/vc_row][vc_row row_type=&#8221;row&#8221; use_row_as_full_screen_section=&#8221;no&#8221; type=&#8221;full_width&#8221; angled_section=&#8221;no&#8221; text_align=&#8221;left&#8221; background_image_as_pattern=&#8221;without_pattern&#8221; css_animation=&#8221;&#8221; css=&#8221;.vc_custom_1492599534047{background-color: #ffffff !important;}&#8221;][vc_column][vc_empty_space height=&#8221;60px&#8221;][\/vc_column][\/vc_row][vc_row row_type=&#8221;row&#8221; use_row_as_full_screen_section=&#8221;no&#8221; type=&#8221;grid&#8221; angled_section=&#8221;no&#8221; text_align=&#8221;center&#8221; background_image_as_pattern=&#8221;without_pattern&#8221; background_color=&#8221;#ffffff&#8221; css_animation=&#8221;&#8221; css=&#8221;.vc_custom_1490369294730{background-color: #ffffff !important;}&#8221;][vc_column][vc_empty_space height=&#8221;60px&#8221;][vc_column_text]<\/p>\n<p style=\"text-align: center; font-family: helvth; font-size: 42px; line-height: 42px;\">COMPANY PROFILE<\/p>\n<p>[\/vc_column_text][\/vc_column][\/vc_row][vc_row row_type=&#8221;row&#8221; use_row_as_full_screen_section=&#8221;no&#8221; type=&#8221;full_width&#8221; angled_section=&#8221;no&#8221; text_align=&#8221;center&#8221; background_image_as_pattern=&#8221;without_pattern&#8221; background_color=&#8221;#ffffff&#8221; css_animation=&#8221;&#8221; css=&#8221;.vc_custom_1491818960772{background-color: #ffffff !important;}&#8221;][vc_column][vc_separator type=&#8221;normal&#8221;][\/vc_column][\/vc_row][vc_row row_type=&#8221;row&#8221; use_row_as_full_screen_section=&#8221;no&#8221; type=&#8221;grid&#8221; angled_section=&#8221;no&#8221; text_align=&#8221;center&#8221; background_image_as_pattern=&#8221;without_pattern&#8221; background_color=&#8221;#ffffff&#8221; css_animation=&#8221;&#8221; css=&#8221;.vc_custom_1491826070100{background-color: #ffffff !important;}&#8221;][vc_column el_class=&#8221;test_one_page&#8221;][vc_empty_space][vc_column_text el_class=&#8221;test_one_page&#8221;]Han transcurrido m\u00e1s de cincuenta a\u00f1os desde que el fundador, Vittorio Comunello, ha comenzado su aventura pionera fundando una empresa que fabrica componentes para puertas correderas que, r\u00e1pidamente, conquista y todav\u00eda mantiene una posici\u00f3n l\u00edder en el mercado por innovaci\u00f3n y b\u00fasqueda de la calidad absoluta.<br \/>\nM\u00e1s de cincuenta a\u00f1os de precisi\u00f3n en la fabricaci\u00f3n de componentes perfectos, que siguen la evoluci\u00f3n de las tecnolog\u00edas m\u00e1s avanzadas y que garantizan los m\u00e1s altos est\u00e1ndares de seguridad.<\/p>\n<p>&nbsp;<\/p>\n<p>La empresa, fundada en 1965 por Vittorio Comunello, actualmente est\u00e1 dirigida por la segunda generaci\u00f3n: Franco, Silvia y Luca.[\/vc_column_text][vc_empty_space height=&#8221;60px&#8221;][\/vc_column][\/vc_row][vc_row row_type=&#8221;row&#8221; use_row_as_full_screen_section=&#8221;no&#8221; type=&#8221;full_width&#8221; angled_section=&#8221;no&#8221; text_align=&#8221;left&#8221; background_image_as_pattern=&#8221;without_pattern&#8221; background_color=&#8221;#ffffff&#8221; css_animation=&#8221;&#8221;][vc_column][vc_empty_space height=&#8221;12px&#8221;][vc_separator type=&#8221;normal&#8221;][vc_empty_space][\/vc_column][\/vc_row][vc_row row_type=&#8221;row&#8221; use_row_as_full_screen_section=&#8221;no&#8221; type=&#8221;grid&#8221; angled_section=&#8221;no&#8221; text_align=&#8221;left&#8221; background_image_as_pattern=&#8221;without_pattern&#8221; background_color=&#8221;#ffffff&#8221; css_animation=&#8221;&#8221;][vc_column][vc_column_text]<\/p>\n<h1 style=\"font-size: 42px; font-family: helvth; text-align: center;\"><span style=\"color: #c0111a;\">GATE<\/span> DIVISION<\/h1>\n<p>[\/vc_column_text][vc_empty_space][\/vc_column][\/vc_row][vc_row row_type=&#8221;row&#8221; use_row_as_full_screen_section=&#8221;no&#8221; type=&#8221;grid&#8221; angled_section=&#8221;no&#8221; text_align=&#8221;left&#8221; background_image_as_pattern=&#8221;without_pattern&#8221; background_color=&#8221;#ffffff&#8221; css_animation=&#8221;&#8221; css=&#8221;.vc_custom_1495533166047{padding-right: 50px !important;padding-left: 50px !important;}&#8221;][vc_column width=&#8221;1\/2&#8243;][vc_empty_space][vc_column_text el_class=&#8221;test_one_page&#8221;]La hist\u00f3rica Divisi\u00f3n Gate de Fratelli Comunello siempre ha ofrecido en el mercado nacional e internacional de la m\u00e1s amplia gama de componentes para puertas correderas y puertas industriales de los m\u00e1s ligeros a los m\u00e1s pesados y desde el m\u00e1s peque\u00f1o al m\u00e1s grande.[\/vc_column_text][vc_empty_space height=&#8221;12px&#8221;][vc_column_text el_class=&#8221;test_one_page&#8221;]La mejor elecci\u00f3n de las medidas y el uso de materiales como el aluminio hierro y acero inoxidable completan el valor de una oferta \u00fanica y capaz de satisfacer las necesidades de todos los tipos de apertura de cualquier tama\u00f1o que son.[\/vc_column_text][vc_empty_space][\/vc_column][vc_column width=&#8221;1\/2&#8243;][vc_empty_space height=&#8221;27px&#8221;][vc_empty_space height=&#8221;12px&#8221;][vc_single_image image=&#8221;15989&#8243; img_size=&#8221;full&#8221; alignment=&#8221;center&#8221; qode_css_animation=&#8221;element_from_right&#8221; transition_delay=&#8221;0,5&#8243;][\/vc_column][\/vc_row][vc_row row_type=&#8221;row&#8221; use_row_as_full_screen_section=&#8221;no&#8221; type=&#8221;full_width&#8221; angled_section=&#8221;no&#8221; text_align=&#8221;left&#8221; background_image_as_pattern=&#8221;without_pattern&#8221; background_color=&#8221;#ffffff&#8221; css_animation=&#8221;&#8221;][vc_column][vc_empty_space height=&#8221;12px&#8221;][vc_separator type=&#8221;normal&#8221;][vc_empty_space][\/vc_column][\/vc_row][vc_row row_type=&#8221;row&#8221; use_row_as_full_screen_section=&#8221;no&#8221; type=&#8221;grid&#8221; angled_section=&#8221;no&#8221; text_align=&#8221;left&#8221; background_image_as_pattern=&#8221;without_pattern&#8221; background_color=&#8221;#ffffff&#8221; css_animation=&#8221;&#8221;][vc_column][vc_column_text]<\/p>\n<h1 style=\"font-size: 42px; font-family: helvth; text-align: center;\"><span style=\"color: #c0111a;\">EXCELENCIA<\/span> PARA CADA NECESIDAD<\/h1>\n<p>[\/vc_column_text][vc_empty_space][\/vc_column][\/vc_row][vc_row row_type=&#8221;row&#8221; use_row_as_full_screen_section=&#8221;no&#8221; type=&#8221;grid&#8221; angled_section=&#8221;no&#8221; text_align=&#8221;left&#8221; background_image_as_pattern=&#8221;without_pattern&#8221; background_color=&#8221;#ffffff&#8221; css_animation=&#8221;&#8221; css=&#8221;.vc_custom_1495533166047{padding-right: 50px !important;padding-left: 50px !important;}&#8221;][vc_column width=&#8221;1\/2&#8243;][vc_empty_space height=&#8221;12px&#8221;][vc_single_image image=&#8221;15982&#8243; img_size=&#8221;full&#8221; alignment=&#8221;center&#8221; qode_css_animation=&#8221;element_from_left&#8221; transition_delay=&#8221;0,5&#8243;][\/vc_column][vc_column width=&#8221;1\/2&#8243;][vc_empty_space][vc_column_text el_class=&#8221;test_one_page&#8221;]Las dos series de los carros Comunello CGS350 y CGS250 son la respuesta a todo tipo de puertas autoportantes que exige el mercado. Versiones Mini son ideales para espacios peque\u00f1os de las puertas residenciales llegan a un excelente rendimiento en t\u00e9rminos de alcance.[\/vc_column_text][vc_empty_space height=&#8221;12px&#8221;][vc_column_text el_class=&#8221;test_one_page&#8221;]<strong>SERIE PROFESIONAL<\/strong>[\/vc_column_text][vc_empty_space height=&#8221;12px&#8221;][vc_column_text el_class=&#8221;test_one_page&#8221;]La serie de los\u00a0carros 350.5 \u2013 350.8 High Performance\u00a0desarrolla su fuerza en un cuerpo de acero que asegura el mejor rendimiento mec\u00e1nico ideales para climas fr\u00edos o alta densidad de sal.[\/vc_column_text][vc_empty_space height=&#8221;12px&#8221;][vc_column_text el_class=&#8221;test_one_page&#8221;]<strong>STANDARD SERIE<\/strong>[\/vc_column_text][vc_empty_space height=&#8221;12px&#8221;][vc_column_text el_class=&#8221;test_one_page&#8221;]La serie de los carros 250 tiene un cuerpo formado por una estructura de l\u00e1minas de metal perfectamente unidos y rigidas utilizando emprenados en m\u00e1s puntos.[\/vc_column_text][vc_empty_space][\/vc_column][\/vc_row][vc_row row_type=&#8221;row&#8221; use_row_as_full_screen_section=&#8221;no&#8221; type=&#8221;full_width&#8221; angled_section=&#8221;no&#8221; text_align=&#8221;left&#8221; background_image_as_pattern=&#8221;without_pattern&#8221; background_color=&#8221;#ffffff&#8221; css_animation=&#8221;&#8221;][vc_column][vc_empty_space height=&#8221;12px&#8221;][vc_separator type=&#8221;normal&#8221;][vc_empty_space][\/vc_column][\/vc_row][vc_row row_type=&#8221;row&#8221; use_row_as_full_screen_section=&#8221;no&#8221; type=&#8221;grid&#8221; angled_section=&#8221;no&#8221; text_align=&#8221;left&#8221; background_image_as_pattern=&#8221;without_pattern&#8221; background_color=&#8221;#ffffff&#8221; css_animation=&#8221;&#8221;][vc_column][vc_column_text]<\/p>\n<h1 style=\"font-size: 42px; font-family: helvth; text-align: center;\">PARA LAS PUERTA <span style=\"color: #c0111a;\">CORREDERAS<\/span><\/h1>\n<p>[\/vc_column_text][vc_empty_space][\/vc_column][\/vc_row][vc_row row_type=&#8221;row&#8221; use_row_as_full_screen_section=&#8221;no&#8221; type=&#8221;grid&#8221; angled_section=&#8221;no&#8221; text_align=&#8221;left&#8221; background_image_as_pattern=&#8221;without_pattern&#8221; background_color=&#8221;#ffffff&#8221; css_animation=&#8221;&#8221; css=&#8221;.vc_custom_1495533166047{padding-right: 50px !important;padding-left: 50px !important;}&#8221;][vc_column width=&#8221;1\/2&#8243;][vc_empty_space][vc_column_text el_class=&#8221;test_one_page&#8221;]Los accesorios mec\u00e1nicos son esenciales para asegurar la puerta durante su manipulaci\u00f3n.[\/vc_column_text][vc_empty_space height=&#8221;12px&#8221;][vc_column_text el_class=&#8221;test_one_page&#8221;]Para las puertas autoportantes est\u00e1n disponibles las mejores soluciones de carros.[\/vc_column_text][vc_empty_space height=&#8221;12px&#8221;][vc_column_text el_class=&#8221;test_one_page&#8221;]Para puertas batientes Comunello ofrece una amplia gama de bisagras, tecnolog\u00edas patentadas, elecci\u00f3n de materiales y sistemas avanzados para todos los tipos de apertura de la hoja.[\/vc_column_text][vc_empty_space height=&#8221;12px&#8221;][vc_column_text el_class=&#8221;test_one_page&#8221;]En cuanto a la puerta peatonal, Comlock\u00ae es el bloqueo patentado que Comunello adapta a este tipo.[\/vc_column_text][vc_empty_space height=&#8221;12px&#8221;][vc_column_text el_class=&#8221;test_one_page&#8221;]Comunello ofrece tambi\u00e9n una selecci\u00f3n de accesorios adecuados para proporcionar una amplia gama de puertas industriales correderas y batiente.[\/vc_column_text][vc_empty_space][\/vc_column][vc_column width=&#8221;1\/2&#8243;][vc_empty_space height=&#8221;35px&#8221;][vc_single_image image=&#8221;15994&#8243; img_size=&#8221;full&#8221; alignment=&#8221;center&#8221; qode_css_animation=&#8221;element_from_right&#8221; transition_delay=&#8221;0,5&#8243;][\/vc_column][\/vc_row][vc_row row_type=&#8221;row&#8221; use_row_as_full_screen_section=&#8221;no&#8221; type=&#8221;full_width&#8221; angled_section=&#8221;no&#8221; text_align=&#8221;left&#8221; background_image_as_pattern=&#8221;without_pattern&#8221; background_color=&#8221;#ffffff&#8221; css_animation=&#8221;&#8221;][vc_column][vc_empty_space height=&#8221;12px&#8221;][vc_separator type=&#8221;normal&#8221;][vc_empty_space][\/vc_column][\/vc_row][vc_row row_type=&#8221;row&#8221; use_row_as_full_screen_section=&#8221;no&#8221; type=&#8221;grid&#8221; angled_section=&#8221;no&#8221; text_align=&#8221;left&#8221; background_image_as_pattern=&#8221;without_pattern&#8221; background_color=&#8221;#ffffff&#8221; css_animation=&#8221;&#8221;][vc_column][vc_column_text]<\/p>\n<h1 style=\"font-size: 42px; font-family: helvth; text-align: center;\"><span style=\"color: #c0111a;\">CERTIFICACI\u00d3N<\/span> Y <span style=\"color: #c0111a;\">GARANT\u00cdA<\/span> M\u00c1XIMA SEGURIDAD<\/h1>\n<p>[\/vc_column_text][vc_empty_space][\/vc_column][\/vc_row][vc_row row_type=&#8221;row&#8221; use_row_as_full_screen_section=&#8221;no&#8221; type=&#8221;grid&#8221; angled_section=&#8221;no&#8221; text_align=&#8221;left&#8221; background_image_as_pattern=&#8221;without_pattern&#8221; background_color=&#8221;#ffffff&#8221; css_animation=&#8221;&#8221; css=&#8221;.vc_custom_1495533166047{padding-right: 50px !important;padding-left: 50px !important;}&#8221;][vc_column width=&#8221;1\/2&#8243;][vc_empty_space height=&#8221;26px&#8221;][vc_single_image image=&#8221;16001&#8243; img_size=&#8221;full&#8221; alignment=&#8221;center&#8221; qode_css_animation=&#8221;element_from_left&#8221; transition_delay=&#8221;0,5&#8243;][\/vc_column][vc_column width=&#8221;1\/2&#8243;][vc_empty_space][vc_column_text el_class=&#8221;test_one_page&#8221;]La empresa es sensible a las cuestiones ambientales y todos los temas relacionados con la seguridad y protecci\u00f3n de la salud en el trabajo de todos sus empleados.[\/vc_column_text][vc_empty_space height=&#8221;12px&#8221;][vc_column_text el_class=&#8221;test_one_page&#8221;]Adem\u00e1s, para mayor garant\u00eda y control de calidad del producto, la empresa opera un sistema de gesti\u00f3n en conformidad con la norma UNI EN ISO 9001: 2008 certificado por T\u00dcV S\u00fcd \u201c.[\/vc_column_text][vc_empty_space][\/vc_column][\/vc_row][vc_row row_type=&#8221;row&#8221; use_row_as_full_screen_section=&#8221;no&#8221; type=&#8221;full_width&#8221; angled_section=&#8221;no&#8221; text_align=&#8221;center&#8221; background_image_as_pattern=&#8221;without_pattern&#8221; border_color=&#8221;#303030&#8243; css_animation=&#8221;&#8221; css=&#8221;.vc_custom_1491483971172{background-color: #ffffff !important;}&#8221;][vc_column][vc_empty_space height=&#8221;50px&#8221;][\/vc_column][\/vc_row][vc_row row_type=&#8221;row&#8221; use_row_as_full_screen_section=&#8221;no&#8221; type=&#8221;full_width&#8221; angled_section=&#8221;no&#8221; text_align=&#8221;center&#8221; background_image_as_pattern=&#8221;without_pattern&#8221; background_color=&#8221;#ffffff&#8221; padding_top=&#8221;0&#8243; padding_bottom=&#8221;50&#8243; css_animation=&#8221;&#8221; css=&#8221;.vc_custom_1495536699250{background-color: #262626 !important;}&#8221;][vc_column][vc_empty_space][vc_empty_space][vc_column_text]<\/p>\n<p class=\"titoletto_divisioneb\" style=\"color: #ffffff;\">Download<\/p>\n<p>[\/vc_column_text][vc_empty_space][vc_row_inner row_type=&#8221;row&#8221; type=&#8221;grid&#8221; text_align=&#8221;left&#8221; css_animation=&#8221;&#8221;][vc_column_inner width=&#8221;1\/3&#8243;][\/vc_column_inner][vc_column_inner width=&#8221;1\/3&#8243;][vc_column_text]<\/p>\n<p class=\"pdf_catologo\" style=\"text-align: center;\"><a href=\"http:\/\/www.comunello.com\/media\/corporate\/COMUNELLO-companyprofile.pdf\" target=\"_blank\">\u00a0<img loading=\"lazy\" class=\"alignnone size-full wp-image-12926\" style=\"position: relative; top: 5px;\" src=\"http:\/\/www.comunello.com\/wp-content\/uploads\/2017\/03\/pdf_icon_40.png\" alt=\"pdf_icon_40\" width=\"30\" height=\"30\" srcset=\"https:\/\/www.comunello.com\/wp-content\/uploads\/2017\/03\/pdf_icon_40.png 40w, https:\/\/www.comunello.com\/wp-content\/uploads\/2017\/03\/pdf_icon_40-27x27.png 27w\" sizes=\"(max-width: 30px) 100vw, 30px\" \/> Company Profile<\/a><\/p>\n<p>[\/vc_column_text][\/vc_column_inner][vc_column_inner width=&#8221;1\/3&#8243;][\/vc_column_inner][\/vc_row_inner][vc_empty_space][\/vc_column][\/vc_row][vc_row row_type=&#8221;row&#8221; use_row_as_full_screen_section=&#8221;no&#8221; type=&#8221;grid&#8221; angled_section=&#8221;no&#8221; text_align=&#8221;left&#8221; background_image_as_pattern=&#8221;without_pattern&#8221; background_color=&#8221;#ffffff&#8221; css_animation=&#8221;&#8221;][vc_column][vc_empty_space height=&#8221;8px&#8221;][\/vc_column][\/vc_row]<\/p>\n","protected":false},"excerpt":{"rendered":"<p>[vc_row row_type=&#8221;row&#8221; use_row_as_full_screen_section=&#8221;no&#8221; type=&#8221;full_width&#8221; angled_section=&#8221;no&#8221; text_align=&#8221;left&#8221; background_image_as_pattern=&#8221;without_pattern&#8221; border_color=&#8221;#cecece&#8221; css_animation=&#8221;&#8221;][vc_column][vc_column_text]Nuova [\/vc_column_text][vc_empty_space height=&#8221;45px&#8221;][\/vc_column][\/vc_row][vc_row row_type=&#8221;row&#8221; use_row_as_full_screen_section=&#8221;no&#8221; type=&#8221;full_width&#8221; angled_section=&#8221;no&#8221; text_align=&#8221;center&#8221; background_image=&#8221;15318&#8243; background_image_as_pattern=&#8221;without_pattern&#8221; border_color=&#8221;#919191&#8243; css_animation=&#8221;&#8221;][vc_column][vc_empty_space height=&#8221;280px&#8221;][\/vc_column][\/vc_row][vc_row row_type=&#8221;row&#8221; use_row_as_full_screen_section=&#8221;no&#8221; type=&#8221;full_width&#8221; angled_section=&#8221;no&#8221;&#8230;<\/p>\n","protected":false},"author":1,"featured_media":0,"parent":1917,"menu_order":0,"comment_status":"open","ping_status":"open","template":"full_width.php","meta":[],"yoast_head":"<!-- This site is optimized with the Yoast SEO plugin v16.0.2 - https:\/\/yoast.com\/wordpress\/plugins\/seo\/ -->\n<link rel=\"canonical\" href=\"https:\/\/www.comunello.com\/es\/gate\/company\/\" \/>\n<meta property=\"og:locale\" content=\"es_ES\" \/>\n<meta property=\"og:type\" content=\"article\" \/>\n<meta property=\"og:title\" content=\"GATE Perfil de la empresa - Fratelli COMUNELLO\" \/>\n<meta property=\"og:description\" content=\"[vc_row row_type=&#8221;row&#8221; use_row_as_full_screen_section=&#8221;no&#8221; type=&#8221;full_width&#8221; angled_section=&#8221;no&#8221; text_align=&#8221;left&#8221; background_image_as_pattern=&#8221;without_pattern&#8221; border_color=&#8221;#cecece&#8221; css_animation=&#8221;&#8221;][vc_column][vc_column_text]Nuova [\/vc_column_text][vc_empty_space height=&#8221;45px&#8221;][\/vc_column][\/vc_row][vc_row row_type=&#8221;row&#8221; use_row_as_full_screen_section=&#8221;no&#8221; type=&#8221;full_width&#8221; angled_section=&#8221;no&#8221; text_align=&#8221;center&#8221; background_image=&#8221;15318&#8243; background_image_as_pattern=&#8221;without_pattern&#8221; border_color=&#8221;#919191&#8243; css_animation=&#8221;&#8221;][vc_column][vc_empty_space height=&#8221;280px&#8221;][\/vc_column][\/vc_row][vc_row row_type=&#8221;row&#8221; use_row_as_full_screen_section=&#8221;no&#8221; type=&#8221;full_width&#8221; angled_section=&#8221;no&#8221;...\" \/>\n<meta property=\"og:url\" content=\"https:\/\/www.comunello.com\/es\/gate\/company\/\" \/>\n<meta property=\"og:site_name\" content=\"Fratelli COMUNELLO\" \/>\n<meta property=\"article:modified_time\" content=\"2017-07-06T13:28:37+00:00\" \/>\n<meta property=\"og:image\" content=\"http:\/\/www.comunello.com\/wp-content\/uploads\/2017\/03\/pdf_icon_40.png\" \/>\n<meta name=\"twitter:card\" content=\"summary_large_image\" \/>\n<meta name=\"twitter:label1\" content=\"Tiempo de lectura\">\n\t<meta name=\"twitter:data1\" content=\"10 minutos\">\n<script type=\"application\/ld+json\" class=\"yoast-schema-graph\">{\"@context\":\"https:\/\/schema.org\",\"@graph\":[{\"@type\":\"WebSite\",\"@id\":\"https:\/\/www.comunello.com\/#website\",\"url\":\"https:\/\/www.comunello.com\/\",\"name\":\"Fratelli COMUNELLO\",\"description\":\"| Life Made Easy\",\"potentialAction\":[{\"@type\":\"SearchAction\",\"target\":\"https:\/\/www.comunello.com\/?s={search_term_string}\",\"query-input\":\"required name=search_term_string\"}],\"inLanguage\":\"es\"},{\"@type\":\"ImageObject\",\"@id\":\"https:\/\/www.comunello.com\/es\/gate\/company\/#primaryimage\",\"inLanguage\":\"es\",\"url\":\"http:\/\/www.comunello.com\/wp-content\/uploads\/2017\/03\/pdf_icon_40.png\"},{\"@type\":\"WebPage\",\"@id\":\"https:\/\/www.comunello.com\/es\/gate\/company\/#webpage\",\"url\":\"https:\/\/www.comunello.com\/es\/gate\/company\/\",\"name\":\"GATE Perfil de la empresa - Fratelli COMUNELLO\",\"isPartOf\":{\"@id\":\"https:\/\/www.comunello.com\/#website\"},\"primaryImageOfPage\":{\"@id\":\"https:\/\/www.comunello.com\/es\/gate\/company\/#primaryimage\"},\"datePublished\":\"2014-12-10T18:11:56+00:00\",\"dateModified\":\"2017-07-06T13:28:37+00:00\",\"breadcrumb\":{\"@id\":\"https:\/\/www.comunello.com\/es\/gate\/company\/#breadcrumb\"},\"inLanguage\":\"es\",\"potentialAction\":[{\"@type\":\"ReadAction\",\"target\":[\"https:\/\/www.comunello.com\/es\/gate\/company\/\"]}]},{\"@type\":\"BreadcrumbList\",\"@id\":\"https:\/\/www.comunello.com\/es\/gate\/company\/#breadcrumb\",\"itemListElement\":[{\"@type\":\"ListItem\",\"position\":1,\"item\":{\"@type\":\"WebPage\",\"@id\":\"https:\/\/www.comunello.com\/es\/\",\"url\":\"https:\/\/www.comunello.com\/es\/\",\"name\":\"Home\"}},{\"@type\":\"ListItem\",\"position\":2,\"item\":{\"@type\":\"WebPage\",\"@id\":\"https:\/\/www.comunello.com\/es\/gate\/\",\"url\":\"https:\/\/www.comunello.com\/es\/gate\/\",\"name\":\"GATE\"}},{\"@type\":\"ListItem\",\"position\":3,\"item\":{\"@type\":\"WebPage\",\"@id\":\"https:\/\/www.comunello.com\/es\/gate\/company\/\",\"url\":\"https:\/\/www.comunello.com\/es\/gate\/company\/\",\"name\":\"GATE Perfil de la empresa\"}}]}]}<\/script>\n<!-- \/ Yoast SEO plugin. -->","_links":{"self":[{"href":"https:\/\/www.comunello.com\/es\/wp-json\/wp\/v2\/pages\/2864\/"}],"collection":[{"href":"https:\/\/www.comunello.com\/es\/wp-json\/wp\/v2\/pages\/"}],"about":[{"href":"https:\/\/www.comunello.com\/es\/wp-json\/wp\/v2\/types\/page\/"}],"author":[{"embeddable":true,"href":"https:\/\/www.comunello.com\/es\/wp-json\/wp\/v2\/users\/1\/"}],"replies":[{"embeddable":true,"href":"https:\/\/www.comunello.com\/es\/wp-json\/wp\/v2\/comments\/?post=2864"}],"version-history":[{"count":3,"href":"https:\/\/www.comunello.com\/es\/wp-json\/wp\/v2\/pages\/2864\/revisions\/"}],"predecessor-version":[{"id":16014,"href":"https:\/\/www.comunello.com\/es\/wp-json\/wp\/v2\/pages\/2864\/revisions\/16014\/"}],"up":[{"embeddable":true,"href":"https:\/\/www.comunello.com\/es\/wp-json\/wp\/v2\/pages\/1917\/"}],"wp:attachment":[{"href":"https:\/\/www.comunello.com\/es\/wp-json\/wp\/v2\/media\/?parent=2864"}],"curies":[{"name":"wp","href":"https:\/\/api.w.org\/{rel}","templated":true}]}}