{"id":26357,"date":"2019-11-29T13:03:16","date_gmt":"2019-11-29T11:03:16","guid":{"rendered":"https:\/\/www.comunello.com\/es\/?page_id=26357"},"modified":"2021-07-13T17:01:42","modified_gmt":"2021-07-13T15:01:42","slug":"automation","status":"publish","type":"page","link":"https:\/\/www.comunello.com\/es\/iberian\/automation\/","title":{"rendered":"IBERIAN &#8211; AUTOMATION"},"content":{"rendered":"<p>[vc_row css_animation=&#8221;&#8221; row_type=&#8221;row&#8221; use_row_as_full_screen_section=&#8221;no&#8221; type=&#8221;full_width&#8221; angled_section=&#8221;no&#8221; text_align=&#8221;left&#8221; background_image_as_pattern=&#8221;without_pattern&#8221; background_color=&#8221;#f2f2f2&#8243; padding_top=&#8221;0&#8243; css=&#8221;.vc_custom_1493979476555{padding-right: 100px !important;padding-left: 100px !important;}&#8221;][vc_column][vc_empty_space height=&#8221;70px&#8221;][vc_row_inner row_type=&#8221;row&#8221; type=&#8221;grid&#8221; text_align=&#8221;left&#8221; css_animation=&#8221;&#8221;][vc_column_inner offset=&#8221;vc_hidden-sm vc_hidden-xs&#8221;][vc_column_text css=&#8221;.vc_custom_1496819470154{padding-left: 5px !important;}&#8221;]<\/p>\n<p class=\"titoletto_divisione\" style=\"text-align: left;\">Automatizaci\u00f3n para puertas, barreras y puertas de garaje<\/p>\n<p>[\/vc_column_text][\/vc_column_inner][\/vc_row_inner][\/vc_column][\/vc_row][vc_row css_animation=&#8221;&#8221; row_type=&#8221;row&#8221; use_row_as_full_screen_section=&#8221;no&#8221; type=&#8221;full_width&#8221; angled_section=&#8221;no&#8221; text_align=&#8221;left&#8221; background_image_as_pattern=&#8221;without_pattern&#8221; background_color=&#8221;#dadada&#8221; padding_top=&#8221;0&#8243; css=&#8221;.vc_custom_1553252089889{border-bottom-width: 1px !important;border-bottom-color: #515151 !important;border-bottom-style: solid !important;}&#8221;][vc_column][vc_raw_html]JTNDc2NyaXB0JTIwc3JjJTNEJTIyaHR0cHMlM0ElMkYlMkZ3d3cuY29tdW5lbGxvLmNvbSUyRndwLWNvbnRlbnQlMkZ0aGVtZXMlMkZicmlkZ2UtY2hpbGQlMkZkdXNvZnQlMkZqcyUyRnZpZGVvLmpzJTIyJTNFJTNDJTJGc2NyaXB0JTNFJTBBJTNDZGl2JTIwc3R5bGUlM0QlMjJ0ZXh0LWFsaWduJTNBY2VudGVyJTIyJTNFJTBBJTNDdmlkZW8lMjBzdHlsZSUzRCUyMndpZHRoJTNBMTAwJTI1JTNCJTIwaGVpZ2h0JTNBJTIwYXV0byUzQiUyMiUyMCUyMGF1dG9wbGF5JTIwY29udHJvbHMlMjBsb29wJTNFJTBBJTNDc291cmNlJTIwc3JjJTNEJTIyaHR0cHMlM0ElMkYlMkZ3d3cuY29tdW5lbGxvLmNvbSUyRm1lZGlhJTJGcHJvZHVjdHMlMkZhcmVhX2ZpbGUlMkZhdXRvbWF0aW9uJTJGY29tdW5lbGxvX2liZXJpYW5fcmlkLm1wNCUyMiUyMHR5cGUlM0QlMjJ2aWRlbyUyRm1wNCUyMiUyMCUyRiUzRSUwQSUzQ3NvdXJjZSUyMHNyYyUzRCUyMmh0dHBzJTNBJTJGJTJGd3d3LmNvbXVuZWxsby5jb20lMkZtZWRpYSUyRnByb2R1Y3RzJTJGYXJlYV9maWxlJTJGam9pbi11cy1hdXRvbWF0aW9uLm9nZyUyMiUyMHR5cGUlM0QlMjJ2aWRlbyUyRm9nZyUyMiUyMCUyRiUzRSUwQSUzQ3NvdXJjZSUyMHNyYyUzRCUyMmh0dHBzJTNBJTJGJTJGd3d3LmNvbXVuZWxsby5jb20lMkZtZWRpYSUyRnByb2R1Y3RzJTJGYXJlYV9maWxlJTJGam9pbi11cy1hdXRvbWF0aW9uLndlYm0lMjIlMjB0eXBlJTNEJTIydmlkZW8lMkZ3ZWJtJTIyJTIwJTJGJTNFJTIwWW91ciUyMGJyb3dzZXIlMjBkb2VzJTIwbm90JTIwc3VwcG9ydCUyMHRoZSUyMHZpZGVvJTIwdGFnLiUwQSUzQyUyRnZpZGVvJTNFJTBBJTNDJTJGZGl2JTNF[\/vc_raw_html][vc_raw_js]JTNDc2NyaXB0JTIwdHlwZSUzRCUyMnRleHQlMkZqYXZhc2NyaXB0JTIyJTNFJTIwJTJGJTJGdmlkZW8lMjglMjAlMjdwbGF5ZXIlMjclMjAlMkMlMjAlN0IlMjBhdXRvcGxheSUyMCUzQSUyMHRydWUlMjAlN0QlMjklM0IlMEElM0MlMkZzY3JpcHQlM0U=[\/vc_raw_js][\/vc_column][\/vc_row][vc_row css_animation=&#8221;&#8221; row_type=&#8221;row&#8221; use_row_as_full_screen_section=&#8221;no&#8221; type=&#8221;full_width&#8221; angled_section=&#8221;no&#8221; text_align=&#8221;left&#8221; background_image_as_pattern=&#8221;without_pattern&#8221; background_color=&#8221;#ffffff&#8221; padding_top=&#8221;0&#8243; css=&#8221;.vc_custom_1490189180882{padding-right: 100px !important;padding-left: 100px !important;}&#8221;][vc_column][vc_raw_html]JTIwJTNDZGl2JTIwaWQlM0QlMjJwcm9kb3R0aSUyMiUyMHN0eWxlJTNEJTIycG9zaXRpb24lM0ElMjBhYnNvbHV0ZSUzQiUwQSUyMCUyMCUyMCUyMHRvcCUzQSUyMC0yMDBweCUzQiUwQSUyMCUyMCUyMCUyMHZpc2liaWxpdHklM0ElMjBoaWRkZW4lM0IlMjIlM0UlM0MlMkZkaXYlM0U=[\/vc_raw_html][vc_empty_space height=&#8221;30px&#8221;][\/vc_column][\/vc_row][vc_row css_animation=&#8221;&#8221; row_type=&#8221;row&#8221; use_row_as_full_screen_section=&#8221;yes&#8221; type=&#8221;full_width&#8221; anchor=&#8221;prod&#8221; angled_section=&#8221;no&#8221; text_align=&#8221;center&#8221; background_image_as_pattern=&#8221;without_pattern&#8221; background_color=&#8221;#ffffff&#8221; padding_top=&#8221;0&#8243; el_class=&#8221;testiprodotti_divisione&#8221;][vc_column width=&#8221;1\/2&#8243;][vc_row_inner row_type=&#8221;row&#8221; type=&#8221;full_width&#8221; text_align=&#8221;left&#8221; css_animation=&#8221;&#8221;][vc_column_inner width=&#8221;1\/4&#8243;][vc_column_text]<a href=\"https:\/\/www.comunello.com\/es\/iberian\/automation\/puerta-batiente\/\"><img class=\"aligncenter\" title=\"SWING GATE\" src=\"\/media\/products\/automation\/cancello_battente\/comunello-automation-cancello_battente-icon.jpg\" alt=\"SWING GATE\" border=\"0\" \/><\/a>[\/vc_column_text][vc_column_text el_class=&#8221;col_div_gate&#8221;]<\/p>\n<p style=\"text-align: center;\"><a href=\"https:\/\/www.comunello.com\/es\/iberian\/automation\/puerta-batiente\/\">PUERTA BATIENTE<\/a><\/p>\n<p>[\/vc_column_text][vc_empty_space][\/vc_column_inner][vc_column_inner width=&#8221;1\/4&#8243;][vc_column_text]<a href=\"https:\/\/www.comunello.com\/es\/iberian\/automation\/puerta-corredera\/\"><img class=\"aligncenter\" src=\"\/media\/products\/automation\/cancello_scorrevole\/comunello-automation-cancello_scorrevole-icon.jpg\" alt=\"\" \/><\/a>[\/vc_column_text][vc_column_text el_class=&#8221;col_div_gate&#8221;]<\/p>\n<p style=\"text-align: center;\"><a href=\"https:\/\/www.comunello.com\/es\/iberian\/automation\/puerta-corredera\/\">PUERTA CORREDERA<\/a><\/p>\n<p>[\/vc_column_text][vc_empty_space][\/vc_column_inner][vc_column_inner width=&#8221;1\/4&#8243;][vc_column_text css=&#8221;.vc_custom_1575964819815{margin-top: 10px !important;}&#8221;]<a href=\"https:\/\/www.comunello.com\/es\/iberian\/automation\/puertas-de-garaje\/\"><img class=\"aligncenter\" src=\"\/media\/products\/automation\/porte_da_garage\/comunello-automation-porte_da_garage-icon.jpg\" alt=\"\" \/><\/a>[\/vc_column_text][vc_column_text el_class=&#8221;col_div_gate&#8221;]<\/p>\n<p style=\"text-align: center;\"><a href=\"https:\/\/www.comunello.com\/es\/iberian\/automation\/puertas-de-garaje\/\">PUERTAS DE GARAJE<\/a><\/p>\n<p>[\/vc_column_text][vc_empty_space][\/vc_column_inner][vc_column_inner width=&#8221;1\/4&#8243;][vc_column_text css=&#8221;.vc_custom_1575964860703{margin-top: 10px !important;}&#8221;]<a href=\"https:\/\/www.comunello.com\/es\/iberian\/automation\/barreras-de-carretera\/\"><img class=\"aligncenter\" src=\"\/media\/products\/automation\/barriere_stradali\/comunello-automation-barriere_stradali-icon.jpg\" alt=\"\" \/><\/a>[\/vc_column_text][vc_column_text el_class=&#8221;col_div_gate&#8221;]<\/p>\n<p style=\"text-align: center;\"><a href=\"https:\/\/www.comunello.com\/es\/iberian\/automation\/barreras-de-carretera\/\">BARRERAS DE CARRETERA<\/a><\/p>\n<p>[\/vc_column_text][vc_empty_space][\/vc_column_inner][\/vc_row_inner][\/vc_column][vc_column width=&#8221;1\/2&#8243;][vc_row_inner row_type=&#8221;row&#8221; type=&#8221;full_width&#8221; text_align=&#8221;left&#8221; css_animation=&#8221;&#8221;][vc_column_inner width=&#8221;1\/4&#8243;][vc_column_text css=&#8221;.vc_custom_1578561681090{margin-top: 10px !important;}&#8221;]<a href=\"http:\/\/www.comunello.com\/es\/iberian\/automation\/products\/accesorios-de-mando\/\"><img class=\"aligncenter\" src=\"\/media\/products\/automation\/accessori_di_comando\/comunello-automation-accessori_di_comando-icon.jpg\" alt=\"\" \/><\/a>[\/vc_column_text][vc_column_text el_class=&#8221;col_div_gate&#8221;]<\/p>\n<p style=\"text-align: center;\"><a href=\"http:\/\/www.comunello.com\/es\/iberian\/automation\/products\/accesorios-de-mando\/\">ACCESORIOS DE MANDO<\/a><\/p>\n<p>[\/vc_column_text][vc_empty_space][\/vc_column_inner][vc_column_inner width=&#8221;1\/4&#8243;][vc_column_text css=&#8221;.vc_custom_1493997391713{margin-top: 10px !important;}&#8221;]<a href=\"http:\/\/www.comunello.com\/es\/iberian\/automation\/products\/accesorios-de-mando-radio\/\"><img class=\"aligncenter\" src=\"\/media\/products\/automation\/accessori_di_comando_radio\/comunello-automation-accessori_di_comando_radio-icon.jpg\" alt=\"\" \/><\/a>[\/vc_column_text][vc_column_text el_class=&#8221;col_div_gate&#8221;]<\/p>\n<p style=\"text-align: center;\"><a href=\"http:\/\/www.comunello.com\/es\/iberian\/automation\/products\/accesorios-de-mando-radio\/\">ACCESORIOS DE MANDO RADIO<\/a><\/p>\n<p>[\/vc_column_text][vc_empty_space][\/vc_column_inner][vc_column_inner width=&#8221;1\/4&#8243;][vc_column_text css=&#8221;.vc_custom_1493997421672{margin-top: 10px !important;}&#8221;]<a href=\"http:\/\/www.comunello.com\/es\/iberian\/automation\/products\/accesorios-de-seguridad\/\"><img class=\"aligncenter\" src=\"\/media\/products\/automation\/accessori_di_sicurezza\/comunello-automation-accessori_di_sicurezza-icon.jpg\" alt=\"\" \/><\/a>[\/vc_column_text][vc_column_text el_class=&#8221;col_div_gate&#8221;]<\/p>\n<p style=\"text-align: center;\"><a href=\"http:\/\/www.comunello.com\/es\/iberian\/automation\/products\/accesorios-de-seguridad\/\">ACCESORIOS DE SEGURIDAD<br \/>\n<\/a><\/p>\n<p>[\/vc_column_text][vc_empty_space][\/vc_column_inner][vc_column_inner width=&#8221;1\/4&#8243;][vc_column_text css=&#8221;.vc_custom_1493997459909{margin-top: 10px !important;}&#8221;]<a href=\"http:\/\/www.comunello.com\/es\/iberian\/automation\/products\/control-electronico\/\"><img class=\"aligncenter\" src=\"\/media\/products\/automation\/elettronica_di_comando\/comunello-automation-elettronica_di_comando-icon.jpg\" alt=\"\" \/><\/a>[\/vc_column_text][vc_column_text el_class=&#8221;col_div_gate&#8221;]<\/p>\n<p style=\"text-align: center;\"><a href=\"http:\/\/www.comunello.com\/es\/iberian\/automation\/products\/control-electronico\/\">CONTROL ELECTRONICO<\/a><\/p>\n<p>[\/vc_column_text][vc_empty_space][\/vc_column_inner][\/vc_row_inner][\/vc_column][\/vc_row][vc_row css_animation=&#8221;&#8221; row_type=&#8221;row&#8221; use_row_as_full_screen_section=&#8221;no&#8221; type=&#8221;full_width&#8221; angled_section=&#8221;no&#8221; text_align=&#8221;left&#8221; background_image_as_pattern=&#8221;without_pattern&#8221; background_color=&#8221;#ffffff&#8221;][vc_column][vc_empty_space height=&#8221;12px&#8221;][vc_separator type=&#8221;normal&#8221;][vc_empty_space][\/vc_column][\/vc_row][vc_row css_animation=&#8221;&#8221; row_type=&#8221;row&#8221; use_row_as_full_screen_section=&#8221;no&#8221; type=&#8221;grid&#8221; angled_section=&#8221;no&#8221; text_align=&#8221;left&#8221; background_image_as_pattern=&#8221;without_pattern&#8221; background_color=&#8221;#ffffff&#8221;][vc_column][vc_single_image image=&#8221;26775&#8243; img_size=&#8221;full&#8221; alignment=&#8221;center&#8221; qode_css_animation=&#8221;&#8221;][vc_empty_space height=&#8221;12px&#8221;][\/vc_column][\/vc_row][vc_row css_animation=&#8221;&#8221; row_type=&#8221;row&#8221; use_row_as_full_screen_section=&#8221;no&#8221; type=&#8221;grid&#8221; angled_section=&#8221;no&#8221; text_align=&#8221;left&#8221; background_image_as_pattern=&#8221;without_pattern&#8221; background_color=&#8221;#ffffff&#8221;][vc_column width=&#8221;1\/2&#8243;][vc_empty_space height=&#8221;20px&#8221;][vc_empty_space height=&#8221;10px&#8221;][vc_empty_space height=&#8221;10px&#8221;][vc_single_image image=&#8221;27275&#8243; img_size=&#8221;full&#8221; alignment=&#8221;center&#8221; qode_css_animation=&#8221;&#8221;][\/vc_column][vc_column width=&#8221;1\/2&#8243;][vc_empty_space height=&#8221;20px&#8221;][vc_empty_space height=&#8221;20px&#8221;][vc_column_text el_class=&#8221;test_one_page&#8221;]Comunello IBERIAN nace de una fusi\u00f3n de sentimientos y pensamientos muy claros, por lo que los valores b\u00e1sicos son incuestionables. La determinaci\u00f3n, el coraje y la confianza en uno mismo son factores decisivos para el \u00e9xito.[\/vc_column_text][vc_empty_space height=&#8221;20px&#8221;][vc_column_text el_class=&#8221;test_one_page&#8221;]Cuando estemos pose\u00eddos por una determinaci\u00f3n inquebrantable, podremos superarlos. Estamos en perfecta armon\u00eda con quienes tienen la interpretaci\u00f3n de la vida, la humildad, la honestidad y la profesionalidad.[\/vc_column_text][vc_empty_space height=&#8221;20px&#8221;][vc_column_text el_class=&#8221;test_one_page&#8221;]Personas felices, que recuerdan el pasado con gratitud, que se regocijan en el presente y enfrentan el futuro sin temor a los obst\u00e1culos, solo as\u00ed haremos cosas admirables.[\/vc_column_text][\/vc_column][\/vc_row][vc_row css_animation=&#8221;&#8221; row_type=&#8221;row&#8221; use_row_as_full_screen_section=&#8221;no&#8221; type=&#8221;full_width&#8221; angled_section=&#8221;no&#8221; text_align=&#8221;left&#8221; background_image_as_pattern=&#8221;without_pattern&#8221; background_color=&#8221;#ffffff&#8221;][vc_column][vc_empty_space height=&#8221;12px&#8221;][vc_separator type=&#8221;normal&#8221; color=&#8221;#eaeaea&#8221;][vc_empty_space][\/vc_column][\/vc_row][vc_row css_animation=&#8221;&#8221; row_type=&#8221;row&#8221; use_row_as_full_screen_section=&#8221;no&#8221; type=&#8221;grid&#8221; angled_section=&#8221;no&#8221; text_align=&#8221;left&#8221; background_image_as_pattern=&#8221;without_pattern&#8221; background_color=&#8221;#ffffff&#8221;][vc_column][vc_column_text]<\/p>\n<h1 style=\"font-size: 42px; font-family: helvth; text-align: center;\"><span style=\"color: #95c11f;\">EAGLE<\/span> NEW 2021<\/h1>\n<p>[\/vc_column_text][vc_empty_space height=&#8221;12px&#8221;][\/vc_column][\/vc_row][vc_row css_animation=&#8221;&#8221; row_type=&#8221;row&#8221; use_row_as_full_screen_section=&#8221;no&#8221; type=&#8221;grid&#8221; angled_section=&#8221;no&#8221; text_align=&#8221;left&#8221; background_image_as_pattern=&#8221;without_pattern&#8221; background_color=&#8221;#ffffff&#8221;][vc_column width=&#8221;1\/2&#8243;][vc_single_image image=&#8221;32330&#8243; img_size=&#8221;full&#8221; alignment=&#8221;center&#8221; qode_css_animation=&#8221;&#8221;][\/vc_column][vc_column width=&#8221;1\/2&#8243;][vc_empty_space height=&#8221;20px&#8221;][vc_empty_space height=&#8221;20px&#8221;][vc_column_text el_class=&#8221;test_one_page&#8221;]NUEVA VERSI\u00d3N<br \/>\nDEL ACTUADOR <strong>EAGLE<\/strong>,<br \/>\nACTUADOR SUBTERR\u00c1NEO<br \/>\nPARA PUERTAS BATIENTES,<br \/>\nPRECISO, SILENCIOSO<br \/>\nY A\u00daN M\u00c1S FIABLE[\/vc_column_text][vc_empty_space height=&#8221;20px&#8221;][vc_empty_space height=&#8221;30px&#8221;][vc_raw_html]JTNDYSUyMGNsYXNzJTNEJTIycHVsc19hdXRfY2F0JTIwcF9wX3N4JTIyJTIwaHJlZiUzRCUyMmh0dHBzJTNBJTJGJTJGd3d3LmNvbXVuZWxsby5jb20lMkZlcyUyRmliZXJpYW4lMkZhdXRvbWF0aW9uJTJGcHJvZHVjdHMlMkZwdWVydGEtYmF0aWVudGUlMkZlYWdsZSUyRiUyMiUzRUVudHJhciUzQyUyRmElM0U=[\/vc_raw_html][\/vc_column][\/vc_row][vc_row css_animation=&#8221;&#8221; row_type=&#8221;row&#8221; use_row_as_full_screen_section=&#8221;no&#8221; type=&#8221;full_width&#8221; angled_section=&#8221;no&#8221; text_align=&#8221;left&#8221; background_image_as_pattern=&#8221;without_pattern&#8221; background_color=&#8221;#ffffff&#8221;][vc_column][vc_empty_space][\/vc_column][\/vc_row][vc_row css_animation=&#8221;&#8221; row_type=&#8221;row&#8221; use_row_as_full_screen_section=&#8221;no&#8221; type=&#8221;full_width&#8221; angled_section=&#8221;no&#8221; text_align=&#8221;left&#8221; background_image_as_pattern=&#8221;without_pattern&#8221; background_color=&#8221;#ffffff&#8221;][vc_column][vc_empty_space height=&#8221;12px&#8221;][vc_separator type=&#8221;normal&#8221;][vc_empty_space][\/vc_column][\/vc_row][vc_row css_animation=&#8221;&#8221; row_type=&#8221;row&#8221; use_row_as_full_screen_section=&#8221;no&#8221; type=&#8221;grid&#8221; angled_section=&#8221;no&#8221; text_align=&#8221;left&#8221; background_image_as_pattern=&#8221;without_pattern&#8221; background_color=&#8221;#ffffff&#8221;][vc_column][vc_column_text]<\/p>\n<h1 style=\"font-size: 42px; font-family: helvth; text-align: center;\"><span style=\"color: #95c11f;\">NEW <\/span> LIMIT GREY<\/h1>\n<p>[\/vc_column_text][vc_empty_space height=&#8221;12px&#8221;][vc_empty_space height=&#8221;12px&#8221;][\/vc_column][\/vc_row][vc_row css_animation=&#8221;&#8221; row_type=&#8221;row&#8221; use_row_as_full_screen_section=&#8221;no&#8221; type=&#8221;grid&#8221; angled_section=&#8221;no&#8221; text_align=&#8221;left&#8221; background_image_as_pattern=&#8221;without_pattern&#8221; background_color=&#8221;#ffffff&#8221;][vc_column width=&#8221;1\/2&#8243;][vc_empty_space height=&#8221;20px&#8221;][vc_empty_space height=&#8221;20px&#8221;][vc_empty_space height=&#8221;20px&#8221;][vc_column_text el_class=&#8221;test_one_page&#8221;]<\/p>\n<div class=\"wpb_text_column wpb_content_element test_one_page\">\n<div class=\"wpb_wrapper\">\n<p style=\"text-align: right;\">NUEVA VERSI\u00d3N<br \/>\nDE LAS BARRERAS<br \/>\n<strong>LIMIT 500<\/strong> Y<br \/>\n<strong>LIMIT 600 <\/strong>EN<br \/>\nGRIS ANTRACITA<\/p>\n<\/div>\n<\/div>\n<div class=\"vc_empty_space\"><\/div>\n<p>[\/vc_column_text][vc_empty_space height=&#8221;20px&#8221;][vc_empty_space height=&#8221;30px&#8221;][vc_raw_html]JTNDYSUyMGNsYXNzJTNEJTIycHVsc19hdXRfY2F0JTIwcF9wX2R4JTIyJTIwaHJlZiUzRCUyMmh0dHBzJTNBJTJGJTJGd3d3LmNvbXVuZWxsby5jb20lMkZlcyUyRmliZXJpYW4lMkZhdXRvbWF0aW9uJTJGYmFycmVyYXMtZGUtY2FycmV0ZXJhJTJGJTIyJTNFRW50cmFyJTNDJTJGYSUzRQ==[\/vc_raw_html][\/vc_column][vc_column width=&#8221;1\/2&#8243;][vc_single_image image=&#8221;32378&#8243; img_size=&#8221;full&#8221; alignment=&#8221;center&#8221; qode_css_animation=&#8221;&#8221;][\/vc_column][\/vc_row][vc_row css_animation=&#8221;&#8221; row_type=&#8221;row&#8221; use_row_as_full_screen_section=&#8221;no&#8221; type=&#8221;full_width&#8221; angled_section=&#8221;no&#8221; text_align=&#8221;left&#8221; background_image_as_pattern=&#8221;without_pattern&#8221; background_color=&#8221;#ffffff&#8221;][vc_column][vc_empty_space][\/vc_column][\/vc_row][vc_row css_animation=&#8221;&#8221; row_type=&#8221;row&#8221; use_row_as_full_screen_section=&#8221;no&#8221; type=&#8221;full_width&#8221; angled_section=&#8221;no&#8221; text_align=&#8221;left&#8221; background_image_as_pattern=&#8221;without_pattern&#8221;][vc_column][vc_empty_space height=&#8221;8px&#8221;][\/vc_column][\/vc_row]<\/p>\n","protected":false},"excerpt":{"rendered":"<p>[vc_row css_animation=&#8221;&#8221; row_type=&#8221;row&#8221; use_row_as_full_screen_section=&#8221;no&#8221; type=&#8221;full_width&#8221; angled_section=&#8221;no&#8221; text_align=&#8221;left&#8221; background_image_as_pattern=&#8221;without_pattern&#8221; background_color=&#8221;#f2f2f2&#8243; padding_top=&#8221;0&#8243; css=&#8221;.vc_custom_1493979476555{padding-right: 100px !important;padding-left: 100px !important;}&#8221;][vc_column][vc_empty_space height=&#8221;70px&#8221;][vc_row_inner row_type=&#8221;row&#8221; type=&#8221;grid&#8221; text_align=&#8221;left&#8221; css_animation=&#8221;&#8221;][vc_column_inner offset=&#8221;vc_hidden-sm vc_hidden-xs&#8221;][vc_column_text css=&#8221;.vc_custom_1496819470154{padding-left: 5px !important;}&#8221;]&#8230;<\/p>\n","protected":false},"author":4,"featured_media":0,"parent":26358,"menu_order":0,"comment_status":"closed","ping_status":"closed","template":"full_width.php","meta":[],"yoast_head":"<!-- This site is optimized with the Yoast SEO plugin v16.0.2 - https:\/\/yoast.com\/wordpress\/plugins\/seo\/ -->\n<link rel=\"canonical\" href=\"https:\/\/www.comunello.com\/es\/iberian\/automation\/\" \/>\n<meta property=\"og:locale\" content=\"es_ES\" \/>\n<meta property=\"og:type\" content=\"article\" \/>\n<meta property=\"og:title\" content=\"IBERIAN - AUTOMATION - Fratelli COMUNELLO\" \/>\n<meta property=\"og:description\" content=\"[vc_row css_animation=&#8221;&#8221; row_type=&#8221;row&#8221; use_row_as_full_screen_section=&#8221;no&#8221; type=&#8221;full_width&#8221; angled_section=&#8221;no&#8221; text_align=&#8221;left&#8221; background_image_as_pattern=&#8221;without_pattern&#8221; background_color=&#8221;#f2f2f2&#8243; padding_top=&#8221;0&#8243; css=&#8221;.vc_custom_1493979476555{padding-right: 100px !important;padding-left: 100px !important;}&#8221;][vc_column][vc_empty_space height=&#8221;70px&#8221;][vc_row_inner row_type=&#8221;row&#8221; type=&#8221;grid&#8221; text_align=&#8221;left&#8221; css_animation=&#8221;&#8221;][vc_column_inner offset=&#8221;vc_hidden-sm vc_hidden-xs&#8221;][vc_column_text css=&#8221;.vc_custom_1496819470154{padding-left: 5px !important;}&#8221;]...\" \/>\n<meta property=\"og:url\" content=\"https:\/\/www.comunello.com\/es\/iberian\/automation\/\" \/>\n<meta property=\"og:site_name\" content=\"Fratelli COMUNELLO\" \/>\n<meta property=\"article:modified_time\" content=\"2021-07-13T15:01:42+00:00\" \/>\n<meta property=\"og:image\" content=\"https:\/\/www.comunello.com\/media\/products\/automation\/cancello_battente\/comunello-automation-cancello_battente-icon.jpg\" \/>\n<meta name=\"twitter:card\" content=\"summary_large_image\" \/>\n<meta name=\"twitter:label1\" content=\"Tiempo de lectura\">\n\t<meta name=\"twitter:data1\" content=\"4 minutos\">\n<script type=\"application\/ld+json\" class=\"yoast-schema-graph\">{\"@context\":\"https:\/\/schema.org\",\"@graph\":[{\"@type\":\"WebSite\",\"@id\":\"https:\/\/www.comunello.com\/#website\",\"url\":\"https:\/\/www.comunello.com\/\",\"name\":\"Fratelli COMUNELLO\",\"description\":\"| Life Made Easy\",\"potentialAction\":[{\"@type\":\"SearchAction\",\"target\":\"https:\/\/www.comunello.com\/?s={search_term_string}\",\"query-input\":\"required name=search_term_string\"}],\"inLanguage\":\"es\"},{\"@type\":\"ImageObject\",\"@id\":\"https:\/\/www.comunello.com\/es\/iberian\/automation\/#primaryimage\",\"inLanguage\":\"es\",\"url\":\"\/media\/products\/automation\/cancello_battente\/comunello-automation-cancello_battente-icon.jpg\"},{\"@type\":\"WebPage\",\"@id\":\"https:\/\/www.comunello.com\/es\/iberian\/automation\/#webpage\",\"url\":\"https:\/\/www.comunello.com\/es\/iberian\/automation\/\",\"name\":\"IBERIAN - AUTOMATION - Fratelli COMUNELLO\",\"isPartOf\":{\"@id\":\"https:\/\/www.comunello.com\/#website\"},\"primaryImageOfPage\":{\"@id\":\"https:\/\/www.comunello.com\/es\/iberian\/automation\/#primaryimage\"},\"datePublished\":\"2019-11-29T11:03:16+00:00\",\"dateModified\":\"2021-07-13T15:01:42+00:00\",\"breadcrumb\":{\"@id\":\"https:\/\/www.comunello.com\/es\/iberian\/automation\/#breadcrumb\"},\"inLanguage\":\"es\",\"potentialAction\":[{\"@type\":\"ReadAction\",\"target\":[\"https:\/\/www.comunello.com\/es\/iberian\/automation\/\"]}]},{\"@type\":\"BreadcrumbList\",\"@id\":\"https:\/\/www.comunello.com\/es\/iberian\/automation\/#breadcrumb\",\"itemListElement\":[{\"@type\":\"ListItem\",\"position\":1,\"item\":{\"@type\":\"WebPage\",\"@id\":\"https:\/\/www.comunello.com\/es\/\",\"url\":\"https:\/\/www.comunello.com\/es\/\",\"name\":\"Home\"}},{\"@type\":\"ListItem\",\"position\":2,\"item\":{\"@type\":\"WebPage\",\"@id\":\"https:\/\/www.comunello.com\/es\/iberian\/\",\"url\":\"https:\/\/www.comunello.com\/es\/iberian\/\",\"name\":\"IBERIAN HOMEPAGE\"}},{\"@type\":\"ListItem\",\"position\":3,\"item\":{\"@type\":\"WebPage\",\"@id\":\"https:\/\/www.comunello.com\/es\/iberian\/automation\/\",\"url\":\"https:\/\/www.comunello.com\/es\/iberian\/automation\/\",\"name\":\"IBERIAN &#8211; AUTOMATION\"}}]}]}<\/script>\n<!-- \/ Yoast SEO plugin. -->","_links":{"self":[{"href":"https:\/\/www.comunello.com\/es\/wp-json\/wp\/v2\/pages\/26357\/"}],"collection":[{"href":"https:\/\/www.comunello.com\/es\/wp-json\/wp\/v2\/pages\/"}],"about":[{"href":"https:\/\/www.comunello.com\/es\/wp-json\/wp\/v2\/types\/page\/"}],"author":[{"embeddable":true,"href":"https:\/\/www.comunello.com\/es\/wp-json\/wp\/v2\/users\/4\/"}],"replies":[{"embeddable":true,"href":"https:\/\/www.comunello.com\/es\/wp-json\/wp\/v2\/comments\/?post=26357"}],"version-history":[{"count":40,"href":"https:\/\/www.comunello.com\/es\/wp-json\/wp\/v2\/pages\/26357\/revisions\/"}],"predecessor-version":[{"id":32872,"href":"https:\/\/www.comunello.com\/es\/wp-json\/wp\/v2\/pages\/26357\/revisions\/32872\/"}],"up":[{"embeddable":true,"href":"https:\/\/www.comunello.com\/es\/wp-json\/wp\/v2\/pages\/26358\/"}],"wp:attachment":[{"href":"https:\/\/www.comunello.com\/es\/wp-json\/wp\/v2\/media\/?parent=26357"}],"curies":[{"name":"wp","href":"https:\/\/api.w.org\/{rel}","templated":true}]}}