{"id":1986,"date":"2014-12-10T18:30:07","date_gmt":"2014-12-10T18:30:07","guid":{"rendered":"http:\/\/www.comunello.com\/frame\/company\/"},"modified":"2017-09-01T12:33:09","modified_gmt":"2017-09-01T10:33:09","slug":"company","status":"publish","type":"page","link":"https:\/\/www.comunello.com\/es\/frame\/company\/","title":{"rendered":"FRAME Perfil de la empresa"},"content":{"rendered":"<p>[vc_row row_type=&#8221;row&#8221; use_row_as_full_screen_section=&#8221;no&#8221; type=&#8221;full_width&#8221; angled_section=&#8221;no&#8221; text_align=&#8221;left&#8221; background_image_as_pattern=&#8221;without_pattern&#8221; border_color=&#8221;#cecece&#8221; css_animation=&#8221;&#8221;][vc_column][vc_column_text]Nuova [\/vc_column_text][vc_empty_space height=&#8221;45px&#8221;][\/vc_column][\/vc_row][vc_row row_type=&#8221;row&#8221; use_row_as_full_screen_section=&#8221;no&#8221; type=&#8221;full_width&#8221; angled_section=&#8221;no&#8221; text_align=&#8221;center&#8221; background_image=&#8221;15318&#8243; background_image_as_pattern=&#8221;without_pattern&#8221; border_color=&#8221;#919191&#8243; css_animation=&#8221;&#8221;][vc_column][vc_empty_space height=&#8221;280px&#8221;][\/vc_column][\/vc_row][vc_row row_type=&#8221;row&#8221; use_row_as_full_screen_section=&#8221;no&#8221; type=&#8221;full_width&#8221; angled_section=&#8221;no&#8221; text_align=&#8221;left&#8221; background_image_as_pattern=&#8221;without_pattern&#8221; css_animation=&#8221;&#8221; css=&#8221;.vc_custom_1492599534047{background-color: #ffffff !important;}&#8221;][vc_column][vc_empty_space height=&#8221;60px&#8221;][\/vc_column][\/vc_row][vc_row row_type=&#8221;row&#8221; use_row_as_full_screen_section=&#8221;no&#8221; type=&#8221;grid&#8221; angled_section=&#8221;no&#8221; text_align=&#8221;center&#8221; background_image_as_pattern=&#8221;without_pattern&#8221; background_color=&#8221;#ffffff&#8221; css_animation=&#8221;&#8221; css=&#8221;.vc_custom_1490369294730{background-color: #ffffff !important;}&#8221;][vc_column][vc_empty_space height=&#8221;60px&#8221;][vc_column_text]<\/p>\n<p style=\"text-align: center; font-family: helvth; font-size: 42px; line-height: 42px;\">COMPANY PROFILE<\/p>\n<p>[\/vc_column_text][\/vc_column][\/vc_row][vc_row row_type=&#8221;row&#8221; use_row_as_full_screen_section=&#8221;no&#8221; type=&#8221;full_width&#8221; angled_section=&#8221;no&#8221; text_align=&#8221;center&#8221; background_image_as_pattern=&#8221;without_pattern&#8221; background_color=&#8221;#ffffff&#8221; css_animation=&#8221;&#8221; css=&#8221;.vc_custom_1491818960772{background-color: #ffffff !important;}&#8221;][vc_column][vc_separator type=&#8221;normal&#8221;][\/vc_column][\/vc_row][vc_row row_type=&#8221;row&#8221; use_row_as_full_screen_section=&#8221;no&#8221; type=&#8221;grid&#8221; angled_section=&#8221;no&#8221; text_align=&#8221;center&#8221; background_image_as_pattern=&#8221;without_pattern&#8221; background_color=&#8221;#ffffff&#8221; css_animation=&#8221;&#8221; css=&#8221;.vc_custom_1491826070100{background-color: #ffffff !important;}&#8221;][vc_column el_class=&#8221;test_one_page&#8221;][vc_empty_space][vc_column_text el_class=&#8221;test_one_page&#8221;]<\/p>\n<div class=\"wpb_text_column wpb_content_element test_one_page\">\n<div class=\"wpb_wrapper\">\n<p>Han transcurrido m\u00e1s de cincuenta a\u00f1os desde que el fundador, Vittorio Comunello, ha comenzado su aventura pionera fundando una empresa que fabrica componentes para puertas correderas que, r\u00e1pidamente, conquista y todav\u00eda mantiene una posici\u00f3n l\u00edder en el mercado por innovaci\u00f3n y b\u00fasqueda de la calidad absoluta.<br \/>\nM\u00e1s de cincuenta a\u00f1os de precisi\u00f3n en la fabricaci\u00f3n de componentes perfectos, que siguen la evoluci\u00f3n de las tecnolog\u00edas m\u00e1s avanzadas y que garantizan los m\u00e1s altos est\u00e1ndares de seguridad.<\/p>\n<p>&nbsp;<\/p>\n<p>La empresa, fundada en 1965 por Vittorio Comunello, actualmente est\u00e1 dirigida por la segunda generaci\u00f3n: Franco, Silvia y Luca.<\/p>\n<\/div>\n<\/div>\n<p>[\/vc_column_text][vc_empty_space height=&#8221;60px&#8221;][\/vc_column][\/vc_row][vc_row row_type=&#8221;row&#8221; use_row_as_full_screen_section=&#8221;no&#8221; type=&#8221;full_width&#8221; angled_section=&#8221;no&#8221; text_align=&#8221;left&#8221; background_image_as_pattern=&#8221;without_pattern&#8221; background_color=&#8221;#ffffff&#8221; css_animation=&#8221;&#8221;][vc_column][vc_empty_space height=&#8221;12px&#8221;][vc_separator type=&#8221;normal&#8221;][vc_empty_space][\/vc_column][\/vc_row][vc_row row_type=&#8221;row&#8221; use_row_as_full_screen_section=&#8221;no&#8221; type=&#8221;grid&#8221; angled_section=&#8221;no&#8221; text_align=&#8221;left&#8221; background_image_as_pattern=&#8221;without_pattern&#8221; background_color=&#8221;#ffffff&#8221; css_animation=&#8221;&#8221;][vc_column][vc_column_text]<\/p>\n<h1 style=\"font-size: 42px; font-family: helvth; text-align: center;\">PRECISION <span style=\"color: #f9b234;\">MADE<\/span> EASY<\/h1>\n<p>[\/vc_column_text][vc_empty_space][\/vc_column][\/vc_row][vc_row row_type=&#8221;row&#8221; use_row_as_full_screen_section=&#8221;no&#8221; type=&#8221;grid&#8221; angled_section=&#8221;no&#8221; text_align=&#8221;left&#8221; background_image_as_pattern=&#8221;without_pattern&#8221; background_color=&#8221;#ffffff&#8221; css_animation=&#8221;&#8221; css=&#8221;.vc_custom_1495533166047{padding-right: 50px !important;padding-left: 50px !important;}&#8221;][vc_column width=&#8221;1\/2&#8243;][vc_empty_space][vc_column_text el_class=&#8221;test_one_page&#8221;]<\/p>\n<p class=\"p1\">Un proveedor l\u00edder de componentes para las ventanas desde 1965, Fratelli Comunello ha desarrollado a lo largo de los a\u00f1os un concepto de calidad absoluta, que es la base de su misi\u00f3n y se expresa en el apoyo<span class=\"Apple-converted-space\">\u00a0\u00a0<\/span>ofrecido a sus socios a trav\u00e9s de propuestas innovadoras, t\u00e9cnicamente impecables, tecnol\u00f3gicamente avanzados.<\/p>\n<p>[\/vc_column_text][vc_empty_space height=&#8221;12px&#8221;][vc_column_text el_class=&#8221;test_one_page&#8221;]<\/p>\n<p class=\"p1\">Recursos y energ\u00edas est\u00e1n efectivamente abordados en el intercambio de estrategias y t\u00e1cticas con el objetivo com\u00fan de ofrecer al mercado un producto superior.<\/p>\n<p>[\/vc_column_text][vc_empty_space height=&#8221;12px&#8221;][vc_column_text el_class=&#8221;test_one_page&#8221;]<\/p>\n<p class=\"p1\">El cliente tambi\u00e9n puede contar en todo momento en una asistencia t\u00e9cnica profesional y calificado en base a sus necesidades espec\u00edficas.<\/p>\n<p>[\/vc_column_text][vc_empty_space][\/vc_column][vc_column width=&#8221;1\/2&#8243;][vc_empty_space height=&#8221;12px&#8221;][vc_single_image image=&#8221;16616&#8243; img_size=&#8221;full&#8221; alignment=&#8221;center&#8221; qode_css_animation=&#8221;element_from_right&#8221; transition_delay=&#8221;0,5&#8243;][\/vc_column][\/vc_row][vc_row row_type=&#8221;row&#8221; use_row_as_full_screen_section=&#8221;no&#8221; type=&#8221;full_width&#8221; angled_section=&#8221;no&#8221; text_align=&#8221;left&#8221; background_image_as_pattern=&#8221;without_pattern&#8221; background_color=&#8221;#ffffff&#8221; css_animation=&#8221;&#8221;][vc_column][vc_empty_space height=&#8221;12px&#8221;][vc_separator type=&#8221;normal&#8221;][vc_empty_space][\/vc_column][\/vc_row][vc_row row_type=&#8221;row&#8221; use_row_as_full_screen_section=&#8221;no&#8221; type=&#8221;grid&#8221; angled_section=&#8221;no&#8221; text_align=&#8221;left&#8221; background_image_as_pattern=&#8221;without_pattern&#8221; background_color=&#8221;#ffffff&#8221; css_animation=&#8221;&#8221;][vc_column][vc_column_text]<\/p>\n<h1 style=\"font-size: 42px; font-family: helvth; text-align: center;\"><span style=\"color: #f9b234;\">PRECISION<\/span> SIN RIVALES<\/h1>\n<p>[\/vc_column_text][vc_empty_space][\/vc_column][\/vc_row][vc_row row_type=&#8221;row&#8221; use_row_as_full_screen_section=&#8221;no&#8221; type=&#8221;grid&#8221; angled_section=&#8221;no&#8221; text_align=&#8221;left&#8221; background_image_as_pattern=&#8221;without_pattern&#8221; background_color=&#8221;#ffffff&#8221; css_animation=&#8221;&#8221; css=&#8221;.vc_custom_1495533166047{padding-right: 50px !important;padding-left: 50px !important;}&#8221;][vc_column width=&#8221;1\/2&#8243;][vc_empty_space height=&#8221;12px&#8221;][vc_single_image image=&#8221;16631&#8243; img_size=&#8221;full&#8221; alignment=&#8221;center&#8221; qode_css_animation=&#8221;element_from_left&#8221; transition_delay=&#8221;0,5&#8243;][\/vc_column][vc_column width=&#8221;1\/2&#8243;][vc_empty_space][vc_column_text el_class=&#8221;test_one_page&#8221;]Una vista racional de la totalidad caracteriza una propuesta que no se limita a una serie de partes individuales, pero tiene una gama de soportes de escuadras extremadamente completo y eficiente.\u00a0<strong>Para garantizar la calidad y la funcionalidad de la ventana son importantes las soluciones innovadoras y pr\u00e1cticas a los m\u00e1s altos niveles de precisi\u00f3n. Todos los productos son fabricados en Italia.<\/strong>\u00a0Facilidad de uso, instalaci\u00f3n y ajuste; operaciones acompa\u00f1ados en cada caso por el apoyo de material impreso.[\/vc_column_text][vc_empty_space height=&#8221;12px&#8221;][vc_column_text el_class=&#8221;test_one_page&#8221;]La precisi\u00f3n del sistema de las escuadras corresponde la mayor precisi\u00f3n en la gesti\u00f3n de pedidos desde su adquisici\u00f3n hasta la entrega del producto siempre a tiempo. Life made easy working with Comunello.[\/vc_column_text][vc_empty_space][\/vc_column][\/vc_row][vc_row row_type=&#8221;row&#8221; use_row_as_full_screen_section=&#8221;no&#8221; type=&#8221;full_width&#8221; angled_section=&#8221;no&#8221; text_align=&#8221;left&#8221; background_image_as_pattern=&#8221;without_pattern&#8221; background_color=&#8221;#ffffff&#8221; css_animation=&#8221;&#8221;][vc_column][vc_empty_space height=&#8221;12px&#8221;][vc_separator type=&#8221;normal&#8221;][vc_empty_space][\/vc_column][\/vc_row][vc_row row_type=&#8221;row&#8221; use_row_as_full_screen_section=&#8221;no&#8221; type=&#8221;grid&#8221; angled_section=&#8221;no&#8221; text_align=&#8221;left&#8221; background_image_as_pattern=&#8221;without_pattern&#8221; background_color=&#8221;#ffffff&#8221; css_animation=&#8221;&#8221;][vc_column][vc_column_text]<\/p>\n<h1 style=\"font-size: 42px; font-family: helvth; text-align: center;\">EL \u00c9XITO DEL HECHO A <span style=\"color: #f9b234;\">LA MEDIDA<\/span><\/h1>\n<p>[\/vc_column_text][vc_empty_space][\/vc_column][\/vc_row][vc_row row_type=&#8221;row&#8221; use_row_as_full_screen_section=&#8221;no&#8221; type=&#8221;grid&#8221; angled_section=&#8221;no&#8221; text_align=&#8221;left&#8221; background_image_as_pattern=&#8221;without_pattern&#8221; background_color=&#8221;#ffffff&#8221; css_animation=&#8221;&#8221; css=&#8221;.vc_custom_1495533166047{padding-right: 50px !important;padding-left: 50px !important;}&#8221;][vc_column width=&#8221;1\/2&#8243;][vc_empty_space][vc_column_text el_class=&#8221;test_one_page&#8221;]<strong>Por m\u00e1s de 45 a\u00f1os desarrollamos escuadras de aluminio a medida, dise\u00f1ados de acuerdo a las necesidades espec\u00edficas de nuestros clientes.<\/strong>[\/vc_column_text][vc_empty_space height=&#8221;12px&#8221;][vc_column_text el_class=&#8221;test_one_page&#8221;]El departamento t\u00e9cnico y la creaci\u00f3n de prototipos, en una \u00e9tica de estricta confidencialidad, trabajan en perfecta sinergia con el cliente para asegurar la realizacion oportunas y r\u00e1pidas de escuadras y componentes adaptadas, capaz de cumplir con los requisitos t\u00e9cnicos m\u00e1s avanzados y complejos y de calidad.[\/vc_column_text][vc_empty_space][\/vc_column][vc_column width=&#8221;1\/2&#8243;][vc_empty_space height=&#8221;12px&#8221;][vc_single_image image=&#8221;16626&#8243; img_size=&#8221;full&#8221; alignment=&#8221;center&#8221; qode_css_animation=&#8221;element_from_right&#8221; transition_delay=&#8221;0,5&#8243;][\/vc_column][\/vc_row][vc_row row_type=&#8221;row&#8221; use_row_as_full_screen_section=&#8221;no&#8221; type=&#8221;full_width&#8221; angled_section=&#8221;no&#8221; text_align=&#8221;left&#8221; background_image_as_pattern=&#8221;without_pattern&#8221; background_color=&#8221;#ffffff&#8221; css_animation=&#8221;&#8221;][vc_column][vc_empty_space height=&#8221;12px&#8221;][vc_separator type=&#8221;normal&#8221;][vc_empty_space][\/vc_column][\/vc_row][vc_row row_type=&#8221;row&#8221; use_row_as_full_screen_section=&#8221;no&#8221; type=&#8221;grid&#8221; angled_section=&#8221;no&#8221; text_align=&#8221;left&#8221; background_image_as_pattern=&#8221;without_pattern&#8221; background_color=&#8221;#ffffff&#8221; css_animation=&#8221;&#8221;][vc_column][vc_column_text]<\/p>\n<h1 style=\"font-size: 42px; font-family: helvth; text-align: center;\">EVOLUCI\u00d3N <span style=\"color: #f9b234;\">NATURAL<\/span><\/h1>\n<p>[\/vc_column_text][vc_empty_space][\/vc_column][\/vc_row][vc_row row_type=&#8221;row&#8221; use_row_as_full_screen_section=&#8221;no&#8221; type=&#8221;grid&#8221; angled_section=&#8221;no&#8221; text_align=&#8221;left&#8221; background_image_as_pattern=&#8221;without_pattern&#8221; background_color=&#8221;#ffffff&#8221; css_animation=&#8221;&#8221; css=&#8221;.vc_custom_1495533166047{padding-right: 50px !important;padding-left: 50px !important;}&#8221;][vc_column width=&#8221;1\/2&#8243;][vc_single_image image=&#8221;16630&#8243; img_size=&#8221;full&#8221; alignment=&#8221;center&#8221; qode_css_animation=&#8221;element_from_left&#8221; transition_delay=&#8221;0,5&#8243;][\/vc_column][vc_column width=&#8221;1\/2&#8243;][vc_empty_space][vc_column_text el_class=&#8221;test_one_page&#8221;]Casi el desarrollo natural de la divisi\u00f3n Frame, la l\u00ednea de los tiradores expresa la actitud de Comunello a la diferenciaci\u00f3n en t\u00e9rminos de producci\u00f3n de elementos met\u00e1licos. La experiencia consolidada en la materia prima y las contribuciones de la investigaci\u00f3n tecnol\u00f3gica llevaron a la creaci\u00f3n de una gama de innovadores y de alta calidad.[\/vc_column_text][vc_empty_space][\/vc_column][\/vc_row][vc_row row_type=&#8221;row&#8221; use_row_as_full_screen_section=&#8221;no&#8221; type=&#8221;full_width&#8221; angled_section=&#8221;no&#8221; text_align=&#8221;center&#8221; background_image_as_pattern=&#8221;without_pattern&#8221; border_color=&#8221;#303030&#8243; css_animation=&#8221;&#8221; css=&#8221;.vc_custom_1491483971172{background-color: #ffffff !important;}&#8221;][vc_column][vc_empty_space height=&#8221;50px&#8221;][\/vc_column][\/vc_row][vc_row row_type=&#8221;row&#8221; use_row_as_full_screen_section=&#8221;no&#8221; type=&#8221;full_width&#8221; angled_section=&#8221;no&#8221; text_align=&#8221;center&#8221; background_image_as_pattern=&#8221;without_pattern&#8221; background_color=&#8221;#ffffff&#8221; padding_top=&#8221;0&#8243; padding_bottom=&#8221;50&#8243; css_animation=&#8221;&#8221; css=&#8221;.vc_custom_1495536699250{background-color: #262626 !important;}&#8221;][vc_column][vc_empty_space][vc_empty_space][vc_column_text]<\/p>\n<p class=\"titoletto_divisioneb\" style=\"color: #ffffff;\">Download<\/p>\n<p>[\/vc_column_text][vc_empty_space][vc_row_inner row_type=&#8221;row&#8221; type=&#8221;grid&#8221; text_align=&#8221;left&#8221; css_animation=&#8221;&#8221;][vc_column_inner width=&#8221;1\/3&#8243;][\/vc_column_inner][vc_column_inner width=&#8221;1\/3&#8243;][vc_column_text]<\/p>\n<p class=\"pdf_catologo\" style=\"text-align: center;\"><a href=\"http:\/\/www.comunello.com\/media\/corporate\/COMUNELLO-companyprofile.pdf\" target=\"_blank\">\u00a0<img loading=\"lazy\" class=\"alignnone size-full wp-image-12926\" style=\"position: relative; top: 5px;\" src=\"http:\/\/www.comunello.com\/wp-content\/uploads\/2017\/03\/pdf_icon_40.png\" alt=\"pdf_icon_40\" width=\"30\" height=\"30\" srcset=\"https:\/\/www.comunello.com\/wp-content\/uploads\/2017\/03\/pdf_icon_40.png 40w, https:\/\/www.comunello.com\/wp-content\/uploads\/2017\/03\/pdf_icon_40-27x27.png 27w\" sizes=\"(max-width: 30px) 100vw, 30px\" \/> Company Profile<\/a><\/p>\n<p>[\/vc_column_text][\/vc_column_inner][vc_column_inner width=&#8221;1\/3&#8243;][\/vc_column_inner][\/vc_row_inner][vc_empty_space][\/vc_column][\/vc_row][vc_row row_type=&#8221;row&#8221; use_row_as_full_screen_section=&#8221;no&#8221; type=&#8221;grid&#8221; angled_section=&#8221;no&#8221; text_align=&#8221;left&#8221; background_image_as_pattern=&#8221;without_pattern&#8221; background_color=&#8221;#ffffff&#8221; css_animation=&#8221;&#8221;][vc_column][vc_empty_space height=&#8221;8px&#8221;][\/vc_column][\/vc_row]<\/p>\n","protected":false},"excerpt":{"rendered":"<p>[vc_row row_type=&#8221;row&#8221; use_row_as_full_screen_section=&#8221;no&#8221; type=&#8221;full_width&#8221; angled_section=&#8221;no&#8221; text_align=&#8221;left&#8221; background_image_as_pattern=&#8221;without_pattern&#8221; border_color=&#8221;#cecece&#8221; css_animation=&#8221;&#8221;][vc_column][vc_column_text]Nuova [\/vc_column_text][vc_empty_space height=&#8221;45px&#8221;][\/vc_column][\/vc_row][vc_row row_type=&#8221;row&#8221; use_row_as_full_screen_section=&#8221;no&#8221; type=&#8221;full_width&#8221; angled_section=&#8221;no&#8221; text_align=&#8221;center&#8221; background_image=&#8221;15318&#8243; background_image_as_pattern=&#8221;without_pattern&#8221; border_color=&#8221;#919191&#8243; css_animation=&#8221;&#8221;][vc_column][vc_empty_space height=&#8221;280px&#8221;][\/vc_column][\/vc_row][vc_row row_type=&#8221;row&#8221; use_row_as_full_screen_section=&#8221;no&#8221; type=&#8221;full_width&#8221; angled_section=&#8221;no&#8221;&#8230;<\/p>\n","protected":false},"author":1,"featured_media":0,"parent":1923,"menu_order":0,"comment_status":"open","ping_status":"open","template":"full_width.php","meta":[],"yoast_head":"<!-- This site is optimized with the Yoast SEO plugin v16.0.2 - https:\/\/yoast.com\/wordpress\/plugins\/seo\/ -->\n<link rel=\"canonical\" href=\"https:\/\/www.comunello.com\/es\/frame\/company\/\" \/>\n<meta property=\"og:locale\" content=\"es_ES\" \/>\n<meta property=\"og:type\" content=\"article\" \/>\n<meta property=\"og:title\" content=\"FRAME Perfil de la empresa - Fratelli COMUNELLO\" \/>\n<meta property=\"og:description\" content=\"[vc_row row_type=&#8221;row&#8221; use_row_as_full_screen_section=&#8221;no&#8221; type=&#8221;full_width&#8221; angled_section=&#8221;no&#8221; text_align=&#8221;left&#8221; background_image_as_pattern=&#8221;without_pattern&#8221; border_color=&#8221;#cecece&#8221; css_animation=&#8221;&#8221;][vc_column][vc_column_text]Nuova [\/vc_column_text][vc_empty_space height=&#8221;45px&#8221;][\/vc_column][\/vc_row][vc_row row_type=&#8221;row&#8221; use_row_as_full_screen_section=&#8221;no&#8221; type=&#8221;full_width&#8221; angled_section=&#8221;no&#8221; text_align=&#8221;center&#8221; background_image=&#8221;15318&#8243; background_image_as_pattern=&#8221;without_pattern&#8221; border_color=&#8221;#919191&#8243; css_animation=&#8221;&#8221;][vc_column][vc_empty_space height=&#8221;280px&#8221;][\/vc_column][\/vc_row][vc_row row_type=&#8221;row&#8221; use_row_as_full_screen_section=&#8221;no&#8221; type=&#8221;full_width&#8221; angled_section=&#8221;no&#8221;...\" \/>\n<meta property=\"og:url\" content=\"https:\/\/www.comunello.com\/es\/frame\/company\/\" \/>\n<meta property=\"og:site_name\" content=\"Fratelli COMUNELLO\" \/>\n<meta property=\"article:modified_time\" content=\"2017-09-01T10:33:09+00:00\" \/>\n<meta property=\"og:image\" content=\"http:\/\/www.comunello.com\/wp-content\/uploads\/2017\/03\/pdf_icon_40.png\" \/>\n<meta name=\"twitter:card\" content=\"summary_large_image\" \/>\n<meta name=\"twitter:label1\" content=\"Tiempo de lectura\">\n\t<meta name=\"twitter:data1\" content=\"9 minutos\">\n<script type=\"application\/ld+json\" class=\"yoast-schema-graph\">{\"@context\":\"https:\/\/schema.org\",\"@graph\":[{\"@type\":\"WebSite\",\"@id\":\"https:\/\/www.comunello.com\/#website\",\"url\":\"https:\/\/www.comunello.com\/\",\"name\":\"Fratelli COMUNELLO\",\"description\":\"| Life Made Easy\",\"potentialAction\":[{\"@type\":\"SearchAction\",\"target\":\"https:\/\/www.comunello.com\/?s={search_term_string}\",\"query-input\":\"required name=search_term_string\"}],\"inLanguage\":\"es\"},{\"@type\":\"ImageObject\",\"@id\":\"https:\/\/www.comunello.com\/es\/frame\/company\/#primaryimage\",\"inLanguage\":\"es\",\"url\":\"http:\/\/www.comunello.com\/wp-content\/uploads\/2017\/03\/pdf_icon_40.png\"},{\"@type\":\"WebPage\",\"@id\":\"https:\/\/www.comunello.com\/es\/frame\/company\/#webpage\",\"url\":\"https:\/\/www.comunello.com\/es\/frame\/company\/\",\"name\":\"FRAME Perfil de la empresa - Fratelli COMUNELLO\",\"isPartOf\":{\"@id\":\"https:\/\/www.comunello.com\/#website\"},\"primaryImageOfPage\":{\"@id\":\"https:\/\/www.comunello.com\/es\/frame\/company\/#primaryimage\"},\"datePublished\":\"2014-12-10T18:30:07+00:00\",\"dateModified\":\"2017-09-01T10:33:09+00:00\",\"breadcrumb\":{\"@id\":\"https:\/\/www.comunello.com\/es\/frame\/company\/#breadcrumb\"},\"inLanguage\":\"es\",\"potentialAction\":[{\"@type\":\"ReadAction\",\"target\":[\"https:\/\/www.comunello.com\/es\/frame\/company\/\"]}]},{\"@type\":\"BreadcrumbList\",\"@id\":\"https:\/\/www.comunello.com\/es\/frame\/company\/#breadcrumb\",\"itemListElement\":[{\"@type\":\"ListItem\",\"position\":1,\"item\":{\"@type\":\"WebPage\",\"@id\":\"https:\/\/www.comunello.com\/es\/\",\"url\":\"https:\/\/www.comunello.com\/es\/\",\"name\":\"Home\"}},{\"@type\":\"ListItem\",\"position\":2,\"item\":{\"@type\":\"WebPage\",\"@id\":\"https:\/\/www.comunello.com\/es\/frame\/\",\"url\":\"https:\/\/www.comunello.com\/es\/frame\/\",\"name\":\"FRAME\"}},{\"@type\":\"ListItem\",\"position\":3,\"item\":{\"@type\":\"WebPage\",\"@id\":\"https:\/\/www.comunello.com\/es\/frame\/company\/\",\"url\":\"https:\/\/www.comunello.com\/es\/frame\/company\/\",\"name\":\"FRAME Perfil de la empresa\"}}]}]}<\/script>\n<!-- \/ Yoast SEO plugin. -->","_links":{"self":[{"href":"https:\/\/www.comunello.com\/es\/wp-json\/wp\/v2\/pages\/1986\/"}],"collection":[{"href":"https:\/\/www.comunello.com\/es\/wp-json\/wp\/v2\/pages\/"}],"about":[{"href":"https:\/\/www.comunello.com\/es\/wp-json\/wp\/v2\/types\/page\/"}],"author":[{"embeddable":true,"href":"https:\/\/www.comunello.com\/es\/wp-json\/wp\/v2\/users\/1\/"}],"replies":[{"embeddable":true,"href":"https:\/\/www.comunello.com\/es\/wp-json\/wp\/v2\/comments\/?post=1986"}],"version-history":[{"count":3,"href":"https:\/\/www.comunello.com\/es\/wp-json\/wp\/v2\/pages\/1986\/revisions\/"}],"predecessor-version":[{"id":16642,"href":"https:\/\/www.comunello.com\/es\/wp-json\/wp\/v2\/pages\/1986\/revisions\/16642\/"}],"up":[{"embeddable":true,"href":"https:\/\/www.comunello.com\/es\/wp-json\/wp\/v2\/pages\/1923\/"}],"wp:attachment":[{"href":"https:\/\/www.comunello.com\/es\/wp-json\/wp\/v2\/media\/?parent=1986"}],"curies":[{"name":"wp","href":"https:\/\/api.w.org\/{rel}","templated":true}]}}