{"id":1959,"date":"2014-12-10T18:34:09","date_gmt":"2014-12-10T18:34:09","guid":{"rendered":"http:\/\/www.comunello.com\/frameautomation\/products\/"},"modified":"2015-08-05T10:05:47","modified_gmt":"2015-08-05T08:05:47","slug":"products","status":"publish","type":"page","link":"https:\/\/www.comunello.com\/es\/frameautomation\/products\/","title":{"rendered":"FRAME AUTOMATION Prodotti"},"content":{"rendered":"<p>[vc_row row_type=&#8221;row&#8221; type=&#8221;full_width&#8221; text_align=&#8221;left&#8221; background_image_as_pattern=&#8221;without_pattern&#8221; background_color=&#8221;#dadada&#8221; padding_top=&#8221;62&#8243;][vc_column width=&#8221;1\/1&#8243;][vc_row_inner row_type=&#8221;row&#8221; type=&#8221;grid&#8221; text_align=&#8221;left&#8221; padding_top=&#8221;2&#8243;][vc_column_inner width=&#8221;1\/2&#8243;][vc_column_text css=&#8221;.vc_custom_1424607768219{padding-top: 50px !important;padding-left: 50px !important;}&#8221;]<\/p>\n<h2><span style=\"color: #000000;\">Comunello Frame Automation<\/span><\/h2>\n<h1><span style=\"color: #000000;\">Productos<\/span><\/h1>\n<p>[\/vc_column_text][\/vc_column_inner][vc_column_inner width=&#8221;1\/2&#8243;][vc_single_image image=&#8221;2445&#8243; border_color=&#8221;grey&#8221; img_link_target=&#8221;_self&#8221; img_size=&#8221;full&#8221;][\/vc_column_inner][\/vc_row_inner][\/vc_column][\/vc_row][vc_row row_type=&#8221;row&#8221; type=&#8221;grid&#8221; text_align=&#8221;left&#8221; background_image_as_pattern=&#8221;without_pattern&#8221; padding_top=&#8221;50&#8243;][vc_column width=&#8221;1\/3&#8243;][vc_column_text]<a href=\"\/es\/frameautomation\/\"><img loading=\"lazy\" class=\"alignleft wp-image-1200 size-full\" src=\"\/wp-content\/uploads\/2014\/12\/22.jpg\" alt=\"22\" width=\"20\" height=\"22\" \/><\/a>[\/vc_column_text][\/vc_column][vc_column width=&#8221;1\/3&#8243; css=&#8221;.vc_custom_1418577996153{margin-left: -357px !important;}&#8221;][vc_column_text]&gt; Productos[\/vc_column_text][\/vc_column][vc_column width=&#8221;1\/3&#8243;][\/vc_column][\/vc_row][vc_row row_type=&#8221;row&#8221; type=&#8221;full_width&#8221; text_align=&#8221;left&#8221; background_image_as_pattern=&#8221;without_pattern&#8221; padding_top=&#8221;100&#8243;][vc_column width=&#8221;1\/1&#8243;][vc_row_inner row_type=&#8221;row&#8221; type=&#8221;grid&#8221; text_align=&#8221;left&#8221; padding_bottom=&#8221;30&#8243;][vc_column_inner width=&#8221;1\/4&#8243;][vc_column_text]<a href=\"\/es\/frameautomation\/products\/proyectante\/\"><img loading=\"lazy\" class=\"aligncenter\" src=\"\/media\/products\/frameautomation\/a_sporgere\/comunello-frameautomation-a_sporgere-icon.jpg\" alt=\"\" width=\"100\" height=\"63\" \/><\/a>[\/vc_column_text][vc_separator type=&#8221;transparent&#8221; position=&#8221;center&#8221; up=&#8221;20&#8243; down=&#8221;20&#8243;][vc_column_text]<\/p>\n<p style=\"text-align: center;\"><a href=\"\/es\/frameautomation\/products\/proyectante\/\"><span style=\"font-size: large;\">PROYECTANTE<\/span><\/a><\/p>\n<p>[\/vc_column_text][vc_separator type=&#8221;normal&#8221; position=&#8221;center&#8221; color=&#8221;#9b9b9b&#8221; thickness=&#8221;1&#8243; up=&#8221;30&#8243; down=&#8221;20&#8243;][\/vc_column_inner][vc_column_inner width=&#8221;1\/4&#8243;][vc_column_text]<a href=\"\/es\/frameautomation\/products\/ventana-pivotante\/\"><img loading=\"lazy\" class=\"aligncenter\" src=\"\/media\/products\/frameautomation\/bilico\/comunello-frameautomation-bilico-icon.jpg\" alt=\"\" width=\"100\" height=\"63\" \/><\/a>[\/vc_column_text][vc_separator type=&#8221;transparent&#8221; position=&#8221;center&#8221; up=&#8221;20&#8243; down=&#8221;20&#8243;][vc_column_text]<\/p>\n<p style=\"text-align: center;\"><a href=\"\/es\/frameautomation\/products\/ventana-pivotante\/\"><span style=\"font-size: large;\">VENTANA PIVOTANTE<\/span><\/a><\/p>\n<p>[\/vc_column_text][vc_separator type=&#8221;normal&#8221; position=&#8221;center&#8221; color=&#8221;#9b9b9b&#8221; thickness=&#8221;1&#8243; up=&#8221;30&#8243; down=&#8221;20&#8243;][\/vc_column_inner][vc_column_inner width=&#8221;1\/4&#8243;][vc_column_text]<a href=\"\/es\/frameautomation\/products\/cupulas\/\"><img loading=\"lazy\" class=\"aligncenter\" src=\"\/media\/products\/frameautomation\/cupolini\/comunello-frameautomation-cupolini-icon.jpg\" alt=\"\" width=\"100\" height=\"63\" \/><\/a>[\/vc_column_text][vc_separator type=&#8221;transparent&#8221; position=&#8221;center&#8221; up=&#8221;20&#8243; down=&#8221;20&#8243;][vc_column_text]<\/p>\n<p style=\"text-align: center;\"><a href=\"\/es\/frameautomation\/products\/cupulas\/\"><span style=\"font-size: large;\">CUPULAS<\/span><\/a><\/p>\n<p>[\/vc_column_text][vc_separator type=&#8221;normal&#8221; position=&#8221;center&#8221; color=&#8221;#9b9b9b&#8221; thickness=&#8221;1&#8243; up=&#8221;30&#8243; down=&#8221;20&#8243;][\/vc_column_inner][vc_column_inner width=&#8221;1\/4&#8243;][vc_column_text]<a href=\"\/es\/frameautomation\/products\/celosias\/\"><img loading=\"lazy\" class=\"aligncenter\" src=\"\/media\/products\/frameautomation\/frangisole\/comunello-frameautomation-frangisole-icon.jpg\" alt=\"\" width=\"100\" height=\"63\" \/><\/a>[\/vc_column_text][vc_separator type=&#8221;transparent&#8221; position=&#8221;center&#8221; up=&#8221;20&#8243; down=&#8221;20&#8243;][vc_column_text]<\/p>\n<p style=\"text-align: center;\"><a href=\"\/es\/frameautomation\/products\/celosias\/\"><span style=\"font-size: large;\">CELOSIAS<\/span><\/a><\/p>\n<p>[\/vc_column_text][vc_separator type=&#8221;normal&#8221; position=&#8221;center&#8221; color=&#8221;#9b9b9b&#8221; thickness=&#8221;1&#8243; up=&#8221;30&#8243; down=&#8221;20&#8243;][\/vc_column_inner][\/vc_row_inner][vc_row_inner row_type=&#8221;row&#8221; type=&#8221;grid&#8221; text_align=&#8221;left&#8221; padding_bottom=&#8221;30&#8243;][vc_column_inner width=&#8221;1\/4&#8243;][vc_column_text]<a href=\"\/es\/frameautomation\/products\/lucernarios\/\"><img loading=\"lazy\" class=\"aligncenter\" src=\"\/media\/products\/frameautomation\/lucernari\/comunello-frameautomation-lucernari-icon.jpg\" alt=\"\" width=\"100\" height=\"63\" \/><\/a>[\/vc_column_text][vc_separator type=&#8221;transparent&#8221; position=&#8221;center&#8221; up=&#8221;20&#8243; down=&#8221;20&#8243;][vc_column_text]<\/p>\n<p style=\"text-align: center;\"><a href=\"\/es\/frameautomation\/products\/lucernarios\/\"><span style=\"font-size: large;\">LUCERNARIOS<\/span><\/a><\/p>\n<p>[\/vc_column_text][vc_separator type=&#8221;normal&#8221; position=&#8221;center&#8221; color=&#8221;#9b9b9b&#8221; thickness=&#8221;1&#8243; up=&#8221;30&#8243; down=&#8221;20&#8243;][\/vc_column_inner][vc_column_inner width=&#8221;1\/4&#8243;][vc_column_text]<a href=\"\/es\/frameautomation\/products\/shed\/\"><img loading=\"lazy\" class=\"aligncenter\" src=\"\/media\/products\/frameautomation\/shed\/comunello-frameautomation-shed-icon.jpg\" alt=\"\" width=\"100\" height=\"63\" \/><\/a>[\/vc_column_text][vc_separator type=&#8221;transparent&#8221; position=&#8221;center&#8221; up=&#8221;20&#8243; down=&#8221;20&#8243;][vc_column_text]<\/p>\n<p style=\"text-align: center;\"><a href=\"\/es\/frameautomation\/products\/shed\/\"><span style=\"font-size: large;\">SHED<\/span><\/a><\/p>\n<p>[\/vc_column_text][vc_separator type=&#8221;normal&#8221; position=&#8221;center&#8221; color=&#8221;#9b9b9b&#8221; thickness=&#8221;1&#8243; up=&#8221;30&#8243; down=&#8221;20&#8243;][\/vc_column_inner][vc_column_inner width=&#8221;1\/4&#8243;][vc_column_text]<a href=\"\/es\/frameautomation\/products\/persianas-enrollables\/\"><img loading=\"lazy\" class=\"aligncenter\" src=\"\/media\/products\/frameautomation\/tapparelle\/comunello-frameautomation-tapparelle-icon.jpg\" alt=\"\" width=\"100\" height=\"63\" \/><\/a>[\/vc_column_text][vc_separator type=&#8221;transparent&#8221; position=&#8221;center&#8221; up=&#8221;20&#8243; down=&#8221;20&#8243;][vc_column_text]<\/p>\n<p style=\"text-align: center;\"><a href=\"\/es\/frameautomation\/products\/persianas-enrollables\/\"><span style=\"font-size: large;\">PERSIANAS ENROLLABLES<\/span><\/a><\/p>\n<p>[\/vc_column_text][vc_separator type=&#8221;normal&#8221; position=&#8221;center&#8221; color=&#8221;#9b9b9b&#8221; thickness=&#8221;1&#8243; up=&#8221;30&#8243; down=&#8221;20&#8243;][\/vc_column_inner][vc_column_inner width=&#8221;1\/4&#8243;][vc_column_text]<a href=\"\/es\/frameautomation\/products\/cortina-de-sol\/\"><img loading=\"lazy\" class=\"aligncenter\" src=\"\/media\/products\/frameautomation\/tende\/comunello-frameautomation-tende-icon.jpg\" alt=\"\" width=\"100\" height=\"63\" \/><\/a>[\/vc_column_text][vc_separator type=&#8221;transparent&#8221; position=&#8221;center&#8221; up=&#8221;20&#8243; down=&#8221;20&#8243;][vc_column_text]<\/p>\n<p style=\"text-align: center;\"><a href=\"\/es\/frameautomation\/products\/cortina-de-sol\/\"><span style=\"font-size: large;\">CORTINA DE SOL<\/span><\/a><\/p>\n<p>[\/vc_column_text][vc_separator type=&#8221;normal&#8221; position=&#8221;center&#8221; color=&#8221;#9b9b9b&#8221; thickness=&#8221;1&#8243; up=&#8221;30&#8243; down=&#8221;20&#8243;][\/vc_column_inner][\/vc_row_inner][vc_row_inner row_type=&#8221;row&#8221; type=&#8221;grid&#8221; text_align=&#8221;left&#8221; padding_bottom=&#8221;30&#8243;][vc_column_inner width=&#8221;1\/4&#8243;][vc_column_text]<a href=\"\/es\/frameautomation\/products\/vasistas\/\"><img loading=\"lazy\" class=\"aligncenter\" src=\"\/media\/products\/frameautomation\/vasistas\/comunello-frameautomation-vasistas-icon.jpg\" alt=\"\" width=\"100\" height=\"63\" \/><\/a>[\/vc_column_text][vc_separator type=&#8221;transparent&#8221; position=&#8221;center&#8221; up=&#8221;20&#8243; down=&#8221;20&#8243;][vc_column_text]<\/p>\n<p style=\"text-align: center;\"><a href=\"\/es\/frameautomation\/products\/vasistas\/\"><span style=\"font-size: large;\">VASISTAS<\/span><\/a><\/p>\n<p>[\/vc_column_text][vc_separator type=&#8221;normal&#8221; position=&#8221;center&#8221; color=&#8221;#9b9b9b&#8221; thickness=&#8221;1&#8243; up=&#8221;30&#8243; down=&#8221;20&#8243;][\/vc_column_inner][vc_column_inner width=&#8221;1\/4&#8243;][vc_column_text]<a href=\"\/es\/frameautomation\/products\/accesorios\/\"><img loading=\"lazy\" class=\"aligncenter\" src=\"\/media\/products\/frameautomation\/accessori\/comunello-frameautomation-accessori-icon.jpg\" alt=\"\" width=\"100\" height=\"63\" \/><\/a>[\/vc_column_text][vc_separator type=&#8221;transparent&#8221; position=&#8221;center&#8221; up=&#8221;20&#8243; down=&#8221;20&#8243;][vc_column_text]<\/p>\n<p style=\"text-align: center;\"><a href=\"\/es\/frameautomation\/products\/accesorios\/\"><span style=\"font-size: large;\">ACCESORIOS<\/span><\/a><\/p>\n<p>[\/vc_column_text][vc_separator type=&#8221;normal&#8221; position=&#8221;center&#8221; color=&#8221;#9b9b9b&#8221; thickness=&#8221;1&#8243; up=&#8221;30&#8243; down=&#8221;20&#8243;][\/vc_column_inner][\/vc_row_inner][\/vc_column][\/vc_row][vc_row row_type=&#8221;row&#8221; type=&#8221;full_width&#8221; text_align=&#8221;left&#8221; background_image_as_pattern=&#8221;without_pattern&#8221; padding_top=&#8221;100&#8243; padding_bottom=&#8221;75&#8243;][vc_column width=&#8221;1\/1&#8243;][vc_row_inner][vc_column_inner width=&#8221;1\/1&#8243;][vc_column_text]<\/p>\n<h1 style=\"text-align: center;\">DOWNLOAD CAT\u00c1LOGOS<\/h1>\n<p>[\/vc_column_text][\/vc_column_inner][\/vc_row_inner][vc_row_inner row_type=&#8221;row&#8221; type=&#8221;grid&#8221; text_align=&#8221;left&#8221;][vc_column_inner width=&#8221;1\/1&#8243;][vc_separator type=&#8221;normal&#8221; position=&#8221;center&#8221; color=&#8221;#9b9b9b&#8221; thickness=&#8221;1&#8243; up=&#8221;20&#8243; down=&#8221;50&#8243;][\/vc_column_inner][\/vc_row_inner][vc_row_inner row_type=&#8221;row&#8221; type=&#8221;grid&#8221; text_align=&#8221;left&#8221;][vc_column_inner width=&#8221;1\/3&#8243;]<div class='q_icon_with_title small normal_icon left_from_title'><div class=\"icon_text_holder\" style=\"\"><div class=\"icon_text_inner\" style=\"\"><div class=\"icon_title_holder\"><div class=\"icon_holder \" style=\" \"><span data-icon-type=\"normal\"   style=\"\" class=\"qode_iwt_icon_holder q_font_awsome_icon fa-2x \"><i class=\"qode_icon_font_awesome fa fa-file-pdf-o qode_iwt_icon_element\" style=\"color: #ff0000;\" ><\/i><\/span><\/div><h5 class=\"icon_title\" style=\"color: #000000;\">CAT\u00c1LOGO FRAME AUTOMATION<\/h5><\/div><p style='color: #000000'>PDF \/ 34 MB<\/p><a itemprop='url' class='icon_with_title_link' href='\/media\/products\/frameautomation\/COMUNELLO-FrameAutomation-catalog.pdf' target='_blank' style='color: #000000;'>Descargar<\/a><\/div><\/div><\/div>[vc_single_image image=&#8221;2190&#8243; border_color=&#8221;grey&#8221; img_link_target=&#8221;_blank&#8221; img_size=&#8221;full&#8221; link=&#8221;\/media\/products\/frameautomation\/COMUNELLO-FrameAutomation-catalog.pdf&#8221;][\/vc_column_inner][\/vc_row_inner][vc_separator type=&#8221;transparent&#8221; position=&#8221;center&#8221; up=&#8221;50&#8243; down=&#8221;50&#8243;][\/vc_column][\/vc_row][vc_row row_type=&#8221;row&#8221; type=&#8221;full_width&#8221; text_align=&#8221;left&#8221; background_image_as_pattern=&#8221;without_pattern&#8221; background_color=&#8221;#dadada&#8221;][vc_column width=&#8221;1\/1&#8243;][vc_row_inner row_type=&#8221;row&#8221; type=&#8221;grid&#8221; text_align=&#8221;left&#8221;][vc_column_inner width=&#8221;2\/3&#8243;][rev_slider_vc alias=&#8221;FRAMEAUTOMATION-home-bottom&#8221;][\/vc_column_inner][vc_column_inner width=&#8221;1\/3&#8243;][vc_column_text]<\/p>\n<p><a title=\"FRAME\" href=\"http:\/\/www.comunello.com\/es\/frame\/\"><br \/>\n<\/a><a href=\"http:\/\/www.comunello.com\/wp-content\/uploads\/2014\/11\/COMUNELLO_FRAME_LOGO.png\" data-rel=\"lightbox-image-0\" data-rl_title=\"\" data-rl_caption=\"\" title=\"\"><img loading=\"lazy\" class=\"aligncenter size-medium wp-image-5082\" src=\"http:\/\/www.comunello.com\/wp-content\/uploads\/2014\/11\/COMUNELLO_FRAME_LOGO-300x90.png\" alt=\"COMUNELLO_FRAME_LOGO\" width=\"300\" height=\"90\" \/><\/a><\/p>\n<p>&nbsp;<\/p>\n<p class=\"p1\"><span style=\"color: #000000;\">En un mercado cambiante, Comunello pens\u00f3 de estructurar una oferta completa para sus socios que no cubren s\u00f3lo el manejo mec\u00e1nico de las ventanas en aluminio. La evoluci\u00f3n natural de hecho son los actuadores electromec\u00e1nicos adecuados para muchas aplicaciones. Visite la pagina Web de la Divisi\u00f3n\u00a0<span style=\"text-decoration: underline;\"><a style=\"color: #000000; text-decoration: underline;\" href=\"\/es\/frame\/\">Comunello Frame<\/a>\u00a0<\/span>para saber m\u00e1s!<\/span><\/p>\n<p>[\/vc_column_text][\/vc_column_inner][\/vc_row_inner][\/vc_column][\/vc_row]<\/p>\n","protected":false},"excerpt":{"rendered":"<p>[vc_row row_type=&#8221;row&#8221; type=&#8221;full_width&#8221; text_align=&#8221;left&#8221; background_image_as_pattern=&#8221;without_pattern&#8221; background_color=&#8221;#dadada&#8221; padding_top=&#8221;62&#8243;][vc_column width=&#8221;1\/1&#8243;][vc_row_inner row_type=&#8221;row&#8221; type=&#8221;grid&#8221; text_align=&#8221;left&#8221; padding_top=&#8221;2&#8243;][vc_column_inner width=&#8221;1\/2&#8243;][vc_column_text css=&#8221;.vc_custom_1424607768219{padding-top: 50px !important;padding-left: 50px !important;}&#8221;] Comunello Frame Automation Productos [\/vc_column_text][\/vc_column_inner][vc_column_inner width=&#8221;1\/2&#8243;][vc_single_image image=&#8221;2445&#8243;&#8230;<\/p>\n","protected":false},"author":1,"featured_media":0,"parent":1956,"menu_order":0,"comment_status":"open","ping_status":"open","template":"full_width.php","meta":[],"yoast_head":"<!-- This site is optimized with the Yoast SEO plugin v16.0.2 - https:\/\/yoast.com\/wordpress\/plugins\/seo\/ -->\n<link rel=\"canonical\" href=\"https:\/\/www.comunello.com\/es\/frameautomation\/products\/\" \/>\n<meta property=\"og:locale\" content=\"es_ES\" \/>\n<meta property=\"og:type\" content=\"article\" \/>\n<meta property=\"og:title\" content=\"FRAME AUTOMATION Prodotti - Fratelli COMUNELLO\" \/>\n<meta property=\"og:description\" content=\"[vc_row row_type=&#8221;row&#8221; type=&#8221;full_width&#8221; text_align=&#8221;left&#8221; background_image_as_pattern=&#8221;without_pattern&#8221; background_color=&#8221;#dadada&#8221; padding_top=&#8221;62&#8243;][vc_column width=&#8221;1\/1&#8243;][vc_row_inner row_type=&#8221;row&#8221; type=&#8221;grid&#8221; text_align=&#8221;left&#8221; padding_top=&#8221;2&#8243;][vc_column_inner width=&#8221;1\/2&#8243;][vc_column_text css=&#8221;.vc_custom_1424607768219{padding-top: 50px !important;padding-left: 50px !important;}&#8221;] Comunello Frame Automation Productos [\/vc_column_text][\/vc_column_inner][vc_column_inner width=&#8221;1\/2&#8243;][vc_single_image image=&#8221;2445&#8243;...\" \/>\n<meta property=\"og:url\" content=\"https:\/\/www.comunello.com\/es\/frameautomation\/products\/\" \/>\n<meta property=\"og:site_name\" content=\"Fratelli COMUNELLO\" \/>\n<meta property=\"article:modified_time\" content=\"2015-08-05T08:05:47+00:00\" \/>\n<meta property=\"og:image\" content=\"https:\/\/www.comunello.com\/wp-content\/uploads\/2014\/12\/22.jpg\" \/>\n<meta name=\"twitter:card\" content=\"summary_large_image\" \/>\n<meta name=\"twitter:label1\" content=\"Tiempo de lectura\">\n\t<meta name=\"twitter:data1\" content=\"5 minutos\">\n<script type=\"application\/ld+json\" class=\"yoast-schema-graph\">{\"@context\":\"https:\/\/schema.org\",\"@graph\":[{\"@type\":\"WebSite\",\"@id\":\"https:\/\/www.comunello.com\/#website\",\"url\":\"https:\/\/www.comunello.com\/\",\"name\":\"Fratelli COMUNELLO\",\"description\":\"| Life Made Easy\",\"potentialAction\":[{\"@type\":\"SearchAction\",\"target\":\"https:\/\/www.comunello.com\/?s={search_term_string}\",\"query-input\":\"required name=search_term_string\"}],\"inLanguage\":\"es\"},{\"@type\":\"ImageObject\",\"@id\":\"https:\/\/www.comunello.com\/es\/frameautomation\/products\/#primaryimage\",\"inLanguage\":\"es\",\"url\":\"\/wp-content\/uploads\/2014\/12\/22.jpg\"},{\"@type\":\"WebPage\",\"@id\":\"https:\/\/www.comunello.com\/es\/frameautomation\/products\/#webpage\",\"url\":\"https:\/\/www.comunello.com\/es\/frameautomation\/products\/\",\"name\":\"FRAME AUTOMATION Prodotti - Fratelli COMUNELLO\",\"isPartOf\":{\"@id\":\"https:\/\/www.comunello.com\/#website\"},\"primaryImageOfPage\":{\"@id\":\"https:\/\/www.comunello.com\/es\/frameautomation\/products\/#primaryimage\"},\"datePublished\":\"2014-12-10T18:34:09+00:00\",\"dateModified\":\"2015-08-05T08:05:47+00:00\",\"breadcrumb\":{\"@id\":\"https:\/\/www.comunello.com\/es\/frameautomation\/products\/#breadcrumb\"},\"inLanguage\":\"es\",\"potentialAction\":[{\"@type\":\"ReadAction\",\"target\":[\"https:\/\/www.comunello.com\/es\/frameautomation\/products\/\"]}]},{\"@type\":\"BreadcrumbList\",\"@id\":\"https:\/\/www.comunello.com\/es\/frameautomation\/products\/#breadcrumb\",\"itemListElement\":[{\"@type\":\"ListItem\",\"position\":1,\"item\":{\"@type\":\"WebPage\",\"@id\":\"https:\/\/www.comunello.com\/es\/\",\"url\":\"https:\/\/www.comunello.com\/es\/\",\"name\":\"Home\"}},{\"@type\":\"ListItem\",\"position\":2,\"item\":{\"@type\":\"WebPage\",\"@id\":\"https:\/\/www.comunello.com\/es\/frameautomation\/\",\"url\":\"https:\/\/www.comunello.com\/es\/frameautomation\/\",\"name\":\"FRAME AUTOMATION\"}},{\"@type\":\"ListItem\",\"position\":3,\"item\":{\"@type\":\"WebPage\",\"@id\":\"https:\/\/www.comunello.com\/es\/frameautomation\/products\/\",\"url\":\"https:\/\/www.comunello.com\/es\/frameautomation\/products\/\",\"name\":\"FRAME AUTOMATION Prodotti\"}}]}]}<\/script>\n<!-- \/ Yoast SEO plugin. -->","_links":{"self":[{"href":"https:\/\/www.comunello.com\/es\/wp-json\/wp\/v2\/pages\/1959\/"}],"collection":[{"href":"https:\/\/www.comunello.com\/es\/wp-json\/wp\/v2\/pages\/"}],"about":[{"href":"https:\/\/www.comunello.com\/es\/wp-json\/wp\/v2\/types\/page\/"}],"author":[{"embeddable":true,"href":"https:\/\/www.comunello.com\/es\/wp-json\/wp\/v2\/users\/1\/"}],"replies":[{"embeddable":true,"href":"https:\/\/www.comunello.com\/es\/wp-json\/wp\/v2\/comments\/?post=1959"}],"version-history":[{"count":3,"href":"https:\/\/www.comunello.com\/es\/wp-json\/wp\/v2\/pages\/1959\/revisions\/"}],"predecessor-version":[{"id":6761,"href":"https:\/\/www.comunello.com\/es\/wp-json\/wp\/v2\/pages\/1959\/revisions\/6761\/"}],"up":[{"embeddable":true,"href":"https:\/\/www.comunello.com\/es\/wp-json\/wp\/v2\/pages\/1956\/"}],"wp:attachment":[{"href":"https:\/\/www.comunello.com\/es\/wp-json\/wp\/v2\/media\/?parent=1959"}],"curies":[{"name":"wp","href":"https:\/\/api.w.org\/{rel}","templated":true}]}}