{"id":1938,"date":"2014-12-10T15:18:02","date_gmt":"2014-12-10T15:18:02","guid":{"rendered":"http:\/\/www.comunello.com\/automation\/company\/"},"modified":"2019-09-11T17:35:15","modified_gmt":"2019-09-11T15:35:15","slug":"company","status":"publish","type":"page","link":"https:\/\/www.comunello.com\/es\/automation\/company\/","title":{"rendered":"AUTOMATION Perfil de la Empresa"},"content":{"rendered":"<p>[vc_row row_type=&#8221;row&#8221; use_row_as_full_screen_section=&#8221;no&#8221; type=&#8221;full_width&#8221; angled_section=&#8221;no&#8221; text_align=&#8221;left&#8221; background_image_as_pattern=&#8221;without_pattern&#8221; border_color=&#8221;#cecece&#8221; css_animation=&#8221;&#8221;][vc_column][vc_column_text]Nuova [\/vc_column_text][vc_empty_space height=&#8221;45px&#8221;][\/vc_column][\/vc_row][vc_row row_type=&#8221;row&#8221; use_row_as_full_screen_section=&#8221;no&#8221; type=&#8221;full_width&#8221; angled_section=&#8221;no&#8221; text_align=&#8221;center&#8221; background_image_as_pattern=&#8221;without_pattern&#8221; background_color=&#8221;#7bb739&#8243; css_animation=&#8221;&#8221; css=&#8221;.vc_custom_1567693178018{background-color: #7bb739 !important;}&#8221;][vc_column][vc_empty_space height=&#8221;2px&#8221;][\/vc_column][\/vc_row][vc_row row_type=&#8221;row&#8221; use_row_as_full_screen_section=&#8221;no&#8221; type=&#8221;full_width&#8221; angled_section=&#8221;no&#8221; text_align=&#8221;left&#8221; background_image_as_pattern=&#8221;without_pattern&#8221; css_animation=&#8221;&#8221; css=&#8221;.vc_custom_1492599534047{background-color: #ffffff !important;}&#8221;][vc_column][vc_raw_html]JTNDc2NyaXB0JTIwc3JjJTNEJTIyaHR0cHMlM0ElMkYlMkZ3d3cuY29tdW5lbGxvLmNvbSUyRndwLWNvbnRlbnQlMkZ0aGVtZXMlMkZicmlkZ2UtY2hpbGQlMkZkdXNvZnQlMkZqcyUyRnZpZGVvLmpzJTIyJTNFJTNDJTJGc2NyaXB0JTNFJTBBJTNDZGl2JTIwc3R5bGUlM0QlMjJ0ZXh0LWFsaWduJTNBY2VudGVyJTIyJTNFJTBBJTNDdmlkZW8lMjBzdHlsZSUzRCUyMndpZHRoJTNBMTAwJTI1JTNCJTIwaGVpZ2h0JTNBJTIwYXV0byUzQiUyMiUyMCUyMGF1dG9wbGF5JTIwY29udHJvbHMlMjBsb29wJTNFJTBBJTNDc291cmNlJTIwc3JjJTNEJTIyaHR0cHMlM0ElMkYlMkZ3d3cuY29tdW5lbGxvLmNvbSUyRm1lZGlhJTJGcHJvZHVjdHMlMkZhcmVhX2ZpbGUlMkZhdXRvbWF0aW9uJTJGY29ycG9yYXRlLWF1dG9tYXRpb24tZW4tMjAxOS0xMy1yaWQubXA0JTIyJTIwdHlwZSUzRCUyMnZpZGVvJTJGbXA0JTIyJTIwJTJGJTNFJTBBJTNDc291cmNlJTIwc3JjJTNEJTIyaHR0cHMlM0ElMkYlMkZ3d3cuY29tdW5lbGxvLmNvbSUyRm1lZGlhJTJGcHJvZHVjdHMlMkZhcmVhX2ZpbGUlMkZqb2luLXVzLWF1dG9tYXRpb24ub2dnJTIyJTIwdHlwZSUzRCUyMnZpZGVvJTJGb2dnJTIyJTIwJTJGJTNFJTBBJTNDc291cmNlJTIwc3JjJTNEJTIyaHR0cHMlM0ElMkYlMkZ3d3cuY29tdW5lbGxvLmNvbSUyRm1lZGlhJTJGcHJvZHVjdHMlMkZhcmVhX2ZpbGUlMkZqb2luLXVzLWF1dG9tYXRpb24ud2VibSUyMiUyMHR5cGUlM0QlMjJ2aWRlbyUyRndlYm0lMjIlMjAlMkYlM0UlMjBZb3VyJTIwYnJvd3NlciUyMGRvZXMlMjBub3QlMjBzdXBwb3J0JTIwdGhlJTIwdmlkZW8lMjB0YWcuJTBBJTNDJTJGdmlkZW8lM0UlMEElM0MlMkZkaXYlM0U=[\/vc_raw_html][vc_raw_js]JTNDc2NyaXB0JTIwdHlwZSUzRCUyMnRleHQlMkZqYXZhc2NyaXB0JTIyJTNFJTIwJTJGJTJGdmlkZW8lMjglMjAlMjdwbGF5ZXIlMjclMjAlMkMlMjAlN0IlMjBhdXRvcGxheSUyMCUzQSUyMHRydWUlMjAlN0QlMjklM0IlMEElM0MlMkZzY3JpcHQlM0U=[\/vc_raw_js][\/vc_column][\/vc_row][vc_row row_type=&#8221;row&#8221; use_row_as_full_screen_section=&#8221;no&#8221; type=&#8221;full_width&#8221; angled_section=&#8221;no&#8221; text_align=&#8221;center&#8221; background_image_as_pattern=&#8221;without_pattern&#8221; background_color=&#8221;#7bb739&#8243; css_animation=&#8221;&#8221; css=&#8221;.vc_custom_1567693185180{background-color: #7bb739 !important;}&#8221;][vc_column][vc_empty_space height=&#8221;4px&#8221;][\/vc_column][\/vc_row][vc_row row_type=&#8221;row&#8221; use_row_as_full_screen_section=&#8221;no&#8221; type=&#8221;full_width&#8221; angled_section=&#8221;no&#8221; text_align=&#8221;left&#8221; background_image_as_pattern=&#8221;without_pattern&#8221; css_animation=&#8221;&#8221; css=&#8221;.vc_custom_1492599534047{background-color: #ffffff !important;}&#8221;][vc_column][vc_empty_space height=&#8221;60px&#8221;][\/vc_column][\/vc_row][vc_row row_type=&#8221;row&#8221; use_row_as_full_screen_section=&#8221;no&#8221; type=&#8221;grid&#8221; angled_section=&#8221;no&#8221; text_align=&#8221;center&#8221; background_image_as_pattern=&#8221;without_pattern&#8221; background_color=&#8221;#ffffff&#8221; css_animation=&#8221;&#8221; css=&#8221;.vc_custom_1490369294730{background-color: #ffffff !important;}&#8221;][vc_column][vc_empty_space height=&#8221;60px&#8221;][vc_column_text]<\/p>\n<p style=\"text-align: center; font-family: helvth; font-size: 42px; line-height: 42px;\">COMPANY PROFILE<\/p>\n<p>[\/vc_column_text][\/vc_column][\/vc_row][vc_row row_type=&#8221;row&#8221; use_row_as_full_screen_section=&#8221;no&#8221; type=&#8221;full_width&#8221; angled_section=&#8221;no&#8221; text_align=&#8221;center&#8221; background_image_as_pattern=&#8221;without_pattern&#8221; background_color=&#8221;#ffffff&#8221; css_animation=&#8221;&#8221; css=&#8221;.vc_custom_1491818960772{background-color: #ffffff !important;}&#8221;][vc_column][vc_separator type=&#8221;normal&#8221;][\/vc_column][\/vc_row][vc_row row_type=&#8221;row&#8221; use_row_as_full_screen_section=&#8221;no&#8221; type=&#8221;grid&#8221; angled_section=&#8221;no&#8221; text_align=&#8221;center&#8221; background_image_as_pattern=&#8221;without_pattern&#8221; background_color=&#8221;#ffffff&#8221; css_animation=&#8221;&#8221; css=&#8221;.vc_custom_1491826070100{background-color: #ffffff !important;}&#8221;][vc_column el_class=&#8221;test_one_page&#8221;][vc_empty_space][vc_column_text el_class=&#8221;test_one_page&#8221;]<\/p>\n<div class=\"wpb_text_column wpb_content_element test_one_page\">\n<div class=\"wpb_wrapper\">\n<p>Han transcurrido m\u00e1s de cincuenta a\u00f1os desde que el fundador, Vittorio Comunello, ha comenzado su aventura pionera fundando una empresa que fabrica componentes para puertas correderas que, r\u00e1pidamente, conquista y todav\u00eda mantiene una posici\u00f3n l\u00edder en el mercado por innovaci\u00f3n y b\u00fasqueda de la calidad absoluta.<br \/>\nM\u00e1s de cincuenta a\u00f1os de precisi\u00f3n en la fabricaci\u00f3n de componentes perfectos, que siguen la evoluci\u00f3n de las tecnolog\u00edas m\u00e1s avanzadas y que garantizan los m\u00e1s altos est\u00e1ndares de seguridad.<\/p>\n<p>&nbsp;<\/p>\n<p>La empresa, fundada en 1965 por Vittorio Comunello, actualmente est\u00e1 dirigida por la segunda generaci\u00f3n: Franco, Silvia y Luca.<\/p>\n<\/div>\n<\/div>\n<p>[\/vc_column_text][vc_empty_space height=&#8221;60px&#8221;][\/vc_column][\/vc_row][vc_row row_type=&#8221;row&#8221; use_row_as_full_screen_section=&#8221;no&#8221; type=&#8221;full_width&#8221; angled_section=&#8221;no&#8221; text_align=&#8221;left&#8221; background_image_as_pattern=&#8221;without_pattern&#8221; background_color=&#8221;#ffffff&#8221; css_animation=&#8221;&#8221;][vc_column][vc_empty_space height=&#8221;12px&#8221;][vc_separator type=&#8221;normal&#8221;][vc_empty_space][\/vc_column][\/vc_row][vc_row row_type=&#8221;row&#8221; use_row_as_full_screen_section=&#8221;no&#8221; type=&#8221;grid&#8221; angled_section=&#8221;no&#8221; text_align=&#8221;left&#8221; background_image_as_pattern=&#8221;without_pattern&#8221; background_color=&#8221;#ffffff&#8221; css_animation=&#8221;&#8221;][vc_column][vc_column_text]<\/p>\n<h1 style=\"font-size: 42px; font-family: helvth; text-align: center;\">MADE IN <span style=\"color: #94be01;\">COMUNELLO<\/span><\/h1>\n<p>[\/vc_column_text][vc_empty_space][\/vc_column][\/vc_row][vc_row row_type=&#8221;row&#8221; use_row_as_full_screen_section=&#8221;no&#8221; type=&#8221;grid&#8221; angled_section=&#8221;no&#8221; text_align=&#8221;left&#8221; background_image_as_pattern=&#8221;without_pattern&#8221; background_color=&#8221;#ffffff&#8221; css_animation=&#8221;&#8221; css=&#8221;.vc_custom_1495533166047{padding-right: 50px !important;padding-left: 50px !important;}&#8221;][vc_column width=&#8221;1\/2&#8243;][vc_empty_space][vc_column_text el_class=&#8221;test_one_page&#8221;]Esto realmente es la marca comercial de toda la producci\u00f3n que se realiza desde 1965 absolutamente en casa y estrictamente en las plantas del Grupo.[\/vc_column_text][vc_empty_space height=&#8221;12px&#8221;][vc_column_text el_class=&#8221;test_one_page&#8221;]Aqu\u00ed siempre se aplican sistemas de control de certificados y se utilizan materiales de calidad superior, fiables y garantizados.[\/vc_column_text][vc_empty_space][\/vc_column][vc_column width=&#8221;1\/2&#8243;][vc_empty_space height=&#8221;12px&#8221;][vc_empty_space height=&#8221;12px&#8221;][vc_single_image image=&#8221;25739&#8243; img_size=&#8221;full&#8221; alignment=&#8221;center&#8221; qode_css_animation=&#8221;element_from_right&#8221; transition_delay=&#8221;0,5&#8243;][\/vc_column][\/vc_row][vc_row row_type=&#8221;row&#8221; use_row_as_full_screen_section=&#8221;no&#8221; type=&#8221;full_width&#8221; angled_section=&#8221;no&#8221; text_align=&#8221;left&#8221; background_image_as_pattern=&#8221;without_pattern&#8221; background_color=&#8221;#ffffff&#8221; css_animation=&#8221;&#8221;][vc_column][vc_empty_space height=&#8221;12px&#8221;][vc_separator type=&#8221;normal&#8221;][vc_empty_space][\/vc_column][\/vc_row][vc_row row_type=&#8221;row&#8221; use_row_as_full_screen_section=&#8221;no&#8221; type=&#8221;grid&#8221; angled_section=&#8221;no&#8221; text_align=&#8221;left&#8221; background_image_as_pattern=&#8221;without_pattern&#8221; background_color=&#8221;#ffffff&#8221; css_animation=&#8221;&#8221;][vc_column][vc_column_text]<\/p>\n<h1 style=\"font-size: 42px; font-family: helvth; text-align: center;\"><span style=\"color: #94be01;\">DESIGN<\/span> TO RESIST<\/h1>\n<p>[\/vc_column_text][vc_empty_space][\/vc_column][\/vc_row][vc_row row_type=&#8221;row&#8221; use_row_as_full_screen_section=&#8221;no&#8221; type=&#8221;grid&#8221; angled_section=&#8221;no&#8221; text_align=&#8221;left&#8221; background_image_as_pattern=&#8221;without_pattern&#8221; background_color=&#8221;#ffffff&#8221; css_animation=&#8221;&#8221; css=&#8221;.vc_custom_1495533166047{padding-right: 50px !important;padding-left: 50px !important;}&#8221;][vc_column width=&#8221;1\/2&#8243;][vc_empty_space height=&#8221;12px&#8221;][vc_single_image image=&#8221;15386&#8243; img_size=&#8221;full&#8221; alignment=&#8221;center&#8221; qode_css_animation=&#8221;element_from_left&#8221; transition_delay=&#8221;0,5&#8243;][\/vc_column][vc_column width=&#8221;1\/2&#8243;][vc_empty_space][vc_column_text el_class=&#8221;test_one_page&#8221;]Un design exclusivo<span class=\"Apple-converted-space\">\u00a0 <\/span>y patentado, dise\u00f1ado y construido en los estudios Comunello donde la funcionalidad y la est\u00e9tica s\u00f3lo pueden ser complementarias.[\/vc_column_text][vc_empty_space height=&#8221;12px&#8221;][vc_column_text el_class=&#8221;test_one_page&#8221;]Las l\u00edneas limpias y llamativo. Capacidad sin precedentes para elegir entre dos colores que, como sugiere el gusto moderno y atemporal, son absolutos: blanco y negro.[\/vc_column_text][vc_empty_space height=&#8221;12px&#8221;][vc_column_text el_class=&#8221;test_one_page&#8221;]Soluciones que cumplen sin contrasta la esencialidad arquitectura est\u00e9tica y conceptual de las arquitecturades de la calidad. Fueron creados para durar, y para hacer la vida m\u00e1s f\u00e1cil.[\/vc_column_text][vc_empty_space][\/vc_column][\/vc_row][vc_row row_type=&#8221;row&#8221; use_row_as_full_screen_section=&#8221;no&#8221; type=&#8221;full_width&#8221; angled_section=&#8221;no&#8221; text_align=&#8221;left&#8221; background_image_as_pattern=&#8221;without_pattern&#8221; background_color=&#8221;#ffffff&#8221; css_animation=&#8221;&#8221;][vc_column][vc_empty_space height=&#8221;12px&#8221;][vc_separator type=&#8221;normal&#8221;][vc_empty_space][\/vc_column][\/vc_row][vc_row row_type=&#8221;row&#8221; use_row_as_full_screen_section=&#8221;no&#8221; type=&#8221;grid&#8221; angled_section=&#8221;no&#8221; text_align=&#8221;left&#8221; background_image_as_pattern=&#8221;without_pattern&#8221; background_color=&#8221;#ffffff&#8221; css_animation=&#8221;&#8221;][vc_column][vc_column_text]<\/p>\n<h1 style=\"font-size: 42px; font-family: helvth; text-align: center;\"><span style=\"color: #94be01;\">PRECISELY<\/span> WHAT YOU WOULD EXPECT<\/h1>\n<p>[\/vc_column_text][vc_empty_space][\/vc_column][\/vc_row][vc_row row_type=&#8221;row&#8221; use_row_as_full_screen_section=&#8221;no&#8221; type=&#8221;grid&#8221; angled_section=&#8221;no&#8221; text_align=&#8221;left&#8221; background_image_as_pattern=&#8221;without_pattern&#8221; background_color=&#8221;#ffffff&#8221; css_animation=&#8221;&#8221; css=&#8221;.vc_custom_1495533166047{padding-right: 50px !important;padding-left: 50px !important;}&#8221;][vc_column width=&#8221;1\/2&#8243;][vc_empty_space][vc_column_text el_class=&#8221;test_one_page&#8221;]Una historia basada en la mec\u00e1nica de la excelencia y una actitud cong\u00e9nita buscando la perfecci\u00f3n en movimiento.[\/vc_column_text][vc_empty_space height=&#8221;12px&#8221;][vc_column_text el_class=&#8221;test_one_page&#8221;]El proyecto Automation puede decirse que es una expresi\u00f3n natural de la visi\u00f3n de la empresa.[\/vc_column_text][vc_empty_space height=&#8221;12px&#8221;][vc_column_text el_class=&#8221;test_one_page&#8221;]La calidad del producto obtenido con estas premisas es exactamente en el nivel que el cliente de Comunello<span class=\"Apple-converted-space\">\u00a0 <\/span>espera y merece.[\/vc_column_text][vc_empty_space][\/vc_column][vc_column width=&#8221;1\/2&#8243;][vc_empty_space height=&#8221;12px&#8221;][vc_single_image image=&#8221;25741&#8243; img_size=&#8221;full&#8221; alignment=&#8221;center&#8221; qode_css_animation=&#8221;element_from_right&#8221; transition_delay=&#8221;0,5&#8243;][\/vc_column][\/vc_row][vc_row row_type=&#8221;row&#8221; use_row_as_full_screen_section=&#8221;no&#8221; type=&#8221;full_width&#8221; angled_section=&#8221;no&#8221; text_align=&#8221;left&#8221; background_image_as_pattern=&#8221;without_pattern&#8221; background_color=&#8221;#ffffff&#8221; css_animation=&#8221;&#8221;][vc_column][vc_empty_space height=&#8221;12px&#8221;][vc_separator type=&#8221;normal&#8221;][vc_empty_space][\/vc_column][\/vc_row][vc_row row_type=&#8221;row&#8221; use_row_as_full_screen_section=&#8221;no&#8221; type=&#8221;grid&#8221; angled_section=&#8221;no&#8221; text_align=&#8221;left&#8221; background_image_as_pattern=&#8221;without_pattern&#8221; background_color=&#8221;#ffffff&#8221; css_animation=&#8221;&#8221;][vc_column][vc_column_text]<\/p>\n<h1 style=\"font-size: 42px; font-family: helvth; text-align: center;\">ELECTRICAL<span style=\"color: #94be01;\"> SIMPLICITY<\/span><\/h1>\n<p>[\/vc_column_text][vc_empty_space][\/vc_column][\/vc_row][vc_row row_type=&#8221;row&#8221; use_row_as_full_screen_section=&#8221;no&#8221; type=&#8221;grid&#8221; angled_section=&#8221;no&#8221; text_align=&#8221;left&#8221; background_image_as_pattern=&#8221;without_pattern&#8221; background_color=&#8221;#ffffff&#8221; css_animation=&#8221;&#8221; css=&#8221;.vc_custom_1495533166047{padding-right: 50px !important;padding-left: 50px !important;}&#8221;][vc_column width=&#8221;1\/2&#8243;][vc_single_image image=&#8221;25787&#8243; img_size=&#8221;full&#8221; alignment=&#8221;center&#8221; qode_css_animation=&#8221;element_from_left&#8221; transition_delay=&#8221;0,5&#8243;][\/vc_column][vc_column width=&#8221;1\/2&#8243;][vc_empty_space][vc_column_text el_class=&#8221;test_one_page&#8221;]Siempre en l\u00ednea con la filosof\u00eda de la empresa dedicada a la simplicidad, tambi\u00e9n la electr\u00f3nica de control ha sido dise\u00f1ado para ser extremadamente f\u00e1cil.[\/vc_column_text][vc_empty_space height=&#8221;12px&#8221;][vc_column_text el_class=&#8221;test_one_page&#8221;]M\u00e1s tiempo dedicado al proyecto implicaba menos tiempo para el instalador.[\/vc_column_text][vc_empty_space height=&#8221;12px&#8221;][vc_column_text el_class=&#8221;test_one_page&#8221;]Todas las conexiones est\u00e1n claramente marcadas en las tablas para permitir una conexion r\u00e1pida y f\u00e1cil.[\/vc_column_text][vc_empty_space][\/vc_column][\/vc_row][vc_row row_type=&#8221;row&#8221; use_row_as_full_screen_section=&#8221;no&#8221; type=&#8221;full_width&#8221; angled_section=&#8221;no&#8221; text_align=&#8221;center&#8221; background_image_as_pattern=&#8221;without_pattern&#8221; border_color=&#8221;#303030&#8243; css_animation=&#8221;&#8221; css=&#8221;.vc_custom_1491483971172{background-color: #ffffff !important;}&#8221;][vc_column][vc_empty_space height=&#8221;50px&#8221;][\/vc_column][\/vc_row][vc_row row_type=&#8221;row&#8221; use_row_as_full_screen_section=&#8221;no&#8221; type=&#8221;full_width&#8221; angled_section=&#8221;no&#8221; text_align=&#8221;center&#8221; background_image_as_pattern=&#8221;without_pattern&#8221; background_color=&#8221;#ffffff&#8221; padding_top=&#8221;0&#8243; padding_bottom=&#8221;50&#8243; css_animation=&#8221;&#8221; css=&#8221;.vc_custom_1495536699250{background-color: #262626 !important;}&#8221;][vc_column][vc_empty_space][vc_empty_space][vc_column_text]<\/p>\n<p class=\"titoletto_divisioneb\" style=\"color: #ffffff;\">Download<\/p>\n<p>[\/vc_column_text][vc_empty_space][vc_row_inner row_type=&#8221;row&#8221; type=&#8221;grid&#8221; text_align=&#8221;left&#8221; css_animation=&#8221;&#8221;][vc_column_inner width=&#8221;1\/3&#8243;][\/vc_column_inner][vc_column_inner width=&#8221;1\/3&#8243;][vc_column_text]<\/p>\n<p class=\"pdf_catologo\" style=\"text-align: center;\"><a href=\"https:\/\/www.comunello.com\/media\/products\/area_file\/automation\/companyprofile_automation_2019-v01_ena.pdf\" target=\"_blank\">\u00a0<img loading=\"lazy\" class=\"alignnone size-full wp-image-12926\" style=\"position: relative; top: 5px;\" src=\"http:\/\/www.comunello.com\/wp-content\/uploads\/2017\/03\/pdf_icon_40.png\" alt=\"pdf_icon_40\" width=\"30\" height=\"30\" srcset=\"https:\/\/www.comunello.com\/wp-content\/uploads\/2017\/03\/pdf_icon_40.png 40w, https:\/\/www.comunello.com\/wp-content\/uploads\/2017\/03\/pdf_icon_40-27x27.png 27w\" sizes=\"(max-width: 30px) 100vw, 30px\" \/> Company Profile<\/a><\/p>\n<p>[\/vc_column_text][\/vc_column_inner][vc_column_inner width=&#8221;1\/3&#8243;][\/vc_column_inner][\/vc_row_inner][vc_empty_space][\/vc_column][\/vc_row][vc_row row_type=&#8221;row&#8221; use_row_as_full_screen_section=&#8221;no&#8221; type=&#8221;grid&#8221; angled_section=&#8221;no&#8221; text_align=&#8221;left&#8221; background_image_as_pattern=&#8221;without_pattern&#8221; background_color=&#8221;#ffffff&#8221; css_animation=&#8221;&#8221;][vc_column][vc_empty_space height=&#8221;8px&#8221;][\/vc_column][\/vc_row]<\/p>\n","protected":false},"excerpt":{"rendered":"<p>[vc_row row_type=&#8221;row&#8221; use_row_as_full_screen_section=&#8221;no&#8221; type=&#8221;full_width&#8221; angled_section=&#8221;no&#8221; text_align=&#8221;left&#8221; background_image_as_pattern=&#8221;without_pattern&#8221; border_color=&#8221;#cecece&#8221; css_animation=&#8221;&#8221;][vc_column][vc_column_text]Nuova [\/vc_column_text][vc_empty_space height=&#8221;45px&#8221;][\/vc_column][\/vc_row][vc_row row_type=&#8221;row&#8221; use_row_as_full_screen_section=&#8221;no&#8221; type=&#8221;full_width&#8221; angled_section=&#8221;no&#8221; text_align=&#8221;center&#8221; background_image_as_pattern=&#8221;without_pattern&#8221; background_color=&#8221;#7bb739&#8243; css_animation=&#8221;&#8221; css=&#8221;.vc_custom_1567693178018{background-color: #7bb739 !important;}&#8221;][vc_column][vc_empty_space height=&#8221;2px&#8221;][\/vc_column][\/vc_row][vc_row row_type=&#8221;row&#8221; use_row_as_full_screen_section=&#8221;no&#8221;&#8230;<\/p>\n","protected":false},"author":1,"featured_media":0,"parent":1896,"menu_order":0,"comment_status":"open","ping_status":"open","template":"full_width.php","meta":[],"yoast_head":"<!-- This site is optimized with the Yoast SEO plugin v16.0.2 - https:\/\/yoast.com\/wordpress\/plugins\/seo\/ -->\n<link rel=\"canonical\" href=\"https:\/\/www.comunello.com\/es\/automation\/company\/\" \/>\n<meta property=\"og:locale\" content=\"es_ES\" \/>\n<meta property=\"og:type\" content=\"article\" \/>\n<meta property=\"og:title\" content=\"AUTOMATION Perfil de la Empresa - Fratelli COMUNELLO\" \/>\n<meta property=\"og:description\" content=\"[vc_row row_type=&#8221;row&#8221; use_row_as_full_screen_section=&#8221;no&#8221; type=&#8221;full_width&#8221; angled_section=&#8221;no&#8221; text_align=&#8221;left&#8221; background_image_as_pattern=&#8221;without_pattern&#8221; border_color=&#8221;#cecece&#8221; css_animation=&#8221;&#8221;][vc_column][vc_column_text]Nuova [\/vc_column_text][vc_empty_space height=&#8221;45px&#8221;][\/vc_column][\/vc_row][vc_row row_type=&#8221;row&#8221; use_row_as_full_screen_section=&#8221;no&#8221; type=&#8221;full_width&#8221; angled_section=&#8221;no&#8221; text_align=&#8221;center&#8221; background_image_as_pattern=&#8221;without_pattern&#8221; background_color=&#8221;#7bb739&#8243; css_animation=&#8221;&#8221; css=&#8221;.vc_custom_1567693178018{background-color: #7bb739 !important;}&#8221;][vc_column][vc_empty_space height=&#8221;2px&#8221;][\/vc_column][\/vc_row][vc_row row_type=&#8221;row&#8221; use_row_as_full_screen_section=&#8221;no&#8221;...\" \/>\n<meta property=\"og:url\" content=\"https:\/\/www.comunello.com\/es\/automation\/company\/\" \/>\n<meta property=\"og:site_name\" content=\"Fratelli COMUNELLO\" \/>\n<meta property=\"article:modified_time\" content=\"2019-09-11T15:35:15+00:00\" \/>\n<meta property=\"og:image\" content=\"http:\/\/www.comunello.com\/wp-content\/uploads\/2017\/03\/pdf_icon_40.png\" \/>\n<meta name=\"twitter:card\" content=\"summary_large_image\" \/>\n<meta name=\"twitter:label1\" content=\"Tiempo de lectura\">\n\t<meta name=\"twitter:data1\" content=\"10 minutos\">\n<script type=\"application\/ld+json\" class=\"yoast-schema-graph\">{\"@context\":\"https:\/\/schema.org\",\"@graph\":[{\"@type\":\"WebSite\",\"@id\":\"https:\/\/www.comunello.com\/#website\",\"url\":\"https:\/\/www.comunello.com\/\",\"name\":\"Fratelli COMUNELLO\",\"description\":\"| Life Made Easy\",\"potentialAction\":[{\"@type\":\"SearchAction\",\"target\":\"https:\/\/www.comunello.com\/?s={search_term_string}\",\"query-input\":\"required name=search_term_string\"}],\"inLanguage\":\"es\"},{\"@type\":\"ImageObject\",\"@id\":\"https:\/\/www.comunello.com\/es\/automation\/company\/#primaryimage\",\"inLanguage\":\"es\",\"url\":\"http:\/\/www.comunello.com\/wp-content\/uploads\/2017\/03\/pdf_icon_40.png\"},{\"@type\":\"WebPage\",\"@id\":\"https:\/\/www.comunello.com\/es\/automation\/company\/#webpage\",\"url\":\"https:\/\/www.comunello.com\/es\/automation\/company\/\",\"name\":\"AUTOMATION Perfil de la Empresa - Fratelli COMUNELLO\",\"isPartOf\":{\"@id\":\"https:\/\/www.comunello.com\/#website\"},\"primaryImageOfPage\":{\"@id\":\"https:\/\/www.comunello.com\/es\/automation\/company\/#primaryimage\"},\"datePublished\":\"2014-12-10T15:18:02+00:00\",\"dateModified\":\"2019-09-11T15:35:15+00:00\",\"breadcrumb\":{\"@id\":\"https:\/\/www.comunello.com\/es\/automation\/company\/#breadcrumb\"},\"inLanguage\":\"es\",\"potentialAction\":[{\"@type\":\"ReadAction\",\"target\":[\"https:\/\/www.comunello.com\/es\/automation\/company\/\"]}]},{\"@type\":\"BreadcrumbList\",\"@id\":\"https:\/\/www.comunello.com\/es\/automation\/company\/#breadcrumb\",\"itemListElement\":[{\"@type\":\"ListItem\",\"position\":1,\"item\":{\"@type\":\"WebPage\",\"@id\":\"https:\/\/www.comunello.com\/es\/\",\"url\":\"https:\/\/www.comunello.com\/es\/\",\"name\":\"Home\"}},{\"@type\":\"ListItem\",\"position\":2,\"item\":{\"@type\":\"WebPage\",\"@id\":\"https:\/\/www.comunello.com\/es\/automation\/\",\"url\":\"https:\/\/www.comunello.com\/es\/automation\/\",\"name\":\"AUTOMATION\"}},{\"@type\":\"ListItem\",\"position\":3,\"item\":{\"@type\":\"WebPage\",\"@id\":\"https:\/\/www.comunello.com\/es\/automation\/company\/\",\"url\":\"https:\/\/www.comunello.com\/es\/automation\/company\/\",\"name\":\"AUTOMATION Perfil de la Empresa\"}}]}]}<\/script>\n<!-- \/ Yoast SEO plugin. -->","_links":{"self":[{"href":"https:\/\/www.comunello.com\/es\/wp-json\/wp\/v2\/pages\/1938\/"}],"collection":[{"href":"https:\/\/www.comunello.com\/es\/wp-json\/wp\/v2\/pages\/"}],"about":[{"href":"https:\/\/www.comunello.com\/es\/wp-json\/wp\/v2\/types\/page\/"}],"author":[{"embeddable":true,"href":"https:\/\/www.comunello.com\/es\/wp-json\/wp\/v2\/users\/1\/"}],"replies":[{"embeddable":true,"href":"https:\/\/www.comunello.com\/es\/wp-json\/wp\/v2\/comments\/?post=1938"}],"version-history":[{"count":8,"href":"https:\/\/www.comunello.com\/es\/wp-json\/wp\/v2\/pages\/1938\/revisions\/"}],"predecessor-version":[{"id":25864,"href":"https:\/\/www.comunello.com\/es\/wp-json\/wp\/v2\/pages\/1938\/revisions\/25864\/"}],"up":[{"embeddable":true,"href":"https:\/\/www.comunello.com\/es\/wp-json\/wp\/v2\/pages\/1896\/"}],"wp:attachment":[{"href":"https:\/\/www.comunello.com\/es\/wp-json\/wp\/v2\/media\/?parent=1938"}],"curies":[{"name":"wp","href":"https:\/\/api.w.org\/{rel}","templated":true}]}}