{"id":1917,"date":"2014-12-09T11:41:40","date_gmt":"2014-12-09T11:41:40","guid":{"rendered":"http:\/\/www.comunello.com\/gate-2\/"},"modified":"2025-12-02T16:13:26","modified_gmt":"2025-12-02T14:13:26","slug":"gate","status":"publish","type":"page","link":"https:\/\/www.comunello.com\/es\/gate\/","title":{"rendered":"GATE"},"content":{"rendered":"<p>[vc_row css_animation=&#8221;&#8221; row_type=&#8221;row&#8221; use_row_as_full_screen_section=&#8221;no&#8221; type=&#8221;full_width&#8221; angled_section=&#8221;no&#8221; text_align=&#8221;left&#8221; background_image_as_pattern=&#8221;without_pattern&#8221; background_color=&#8221;#f2f2f2&#8243;][vc_column][vc_empty_space height=&#8221;70&#8243;][vc_row_inner row_type=&#8221;row&#8221; type=&#8221;grid&#8221; text_align=&#8221;left&#8221; css_animation=&#8221;&#8221;][vc_column_inner offset=&#8221;vc_hidden-sm vc_hidden-xs&#8221;][vc_column_text css=&#8221;.vc_custom_1496819616136{padding-left: 5px !important;}&#8221;]<\/p>\n<p class=\"titoletto_divisione\" style=\"text-align: left;\">Accesesorios para puertas y portones industriales<\/p>\n<p>[\/vc_column_text][\/vc_column_inner][\/vc_row_inner][\/vc_column][\/vc_row][vc_row css_animation=&#8221;&#8221; row_type=&#8221;row&#8221; use_row_as_full_screen_section=&#8221;no&#8221; type=&#8221;full_width&#8221; angled_section=&#8221;no&#8221; text_align=&#8221;left&#8221; background_image_as_pattern=&#8221;without_pattern&#8221; border_color=&#8221;#d8d8d8&#8243; padding_top=&#8221;0&#8243;][vc_column][vc_column_text css=&#8221;.vc_custom_1700814123735{padding-bottom: 1px !important;}&#8221;]\n\t\t\t<!-- START GATE \/ 2023 REVOLUTION SLIDER 6.4.6 --><p class=\"rs-p-wp-fix\"><\/p>\n\t\t\t<rs-module-wrap id=\"rev_slider_511_1_wrapper\" data-source=\"gallery\" style=\"background:#dadada;padding:0;margin:0px auto;margin-top:0;margin-bottom:0;max-width:;\">\n\t\t\t\t<rs-module id=\"rev_slider_511_1\" style=\"\" data-version=\"6.4.6\">\n\t\t\t\t\t<rs-slides>\n\t\t\t\t\t\t<rs-slide data-key=\"rs-2227\" data-title=\"CANTILEVER LIMIT FORT\" data-duration=\"4000ms\" data-anim=\"ms:1400ms;\" data-in=\"o:0;\" data-out=\"a:false;\">\n\t\t\t\t\t\t\t<img src=\"\/\/www.comunello.com\/wp-content\/uploads\/2023\/09\/01-render_CantileverLimit_ambientato-larga-2400.jpg\" alt=\"01 render CantileverLimit ambientato larga 2400\" title=\"01 render CantileverLimit ambientato larga 2400\" width=\"2400\" height=\"1120\" class=\"rev-slidebg tp-rs-img\" data-bg=\"p:center bottom;\" data-no-retina>\n<!---->\t\t\t\t\t\t<\/rs-slide>\n\t\t\t\t\t\t<rs-slide data-key=\"rs-2228\" data-title=\"RYSING\" data-duration=\"4000ms\" data-anim=\"ms:1400ms;\" data-in=\"o:0;\" data-out=\"a:false;\">\n\t\t\t\t\t\t\t<img src=\"\/\/www.comunello.com\/wp-content\/uploads\/2023\/09\/02-render_rysing_ambientato-larga-2400.jpg\" alt=\"02 render rysing ambientato larga 2400\" title=\"02 render rysing ambientato larga 2400\" width=\"2400\" height=\"1120\" class=\"rev-slidebg tp-rs-img\" data-bg=\"p:0% 80%;\" data-no-retina>\n<!---->\t\t\t\t\t\t<\/rs-slide>\n\t\t\t\t\t\t<rs-slide data-key=\"rs-2229\" data-title=\"BULLET\" data-duration=\"4000ms\" data-anim=\"ms:1400ms;\" data-in=\"o:0;\" data-out=\"a:false;\">\n\t\t\t\t\t\t\t<img src=\"\/\/www.comunello.com\/wp-content\/uploads\/2023\/09\/03-render_Bullet_ambientato-2400-1.jpg\" alt=\"03 render Bullet ambientato 2400 1\" title=\"03 render Bullet ambientato 2400 1\" width=\"2400\" height=\"1028\" class=\"rev-slidebg tp-rs-img\" data-bg=\"p:0% 80%;\" data-no-retina>\n<!---->\t\t\t\t\t\t<\/rs-slide>\n\t\t\t\t\t\t<rs-slide data-key=\"rs-2230\" data-title=\"RANGER\" data-duration=\"2000ms\" data-anim=\"ms:1400ms;\" data-in=\"o:0;\" data-out=\"a:false;\">\n\t\t\t\t\t\t\t<img src=\"\/\/www.comunello.com\/wp-content\/uploads\/2023\/09\/04-render_Ranger_ambientato-largo-A-2400-1.jpg\" alt=\"04 render Ranger ambientato largo A 2400 1\" title=\"04 render Ranger ambientato largo A 2400 1\" width=\"2400\" height=\"1074\" class=\"rev-slidebg tp-rs-img\" data-bg=\"p:0% 80%;\" data-no-retina>\n<!---->\t\t\t\t\t\t<\/rs-slide>\n\t\t\t\t\t\t<rs-slide data-key=\"rs-2231\" data-title=\"RANGER 2\" data-duration=\"2000ms\" data-anim=\"ms:1400ms;\" data-in=\"o:0;\" data-out=\"a:false;\">\n\t\t\t\t\t\t\t<img src=\"\/\/www.comunello.com\/wp-content\/uploads\/2023\/09\/05-render_Ranger_ambientato-largo-B-2400-1.jpg\" alt=\"05 render Ranger ambientato largo B 2400 1\" title=\"05 render Ranger ambientato largo B 2400 1\" width=\"2400\" height=\"1074\" class=\"rev-slidebg tp-rs-img\" data-bg=\"p:0% 80%;\" data-no-retina>\n<!---->\t\t\t\t\t\t<\/rs-slide>\n\t\t\t\t\t\t<rs-slide data-key=\"rs-2232\" data-title=\"RANGER 3\" data-duration=\"2000ms\" data-anim=\"ms:1400ms;\" data-in=\"o:0;\" data-out=\"a:false;\">\n\t\t\t\t\t\t\t<img src=\"\/\/www.comunello.com\/wp-content\/uploads\/2023\/09\/06-render_Ranger_ambientato-largo-C-2400.jpg\" alt=\"06 render Ranger ambientato largo C 2400\" title=\"06 render Ranger ambientato largo C 2400\" width=\"2400\" height=\"1074\" class=\"rev-slidebg tp-rs-img\" data-bg=\"p:0% 80%;\" data-no-retina>\n<!---->\t\t\t\t\t\t<\/rs-slide>\n\t\t\t\t\t\t<rs-slide data-key=\"rs-2234\" data-title=\"ALBATROS 1\" data-duration=\"2000ms\" data-anim=\"ms:1400ms;\" data-in=\"o:0;\" data-out=\"a:false;\">\n\t\t\t\t\t\t\t<img src=\"\/\/www.comunello.com\/wp-content\/uploads\/2023\/09\/08-render_Albatros_ambientato-largo-A-2400.jpg\" alt=\"08 render Albatros ambientato largo A 2400\" title=\"08 render Albatros ambientato largo A 2400\" width=\"2400\" height=\"1131\" class=\"rev-slidebg tp-rs-img\" data-bg=\"p:0% 80%;\" data-no-retina>\n<!---->\t\t\t\t\t\t<\/rs-slide>\n\t\t\t\t\t\t<rs-slide data-key=\"rs-2235\" data-title=\"ALBATROS 2\" data-duration=\"2000ms\" data-anim=\"ms:1400ms;\" data-in=\"o:0;\" data-out=\"a:false;\">\n\t\t\t\t\t\t\t<img src=\"\/\/www.comunello.com\/wp-content\/uploads\/2023\/09\/09-render_Albatros_ambientato-largo-B-2400.jpg\" alt=\"09 render Albatros ambientato largo B 2400\" title=\"09 render Albatros ambientato largo B 2400\" width=\"2400\" height=\"1131\" class=\"rev-slidebg tp-rs-img\" data-bg=\"p:0% 80%;\" data-no-retina>\n<!---->\t\t\t\t\t\t<\/rs-slide>\n\t\t\t\t\t\t<rs-slide data-key=\"rs-2236\" data-title=\"ALBATROS 3\" data-duration=\"2000ms\" data-anim=\"ms:1400ms;\" data-in=\"o:0;\" data-out=\"a:false;\">\n\t\t\t\t\t\t\t<img src=\"\/\/www.comunello.com\/wp-content\/uploads\/2023\/09\/10-render_Albatros_ambientato-largo-C-2400.jpg\" alt=\"10 render Albatros ambientato largo C 2400\" title=\"10 render Albatros ambientato largo C 2400\" width=\"2400\" height=\"1131\" class=\"rev-slidebg tp-rs-img\" data-bg=\"p:0% 80%;\" data-no-retina>\n<!---->\t\t\t\t\t\t<\/rs-slide>\n\t\t\t\t\t\t<rs-slide data-key=\"rs-2237\" data-title=\"CANTILEVER FORT\" data-duration=\"4000ms\" data-anim=\"ms:1400ms;\" data-in=\"o:0;\" data-out=\"a:false;\">\n\t\t\t\t\t\t\t<img src=\"\/\/www.comunello.com\/wp-content\/uploads\/2023\/09\/11-render_Integrator_ambientato-largo-2400.jpg\" alt=\"11 render Integrator ambientato largo 2400\" title=\"11 render Integrator ambientato largo 2400\" width=\"2400\" height=\"1061\" class=\"rev-slidebg tp-rs-img\" data-bg=\"p:center bottom;\" data-no-retina>\n<!---->\t\t\t\t\t\t<\/rs-slide>\n\t\t\t\t\t<\/rs-slides>\n\t\t\t\t<\/rs-module>\n\t\t\t<\/rs-module-wrap>\n\t\t\t<!-- END REVOLUTION SLIDER -->\n[\/vc_column_text][\/vc_column][\/vc_row][vc_row css_animation=&#8221;&#8221; row_type=&#8221;row&#8221; use_row_as_full_screen_section=&#8221;no&#8221; type=&#8221;full_width&#8221; angled_section=&#8221;no&#8221; text_align=&#8221;left&#8221; background_image_as_pattern=&#8221;without_pattern&#8221; background_color=&#8221;#ffffff&#8221; padding_top=&#8221;0&#8243; css=&#8221;.vc_custom_1490189180882{padding-right: 100px !important;padding-left: 100px !important;}&#8221;][vc_column][vc_raw_html]JTIwJTNDZGl2JTIwaWQlM0QlMjJwcm9kb3R0aSUyMiUyMHN0eWxlJTNEJTIycG9zaXRpb24lM0ElMjBhYnNvbHV0ZSUzQiUwQSUyMCUyMCUyMCUyMHRvcCUzQSUyMC0xNTBweCUzQiUwQSUyMCUyMCUyMCUyMHZpc2liaWxpdHklM0ElMjBoaWRkZW4lM0IlMjIlM0UlM0MlMkZkaXYlM0UlMEElM0NzdHlsZSUzRSUwQS5pY29uLWdhdGUlMjAlN0IlMEElMjAlMjBwb3NpdGlvbiUzQXJlbGF0aXZlJTNCJTBBJTdEJTBBLmljb24tZ2F0ZSUyMGltZyUyMCU3QiUwQSUyMCUyMHBvc2l0aW9uJTNBcmVsYXRpdmUlM0IlMEFmbG9hdCUzQWxlZnQlM0IlMEElN0QlMEEuZGl2aXNvcmlvJTdCJTBBYmFja2dyb3VuZC1jb2xvciUzQSUyMCUyMzAwMCUzQiUwQXdpZHRoJTNBJTIwMXB4JTNCJTBBJTdEJTBBLnRlc3RnYXRlaWNvbiUyMCU3QiUwQXBvc2l0aW9uJTNBJTIwcmVsYXRpdmUlM0IlMEElMjAlMjAlMjAlMjBmb250LXNpemUlM0ElMjAyMHB4JTNCJTBBJTIwJTIwJTIwJTIwdG9wJTNBJTIwMTFweCUzQiUwQSUyMCUyMCUyMCUyMHRleHQtYWxpZ24lM0ElMjBpbml0aWFsJTNCJTBBJTIwJTIwJTIwJTIwbGVmdCUzQSUyMDMwcHglM0IlMEElN0QlMEEubGluZWFkeCUyMCU3QiUwQWJvcmRlci1yaWdodCUzQSUyMDFweCUyMHNvbGlkJTIwJTIzYTZhNmE2JTNCJTBBbWFyZ2luLXJpZ2h0JTNBJTIwNDBweCUzQiUwQSU3RCUwQSUwQS5nYXRlLWdlbmVyYWxlLXNwb3N0LWR4JTIwJTdCJTBBcG9zaXRpb24lM0ElMjByZWxhdGl2ZSUzQiUwQSU3RCUwQSUwQSU0MG1lZGlhJTIwc2NyZWVuJTIwYW5kJTIwJTI4bWluLXdpZHRoJTNBJTIwNzY4cHglMjklMjAlN0IlMEEuY29sLWdhdGUtMSUyMCU3QiUwQXdpZHRoJTNBMzMlMjUlM0IlMEElN0QlMEEuY29sLWdhdGUtbGluZWElMjAlN0IlMEF3aWR0aCUzQTFweCUzQiUwQWhlaWdodCUzQSUyMDUxMHB4JTNCJTBBYmFja2dyb3VuZC1jb2xvciUzQSUyMCUyMzdkN2Q3ZCUzQiUwQXBvc2l0aW9uJTNBJTIwcmVsYXRpdmUlM0IlMEFyaWdodCUzQSUyMDEuNiUyNSUzQiUwQXRvcCUzQSUyMDZweCUzQiUwQSUwQSU3RCUwQSU3RCUwQSUzQyUyRnN0eWxlJTNF[\/vc_raw_html][vc_empty_space height=&#8221;70px&#8221;][vc_empty_space height=&#8221;30px&#8221;][\/vc_column][\/vc_row][vc_row css_animation=&#8221;&#8221; row_type=&#8221;row&#8221; use_row_as_full_screen_section=&#8221;no&#8221; type=&#8221;grid&#8221; angled_section=&#8221;no&#8221; text_align=&#8221;left&#8221; background_image_as_pattern=&#8221;without_pattern&#8221; background_color=&#8221;#ffffff&#8221; padding_top=&#8221;0&#8243; el_class=&#8221;gate-generale-spost-dx&#8221;][vc_column width=&#8221;1\/5&#8243; el_class=&#8221;col-gate-1&#8243;][vc_raw_html]JTNDZGl2JTIwY2xhc3MlM0QlMjJpY29uLWdhdGUlMjIlM0UlMEElM0NhJTIwaHJlZiUzRCUyMiUyRmVzJTJGZ2F0ZSUyRnByb2R1Y3RzJTJGcHVlcnRhLWNvcnJlZGVyYSUyRiUyMiUzRSUzQ2ltZyUyMHNyYyUzRCUyMiUyRm1lZGlhJTJGcHJvZHVjdHMlMkZnYXRlJTJGY2FuY2VsbG9fc2NvcnJldm9sZSUyRmNvbXVuZWxsby1nYXRlLWNhbmNlbGxvX3Njb3JyZXZvbGUtaWNvbi5qcGclMjIlMjAlMkYlM0UlM0NwJTIwY2xhc3MlM0QlMjJ0ZXN0Z2F0ZWljb24lMjIlM0VQVUVSVEElM0NiciUzRUNPUlJFREVSQSUzQyUyRnAlM0UlM0MlMkZhJTNFJTBBJTNDJTJGZGl2JTNF[\/vc_raw_html][vc_empty_space height=&#8221;96px&#8221;][vc_raw_html]JTNDZGl2JTIwY2xhc3MlM0QlMjJpY29uLWdhdGUlMjIlM0UlMEElM0NhJTIwaHJlZiUzRCUyMiUyRmVzJTJGZ2F0ZSUyRnByb2R1Y3RzJTJGcHVlcnRhLWF1dG9wb3J0YW50ZSUyRiUyMiUzRSUzQ2ltZyUyMHNyYyUzRCUyMiUyRm1lZGlhJTJGcHJvZHVjdHMlMkZnYXRlJTJGY2FuY2VsbG9fYXV0b3BvcnRhbnRlJTJGY29tdW5lbGxvLWdhdGUtY2FuY2VsbG9fYXV0b3BvcnRhbnRlLWljb24uanBnJTIyJTIwJTJGJTNFJTNDcCUyMGNsYXNzJTNEJTIydGVzdGdhdGVpY29uJTIyJTNFUFVFUlRBJTNDYnIlM0VBVVRPUE9SVEFOVEUlM0MlMkZwJTNFJTNDJTJGYSUzRSUwQSUzQyUyRmRpdiUzRQ==[\/vc_raw_html][vc_empty_space height=&#8221;96px&#8221;][vc_raw_html]JTNDZGl2JTIwY2xhc3MlM0QlMjJpY29uLWdhdGUlMjIlM0UlMEElM0NhJTIwaHJlZiUzRCUyMiUyRmVzJTJGZ2F0ZSUyRnByb2R1Y3RzJTJGcmFuZ2VyJTJGcmFuZ2VyJTJGJTIyJTNFJTNDaW1nJTIwc3JjJTNEJTIyaHR0cHMlM0ElMkYlMkZ3d3cuY29tdW5lbGxvLmNvbSUyRndwLWNvbnRlbnQlMkZ1cGxvYWRzJTJGMjAyMSUyRjAzJTJGY29tdW5lbGxvLWdhdGUtdGVsZXNjb3BpY28uanBnJTIyJTIwJTJGJTNFJTNDcCUyMGNsYXNzJTNEJTIydGVzdGdhdGVpY29uJTIyJTNFUFVFUlRBJTNDYnIlM0VURUxFU0MlQzMlOTNQSUNBJTNDJTJGcCUzRSUzQyUyRmElM0UlMEElM0MlMkZkaXYlM0UlMEE=[\/vc_raw_html][vc_empty_space height=&#8221;96px&#8221;][\/vc_column][vc_column width=&#8221;1\/5&#8243; el_class=&#8221;col-gate-linea&#8221; offset=&#8221;vc_hidden-sm vc_hidden-xs&#8221;][\/vc_column][vc_column width=&#8221;1\/5&#8243; el_class=&#8221;col-gate-1&#8243;][vc_raw_html]JTNDZGl2JTIwY2xhc3MlM0QlMjJpY29uLWdhdGUlMjIlM0UlMEElM0NhJTIwaHJlZiUzRCUyMiUyRmVzJTJGZ2F0ZSUyRnByb2R1Y3RzJTJGcHVlcnRhLWNhbmNlbGElMkYlMjIlM0UlM0NpbWclMjBzcmMlM0QlMjIlMkZtZWRpYSUyRnByb2R1Y3RzJTJGZ2F0ZSUyRmNhbmNlbGxvX2FkX2FudGUlMkZjb211bmVsbG8tZ2F0ZS1jYW5jZWxsb19hZF9hbnRlLWljb24uanBnJTIyJTIwJTJGJTNFJTNDcCUyMGNsYXNzJTNEJTIydGVzdGdhdGVpY29uJTIyJTNFUFVFUlRBJTNDYnIlM0VDQU5DRUxBJTNDJTJGcCUzRSUzQyUyRmElM0UlMEElM0MlMkZkaXYlM0UlMEElMEE=[\/vc_raw_html][vc_empty_space height=&#8221;96px&#8221;][vc_raw_html]JTNDZGl2JTIwY2xhc3MlM0QlMjJpY29uLWdhdGUlMjIlM0UlMEElM0NhJTIwaHJlZiUzRCUyMiUyRmVzJTJGZ2F0ZSUyRnByb2R1Y3RzJTJGcHVlcnRhLXBlYXRvbmFsZXMtZGUtaG9qYSUyRiUyMiUzRSUzQ2ltZyUyMHNyYyUzRCUyMiUyRm1lZGlhJTJGcHJvZHVjdHMlMkZnYXRlJTJGY2FuY2VsbG9fcGVkb25hbGVfYWRfYW50YSUyRmNvbXVuZWxsby1nYXRlLWNhbmNlbGxvX3BlZG9uYWxlX2FkX2FudGEtaWNvbi5qcGclMjIlMjAlMkYlM0UlM0NwJTIwY2xhc3MlM0QlMjJ0ZXN0Z2F0ZWljb24lMjIlM0VQVUVSVEElM0NiciUzRVBFQVRPTkFMRVMlM0MlMkZwJTNFJTNDJTJGYSUzRSUwQSUzQyUyRmRpdiUzRSUwQQ==[\/vc_raw_html][vc_empty_space height=&#8221;96px&#8221;][vc_raw_html]JTNDZGl2JTIwY2xhc3MlM0QlMjJpY29uLWdhdGUlMjIlM0UlMEElM0NhJTIwaHJlZiUzRCUyMiUyRmVzJTJGZ2F0ZSUyRnByb2R1Y3RzJTJGYWxiYXRyb3MlMkZhbGJhdHJvcyUyMiUzRSUzQ2ltZyUyMHNyYyUzRCUyMmh0dHBzJTNBJTJGJTJGd3d3LmNvbXVuZWxsby5jb20lMkZ3cC1jb250ZW50JTJGdXBsb2FkcyUyRjIwMjElMkYwMyUyRmNvbXVuZWxsby1nYXRlLWNhbmNlbGxvX2JpZm9sZGluZy1pY29uLmpwZyUyMiUyMCUyRiUzRSUzQ3AlMjBjbGFzcyUzRCUyMnRlc3RnYXRlaWNvbiUyMiUzRVBVRVJUQSUyMEJBVElFTlRFJTNDYnIlM0VET0JMRSUyMEhPSkElM0MlMkZwJTNFJTNDJTJGYSUzRSUwQSUzQyUyRmRpdiUzRQ==[\/vc_raw_html][vc_empty_space height=&#8221;94px&#8221;][vc_raw_html]JTNDZGl2JTIwY2xhc3MlM0QlMjJpY29uLWdhdGUlMjIlM0UlMEElM0NhJTIwaHJlZiUzRCUyMiUyRmVzJTJGZ2F0ZSUyRnByb2R1Y3RzJTJGcmlzaW5nLWhpbmdlcyUyRnJpc2luZy1oaW5nZXMlMjIlM0UlM0NpbWclMjBzcmMlM0QlMjJodHRwcyUzQSUyRiUyRnd3dy5jb211bmVsbG8uY29tJTJGd3AtY29udGVudCUyRnVwbG9hZHMlMkYyMDIyJTJGMDQlMkZjb211bmVsbG8tZ2F0ZS1yaXNpbmctaGluZ2VzLmpwZyUyMiUyMCUyRiUzRSUzQ3AlMjBjbGFzcyUzRCUyMnRlc3RnYXRlaWNvbiUyMiUzRVJJU0lORyUzQ2JyJTNFSElOR0VTJTNDJTJGcCUzRSUzQyUyRmElM0UlMEElM0MlMkZkaXYlM0U=[\/vc_raw_html][vc_empty_space height=&#8221;96px&#8221;][\/vc_column][vc_column width=&#8221;1\/5&#8243; el_class=&#8221;col-gate-linea&#8221; offset=&#8221;vc_hidden-sm vc_hidden-xs&#8221;][\/vc_column][vc_column width=&#8221;1\/5&#8243; el_class=&#8221;col-gate-1&#8243;][vc_raw_html]JTNDZGl2JTIwY2xhc3MlM0QlMjJpY29uLWdhdGUlMjIlM0UlMEElM0NhJTIwaHJlZiUzRCUyMiUyRmVzJTJGZ2F0ZSUyRnByb2R1Y3RzJTJGcHVlcnRhcy15LXZlbnRhbmFzLWVuLWFjZXJvJTJGJTIyJTNFJTNDaW1nJTIwc3JjJTNEJTIyJTJGbWVkaWElMkZwcm9kdWN0cyUyRmdhdGUlMkZwb3J0ZV9lX2ZpbmVzdHJlX2luX2FjY2lhaW8lMkZjb211bmVsbG8tZ2F0ZS1wb3J0ZV9lX2ZpbmVzdHJlX2luX2FjY2lhaW8taWNvbi5qcGclMjIlMjAlMkYlM0UlM0NwJTIwY2xhc3MlM0QlMjJ0ZXN0Z2F0ZWljb24lMjIlM0VQVUVSVEFTJTIwWSUyMFZFTlRBTkFTJTNDYnIlM0VFTiUyMEFDRVJPJTNDJTJGcCUzRSUzQyUyRmElM0UlMEElM0MlMkZkaXYlM0U=[\/vc_raw_html][vc_empty_space height=&#8221;96px&#8221;][vc_raw_html]JTNDZGl2JTIwY2xhc3MlM0QlMjJpY29uLWdhdGUlMjIlM0UlMEElM0NhJTIwaHJlZiUzRCUyMiUyRmVzJTJGZ2F0ZSUyRnByb2R1Y3RzJTJGcG9ydG9uLXRpcG8tY29ycmVkZXJhJTJGJTIyJTNFJTNDaW1nJTIwc3JjJTNEJTIyJTJGbWVkaWElMkZwcm9kdWN0cyUyRmdhdGUlMkZwb3J0b25lX3Njb3JyZXZvbGUlMkZjb211bmVsbG8tZ2F0ZS1wb3J0b25lX3Njb3JyZXZvbGUtaWNvbi5qcGclMjIlMjAlMkYlM0UlM0NwJTIwY2xhc3MlM0QlMjJ0ZXN0Z2F0ZWljb24lMjIlM0VQT1JUT04lMjBUSVBPJTNDYnIlM0VDT1JSRURFUkElM0MlMkZwJTNFJTNDJTJGYSUzRSUwQSUzQyUyRmRpdiUzRSUwQQ==[\/vc_raw_html][vc_empty_space height=&#8221;96px&#8221;][vc_raw_html]JTNDZGl2JTIwY2xhc3MlM0QlMjJpY29uLWdhdGUlMjIlM0UlMEElM0NhJTIwaHJlZiUzRCUyMiUyRmVzJTJGZ2F0ZSUyRnByb2R1Y3RzJTJGcG9ydG9uLXRpcG8tbGlicm8lMkYlMjIlM0UlM0NpbWclMjBzcmMlM0QlMjIlMkZtZWRpYSUyRnByb2R1Y3RzJTJGZ2F0ZSUyRnBvcnRvbmVfYV9saWJybyUyRmNvbXVuZWxsby1nYXRlLXBvcnRvbmVfYV9saWJyby1pY29uLmpwZyUyMiUyMCUyRiUzRSUzQ3AlMjBjbGFzcyUzRCUyMnRlc3RnYXRlaWNvbiUyMiUzRVBPUlRPTiUzQ2JyJTNFVElQTyUyMExJQlJPJTNDJTJGcCUzRSUzQyUyRmElM0UlMEElM0MlMkZkaXYlM0U=[\/vc_raw_html][vc_empty_space height=&#8221;96px&#8221;][\/vc_column][\/vc_row][vc_row css_animation=&#8221;&#8221; row_type=&#8221;row&#8221; use_row_as_full_screen_section=&#8221;no&#8221; type=&#8221;full_width&#8221; angled_section=&#8221;no&#8221; text_align=&#8221;left&#8221; background_image_as_pattern=&#8221;without_pattern&#8221;][vc_column][vc_empty_space][\/vc_column][\/vc_row][vc_row css_animation=&#8221;&#8221; row_type=&#8221;row&#8221; use_row_as_full_screen_section=&#8221;no&#8221; type=&#8221;full_width&#8221; angled_section=&#8221;no&#8221; text_align=&#8221;center&#8221; background_image=&#8221;25167&#8243; background_image_as_pattern=&#8221;without_pattern&#8221; background_color=&#8221;#d8d8d8&#8243;][vc_column][vc_empty_space height=&#8221;200px&#8221;][vc_column_text]<\/p>\n<p style=\"text-align: center;\"><a class=\"puls_conf_rosso\" href=\"http:\/\/www.comunello.com\/es\/gate\/configs\/\">Configurar tu Puerta<\/a><\/p>\n<p>[\/vc_column_text][vc_empty_space height=&#8221;200px&#8221;][\/vc_column][\/vc_row][vc_row css_animation=&#8221;&#8221; row_type=&#8221;row&#8221; use_row_as_full_screen_section=&#8221;no&#8221; type=&#8221;full_width&#8221; angled_section=&#8221;no&#8221; text_align=&#8221;left&#8221; background_image_as_pattern=&#8221;without_pattern&#8221; background_color=&#8221;#ffffff&#8221; padding_top=&#8221;0&#8243;][vc_column][vc_empty_space height=&#8221;50px&#8221;][\/vc_column][\/vc_row][vc_row css_animation=&#8221;&#8221; row_type=&#8221;row&#8221; use_row_as_full_screen_section=&#8221;no&#8221; type=&#8221;full_width&#8221; angled_section=&#8221;no&#8221; text_align=&#8221;left&#8221; background_image_as_pattern=&#8221;without_pattern&#8221; background_color=&#8221;#ffffff&#8221;][vc_column][vc_empty_space height=&#8221;12px&#8221;][\/vc_column][\/vc_row][vc_row css_animation=&#8221;&#8221; row_type=&#8221;row&#8221; use_row_as_full_screen_section=&#8221;no&#8221; type=&#8221;grid&#8221; angled_section=&#8221;no&#8221; text_align=&#8221;left&#8221; background_image_as_pattern=&#8221;without_pattern&#8221; background_color=&#8221;#ffffff&#8221;][vc_column][vc_column_text]<\/p>\n<h1 style=\"font-size: 42px; font-family: helvth; text-align: center;\">MADE IN ITALY<br \/>\nDEL CONCEPTO AL PRODUCTO<\/h1>\n<p>[\/vc_column_text][vc_empty_space][\/vc_column][\/vc_row][vc_row css_animation=&#8221;&#8221; row_type=&#8221;row&#8221; use_row_as_full_screen_section=&#8221;no&#8221; type=&#8221;grid&#8221; angled_section=&#8221;no&#8221; text_align=&#8221;left&#8221; background_image_as_pattern=&#8221;without_pattern&#8221; background_color=&#8221;#ffffff&#8221; css=&#8221;.vc_custom_1495533166047{padding-right: 50px !important;padding-left: 50px !important;}&#8221;][vc_column width=&#8221;1\/6&#8243;][\/vc_column][vc_column width=&#8221;2\/3&#8243;][vc_empty_space height=&#8221;20px&#8221;][vc_empty_space height=&#8221;20px&#8221;][vc_column_text el_class=&#8221;test_one_page&#8221;]La hist\u00f3rica Divisi\u00f3n Gate de Fratelli Comunello siempre ha ofrecido en el mercado nacional e internacional de la m\u00e1s amplia gama de componentes para puertas correderas y puertas industriales de los m\u00e1s ligeros a los m\u00e1s pesados y desde el m\u00e1s peque\u00f1o al m\u00e1s grande.[\/vc_column_text][vc_empty_space height=&#8221;22px&#8221;][vc_column_text el_class=&#8221;test_one_page&#8221;]La mejor elecci\u00f3n de las medidas y el uso de materiales como el aluminio hierro y acero inoxidable completan el valor de una oferta \u00fanica y capaz de satisfacer las necesidades de todos los tipos de apertura de cualquier tama\u00f1o que son.[\/vc_column_text][vc_empty_space height=&#8221;22px&#8221;][vc_column_text el_class=&#8221;test_one_page&#8221;]Componentes para puertas correderas, autoportantes, batientes, puertas y portones industriales: bisagras, pernios, ruedas, cremalleras, carriles.[\/vc_column_text][\/vc_column][vc_column width=&#8221;1\/6&#8243;][\/vc_column][\/vc_row][vc_row css_animation=&#8221;&#8221; row_type=&#8221;row&#8221; use_row_as_full_screen_section=&#8221;no&#8221; type=&#8221;full_width&#8221; angled_section=&#8221;no&#8221; text_align=&#8221;left&#8221; background_image_as_pattern=&#8221;without_pattern&#8221; background_color=&#8221;#ffffff&#8221;][vc_column][vc_empty_space][vc_empty_space][vc_empty_space height=&#8221;12px&#8221;][\/vc_column][\/vc_row][vc_row css_animation=&#8221;&#8221; row_type=&#8221;row&#8221; use_row_as_full_screen_section=&#8221;no&#8221; type=&#8221;full_width&#8221; angled_section=&#8221;no&#8221; text_align=&#8221;left&#8221; background_image_as_pattern=&#8221;without_pattern&#8221;][vc_column][vc_empty_space height=&#8221;8px&#8221;][\/vc_column][\/vc_row][vc_row css_animation=&#8221;&#8221; row_type=&#8221;row&#8221; use_row_as_full_screen_section=&#8221;no&#8221; type=&#8221;full_width&#8221; angled_section=&#8221;no&#8221; text_align=&#8221;left&#8221; background_image_as_pattern=&#8221;without_pattern&#8221; background_color=&#8221;#ffffff&#8221; padding_top=&#8221;0&#8243; el_class=&#8221;rigaentratahome&#8221;][vc_column][vc_empty_space][vc_empty_space][\/vc_column][\/vc_row]<\/p>\n","protected":false},"excerpt":{"rendered":"<p>[vc_row css_animation=&#8221;&#8221; row_type=&#8221;row&#8221; use_row_as_full_screen_section=&#8221;no&#8221; type=&#8221;full_width&#8221; angled_section=&#8221;no&#8221; text_align=&#8221;left&#8221; background_image_as_pattern=&#8221;without_pattern&#8221; background_color=&#8221;#f2f2f2&#8243;][vc_column][vc_empty_space height=&#8221;70&#8243;][vc_row_inner row_type=&#8221;row&#8221; type=&#8221;grid&#8221; text_align=&#8221;left&#8221; css_animation=&#8221;&#8221;][vc_column_inner offset=&#8221;vc_hidden-sm vc_hidden-xs&#8221;][vc_column_text css=&#8221;.vc_custom_1496819616136{padding-left: 5px !important;}&#8221;] Accesesorios para puertas y portones industriales&#8230;<\/p>\n","protected":false},"author":4,"featured_media":32924,"parent":0,"menu_order":0,"comment_status":"closed","ping_status":"closed","template":"full_width.php","meta":[],"yoast_head":"<!-- This site is optimized with the Yoast SEO plugin v16.0.2 - https:\/\/yoast.com\/wordpress\/plugins\/seo\/ -->\n<meta name=\"description\" content=\"Componentes para puerta corredera, autoportante, batiente, puerta y portone industriale: bisagras, pernios, ruedas, cremalleras, carriles\" \/>\n<link rel=\"canonical\" href=\"https:\/\/www.comunello.com\/es\/gate\/\" \/>\n<meta property=\"og:locale\" content=\"es_ES\" \/>\n<meta property=\"og:type\" content=\"article\" \/>\n<meta property=\"og:title\" content=\"FRATELLI COMUNELLO - GATE\" \/>\n<meta property=\"og:description\" content=\"Componentes para puerta corredera, autoportante, batiente, puerta y portone industriale: bisagras, pernios, ruedas, cremalleras, carriles\" \/>\n<meta property=\"og:url\" content=\"https:\/\/www.comunello.com\/es\/gate\/\" \/>\n<meta property=\"og:site_name\" content=\"Fratelli COMUNELLO\" \/>\n<meta property=\"article:modified_time\" content=\"2025-12-02T14:13:26+00:00\" \/>\n<meta property=\"og:image\" content=\"https:\/\/www.comunello.com\/wp-content\/uploads\/2021\/07\/img-preview-comunello-gate.jpg\" \/>\n\t<meta property=\"og:image:width\" content=\"400\" \/>\n\t<meta property=\"og:image:height\" content=\"400\" \/>\n<meta name=\"twitter:card\" content=\"summary_large_image\" \/>\n<meta name=\"twitter:label1\" content=\"Tiempo de lectura\">\n\t<meta name=\"twitter:data1\" content=\"2 minutos\">\n<script type=\"application\/ld+json\" class=\"yoast-schema-graph\">{\"@context\":\"https:\/\/schema.org\",\"@graph\":[{\"@type\":\"WebSite\",\"@id\":\"https:\/\/www.comunello.com\/#website\",\"url\":\"https:\/\/www.comunello.com\/\",\"name\":\"Fratelli COMUNELLO\",\"description\":\"| Life Made Easy\",\"potentialAction\":[{\"@type\":\"SearchAction\",\"target\":\"https:\/\/www.comunello.com\/?s={search_term_string}\",\"query-input\":\"required name=search_term_string\"}],\"inLanguage\":\"es\"},{\"@type\":\"ImageObject\",\"@id\":\"https:\/\/www.comunello.com\/es\/gate\/#primaryimage\",\"inLanguage\":\"es\",\"url\":\"https:\/\/www.comunello.com\/wp-content\/uploads\/2021\/07\/img-preview-comunello-gate.jpg\",\"width\":400,\"height\":400,\"caption\":\"img preview comunello gate\"},{\"@type\":\"WebPage\",\"@id\":\"https:\/\/www.comunello.com\/es\/gate\/#webpage\",\"url\":\"https:\/\/www.comunello.com\/es\/gate\/\",\"name\":\"FRATELLI COMUNELLO - GATE\",\"isPartOf\":{\"@id\":\"https:\/\/www.comunello.com\/#website\"},\"primaryImageOfPage\":{\"@id\":\"https:\/\/www.comunello.com\/es\/gate\/#primaryimage\"},\"datePublished\":\"2014-12-09T11:41:40+00:00\",\"dateModified\":\"2025-12-02T14:13:26+00:00\",\"description\":\"Componentes para puerta corredera, autoportante, batiente, puerta y portone industriale: bisagras, pernios, ruedas, cremalleras, carriles\",\"breadcrumb\":{\"@id\":\"https:\/\/www.comunello.com\/es\/gate\/#breadcrumb\"},\"inLanguage\":\"es\",\"potentialAction\":[{\"@type\":\"ReadAction\",\"target\":[\"https:\/\/www.comunello.com\/es\/gate\/\"]}]},{\"@type\":\"BreadcrumbList\",\"@id\":\"https:\/\/www.comunello.com\/es\/gate\/#breadcrumb\",\"itemListElement\":[{\"@type\":\"ListItem\",\"position\":1,\"item\":{\"@type\":\"WebPage\",\"@id\":\"https:\/\/www.comunello.com\/es\/\",\"url\":\"https:\/\/www.comunello.com\/es\/\",\"name\":\"Home\"}},{\"@type\":\"ListItem\",\"position\":2,\"item\":{\"@type\":\"WebPage\",\"@id\":\"https:\/\/www.comunello.com\/es\/gate\/\",\"url\":\"https:\/\/www.comunello.com\/es\/gate\/\",\"name\":\"GATE\"}}]}]}<\/script>\n<!-- \/ Yoast SEO plugin. -->","_links":{"self":[{"href":"https:\/\/www.comunello.com\/es\/wp-json\/wp\/v2\/pages\/1917\/"}],"collection":[{"href":"https:\/\/www.comunello.com\/es\/wp-json\/wp\/v2\/pages\/"}],"about":[{"href":"https:\/\/www.comunello.com\/es\/wp-json\/wp\/v2\/types\/page\/"}],"author":[{"embeddable":true,"href":"https:\/\/www.comunello.com\/es\/wp-json\/wp\/v2\/users\/4\/"}],"replies":[{"embeddable":true,"href":"https:\/\/www.comunello.com\/es\/wp-json\/wp\/v2\/comments\/?post=1917"}],"version-history":[{"count":52,"href":"https:\/\/www.comunello.com\/es\/wp-json\/wp\/v2\/pages\/1917\/revisions\/"}],"predecessor-version":[{"id":51354,"href":"https:\/\/www.comunello.com\/es\/wp-json\/wp\/v2\/pages\/1917\/revisions\/51354\/"}],"wp:featuredmedia":[{"embeddable":true,"href":"https:\/\/www.comunello.com\/es\/wp-json\/wp\/v2\/media\/32924\/"}],"wp:attachment":[{"href":"https:\/\/www.comunello.com\/es\/wp-json\/wp\/v2\/media\/?parent=1917"}],"curies":[{"name":"wp","href":"https:\/\/api.w.org\/{rel}","templated":true}]}}