{"id":1896,"date":"2014-12-09T11:43:07","date_gmt":"2014-12-09T11:43:07","guid":{"rendered":"http:\/\/www.comunello.com\/automation-2\/"},"modified":"2025-12-02T16:16:47","modified_gmt":"2025-12-02T14:16:47","slug":"automation","status":"publish","type":"page","link":"https:\/\/www.comunello.com\/es\/automation\/","title":{"rendered":"AUTOMATION"},"content":{"rendered":"<p>[vc_row css_animation=&#8221;&#8221; row_type=&#8221;row&#8221; use_row_as_full_screen_section=&#8221;no&#8221; type=&#8221;full_width&#8221; angled_section=&#8221;no&#8221; text_align=&#8221;left&#8221; background_image_as_pattern=&#8221;without_pattern&#8221; background_color=&#8221;#f2f2f2&#8243; padding_top=&#8221;0&#8243; css=&#8221;.vc_custom_1493979476555{padding-right: 100px !important;padding-left: 100px !important;}&#8221;][vc_column][vc_empty_space height=&#8221;70px&#8221;][vc_row_inner row_type=&#8221;row&#8221; type=&#8221;grid&#8221; text_align=&#8221;left&#8221; css_animation=&#8221;&#8221;][vc_column_inner offset=&#8221;vc_hidden-sm vc_hidden-xs&#8221;][vc_column_text css=&#8221;.vc_custom_1496819470154{padding-left: 5px !important;}&#8221;]<\/p>\n<p class=\"titoletto_divisione\" style=\"text-align: left;\">Automatizaci\u00f3n para puertas, barreras y puertas de garaje<\/p>\n<p>[\/vc_column_text][\/vc_column_inner][\/vc_row_inner][\/vc_column][\/vc_row][vc_row css_animation=&#8221;&#8221; row_type=&#8221;row&#8221; use_row_as_full_screen_section=&#8221;no&#8221; type=&#8221;full_width&#8221; angled_section=&#8221;no&#8221; text_align=&#8221;left&#8221; background_image_as_pattern=&#8221;without_pattern&#8221; background_color=&#8221;#dadada&#8221; padding_top=&#8221;0&#8243; css=&#8221;.vc_custom_1553252089889{border-bottom-width: 1px !important;border-bottom-color: #515151 !important;border-bottom-style: solid !important;}&#8221;][vc_column][vc_column_text]\n\t\t\t<!-- START HOMEAUTOMATION DROPP EN REVOLUTION SLIDER 6.4.6 --><p class=\"rs-p-wp-fix\"><\/p>\n\t\t\t<rs-module-wrap id=\"rev_slider_533_1_wrapper\" data-source=\"gallery\" style=\"background:#000000;padding:0;margin:0px auto;margin-top:0;margin-bottom:0;background-image:url(https:\/\/www.comunello.com\/wp-content\/uploads\/2024\/07\/teaser-1920-black.jpg);background-repeat:no-repeat;background-size:contain;background-position:center center;max-width:;\">\n\t\t\t\t<rs-module id=\"rev_slider_533_1\" style=\"\" data-version=\"6.4.6\">\n\t\t\t\t\t<rs-slides>\n\t\t\t\t\t\t<rs-slide data-key=\"rs-2319\" data-title=\"Slide\" data-link=\"\/\/www.comunello.com\/media\/products\/gate\/dropp\/dropp_brochure_web-en.pdf\" data-target=\"_self\" data-seoz=\"front\" data-anim=\"ms:50;\" data-in=\"o:0;\" data-out=\"a:false;\">\n\t\t\t\t\t\t\t<img src=\"\/\/www.comunello.com\/wp-content\/plugins\/revslider\/public\/assets\/assets\/transparent.png\" title=\"AUTOMATION\" class=\"rev-slidebg tp-rs-img\" data-no-retina>\n\t\t\t\t\t\t\t<rs-bgvideo \n\t\t\t\t\t\t\t\tdata-video=\"w:100%;h:100%;nse:false;l:true;ptimer:false;vfc:true;\"\n\t\t\t\t\t\t\t\tdata-mp4=\"\/\/www.comunello.com\/media\/products\/area_file\/automation\/comunello_full_16_9 banner sito.mp4\"\n\t\t\t\t\t\t\t><\/rs-bgvideo>\n<!--\n\t\t\t\t\t\t\t--><rs-layer\n\t\t\t\t\t\t\t\tid=\"slider-533-slide-2319-layer-0\" \n\t\t\t\t\t\t\t\tdata-type=\"text\"\n\t\t\t\t\t\t\t\tdata-color=\"#ffffff\"\n\t\t\t\t\t\t\t\tdata-rsp_ch=\"on\"\n\t\t\t\t\t\t\t\tdata-xy=\"x:c;y:b;yo:30px;\"\n\t\t\t\t\t\t\t\tdata-text=\"w:normal;s:20;l:59;a:center;\"\n\t\t\t\t\t\t\t\tdata-frame_1=\"st:5340;sR:5340;\"\n\t\t\t\t\t\t\t\tdata-frame_999=\"o:0;st:w;sR:42360;\"\n\t\t\t\t\t\t\t\tdata-loop_0=\"o:0;\"\n\t\t\t\t\t\t\t\tdata-loop_999=\"sp:3000;e:slow;yyf:t;\"\n\t\t\t\t\t\t\t\tstyle=\"z-index:8;font-family:Roboto;\"\n\t\t\t\t\t\t\t>DISCOVER MORE! \n\t\t\t\t\t\t\t<\/rs-layer><!--\n-->\t\t\t\t\t\t<\/rs-slide>\n\t\t\t\t\t\t<rs-slide data-key=\"rs-23191\" data-title=\"Slide\" data-link=\"\/\/www.comunello.com\/media\/products\/gate\/dropp\/dropp_brochure_web-en.pdf\" data-target=\"_self\" data-seoz=\"front\" data-anim=\"ms:50;\" data-in=\"o:0;\" data-out=\"a:false;\">\n\t\t\t\t\t\t\t<img src=\"\/\/www.comunello.com\/wp-content\/plugins\/revslider\/public\/assets\/assets\/transparent.png\" title=\"AUTOMATION\" class=\"rev-slidebg tp-rs-img\" data-no-retina>\n\t\t\t\t\t\t\t<rs-bgvideo \n\t\t\t\t\t\t\t\tdata-video=\"w:100%;h:100%;nse:false;l:true;ptimer:false;vfc:true;\"\n\t\t\t\t\t\t\t\tdata-mp4=\"\/\/www.comunello.com\/media\/products\/area_file\/automation\/comunello_full_16_9 banner sito.mp4\"\n\t\t\t\t\t\t\t><\/rs-bgvideo>\n<!--\n\t\t\t\t\t\t\t--><rs-layer\n\t\t\t\t\t\t\t\tid=\"slider-533-slide-23191-layer-0\" \n\t\t\t\t\t\t\t\tdata-type=\"text\"\n\t\t\t\t\t\t\t\tdata-color=\"#ffffff\"\n\t\t\t\t\t\t\t\tdata-rsp_ch=\"on\"\n\t\t\t\t\t\t\t\tdata-xy=\"x:c;y:b;yo:30px;\"\n\t\t\t\t\t\t\t\tdata-text=\"w:normal;s:20;l:59;a:center;\"\n\t\t\t\t\t\t\t\tdata-frame_1=\"st:5340;sR:5340;\"\n\t\t\t\t\t\t\t\tdata-frame_999=\"o:0;st:w;sR:42360;\"\n\t\t\t\t\t\t\t\tdata-loop_0=\"o:0;\"\n\t\t\t\t\t\t\t\tdata-loop_999=\"sp:3000;e:slow;yyf:t;\"\n\t\t\t\t\t\t\t\tstyle=\"z-index:8;font-family:Roboto;\"\n\t\t\t\t\t\t\t>DISCOVER MORE! \n\t\t\t\t\t\t\t<\/rs-layer><!--\n-->\t\t\t\t\t\t<\/rs-slide>\n\t\t\t\t\t<\/rs-slides>\n\t\t\t\t<\/rs-module>\n\t\t\t<\/rs-module-wrap>\n\t\t\t<!-- END REVOLUTION SLIDER -->\n[\/vc_column_text][vc_separator type=&#8221;normal&#8221; color=&#8221;#b5b5b5&#8243; up=&#8221;0&#8243; down=&#8221;0&#8243;][\/vc_column][\/vc_row][vc_row css_animation=&#8221;&#8221; row_type=&#8221;row&#8221; use_row_as_full_screen_section=&#8221;no&#8221; type=&#8221;full_width&#8221; angled_section=&#8221;no&#8221; text_align=&#8221;left&#8221; background_image_as_pattern=&#8221;without_pattern&#8221; background_color=&#8221;#ffffff&#8221; padding_top=&#8221;0&#8243; css=&#8221;.vc_custom_1490189180882{padding-right: 100px !important;padding-left: 100px !important;}&#8221;][vc_column][vc_raw_html]JTIwJTNDZGl2JTIwaWQlM0QlMjJwcm9kb3R0aSUyMiUyMHN0eWxlJTNEJTIycG9zaXRpb24lM0ElMjBhYnNvbHV0ZSUzQiUwQSUyMCUyMCUyMCUyMHRvcCUzQSUyMC0yMDBweCUzQiUwQSUyMCUyMCUyMCUyMHZpc2liaWxpdHklM0ElMjBoaWRkZW4lM0IlMjIlM0UlM0MlMkZkaXYlM0U=[\/vc_raw_html][vc_empty_space height=&#8221;30px&#8221;][\/vc_column][\/vc_row][vc_row css_animation=&#8221;&#8221; row_type=&#8221;row&#8221; use_row_as_full_screen_section=&#8221;yes&#8221; type=&#8221;full_width&#8221; anchor=&#8221;prod&#8221; angled_section=&#8221;no&#8221; text_align=&#8221;center&#8221; background_image_as_pattern=&#8221;without_pattern&#8221; background_color=&#8221;#ffffff&#8221; padding_top=&#8221;0&#8243; el_class=&#8221;testiprodotti_divisione&#8221;][vc_column width=&#8221;1\/2&#8243;][vc_row_inner row_type=&#8221;row&#8221; type=&#8221;full_width&#8221; text_align=&#8221;left&#8221; css_animation=&#8221;&#8221;][vc_column_inner width=&#8221;1\/4&#8243;][vc_column_text]<a href=\"http:\/\/www.comunello.com\/es\/automation\/puerta-batiente\/\"><img class=\"aligncenter\" title=\"SWING GATE\" src=\"\/media\/products\/automation\/cancello_battente\/comunello-automation-cancello_battente-icon.jpg\" alt=\"SWING GATE\" border=\"0\" \/><\/a>[\/vc_column_text][vc_column_text el_class=&#8221;col_div_gate&#8221;]<\/p>\n<p style=\"text-align: center;\"><a href=\"http:\/\/www.comunello.com\/es\/automation\/puerta-batiente\/\">PUERTA BATIENTE<\/a><\/p>\n<p>[\/vc_column_text][vc_empty_space][\/vc_column_inner][vc_column_inner width=&#8221;1\/4&#8243;][vc_column_text]<a href=\"http:\/\/www.comunello.com\/es\/automation\/puerta-corredera\/\"><img class=\"aligncenter\" src=\"\/media\/products\/automation\/cancello_scorrevole\/comunello-automation-cancello_scorrevole-icon.jpg\" alt=\"\" \/><\/a>[\/vc_column_text][vc_column_text el_class=&#8221;col_div_gate&#8221;]<\/p>\n<p style=\"text-align: center;\"><a href=\"http:\/\/www.comunello.com\/es\/automation\/puerta-corredera\/\">PUERTA CORREDERA<\/a><\/p>\n<p>[\/vc_column_text][vc_empty_space][\/vc_column_inner][vc_column_inner width=&#8221;1\/4&#8243;][vc_column_text css=&#8221;.vc_custom_1493997254690{margin-top: 10px !important;}&#8221;]<a href=\"http:\/\/www.comunello.com\/es\/automation\/products\/puertas-de-garaje\/\"><img class=\"aligncenter\" src=\"\/media\/products\/automation\/porte_da_garage\/comunello-automation-porte_da_garage-icon.jpg\" alt=\"\" \/><\/a>[\/vc_column_text][vc_column_text el_class=&#8221;col_div_gate&#8221;]<\/p>\n<p style=\"text-align: center;\"><a href=\"http:\/\/www.comunello.com\/es\/automation\/products\/puertas-de-garaje\/\">PUERTAS DE GARAJE<\/a><\/p>\n<p>[\/vc_column_text][vc_empty_space][\/vc_column_inner][vc_column_inner width=&#8221;1\/4&#8243;][vc_column_text css=&#8221;.vc_custom_1493997292008{margin-top: 10px !important;}&#8221;]<a href=\"http:\/\/www.comunello.com\/es\/automation\/barreras-de-carretera\/\"><img class=\"aligncenter\" src=\"\/media\/products\/automation\/barriere_stradali\/comunello-automation-barriere_stradali-icon.jpg\" alt=\"\" \/><\/a>[\/vc_column_text][vc_column_text el_class=&#8221;col_div_gate&#8221;]<\/p>\n<p style=\"text-align: center;\"><a href=\"http:\/\/www.comunello.com\/es\/automation\/barreras-de-carretera\/\">BARRERAS DE CARRETERA<\/a><\/p>\n<p>[\/vc_column_text][vc_empty_space][\/vc_column_inner][\/vc_row_inner][\/vc_column][vc_column width=&#8221;1\/2&#8243;][vc_row_inner row_type=&#8221;row&#8221; type=&#8221;full_width&#8221; text_align=&#8221;left&#8221; css_animation=&#8221;&#8221;][vc_column_inner width=&#8221;1\/4&#8243;][vc_column_text css=&#8221;.vc_custom_1493994930661{margin-top: 10px !important;}&#8221;]<a href=\"http:\/\/www.comunello.com\/automation\/products\/control-accessories\/\"><img class=\"aligncenter\" src=\"\/media\/products\/automation\/accessori_di_comando\/comunello-automation-accessori_di_comando-icon.jpg\" alt=\"\" \/><\/a>[\/vc_column_text][vc_column_text el_class=&#8221;col_div_gate&#8221;]<\/p>\n<p style=\"text-align: center;\"><a href=\"http:\/\/www.comunello.com\/es\/automation\/products\/accesorios-de-mando\/\">ACCESORIOS DE MANDO<\/a><\/p>\n<p>[\/vc_column_text][vc_empty_space][\/vc_column_inner][vc_column_inner width=&#8221;1\/4&#8243;][vc_column_text css=&#8221;.vc_custom_1493997391713{margin-top: 10px !important;}&#8221;]<a href=\"http:\/\/www.comunello.com\/es\/automation\/products\/accesorios-de-mando-radio\/\"><img class=\"aligncenter\" src=\"\/media\/products\/automation\/accessori_di_comando_radio\/comunello-automation-accessori_di_comando_radio-icon.jpg\" alt=\"\" \/><\/a>[\/vc_column_text][vc_column_text el_class=&#8221;col_div_gate&#8221;]<\/p>\n<p style=\"text-align: center;\"><a href=\"http:\/\/www.comunello.com\/es\/automation\/products\/accesorios-de-mando-radio\/\">ACCESORIOS DE MANDO RADIO<\/a><\/p>\n<p>[\/vc_column_text][vc_empty_space][\/vc_column_inner][vc_column_inner width=&#8221;1\/4&#8243;][vc_column_text css=&#8221;.vc_custom_1493997421672{margin-top: 10px !important;}&#8221;]<a href=\"http:\/\/www.comunello.com\/es\/automation\/products\/accesorios-de-seguridad\/\"><img class=\"aligncenter\" src=\"\/media\/products\/automation\/accessori_di_sicurezza\/comunello-automation-accessori_di_sicurezza-icon.jpg\" alt=\"\" \/><\/a>[\/vc_column_text][vc_column_text el_class=&#8221;col_div_gate&#8221;]<\/p>\n<p style=\"text-align: center;\"><a href=\"http:\/\/www.comunello.com\/es\/automation\/products\/accesorios-de-seguridad\/\">ACCESORIOS DE SEGURIDAD<br \/>\n<\/a><\/p>\n<p>[\/vc_column_text][vc_empty_space][\/vc_column_inner][vc_column_inner width=&#8221;1\/4&#8243;][vc_column_text css=&#8221;.vc_custom_1493997459909{margin-top: 10px !important;}&#8221;]<a href=\"http:\/\/www.comunello.com\/es\/automation\/products\/control-electronico\/\"><img class=\"aligncenter\" src=\"\/media\/products\/automation\/elettronica_di_comando\/comunello-automation-elettronica_di_comando-icon.jpg\" alt=\"\" \/><\/a>[\/vc_column_text][vc_column_text el_class=&#8221;col_div_gate&#8221;]<\/p>\n<p style=\"text-align: center;\"><a href=\"http:\/\/www.comunello.com\/es\/automation\/products\/control-electronico\/\">CONTROL ELECTRONICO<\/a><\/p>\n<p>[\/vc_column_text][vc_empty_space][\/vc_column_inner][\/vc_row_inner][\/vc_column][\/vc_row][vc_row css_animation=&#8221;&#8221; row_type=&#8221;row&#8221; use_row_as_full_screen_section=&#8221;no&#8221; type=&#8221;full_width&#8221; angled_section=&#8221;no&#8221; text_align=&#8221;left&#8221; background_image_as_pattern=&#8221;without_pattern&#8221; background_color=&#8221;#ffffff&#8221;][vc_column offset=&#8221;vc_hidden-xs&#8221;][vc_empty_space height=&#8221;12px&#8221;][vc_empty_space][vc_empty_space][\/vc_column][\/vc_row][vc_row css_animation=&#8221;&#8221; row_type=&#8221;row&#8221; use_row_as_full_screen_section=&#8221;no&#8221; type=&#8221;grid&#8221; angled_section=&#8221;no&#8221; text_align=&#8221;left&#8221; background_image_as_pattern=&#8221;without_pattern&#8221; background_color=&#8221;#ffffff&#8221;][vc_column width=&#8221;1\/2&#8243;][vc_empty_space height=&#8221;80px&#8221;][vc_single_image image=&#8221;46775&#8243; img_size=&#8221;full&#8221; alignment=&#8221;center&#8221; qode_css_animation=&#8221;&#8221;][\/vc_column][vc_column width=&#8221;5\/12&#8243; el_class=&#8221;colonna-sx&#8221;][vc_empty_space height=&#8221;50px&#8221;][vc_column_text]<span style=\"font-size: 28px; line-height: 30px; font-family: helvbd; text-align: justify; color: #95c11f;\">SKY<\/span>[\/vc_column_text][vc_empty_space height=&#8221;20px&#8221;][vc_column_text el_class=&#8221;test_one_page&#8221;]<\/p>\n<p style=\"text-align: left; max-widt: 468px;\">Nuevo actuador electromec\u00e1nico ideal para cancelas batientes con un dise\u00f1o compacto y funcional.<\/p>\n<p>[\/vc_column_text][vc_empty_space height=&#8221;22px&#8221;][vc_empty_space height=&#8221;22px&#8221;][vc_raw_html]JTNDYSUyMGNsYXNzJTNEJTIycHVsc19hdXRfY2F0JTIwcF9wX3N4JTIyJTIwaHJlZiUzRCUyMmh0dHBzJTNBJTJGJTJGd3d3LmNvbXVuZWxsby5jb20lMkZlcyUyRmF1dG9tYXRpb24lMkZwcm9kdWN0cyUyRnB1ZXJ0YS1iYXRpZW50ZSUyRnNreSUyRiUyMiUzRWRlc2N1YnJlJTIwbSVDMyVBMXMlM0MlMkZhJTNF[\/vc_raw_html][vc_empty_space height=&#8221;22px&#8221;][\/vc_column][vc_column width=&#8221;1\/12&#8243;][\/vc_column][\/vc_row][vc_row css_animation=&#8221;&#8221; row_type=&#8221;row&#8221; use_row_as_full_screen_section=&#8221;no&#8221; type=&#8221;grid&#8221; angled_section=&#8221;no&#8221; text_align=&#8221;left&#8221; background_image_as_pattern=&#8221;without_pattern&#8221; background_color=&#8221;#ffffff&#8221;][vc_column][vc_empty_space height=&#8221;44px&#8221;][\/vc_column][\/vc_row][vc_row css_animation=&#8221;&#8221; row_type=&#8221;row&#8221; use_row_as_full_screen_section=&#8221;no&#8221; type=&#8221;grid&#8221; angled_section=&#8221;no&#8221; text_align=&#8221;left&#8221; background_image_as_pattern=&#8221;without_pattern&#8221; background_color=&#8221;#ffffff&#8221;][vc_column offset=&#8221;vc_hidden-lg vc_hidden-md vc_hidden-sm&#8221;][vc_empty_space height=&#8221;80px&#8221;][vc_single_image image=&#8221;46725&#8243; img_size=&#8221;full&#8221; alignment=&#8221;center&#8221; qode_css_animation=&#8221;&#8221;][vc_empty_space height=&#8221;44px&#8221;][\/vc_column][\/vc_row][vc_row css_animation=&#8221;&#8221; row_type=&#8221;row&#8221; use_row_as_full_screen_section=&#8221;no&#8221; type=&#8221;grid&#8221; angled_section=&#8221;no&#8221; text_align=&#8221;left&#8221; background_image_as_pattern=&#8221;without_pattern&#8221; background_color=&#8221;#ffffff&#8221;][vc_column width=&#8221;1\/12&#8243;][\/vc_column][vc_column width=&#8221;5\/12&#8243; el_class=&#8221;colonna-sx&#8221;][vc_empty_space height=&#8221;50px&#8221;][vc_column_text]<\/p>\n<p style=\"text-align: right;\"><span style=\"font-size: 28px; line-height: 30px; font-family: helvbd; text-align: justify; color: #95c11f;\">HYRON<\/span><\/p>\n<p>[\/vc_column_text][vc_empty_space height=&#8221;20px&#8221;][vc_column_text el_class=&#8221;test_one_page&#8221;]<\/p>\n<p style=\"text-align: right; max-widt: 468px;\">Nuevo actuador electromec\u00e1nico de pist\u00f3n ideal para cancelas batientes que combina est\u00e9tica con facilidad de uso.<\/p>\n<p>[\/vc_column_text][vc_empty_space height=&#8221;22px&#8221;][vc_empty_space height=&#8221;22px&#8221;][vc_raw_html]JTNDYSUyMGNsYXNzJTNEJTIycHVsc19hdXRfY2F0JTIwcF9wX2R4JTIyJTIwaHJlZiUzRCUyMmh0dHBzJTNBJTJGJTJGd3d3LmNvbXVuZWxsby5jb20lMkZlcyUyRmF1dG9tYXRpb24lMkZwcm9kdWN0cyUyRnB1ZXJ0YS1iYXRpZW50ZSUyRmh5cm9uJTJGJTIyJTNFZGVzY3VicmUlMjBtJUMzJUExcyUzQyUyRmElM0UlMEE=[\/vc_raw_html][vc_empty_space height=&#8221;22px&#8221;][\/vc_column][vc_column width=&#8221;1\/2&#8243; offset=&#8221;vc_hidden-xs&#8221;][vc_empty_space height=&#8221;80px&#8221;][vc_single_image image=&#8221;46725&#8243; img_size=&#8221;full&#8221; alignment=&#8221;center&#8221; qode_css_animation=&#8221;&#8221;][\/vc_column][\/vc_row][vc_row css_animation=&#8221;&#8221; row_type=&#8221;row&#8221; use_row_as_full_screen_section=&#8221;no&#8221; type=&#8221;grid&#8221; angled_section=&#8221;no&#8221; text_align=&#8221;left&#8221; background_image_as_pattern=&#8221;without_pattern&#8221; background_color=&#8221;#ffffff&#8221; css=&#8221;.vc_custom_1695912050555{padding-right: 20px !important;padding-left: 20px !important;background-color: #ffffff !important;}&#8221;][vc_column][vc_empty_space][vc_empty_space height=&#8221;80px&#8221;][vc_raw_html]JTNDc3R5bGUlM0UlMEEuY29sb25uYS1zeCUyMCU3QiUwQSUyMCUyMCUyMCUyMG1heC13aWR0aCUzQTQ0MHB4JTNCJTBBJTdEJTBBLnRlc3RpcHJvZG90dGlfZGl2aXNpb25lJTIwYSUyMCU3QiUwQSUyMCUyMCUyMCUyMGNvbG9yJTNBJTIwJTIzMDAwJTNCJTBBJTdEJTBBJTBBLnRlc3Rfb25lX3BhZ2UlMjAlN0IlMEElMjAlMjAlMjAlMjBjb2xvciUzQSUyMCUyMzAwMCUzQiUwQSU3RCUwQSUwQSUwQWRpdi5yaWdhZW50cmF0YWhvbWUlMjAlMjBkaXYuZnVsbF9zZWN0aW9uX2lubmVyJTIwJTdCJTBBJTIwJTIwJTIwJTIwbWF4LXdpZHRoJTNBJTIwMTYyMHB4JTNCJTBBJTIwJTIwJTIwJTIwbWFyZ2luLWxlZnQlM0ElMjBhdXRvJTNCJTBBJTIwJTIwJTIwJTIwbWFyZ2luLXJpZ2h0JTNBJTIwYXV0byUzQiUwQSU3RCUwQSUwQSUwQS5mbGV4c2xpZGVyJTIwJTdCJTBBJTIwJTIwJTIwJTIwbWFyZ2luLXRvcCUzQSUyMDBweCUzQiUwQSUyMCUyMCUyMCUyMG1hcmdpbi1yaWdodCUzQSUyMDBweCUzQiUwQSUyMCUyMCUyMCUyMG1hcmdpbi1ib3R0b20lM0ElMjAtMjBweCUzQiUwQSU3RCUwQSUyMCUwQSUwQSUwQS5pbW1hZ2luZWdhbGxlcnklMjAlN0IlMEElMjAlMjAlMjBtYXgtd2lkdGglM0ElMjAxNjIwcHglM0IlMEFwb3NpdGlvbiUzQXJlbGF0aXZlJTNCJTBBJTIwJTIwJTIwJTIwbWFyZ2luLWxlZnQlM0ElMjBhdXRvJTNCJTBBJTIwJTIwJTIwJTIwbWFyZ2luLXJpZ2h0JTNBJTIwYXV0byUzQiUwQSU3RCUwQSUwQSUzQyUyRnN0eWxlJTNF[\/vc_raw_html][\/vc_column][\/vc_row][vc_row css_animation=&#8221;&#8221; row_type=&#8221;row&#8221; use_row_as_full_screen_section=&#8221;no&#8221; type=&#8221;full_width&#8221; angled_section=&#8221;no&#8221; text_align=&#8221;left&#8221; background_image_as_pattern=&#8221;without_pattern&#8221; background_color=&#8221;#ffffff&#8221; padding_top=&#8221;0&#8243; el_class=&#8221;rigaentratahome&#8221;][vc_column][vc_empty_space][vc_empty_space][\/vc_column][\/vc_row]<\/p>\n","protected":false},"excerpt":{"rendered":"<p>[vc_row css_animation=&#8221;&#8221; row_type=&#8221;row&#8221; use_row_as_full_screen_section=&#8221;no&#8221; type=&#8221;full_width&#8221; angled_section=&#8221;no&#8221; text_align=&#8221;left&#8221; background_image_as_pattern=&#8221;without_pattern&#8221; background_color=&#8221;#f2f2f2&#8243; padding_top=&#8221;0&#8243; css=&#8221;.vc_custom_1493979476555{padding-right: 100px !important;padding-left: 100px !important;}&#8221;][vc_column][vc_empty_space height=&#8221;70px&#8221;][vc_row_inner row_type=&#8221;row&#8221; type=&#8221;grid&#8221; text_align=&#8221;left&#8221; css_animation=&#8221;&#8221;][vc_column_inner offset=&#8221;vc_hidden-sm vc_hidden-xs&#8221;][vc_column_text css=&#8221;.vc_custom_1496819470154{padding-left: 5px !important;}&#8221;]&#8230;<\/p>\n","protected":false},"author":4,"featured_media":32923,"parent":0,"menu_order":0,"comment_status":"closed","ping_status":"closed","template":"full_width.php","meta":[],"yoast_head":"<!-- This site is optimized with the Yoast SEO plugin v16.0.2 - https:\/\/yoast.com\/wordpress\/plugins\/seo\/ -->\n<meta name=\"description\" content=\"Gama completa de motores y accesorios para automatizaci\u00f3n de puerta corredera, batiente, autoportante, de garaje, barrera de acceso\" \/>\n<link rel=\"canonical\" href=\"https:\/\/www.comunello.com\/es\/automation\/\" \/>\n<meta property=\"og:locale\" content=\"es_ES\" \/>\n<meta property=\"og:type\" content=\"article\" \/>\n<meta property=\"og:title\" content=\"FRATELLI COMUNELLO - GATE AUTOMATION\" \/>\n<meta property=\"og:description\" content=\"Gama completa de motores y accesorios para automatizaci\u00f3n de puerta corredera, batiente, autoportante, de garaje, barrera de acceso\" \/>\n<meta property=\"og:url\" content=\"https:\/\/www.comunello.com\/es\/automation\/\" \/>\n<meta property=\"og:site_name\" content=\"Fratelli COMUNELLO\" \/>\n<meta property=\"article:modified_time\" content=\"2025-12-02T14:16:47+00:00\" \/>\n<meta property=\"og:image\" content=\"https:\/\/www.comunello.com\/wp-content\/uploads\/2021\/07\/img-preview-comunello-automation.jpg\" \/>\n\t<meta property=\"og:image:width\" content=\"400\" \/>\n\t<meta property=\"og:image:height\" content=\"400\" \/>\n<meta name=\"twitter:card\" content=\"summary_large_image\" \/>\n<meta name=\"twitter:label1\" content=\"Tiempo de lectura\">\n\t<meta name=\"twitter:data1\" content=\"3 minutos\">\n<script type=\"application\/ld+json\" class=\"yoast-schema-graph\">{\"@context\":\"https:\/\/schema.org\",\"@graph\":[{\"@type\":\"WebSite\",\"@id\":\"https:\/\/www.comunello.com\/#website\",\"url\":\"https:\/\/www.comunello.com\/\",\"name\":\"Fratelli COMUNELLO\",\"description\":\"| Life Made Easy\",\"potentialAction\":[{\"@type\":\"SearchAction\",\"target\":\"https:\/\/www.comunello.com\/?s={search_term_string}\",\"query-input\":\"required name=search_term_string\"}],\"inLanguage\":\"es\"},{\"@type\":\"ImageObject\",\"@id\":\"https:\/\/www.comunello.com\/es\/automation\/#primaryimage\",\"inLanguage\":\"es\",\"url\":\"https:\/\/www.comunello.com\/wp-content\/uploads\/2021\/07\/img-preview-comunello-automation.jpg\",\"width\":400,\"height\":400,\"caption\":\"img preview comunello automation\"},{\"@type\":\"WebPage\",\"@id\":\"https:\/\/www.comunello.com\/es\/automation\/#webpage\",\"url\":\"https:\/\/www.comunello.com\/es\/automation\/\",\"name\":\"FRATELLI COMUNELLO - GATE AUTOMATION\",\"isPartOf\":{\"@id\":\"https:\/\/www.comunello.com\/#website\"},\"primaryImageOfPage\":{\"@id\":\"https:\/\/www.comunello.com\/es\/automation\/#primaryimage\"},\"datePublished\":\"2014-12-09T11:43:07+00:00\",\"dateModified\":\"2025-12-02T14:16:47+00:00\",\"description\":\"Gama completa de motores y accesorios para automatizaci\\u00f3n de puerta corredera, batiente, autoportante, de garaje, barrera de acceso\",\"breadcrumb\":{\"@id\":\"https:\/\/www.comunello.com\/es\/automation\/#breadcrumb\"},\"inLanguage\":\"es\",\"potentialAction\":[{\"@type\":\"ReadAction\",\"target\":[\"https:\/\/www.comunello.com\/es\/automation\/\"]}]},{\"@type\":\"BreadcrumbList\",\"@id\":\"https:\/\/www.comunello.com\/es\/automation\/#breadcrumb\",\"itemListElement\":[{\"@type\":\"ListItem\",\"position\":1,\"item\":{\"@type\":\"WebPage\",\"@id\":\"https:\/\/www.comunello.com\/es\/\",\"url\":\"https:\/\/www.comunello.com\/es\/\",\"name\":\"Home\"}},{\"@type\":\"ListItem\",\"position\":2,\"item\":{\"@type\":\"WebPage\",\"@id\":\"https:\/\/www.comunello.com\/es\/automation\/\",\"url\":\"https:\/\/www.comunello.com\/es\/automation\/\",\"name\":\"AUTOMATION\"}}]}]}<\/script>\n<!-- \/ Yoast SEO plugin. -->","_links":{"self":[{"href":"https:\/\/www.comunello.com\/es\/wp-json\/wp\/v2\/pages\/1896\/"}],"collection":[{"href":"https:\/\/www.comunello.com\/es\/wp-json\/wp\/v2\/pages\/"}],"about":[{"href":"https:\/\/www.comunello.com\/es\/wp-json\/wp\/v2\/types\/page\/"}],"author":[{"embeddable":true,"href":"https:\/\/www.comunello.com\/es\/wp-json\/wp\/v2\/users\/4\/"}],"replies":[{"embeddable":true,"href":"https:\/\/www.comunello.com\/es\/wp-json\/wp\/v2\/comments\/?post=1896"}],"version-history":[{"count":56,"href":"https:\/\/www.comunello.com\/es\/wp-json\/wp\/v2\/pages\/1896\/revisions\/"}],"predecessor-version":[{"id":51359,"href":"https:\/\/www.comunello.com\/es\/wp-json\/wp\/v2\/pages\/1896\/revisions\/51359\/"}],"wp:featuredmedia":[{"embeddable":true,"href":"https:\/\/www.comunello.com\/es\/wp-json\/wp\/v2\/media\/32923\/"}],"wp:attachment":[{"href":"https:\/\/www.comunello.com\/es\/wp-json\/wp\/v2\/media\/?parent=1896"}],"curies":[{"name":"wp","href":"https:\/\/api.w.org\/{rel}","templated":true}]}}