{"id":3831,"date":"2015-02-18T15:14:00","date_gmt":"2015-02-18T15:14:00","guid":{"rendered":"http:\/\/www.comunello.com\/automation\/victor\/"},"modified":"2016-09-23T10:27:32","modified_gmt":"2016-09-23T08:27:32","slug":"victor","status":"publish","type":"page","link":"https:\/\/www.comunello.com\/de\/automation\/victor\/","title":{"rendered":"AUTOMATION Victor"},"content":{"rendered":"<p>[vc_row row_type=&#8220;row&#8220; type=&#8220;full_width&#8220; text_align=&#8220;left&#8220; background_image_as_pattern=&#8220;without_pattern&#8220; background_color=&#8220;#dadada&#8220; padding_top=&#8220;42&#8243;][vc_column width=&#8220;1\/1&#8243;][vc_row_inner row_type=&#8220;row&#8220; type=&#8220;grid&#8220; text_align=&#8220;left&#8220; padding_top=&#8220;23&#8243; css=&#8220;.vc_custom_1418569512084{margin-left: -50px !important;}&#8220;][vc_column_inner width=&#8220;1\/2&#8243; css=&#8220;.vc_custom_1418568975500{padding-top: 50px !important;padding-left: 50px !important;}&#8220;][vc_column_text]<\/p>\n<h2><span style=\"color: #000000;\">Comunello Automation<\/span><\/h2>\n<h1><span style=\"color: #000000;\">Victor<\/span><\/h1>\n<p>[\/vc_column_text][\/vc_column_inner][vc_column_inner width=&#8220;1\/2&#8243;][vc_single_image image=&#8220;10184&#8243; border_color=&#8220;grey&#8220; img_link_target=&#8220;_self&#8220; img_size=&#8220;full&#8220;][\/vc_column_inner][\/vc_row_inner][\/vc_column][\/vc_row][vc_row row_type=&#8220;row&#8220; type=&#8220;grid&#8220; text_align=&#8220;left&#8220; background_image_as_pattern=&#8220;without_pattern&#8220; padding_top=&#8220;50&#8243; background_color=&#8220;#ffffff&#8220;][vc_column width=&#8220;1\/3&#8243;][vc_column_text]<a href=\"http:\/\/www.comunello.com\/de\/automation\/\"><img loading=\"lazy\" class=\"alignleft wp-image-1200 size-full\" src=\"http:\/\/www.comunello.com\/wp-content\/uploads\/2014\/12\/22.jpg\" alt=\"22\" width=\"20\" height=\"22\" \/><\/a><\/p>\n<p>[\/vc_column_text][\/vc_column][vc_column width=&#8220;1\/3&#8243; css=&#8220;.vc_custom_1418569690351{margin-left: -357px !important;}&#8220;][vc_column_text]<span style=\"color: #999999;\">&gt; Victor<\/span><\/p>\n<p>[\/vc_column_text][\/vc_column][vc_column width=&#8220;1\/3&#8243;][vc_column_text]<br \/>\n[\/vc_column_text][\/vc_column][\/vc_row][vc_row row_type=&#8220;row&#8220; type=&#8220;grid&#8220; text_align=&#8220;left&#8220; background_image_as_pattern=&#8220;without_pattern&#8220; background_color=&#8220;#ffffff&#8220;][vc_column width=&#8220;1\/2&#8243;][vc_single_image image=&#8220;10186&#8243; border_color=&#8220;grey&#8220; img_link_target=&#8220;_self&#8220; img_size=&#8220;full&#8220; css=&#8220;.vc_custom_1474618308065{margin-top: 20px !important;margin-bottom: 20px !important;}&#8220;][\/vc_column][vc_column width=&#8220;1\/2&#8243;][vc_column_text css=&#8220;.vc_custom_1435653064840{margin-top: 20px !important;margin-bottom: 20px !important;padding-top: 20px !important;}&#8220;]<\/p>\n<h1><\/h1>\n<h1><\/h1>\n<h1><a href=\"http:\/\/www.comunello.com\/wp-content\/uploads\/2015\/02\/logo_victor.png\" data-rel=\"lightbox-image-0\" data-rl_title=\"\" data-rl_caption=\"\" title=\"\"><img loading=\"lazy\" class=\" size-medium wp-image-3560 alignleft\" src=\"http:\/\/www.comunello.com\/wp-content\/uploads\/2015\/02\/logo_victor-300x126.png\" alt=\"logo_victor\" width=\"300\" height=\"126\" srcset=\"https:\/\/www.comunello.com\/wp-content\/uploads\/2015\/02\/logo_victor-300x126.png 300w, https:\/\/www.comunello.com\/wp-content\/uploads\/2015\/02\/logo_victor.png 319w\" sizes=\"(max-width: 300px) 100vw, 300px\" \/><\/a><\/h1>\n<div class=\"page\" title=\"Page 6\">\n<div class=\"layoutArea\">\n<div class=\"column\">\n<div class=\"page\" title=\"Page 3\">\n<div class=\"section\">\n<div class=\"layoutArea\">\n<div class=\"column\">\n<div class=\"page\" title=\"Page 2\">\n<div class=\"section\">\n<div class=\"layoutArea\">\n<div class=\"column\">\n<p>&nbsp;<\/p>\n<p>&nbsp;<\/p>\n<p>&nbsp;<\/p>\n<p>&nbsp;<\/p>\n<p>&nbsp;<\/p>\n<p>Die innovative Funksteuerung zu Diensten des Fortschritts. Die hochelegante Veredelung sorgt f\u00fcr ein unvergleichbar gepflegtes Aussehen. VICTOR 50 in der Veredelung mit Karboneffekt besitzt mit dem echten Metallprofil eine starke Pers\u00f6nlichkeit.<\/p><\/div>\n<\/div>\n<\/div>\n<\/div>\n<\/div>\n<\/div>\n<\/div>\n<\/div>\n<\/div>\n<\/div>\n<\/div>\n<p>[\/vc_column_text][\/vc_column][vc_column][vc_separator type=&#8220;normal&#8220; position=&#8220;center&#8220; color=&#8220;#bcbcbc&#8220; thickness=&#8220;1&#8243; up=&#8220;10&#8243; down=&#8220;10&#8243;][\/vc_column][\/vc_row][vc_row row_type=&#8220;row&#8220; type=&#8220;grid&#8220; text_align=&#8220;left&#8220; background_image_as_pattern=&#8220;without_pattern&#8220; background_color=&#8220;#ffffff&#8220;][vc_column width=&#8220;1\/2&#8243;][vc_column_text css=&#8220;.vc_custom_1435653085958{margin-top: 20px !important;margin-bottom: 40px !important;padding-top: 20px !important;}&#8220;]<\/p>\n<p class=\"p1\">Victor, die neue elegante Funksteuerung ist in der edlen Sonderversion des 50. Jubil\u00e4ums erh\u00e4ltlich, oder in der farbigen Version.<\/p>\n<div class=\"page\" title=\"Page 2\">\n<div class=\"section\">\n<div class=\"layoutArea\">\n<div class=\"column\">\n<div class=\"page\" title=\"Page 2\">\n<div class=\"section\">\n<div class=\"layoutArea\">\n<div class=\"column\">\n<p>Betriebsfrequenz 433,92 und 868,46 Mhz mit Rolling Code und Festcode mit Kopierfunktion. Mehr als 18 Millionen Kombinationen garantieren die Sicherheit. \u00dcber 100 m Reichweite auf freiem Gebiet, Speisung mit 3 Vdc Batterie. Version mit 2 oder 4 Kan\u00e4len f\u00fcr die Verwaltung mehrerer Systeme, mit den Comunello-Sendern und \u2013Empf\u00e4ngern vertr\u00e4glich. Mit 2 oder 4 Kan\u00e4len ist VICTOR eine innovative Funksteuerung, in den Versionen VICTOR 50 und VICTOR.<\/p><\/div>\n<\/div>\n<\/div>\n<\/div>\n<\/div>\n<\/div>\n<\/div>\n<\/div>\n<p>[\/vc_column_text][\/vc_column][vc_column width=&#8220;1\/2&#8243; font_color=&#8220;#ffffff&#8220;][vc_single_image border_color=&#8220;grey&#8220; img_link_target=&#8220;_self&#8220; image=&#8220;3459&#8243; img_size=&#8220;full&#8220; css=&#8220;.vc_custom_1424273339326{margin-top: 20px !important;margin-bottom: 20px !important;}&#8220;][\/vc_column][\/vc_row][vc_row row_type=&#8220;row&#8220; type=&#8220;grid&#8220; text_align=&#8220;left&#8220; background_image_as_pattern=&#8220;without_pattern&#8220; background_color=&#8220;#ffffff&#8220;][vc_column width=&#8220;1\/1&#8243;][vc_separator type=&#8220;normal&#8220; position=&#8220;center&#8220;][\/vc_column][\/vc_row][vc_row row_type=&#8220;row&#8220; type=&#8220;grid&#8220; text_align=&#8220;left&#8220; background_image_as_pattern=&#8220;without_pattern&#8220; background_color=&#8220;#ffffff&#8220;][vc_column width=&#8220;1\/2&#8243;][vc_single_image image=&#8220;3456&#8243; border_color=&#8220;grey&#8220; img_link_target=&#8220;_self&#8220; img_size=&#8220;full&#8220; css=&#8220;.vc_custom_1424272944270{margin-top: 20px !important;margin-bottom: 20px !important;}&#8220;][\/vc_column][vc_column width=&#8220;1\/2&#8243;][vc_column_text css=&#8220;.vc_custom_1435653108831{margin-top: 20px !important;margin-bottom: 20px !important;padding-top: 20px !important;}&#8220;]<\/p>\n<h1><\/h1>\n<h1>VICTOR FUNKSTEUERUNG<\/h1>\n<h2><\/h2>\n<h2>Colour made easy<\/h2>\n<p>&nbsp;<\/p>\n<h2><\/h2>\n<div class=\"page\" title=\"Page 2\">\n<div class=\"section\">\n<div class=\"layoutArea\">\n<div class=\"column\">\n<div class=\"page\" title=\"Page 2\">\n<div class=\"section\">\n<div class=\"layoutArea\">\n<div class=\"column\">\n<p>W\u00e4hlen ist immer eine erfreuliche Freiheit. Neben Schwarz absolut, auch in superlativen kr\u00e4ftigen Farben erh\u00e4ltlich. Es gibt VICTOR in den eleganten Farben Woodland Green, Saffron Yellow, Ocean Blue, Velvet Red und Total Black.<\/p>\n<p>&nbsp;<\/p><\/div>\n<\/div>\n<\/div>\n<\/div>\n<\/div>\n<\/div>\n<\/div>\n<\/div>\n<p>[\/vc_column_text][\/vc_column][\/vc_row][vc_row row_type=&#8220;row&#8220; type=&#8220;grid&#8220; text_align=&#8220;left&#8220; background_image_as_pattern=&#8220;without_pattern&#8220; background_color=&#8220;#ffffff&#8220; padding_top=&#8220;20&#8243; padding_bottom=&#8220;50&#8243;][vc_column width=&#8220;1\/1&#8243;][vc_separator type=&#8220;normal&#8220; position=&#8220;center&#8220; color=&#8220;#bcbcbc&#8220; thickness=&#8220;1&#8243; up=&#8220;10&#8243; down=&#8220;10&#8243;][\/vc_column][\/vc_row][vc_row][vc_column width=&#8220;1\/1&#8243;][rev_slider_vc alias=&#8220;Victor&#8220;][\/vc_column][\/vc_row][vc_row row_type=&#8220;row&#8220; type=&#8220;grid&#8220; text_align=&#8220;left&#8220; background_image_as_pattern=&#8220;without_pattern&#8220; background_color=&#8220;#ffffff&#8220; padding_top=&#8220;20&#8243; padding_bottom=&#8220;50&#8243;][vc_column width=&#8220;1\/1&#8243;][vc_separator type=&#8220;normal&#8220; position=&#8220;center&#8220; color=&#8220;#bcbcbc&#8220; thickness=&#8220;1&#8243; up=&#8220;10&#8243; down=&#8220;10&#8243;][\/vc_column][\/vc_row][vc_row row_type=&#8220;row&#8220; type=&#8220;grid&#8220; text_align=&#8220;left&#8220; background_image_as_pattern=&#8220;without_pattern&#8220; background_color=&#8220;#ffffff&#8220;][vc_column width=&#8220;1\/2&#8243;][vc_column_text css=&#8220;.vc_custom_1424273374730{margin-top: 20px !important;margin-bottom: 20px !important;padding-top: 20px !important;}&#8220;]<\/p>\n<h1>VICTOR<\/h1>\n<p>[\/vc_column_text][vc_separator type=&#8220;normal&#8220; position=&#8220;center&#8220; color=&#8220;#cc0000&#8243; thickness=&#8220;2&#8243; up=&#8220;20&#8243; down=&#8220;40&#8243;]<div class='q_icon_with_title very_large normal_icon'><div class=\"icon_holder \" style=\" \"><span data-icon-type=\"normal\"   style=\"\" class=\"qode_iwt_icon_holder q_font_awsome_icon fa-5x \"><i class=\"qode_icon_font_awesome fa fa-file-pdf-o qode_iwt_icon_element\" style=\"color: #ff0000;\" ><\/i><\/span><\/div><div class=\"icon_text_holder\" style=\"\"><div class=\"icon_text_inner\" style=\"\"><h5 class=\"icon_title\" style=\"color: #000000;\">Victor - Discover more<\/h5><p style='color: #000000'>File: PDF Size: 2 Mb<\/p><a itemprop='url' class='icon_with_title_link' href='http:\/\/www.comunello.com\/wp-content\/uploads\/2015\/02\/Comunello-Automation-VICTOR.pdf' target='_blank' style='color: #000000;'>Download<\/a><\/div><\/div><\/div>[vc_empty_space height=&#8220;100px&#8220;][\/vc_column][vc_column width=&#8220;1\/2&#8243;]<br \/>\n[\/vc_column][\/vc_row]<\/p>\n","protected":false},"excerpt":{"rendered":"<p>[vc_row row_type=&#8220;row&#8220; type=&#8220;full_width&#8220; text_align=&#8220;left&#8220; background_image_as_pattern=&#8220;without_pattern&#8220; background_color=&#8220;#dadada&#8220; padding_top=&#8220;42&#8243;][vc_column width=&#8220;1\/1&#8243;][vc_row_inner row_type=&#8220;row&#8220; type=&#8220;grid&#8220; text_align=&#8220;left&#8220; padding_top=&#8220;23&#8243; css=&#8220;.vc_custom_1418569512084{margin-left: -50px !important;}&#8220;][vc_column_inner width=&#8220;1\/2&#8243; css=&#8220;.vc_custom_1418568975500{padding-top: 50px !important;padding-left: 50px !important;}&#8220;][vc_column_text] Comunello Automation Victor [\/vc_column_text][\/vc_column_inner][vc_column_inner&#8230;<\/p>\n","protected":false},"author":1,"featured_media":0,"parent":1895,"menu_order":0,"comment_status":"open","ping_status":"open","template":"full_width.php","meta":[],"yoast_head":"<!-- This site is optimized with the Yoast SEO plugin v16.0.2 - https:\/\/yoast.com\/wordpress\/plugins\/seo\/ -->\n<link rel=\"canonical\" href=\"https:\/\/www.comunello.com\/de\/automation\/victor\/\" \/>\n<meta property=\"og:locale\" content=\"de_DE\" \/>\n<meta property=\"og:type\" content=\"article\" \/>\n<meta property=\"og:title\" content=\"AUTOMATION Victor - Fratelli COMUNELLO\" \/>\n<meta property=\"og:description\" content=\"[vc_row row_type=&#8220;row&#8220; type=&#8220;full_width&#8220; text_align=&#8220;left&#8220; background_image_as_pattern=&#8220;without_pattern&#8220; background_color=&#8220;#dadada&#8220; padding_top=&#8220;42&#8243;][vc_column width=&#8220;1\/1&#8243;][vc_row_inner row_type=&#8220;row&#8220; type=&#8220;grid&#8220; text_align=&#8220;left&#8220; padding_top=&#8220;23&#8243; css=&#8220;.vc_custom_1418569512084{margin-left: -50px !important;}&#8220;][vc_column_inner width=&#8220;1\/2&#8243; css=&#8220;.vc_custom_1418568975500{padding-top: 50px !important;padding-left: 50px !important;}&#8220;][vc_column_text] Comunello Automation Victor [\/vc_column_text][\/vc_column_inner][vc_column_inner...\" \/>\n<meta property=\"og:url\" content=\"https:\/\/www.comunello.com\/de\/automation\/victor\/\" \/>\n<meta property=\"og:site_name\" content=\"Fratelli COMUNELLO\" \/>\n<meta property=\"article:modified_time\" content=\"2016-09-23T08:27:32+00:00\" \/>\n<meta property=\"og:image\" content=\"http:\/\/www.comunello.com\/wp-content\/uploads\/2014\/12\/22.jpg\" \/>\n<meta name=\"twitter:card\" content=\"summary_large_image\" \/>\n<meta name=\"twitter:label1\" content=\"Gesch\u00e4tzte Lesezeit\">\n\t<meta name=\"twitter:data1\" content=\"4 Minuten\">\n<script type=\"application\/ld+json\" class=\"yoast-schema-graph\">{\"@context\":\"https:\/\/schema.org\",\"@graph\":[{\"@type\":\"WebSite\",\"@id\":\"https:\/\/www.comunello.com\/#website\",\"url\":\"https:\/\/www.comunello.com\/\",\"name\":\"Fratelli COMUNELLO\",\"description\":\"| Life Made Easy\",\"potentialAction\":[{\"@type\":\"SearchAction\",\"target\":\"https:\/\/www.comunello.com\/?s={search_term_string}\",\"query-input\":\"required name=search_term_string\"}],\"inLanguage\":\"de-DE\"},{\"@type\":\"ImageObject\",\"@id\":\"https:\/\/www.comunello.com\/de\/automation\/victor\/#primaryimage\",\"inLanguage\":\"de-DE\",\"url\":\"http:\/\/www.comunello.com\/wp-content\/uploads\/2014\/12\/22.jpg\"},{\"@type\":\"WebPage\",\"@id\":\"https:\/\/www.comunello.com\/de\/automation\/victor\/#webpage\",\"url\":\"https:\/\/www.comunello.com\/de\/automation\/victor\/\",\"name\":\"AUTOMATION Victor - Fratelli COMUNELLO\",\"isPartOf\":{\"@id\":\"https:\/\/www.comunello.com\/#website\"},\"primaryImageOfPage\":{\"@id\":\"https:\/\/www.comunello.com\/de\/automation\/victor\/#primaryimage\"},\"datePublished\":\"2015-02-18T15:14:00+00:00\",\"dateModified\":\"2016-09-23T08:27:32+00:00\",\"breadcrumb\":{\"@id\":\"https:\/\/www.comunello.com\/de\/automation\/victor\/#breadcrumb\"},\"inLanguage\":\"de-DE\",\"potentialAction\":[{\"@type\":\"ReadAction\",\"target\":[\"https:\/\/www.comunello.com\/de\/automation\/victor\/\"]}]},{\"@type\":\"BreadcrumbList\",\"@id\":\"https:\/\/www.comunello.com\/de\/automation\/victor\/#breadcrumb\",\"itemListElement\":[{\"@type\":\"ListItem\",\"position\":1,\"item\":{\"@type\":\"WebPage\",\"@id\":\"https:\/\/www.comunello.com\/de\/\",\"url\":\"https:\/\/www.comunello.com\/de\/\",\"name\":\"Home\"}},{\"@type\":\"ListItem\",\"position\":2,\"item\":{\"@type\":\"WebPage\",\"@id\":\"https:\/\/www.comunello.com\/de\/automation\/\",\"url\":\"https:\/\/www.comunello.com\/de\/automation\/\",\"name\":\"AUTOMATION\"}},{\"@type\":\"ListItem\",\"position\":3,\"item\":{\"@type\":\"WebPage\",\"@id\":\"https:\/\/www.comunello.com\/de\/automation\/victor\/\",\"url\":\"https:\/\/www.comunello.com\/de\/automation\/victor\/\",\"name\":\"AUTOMATION Victor\"}}]}]}<\/script>\n<!-- \/ Yoast SEO plugin. -->","_links":{"self":[{"href":"https:\/\/www.comunello.com\/de\/wp-json\/wp\/v2\/pages\/3831\/"}],"collection":[{"href":"https:\/\/www.comunello.com\/de\/wp-json\/wp\/v2\/pages\/"}],"about":[{"href":"https:\/\/www.comunello.com\/de\/wp-json\/wp\/v2\/types\/page\/"}],"author":[{"embeddable":true,"href":"https:\/\/www.comunello.com\/de\/wp-json\/wp\/v2\/users\/1\/"}],"replies":[{"embeddable":true,"href":"https:\/\/www.comunello.com\/de\/wp-json\/wp\/v2\/comments\/?post=3831"}],"version-history":[{"count":5,"href":"https:\/\/www.comunello.com\/de\/wp-json\/wp\/v2\/pages\/3831\/revisions\/"}],"predecessor-version":[{"id":10213,"href":"https:\/\/www.comunello.com\/de\/wp-json\/wp\/v2\/pages\/3831\/revisions\/10213\/"}],"up":[{"embeddable":true,"href":"https:\/\/www.comunello.com\/de\/wp-json\/wp\/v2\/pages\/1895\/"}],"wp:attachment":[{"href":"https:\/\/www.comunello.com\/de\/wp-json\/wp\/v2\/media\/?parent=3831"}],"curies":[{"name":"wp","href":"https:\/\/api.w.org\/{rel}","templated":true}]}}