{"id":3425,"date":"2014-12-15T16:25:45","date_gmt":"2014-12-15T16:25:45","guid":{"rendered":"http:\/\/www.comunello.com\/gate\/sales\/"},"modified":"2017-09-01T11:09:38","modified_gmt":"2017-09-01T09:09:38","slug":"sales","status":"publish","type":"page","link":"https:\/\/www.comunello.com\/de\/gate\/sales\/","title":{"rendered":"GATE Verkaufsnetz"},"content":{"rendered":"<p>[vc_row row_type=&#8220;row&#8220; use_row_as_full_screen_section=&#8220;no&#8220; type=&#8220;full_width&#8220; angled_section=&#8220;no&#8220; text_align=&#8220;center&#8220; background_image=&#8220;16290&#8243; background_image_as_pattern=&#8220;without_pattern&#8220; background_color=&#8220;#919191&#8243; border_color=&#8220;#919191&#8243; css_animation=&#8220;&#8220;][vc_column][vc_empty_space height=&#8220;300px&#8220;][\/vc_column][\/vc_row][vc_row row_type=&#8220;row&#8220; use_row_as_full_screen_section=&#8220;no&#8220; type=&#8220;grid&#8220; angled_section=&#8220;no&#8220; text_align=&#8220;center&#8220; background_image_as_pattern=&#8220;without_pattern&#8220; background_color=&#8220;#ffffff&#8220; css_animation=&#8220;&#8220; css=&#8220;.vc_custom_1490369294730{background-color: #ffffff !important;}&#8220;][vc_column][vc_empty_space height=&#8220;60px&#8220;][vc_empty_space height=&#8220;60px&#8220;][vc_column_text]<\/p>\n<p style=\"text-align: center; font-family: helvth; font-size: 42px; line-height: 42px;\">UNSERE WELTWEITE PR\u00c4SENZ<\/p>\n<p>[\/vc_column_text][vc_empty_space height=&#8220;60px&#8220;][\/vc_column][\/vc_row][vc_row row_type=&#8220;row&#8220; use_row_as_full_screen_section=&#8220;no&#8220; type=&#8220;full_width&#8220; angled_section=&#8220;no&#8220; text_align=&#8220;center&#8220; background_image_as_pattern=&#8220;without_pattern&#8220; background_color=&#8220;#ffffff&#8220; css_animation=&#8220;&#8220; css=&#8220;.vc_custom_1491818960772{background-color: #ffffff !important;}&#8220;][vc_column][vc_separator type=&#8220;normal&#8220; color=&#8220;#adadad&#8220; up=&#8220;5&#8243; down=&#8220;-4&#8243;][\/vc_column][\/vc_row][vc_row row_type=&#8220;row&#8220; use_row_as_full_screen_section=&#8220;no&#8220; type=&#8220;grid&#8220; angled_section=&#8220;no&#8220; text_align=&#8220;left&#8220; background_image_as_pattern=&#8220;without_pattern&#8220; background_color=&#8220;#ffffff&#8220; padding_top=&#8220;0&#8243; padding_bottom=&#8220;75&#8243; css_animation=&#8220;&#8220;][vc_column][vc_separator type=&#8220;normal&#8220; color=&#8220;#bcbcbc&#8220; thickness=&#8220;1&#8243; up=&#8220;40&#8243; down=&#8220;20&#8243;][vc_row_inner row_type=&#8220;row&#8220; type=&#8220;full_width&#8220; text_align=&#8220;left&#8220; background_color=&#8220;#ffffff&#8220; css_animation=&#8220;&#8220;][vc_column_inner width=&#8220;1\/2&#8243; css=&#8220;.vc_custom_1504101747954{padding-left: 40px !important;}&#8220;][vc_empty_space][vc_column_text el_class=&#8220;test_one_page&#8220;]Comunello ist auf dem Weltmarkt in mehr als 80 L\u00e4ndern mit einem bedeutenden und professionellen Netzwerk aus qualifizierten Vertriebsgesellschaften und H\u00e4ndlern vertreten.<\/p>\n<p>Dank der neuen Mehrmarkenorganisation: Gate \u2013 Automation \u2013 Frame \u2013 Frame Automation sind wir in der Lage, wirksam und effizient die einzelnen Marktbed\u00fcrfnisse zu erf\u00fcllen und alle Partner optimal zu unterst\u00fctzen.[\/vc_column_text][\/vc_column_inner][vc_column_inner width=&#8220;1\/2&#8243; css=&#8220;.vc_custom_1504101790271{padding-right: 40px !important;padding-left: 40px !important;}&#8220;][vc_empty_space][vc_column_text el_class=&#8220;test_one_page&#8220;]<strong>EXPORT SALES DEPARTMENT<\/strong><\/p>\n<p>&nbsp;<\/p>\n<p><strong>Export Sales tel:<\/strong> +39 0424 585111<br \/>\n<strong>Export Sales email:<\/strong>\u00a0<a href=\"mailto:export@comunello.it\">export@comunello.it<\/a><\/p>\n<p>[\/vc_column_text][\/vc_column_inner][\/vc_row_inner][vc_separator type=&#8220;normal&#8220; color=&#8220;#bcbcbc&#8220; thickness=&#8220;1&#8243; up=&#8220;50&#8243; down=&#8220;70&#8243;][\/vc_column][\/vc_row][vc_row row_type=&#8220;row&#8220; use_row_as_full_screen_section=&#8220;no&#8220; type=&#8220;grid&#8220; angled_section=&#8220;no&#8220; text_align=&#8220;left&#8220; background_image_as_pattern=&#8220;without_pattern&#8220; background_color=&#8220;#ffffff&#8220; css_animation=&#8220;&#8220;][vc_column][vc_empty_space height=&#8220;8px&#8220;][\/vc_column][\/vc_row]<\/p>\n","protected":false},"excerpt":{"rendered":"<p>[vc_row row_type=&#8220;row&#8220; use_row_as_full_screen_section=&#8220;no&#8220; type=&#8220;full_width&#8220; angled_section=&#8220;no&#8220; text_align=&#8220;center&#8220; background_image=&#8220;16290&#8243; background_image_as_pattern=&#8220;without_pattern&#8220; background_color=&#8220;#919191&#8243; border_color=&#8220;#919191&#8243; css_animation=&#8220;&#8220;][vc_column][vc_empty_space height=&#8220;300px&#8220;][\/vc_column][\/vc_row][vc_row row_type=&#8220;row&#8220; use_row_as_full_screen_section=&#8220;no&#8220; type=&#8220;grid&#8220; angled_section=&#8220;no&#8220; text_align=&#8220;center&#8220; background_image_as_pattern=&#8220;without_pattern&#8220; background_color=&#8220;#ffffff&#8220; css_animation=&#8220;&#8220; css=&#8220;.vc_custom_1490369294730{background-color: #ffffff !important;}&#8220;][vc_column][vc_empty_space height=&#8220;60px&#8220;][vc_empty_space height=&#8220;60px&#8220;][vc_column_text]&#8230;<\/p>\n","protected":false},"author":1,"featured_media":0,"parent":1916,"menu_order":0,"comment_status":"open","ping_status":"open","template":"full_width.php","meta":[],"yoast_head":"<!-- This site is optimized with the Yoast SEO plugin v16.0.2 - https:\/\/yoast.com\/wordpress\/plugins\/seo\/ -->\n<link rel=\"canonical\" href=\"https:\/\/www.comunello.com\/de\/gate\/sales\/\" \/>\n<meta property=\"og:locale\" content=\"de_DE\" \/>\n<meta property=\"og:type\" content=\"article\" \/>\n<meta property=\"og:title\" content=\"GATE Verkaufsnetz - Fratelli COMUNELLO\" \/>\n<meta property=\"og:description\" content=\"[vc_row row_type=&#8220;row&#8220; use_row_as_full_screen_section=&#8220;no&#8220; type=&#8220;full_width&#8220; angled_section=&#8220;no&#8220; text_align=&#8220;center&#8220; background_image=&#8220;16290&#8243; background_image_as_pattern=&#8220;without_pattern&#8220; background_color=&#8220;#919191&#8243; border_color=&#8220;#919191&#8243; css_animation=&#8220;&#8220;][vc_column][vc_empty_space height=&#8220;300px&#8220;][\/vc_column][\/vc_row][vc_row row_type=&#8220;row&#8220; use_row_as_full_screen_section=&#8220;no&#8220; type=&#8220;grid&#8220; angled_section=&#8220;no&#8220; text_align=&#8220;center&#8220; background_image_as_pattern=&#8220;without_pattern&#8220; background_color=&#8220;#ffffff&#8220; css_animation=&#8220;&#8220; css=&#8220;.vc_custom_1490369294730{background-color: #ffffff !important;}&#8220;][vc_column][vc_empty_space height=&#8220;60px&#8220;][vc_empty_space height=&#8220;60px&#8220;][vc_column_text]...\" \/>\n<meta property=\"og:url\" content=\"https:\/\/www.comunello.com\/de\/gate\/sales\/\" \/>\n<meta property=\"og:site_name\" content=\"Fratelli COMUNELLO\" \/>\n<meta property=\"article:modified_time\" content=\"2017-09-01T09:09:38+00:00\" \/>\n<meta name=\"twitter:card\" content=\"summary_large_image\" \/>\n<meta name=\"twitter:label1\" content=\"Gesch\u00e4tzte Lesezeit\">\n\t<meta name=\"twitter:data1\" content=\"2 Minuten\">\n<script type=\"application\/ld+json\" class=\"yoast-schema-graph\">{\"@context\":\"https:\/\/schema.org\",\"@graph\":[{\"@type\":\"WebSite\",\"@id\":\"https:\/\/www.comunello.com\/#website\",\"url\":\"https:\/\/www.comunello.com\/\",\"name\":\"Fratelli COMUNELLO\",\"description\":\"| Life Made Easy\",\"potentialAction\":[{\"@type\":\"SearchAction\",\"target\":\"https:\/\/www.comunello.com\/?s={search_term_string}\",\"query-input\":\"required name=search_term_string\"}],\"inLanguage\":\"de-DE\"},{\"@type\":\"WebPage\",\"@id\":\"https:\/\/www.comunello.com\/de\/gate\/sales\/#webpage\",\"url\":\"https:\/\/www.comunello.com\/de\/gate\/sales\/\",\"name\":\"GATE Verkaufsnetz - Fratelli COMUNELLO\",\"isPartOf\":{\"@id\":\"https:\/\/www.comunello.com\/#website\"},\"datePublished\":\"2014-12-15T16:25:45+00:00\",\"dateModified\":\"2017-09-01T09:09:38+00:00\",\"breadcrumb\":{\"@id\":\"https:\/\/www.comunello.com\/de\/gate\/sales\/#breadcrumb\"},\"inLanguage\":\"de-DE\",\"potentialAction\":[{\"@type\":\"ReadAction\",\"target\":[\"https:\/\/www.comunello.com\/de\/gate\/sales\/\"]}]},{\"@type\":\"BreadcrumbList\",\"@id\":\"https:\/\/www.comunello.com\/de\/gate\/sales\/#breadcrumb\",\"itemListElement\":[{\"@type\":\"ListItem\",\"position\":1,\"item\":{\"@type\":\"WebPage\",\"@id\":\"https:\/\/www.comunello.com\/de\/\",\"url\":\"https:\/\/www.comunello.com\/de\/\",\"name\":\"Home\"}},{\"@type\":\"ListItem\",\"position\":2,\"item\":{\"@type\":\"WebPage\",\"@id\":\"https:\/\/www.comunello.com\/de\/gate\/\",\"url\":\"https:\/\/www.comunello.com\/de\/gate\/\",\"name\":\"GATE\"}},{\"@type\":\"ListItem\",\"position\":3,\"item\":{\"@type\":\"WebPage\",\"@id\":\"https:\/\/www.comunello.com\/de\/gate\/sales\/\",\"url\":\"https:\/\/www.comunello.com\/de\/gate\/sales\/\",\"name\":\"GATE Verkaufsnetz\"}}]}]}<\/script>\n<!-- \/ Yoast SEO plugin. -->","_links":{"self":[{"href":"https:\/\/www.comunello.com\/de\/wp-json\/wp\/v2\/pages\/3425\/"}],"collection":[{"href":"https:\/\/www.comunello.com\/de\/wp-json\/wp\/v2\/pages\/"}],"about":[{"href":"https:\/\/www.comunello.com\/de\/wp-json\/wp\/v2\/types\/page\/"}],"author":[{"embeddable":true,"href":"https:\/\/www.comunello.com\/de\/wp-json\/wp\/v2\/users\/1\/"}],"replies":[{"embeddable":true,"href":"https:\/\/www.comunello.com\/de\/wp-json\/wp\/v2\/comments\/?post=3425"}],"version-history":[{"count":3,"href":"https:\/\/www.comunello.com\/de\/wp-json\/wp\/v2\/pages\/3425\/revisions\/"}],"predecessor-version":[{"id":16611,"href":"https:\/\/www.comunello.com\/de\/wp-json\/wp\/v2\/pages\/3425\/revisions\/16611\/"}],"up":[{"embeddable":true,"href":"https:\/\/www.comunello.com\/de\/wp-json\/wp\/v2\/pages\/1916\/"}],"wp:attachment":[{"href":"https:\/\/www.comunello.com\/de\/wp-json\/wp\/v2\/media\/?parent=3425"}],"curies":[{"name":"wp","href":"https:\/\/api.w.org\/{rel}","templated":true}]}}