{"id":3413,"date":"2014-12-10T18:19:40","date_gmt":"2014-12-10T18:19:40","guid":{"rendered":"http:\/\/www.comunello.com\/gate\/quality\/"},"modified":"2019-09-11T11:10:33","modified_gmt":"2019-09-11T09:10:33","slug":"quality","status":"publish","type":"page","link":"https:\/\/www.comunello.com\/de\/gate\/quality\/","title":{"rendered":"GATE Qualit\u00e4t"},"content":{"rendered":"<p>[vc_row row_type=&#8220;row&#8220; use_row_as_full_screen_section=&#8220;no&#8220; type=&#8220;full_width&#8220; angled_section=&#8220;no&#8220; text_align=&#8220;center&#8220; background_image=&#8220;15232&#8243; background_image_as_pattern=&#8220;without_pattern&#8220; border_color=&#8220;#919191&#8243; css_animation=&#8220;&#8220;][vc_column][vc_empty_space height=&#8220;300px&#8220;][\/vc_column][\/vc_row][vc_row row_type=&#8220;row&#8220; use_row_as_full_screen_section=&#8220;no&#8220; type=&#8220;grid&#8220; angled_section=&#8220;no&#8220; text_align=&#8220;center&#8220; background_image_as_pattern=&#8220;without_pattern&#8220; background_color=&#8220;#ffffff&#8220; css_animation=&#8220;&#8220; css=&#8220;.vc_custom_1490369294730{background-color: #ffffff !important;}&#8220;][vc_column][vc_empty_space height=&#8220;60px&#8220;][vc_empty_space height=&#8220;60px&#8220;][vc_column_text]<\/p>\n<p style=\"text-align: center; font-family: helvth; font-size: 42px; line-height: 42px;\">QUALIT\u00c4T, SICHERHEIT UND RESPEKT<\/p>\n<p>[\/vc_column_text][\/vc_column][\/vc_row][vc_row row_type=&#8220;row&#8220; use_row_as_full_screen_section=&#8220;no&#8220; type=&#8220;full_width&#8220; angled_section=&#8220;no&#8220; text_align=&#8220;center&#8220; background_image_as_pattern=&#8220;without_pattern&#8220; background_color=&#8220;#ffffff&#8220; css_animation=&#8220;&#8220; css=&#8220;.vc_custom_1491818960772{background-color: #ffffff !important;}&#8220;][vc_column][vc_separator type=&#8220;normal&#8220; color=&#8220;#adadad&#8220; up=&#8220;5&#8243; down=&#8220;-4&#8243;][\/vc_column][\/vc_row][vc_row row_type=&#8220;row&#8220; use_row_as_full_screen_section=&#8220;no&#8220; type=&#8220;grid&#8220; angled_section=&#8220;no&#8220; text_align=&#8220;center&#8220; background_image_as_pattern=&#8220;without_pattern&#8220; background_color=&#8220;#ffffff&#8220; css_animation=&#8220;&#8220; css=&#8220;.vc_custom_1491826070100{background-color: #ffffff !important;}&#8220;][vc_column el_class=&#8220;testo_az&#8220;][vc_empty_space][vc_column_text el_class=&#8220;test_one_page&#8220;]Wir legen Wert auf Umweltschutz und beachten alle Themen, die den Gesundheitsschutz unserer Mitarbeiter und die Arbeitssicherheit betreffen. Au\u00dferdem befolgen wir f\u00fcr eine verst\u00e4rkte Garantie und Kontrolle der Produktqualit\u00e4t ein vom T\u00fcv S\u00fcd nach UNI EN ISO 9001:2015 zertifiziertes Managementsystem.[\/vc_column_text][vc_empty_space height=&#8220;60px&#8220;][\/vc_column][\/vc_row][vc_row row_type=&#8220;row&#8220; use_row_as_full_screen_section=&#8220;no&#8220; type=&#8220;grid&#8220; angled_section=&#8220;no&#8220; text_align=&#8220;center&#8220; background_image_as_pattern=&#8220;without_pattern&#8220; padding_top=&#8220;20&#8243; css_animation=&#8220;&#8220; css=&#8220;.vc_custom_1496139770950{background-color: #ffffff !important;}&#8220;][vc_column width=&#8220;1\/3&#8243; css=&#8220;.vc_custom_1491554102424{padding-right: 0px !important;}&#8220;][vc_empty_space height=&#8220;18px&#8220;][vc_single_image image=&#8220;15221&#8243; img_size=&#8220;&#8220; alignment=&#8220;right&#8220; qode_css_animation=&#8220;&#8220; el_class=&#8220;organ_im&#8220;][\/vc_column][vc_column width=&#8220;2\/3&#8243; el_class=&#8220;col_org&#8220; css=&#8220;.vc_custom_1496140074098{padding-left: 0px !important;}&#8220;][vc_empty_space height=&#8220;12px&#8220;][vc_column_text el_class=&#8220;org_titolo&#8220;]<\/p>\n<h1 class=\"h_corp_1\" style=\"text-align: left;\">DER WERT VON QUALIT\u00c4T<\/h1>\n<p>[\/vc_column_text][vc_separator type=&#8220;normal&#8220; color=&#8220;#9f9f9f&#8220; el_class=&#8220;org_linea&#8220;][vc_column_text css=&#8220;.vc_custom_1497337829595{padding-top: 10px !important;}&#8220; el_class=&#8220;org_titolo&#8220;]Das Grundprinzip unserer Mission ist das Streben nach absoluter Qualit\u00e4t.[\/vc_column_text][vc_column_text css=&#8220;.vc_custom_1497337873641{padding-top: 10px !important;}&#8220; el_class=&#8220;org_titolo&#8220;]<\/p>\n<ul>\n<li>QUALIT\u00c4T DER MATERIALIEN<\/li>\n<li>QUALIT\u00c4T DER STUDIE<\/li>\n<li>QUALIT\u00c4T DER KONSTRUKTION<\/li>\n<li>QUALIT\u00c4T DER INVESTITIONEN<\/li>\n<li>QUALIT\u00c4T DER BEARBEITUNG<\/li>\n<li>QUALIT\u00c4T DER DIENSTLEISTUNGEN<\/li>\n<\/ul>\n<p>[\/vc_column_text][vc_empty_space][vc_empty_space][\/vc_column][\/vc_row][vc_row row_type=&#8220;row&#8220; use_row_as_full_screen_section=&#8220;no&#8220; type=&#8220;grid&#8220; angled_section=&#8220;no&#8220; text_align=&#8220;center&#8220; background_image_as_pattern=&#8220;without_pattern&#8220; padding_top=&#8220;20&#8243; css_animation=&#8220;&#8220; css=&#8220;.vc_custom_1491554461487{background-color: #ffffff !important;}&#8220;][vc_column width=&#8220;1\/3&#8243; css=&#8220;.vc_custom_1491554102424{padding-right: 0px !important;}&#8220;][vc_empty_space height=&#8220;18px&#8220;][vc_single_image image=&#8220;13815&#8243; img_size=&#8220;&#8220; alignment=&#8220;right&#8220; qode_css_animation=&#8220;&#8220; el_class=&#8220;organ_im&#8220;][\/vc_column][vc_column width=&#8220;2\/3&#8243; css=&#8220;.vc_custom_1496140078168{padding-left: 0px !important;}&#8220; el_class=&#8220;col_org&#8220;][vc_empty_space height=&#8220;12px&#8220;][vc_column_text el_class=&#8220;org_titolo&#8220;]<\/p>\n<h1 class=\"h_corp_1\" style=\"text-align: left;\">ZERTIFIKAT<\/h1>\n<p>[\/vc_column_text][vc_separator type=&#8220;normal&#8220; color=&#8220;#9f9f9f&#8220; el_class=&#8220;org_linea&#8220;][vc_column_text css=&#8220;.vc_custom_1497338363009{padding-top: 10px !important;}&#8220; el_class=&#8220;org_titolo&#8220;]<\/p>\n<ul>\n<li>UMWELTSCHUTZ<\/li>\n<li>SICHERHEIT BEI DER ARBEIT<\/li>\n<li>GESUNDHEIT<\/li>\n<\/ul>\n<p>[\/vc_column_text][vc_empty_space][vc_empty_space][\/vc_column][\/vc_row][vc_row row_type=&#8220;row&#8220; use_row_as_full_screen_section=&#8220;no&#8220; type=&#8220;full_width&#8220; angled_section=&#8220;no&#8220; text_align=&#8220;center&#8220; background_image_as_pattern=&#8220;without_pattern&#8220; border_color=&#8220;#303030&#8243; css_animation=&#8220;&#8220; css=&#8220;.vc_custom_1491483971172{background-color: #ffffff !important;}&#8220;][vc_column][vc_empty_space height=&#8220;60px&#8220;][\/vc_column][\/vc_row][vc_row row_type=&#8220;row&#8220; use_row_as_full_screen_section=&#8220;no&#8220; type=&#8220;full_width&#8220; angled_section=&#8220;no&#8220; text_align=&#8220;center&#8220; background_image_as_pattern=&#8220;without_pattern&#8220; background_color=&#8220;#ffffff&#8220; padding_top=&#8220;0&#8243; padding_bottom=&#8220;50&#8243; css_animation=&#8220;&#8220; css=&#8220;.vc_custom_1495536699250{background-color: #262626 !important;}&#8220;][vc_column][vc_empty_space][vc_empty_space][vc_column_text]<\/p>\n<p class=\"titoletto_divisioneb\" style=\"color: #ffffff;\">Zertifikat und Form<\/p>\n<p>[\/vc_column_text][vc_empty_space][vc_row_inner row_type=&#8220;row&#8220; type=&#8220;grid&#8220; text_align=&#8220;left&#8220; css_animation=&#8220;&#8220;][vc_column_inner width=&#8220;1\/2&#8243;][vc_column_text css=&#8220;.vc_custom_1499266068671{padding-left: 150px !important;}&#8220;]<\/p>\n<p class=\"pdf_catologo\" style=\"text-align: center;\"><a href=\"http:\/\/www.comunello.com\/media\/corporate\/comunello_iso9001.pdf\" target=\"\u201d_blank\u201d\">\u00a0<img loading=\"lazy\" class=\"alignnone size-full wp-image-12926\" style=\"position: relative; top: 5px;\" src=\"http:\/\/www.comunello.com\/wp-content\/uploads\/2017\/03\/pdf_icon_40.png\" alt=\"pdf_icon_40\" width=\"30\" height=\"30\" srcset=\"https:\/\/www.comunello.com\/wp-content\/uploads\/2017\/03\/pdf_icon_40.png 40w, https:\/\/www.comunello.com\/wp-content\/uploads\/2017\/03\/pdf_icon_40-27x27.png 27w\" sizes=\"(max-width: 30px) 100vw, 30px\" \/> Zertifikat ISO 9001<\/a><\/p>\n<p>[\/vc_column_text][\/vc_column_inner][vc_column_inner width=&#8220;1\/2&#8243; css=&#8220;.vc_custom_1496222103825{padding-right: 150px !important;}&#8220;][vc_column_text]<\/p>\n<p class=\"pdf_catologo\" style=\"text-align: center;\"><a href=\"http:\/\/www.comunello.com\/de\/corporate\/customer-satisfaction\/\" target=\"_blank\">\u00a0<img loading=\"lazy\" class=\"alignnone size-full wp-image-12926\" style=\"position: relative; top: 5px;\" src=\"http:\/\/www.comunello.com\/wp-content\/uploads\/2017\/04\/form_icon_40.png\" alt=\"pdf_icon_40\" width=\"30\" height=\"30\" \/> Form Customer Satisfaction<\/a><\/p>\n<p>[\/vc_column_text][\/vc_column_inner][\/vc_row_inner][vc_empty_space][\/vc_column][\/vc_row][vc_row row_type=&#8220;row&#8220; use_row_as_full_screen_section=&#8220;no&#8220; type=&#8220;grid&#8220; angled_section=&#8220;no&#8220; text_align=&#8220;left&#8220; background_image_as_pattern=&#8220;without_pattern&#8220; background_color=&#8220;#ffffff&#8220; css_animation=&#8220;&#8220;][vc_column][vc_empty_space height=&#8220;8px&#8220;][\/vc_column][\/vc_row]<\/p>\n","protected":false},"excerpt":{"rendered":"<p>[vc_row row_type=&#8220;row&#8220; use_row_as_full_screen_section=&#8220;no&#8220; type=&#8220;full_width&#8220; angled_section=&#8220;no&#8220; text_align=&#8220;center&#8220; background_image=&#8220;15232&#8243; background_image_as_pattern=&#8220;without_pattern&#8220; border_color=&#8220;#919191&#8243; css_animation=&#8220;&#8220;][vc_column][vc_empty_space height=&#8220;300px&#8220;][\/vc_column][\/vc_row][vc_row row_type=&#8220;row&#8220; use_row_as_full_screen_section=&#8220;no&#8220; type=&#8220;grid&#8220; angled_section=&#8220;no&#8220; text_align=&#8220;center&#8220; background_image_as_pattern=&#8220;without_pattern&#8220; background_color=&#8220;#ffffff&#8220; css_animation=&#8220;&#8220; css=&#8220;.vc_custom_1490369294730{background-color: #ffffff !important;}&#8220;][vc_column][vc_empty_space height=&#8220;60px&#8220;][vc_empty_space height=&#8220;60px&#8220;][vc_column_text] QUALIT\u00c4T,&#8230;<\/p>\n","protected":false},"author":1,"featured_media":0,"parent":1916,"menu_order":0,"comment_status":"open","ping_status":"open","template":"full_width.php","meta":[],"yoast_head":"<!-- This site is optimized with the Yoast SEO plugin v16.0.2 - https:\/\/yoast.com\/wordpress\/plugins\/seo\/ -->\n<link rel=\"canonical\" href=\"https:\/\/www.comunello.com\/de\/gate\/quality\/\" \/>\n<meta property=\"og:locale\" content=\"de_DE\" \/>\n<meta property=\"og:type\" content=\"article\" \/>\n<meta property=\"og:title\" content=\"GATE Qualit\u00e4t - Fratelli COMUNELLO\" \/>\n<meta property=\"og:description\" content=\"[vc_row row_type=&#8220;row&#8220; use_row_as_full_screen_section=&#8220;no&#8220; type=&#8220;full_width&#8220; angled_section=&#8220;no&#8220; text_align=&#8220;center&#8220; background_image=&#8220;15232&#8243; background_image_as_pattern=&#8220;without_pattern&#8220; border_color=&#8220;#919191&#8243; css_animation=&#8220;&#8220;][vc_column][vc_empty_space height=&#8220;300px&#8220;][\/vc_column][\/vc_row][vc_row row_type=&#8220;row&#8220; use_row_as_full_screen_section=&#8220;no&#8220; type=&#8220;grid&#8220; angled_section=&#8220;no&#8220; text_align=&#8220;center&#8220; background_image_as_pattern=&#8220;without_pattern&#8220; background_color=&#8220;#ffffff&#8220; css_animation=&#8220;&#8220; css=&#8220;.vc_custom_1490369294730{background-color: #ffffff !important;}&#8220;][vc_column][vc_empty_space height=&#8220;60px&#8220;][vc_empty_space height=&#8220;60px&#8220;][vc_column_text] QUALIT\u00c4T,...\" \/>\n<meta property=\"og:url\" content=\"https:\/\/www.comunello.com\/de\/gate\/quality\/\" \/>\n<meta property=\"og:site_name\" content=\"Fratelli COMUNELLO\" \/>\n<meta property=\"article:modified_time\" content=\"2019-09-11T09:10:33+00:00\" \/>\n<meta property=\"og:image\" content=\"http:\/\/www.comunello.com\/wp-content\/uploads\/2017\/03\/pdf_icon_40.png\" \/>\n<meta name=\"twitter:card\" content=\"summary_large_image\" \/>\n<meta name=\"twitter:label1\" content=\"Gesch\u00e4tzte Lesezeit\">\n\t<meta name=\"twitter:data1\" content=\"4 Minuten\">\n<script type=\"application\/ld+json\" class=\"yoast-schema-graph\">{\"@context\":\"https:\/\/schema.org\",\"@graph\":[{\"@type\":\"WebSite\",\"@id\":\"https:\/\/www.comunello.com\/#website\",\"url\":\"https:\/\/www.comunello.com\/\",\"name\":\"Fratelli COMUNELLO\",\"description\":\"| Life Made Easy\",\"potentialAction\":[{\"@type\":\"SearchAction\",\"target\":\"https:\/\/www.comunello.com\/?s={search_term_string}\",\"query-input\":\"required name=search_term_string\"}],\"inLanguage\":\"de-DE\"},{\"@type\":\"ImageObject\",\"@id\":\"https:\/\/www.comunello.com\/de\/gate\/quality\/#primaryimage\",\"inLanguage\":\"de-DE\",\"url\":\"http:\/\/www.comunello.com\/wp-content\/uploads\/2017\/03\/pdf_icon_40.png\"},{\"@type\":\"WebPage\",\"@id\":\"https:\/\/www.comunello.com\/de\/gate\/quality\/#webpage\",\"url\":\"https:\/\/www.comunello.com\/de\/gate\/quality\/\",\"name\":\"GATE Qualit\\u00e4t - Fratelli COMUNELLO\",\"isPartOf\":{\"@id\":\"https:\/\/www.comunello.com\/#website\"},\"primaryImageOfPage\":{\"@id\":\"https:\/\/www.comunello.com\/de\/gate\/quality\/#primaryimage\"},\"datePublished\":\"2014-12-10T18:19:40+00:00\",\"dateModified\":\"2019-09-11T09:10:33+00:00\",\"breadcrumb\":{\"@id\":\"https:\/\/www.comunello.com\/de\/gate\/quality\/#breadcrumb\"},\"inLanguage\":\"de-DE\",\"potentialAction\":[{\"@type\":\"ReadAction\",\"target\":[\"https:\/\/www.comunello.com\/de\/gate\/quality\/\"]}]},{\"@type\":\"BreadcrumbList\",\"@id\":\"https:\/\/www.comunello.com\/de\/gate\/quality\/#breadcrumb\",\"itemListElement\":[{\"@type\":\"ListItem\",\"position\":1,\"item\":{\"@type\":\"WebPage\",\"@id\":\"https:\/\/www.comunello.com\/de\/\",\"url\":\"https:\/\/www.comunello.com\/de\/\",\"name\":\"Home\"}},{\"@type\":\"ListItem\",\"position\":2,\"item\":{\"@type\":\"WebPage\",\"@id\":\"https:\/\/www.comunello.com\/de\/gate\/\",\"url\":\"https:\/\/www.comunello.com\/de\/gate\/\",\"name\":\"GATE\"}},{\"@type\":\"ListItem\",\"position\":3,\"item\":{\"@type\":\"WebPage\",\"@id\":\"https:\/\/www.comunello.com\/de\/gate\/quality\/\",\"url\":\"https:\/\/www.comunello.com\/de\/gate\/quality\/\",\"name\":\"GATE Qualit\\u00e4t\"}}]}]}<\/script>\n<!-- \/ Yoast SEO plugin. -->","_links":{"self":[{"href":"https:\/\/www.comunello.com\/de\/wp-json\/wp\/v2\/pages\/3413\/"}],"collection":[{"href":"https:\/\/www.comunello.com\/de\/wp-json\/wp\/v2\/pages\/"}],"about":[{"href":"https:\/\/www.comunello.com\/de\/wp-json\/wp\/v2\/types\/page\/"}],"author":[{"embeddable":true,"href":"https:\/\/www.comunello.com\/de\/wp-json\/wp\/v2\/users\/1\/"}],"replies":[{"embeddable":true,"href":"https:\/\/www.comunello.com\/de\/wp-json\/wp\/v2\/comments\/?post=3413"}],"version-history":[{"count":6,"href":"https:\/\/www.comunello.com\/de\/wp-json\/wp\/v2\/pages\/3413\/revisions\/"}],"predecessor-version":[{"id":25818,"href":"https:\/\/www.comunello.com\/de\/wp-json\/wp\/v2\/pages\/3413\/revisions\/25818\/"}],"up":[{"embeddable":true,"href":"https:\/\/www.comunello.com\/de\/wp-json\/wp\/v2\/pages\/1916\/"}],"wp:attachment":[{"href":"https:\/\/www.comunello.com\/de\/wp-json\/wp\/v2\/media\/?parent=3413"}],"curies":[{"name":"wp","href":"https:\/\/api.w.org\/{rel}","templated":true}]}}