{"id":3080,"date":"2014-11-12T15:43:15","date_gmt":"2014-11-12T15:43:15","guid":{"rendered":"http:\/\/www.comunello.com\/corporate\/organization\/"},"modified":"2017-06-13T09:06:46","modified_gmt":"2017-06-13T07:06:46","slug":"organisation","status":"publish","type":"page","link":"https:\/\/www.comunello.com\/de\/corporate\/organisation\/","title":{"rendered":"CORPORATE Organisation"},"content":{"rendered":"<p>[vc_row row_type=&#8220;row&#8220; use_row_as_full_screen_section=&#8220;no&#8220; type=&#8220;full_width&#8220; angled_section=&#8220;no&#8220; text_align=&#8220;center&#8220; background_image=&#8220;15276&#8243; background_image_as_pattern=&#8220;without_pattern&#8220; border_color=&#8220;#919191&#8243; css_animation=&#8220;&#8220;][vc_column][vc_empty_space height=&#8220;300px&#8220;][\/vc_column][\/vc_row][vc_row row_type=&#8220;row&#8220; use_row_as_full_screen_section=&#8220;no&#8220; type=&#8220;grid&#8220; angled_section=&#8220;no&#8220; text_align=&#8220;center&#8220; background_image_as_pattern=&#8220;without_pattern&#8220; css_animation=&#8220;&#8220; css=&#8220;.vc_custom_1496129517409{background-color: #ffffff !important;}&#8220;][vc_column][vc_empty_space height=&#8220;60px&#8220;][vc_empty_space height=&#8220;60px&#8220;][vc_column_text css=&#8220;.vc_custom_1497337430648{padding-left: 100px !important;}&#8220;]<\/p>\n<p style=\"font-family: helvth; font-size: 42px; line-height: 42px; text-align: left;\">Produktionsstruktur<\/p>\n<p>[\/vc_column_text][\/vc_column][\/vc_row][vc_row row_type=&#8220;row&#8220; use_row_as_full_screen_section=&#8220;no&#8220; type=&#8220;full_width&#8220; angled_section=&#8220;no&#8220; text_align=&#8220;center&#8220; background_image_as_pattern=&#8220;without_pattern&#8220; css_animation=&#8220;&#8220; css=&#8220;.vc_custom_1492588155224{background-color: #ffffff !important;}&#8220;][vc_column][vc_separator type=&#8220;normal&#8220; color=&#8220;#adadad&#8220; up=&#8220;5&#8243; down=&#8220;-4&#8243;][vc_empty_space][vc_empty_space height=&#8220;52px&#8220;][\/vc_column][\/vc_row][vc_row row_type=&#8220;row&#8220; use_row_as_full_screen_section=&#8220;no&#8220; type=&#8220;grid&#8220; angled_section=&#8220;no&#8220; text_align=&#8220;center&#8220; background_image_as_pattern=&#8220;without_pattern&#8220; padding_top=&#8220;20&#8243; css_animation=&#8220;&#8220; css=&#8220;.vc_custom_1491554461487{background-color: #ffffff !important;}&#8220;][vc_column width=&#8220;1\/3&#8243; css=&#8220;.vc_custom_1491554102424{padding-right: 0px !important;}&#8220;][vc_empty_space height=&#8220;18px&#8220;][vc_single_image image=&#8220;13676&#8243; img_size=&#8220;&#8220; alignment=&#8220;right&#8220; qode_css_animation=&#8220;&#8220; el_class=&#8220;organ_im&#8220;][\/vc_column][vc_column width=&#8220;2\/3&#8243; css=&#8220;.vc_custom_1492585417471{padding-left: 0px !important;}&#8220; el_class=&#8220;col_org&#8220;][vc_empty_space height=&#8220;12px&#8220;][vc_column_text el_class=&#8220;org_titolo&#8220;]<\/p>\n<h1 class=\"h_corp_1\" style=\"text-align: left;\">FORSCHUNG &amp; ENTWICKLUNG<\/h1>\n<p>[\/vc_column_text][vc_separator type=&#8220;normal&#8220; color=&#8220;#9f9f9f&#8220; el_class=&#8220;org_linea&#8220;][vc_column_text css=&#8220;.vc_custom_1497337462213{padding-top: 10px !important;}&#8220; el_class=&#8220;org_titolo&#8220;]Forschung und Entwicklung neuer mechanischer und elektronischer Produkte. Ausarbeitung anwendungsspezifischer L\u00f6sungen im Zusammenwirken mit den Kunden und Entwicklung individuell auf die Kunden abgestimmte Projekte.[\/vc_column_text][vc_empty_space][\/vc_column][\/vc_row][vc_row row_type=&#8220;row&#8220; use_row_as_full_screen_section=&#8220;no&#8220; type=&#8220;grid&#8220; angled_section=&#8220;no&#8220; text_align=&#8220;center&#8220; background_image_as_pattern=&#8220;without_pattern&#8220; padding_top=&#8220;20&#8243; css_animation=&#8220;&#8220; css=&#8220;.vc_custom_1491554461487{background-color: #ffffff !important;}&#8220;][vc_column width=&#8220;1\/3&#8243; css=&#8220;.vc_custom_1491554102424{padding-right: 0px !important;}&#8220;][vc_empty_space height=&#8220;18px&#8220;][vc_single_image image=&#8220;13682&#8243; img_size=&#8220;&#8220; alignment=&#8220;right&#8220; qode_css_animation=&#8220;&#8220; el_class=&#8220;organ_im&#8220;][\/vc_column][vc_column width=&#8220;2\/3&#8243; css=&#8220;.vc_custom_1492585417471{padding-left: 0px !important;}&#8220; el_class=&#8220;col_org&#8220;][vc_empty_space height=&#8220;12px&#8220;][vc_column_text el_class=&#8220;org_titolo&#8220;]<\/p>\n<h1 class=\"h_corp_1\" style=\"text-align: left;\">PR\u00dcFBEREICH<\/h1>\n<p>[\/vc_column_text][vc_separator type=&#8220;normal&#8220; color=&#8220;#9f9f9f&#8220; el_class=&#8220;org_linea&#8220;][vc_column_text css=&#8220;.vc_custom_1497337486683{padding-top: 10px !important;}&#8220; el_class=&#8220;org_titolo&#8220;]Alle Produkte werden vor der Vermarktung unter extremen Klimaverh\u00e4ltnissen und Abnutzungsbedingungen gepr\u00fcft.[\/vc_column_text][vc_empty_space][\/vc_column][\/vc_row][vc_row row_type=&#8220;row&#8220; use_row_as_full_screen_section=&#8220;no&#8220; type=&#8220;grid&#8220; angled_section=&#8220;no&#8220; text_align=&#8220;center&#8220; background_image_as_pattern=&#8220;without_pattern&#8220; padding_top=&#8220;20&#8243; css_animation=&#8220;&#8220; css=&#8220;.vc_custom_1491554461487{background-color: #ffffff !important;}&#8220;][vc_column width=&#8220;1\/3&#8243; css=&#8220;.vc_custom_1491554102424{padding-right: 0px !important;}&#8220;][vc_empty_space height=&#8220;18px&#8220;][vc_single_image image=&#8220;13683&#8243; img_size=&#8220;&#8220; alignment=&#8220;right&#8220; qode_css_animation=&#8220;&#8220; el_class=&#8220;organ_im&#8220;][\/vc_column][vc_column width=&#8220;2\/3&#8243; css=&#8220;.vc_custom_1492585417471{padding-left: 0px !important;}&#8220; el_class=&#8220;col_org&#8220;][vc_empty_space height=&#8220;12px&#8220;][vc_column_text el_class=&#8220;org_titolo&#8220;]<\/p>\n<h1 class=\"h_corp_1\" style=\"text-align: left;\">QUALIT\u00c4TSKONTROLLE<\/h1>\n<p>[\/vc_column_text][vc_separator type=&#8220;normal&#8220; color=&#8220;#9f9f9f&#8220; el_class=&#8220;org_linea&#8220;][vc_column_text css=&#8220;.vc_custom_1497337507898{padding-top: 10px !important;}&#8220; el_class=&#8220;org_titolo&#8220;]Alle Produktions- und Dienstleistungst\u00e4tigkeiten finden unter \u00fcberwachten Verh\u00e4ltnissen statt. F\u00fcr die \u00dcberwachungen und Messungen werden ausschlie\u00dflich geeignete Ger\u00e4te und Vorrichtungen eingesetzt.[\/vc_column_text][vc_empty_space][\/vc_column][\/vc_row][vc_row row_type=&#8220;row&#8220; use_row_as_full_screen_section=&#8220;no&#8220; type=&#8220;grid&#8220; angled_section=&#8220;no&#8220; text_align=&#8220;center&#8220; background_image_as_pattern=&#8220;without_pattern&#8220; padding_top=&#8220;20&#8243; css_animation=&#8220;&#8220; css=&#8220;.vc_custom_1491554461487{background-color: #ffffff !important;}&#8220;][vc_column width=&#8220;1\/3&#8243; css=&#8220;.vc_custom_1491554102424{padding-right: 0px !important;}&#8220;][vc_empty_space height=&#8220;18px&#8220;][vc_single_image image=&#8220;13684&#8243; img_size=&#8220;&#8220; alignment=&#8220;right&#8220; qode_css_animation=&#8220;&#8220; el_class=&#8220;organ_im&#8220;][\/vc_column][vc_column width=&#8220;2\/3&#8243; css=&#8220;.vc_custom_1492585417471{padding-left: 0px !important;}&#8220; el_class=&#8220;col_org&#8220;][vc_empty_space height=&#8220;12px&#8220;][vc_column_text el_class=&#8220;org_titolo&#8220;]<\/p>\n<h1 class=\"h_corp_1\" style=\"text-align: left;\">ZULIEFERKETTE<\/h1>\n<p>[\/vc_column_text][vc_separator type=&#8220;normal&#8220; color=&#8220;#9f9f9f&#8220; el_class=&#8220;org_linea&#8220;][vc_column_text css=&#8220;.vc_custom_1497337535089{padding-top: 10px !important;}&#8220; el_class=&#8220;org_titolo&#8220;]Peinlich genaue Sorgfalt entlang der gesamten Produktionskette: Von der Wahl der Rohstoffe, bis zu allen Phasen der Produktion, Veredelung und der abschlie\u00dfenden Qualit\u00e4tspr\u00fcfungen auf dem Endprodukt.[\/vc_column_text][vc_empty_space][\/vc_column][\/vc_row][vc_row row_type=&#8220;row&#8220; use_row_as_full_screen_section=&#8220;no&#8220; type=&#8220;grid&#8220; angled_section=&#8220;no&#8220; text_align=&#8220;center&#8220; background_image_as_pattern=&#8220;without_pattern&#8220; css_animation=&#8220;&#8220; css=&#8220;.vc_custom_1496129517409{background-color: #ffffff !important;}&#8220;][vc_column offset=&#8220;vc_hidden-lg vc_hidden-md vc_hidden-sm vc_hidden-xs&#8220;][vc_empty_space height=&#8220;60px&#8220;][vc_empty_space height=&#8220;60px&#8220;][vc_column_text css=&#8220;.vc_custom_1496129652329{padding-left: 100px !important;}&#8220;]<\/p>\n<p style=\"font-family: helvth; font-size: 42px; line-height: 42px; text-align: left;\">Struttura di vendita<\/p>\n<p>[\/vc_column_text][\/vc_column][\/vc_row][vc_row row_type=&#8220;row&#8220; use_row_as_full_screen_section=&#8220;no&#8220; type=&#8220;full_width&#8220; angled_section=&#8220;no&#8220; text_align=&#8220;center&#8220; background_image_as_pattern=&#8220;without_pattern&#8220; css_animation=&#8220;&#8220; css=&#8220;.vc_custom_1492588155224{background-color: #ffffff !important;}&#8220;][vc_column offset=&#8220;vc_hidden-lg vc_hidden-md vc_hidden-sm vc_hidden-xs&#8220;][vc_separator type=&#8220;normal&#8220; color=&#8220;#adadad&#8220; up=&#8220;5&#8243; down=&#8220;-4&#8243;][vc_empty_space][vc_empty_space height=&#8220;52px&#8220;][\/vc_column][\/vc_row][vc_row row_type=&#8220;row&#8220; use_row_as_full_screen_section=&#8220;no&#8220; type=&#8220;grid&#8220; angled_section=&#8220;no&#8220; text_align=&#8220;center&#8220; background_image_as_pattern=&#8220;without_pattern&#8220; padding_top=&#8220;20&#8243; css_animation=&#8220;&#8220; css=&#8220;.vc_custom_1491554461487{background-color: #ffffff !important;}&#8220;][vc_column width=&#8220;1\/3&#8243; css=&#8220;.vc_custom_1497337565716{padding-right: 0px !important;}&#8220; offset=&#8220;vc_hidden-lg vc_hidden-md vc_hidden-sm vc_hidden-xs&#8220;][vc_empty_space height=&#8220;18px&#8220;][vc_single_image image=&#8220;13715&#8243; img_size=&#8220;&#8220; alignment=&#8220;right&#8220; qode_css_animation=&#8220;&#8220; el_class=&#8220;organ_im&#8220;][\/vc_column][vc_column width=&#8220;2\/3&#8243; css=&#8220;.vc_custom_1497337558173{padding-left: 0px !important;}&#8220; el_class=&#8220;col_org&#8220; offset=&#8220;vc_hidden-lg vc_hidden-md vc_hidden-sm vc_hidden-xs&#8220;][vc_empty_space height=&#8220;12px&#8220;][vc_column_text el_class=&#8220;org_titolo&#8220;]<\/p>\n<h1 class=\"h_corp_1\" style=\"text-align: left;\">Vendita &amp; MAKETING<\/h1>\n<p>[\/vc_column_text][vc_separator type=&#8220;normal&#8220; color=&#8220;#9f9f9f&#8220; el_class=&#8220;org_linea&#8220;][vc_column_text css=&#8220;.vc_custom_1496128450108{padding-top: 10px !important;}&#8220; el_class=&#8220;org_titolo&#8220;]Una rete vendita capillare composta da area manager ed agenti presenti in tutto il territorio nazionale e nei principali paesi europei. Strutture autonome e separate dedicate per Italia, estero ed Automation.[\/vc_column_text][vc_empty_space][\/vc_column][\/vc_row][vc_row row_type=&#8220;row&#8220; use_row_as_full_screen_section=&#8220;no&#8220; type=&#8220;grid&#8220; angled_section=&#8220;no&#8220; text_align=&#8220;center&#8220; background_image_as_pattern=&#8220;without_pattern&#8220; padding_top=&#8220;20&#8243; css_animation=&#8220;&#8220; css=&#8220;.vc_custom_1491554461487{background-color: #ffffff !important;}&#8220;][vc_column width=&#8220;1\/3&#8243; css=&#8220;.vc_custom_1497337571532{padding-right: 0px !important;}&#8220; offset=&#8220;vc_hidden-lg vc_hidden-md vc_hidden-sm vc_hidden-xs&#8220;][vc_empty_space height=&#8220;18px&#8220;][vc_single_image image=&#8220;13716&#8243; img_size=&#8220;&#8220; alignment=&#8220;right&#8220; qode_css_animation=&#8220;&#8220; el_class=&#8220;organ_im&#8220;][\/vc_column][vc_column width=&#8220;2\/3&#8243; css=&#8220;.vc_custom_1497337577004{padding-left: 0px !important;}&#8220; el_class=&#8220;col_org&#8220; offset=&#8220;vc_hidden-lg vc_hidden-md vc_hidden-sm vc_hidden-xs&#8220;][vc_empty_space height=&#8220;12px&#8220;][vc_column_text el_class=&#8220;org_titolo&#8220;]<\/p>\n<h1 class=\"h_corp_1\" style=\"text-align: left;\">AREA TRAINING<\/h1>\n<p>[\/vc_column_text][vc_separator type=&#8220;normal&#8220; color=&#8220;#9f9f9f&#8220; el_class=&#8220;org_linea&#8220;][vc_column_text css=&#8220;.vc_custom_1496128457340{padding-top: 10px !important;}&#8220; el_class=&#8220;org_titolo&#8220;]Corsi di aggiornamento per i clienti presso<br \/>\nil Comunello Formation Lab sulle norme di sicurezza, tecnologie di sviluppo e nuovi prodotti.[\/vc_column_text][vc_empty_space][\/vc_column][\/vc_row][vc_row row_type=&#8220;row&#8220; use_row_as_full_screen_section=&#8220;no&#8220; type=&#8220;grid&#8220; angled_section=&#8220;no&#8220; text_align=&#8220;center&#8220; background_image_as_pattern=&#8220;without_pattern&#8220; padding_top=&#8220;20&#8243; css_animation=&#8220;&#8220; css=&#8220;.vc_custom_1491554461487{background-color: #ffffff !important;}&#8220;][vc_column width=&#8220;1\/3&#8243; css=&#8220;.vc_custom_1497337584500{padding-right: 0px !important;}&#8220; offset=&#8220;vc_hidden-lg vc_hidden-md vc_hidden-sm vc_hidden-xs&#8220;][vc_empty_space height=&#8220;18px&#8220;][vc_single_image image=&#8220;13717&#8243; img_size=&#8220;&#8220; alignment=&#8220;right&#8220; qode_css_animation=&#8220;&#8220; el_class=&#8220;organ_im&#8220;][\/vc_column][vc_column width=&#8220;2\/3&#8243; css=&#8220;.vc_custom_1497337591747{padding-left: 0px !important;}&#8220; el_class=&#8220;col_org&#8220; offset=&#8220;vc_hidden-lg vc_hidden-md vc_hidden-sm vc_hidden-xs&#8220;][vc_empty_space height=&#8220;12px&#8220;][vc_column_text el_class=&#8220;org_titolo&#8220;]<\/p>\n<h1 class=\"h_corp_1\" style=\"text-align: left;\">ASSISTENZA CLIENTI<\/h1>\n<p>[\/vc_column_text][vc_separator type=&#8220;normal&#8220; color=&#8220;#9f9f9f&#8220; el_class=&#8220;org_linea&#8220;][vc_column_text css=&#8220;.vc_custom_1496128467771{padding-top: 10px !important;}&#8220; el_class=&#8220;org_titolo&#8220;]Servizio di pre-vendita in grado di gestire e coordinare tutti gli ordini a livello nazionale ed internazionale. Garanzia di assistenza post-vendita.[\/vc_column_text][vc_empty_space][\/vc_column][\/vc_row][vc_row row_type=&#8220;row&#8220; use_row_as_full_screen_section=&#8220;no&#8220; type=&#8220;grid&#8220; angled_section=&#8220;no&#8220; text_align=&#8220;center&#8220; background_image_as_pattern=&#8220;without_pattern&#8220; padding_top=&#8220;20&#8243; css_animation=&#8220;&#8220; css=&#8220;.vc_custom_1491554461487{background-color: #ffffff !important;}&#8220;][vc_column width=&#8220;1\/3&#8243; css=&#8220;.vc_custom_1497337599778{padding-right: 0px !important;}&#8220; offset=&#8220;vc_hidden-lg vc_hidden-md vc_hidden-sm vc_hidden-xs&#8220;][vc_empty_space height=&#8220;18px&#8220;][vc_single_image image=&#8220;13718&#8243; img_size=&#8220;&#8220; alignment=&#8220;right&#8220; qode_css_animation=&#8220;&#8220; el_class=&#8220;organ_im&#8220;][\/vc_column][vc_column width=&#8220;2\/3&#8243; css=&#8220;.vc_custom_1497337605933{padding-left: 0px !important;}&#8220; el_class=&#8220;col_org&#8220; offset=&#8220;vc_hidden-lg vc_hidden-md vc_hidden-sm vc_hidden-xs&#8220;][vc_empty_space height=&#8220;12px&#8220;][vc_column_text el_class=&#8220;org_titolo&#8220;]<\/p>\n<h1 class=\"h_corp_1\" style=\"text-align: left;\">LOGISTICA<\/h1>\n<p>[\/vc_column_text][vc_separator type=&#8220;normal&#8220; color=&#8220;#9f9f9f&#8220; el_class=&#8220;org_linea&#8220;][vc_column_text css=&#8220;.vc_custom_1496128475619{padding-top: 10px !important;}&#8220; el_class=&#8220;org_titolo&#8220;]Un unico magazzino di stoccaggio e continuo monitoraggio dei processi operativi nella movimentazione e controllo delle merci. Servizio di consegna puntuale, flessibile, affidabile verso il distributore, l\u2019installatore e il cliente in pi\u00f9 di 110 paesi.[\/vc_column_text][vc_empty_space][\/vc_column][\/vc_row][vc_row row_type=&#8220;row&#8220; use_row_as_full_screen_section=&#8220;no&#8220; type=&#8220;full_width&#8220; angled_section=&#8220;no&#8220; text_align=&#8220;center&#8220; background_image_as_pattern=&#8220;without_pattern&#8220; border_color=&#8220;#303030&#8243; css_animation=&#8220;&#8220; css=&#8220;.vc_custom_1491483971172{background-color: #ffffff !important;}&#8220;][vc_column][vc_empty_space height=&#8220;150px&#8220;][\/vc_column][\/vc_row]<\/p>\n","protected":false},"excerpt":{"rendered":"<p>[vc_row row_type=&#8220;row&#8220; use_row_as_full_screen_section=&#8220;no&#8220; type=&#8220;full_width&#8220; angled_section=&#8220;no&#8220; text_align=&#8220;center&#8220; background_image=&#8220;15276&#8243; background_image_as_pattern=&#8220;without_pattern&#8220; border_color=&#8220;#919191&#8243; css_animation=&#8220;&#8220;][vc_column][vc_empty_space height=&#8220;300px&#8220;][\/vc_column][\/vc_row][vc_row row_type=&#8220;row&#8220; use_row_as_full_screen_section=&#8220;no&#8220; type=&#8220;grid&#8220; angled_section=&#8220;no&#8220; text_align=&#8220;center&#8220; background_image_as_pattern=&#8220;without_pattern&#8220; css_animation=&#8220;&#8220; css=&#8220;.vc_custom_1496129517409{background-color: #ffffff !important;}&#8220;][vc_column][vc_empty_space height=&#8220;60px&#8220;][vc_empty_space height=&#8220;60px&#8220;][vc_column_text css=&#8220;.vc_custom_1497337430648{padding-left: 100px&#8230;<\/p>\n","protected":false},"author":1,"featured_media":0,"parent":1952,"menu_order":0,"comment_status":"open","ping_status":"open","template":"full_width.php","meta":[],"yoast_head":"<!-- This site is optimized with the Yoast SEO plugin v16.0.2 - https:\/\/yoast.com\/wordpress\/plugins\/seo\/ -->\n<link rel=\"canonical\" href=\"https:\/\/www.comunello.com\/de\/corporate\/organisation\/\" \/>\n<meta property=\"og:locale\" content=\"de_DE\" \/>\n<meta property=\"og:type\" content=\"article\" \/>\n<meta property=\"og:title\" content=\"CORPORATE Organisation - Fratelli COMUNELLO\" \/>\n<meta property=\"og:description\" content=\"[vc_row row_type=&#8220;row&#8220; use_row_as_full_screen_section=&#8220;no&#8220; type=&#8220;full_width&#8220; angled_section=&#8220;no&#8220; text_align=&#8220;center&#8220; background_image=&#8220;15276&#8243; background_image_as_pattern=&#8220;without_pattern&#8220; border_color=&#8220;#919191&#8243; css_animation=&#8220;&#8220;][vc_column][vc_empty_space height=&#8220;300px&#8220;][\/vc_column][\/vc_row][vc_row row_type=&#8220;row&#8220; use_row_as_full_screen_section=&#8220;no&#8220; type=&#8220;grid&#8220; angled_section=&#8220;no&#8220; text_align=&#8220;center&#8220; background_image_as_pattern=&#8220;without_pattern&#8220; css_animation=&#8220;&#8220; css=&#8220;.vc_custom_1496129517409{background-color: #ffffff !important;}&#8220;][vc_column][vc_empty_space height=&#8220;60px&#8220;][vc_empty_space height=&#8220;60px&#8220;][vc_column_text css=&#8220;.vc_custom_1497337430648{padding-left: 100px...\" \/>\n<meta property=\"og:url\" content=\"https:\/\/www.comunello.com\/de\/corporate\/organisation\/\" \/>\n<meta property=\"og:site_name\" content=\"Fratelli COMUNELLO\" \/>\n<meta property=\"article:modified_time\" content=\"2017-06-13T07:06:46+00:00\" \/>\n<meta name=\"twitter:card\" content=\"summary_large_image\" \/>\n<meta name=\"twitter:label1\" content=\"Gesch\u00e4tzte Lesezeit\">\n\t<meta name=\"twitter:data1\" content=\"8 Minuten\">\n<script type=\"application\/ld+json\" class=\"yoast-schema-graph\">{\"@context\":\"https:\/\/schema.org\",\"@graph\":[{\"@type\":\"WebSite\",\"@id\":\"https:\/\/www.comunello.com\/#website\",\"url\":\"https:\/\/www.comunello.com\/\",\"name\":\"Fratelli COMUNELLO\",\"description\":\"| Life Made Easy\",\"potentialAction\":[{\"@type\":\"SearchAction\",\"target\":\"https:\/\/www.comunello.com\/?s={search_term_string}\",\"query-input\":\"required name=search_term_string\"}],\"inLanguage\":\"de-DE\"},{\"@type\":\"WebPage\",\"@id\":\"https:\/\/www.comunello.com\/de\/corporate\/organisation\/#webpage\",\"url\":\"https:\/\/www.comunello.com\/de\/corporate\/organisation\/\",\"name\":\"CORPORATE Organisation - Fratelli COMUNELLO\",\"isPartOf\":{\"@id\":\"https:\/\/www.comunello.com\/#website\"},\"datePublished\":\"2014-11-12T15:43:15+00:00\",\"dateModified\":\"2017-06-13T07:06:46+00:00\",\"breadcrumb\":{\"@id\":\"https:\/\/www.comunello.com\/de\/corporate\/organisation\/#breadcrumb\"},\"inLanguage\":\"de-DE\",\"potentialAction\":[{\"@type\":\"ReadAction\",\"target\":[\"https:\/\/www.comunello.com\/de\/corporate\/organisation\/\"]}]},{\"@type\":\"BreadcrumbList\",\"@id\":\"https:\/\/www.comunello.com\/de\/corporate\/organisation\/#breadcrumb\",\"itemListElement\":[{\"@type\":\"ListItem\",\"position\":1,\"item\":{\"@type\":\"WebPage\",\"@id\":\"https:\/\/www.comunello.com\/de\/\",\"url\":\"https:\/\/www.comunello.com\/de\/\",\"name\":\"Home\"}},{\"@type\":\"ListItem\",\"position\":2,\"item\":{\"@type\":\"WebPage\",\"@id\":\"https:\/\/www.comunello.com\/de\/corporate\/\",\"url\":\"https:\/\/www.comunello.com\/de\/corporate\/\",\"name\":\"CORPORATE\"}},{\"@type\":\"ListItem\",\"position\":3,\"item\":{\"@type\":\"WebPage\",\"@id\":\"https:\/\/www.comunello.com\/de\/corporate\/organisation\/\",\"url\":\"https:\/\/www.comunello.com\/de\/corporate\/organisation\/\",\"name\":\"CORPORATE Organisation\"}}]}]}<\/script>\n<!-- \/ Yoast SEO plugin. -->","_links":{"self":[{"href":"https:\/\/www.comunello.com\/de\/wp-json\/wp\/v2\/pages\/3080\/"}],"collection":[{"href":"https:\/\/www.comunello.com\/de\/wp-json\/wp\/v2\/pages\/"}],"about":[{"href":"https:\/\/www.comunello.com\/de\/wp-json\/wp\/v2\/types\/page\/"}],"author":[{"embeddable":true,"href":"https:\/\/www.comunello.com\/de\/wp-json\/wp\/v2\/users\/1\/"}],"replies":[{"embeddable":true,"href":"https:\/\/www.comunello.com\/de\/wp-json\/wp\/v2\/comments\/?post=3080"}],"version-history":[{"count":2,"href":"https:\/\/www.comunello.com\/de\/wp-json\/wp\/v2\/pages\/3080\/revisions\/"}],"predecessor-version":[{"id":15623,"href":"https:\/\/www.comunello.com\/de\/wp-json\/wp\/v2\/pages\/3080\/revisions\/15623\/"}],"up":[{"embeddable":true,"href":"https:\/\/www.comunello.com\/de\/wp-json\/wp\/v2\/pages\/1952\/"}],"wp:attachment":[{"href":"https:\/\/www.comunello.com\/de\/wp-json\/wp\/v2\/media\/?parent=3080"}],"curies":[{"name":"wp","href":"https:\/\/api.w.org\/{rel}","templated":true}]}}