{"id":3018,"date":"2015-01-28T14:47:10","date_gmt":"2015-01-28T14:47:10","guid":{"rendered":"http:\/\/www.comunello.com\/corporate\/trade_fairs\/"},"modified":"2015-06-30T12:01:25","modified_gmt":"2015-06-30T10:01:25","slug":"tradefairs","status":"publish","type":"page","link":"https:\/\/www.comunello.com\/de\/corporate\/tradefairs\/","title":{"rendered":"CORPORATE Messe"},"content":{"rendered":"<p>[vc_row row_type=&#8220;row&#8220; type=&#8220;full_width&#8220; text_align=&#8220;left&#8220; background_image_as_pattern=&#8220;without_pattern&#8220; background_color=&#8220;#5b6268&#8243; padding_top=&#8220;42&#8243;][vc_column width=&#8220;1\/1&#8243;][vc_row_inner row_type=&#8220;row&#8220; type=&#8220;grid&#8220; text_align=&#8220;left&#8220; padding_top=&#8220;23&#8243; css=&#8220;.vc_custom_1418569512084{margin-left: -50px !important;}&#8220;][vc_column_inner width=&#8220;1\/2&#8243; css=&#8220;.vc_custom_1418568975500{padding-top: 50px !important;padding-left: 50px !important;}&#8220;][vc_column_text]<\/p>\n<h2><span style=\"color: #ffffff;\">Fratelli Comunello<\/span><\/h2>\n<h1><span style=\"color: #ffffff;\">Messe<\/span><\/h1>\n<p>[\/vc_column_text][\/vc_column_inner][vc_column_inner width=&#8220;1\/2&#8243;][vc_single_image image=&#8220;2069&#8243; border_color=&#8220;grey&#8220; img_link_target=&#8220;_self&#8220; img_size=&#8220;full&#8220; alignment=&#8220;right&#8220;][\/vc_column_inner][\/vc_row_inner][\/vc_column][\/vc_row][vc_row row_type=&#8220;row&#8220; type=&#8220;grid&#8220; text_align=&#8220;left&#8220; background_image_as_pattern=&#8220;without_pattern&#8220; padding_top=&#8220;50&#8243;][vc_column width=&#8220;1\/3&#8243;][vc_column_text]<a href=\"\/es\/\"><img loading=\"lazy\" class=\"alignleft wp-image-1200 size-full\" src=\"\/wp-content\/uploads\/2014\/12\/22.jpg\" alt=\"22\" width=\"20\" height=\"22\" \/><\/a>[\/vc_column_text][\/vc_column][vc_column width=&#8220;1\/3&#8243; css=&#8220;.vc_custom_1418569690351{margin-left: -357px !important;}&#8220;][vc_column_text]&gt; News\u00a0&gt;\u00a0Messe[\/vc_column_text][\/vc_column][vc_column width=&#8220;1\/3&#8243;][\/vc_column][\/vc_row][vc_row row_type=&#8220;row&#8220; type=&#8220;grid&#8220; text_align=&#8220;left&#8220; background_image_as_pattern=&#8220;without_pattern&#8220; padding_top=&#8220;-70&#8243;][vc_column width=&#8220;1\/2&#8243;][vc_single_image image=&#8220;3390&#8243; border_color=&#8220;grey&#8220; img_link_target=&#8220;_self&#8220; img_size=&#8220;full&#8220; css=&#8220;.vc_custom_1425541868807{margin-top: 20px !important;margin-bottom: 10px !important;}&#8220;][\/vc_column][vc_column width=&#8220;1\/2&#8243;][vc_column_text css=&#8220;.vc_custom_1435649219696{margin-top: 20px !important;margin-bottom: 10px !important;}&#8220;]<\/p>\n<h1>VIER WICHTIGE GESCH\u00c4FTSZWEIGE. WELTWEIT IMMER VERTRETEN.<\/h1>\n<p>[\/vc_column_text][\/vc_column][vc_column][vc_separator type=&#8220;normal&#8220; position=&#8220;center&#8220; thickness=&#8220;1&#8243; color=&#8220;#d8d8d8&#8243; down=&#8220;50&#8243; up=&#8220;50&#8243;][\/vc_column][\/vc_row][vc_row row_type=&#8220;row&#8220; type=&#8220;grid&#8220; text_align=&#8220;left&#8220; background_image_as_pattern=&#8220;without_pattern&#8220;][vc_column width=&#8220;1\/2&#8243;][vc_column_text css=&#8220;.vc_custom_1435649448648{margin-top: 20px !important;margin-bottom: 20px !important;padding-top: 20px !important;}&#8220;]<\/p>\n<h1>R+T 2015 &#8211; STUTTGART<\/h1>\n<p>&nbsp;<\/p>\n<p class=\"p1\">Ein gro\u00dfer Erfolg! Auf unserem Messestand auf der ber\u00fchmten R+T in Stuttgart haben sich w\u00e4hrend der gesamten Messezeit (vom 24. Februar bis 28. Februar 2015) Hunderte von Besuchern versammelt. Wir m\u00f6chten uns bei allen bedanken, die mit \u00e4u\u00dferst gro\u00dfer Neugier und Interesse unsere revolution\u00e4re Technologie im Bereich der Torautomatisierungen entdecken und testen wollten: <a title=\"AUTOMATION One Technology\" href=\"http:\/\/www.comunello.com\/de\/automation\/one-technology\/\">Comunello One<\/a>.\u00a0Diese extrem intelligente Steuerelektronik erfasst und identifiziert alle an ihr angeschlossenen peripherischen Zubeh\u00f6re und l\u00e4sst sich ganz einfach mit der App vom Smartphone oder Tablett programmieren. Wir sind zuversichtlich, dass Ihnen unser Team auch unser ganzes Produktsortiment ausf\u00fchrlich erl\u00e4utern konnte. Auch <a title=\"AUTOMATION Victor\" href=\"http:\/\/www.comunello.com\/de\/automation\/victor\/\">Victor<\/a> wurde sehr gesch\u00e4tzt, die neue Funksteuerung in zwei Ausf\u00fchrungen: Einmal die Ausf\u00fchrung zum 50. Jubil\u00e4um der Comunello-Gr\u00fcndung mit dem eleganten und prestigereichen Karboneffekt und dem echten Metallprofil, und dann noch die Ausf\u00fchrung in verschiedenen sympathischen Farben. Entdecken Sie alle und nehmen Sie in jedem Fall mit uns <a title=\"AUTOMATION Kontakte\" href=\"http:\/\/www.comunello.com\/de\/contacts\/\">Kontakt auf<\/a>! Wir erteilen Ihnen gerne n\u00e4here Informationen!<\/p>\n<p>[\/vc_column_text][\/vc_column][vc_column width=&#8220;1\/2&#8243;][vc_separator type=&#8220;transparent&#8220; position=&#8220;center&#8220; down=&#8220;20&#8243;][vc_gallery type=&#8220;flexslider_fade&#8220; interval=&#8220;3&#8243; images=&#8220;2072,5036,5037,5039,5040,5041,5042,5044,5045,5046,5048,5049,5051,5052,5053,5054,5055&#8243; onclick=&#8220;link_image&#8220; custom_links_target=&#8220;_self&#8220; column_number=&#8220;2&#8243; grayscale=&#8220;no&#8220; choose_frame=&#8220;default&#8220;][\/vc_column][vc_column][vc_separator type=&#8220;normal&#8220; position=&#8220;center&#8220; color=&#8220;#bcbcbc&#8220; thickness=&#8220;1&#8243; up=&#8220;50&#8243; down=&#8220;50&#8243;][\/vc_column][\/vc_row][vc_row row_type=&#8220;row&#8220; type=&#8220;grid&#8220; text_align=&#8220;left&#8220; background_image_as_pattern=&#8220;without_pattern&#8220;][vc_column width=&#8220;1\/2&#8243;][vc_gallery type=&#8220;flexslider_fade&#8220; interval=&#8220;3&#8243; images=&#8220;2073,2087,2099,2086,2085&#8243; onclick=&#8220;link_image&#8220; custom_links_target=&#8220;_self&#8220; column_number=&#8220;2&#8243; grayscale=&#8220;no&#8220; choose_frame=&#8220;default&#8220;][\/vc_column][vc_column width=&#8220;1\/2&#8243;][vc_column_text css=&#8220;.vc_custom_1435649482616{margin-top: 20px !important;margin-bottom: 40px !important;padding-top: 20px !important;}&#8220;]<\/p>\n<h1>BAU 2015 &#8211; M\u00dcNCHEN.<\/h1>\n<p>&nbsp;<\/p>\n<p class=\"p1\">Wir haben uns \u00fcber die zahlreichen Besuche auf der BAU 2015 in M\u00fcnchen sehr gefreut. Wir bedanken uns f\u00fcr das gro\u00dfe Interesse beim Besuch unseres Messestandes und hoffen, dass Sie sich bei uns wohl gef\u00fchlt haben und unser Team kennenlernen konnten, das sich enthusiastische \u00c4u\u00dferungen \u00fcber unsere Produkte anh\u00f6ren durfte.<\/p>\n<p><span style=\"line-height: 1.5;\">\u00a0<\/span><\/p>\n<p>&nbsp;<\/p>\n<p>[\/vc_column_text][\/vc_column][\/vc_row][vc_row row_type=&#8220;row&#8220; type=&#8220;grid&#8220; text_align=&#8220;left&#8220; background_image_as_pattern=&#8220;without_pattern&#8220;][vc_column width=&#8220;1\/1&#8243;][vc_separator type=&#8220;normal&#8220; position=&#8220;center&#8220; color=&#8220;#bcbcbc&#8220; thickness=&#8220;1&#8243; up=&#8220;50&#8243; down=&#8220;50&#8243;][\/vc_column][\/vc_row][vc_row row_type=&#8220;row&#8220; type=&#8220;grid&#8220; text_align=&#8220;left&#8220; background_image_as_pattern=&#8220;without_pattern&#8220;][vc_column width=&#8220;1\/2&#8243;][vc_column_text css=&#8220;.vc_custom_1435649511864{margin-top: 20px !important;margin-bottom: 40px !important;padding-top: 20px !important;}&#8220;]<\/p>\n<h1>THE BIG 5 2014 \u2013 DUBAI<\/h1>\n<p>&nbsp;<\/p>\n<p class=\"p1\">Es war uns eine Freude, so viele Besucher auf der BIG 5 in Dubai zu begr\u00fc\u00dfen.<\/p>\n<p class=\"p1\">Wir bedanken uns f\u00fcr das gro\u00dfe Interesse beim Besuch unseres Messestandes und hoffen, dass Sie sich bei uns wohl gef\u00fchlt haben und unser Team kennenlernen konnten, das sich enthusiastische \u00c4u\u00dferungen \u00fcber unsere Produkte anh\u00f6ren durfte.<\/p>\n<p class=\"p1\">Wir erwarten Sie auf der BAU 2015 in M\u00fcnchen!<\/p>\n<p>&nbsp;<\/p>\n<p>&nbsp;<\/p>\n<p>[\/vc_column_text][\/vc_column][vc_column width=&#8220;1\/2&#8243;][vc_single_image border_color=&#8220;grey&#8220; img_link_target=&#8220;_self&#8220; image=&#8220;2074&#8243; img_size=&#8220;full&#8220; css=&#8220;.vc_custom_1422457258167{margin-top: 20px !important;margin-bottom: 20px !important;}&#8220; alignment=&#8220;right&#8220;][\/vc_column][\/vc_row]<\/p>\n","protected":false},"excerpt":{"rendered":"<p>[vc_row row_type=&#8220;row&#8220; type=&#8220;full_width&#8220; text_align=&#8220;left&#8220; background_image_as_pattern=&#8220;without_pattern&#8220; background_color=&#8220;#5b6268&#8243; padding_top=&#8220;42&#8243;][vc_column width=&#8220;1\/1&#8243;][vc_row_inner row_type=&#8220;row&#8220; type=&#8220;grid&#8220; text_align=&#8220;left&#8220; padding_top=&#8220;23&#8243; css=&#8220;.vc_custom_1418569512084{margin-left: -50px !important;}&#8220;][vc_column_inner width=&#8220;1\/2&#8243; css=&#8220;.vc_custom_1418568975500{padding-top: 50px !important;padding-left: 50px !important;}&#8220;][vc_column_text] Fratelli Comunello Messe [\/vc_column_text][\/vc_column_inner][vc_column_inner&#8230;<\/p>\n","protected":false},"author":1,"featured_media":0,"parent":1952,"menu_order":0,"comment_status":"open","ping_status":"open","template":"full_width.php","meta":[],"yoast_head":"<!-- This site is optimized with the Yoast SEO plugin v16.0.2 - https:\/\/yoast.com\/wordpress\/plugins\/seo\/ -->\n<link rel=\"canonical\" href=\"https:\/\/www.comunello.com\/de\/corporate\/tradefairs\/\" \/>\n<meta property=\"og:locale\" content=\"de_DE\" \/>\n<meta property=\"og:type\" content=\"article\" \/>\n<meta property=\"og:title\" content=\"CORPORATE Messe - Fratelli COMUNELLO\" \/>\n<meta property=\"og:description\" content=\"[vc_row row_type=&#8220;row&#8220; type=&#8220;full_width&#8220; text_align=&#8220;left&#8220; background_image_as_pattern=&#8220;without_pattern&#8220; background_color=&#8220;#5b6268&#8243; padding_top=&#8220;42&#8243;][vc_column width=&#8220;1\/1&#8243;][vc_row_inner row_type=&#8220;row&#8220; type=&#8220;grid&#8220; text_align=&#8220;left&#8220; padding_top=&#8220;23&#8243; css=&#8220;.vc_custom_1418569512084{margin-left: -50px !important;}&#8220;][vc_column_inner width=&#8220;1\/2&#8243; css=&#8220;.vc_custom_1418568975500{padding-top: 50px !important;padding-left: 50px !important;}&#8220;][vc_column_text] Fratelli Comunello Messe [\/vc_column_text][\/vc_column_inner][vc_column_inner...\" \/>\n<meta property=\"og:url\" content=\"https:\/\/www.comunello.com\/de\/corporate\/tradefairs\/\" \/>\n<meta property=\"og:site_name\" content=\"Fratelli COMUNELLO\" \/>\n<meta property=\"article:modified_time\" content=\"2015-06-30T10:01:25+00:00\" \/>\n<meta property=\"og:image\" content=\"https:\/\/www.comunello.com\/wp-content\/uploads\/2014\/12\/22.jpg\" \/>\n<meta name=\"twitter:card\" content=\"summary_large_image\" \/>\n<meta name=\"twitter:label1\" content=\"Gesch\u00e4tzte Lesezeit\">\n\t<meta name=\"twitter:data1\" content=\"4 Minuten\">\n<script type=\"application\/ld+json\" class=\"yoast-schema-graph\">{\"@context\":\"https:\/\/schema.org\",\"@graph\":[{\"@type\":\"WebSite\",\"@id\":\"https:\/\/www.comunello.com\/#website\",\"url\":\"https:\/\/www.comunello.com\/\",\"name\":\"Fratelli COMUNELLO\",\"description\":\"| Life Made Easy\",\"potentialAction\":[{\"@type\":\"SearchAction\",\"target\":\"https:\/\/www.comunello.com\/?s={search_term_string}\",\"query-input\":\"required name=search_term_string\"}],\"inLanguage\":\"de-DE\"},{\"@type\":\"ImageObject\",\"@id\":\"https:\/\/www.comunello.com\/de\/corporate\/tradefairs\/#primaryimage\",\"inLanguage\":\"de-DE\",\"url\":\"\/wp-content\/uploads\/2014\/12\/22.jpg\"},{\"@type\":\"WebPage\",\"@id\":\"https:\/\/www.comunello.com\/de\/corporate\/tradefairs\/#webpage\",\"url\":\"https:\/\/www.comunello.com\/de\/corporate\/tradefairs\/\",\"name\":\"CORPORATE Messe - Fratelli COMUNELLO\",\"isPartOf\":{\"@id\":\"https:\/\/www.comunello.com\/#website\"},\"primaryImageOfPage\":{\"@id\":\"https:\/\/www.comunello.com\/de\/corporate\/tradefairs\/#primaryimage\"},\"datePublished\":\"2015-01-28T14:47:10+00:00\",\"dateModified\":\"2015-06-30T10:01:25+00:00\",\"breadcrumb\":{\"@id\":\"https:\/\/www.comunello.com\/de\/corporate\/tradefairs\/#breadcrumb\"},\"inLanguage\":\"de-DE\",\"potentialAction\":[{\"@type\":\"ReadAction\",\"target\":[\"https:\/\/www.comunello.com\/de\/corporate\/tradefairs\/\"]}]},{\"@type\":\"BreadcrumbList\",\"@id\":\"https:\/\/www.comunello.com\/de\/corporate\/tradefairs\/#breadcrumb\",\"itemListElement\":[{\"@type\":\"ListItem\",\"position\":1,\"item\":{\"@type\":\"WebPage\",\"@id\":\"https:\/\/www.comunello.com\/de\/\",\"url\":\"https:\/\/www.comunello.com\/de\/\",\"name\":\"Home\"}},{\"@type\":\"ListItem\",\"position\":2,\"item\":{\"@type\":\"WebPage\",\"@id\":\"https:\/\/www.comunello.com\/de\/corporate\/\",\"url\":\"https:\/\/www.comunello.com\/de\/corporate\/\",\"name\":\"CORPORATE\"}},{\"@type\":\"ListItem\",\"position\":3,\"item\":{\"@type\":\"WebPage\",\"@id\":\"https:\/\/www.comunello.com\/de\/corporate\/tradefairs\/\",\"url\":\"https:\/\/www.comunello.com\/de\/corporate\/tradefairs\/\",\"name\":\"CORPORATE Messe\"}}]}]}<\/script>\n<!-- \/ Yoast SEO plugin. -->","_links":{"self":[{"href":"https:\/\/www.comunello.com\/de\/wp-json\/wp\/v2\/pages\/3018\/"}],"collection":[{"href":"https:\/\/www.comunello.com\/de\/wp-json\/wp\/v2\/pages\/"}],"about":[{"href":"https:\/\/www.comunello.com\/de\/wp-json\/wp\/v2\/types\/page\/"}],"author":[{"embeddable":true,"href":"https:\/\/www.comunello.com\/de\/wp-json\/wp\/v2\/users\/1\/"}],"replies":[{"embeddable":true,"href":"https:\/\/www.comunello.com\/de\/wp-json\/wp\/v2\/comments\/?post=3018"}],"version-history":[{"count":0,"href":"https:\/\/www.comunello.com\/de\/wp-json\/wp\/v2\/pages\/3018\/revisions\/"}],"up":[{"embeddable":true,"href":"https:\/\/www.comunello.com\/de\/wp-json\/wp\/v2\/pages\/1952\/"}],"wp:attachment":[{"href":"https:\/\/www.comunello.com\/de\/wp-json\/wp\/v2\/media\/?parent=3018"}],"curies":[{"name":"wp","href":"https:\/\/api.w.org\/{rel}","templated":true}]}}