{"id":2863,"date":"2014-12-10T18:11:56","date_gmt":"2014-12-10T18:11:56","guid":{"rendered":"http:\/\/www.comunello.com\/gate\/company\/"},"modified":"2017-07-06T15:21:49","modified_gmt":"2017-07-06T13:21:49","slug":"company","status":"publish","type":"page","link":"https:\/\/www.comunello.com\/de\/gate\/company\/","title":{"rendered":"GATE Profil"},"content":{"rendered":"<p>[vc_row row_type=&#8220;row&#8220; use_row_as_full_screen_section=&#8220;no&#8220; type=&#8220;full_width&#8220; angled_section=&#8220;no&#8220; text_align=&#8220;left&#8220; background_image_as_pattern=&#8220;without_pattern&#8220; border_color=&#8220;#cecece&#8220; css_animation=&#8220;&#8220;][vc_column][vc_column_text]Nuova [\/vc_column_text][vc_empty_space height=&#8220;45px&#8220;][\/vc_column][\/vc_row][vc_row row_type=&#8220;row&#8220; use_row_as_full_screen_section=&#8220;no&#8220; type=&#8220;full_width&#8220; angled_section=&#8220;no&#8220; text_align=&#8220;center&#8220; background_image=&#8220;15318&#8243; background_image_as_pattern=&#8220;without_pattern&#8220; border_color=&#8220;#919191&#8243; css_animation=&#8220;&#8220;][vc_column][vc_empty_space height=&#8220;280px&#8220;][\/vc_column][\/vc_row][vc_row row_type=&#8220;row&#8220; use_row_as_full_screen_section=&#8220;no&#8220; type=&#8220;full_width&#8220; angled_section=&#8220;no&#8220; text_align=&#8220;left&#8220; background_image_as_pattern=&#8220;without_pattern&#8220; css_animation=&#8220;&#8220; css=&#8220;.vc_custom_1492599534047{background-color: #ffffff !important;}&#8220;][vc_column][vc_empty_space height=&#8220;60px&#8220;][\/vc_column][\/vc_row][vc_row row_type=&#8220;row&#8220; use_row_as_full_screen_section=&#8220;no&#8220; type=&#8220;grid&#8220; angled_section=&#8220;no&#8220; text_align=&#8220;center&#8220; background_image_as_pattern=&#8220;without_pattern&#8220; background_color=&#8220;#ffffff&#8220; css_animation=&#8220;&#8220; css=&#8220;.vc_custom_1490369294730{background-color: #ffffff !important;}&#8220;][vc_column][vc_empty_space height=&#8220;60px&#8220;][vc_column_text]<\/p>\n<p style=\"text-align: center; font-family: helvth; font-size: 42px; line-height: 42px;\">COMPANY PROFILE<\/p>\n<p>[\/vc_column_text][\/vc_column][\/vc_row][vc_row row_type=&#8220;row&#8220; use_row_as_full_screen_section=&#8220;no&#8220; type=&#8220;full_width&#8220; angled_section=&#8220;no&#8220; text_align=&#8220;center&#8220; background_image_as_pattern=&#8220;without_pattern&#8220; background_color=&#8220;#ffffff&#8220; css_animation=&#8220;&#8220; css=&#8220;.vc_custom_1491818960772{background-color: #ffffff !important;}&#8220;][vc_column][vc_separator type=&#8220;normal&#8220;][\/vc_column][\/vc_row][vc_row row_type=&#8220;row&#8220; use_row_as_full_screen_section=&#8220;no&#8220; type=&#8220;grid&#8220; angled_section=&#8220;no&#8220; text_align=&#8220;center&#8220; background_image_as_pattern=&#8220;without_pattern&#8220; background_color=&#8220;#ffffff&#8220; css_animation=&#8220;&#8220; css=&#8220;.vc_custom_1491826070100{background-color: #ffffff !important;}&#8220;][vc_column el_class=&#8220;test_one_page&#8220;][vc_empty_space][vc_column_text el_class=&#8220;test_one_page&#8220;]<\/p>\n<p class=\"western\" lang=\"de-DE\" align=\"left\">Vor mehr als 50 Jahren begann der Gr\u00fcnder Vittorio Comunello als Pionier sein Abenteuer und gr\u00fcndete ein Unternehmen f\u00fcr die Produktion von Komponenten f\u00fcr Schiebetore. In kurzer Zeit erreichte das Unternehmen durch Innovation und die Forschung nach absoluter Qualit\u00e4t ihre auch heute noch f\u00fchrende Marktstellung.<br \/>\nMehr als 50 Jahre Pr\u00e4zision bei der Fertigung perfekter Komponenten, die mit der Evolution der fortschrittlichsten Technologien st\u00e4ndig Schritt halten und die h\u00f6chsten Sicherheitsstandards garantieren.<\/p>\n<p>&nbsp;<\/p>\n<p class=\"western\" lang=\"de-DE\" align=\"left\">Das im Jahr 1965 von Vittorio Comunello gegr\u00fcndete Familienunternehmen wird heute in der zweiten Generation von Franco, Silvia und Luca geleitet.<\/p>\n<p>[\/vc_column_text][vc_empty_space height=&#8220;60px&#8220;][\/vc_column][\/vc_row][vc_row row_type=&#8220;row&#8220; use_row_as_full_screen_section=&#8220;no&#8220; type=&#8220;full_width&#8220; angled_section=&#8220;no&#8220; text_align=&#8220;left&#8220; background_image_as_pattern=&#8220;without_pattern&#8220; background_color=&#8220;#ffffff&#8220; css_animation=&#8220;&#8220;][vc_column][vc_empty_space height=&#8220;12px&#8220;][vc_separator type=&#8220;normal&#8220;][vc_empty_space][\/vc_column][\/vc_row][vc_row row_type=&#8220;row&#8220; use_row_as_full_screen_section=&#8220;no&#8220; type=&#8220;grid&#8220; angled_section=&#8220;no&#8220; text_align=&#8220;left&#8220; background_image_as_pattern=&#8220;without_pattern&#8220; background_color=&#8220;#ffffff&#8220; css_animation=&#8220;&#8220;][vc_column][vc_column_text]<\/p>\n<h1 style=\"font-size: 42px; font-family: helvth; text-align: center;\"><span style=\"color: #c0111a;\">GATE<\/span> DIVISION<\/h1>\n<p>[\/vc_column_text][vc_empty_space][\/vc_column][\/vc_row][vc_row row_type=&#8220;row&#8220; use_row_as_full_screen_section=&#8220;no&#8220; type=&#8220;grid&#8220; angled_section=&#8220;no&#8220; text_align=&#8220;left&#8220; background_image_as_pattern=&#8220;without_pattern&#8220; background_color=&#8220;#ffffff&#8220; css_animation=&#8220;&#8220; css=&#8220;.vc_custom_1495533166047{padding-right: 50px !important;padding-left: 50px !important;}&#8220;][vc_column width=&#8220;1\/2&#8243;][vc_empty_space][vc_column_text el_class=&#8220;test_one_page&#8220;]Gate Division, der Gesch\u00e4ftszweig unserer Anf\u00e4nge, bietet dem nationalen und internationalen Markt schon immer das umfangreichste Bestandteilesortiment f\u00fcr Schiebetore und Industrietore, von den Leichtesten bis zu den Schwersten und von den Kleinsten bis zu den Gr\u00f6\u00dfen.[\/vc_column_text][vc_empty_space height=&#8220;12px&#8220;][vc_column_text el_class=&#8220;test_one_page&#8220;]Die breitgef\u00e4cherte Gr\u00f6\u00dfenauswahl und der Einsatz von Materialien wie Aluminium, Stahl und Edelstahl machen aus diesem wirklich einzigartigen Angebot etwas ganz Besonderes und erf\u00fcllen die Anforderungen aller \u00d6ffnungssysteme, egal wie gro\u00df sie sind.[\/vc_column_text][vc_empty_space][\/vc_column][vc_column width=&#8220;1\/2&#8243;][vc_empty_space height=&#8220;27px&#8220;][vc_empty_space height=&#8220;12px&#8220;][vc_single_image image=&#8220;15989&#8243; img_size=&#8220;full&#8220; alignment=&#8220;center&#8220; qode_css_animation=&#8220;element_from_right&#8220; transition_delay=&#8220;0,5&#8243;][\/vc_column][\/vc_row][vc_row row_type=&#8220;row&#8220; use_row_as_full_screen_section=&#8220;no&#8220; type=&#8220;full_width&#8220; angled_section=&#8220;no&#8220; text_align=&#8220;left&#8220; background_image_as_pattern=&#8220;without_pattern&#8220; background_color=&#8220;#ffffff&#8220; css_animation=&#8220;&#8220;][vc_column][vc_empty_space height=&#8220;12px&#8220;][vc_separator type=&#8220;normal&#8220;][vc_empty_space][\/vc_column][\/vc_row][vc_row row_type=&#8220;row&#8220; use_row_as_full_screen_section=&#8220;no&#8220; type=&#8220;grid&#8220; angled_section=&#8220;no&#8220; text_align=&#8220;left&#8220; background_image_as_pattern=&#8220;without_pattern&#8220; background_color=&#8220;#ffffff&#8220; css_animation=&#8220;&#8220;][vc_column][vc_column_text]<\/p>\n<h1 style=\"font-size: 42px; font-family: helvth; text-align: center;\"><span style=\"color: #c0111a;\">EXZELLENZ<\/span> F\u00dcR JEDEN BEDARF<\/h1>\n<p>[\/vc_column_text][vc_empty_space][\/vc_column][\/vc_row][vc_row row_type=&#8220;row&#8220; use_row_as_full_screen_section=&#8220;no&#8220; type=&#8220;grid&#8220; angled_section=&#8220;no&#8220; text_align=&#8220;left&#8220; background_image_as_pattern=&#8220;without_pattern&#8220; background_color=&#8220;#ffffff&#8220; css_animation=&#8220;&#8220; css=&#8220;.vc_custom_1495533166047{padding-right: 50px !important;padding-left: 50px !important;}&#8220;][vc_column width=&#8220;1\/2&#8243;][vc_empty_space height=&#8220;12px&#8220;][vc_single_image image=&#8220;15982&#8243; img_size=&#8220;full&#8220; alignment=&#8220;center&#8220; qode_css_animation=&#8220;element_from_left&#8220; transition_delay=&#8220;0,5&#8243;][\/vc_column][vc_column width=&#8220;1\/2&#8243;][vc_empty_space][vc_column_text el_class=&#8220;test_one_page&#8220;]Die beiden Comunello- Schlittenserien CGS350 und CGS250 sind die richtige L\u00f6sung f\u00fcr alle selbsttragenden Tore. Die Mini-Versionen eignen sich ideal f\u00fcr die knappen Raumverh\u00e4ltnisse der Tore in Wohnbereichen und bieten exzellente Tragleistungen.[\/vc_column_text][vc_empty_space height=&#8220;12px&#8220;][vc_column_text el_class=&#8220;test_one_page&#8220;]<strong>SERIE PROFESSIONAL<\/strong>[\/vc_column_text][vc_empty_space height=&#8220;12px&#8220;][vc_column_text el_class=&#8220;test_one_page&#8220;]Die Schlittenserie 350.5-350.8 Carriage High Performance entwickelt ihre Kraft auf einer Monoblock-Stahlstruktur, die mechanische Spitzenleistungen sichert, eine ideale Eigenschaft f\u00fcr strenge Klimaverh\u00e4ltnisse oder Umgebungen mit hoher Salzdichte.[\/vc_column_text][vc_empty_space height=&#8220;12px&#8220;][vc_column_text el_class=&#8220;test_one_page&#8220;]<strong>SERIE STANDARD<\/strong>[\/vc_column_text][vc_empty_space height=&#8220;12px&#8220;][vc_column_text el_class=&#8220;test_one_page&#8220;]Der Aufbau der Schlitten der Serie 250 besteht aus Blechfolien, die durch eine mehrstellige Verbolzung perfekt und steif miteinander verbunden sind.[\/vc_column_text][vc_empty_space][\/vc_column][\/vc_row][vc_row row_type=&#8220;row&#8220; use_row_as_full_screen_section=&#8220;no&#8220; type=&#8220;full_width&#8220; angled_section=&#8220;no&#8220; text_align=&#8220;left&#8220; background_image_as_pattern=&#8220;without_pattern&#8220; background_color=&#8220;#ffffff&#8220; css_animation=&#8220;&#8220;][vc_column][vc_empty_space height=&#8220;12px&#8220;][vc_separator type=&#8220;normal&#8220;][vc_empty_space][\/vc_column][\/vc_row][vc_row row_type=&#8220;row&#8220; use_row_as_full_screen_section=&#8220;no&#8220; type=&#8220;grid&#8220; angled_section=&#8220;no&#8220; text_align=&#8220;left&#8220; background_image_as_pattern=&#8220;without_pattern&#8220; background_color=&#8220;#ffffff&#8220; css_animation=&#8220;&#8220;][vc_column][vc_column_text]<\/p>\n<h1 style=\"font-size: 42px; font-family: helvth; text-align: center;\">F\u00dcR ALLE<span style=\"color: #c0111a;\"> TYPEN<\/span><\/h1>\n<p>[\/vc_column_text][vc_empty_space][\/vc_column][\/vc_row][vc_row row_type=&#8220;row&#8220; use_row_as_full_screen_section=&#8220;no&#8220; type=&#8220;grid&#8220; angled_section=&#8220;no&#8220; text_align=&#8220;left&#8220; background_image_as_pattern=&#8220;without_pattern&#8220; background_color=&#8220;#ffffff&#8220; css_animation=&#8220;&#8220; css=&#8220;.vc_custom_1495533166047{padding-right: 50px !important;padding-left: 50px !important;}&#8220;][vc_column width=&#8220;1\/2&#8243;][vc_empty_space][vc_column_text el_class=&#8220;test_one_page&#8220;]Die mechanischen Zubeh\u00f6re sind f\u00fcr die Sicherheit der Schiebetore w\u00e4hrend ihrer Bewegungen von grundlegender Bedeutung.[\/vc_column_text][vc_empty_space height=&#8220;12px&#8220;][vc_column_text el_class=&#8220;test_one_page&#8220;]F\u00fcr die Schlitten der selbsttragenden Tore stehen optimale L\u00f6sungen zur Verf\u00fcgung.[\/vc_column_text][vc_empty_space height=&#8220;12px&#8220;][vc_column_text el_class=&#8220;test_one_page&#8220;]F\u00fcr Fl\u00fcgeltore bieten wir ein besonders breites Sortiment an Scharnieren und patentierten Technologien, sowie Materialvielfalt und fortschrittliche Systeme f\u00fcr alle Arten der Fl\u00fcgel\u00f6ffnung.[\/vc_column_text][vc_empty_space height=&#8220;12px&#8220;][vc_column_text el_class=&#8220;test_one_page&#8220;]F\u00fcr Fu\u00dfg\u00e4ngertore haben wir unser patentiertes Schloss Comlock\u00ae angepasst.[\/vc_column_text][vc_empty_space height=&#8220;12px&#8220;][vc_column_text el_class=&#8220;test_one_page&#8220;]Au\u00dferdem bieten wir ein Zubeh\u00f6rsortiment f\u00fcr die Fertigung zahlreicher industrieller Schiebe- und Fl\u00fcgelt\u00fcren.[\/vc_column_text][vc_empty_space][\/vc_column][vc_column width=&#8220;1\/2&#8243;][vc_empty_space height=&#8220;35px&#8220;][vc_single_image image=&#8220;15994&#8243; img_size=&#8220;full&#8220; alignment=&#8220;center&#8220; qode_css_animation=&#8220;element_from_right&#8220; transition_delay=&#8220;0,5&#8243;][\/vc_column][\/vc_row][vc_row row_type=&#8220;row&#8220; use_row_as_full_screen_section=&#8220;no&#8220; type=&#8220;full_width&#8220; angled_section=&#8220;no&#8220; text_align=&#8220;left&#8220; background_image_as_pattern=&#8220;without_pattern&#8220; background_color=&#8220;#ffffff&#8220; css_animation=&#8220;&#8220;][vc_column][vc_empty_space height=&#8220;12px&#8220;][vc_separator type=&#8220;normal&#8220;][vc_empty_space][\/vc_column][\/vc_row][vc_row row_type=&#8220;row&#8220; use_row_as_full_screen_section=&#8220;no&#8220; type=&#8220;grid&#8220; angled_section=&#8220;no&#8220; text_align=&#8220;left&#8220; background_image_as_pattern=&#8220;without_pattern&#8220; background_color=&#8220;#ffffff&#8220; css_animation=&#8220;&#8220;][vc_column][vc_column_text]<\/p>\n<h1 style=\"font-size: 42px; font-family: helvth; text-align: center;\"><span style=\"color: #c0111a;\">ZERTIFIZIERUNG<\/span> UND <span style=\"color: #c0111a;\">GARANTIE<\/span> F\u00dcR MAXIMALE SICHERHEIT<\/h1>\n<p>[\/vc_column_text][vc_empty_space][\/vc_column][\/vc_row][vc_row row_type=&#8220;row&#8220; use_row_as_full_screen_section=&#8220;no&#8220; type=&#8220;grid&#8220; angled_section=&#8220;no&#8220; text_align=&#8220;left&#8220; background_image_as_pattern=&#8220;without_pattern&#8220; background_color=&#8220;#ffffff&#8220; css_animation=&#8220;&#8220; css=&#8220;.vc_custom_1495533166047{padding-right: 50px !important;padding-left: 50px !important;}&#8220;][vc_column width=&#8220;1\/2&#8243;][vc_empty_space height=&#8220;26px&#8220;][vc_single_image image=&#8220;16001&#8243; img_size=&#8220;full&#8220; alignment=&#8220;center&#8220; qode_css_animation=&#8220;element_from_left&#8220; transition_delay=&#8220;0,5&#8243;][\/vc_column][vc_column width=&#8220;1\/2&#8243;][vc_empty_space][vc_column_text el_class=&#8220;test_one_page&#8220;]Wir legen Wert auf Umweltschutz und beachten alle Themen, die den Gesundheitsschutz unserer Mitarbeiter und die Arbeitssicherheit betreffen.[\/vc_column_text][vc_empty_space height=&#8220;12px&#8220;][vc_column_text el_class=&#8220;test_one_page&#8220;]Au\u00dferdem befolgen wir f\u00fcr eine verst\u00e4rkte Garantie und Kontrolle der Produktqualit\u00e4t ein vom T\u00fcv S\u00fcd nach UNI EN ISO 9001:2008 zertifiziertes Managementsystem.[\/vc_column_text][vc_empty_space][\/vc_column][\/vc_row][vc_row row_type=&#8220;row&#8220; use_row_as_full_screen_section=&#8220;no&#8220; type=&#8220;full_width&#8220; angled_section=&#8220;no&#8220; text_align=&#8220;center&#8220; background_image_as_pattern=&#8220;without_pattern&#8220; border_color=&#8220;#303030&#8243; css_animation=&#8220;&#8220; css=&#8220;.vc_custom_1491483971172{background-color: #ffffff !important;}&#8220;][vc_column][vc_empty_space height=&#8220;50px&#8220;][\/vc_column][\/vc_row][vc_row row_type=&#8220;row&#8220; use_row_as_full_screen_section=&#8220;no&#8220; type=&#8220;full_width&#8220; angled_section=&#8220;no&#8220; text_align=&#8220;center&#8220; background_image_as_pattern=&#8220;without_pattern&#8220; background_color=&#8220;#ffffff&#8220; padding_top=&#8220;0&#8243; padding_bottom=&#8220;50&#8243; css_animation=&#8220;&#8220; css=&#8220;.vc_custom_1495536699250{background-color: #262626 !important;}&#8220;][vc_column][vc_empty_space][vc_empty_space][vc_column_text]<\/p>\n<p class=\"titoletto_divisioneb\" style=\"color: #ffffff;\">Download<\/p>\n<p>[\/vc_column_text][vc_empty_space][vc_row_inner row_type=&#8220;row&#8220; type=&#8220;grid&#8220; text_align=&#8220;left&#8220; css_animation=&#8220;&#8220;][vc_column_inner width=&#8220;1\/3&#8243;][\/vc_column_inner][vc_column_inner width=&#8220;1\/3&#8243;][vc_column_text]<\/p>\n<p class=\"pdf_catologo\" style=\"text-align: center;\"><a href=\"http:\/\/www.comunello.com\/media\/corporate\/COMUNELLO-companyprofile.pdf\" target=\"_blank\">\u00a0<img loading=\"lazy\" class=\"alignnone size-full wp-image-12926\" style=\"position: relative; top: 5px;\" src=\"http:\/\/www.comunello.com\/wp-content\/uploads\/2017\/03\/pdf_icon_40.png\" alt=\"pdf_icon_40\" width=\"30\" height=\"30\" srcset=\"https:\/\/www.comunello.com\/wp-content\/uploads\/2017\/03\/pdf_icon_40.png 40w, https:\/\/www.comunello.com\/wp-content\/uploads\/2017\/03\/pdf_icon_40-27x27.png 27w\" sizes=\"(max-width: 30px) 100vw, 30px\" \/> Company Profile<\/a><\/p>\n<p>[\/vc_column_text][\/vc_column_inner][vc_column_inner width=&#8220;1\/3&#8243;][\/vc_column_inner][\/vc_row_inner][vc_empty_space][\/vc_column][\/vc_row][vc_row row_type=&#8220;row&#8220; use_row_as_full_screen_section=&#8220;no&#8220; type=&#8220;grid&#8220; angled_section=&#8220;no&#8220; text_align=&#8220;left&#8220; background_image_as_pattern=&#8220;without_pattern&#8220; background_color=&#8220;#ffffff&#8220; css_animation=&#8220;&#8220;][vc_column][vc_empty_space height=&#8220;8px&#8220;][\/vc_column][\/vc_row]<\/p>\n","protected":false},"excerpt":{"rendered":"<p>[vc_row row_type=&#8220;row&#8220; use_row_as_full_screen_section=&#8220;no&#8220; type=&#8220;full_width&#8220; angled_section=&#8220;no&#8220; text_align=&#8220;left&#8220; background_image_as_pattern=&#8220;without_pattern&#8220; border_color=&#8220;#cecece&#8220; css_animation=&#8220;&#8220;][vc_column][vc_column_text]Nuova [\/vc_column_text][vc_empty_space height=&#8220;45px&#8220;][\/vc_column][\/vc_row][vc_row row_type=&#8220;row&#8220; use_row_as_full_screen_section=&#8220;no&#8220; type=&#8220;full_width&#8220; angled_section=&#8220;no&#8220; text_align=&#8220;center&#8220; background_image=&#8220;15318&#8243; background_image_as_pattern=&#8220;without_pattern&#8220; border_color=&#8220;#919191&#8243; css_animation=&#8220;&#8220;][vc_column][vc_empty_space height=&#8220;280px&#8220;][\/vc_column][\/vc_row][vc_row row_type=&#8220;row&#8220; use_row_as_full_screen_section=&#8220;no&#8220; type=&#8220;full_width&#8220; angled_section=&#8220;no&#8220;&#8230;<\/p>\n","protected":false},"author":1,"featured_media":0,"parent":1916,"menu_order":0,"comment_status":"open","ping_status":"open","template":"full_width.php","meta":[],"yoast_head":"<!-- This site is optimized with the Yoast SEO plugin v16.0.2 - https:\/\/yoast.com\/wordpress\/plugins\/seo\/ -->\n<link rel=\"canonical\" href=\"https:\/\/www.comunello.com\/de\/gate\/company\/\" \/>\n<meta property=\"og:locale\" content=\"de_DE\" \/>\n<meta property=\"og:type\" content=\"article\" \/>\n<meta property=\"og:title\" content=\"GATE Profil - Fratelli COMUNELLO\" \/>\n<meta property=\"og:description\" content=\"[vc_row row_type=&#8220;row&#8220; use_row_as_full_screen_section=&#8220;no&#8220; type=&#8220;full_width&#8220; angled_section=&#8220;no&#8220; text_align=&#8220;left&#8220; background_image_as_pattern=&#8220;without_pattern&#8220; border_color=&#8220;#cecece&#8220; css_animation=&#8220;&#8220;][vc_column][vc_column_text]Nuova [\/vc_column_text][vc_empty_space height=&#8220;45px&#8220;][\/vc_column][\/vc_row][vc_row row_type=&#8220;row&#8220; use_row_as_full_screen_section=&#8220;no&#8220; type=&#8220;full_width&#8220; angled_section=&#8220;no&#8220; text_align=&#8220;center&#8220; background_image=&#8220;15318&#8243; background_image_as_pattern=&#8220;without_pattern&#8220; border_color=&#8220;#919191&#8243; css_animation=&#8220;&#8220;][vc_column][vc_empty_space height=&#8220;280px&#8220;][\/vc_column][\/vc_row][vc_row row_type=&#8220;row&#8220; use_row_as_full_screen_section=&#8220;no&#8220; type=&#8220;full_width&#8220; angled_section=&#8220;no&#8220;...\" \/>\n<meta property=\"og:url\" content=\"https:\/\/www.comunello.com\/de\/gate\/company\/\" \/>\n<meta property=\"og:site_name\" content=\"Fratelli COMUNELLO\" \/>\n<meta property=\"article:modified_time\" content=\"2017-07-06T13:21:49+00:00\" \/>\n<meta property=\"og:image\" content=\"http:\/\/www.comunello.com\/wp-content\/uploads\/2017\/03\/pdf_icon_40.png\" \/>\n<meta name=\"twitter:card\" content=\"summary_large_image\" \/>\n<meta name=\"twitter:label1\" content=\"Gesch\u00e4tzte Lesezeit\">\n\t<meta name=\"twitter:data1\" content=\"9 Minuten\">\n<script type=\"application\/ld+json\" class=\"yoast-schema-graph\">{\"@context\":\"https:\/\/schema.org\",\"@graph\":[{\"@type\":\"WebSite\",\"@id\":\"https:\/\/www.comunello.com\/#website\",\"url\":\"https:\/\/www.comunello.com\/\",\"name\":\"Fratelli COMUNELLO\",\"description\":\"| Life Made Easy\",\"potentialAction\":[{\"@type\":\"SearchAction\",\"target\":\"https:\/\/www.comunello.com\/?s={search_term_string}\",\"query-input\":\"required name=search_term_string\"}],\"inLanguage\":\"de-DE\"},{\"@type\":\"ImageObject\",\"@id\":\"https:\/\/www.comunello.com\/de\/gate\/company\/#primaryimage\",\"inLanguage\":\"de-DE\",\"url\":\"http:\/\/www.comunello.com\/wp-content\/uploads\/2017\/03\/pdf_icon_40.png\"},{\"@type\":\"WebPage\",\"@id\":\"https:\/\/www.comunello.com\/de\/gate\/company\/#webpage\",\"url\":\"https:\/\/www.comunello.com\/de\/gate\/company\/\",\"name\":\"GATE Profil - Fratelli COMUNELLO\",\"isPartOf\":{\"@id\":\"https:\/\/www.comunello.com\/#website\"},\"primaryImageOfPage\":{\"@id\":\"https:\/\/www.comunello.com\/de\/gate\/company\/#primaryimage\"},\"datePublished\":\"2014-12-10T18:11:56+00:00\",\"dateModified\":\"2017-07-06T13:21:49+00:00\",\"breadcrumb\":{\"@id\":\"https:\/\/www.comunello.com\/de\/gate\/company\/#breadcrumb\"},\"inLanguage\":\"de-DE\",\"potentialAction\":[{\"@type\":\"ReadAction\",\"target\":[\"https:\/\/www.comunello.com\/de\/gate\/company\/\"]}]},{\"@type\":\"BreadcrumbList\",\"@id\":\"https:\/\/www.comunello.com\/de\/gate\/company\/#breadcrumb\",\"itemListElement\":[{\"@type\":\"ListItem\",\"position\":1,\"item\":{\"@type\":\"WebPage\",\"@id\":\"https:\/\/www.comunello.com\/de\/\",\"url\":\"https:\/\/www.comunello.com\/de\/\",\"name\":\"Home\"}},{\"@type\":\"ListItem\",\"position\":2,\"item\":{\"@type\":\"WebPage\",\"@id\":\"https:\/\/www.comunello.com\/de\/gate\/\",\"url\":\"https:\/\/www.comunello.com\/de\/gate\/\",\"name\":\"GATE\"}},{\"@type\":\"ListItem\",\"position\":3,\"item\":{\"@type\":\"WebPage\",\"@id\":\"https:\/\/www.comunello.com\/de\/gate\/company\/\",\"url\":\"https:\/\/www.comunello.com\/de\/gate\/company\/\",\"name\":\"GATE Profil\"}}]}]}<\/script>\n<!-- \/ Yoast SEO plugin. -->","_links":{"self":[{"href":"https:\/\/www.comunello.com\/de\/wp-json\/wp\/v2\/pages\/2863\/"}],"collection":[{"href":"https:\/\/www.comunello.com\/de\/wp-json\/wp\/v2\/pages\/"}],"about":[{"href":"https:\/\/www.comunello.com\/de\/wp-json\/wp\/v2\/types\/page\/"}],"author":[{"embeddable":true,"href":"https:\/\/www.comunello.com\/de\/wp-json\/wp\/v2\/users\/1\/"}],"replies":[{"embeddable":true,"href":"https:\/\/www.comunello.com\/de\/wp-json\/wp\/v2\/comments\/?post=2863"}],"version-history":[{"count":3,"href":"https:\/\/www.comunello.com\/de\/wp-json\/wp\/v2\/pages\/2863\/revisions\/"}],"predecessor-version":[{"id":16013,"href":"https:\/\/www.comunello.com\/de\/wp-json\/wp\/v2\/pages\/2863\/revisions\/16013\/"}],"up":[{"embeddable":true,"href":"https:\/\/www.comunello.com\/de\/wp-json\/wp\/v2\/pages\/1916\/"}],"wp:attachment":[{"href":"https:\/\/www.comunello.com\/de\/wp-json\/wp\/v2\/media\/?parent=2863"}],"curies":[{"name":"wp","href":"https:\/\/api.w.org\/{rel}","templated":true}]}}