{"id":27358,"date":"2020-01-30T17:58:01","date_gmt":"2020-01-30T15:58:01","guid":{"rendered":"https:\/\/www.comunello.com\/de\/?page_id=27358"},"modified":"2020-01-30T18:07:12","modified_gmt":"2020-01-30T16:07:12","slug":"cat-swing-one","status":"publish","type":"page","link":"https:\/\/www.comunello.com\/de\/automation\/one-technology\/cat-swing-one\/","title":{"rendered":"AUTOMATION \/ cat. Swing ONE"},"content":{"rendered":"<p>[vc_row row_type=&#8220;row&#8220; use_row_as_full_screen_section=&#8220;no&#8220; type=&#8220;full_width&#8220; angled_section=&#8220;no&#8220; text_align=&#8220;left&#8220; background_image_as_pattern=&#8220;without_pattern&#8220; background_color=&#8220;#ffffff&#8220; padding_top=&#8220;0&#8243; css_animation=&#8220;&#8220;][vc_column][vc_empty_space height=&#8220;70px&#8220;][vc_separator type=&#8220;normal&#8220;][\/vc_column][\/vc_row][vc_row row_type=&#8220;row&#8220; use_row_as_full_screen_section=&#8220;no&#8220; type=&#8220;grid&#8220; angled_section=&#8220;no&#8220; text_align=&#8220;left&#8220; background_image_as_pattern=&#8220;without_pattern&#8220; background_color=&#8220;#ffffff&#8220; padding_top=&#8220;0&#8243; css_animation=&#8220;&#8220; css=&#8220;.vc_custom_1542121474565{padding-right: 100px !important;padding-left: 100px !important;}&#8220;][vc_column][vc_empty_space height=&#8220;20px&#8220;][vc_column_text el_class=&#8220;test_one_page&#8220;]<img class=\"alignnone size-full wp-image-22236\" style=\"width: 82px; height: 47px; position: relative; top: 16px;\" src=\"https:\/\/www.comunello.com\/wp-content\/uploads\/2018\/11\/logo_cat-battente.jpg\" alt=\"logo_cat-scorrevole\" \/> Drehtor[\/vc_column_text][vc_empty_space height=&#8220;20px&#8220;][\/vc_column][\/vc_row][vc_row row_type=&#8220;row&#8220; use_row_as_full_screen_section=&#8220;no&#8220; type=&#8220;grid&#8220; angled_section=&#8220;no&#8220; text_align=&#8220;left&#8220; background_image_as_pattern=&#8220;without_pattern&#8220; background_color=&#8220;#ffffff&#8220; css_animation=&#8220;&#8220;][vc_column][vc_empty_space height=&#8220;12px&#8220;][vc_separator type=&#8220;normal&#8220; color=&#8220;#eaeaea&#8220;][vc_empty_space height=&#8220;44px&#8220;][\/vc_column][\/vc_row][vc_row row_type=&#8220;row&#8220; use_row_as_full_screen_section=&#8220;no&#8220; type=&#8220;grid&#8220; angled_section=&#8220;no&#8220; text_align=&#8220;left&#8220; background_image_as_pattern=&#8220;without_pattern&#8220; background_color=&#8220;#ffffff&#8220; css_animation=&#8220;&#8220;][vc_column width=&#8220;1\/2&#8243;][vc_single_image image=&#8220;22421&#8243; img_size=&#8220;full&#8220; alignment=&#8220;center&#8220; qode_css_animation=&#8220;&#8220;][\/vc_column][vc_column width=&#8220;1\/2&#8243;][vc_empty_space height=&#8220;50px&#8220;][vc_column_text]<span style=\"font-size: 28px; line-height: 30px; font-family: helvbd; text-align: justify; color: #95c11f;\">EAGLE <span style=\"font-size: 16px;\">ONE<\/span><\/span>[\/vc_column_text][vc_empty_space height=&#8220;20px&#8220;][vc_column_text el_class=&#8220;test_one_page&#8220;]<\/p>\n<p style=\"text-align: left; max-width: 444px;\">Elektromechanische Untergrundantriebe f\u00fcr Drehtore f\u00fcr Wohnzwecken<\/p>\n<p>[\/vc_column_text][vc_empty_space height=&#8220;22px&#8220;][vc_empty_space height=&#8220;22px&#8220;][vc_raw_html]JTNDYSUyMGNsYXNzJTNEJTIycHVsc19hdXRfY2F0JTIwcF9wX3N4JTIyJTIwaHJlZiUzRCUyMmh0dHBzJTNBJTJGJTJGd3d3LmNvbXVuZWxsby5jb20lMkZkZSUyRmF1dG9tYXRpb24lMkZwcm9kdWN0cyUyRmRyZWh0b3IlMkZlYWdsZS1vbmUlMkYlMjIlM0VFcmZhaHJlbiUyMFNpZSUyMG1laHIlM0MlMkZhJTNF[\/vc_raw_html][vc_empty_space height=&#8220;22px&#8220;][\/vc_column][\/vc_row][vc_row row_type=&#8220;row&#8220; use_row_as_full_screen_section=&#8220;no&#8220; type=&#8220;grid&#8220; angled_section=&#8220;no&#8220; text_align=&#8220;left&#8220; background_image_as_pattern=&#8220;without_pattern&#8220; background_color=&#8220;#ffffff&#8220; css_animation=&#8220;&#8220;][vc_column][vc_empty_space height=&#8220;44px&#8220;][vc_separator type=&#8220;normal&#8220; color=&#8220;#eaeaea&#8220;][vc_empty_space height=&#8220;44px&#8220;][\/vc_column][\/vc_row][vc_row row_type=&#8220;row&#8220; use_row_as_full_screen_section=&#8220;no&#8220; type=&#8220;grid&#8220; angled_section=&#8220;no&#8220; text_align=&#8220;left&#8220; background_image_as_pattern=&#8220;without_pattern&#8220; background_color=&#8220;#ffffff&#8220; css_animation=&#8220;&#8220;][vc_column width=&#8220;1\/2&#8243;][vc_empty_space height=&#8220;50px&#8220;][vc_column_text]<\/p>\n<p style=\"text-align: right;\"><span style=\"font-size: 28px; line-height: 30px; font-family: helvbd; text-align: justify; color: #95c11f;\">ABACUS <span style=\"font-size: 16px;\">ONE<\/span><\/span><\/p>\n<p>[\/vc_column_text][vc_empty_space height=&#8220;20px&#8220;][vc_column_text el_class=&#8220;test_one_page&#8220;]<\/p>\n<p style=\"text-align: right; max-widt: 468px;\">Elektromechanische Kolbenantriebe f\u00fcr Drehtore f\u00fcr Wohn- und Gewerbezwecke<\/p>\n<p>[\/vc_column_text][vc_empty_space height=&#8220;22px&#8220;][vc_empty_space height=&#8220;22px&#8220;][vc_raw_html]JTNDYSUyMGNsYXNzJTNEJTIycHVsc19hdXRfY2F0JTIwcF9wX2R4JTIyJTIwaHJlZiUzRCUyMmh0dHBzJTNBJTJGJTJGd3d3LmNvbXVuZWxsby5jb20lMkZkZSUyRmF1dG9tYXRpb24lMkZwcm9kdWN0cyUyRmRyZWh0b3IlMkZhYmFjdXMtb25lJTJGJTIyJTNFRXJmYWhyZW4lMjBTaWUlMjBtZWhyJTNDJTJGYSUzRSUwQQ==[\/vc_raw_html][vc_empty_space height=&#8220;22px&#8220;][\/vc_column][vc_column width=&#8220;1\/2&#8243;][vc_single_image image=&#8220;22431&#8243; img_size=&#8220;full&#8220; alignment=&#8220;center&#8220; qode_css_animation=&#8220;&#8220;][\/vc_column][\/vc_row][vc_row row_type=&#8220;row&#8220; use_row_as_full_screen_section=&#8220;no&#8220; type=&#8220;grid&#8220; angled_section=&#8220;no&#8220; text_align=&#8220;left&#8220; background_image_as_pattern=&#8220;without_pattern&#8220; background_color=&#8220;#ffffff&#8220; css_animation=&#8220;&#8220;][vc_column][vc_empty_space height=&#8220;44px&#8220;][vc_separator type=&#8220;normal&#8220; color=&#8220;#eaeaea&#8220;][vc_empty_space height=&#8220;44px&#8220;][\/vc_column][\/vc_row][vc_row row_type=&#8220;row&#8220; use_row_as_full_screen_section=&#8220;no&#8220; type=&#8220;grid&#8220; angled_section=&#8220;no&#8220; text_align=&#8220;left&#8220; background_image_as_pattern=&#8220;without_pattern&#8220; background_color=&#8220;#ffffff&#8220; css_animation=&#8220;&#8220;][vc_column width=&#8220;1\/2&#8243;][vc_single_image image=&#8220;23666&#8243; img_size=&#8220;full&#8220; alignment=&#8220;center&#8220; qode_css_animation=&#8220;&#8220;][\/vc_column][vc_column width=&#8220;1\/2&#8243;][vc_empty_space height=&#8220;50px&#8220;][vc_column_text]<span style=\"font-size: 28px; line-height: 30px; font-family: helvbd; text-align: justify; color: #95c11f;\">CONDOR <span style=\"font-size: 16px;\">220 350 ONE<\/span><\/span>[\/vc_column_text][vc_empty_space height=&#8220;20px&#8220;][vc_column_text el_class=&#8220;test_one_page&#8220;]<\/p>\n<p style=\"text-align: left; max-width: 450px;\">Elektromechanische Gelenkarmantriebe f\u00fcr Drehtore f\u00fcr Wohnzwecken<\/p>\n<p>[\/vc_column_text][vc_empty_space height=&#8220;22px&#8220;][vc_empty_space height=&#8220;22px&#8220;][vc_raw_html]JTNDYSUyMGNsYXNzJTNEJTIycHVsc19hdXRfY2F0JTIwcF9wX3N4JTIyJTIwaHJlZiUzRCUyMmh0dHBzJTNBJTJGJTJGd3d3LmNvbXVuZWxsby5jb20lMkZkZSUyRmF1dG9tYXRpb24lMkZwcm9kdWN0cyUyRmRyZWh0b3IlMkZjb25kb3ItMjIwLTM1MC1vbmUlMkYlMjIlM0VFcmZhaHJlbiUyMFNpZSUyMG1laHIlM0MlMkZhJTNF[\/vc_raw_html][vc_empty_space height=&#8220;22px&#8220;][\/vc_column][\/vc_row][vc_row row_type=&#8220;row&#8220; use_row_as_full_screen_section=&#8220;no&#8220; type=&#8220;grid&#8220; angled_section=&#8220;no&#8220; text_align=&#8220;left&#8220; background_image_as_pattern=&#8220;without_pattern&#8220; background_color=&#8220;#ffffff&#8220; css_animation=&#8220;&#8220;][vc_column][vc_empty_space height=&#8220;44px&#8220;][vc_separator type=&#8220;normal&#8220; color=&#8220;#eaeaea&#8220;][vc_empty_space height=&#8220;44px&#8220;][\/vc_column][\/vc_row][vc_row row_type=&#8220;row&#8220; use_row_as_full_screen_section=&#8220;no&#8220; type=&#8220;grid&#8220; angled_section=&#8220;no&#8220; text_align=&#8220;left&#8220; background_image_as_pattern=&#8220;without_pattern&#8220; background_color=&#8220;#ffffff&#8220; css_animation=&#8220;&#8220;][vc_column width=&#8220;1\/2&#8243;][vc_empty_space height=&#8220;50px&#8220;][vc_column_text]<\/p>\n<p style=\"text-align: right;\"><span style=\"font-size: 28px; line-height: 30px; font-family: helvbd; text-align: justify; color: #95c11f;\">CONDOR <span style=\"font-size: 16px;\">500 ONE<\/span><\/span><\/p>\n<p>[\/vc_column_text][vc_empty_space height=&#8220;20px&#8220;][vc_column_text el_class=&#8220;test_one_page&#8220;]<\/p>\n<p style=\"text-align: right; max-widt: 468px;\">Elektromechanische Gelenkarmantriebe f\u00fcr Drehtore f\u00fcr f\u00fcr Wohn- und Gewerbezwecke<\/p>\n<p>[\/vc_column_text][vc_empty_space height=&#8220;22px&#8220;][vc_empty_space height=&#8220;22px&#8220;][vc_raw_html]JTNDYSUyMGNsYXNzJTNEJTIycHVsc19hdXRfY2F0JTIwcF9wX2R4JTIyJTIwaHJlZiUzRCUyMmh0dHBzJTNBJTJGJTJGd3d3LmNvbXVuZWxsby5jb20lMkZkZSUyRmF1dG9tYXRpb24lMkZwcm9kdWN0cyUyRmRyZWh0b3IlMkZjb25kb3ItNTAwLW9uZSUyRiUyMiUzRUVyZmFocmVuJTIwU2llJTIwbWVociUzQyUyRmElM0UlMEE=[\/vc_raw_html][vc_empty_space height=&#8220;22px&#8220;][\/vc_column][vc_column width=&#8220;1\/2&#8243;][vc_single_image image=&#8220;23667&#8243; img_size=&#8220;full&#8220; alignment=&#8220;center&#8220; qode_css_animation=&#8220;&#8220;][\/vc_column][\/vc_row][vc_row row_type=&#8220;row&#8220; use_row_as_full_screen_section=&#8220;no&#8220; type=&#8220;grid&#8220; angled_section=&#8220;no&#8220; text_align=&#8220;left&#8220; background_image_as_pattern=&#8220;without_pattern&#8220; background_color=&#8220;#ffffff&#8220; css_animation=&#8220;&#8220;][vc_column][vc_empty_space height=&#8220;44px&#8220;][vc_separator type=&#8220;normal&#8220; color=&#8220;#eaeaea&#8220;][vc_empty_space height=&#8220;44px&#8220;][\/vc_column][\/vc_row][vc_row row_type=&#8220;row&#8220; use_row_as_full_screen_section=&#8220;no&#8220; type=&#8220;full_width&#8220; angled_section=&#8220;no&#8220; text_align=&#8220;left&#8220; background_image_as_pattern=&#8220;without_pattern&#8220; background_color=&#8220;#ffffff&#8220; css_animation=&#8220;&#8220;][vc_column][vc_empty_space height=&#8220;50px&#8220;][vc_raw_html]JTNDZGl2JTIwc3R5bGUlM0QlMjJkaXNwbGF5JTNBJTIwZmxleCUzQiUyMGp1c3RpZnktY29udGVudCUzQSUyMGNlbnRlciUzQiUyMiUzRSUzQ2ElMjBjbGFzcyUzRCUyMnB1bHNfYXV0X2NhdCUyMiUyMHN0eWxlJTNEJTIyd2lkdGglM0ElMjAyMDBweCUzQiUyMHBhZGRpbmclM0ElMjAxNXB4JTIwMjVweCUyMDE1cHglMjAyNXB4JTNCJTIwcG9zaXRpb24lM0ElMjByZWxhdGl2ZSUzQiUyMG1hcmdpbi1yaWdodCUzQSUyMGF1dG8lM0IlMjBtYXJnaW4tbGVmdCUzQSUyMGF1dG8lM0IlMjB0ZXh0LWFsaWduJTNBJTIwY2VudGVyJTNCJTIyJTIwaHJlZiUzRCUyMmh0dHBzJTNBJTJGJTJGd3d3LmNvbXVuZWxsby5jb20lMkZkZSUyRmF1dG9tYXRpb24lMkZvbmUtdGVjaG5vbG9neSUyRiUyM3Byb2RvdHRpb25lJTIyJTNFUHJvZHVrdGUlM0MlMkZhJTNFJTNDJTJGZGl2JTNF[\/vc_raw_html][vc_empty_space height=&#8220;100px&#8220;][\/vc_column][\/vc_row]<\/p>\n","protected":false},"excerpt":{"rendered":"<p>[vc_row row_type=&#8220;row&#8220; use_row_as_full_screen_section=&#8220;no&#8220; type=&#8220;full_width&#8220; angled_section=&#8220;no&#8220; text_align=&#8220;left&#8220; background_image_as_pattern=&#8220;without_pattern&#8220; background_color=&#8220;#ffffff&#8220; padding_top=&#8220;0&#8243; css_animation=&#8220;&#8220;][vc_column][vc_empty_space height=&#8220;70px&#8220;][vc_separator type=&#8220;normal&#8220;][\/vc_column][\/vc_row][vc_row row_type=&#8220;row&#8220; use_row_as_full_screen_section=&#8220;no&#8220; type=&#8220;grid&#8220; angled_section=&#8220;no&#8220; text_align=&#8220;left&#8220; background_image_as_pattern=&#8220;without_pattern&#8220; background_color=&#8220;#ffffff&#8220; padding_top=&#8220;0&#8243; css_animation=&#8220;&#8220; css=&#8220;.vc_custom_1542121474565{padding-right: 100px !important;padding-left: 100px&#8230;<\/p>\n","protected":false},"author":1,"featured_media":0,"parent":3875,"menu_order":0,"comment_status":"closed","ping_status":"closed","template":"full_width.php","meta":[],"yoast_head":"<!-- This site is optimized with the Yoast SEO plugin v16.0.2 - https:\/\/yoast.com\/wordpress\/plugins\/seo\/ -->\n<link rel=\"canonical\" href=\"https:\/\/www.comunello.com\/de\/automation\/one-technology\/cat-swing-one\/\" \/>\n<meta property=\"og:locale\" content=\"de_DE\" \/>\n<meta property=\"og:type\" content=\"article\" \/>\n<meta property=\"og:title\" content=\"AUTOMATION \/ cat. Swing ONE - Fratelli COMUNELLO\" \/>\n<meta property=\"og:description\" content=\"[vc_row row_type=&#8220;row&#8220; use_row_as_full_screen_section=&#8220;no&#8220; type=&#8220;full_width&#8220; angled_section=&#8220;no&#8220; text_align=&#8220;left&#8220; background_image_as_pattern=&#8220;without_pattern&#8220; background_color=&#8220;#ffffff&#8220; padding_top=&#8220;0&#8243; css_animation=&#8220;&#8220;][vc_column][vc_empty_space height=&#8220;70px&#8220;][vc_separator type=&#8220;normal&#8220;][\/vc_column][\/vc_row][vc_row row_type=&#8220;row&#8220; use_row_as_full_screen_section=&#8220;no&#8220; type=&#8220;grid&#8220; angled_section=&#8220;no&#8220; text_align=&#8220;left&#8220; background_image_as_pattern=&#8220;without_pattern&#8220; background_color=&#8220;#ffffff&#8220; padding_top=&#8220;0&#8243; css_animation=&#8220;&#8220; css=&#8220;.vc_custom_1542121474565{padding-right: 100px !important;padding-left: 100px...\" \/>\n<meta property=\"og:url\" content=\"https:\/\/www.comunello.com\/de\/automation\/one-technology\/cat-swing-one\/\" \/>\n<meta property=\"og:site_name\" content=\"Fratelli COMUNELLO\" \/>\n<meta property=\"article:modified_time\" content=\"2020-01-30T16:07:12+00:00\" \/>\n<meta property=\"og:image\" content=\"https:\/\/www.comunello.com\/wp-content\/uploads\/2018\/11\/logo_cat-battente.jpg\" \/>\n<meta name=\"twitter:card\" content=\"summary_large_image\" \/>\n<meta name=\"twitter:label1\" content=\"Gesch\u00e4tzte Lesezeit\">\n\t<meta name=\"twitter:data1\" content=\"5 Minuten\">\n<script type=\"application\/ld+json\" class=\"yoast-schema-graph\">{\"@context\":\"https:\/\/schema.org\",\"@graph\":[{\"@type\":\"WebSite\",\"@id\":\"https:\/\/www.comunello.com\/#website\",\"url\":\"https:\/\/www.comunello.com\/\",\"name\":\"Fratelli COMUNELLO\",\"description\":\"| Life Made Easy\",\"potentialAction\":[{\"@type\":\"SearchAction\",\"target\":\"https:\/\/www.comunello.com\/?s={search_term_string}\",\"query-input\":\"required name=search_term_string\"}],\"inLanguage\":\"de-DE\"},{\"@type\":\"ImageObject\",\"@id\":\"https:\/\/www.comunello.com\/de\/automation\/one-technology\/cat-swing-one\/#primaryimage\",\"inLanguage\":\"de-DE\",\"url\":\"https:\/\/www.comunello.com\/wp-content\/uploads\/2018\/11\/logo_cat-battente.jpg\",\"width\":82,\"height\":47},{\"@type\":\"WebPage\",\"@id\":\"https:\/\/www.comunello.com\/de\/automation\/one-technology\/cat-swing-one\/#webpage\",\"url\":\"https:\/\/www.comunello.com\/de\/automation\/one-technology\/cat-swing-one\/\",\"name\":\"AUTOMATION \/ cat. Swing ONE - Fratelli COMUNELLO\",\"isPartOf\":{\"@id\":\"https:\/\/www.comunello.com\/#website\"},\"primaryImageOfPage\":{\"@id\":\"https:\/\/www.comunello.com\/de\/automation\/one-technology\/cat-swing-one\/#primaryimage\"},\"datePublished\":\"2020-01-30T15:58:01+00:00\",\"dateModified\":\"2020-01-30T16:07:12+00:00\",\"breadcrumb\":{\"@id\":\"https:\/\/www.comunello.com\/de\/automation\/one-technology\/cat-swing-one\/#breadcrumb\"},\"inLanguage\":\"de-DE\",\"potentialAction\":[{\"@type\":\"ReadAction\",\"target\":[\"https:\/\/www.comunello.com\/de\/automation\/one-technology\/cat-swing-one\/\"]}]},{\"@type\":\"BreadcrumbList\",\"@id\":\"https:\/\/www.comunello.com\/de\/automation\/one-technology\/cat-swing-one\/#breadcrumb\",\"itemListElement\":[{\"@type\":\"ListItem\",\"position\":1,\"item\":{\"@type\":\"WebPage\",\"@id\":\"https:\/\/www.comunello.com\/de\/\",\"url\":\"https:\/\/www.comunello.com\/de\/\",\"name\":\"Home\"}},{\"@type\":\"ListItem\",\"position\":2,\"item\":{\"@type\":\"WebPage\",\"@id\":\"https:\/\/www.comunello.com\/de\/automation\/\",\"url\":\"https:\/\/www.comunello.com\/de\/automation\/\",\"name\":\"AUTOMATION\"}},{\"@type\":\"ListItem\",\"position\":3,\"item\":{\"@type\":\"WebPage\",\"@id\":\"https:\/\/www.comunello.com\/de\/automation\/one-technology\/\",\"url\":\"https:\/\/www.comunello.com\/de\/automation\/one-technology\/\",\"name\":\"AUTOMATION One Technology\"}},{\"@type\":\"ListItem\",\"position\":4,\"item\":{\"@type\":\"WebPage\",\"@id\":\"https:\/\/www.comunello.com\/de\/automation\/one-technology\/cat-swing-one\/\",\"url\":\"https:\/\/www.comunello.com\/de\/automation\/one-technology\/cat-swing-one\/\",\"name\":\"AUTOMATION \/ cat. Swing ONE\"}}]}]}<\/script>\n<!-- \/ Yoast SEO plugin. -->","_links":{"self":[{"href":"https:\/\/www.comunello.com\/de\/wp-json\/wp\/v2\/pages\/27358\/"}],"collection":[{"href":"https:\/\/www.comunello.com\/de\/wp-json\/wp\/v2\/pages\/"}],"about":[{"href":"https:\/\/www.comunello.com\/de\/wp-json\/wp\/v2\/types\/page\/"}],"author":[{"embeddable":true,"href":"https:\/\/www.comunello.com\/de\/wp-json\/wp\/v2\/users\/1\/"}],"replies":[{"embeddable":true,"href":"https:\/\/www.comunello.com\/de\/wp-json\/wp\/v2\/comments\/?post=27358"}],"version-history":[{"count":6,"href":"https:\/\/www.comunello.com\/de\/wp-json\/wp\/v2\/pages\/27358\/revisions\/"}],"predecessor-version":[{"id":27364,"href":"https:\/\/www.comunello.com\/de\/wp-json\/wp\/v2\/pages\/27358\/revisions\/27364\/"}],"up":[{"embeddable":true,"href":"https:\/\/www.comunello.com\/de\/wp-json\/wp\/v2\/pages\/3875\/"}],"wp:attachment":[{"href":"https:\/\/www.comunello.com\/de\/wp-json\/wp\/v2\/media\/?parent=27358"}],"curies":[{"name":"wp","href":"https:\/\/api.w.org\/{rel}","templated":true}]}}