{"id":1982,"date":"2014-12-12T11:51:34","date_gmt":"2014-12-12T11:51:34","guid":{"rendered":"http:\/\/www.comunello.com\/corporate\/support\/"},"modified":"2017-07-10T16:13:19","modified_gmt":"2017-07-10T14:13:19","slug":"support","status":"publish","type":"page","link":"https:\/\/www.comunello.com\/de\/corporate\/support\/","title":{"rendered":"CORPORATE Unterst\u00fctzung"},"content":{"rendered":"<p>[vc_row row_type=&#8220;row&#8220; use_row_as_full_screen_section=&#8220;no&#8220; type=&#8220;full_width&#8220; angled_section=&#8220;no&#8220; text_align=&#8220;center&#8220; background_image=&#8220;16137&#8243; background_image_as_pattern=&#8220;without_pattern&#8220; background_color=&#8220;#919191&#8243; border_color=&#8220;#919191&#8243; css_animation=&#8220;&#8220;][vc_column][vc_empty_space height=&#8220;300px&#8220;][\/vc_column][\/vc_row][vc_row row_type=&#8220;row&#8220; use_row_as_full_screen_section=&#8220;no&#8220; type=&#8220;grid&#8220; angled_section=&#8220;no&#8220; text_align=&#8220;center&#8220; background_image_as_pattern=&#8220;without_pattern&#8220; background_color=&#8220;#ffffff&#8220; css_animation=&#8220;&#8220; css=&#8220;.vc_custom_1490369294730{background-color: #ffffff !important;}&#8220;][vc_column][vc_empty_space height=&#8220;60px&#8220;][vc_empty_space height=&#8220;60px&#8220;][vc_column_text]<\/p>\n<p style=\"text-align: center; font-family: helvth; font-size: 42px; line-height: 42px;\">ABSOLUTE QUALIT\u00c4T: AUCH NACH DEM VERKAUF<\/p>\n<p>[\/vc_column_text][\/vc_column][\/vc_row][vc_row row_type=&#8220;row&#8220; use_row_as_full_screen_section=&#8220;no&#8220; type=&#8220;full_width&#8220; angled_section=&#8220;no&#8220; text_align=&#8220;center&#8220; background_image_as_pattern=&#8220;without_pattern&#8220; background_color=&#8220;#ffffff&#8220; css_animation=&#8220;&#8220; css=&#8220;.vc_custom_1491818960772{background-color: #ffffff !important;}&#8220;][vc_column][vc_separator type=&#8220;normal&#8220; color=&#8220;#adadad&#8220; up=&#8220;5&#8243; down=&#8220;-4&#8243;][\/vc_column][\/vc_row][vc_row row_type=&#8220;row&#8220; use_row_as_full_screen_section=&#8220;no&#8220; type=&#8220;grid&#8220; angled_section=&#8220;no&#8220; text_align=&#8220;center&#8220; background_image_as_pattern=&#8220;without_pattern&#8220; background_color=&#8220;#ffffff&#8220; css_animation=&#8220;&#8220; css=&#8220;.vc_custom_1491826070100{background-color: #ffffff !important;}&#8220;][vc_column el_class=&#8220;testo_az&#8220;][vc_empty_space][vc_column_text el_class=&#8220;test_one_page&#8220;]Um den Kunden ein H\u00f6chstma\u00df an Sorglosigkeit zu sichern, ist unser technische Kundendienst mit telefonischer Unterst\u00fctzung durch hochqualifiziertes Fachpersonal f\u00fcr jeden Gesch\u00e4ftszweig im Einsatz: Von der Entwicklung bis zur Installation des Produktes. In Notf\u00e4llen sichert unser Kundendienst direkt auf der Baustelle eine Vor-Ort-Betreuung durch Comunello-Techniker. Ein Besuch der Websites der verschiedenen Gesch\u00e4ftszweige bietet Ihnen die M\u00f6glichkeit, zus\u00e4tzliche Informationen einzuholen, alle technischen Datenbl\u00e4tter und Installationshandb\u00fccher in der gew\u00fcnschten Sprache herunterzuladen und einen Direktkontakt herzustellen oder Ihre Kontaktdaten zu hinterlassen, damit Sie in k\u00fcrzester Zeit betreut werden k\u00f6nnen.[\/vc_column_text][\/vc_column][\/vc_row][vc_row row_type=&#8220;row&#8220; use_row_as_full_screen_section=&#8220;no&#8220; type=&#8220;grid&#8220; angled_section=&#8220;no&#8220; text_align=&#8220;left&#8220; background_image_as_pattern=&#8220;without_pattern&#8220; background_color=&#8220;#ffffff&#8220; css_animation=&#8220;&#8220;][vc_column][vc_empty_space height=&#8220;8px&#8220;][\/vc_column][\/vc_row][vc_row row_type=&#8220;row&#8220; use_row_as_full_screen_section=&#8220;no&#8220; type=&#8220;grid&#8220; angled_section=&#8220;no&#8220; text_align=&#8220;left&#8220; background_image_as_pattern=&#8220;without_pattern&#8220; padding_top=&#8220;50&#8243; padding_bottom=&#8220;75&#8243; css_animation=&#8220;&#8220;][vc_column][vc_separator type=&#8220;normal&#8220; color=&#8220;#bcbcbc&#8220; thickness=&#8220;1&#8243; up=&#8220;70&#8243; down=&#8220;70&#8243;][vc_row_inner row_type=&#8220;row&#8220; type=&#8220;full_width&#8220; text_align=&#8220;left&#8220; background_color=&#8220;#ffffff&#8220; css_animation=&#8220;&#8220;][vc_column_inner width=&#8220;1\/2&#8243;][vc_column_text]<\/p>\n<p style=\"text-align: center; font-family: helvlt; font-size: 30px; line-height: 30px;\">HELP DESK CUSTOMER CARE<\/p>\n<p>[\/vc_column_text][vc_empty_space][vc_column_text el_class=&#8220;test_one_page&#8220;]<\/p>\n<p style=\"text-align: center;\"><strong>+39 0424 585 111<\/strong><\/p>\n<p style=\"text-align: center;\"><a title=\"info@comunello.it\" href=\"mailto:info@comunello.it\">info@comunello.it<\/a><\/p>\n<p>[\/vc_column_text][\/vc_column_inner][vc_column_inner width=&#8220;1\/2&#8243;][vc_column_text]<\/p>\n<p style=\"text-align: center; font-family: helvlt; font-size: 30px; line-height: 30px;\">TECHNISCHER KUNDENDIENST<\/p>\n<p>[\/vc_column_text][vc_empty_space][vc_column_text el_class=&#8220;test_one_page&#8220;]<\/p>\n<p style=\"text-align: center;\"><strong>+39 0424 585 111<\/strong><\/p>\n<p style=\"text-align: center;\"><a title=\"technicalassistance@comunello.it\" href=\"mailto:technical_assistance@comunello.it\">technical_assistance@comunello.it<\/a><\/p>\n<p>[\/vc_column_text][\/vc_column_inner][\/vc_row_inner][vc_separator type=&#8220;normal&#8220; color=&#8220;#bcbcbc&#8220; thickness=&#8220;1&#8243; up=&#8220;70&#8243; down=&#8220;70&#8243;][\/vc_column][\/vc_row]<\/p>\n","protected":false},"excerpt":{"rendered":"<p>[vc_row row_type=&#8220;row&#8220; use_row_as_full_screen_section=&#8220;no&#8220; type=&#8220;full_width&#8220; angled_section=&#8220;no&#8220; text_align=&#8220;center&#8220; background_image=&#8220;16137&#8243; background_image_as_pattern=&#8220;without_pattern&#8220; background_color=&#8220;#919191&#8243; border_color=&#8220;#919191&#8243; css_animation=&#8220;&#8220;][vc_column][vc_empty_space height=&#8220;300px&#8220;][\/vc_column][\/vc_row][vc_row row_type=&#8220;row&#8220; use_row_as_full_screen_section=&#8220;no&#8220; type=&#8220;grid&#8220; angled_section=&#8220;no&#8220; text_align=&#8220;center&#8220; background_image_as_pattern=&#8220;without_pattern&#8220; background_color=&#8220;#ffffff&#8220; css_animation=&#8220;&#8220; css=&#8220;.vc_custom_1490369294730{background-color: #ffffff !important;}&#8220;][vc_column][vc_empty_space height=&#8220;60px&#8220;][vc_empty_space height=&#8220;60px&#8220;][vc_column_text]&#8230;<\/p>\n","protected":false},"author":1,"featured_media":0,"parent":1952,"menu_order":0,"comment_status":"open","ping_status":"open","template":"full_width.php","meta":[],"yoast_head":"<!-- This site is optimized with the Yoast SEO plugin v16.0.2 - https:\/\/yoast.com\/wordpress\/plugins\/seo\/ -->\n<link rel=\"canonical\" href=\"https:\/\/www.comunello.com\/de\/corporate\/support\/\" \/>\n<meta property=\"og:locale\" content=\"de_DE\" \/>\n<meta property=\"og:type\" content=\"article\" \/>\n<meta property=\"og:title\" content=\"CORPORATE Unterst\u00fctzung - Fratelli COMUNELLO\" \/>\n<meta property=\"og:description\" content=\"[vc_row row_type=&#8220;row&#8220; use_row_as_full_screen_section=&#8220;no&#8220; type=&#8220;full_width&#8220; angled_section=&#8220;no&#8220; text_align=&#8220;center&#8220; background_image=&#8220;16137&#8243; background_image_as_pattern=&#8220;without_pattern&#8220; background_color=&#8220;#919191&#8243; border_color=&#8220;#919191&#8243; css_animation=&#8220;&#8220;][vc_column][vc_empty_space height=&#8220;300px&#8220;][\/vc_column][\/vc_row][vc_row row_type=&#8220;row&#8220; use_row_as_full_screen_section=&#8220;no&#8220; type=&#8220;grid&#8220; angled_section=&#8220;no&#8220; text_align=&#8220;center&#8220; background_image_as_pattern=&#8220;without_pattern&#8220; background_color=&#8220;#ffffff&#8220; css_animation=&#8220;&#8220; css=&#8220;.vc_custom_1490369294730{background-color: #ffffff !important;}&#8220;][vc_column][vc_empty_space height=&#8220;60px&#8220;][vc_empty_space height=&#8220;60px&#8220;][vc_column_text]...\" \/>\n<meta property=\"og:url\" content=\"https:\/\/www.comunello.com\/de\/corporate\/support\/\" \/>\n<meta property=\"og:site_name\" content=\"Fratelli COMUNELLO\" \/>\n<meta property=\"article:modified_time\" content=\"2017-07-10T14:13:19+00:00\" \/>\n<meta name=\"twitter:card\" content=\"summary_large_image\" \/>\n<meta name=\"twitter:label1\" content=\"Gesch\u00e4tzte Lesezeit\">\n\t<meta name=\"twitter:data1\" content=\"3 Minuten\">\n<script type=\"application\/ld+json\" class=\"yoast-schema-graph\">{\"@context\":\"https:\/\/schema.org\",\"@graph\":[{\"@type\":\"WebSite\",\"@id\":\"https:\/\/www.comunello.com\/#website\",\"url\":\"https:\/\/www.comunello.com\/\",\"name\":\"Fratelli COMUNELLO\",\"description\":\"| Life Made Easy\",\"potentialAction\":[{\"@type\":\"SearchAction\",\"target\":\"https:\/\/www.comunello.com\/?s={search_term_string}\",\"query-input\":\"required name=search_term_string\"}],\"inLanguage\":\"de-DE\"},{\"@type\":\"WebPage\",\"@id\":\"https:\/\/www.comunello.com\/de\/corporate\/support\/#webpage\",\"url\":\"https:\/\/www.comunello.com\/de\/corporate\/support\/\",\"name\":\"CORPORATE Unterst\\u00fctzung - Fratelli COMUNELLO\",\"isPartOf\":{\"@id\":\"https:\/\/www.comunello.com\/#website\"},\"datePublished\":\"2014-12-12T11:51:34+00:00\",\"dateModified\":\"2017-07-10T14:13:19+00:00\",\"breadcrumb\":{\"@id\":\"https:\/\/www.comunello.com\/de\/corporate\/support\/#breadcrumb\"},\"inLanguage\":\"de-DE\",\"potentialAction\":[{\"@type\":\"ReadAction\",\"target\":[\"https:\/\/www.comunello.com\/de\/corporate\/support\/\"]}]},{\"@type\":\"BreadcrumbList\",\"@id\":\"https:\/\/www.comunello.com\/de\/corporate\/support\/#breadcrumb\",\"itemListElement\":[{\"@type\":\"ListItem\",\"position\":1,\"item\":{\"@type\":\"WebPage\",\"@id\":\"https:\/\/www.comunello.com\/de\/\",\"url\":\"https:\/\/www.comunello.com\/de\/\",\"name\":\"Home\"}},{\"@type\":\"ListItem\",\"position\":2,\"item\":{\"@type\":\"WebPage\",\"@id\":\"https:\/\/www.comunello.com\/de\/corporate\/\",\"url\":\"https:\/\/www.comunello.com\/de\/corporate\/\",\"name\":\"CORPORATE\"}},{\"@type\":\"ListItem\",\"position\":3,\"item\":{\"@type\":\"WebPage\",\"@id\":\"https:\/\/www.comunello.com\/de\/corporate\/support\/\",\"url\":\"https:\/\/www.comunello.com\/de\/corporate\/support\/\",\"name\":\"CORPORATE Unterst\\u00fctzung\"}}]}]}<\/script>\n<!-- \/ Yoast SEO plugin. -->","_links":{"self":[{"href":"https:\/\/www.comunello.com\/de\/wp-json\/wp\/v2\/pages\/1982\/"}],"collection":[{"href":"https:\/\/www.comunello.com\/de\/wp-json\/wp\/v2\/pages\/"}],"about":[{"href":"https:\/\/www.comunello.com\/de\/wp-json\/wp\/v2\/types\/page\/"}],"author":[{"embeddable":true,"href":"https:\/\/www.comunello.com\/de\/wp-json\/wp\/v2\/users\/1\/"}],"replies":[{"embeddable":true,"href":"https:\/\/www.comunello.com\/de\/wp-json\/wp\/v2\/comments\/?post=1982"}],"version-history":[{"count":2,"href":"https:\/\/www.comunello.com\/de\/wp-json\/wp\/v2\/pages\/1982\/revisions\/"}],"predecessor-version":[{"id":16149,"href":"https:\/\/www.comunello.com\/de\/wp-json\/wp\/v2\/pages\/1982\/revisions\/16149\/"}],"up":[{"embeddable":true,"href":"https:\/\/www.comunello.com\/de\/wp-json\/wp\/v2\/pages\/1952\/"}],"wp:attachment":[{"href":"https:\/\/www.comunello.com\/de\/wp-json\/wp\/v2\/media\/?parent=1982"}],"curies":[{"name":"wp","href":"https:\/\/api.w.org\/{rel}","templated":true}]}}