{"id":1958,"date":"2014-12-10T18:34:09","date_gmt":"2014-12-10T18:34:09","guid":{"rendered":"http:\/\/www.comunello.com\/frameautomation\/products\/"},"modified":"2022-05-06T10:00:22","modified_gmt":"2022-05-06T08:00:22","slug":"products","status":"publish","type":"page","link":"https:\/\/www.comunello.com\/de\/frameautomation\/products\/","title":{"rendered":"FRAME AUTOMATION Prodotti"},"content":{"rendered":"<p>[vc_row css_animation=&#8220;&#8220; row_type=&#8220;row&#8220; use_row_as_full_screen_section=&#8220;no&#8220; type=&#8220;full_width&#8220; angled_section=&#8220;no&#8220; text_align=&#8220;left&#8220; background_image_as_pattern=&#8220;without_pattern&#8220; background_color=&#8220;#dadada&#8220; padding_top=&#8220;62&#8243;][vc_column][vc_row_inner row_type=&#8220;row&#8220; type=&#8220;grid&#8220; text_align=&#8220;left&#8220; padding_top=&#8220;2&#8243; css_animation=&#8220;&#8220;][vc_column_inner width=&#8220;1\/2&#8243;][vc_column_text css=&#8220;.vc_custom_1424607656170{padding-top: 50px !important;padding-left: 50px !important;}&#8220;]<\/p>\n<h2><span style=\"color: #000000;\">Comunello Frame Automation<\/span><\/h2>\n<h1><span style=\"color: #000000;\">Produkte<\/span><\/h1>\n<p>[\/vc_column_text][\/vc_column_inner][vc_column_inner width=&#8220;1\/2&#8243;][vc_single_image image=&#8220;2445&#8243; img_size=&#8220;full&#8220; qode_css_animation=&#8220;&#8220;][\/vc_column_inner][\/vc_row_inner][\/vc_column][\/vc_row][vc_row css_animation=&#8220;&#8220; row_type=&#8220;row&#8220; use_row_as_full_screen_section=&#8220;no&#8220; type=&#8220;grid&#8220; angled_section=&#8220;no&#8220; text_align=&#8220;left&#8220; background_image_as_pattern=&#8220;without_pattern&#8220; padding_top=&#8220;50&#8243;][vc_column width=&#8220;1\/3&#8243;][vc_column_text]<a href=\"\/de\/frameautomation\/\"><img loading=\"lazy\" class=\"alignleft wp-image-1200 size-full\" src=\"\/wp-content\/uploads\/2014\/12\/22.jpg\" alt=\"22\" width=\"20\" height=\"22\" \/><\/a>[\/vc_column_text][\/vc_column][vc_column width=&#8220;1\/3&#8243; css=&#8220;.vc_custom_1418577996153{margin-left: -357px !important;}&#8220;][vc_column_text]&gt; Produkte[\/vc_column_text][\/vc_column][vc_column width=&#8220;1\/3&#8243;][\/vc_column][\/vc_row][vc_row css_animation=&#8220;&#8220; row_type=&#8220;row&#8220; use_row_as_full_screen_section=&#8220;no&#8220; type=&#8220;full_width&#8220; angled_section=&#8220;no&#8220; text_align=&#8220;left&#8220; background_image_as_pattern=&#8220;without_pattern&#8220; padding_top=&#8220;100&#8243;][vc_column][vc_row_inner row_type=&#8220;row&#8220; type=&#8220;grid&#8220; text_align=&#8220;left&#8220; padding_bottom=&#8220;30&#8243; css_animation=&#8220;&#8220;][vc_column_inner width=&#8220;1\/4&#8243;][vc_column_text]<a href=\"\/de\/frameautomation\/products\/klappfenster\/\"><img loading=\"lazy\" class=\"aligncenter\" src=\"\/media\/products\/frameautomation\/a_sporgere\/comunello-frameautomation-a_sporgere-icon.jpg\" alt=\"\" width=\"100\" height=\"63\" \/><\/a>[\/vc_column_text][vc_separator type=&#8220;transparent&#8220; up=&#8220;20&#8243; down=&#8220;20&#8243;][vc_column_text]<\/p>\n<p style=\"text-align: center;\"><a href=\"\/de\/frameautomation\/products\/klappfenster\/\"><span style=\"font-size: large;\">KLAPPFENSTER<\/span><\/a><\/p>\n<p>[\/vc_column_text][vc_separator type=&#8220;normal&#8220; color=&#8220;#9b9b9b&#8220; thickness=&#8220;1&#8243; up=&#8220;30&#8243; down=&#8220;20&#8243;][\/vc_column_inner][vc_column_inner width=&#8220;1\/4&#8243;][vc_column_text]<a href=\"\/de\/frameautomation\/products\/schwingfenster\/\"><img loading=\"lazy\" class=\"aligncenter\" src=\"\/media\/products\/frameautomation\/bilico\/comunello-frameautomation-bilico-icon.jpg\" alt=\"\" width=\"100\" height=\"63\" \/><\/a>[\/vc_column_text][vc_separator type=&#8220;transparent&#8220; up=&#8220;20&#8243; down=&#8220;20&#8243;][vc_column_text]<\/p>\n<p style=\"text-align: center;\"><a href=\"\/de\/frameautomation\/products\/schwingfenster\/\"><span style=\"font-size: large;\">SCHWINGFENSTER<\/span><\/a><\/p>\n<p>[\/vc_column_text][vc_separator type=&#8220;normal&#8220; color=&#8220;#9b9b9b&#8220; thickness=&#8220;1&#8243; up=&#8220;30&#8243; down=&#8220;20&#8243;][\/vc_column_inner][vc_column_inner width=&#8220;1\/4&#8243;][vc_column_text]<a href=\"\/de\/frameautomation\/products\/lichtkuppeln\/\"><img loading=\"lazy\" class=\"aligncenter\" src=\"\/media\/products\/frameautomation\/cupolini\/comunello-frameautomation-cupolini-icon.jpg\" alt=\"\" width=\"100\" height=\"63\" \/><\/a>[\/vc_column_text][vc_separator type=&#8220;transparent&#8220; up=&#8220;20&#8243; down=&#8220;20&#8243;][vc_column_text]<\/p>\n<p style=\"text-align: center;\"><a href=\"\/de\/frameautomation\/products\/lichtkuppeln\/\"><span style=\"font-size: large;\">LICHTKUPPELN<\/span><\/a><\/p>\n<p>[\/vc_column_text][vc_separator type=&#8220;normal&#8220; color=&#8220;#9b9b9b&#8220; thickness=&#8220;1&#8243; up=&#8220;30&#8243; down=&#8220;20&#8243;][\/vc_column_inner][vc_column_inner width=&#8220;1\/4&#8243;][vc_column_text]<a href=\"\/de\/frameautomation\/products\/sonnenlamellen\/\"><img loading=\"lazy\" class=\"aligncenter\" src=\"\/media\/products\/frameautomation\/frangisole\/comunello-frameautomation-frangisole-icon.jpg\" alt=\"\" width=\"100\" height=\"63\" \/><\/a>[\/vc_column_text][vc_separator type=&#8220;transparent&#8220; up=&#8220;20&#8243; down=&#8220;20&#8243;][vc_column_text]<\/p>\n<p style=\"text-align: center;\"><a href=\"\/de\/frameautomation\/products\/sonnenlamellen\/\"><span style=\"font-size: large;\">SONNENLAMELLEN<\/span><\/a><\/p>\n<p>[\/vc_column_text][vc_separator type=&#8220;normal&#8220; color=&#8220;#9b9b9b&#8220; thickness=&#8220;1&#8243; up=&#8220;30&#8243; down=&#8220;20&#8243;][\/vc_column_inner][\/vc_row_inner][vc_row_inner row_type=&#8220;row&#8220; type=&#8220;grid&#8220; text_align=&#8220;left&#8220; padding_bottom=&#8220;30&#8243; css_animation=&#8220;&#8220;][vc_column_inner width=&#8220;1\/4&#8243;][vc_column_text]<a href=\"\/de\/frameautomation\/products\/dachoberlichter\/\"><img loading=\"lazy\" class=\"aligncenter\" src=\"\/media\/products\/frameautomation\/lucernari\/comunello-frameautomation-lucernari-icon.jpg\" alt=\"\" width=\"100\" height=\"63\" \/><\/a>[\/vc_column_text][vc_separator type=&#8220;transparent&#8220; up=&#8220;20&#8243; down=&#8220;20&#8243;][vc_column_text]<\/p>\n<p style=\"text-align: center;\"><a href=\"\/de\/frameautomation\/products\/dachoberlichter\/\"><span style=\"font-size: large;\">DACHOBERLICHTER<\/span><\/a><\/p>\n<p>[\/vc_column_text][vc_separator type=&#8220;normal&#8220; color=&#8220;#9b9b9b&#8220; thickness=&#8220;1&#8243; up=&#8220;30&#8243; down=&#8220;20&#8243;][\/vc_column_inner][vc_column_inner width=&#8220;1\/4&#8243;][vc_column_text]<a href=\"\/de\/frameautomation\/products\/shed-fenster\/\"><img loading=\"lazy\" class=\"aligncenter\" src=\"\/media\/products\/frameautomation\/shed\/comunello-frameautomation-shed-icon.jpg\" alt=\"\" width=\"100\" height=\"63\" \/><\/a>[\/vc_column_text][vc_separator type=&#8220;transparent&#8220; up=&#8220;20&#8243; down=&#8220;20&#8243;][vc_column_text]<\/p>\n<p style=\"text-align: center;\"><a href=\"\/de\/frameautomation\/products\/shed-fenster\/\"><span style=\"font-size: large;\">SHED-FENSTER<\/span><\/a><\/p>\n<p>[\/vc_column_text][vc_separator type=&#8220;normal&#8220; color=&#8220;#9b9b9b&#8220; thickness=&#8220;1&#8243; up=&#8220;30&#8243; down=&#8220;20&#8243;][\/vc_column_inner][vc_column_inner width=&#8220;1\/4&#8243;][vc_column_text]<a href=\"\/de\/frameautomation\/products\/rolladen\/\"><img loading=\"lazy\" class=\"aligncenter\" src=\"\/media\/products\/frameautomation\/tapparelle\/comunello-frameautomation-tapparelle-icon.jpg\" alt=\"\" width=\"100\" height=\"63\" \/><\/a>[\/vc_column_text][vc_separator type=&#8220;transparent&#8220; up=&#8220;20&#8243; down=&#8220;20&#8243;][vc_column_text]<\/p>\n<p style=\"text-align: center;\"><a href=\"\/de\/frameautomation\/products\/rolladen\/\"><span style=\"font-size: large;\">ROLLADEN<\/span><\/a><\/p>\n<p>[\/vc_column_text][vc_separator type=&#8220;normal&#8220; color=&#8220;#9b9b9b&#8220; thickness=&#8220;1&#8243; up=&#8220;30&#8243; down=&#8220;20&#8243;][\/vc_column_inner][vc_column_inner width=&#8220;1\/4&#8243;][vc_column_text]<a href=\"\/de\/frameautomation\/products\/roller-shutter-awnings\/\"><img loading=\"lazy\" class=\"aligncenter\" src=\"\/media\/products\/frameautomation\/tende\/comunello-frameautomation-tende-icon.jpg\" alt=\"\" width=\"100\" height=\"63\" \/><\/a>[\/vc_column_text][vc_separator type=&#8220;transparent&#8220; up=&#8220;20&#8243; down=&#8220;20&#8243;][vc_column_text]<\/p>\n<p style=\"text-align: center;\"><a href=\"\/de\/frameautomation\/products\/roller-shutter-awnings\/\"><span style=\"font-size: large;\">ROLLER SHUTTER &amp; AWNINGS<\/span><\/a><\/p>\n<p>[\/vc_column_text][vc_separator type=&#8220;normal&#8220; color=&#8220;#9b9b9b&#8220; thickness=&#8220;1&#8243; up=&#8220;30&#8243; down=&#8220;20&#8243;][\/vc_column_inner][\/vc_row_inner][vc_row_inner row_type=&#8220;row&#8220; type=&#8220;grid&#8220; text_align=&#8220;left&#8220; padding_bottom=&#8220;30&#8243; css_animation=&#8220;&#8220;][vc_column_inner width=&#8220;1\/4&#8243;][vc_column_text]<a href=\"\/de\/frameautomation\/products\/kippfenster\/\"><img loading=\"lazy\" class=\"aligncenter\" src=\"\/media\/products\/frameautomation\/vasistas\/comunello-frameautomation-vasistas-icon.jpg\" alt=\"\" width=\"100\" height=\"63\" \/><\/a>[\/vc_column_text][vc_separator type=&#8220;transparent&#8220; up=&#8220;20&#8243; down=&#8220;20&#8243;][vc_column_text]<\/p>\n<p style=\"text-align: center;\"><a href=\"\/de\/frameautomation\/products\/kippfenster\/\"><span style=\"font-size: large;\">KIPPFENSTER<\/span><\/a><\/p>\n<p>[\/vc_column_text][vc_separator type=&#8220;normal&#8220; color=&#8220;#9b9b9b&#8220; thickness=&#8220;1&#8243; up=&#8220;30&#8243; down=&#8220;20&#8243;][\/vc_column_inner][vc_column_inner width=&#8220;1\/4&#8243;][vc_column_text]<a href=\"\/de\/frameautomation\/products\/zubehor\/\"><img loading=\"lazy\" class=\"aligncenter\" src=\"\/media\/products\/frameautomation\/accessori\/comunello-frameautomation-accessori-icon.jpg\" alt=\"\" width=\"100\" height=\"63\" \/><\/a>[\/vc_column_text][vc_separator type=&#8220;transparent&#8220; up=&#8220;20&#8243; down=&#8220;20&#8243;][vc_column_text]<\/p>\n<p style=\"text-align: center;\"><a href=\"\/de\/frameautomation\/products\/zubehor\/\"><span style=\"font-size: large;\">ZUBEH\u00d6R<\/span><\/a><\/p>\n<p>[\/vc_column_text][vc_separator type=&#8220;normal&#8220; color=&#8220;#9b9b9b&#8220; thickness=&#8220;1&#8243; up=&#8220;30&#8243; down=&#8220;20&#8243;][\/vc_column_inner][\/vc_row_inner][\/vc_column][\/vc_row][vc_row css_animation=&#8220;&#8220; row_type=&#8220;row&#8220; use_row_as_full_screen_section=&#8220;no&#8220; type=&#8220;full_width&#8220; angled_section=&#8220;no&#8220; text_align=&#8220;left&#8220; background_image_as_pattern=&#8220;without_pattern&#8220; padding_top=&#8220;100&#8243; padding_bottom=&#8220;75&#8243;][vc_column][vc_row_inner row_type=&#8220;row&#8220; type=&#8220;full_width&#8220; text_align=&#8220;left&#8220; css_animation=&#8220;&#8220;][vc_column_inner][vc_column_text]<\/p>\n<h1 style=\"text-align: center;\">DOWNLOAD KATALOGE<\/h1>\n<p>[\/vc_column_text][\/vc_column_inner][\/vc_row_inner][vc_row_inner row_type=&#8220;row&#8220; type=&#8220;grid&#8220; text_align=&#8220;left&#8220; css_animation=&#8220;&#8220;][vc_column_inner][vc_separator type=&#8220;normal&#8220; color=&#8220;#9b9b9b&#8220; thickness=&#8220;1&#8243; up=&#8220;20&#8243; down=&#8220;50&#8243;][\/vc_column_inner][\/vc_row_inner][vc_row_inner row_type=&#8220;row&#8220; type=&#8220;grid&#8220; text_align=&#8220;left&#8220; css_animation=&#8220;&#8220;][vc_column_inner width=&#8220;1\/3&#8243;]<div class='q_icon_with_title small normal_icon left_from_title'><div class=\"icon_text_holder\" style=\"\"><div class=\"icon_text_inner\" style=\"\"><div class=\"icon_title_holder\"><div class=\"icon_holder \" style=\" \"><span data-icon-type=\"normal\"   style=\"\" class=\"qode_iwt_icon_holder q_font_awsome_icon fa-2x \"><i class=\"qode_icon_font_awesome fa fa-file-pdf-o qode_iwt_icon_element\" style=\"color: #ff0000;\" ><\/i><\/span><\/div><h5 class=\"icon_title\" style=\"color: #000000;\">FRAME AUTOMATION KATALOG<\/h5><\/div><p style='color: #000000'>PDF \/ 34 MB<\/p><a itemprop='url' class='icon_with_title_link' href='\/media\/products\/frameautomation\/COMUNELLO-FrameAutomation-catalog.pdf' target='_blank' style='color: #000000;'>Download<\/a><\/div><\/div><\/div>[vc_single_image image=&#8220;2190&#8243; img_size=&#8220;full&#8220; onclick=&#8220;custom_link&#8220; img_link_target=&#8220;_blank&#8220; qode_css_animation=&#8220;&#8220; link=&#8220;\/media\/products\/frameautomation\/COMUNELLO-FrameAutomation-catalog.pdf&#8220;][\/vc_column_inner][\/vc_row_inner][vc_separator type=&#8220;transparent&#8220; up=&#8220;50&#8243; down=&#8220;50&#8243;][\/vc_column][\/vc_row][vc_row css_animation=&#8220;&#8220; row_type=&#8220;row&#8220; use_row_as_full_screen_section=&#8220;no&#8220; type=&#8220;full_width&#8220; angled_section=&#8220;no&#8220; text_align=&#8220;left&#8220; background_image_as_pattern=&#8220;without_pattern&#8220; background_color=&#8220;#dadada&#8220;][vc_column][vc_row_inner row_type=&#8220;row&#8220; type=&#8220;grid&#8220; text_align=&#8220;left&#8220; css_animation=&#8220;&#8220;][vc_column_inner width=&#8220;2\/3&#8243;][rev_slider_vc alias=&#8220;FRAMEAUTOMATION-home-bottom&#8220;][\/vc_column_inner][vc_column_inner width=&#8220;1\/3&#8243;][vc_column_text]<a href=\"http:\/\/www.comunello.com\/de\/frame\/\"><img loading=\"lazy\" class=\"aligncenter size-medium wp-image-5082\" src=\"http:\/\/www.comunello.com\/wp-content\/uploads\/2014\/11\/COMUNELLO_FRAME_LOGO-300x90.png\" alt=\"COMUNELLO_FRAME_LOGO\" width=\"300\" height=\"90\" \/><\/a><\/p>\n<p>&nbsp;<\/p>\n<p><span style=\"color: #000000;\">Auf einem sich st\u00e4ndig weiterentwickelnden Markt hat Comunello f\u00fcr die Partner ein Komplettangebot entwickelt, das nicht nur die mechanische Bewegung von Fenstern aus Aluminium umfasst. Comunello ist tats\u00e4chlich schon seit 1965 ein Marktf\u00fchrer im Bereich der Stangengriffe f\u00fcr Eingangst\u00fcren und Eckverbinder f\u00fcr T\u00fcren und Fenster. Besuchen Sie die Website des Gesch\u00e4ftszweiges <a style=\"color: #000000;\" href=\"\/de\/frame\/\"><span style=\"text-decoration: underline;\">Comunello Frame<\/span><\/a> um mehr zu erfahren!<\/span>[\/vc_column_text][\/vc_column_inner][\/vc_row_inner][\/vc_column][\/vc_row]<\/p>\n","protected":false},"excerpt":{"rendered":"<p>[vc_row css_animation=&#8220;&#8220; row_type=&#8220;row&#8220; use_row_as_full_screen_section=&#8220;no&#8220; type=&#8220;full_width&#8220; angled_section=&#8220;no&#8220; text_align=&#8220;left&#8220; background_image_as_pattern=&#8220;without_pattern&#8220; background_color=&#8220;#dadada&#8220; padding_top=&#8220;62&#8243;][vc_column][vc_row_inner row_type=&#8220;row&#8220; type=&#8220;grid&#8220; text_align=&#8220;left&#8220; padding_top=&#8220;2&#8243; css_animation=&#8220;&#8220;][vc_column_inner width=&#8220;1\/2&#8243;][vc_column_text css=&#8220;.vc_custom_1424607656170{padding-top: 50px !important;padding-left: 50px !important;}&#8220;] Comunello Frame Automation Produkte&#8230;<\/p>\n","protected":false},"author":1,"featured_media":0,"parent":1955,"menu_order":0,"comment_status":"open","ping_status":"open","template":"full_width.php","meta":[],"yoast_head":"<!-- This site is optimized with the Yoast SEO plugin v16.0.2 - https:\/\/yoast.com\/wordpress\/plugins\/seo\/ -->\n<link rel=\"canonical\" href=\"https:\/\/www.comunello.com\/de\/frameautomation\/products\/\" \/>\n<meta property=\"og:locale\" content=\"de_DE\" \/>\n<meta property=\"og:type\" content=\"article\" \/>\n<meta property=\"og:title\" content=\"FRAME AUTOMATION Prodotti - Fratelli COMUNELLO\" \/>\n<meta property=\"og:description\" content=\"[vc_row css_animation=&#8220;&#8220; row_type=&#8220;row&#8220; use_row_as_full_screen_section=&#8220;no&#8220; type=&#8220;full_width&#8220; angled_section=&#8220;no&#8220; text_align=&#8220;left&#8220; background_image_as_pattern=&#8220;without_pattern&#8220; background_color=&#8220;#dadada&#8220; padding_top=&#8220;62&#8243;][vc_column][vc_row_inner row_type=&#8220;row&#8220; type=&#8220;grid&#8220; text_align=&#8220;left&#8220; padding_top=&#8220;2&#8243; css_animation=&#8220;&#8220;][vc_column_inner width=&#8220;1\/2&#8243;][vc_column_text css=&#8220;.vc_custom_1424607656170{padding-top: 50px !important;padding-left: 50px !important;}&#8220;] Comunello Frame Automation Produkte...\" \/>\n<meta property=\"og:url\" content=\"https:\/\/www.comunello.com\/de\/frameautomation\/products\/\" \/>\n<meta property=\"og:site_name\" content=\"Fratelli COMUNELLO\" \/>\n<meta property=\"article:modified_time\" content=\"2022-05-06T08:00:22+00:00\" \/>\n<meta property=\"og:image\" content=\"https:\/\/www.comunello.com\/wp-content\/uploads\/2014\/12\/22.jpg\" \/>\n<meta name=\"twitter:card\" content=\"summary_large_image\" \/>\n<meta name=\"twitter:label1\" content=\"Gesch\u00e4tzte Lesezeit\">\n\t<meta name=\"twitter:data1\" content=\"4 Minuten\">\n<script type=\"application\/ld+json\" class=\"yoast-schema-graph\">{\"@context\":\"https:\/\/schema.org\",\"@graph\":[{\"@type\":\"WebSite\",\"@id\":\"https:\/\/www.comunello.com\/#website\",\"url\":\"https:\/\/www.comunello.com\/\",\"name\":\"Fratelli COMUNELLO\",\"description\":\"| Life Made Easy\",\"potentialAction\":[{\"@type\":\"SearchAction\",\"target\":\"https:\/\/www.comunello.com\/?s={search_term_string}\",\"query-input\":\"required name=search_term_string\"}],\"inLanguage\":\"de-DE\"},{\"@type\":\"ImageObject\",\"@id\":\"https:\/\/www.comunello.com\/de\/frameautomation\/products\/#primaryimage\",\"inLanguage\":\"de-DE\",\"url\":\"\/wp-content\/uploads\/2014\/12\/22.jpg\"},{\"@type\":\"WebPage\",\"@id\":\"https:\/\/www.comunello.com\/de\/frameautomation\/products\/#webpage\",\"url\":\"https:\/\/www.comunello.com\/de\/frameautomation\/products\/\",\"name\":\"FRAME AUTOMATION Prodotti - Fratelli COMUNELLO\",\"isPartOf\":{\"@id\":\"https:\/\/www.comunello.com\/#website\"},\"primaryImageOfPage\":{\"@id\":\"https:\/\/www.comunello.com\/de\/frameautomation\/products\/#primaryimage\"},\"datePublished\":\"2014-12-10T18:34:09+00:00\",\"dateModified\":\"2022-05-06T08:00:22+00:00\",\"breadcrumb\":{\"@id\":\"https:\/\/www.comunello.com\/de\/frameautomation\/products\/#breadcrumb\"},\"inLanguage\":\"de-DE\",\"potentialAction\":[{\"@type\":\"ReadAction\",\"target\":[\"https:\/\/www.comunello.com\/de\/frameautomation\/products\/\"]}]},{\"@type\":\"BreadcrumbList\",\"@id\":\"https:\/\/www.comunello.com\/de\/frameautomation\/products\/#breadcrumb\",\"itemListElement\":[{\"@type\":\"ListItem\",\"position\":1,\"item\":{\"@type\":\"WebPage\",\"@id\":\"https:\/\/www.comunello.com\/de\/\",\"url\":\"https:\/\/www.comunello.com\/de\/\",\"name\":\"Home\"}},{\"@type\":\"ListItem\",\"position\":2,\"item\":{\"@type\":\"WebPage\",\"@id\":\"https:\/\/www.comunello.com\/de\/frameautomation\/\",\"url\":\"https:\/\/www.comunello.com\/de\/frameautomation\/\",\"name\":\"FRAME AUTOMATION\"}},{\"@type\":\"ListItem\",\"position\":3,\"item\":{\"@type\":\"WebPage\",\"@id\":\"https:\/\/www.comunello.com\/de\/frameautomation\/products\/\",\"url\":\"https:\/\/www.comunello.com\/de\/frameautomation\/products\/\",\"name\":\"FRAME AUTOMATION Prodotti\"}}]}]}<\/script>\n<!-- \/ Yoast SEO plugin. -->","_links":{"self":[{"href":"https:\/\/www.comunello.com\/de\/wp-json\/wp\/v2\/pages\/1958\/"}],"collection":[{"href":"https:\/\/www.comunello.com\/de\/wp-json\/wp\/v2\/pages\/"}],"about":[{"href":"https:\/\/www.comunello.com\/de\/wp-json\/wp\/v2\/types\/page\/"}],"author":[{"embeddable":true,"href":"https:\/\/www.comunello.com\/de\/wp-json\/wp\/v2\/users\/1\/"}],"replies":[{"embeddable":true,"href":"https:\/\/www.comunello.com\/de\/wp-json\/wp\/v2\/comments\/?post=1958"}],"version-history":[{"count":3,"href":"https:\/\/www.comunello.com\/de\/wp-json\/wp\/v2\/pages\/1958\/revisions\/"}],"predecessor-version":[{"id":34798,"href":"https:\/\/www.comunello.com\/de\/wp-json\/wp\/v2\/pages\/1958\/revisions\/34798\/"}],"up":[{"embeddable":true,"href":"https:\/\/www.comunello.com\/de\/wp-json\/wp\/v2\/pages\/1955\/"}],"wp:attachment":[{"href":"https:\/\/www.comunello.com\/de\/wp-json\/wp\/v2\/media\/?parent=1958"}],"curies":[{"name":"wp","href":"https:\/\/api.w.org\/{rel}","templated":true}]}}