{"id":1937,"date":"2014-12-10T15:18:02","date_gmt":"2014-12-10T15:18:02","guid":{"rendered":"http:\/\/www.comunello.com\/automation\/company\/"},"modified":"2019-09-11T17:35:55","modified_gmt":"2019-09-11T15:35:55","slug":"company","status":"publish","type":"page","link":"https:\/\/www.comunello.com\/de\/automation\/company\/","title":{"rendered":"AUTOMATION Profil"},"content":{"rendered":"<p>[vc_row row_type=&#8220;row&#8220; use_row_as_full_screen_section=&#8220;no&#8220; type=&#8220;full_width&#8220; angled_section=&#8220;no&#8220; text_align=&#8220;left&#8220; background_image_as_pattern=&#8220;without_pattern&#8220; border_color=&#8220;#cecece&#8220; css_animation=&#8220;&#8220;][vc_column][vc_column_text]Nuova [\/vc_column_text][vc_empty_space height=&#8220;45px&#8220;][\/vc_column][\/vc_row][vc_row row_type=&#8220;row&#8220; use_row_as_full_screen_section=&#8220;no&#8220; type=&#8220;full_width&#8220; angled_section=&#8220;no&#8220; text_align=&#8220;center&#8220; background_image_as_pattern=&#8220;without_pattern&#8220; background_color=&#8220;#7bb739&#8243; css_animation=&#8220;&#8220; css=&#8220;.vc_custom_1567693178018{background-color: #7bb739 !important;}&#8220;][vc_column][vc_empty_space height=&#8220;2px&#8220;][\/vc_column][\/vc_row][vc_row row_type=&#8220;row&#8220; use_row_as_full_screen_section=&#8220;no&#8220; type=&#8220;full_width&#8220; angled_section=&#8220;no&#8220; text_align=&#8220;left&#8220; background_image_as_pattern=&#8220;without_pattern&#8220; css_animation=&#8220;&#8220; css=&#8220;.vc_custom_1492599534047{background-color: #ffffff !important;}&#8220;][vc_column][vc_raw_html]JTNDc2NyaXB0JTIwc3JjJTNEJTIyaHR0cHMlM0ElMkYlMkZ3d3cuY29tdW5lbGxvLmNvbSUyRndwLWNvbnRlbnQlMkZ0aGVtZXMlMkZicmlkZ2UtY2hpbGQlMkZkdXNvZnQlMkZqcyUyRnZpZGVvLmpzJTIyJTNFJTNDJTJGc2NyaXB0JTNFJTBBJTNDZGl2JTIwc3R5bGUlM0QlMjJ0ZXh0LWFsaWduJTNBY2VudGVyJTIyJTNFJTBBJTNDdmlkZW8lMjBzdHlsZSUzRCUyMndpZHRoJTNBMTAwJTI1JTNCJTIwaGVpZ2h0JTNBJTIwYXV0byUzQiUyMiUyMCUyMGF1dG9wbGF5JTIwY29udHJvbHMlMjBsb29wJTNFJTBBJTNDc291cmNlJTIwc3JjJTNEJTIyaHR0cHMlM0ElMkYlMkZ3d3cuY29tdW5lbGxvLmNvbSUyRm1lZGlhJTJGcHJvZHVjdHMlMkZhcmVhX2ZpbGUlMkZhdXRvbWF0aW9uJTJGY29ycG9yYXRlLWF1dG9tYXRpb24tZW4tMjAxOS0xMy1yaWQubXA0JTIyJTIwdHlwZSUzRCUyMnZpZGVvJTJGbXA0JTIyJTIwJTJGJTNFJTBBJTNDc291cmNlJTIwc3JjJTNEJTIyaHR0cHMlM0ElMkYlMkZ3d3cuY29tdW5lbGxvLmNvbSUyRm1lZGlhJTJGcHJvZHVjdHMlMkZhcmVhX2ZpbGUlMkZqb2luLXVzLWF1dG9tYXRpb24ub2dnJTIyJTIwdHlwZSUzRCUyMnZpZGVvJTJGb2dnJTIyJTIwJTJGJTNFJTBBJTNDc291cmNlJTIwc3JjJTNEJTIyaHR0cHMlM0ElMkYlMkZ3d3cuY29tdW5lbGxvLmNvbSUyRm1lZGlhJTJGcHJvZHVjdHMlMkZhcmVhX2ZpbGUlMkZqb2luLXVzLWF1dG9tYXRpb24ud2VibSUyMiUyMHR5cGUlM0QlMjJ2aWRlbyUyRndlYm0lMjIlMjAlMkYlM0UlMjBZb3VyJTIwYnJvd3NlciUyMGRvZXMlMjBub3QlMjBzdXBwb3J0JTIwdGhlJTIwdmlkZW8lMjB0YWcuJTBBJTNDJTJGdmlkZW8lM0UlMEElM0MlMkZkaXYlM0U=[\/vc_raw_html][vc_raw_js]JTNDc2NyaXB0JTIwdHlwZSUzRCUyMnRleHQlMkZqYXZhc2NyaXB0JTIyJTNFJTIwJTJGJTJGdmlkZW8lMjglMjAlMjdwbGF5ZXIlMjclMjAlMkMlMjAlN0IlMjBhdXRvcGxheSUyMCUzQSUyMHRydWUlMjAlN0QlMjklM0IlMEElM0MlMkZzY3JpcHQlM0U=[\/vc_raw_js][\/vc_column][\/vc_row][vc_row row_type=&#8220;row&#8220; use_row_as_full_screen_section=&#8220;no&#8220; type=&#8220;full_width&#8220; angled_section=&#8220;no&#8220; text_align=&#8220;center&#8220; background_image_as_pattern=&#8220;without_pattern&#8220; background_color=&#8220;#7bb739&#8243; css_animation=&#8220;&#8220; css=&#8220;.vc_custom_1567693185180{background-color: #7bb739 !important;}&#8220;][vc_column][vc_empty_space height=&#8220;4px&#8220;][\/vc_column][\/vc_row][vc_row row_type=&#8220;row&#8220; use_row_as_full_screen_section=&#8220;no&#8220; type=&#8220;full_width&#8220; angled_section=&#8220;no&#8220; text_align=&#8220;left&#8220; background_image_as_pattern=&#8220;without_pattern&#8220; css_animation=&#8220;&#8220; css=&#8220;.vc_custom_1492599534047{background-color: #ffffff !important;}&#8220;][vc_column][vc_empty_space height=&#8220;60px&#8220;][\/vc_column][\/vc_row][vc_row row_type=&#8220;row&#8220; use_row_as_full_screen_section=&#8220;no&#8220; type=&#8220;grid&#8220; angled_section=&#8220;no&#8220; text_align=&#8220;center&#8220; background_image_as_pattern=&#8220;without_pattern&#8220; background_color=&#8220;#ffffff&#8220; css_animation=&#8220;&#8220; css=&#8220;.vc_custom_1490369294730{background-color: #ffffff !important;}&#8220;][vc_column][vc_empty_space height=&#8220;60px&#8220;][vc_column_text]<\/p>\n<p style=\"text-align: center; font-family: helvth; font-size: 42px; line-height: 42px;\">COMPANY PROFILE<\/p>\n<p>[\/vc_column_text][\/vc_column][\/vc_row][vc_row row_type=&#8220;row&#8220; use_row_as_full_screen_section=&#8220;no&#8220; type=&#8220;full_width&#8220; angled_section=&#8220;no&#8220; text_align=&#8220;center&#8220; background_image_as_pattern=&#8220;without_pattern&#8220; background_color=&#8220;#ffffff&#8220; css_animation=&#8220;&#8220; css=&#8220;.vc_custom_1491818960772{background-color: #ffffff !important;}&#8220;][vc_column][vc_separator type=&#8220;normal&#8220;][\/vc_column][\/vc_row][vc_row row_type=&#8220;row&#8220; use_row_as_full_screen_section=&#8220;no&#8220; type=&#8220;grid&#8220; angled_section=&#8220;no&#8220; text_align=&#8220;center&#8220; background_image_as_pattern=&#8220;without_pattern&#8220; background_color=&#8220;#ffffff&#8220; css_animation=&#8220;&#8220; css=&#8220;.vc_custom_1491826070100{background-color: #ffffff !important;}&#8220;][vc_column el_class=&#8220;test_one_page&#8220;][vc_empty_space][vc_column_text el_class=&#8220;test_one_page&#8220;]<\/p>\n<p class=\"western\" lang=\"de-DE\" align=\"left\">Vor mehr als 50 Jahren begann der Gr\u00fcnder Vittorio Comunello als Pionier sein Abenteuer und gr\u00fcndete ein Unternehmen f\u00fcr die Produktion von Komponenten f\u00fcr Schiebetore. In kurzer Zeit erreichte das Unternehmen durch Innovation und die Forschung nach absoluter Qualit\u00e4t ihre auch heute noch f\u00fchrende Marktstellung.<\/p>\n<p class=\"western\" lang=\"de-DE\" align=\"left\">Mehr als 50 Jahre Pr\u00e4zision bei der Fertigung perfekter Komponenten, die mit der Evolution der fortschrittlichsten Technologien st\u00e4ndig Schritt halten und die h\u00f6chsten Sicherheitsstandards garantieren.<\/p>\n<p>&nbsp;<\/p>\n<p class=\"western\" lang=\"de-DE\" align=\"left\">Das im Jahr 1965 von Vittorio Comunello gegr\u00fcndete Familienunternehmen wird heute in der zweiten Generation von Franco, Silvia und Luca geleitet.<\/p>\n<p>[\/vc_column_text][vc_empty_space height=&#8220;60px&#8220;][\/vc_column][\/vc_row][vc_row row_type=&#8220;row&#8220; use_row_as_full_screen_section=&#8220;no&#8220; type=&#8220;full_width&#8220; angled_section=&#8220;no&#8220; text_align=&#8220;left&#8220; background_image_as_pattern=&#8220;without_pattern&#8220; background_color=&#8220;#ffffff&#8220; css_animation=&#8220;&#8220;][vc_column][vc_empty_space height=&#8220;12px&#8220;][vc_separator type=&#8220;normal&#8220;][vc_empty_space][\/vc_column][\/vc_row][vc_row row_type=&#8220;row&#8220; use_row_as_full_screen_section=&#8220;no&#8220; type=&#8220;grid&#8220; angled_section=&#8220;no&#8220; text_align=&#8220;left&#8220; background_image_as_pattern=&#8220;without_pattern&#8220; background_color=&#8220;#ffffff&#8220; css_animation=&#8220;&#8220;][vc_column][vc_column_text]<\/p>\n<h1 style=\"font-size: 42px; font-family: helvth; text-align: center;\">MADE IN <span style=\"color: #94be01;\">COMUNELLO<\/span><\/h1>\n<p>[\/vc_column_text][vc_empty_space][\/vc_column][\/vc_row][vc_row row_type=&#8220;row&#8220; use_row_as_full_screen_section=&#8220;no&#8220; type=&#8220;grid&#8220; angled_section=&#8220;no&#8220; text_align=&#8220;left&#8220; background_image_as_pattern=&#8220;without_pattern&#8220; background_color=&#8220;#ffffff&#8220; css_animation=&#8220;&#8220; css=&#8220;.vc_custom_1495533166047{padding-right: 50px !important;padding-left: 50px !important;}&#8220;][vc_column width=&#8220;1\/2&#8243;][vc_empty_space][vc_column_text el_class=&#8220;test_one_page&#8220;]Dieses ist das eigentliche Markenzeichen der gesamten Produktion, denn seit 1965 werden alle Produkte strengstens in Italien in den Produktionswerken der Comunello-Gruppe hergestellt.[\/vc_column_text][vc_empty_space height=&#8220;12px&#8220;][vc_column_text el_class=&#8220;test_one_page&#8220;]Hier werden schon immer zertifizierte Kontrollsysteme angewendet und zuverl\u00e4ssige und garantierte Materialien von oberster Qualit\u00e4t eingesetzt.[\/vc_column_text][vc_empty_space][\/vc_column][vc_column width=&#8220;1\/2&#8243;][vc_empty_space height=&#8220;12px&#8220;][vc_empty_space height=&#8220;12px&#8220;][vc_single_image image=&#8220;25739&#8243; img_size=&#8220;full&#8220; alignment=&#8220;center&#8220; qode_css_animation=&#8220;element_from_right&#8220; transition_delay=&#8220;0,5&#8243;][\/vc_column][\/vc_row][vc_row row_type=&#8220;row&#8220; use_row_as_full_screen_section=&#8220;no&#8220; type=&#8220;full_width&#8220; angled_section=&#8220;no&#8220; text_align=&#8220;left&#8220; background_image_as_pattern=&#8220;without_pattern&#8220; background_color=&#8220;#ffffff&#8220; css_animation=&#8220;&#8220;][vc_column][vc_empty_space height=&#8220;12px&#8220;][vc_separator type=&#8220;normal&#8220;][vc_empty_space][\/vc_column][\/vc_row][vc_row row_type=&#8220;row&#8220; use_row_as_full_screen_section=&#8220;no&#8220; type=&#8220;grid&#8220; angled_section=&#8220;no&#8220; text_align=&#8220;left&#8220; background_image_as_pattern=&#8220;without_pattern&#8220; background_color=&#8220;#ffffff&#8220; css_animation=&#8220;&#8220;][vc_column][vc_column_text]<\/p>\n<h1 style=\"font-size: 42px; font-family: helvth; text-align: center;\"><span style=\"color: #94be01;\">DESIGN<\/span> TO RESIST<\/h1>\n<p>[\/vc_column_text][vc_empty_space][\/vc_column][\/vc_row][vc_row row_type=&#8220;row&#8220; use_row_as_full_screen_section=&#8220;no&#8220; type=&#8220;grid&#8220; angled_section=&#8220;no&#8220; text_align=&#8220;left&#8220; background_image_as_pattern=&#8220;without_pattern&#8220; background_color=&#8220;#ffffff&#8220; css_animation=&#8220;&#8220; css=&#8220;.vc_custom_1495533166047{padding-right: 50px !important;padding-left: 50px !important;}&#8220;][vc_column width=&#8220;1\/2&#8243;][vc_empty_space height=&#8220;12px&#8220;][vc_single_image image=&#8220;15386&#8243; img_size=&#8220;full&#8220; alignment=&#8220;center&#8220; qode_css_animation=&#8220;element_from_left&#8220; transition_delay=&#8220;0,5&#8243;][\/vc_column][vc_column width=&#8220;1\/2&#8243;][vc_empty_space][vc_column_text el_class=&#8220;test_one_page&#8220;]Das exklusive und patentierte Design entsteht in den betriebsintern Comunello-Labors, wo Zweckdienlichkeit und \u00c4sthetik untrennbar zusammengeh\u00f6ren.[\/vc_column_text][vc_empty_space height=&#8220;12px&#8220;][vc_column_text el_class=&#8220;test_one_page&#8220;]Saubere und attraktive Linien und eine ganz neue Wahl zwischen zwei Farben, die zweifellos den modernen und zeitlosen Geschmack vertreten: Wei\u00df und Schwarz.[\/vc_column_text][vc_empty_space height=&#8220;12px&#8220;][vc_column_text el_class=&#8220;test_one_page&#8220;]L\u00f6sungen, die ganz kontrastfrei das Wesentliche der Konzepte und \u00c4sthetik der Qualit\u00e4tsarchitekturen miteinander verbinden. Sie sind f\u00fcr die Ewigkeit und machen das Leben leichter.[\/vc_column_text][vc_empty_space][\/vc_column][\/vc_row][vc_row row_type=&#8220;row&#8220; use_row_as_full_screen_section=&#8220;no&#8220; type=&#8220;full_width&#8220; angled_section=&#8220;no&#8220; text_align=&#8220;left&#8220; background_image_as_pattern=&#8220;without_pattern&#8220; background_color=&#8220;#ffffff&#8220; css_animation=&#8220;&#8220;][vc_column][vc_empty_space height=&#8220;12px&#8220;][vc_separator type=&#8220;normal&#8220;][vc_empty_space][\/vc_column][\/vc_row][vc_row row_type=&#8220;row&#8220; use_row_as_full_screen_section=&#8220;no&#8220; type=&#8220;grid&#8220; angled_section=&#8220;no&#8220; text_align=&#8220;left&#8220; background_image_as_pattern=&#8220;without_pattern&#8220; background_color=&#8220;#ffffff&#8220; css_animation=&#8220;&#8220;][vc_column][vc_column_text]<\/p>\n<h1 style=\"font-size: 42px; font-family: helvth; text-align: center;\"><span style=\"color: #94be01;\">PRECISELY<\/span> WHAT YOU WOULD EXPECT<\/h1>\n<p>[\/vc_column_text][vc_empty_space][\/vc_column][\/vc_row][vc_row row_type=&#8220;row&#8220; use_row_as_full_screen_section=&#8220;no&#8220; type=&#8220;grid&#8220; angled_section=&#8220;no&#8220; text_align=&#8220;left&#8220; background_image_as_pattern=&#8220;without_pattern&#8220; background_color=&#8220;#ffffff&#8220; css_animation=&#8220;&#8220; css=&#8220;.vc_custom_1495533166047{padding-right: 50px !important;padding-left: 50px !important;}&#8220;][vc_column width=&#8220;1\/2&#8243;][vc_empty_space][vc_column_text el_class=&#8220;test_one_page&#8220;]Unser guter Ruf f\u00fcr mechanische Exzellenz und unsere Leidenschaft f\u00fcr die Perfektion der Bewegungen macht das Projekt Automation gewiss zum nat\u00fcrlichen Ausdruck unserer Unternehmensvision.[\/vc_column_text][vc_empty_space height=&#8220;12px&#8220;][vc_column_text el_class=&#8220;test_one_page&#8220;]Die Qualit\u00e4t, die aus diesen Voraussetzungen entsteht, entspricht genau dem, was unsere Kunden erwarten und auch verdienen.[\/vc_column_text][vc_empty_space][\/vc_column][vc_column width=&#8220;1\/2&#8243;][vc_empty_space height=&#8220;12px&#8220;][vc_single_image image=&#8220;25741&#8243; img_size=&#8220;full&#8220; alignment=&#8220;center&#8220; qode_css_animation=&#8220;element_from_right&#8220; transition_delay=&#8220;0,5&#8243;][\/vc_column][\/vc_row][vc_row row_type=&#8220;row&#8220; use_row_as_full_screen_section=&#8220;no&#8220; type=&#8220;full_width&#8220; angled_section=&#8220;no&#8220; text_align=&#8220;left&#8220; background_image_as_pattern=&#8220;without_pattern&#8220; background_color=&#8220;#ffffff&#8220; css_animation=&#8220;&#8220;][vc_column][vc_empty_space height=&#8220;12px&#8220;][vc_separator type=&#8220;normal&#8220;][vc_empty_space][\/vc_column][\/vc_row][vc_row row_type=&#8220;row&#8220; use_row_as_full_screen_section=&#8220;no&#8220; type=&#8220;grid&#8220; angled_section=&#8220;no&#8220; text_align=&#8220;left&#8220; background_image_as_pattern=&#8220;without_pattern&#8220; background_color=&#8220;#ffffff&#8220; css_animation=&#8220;&#8220;][vc_column][vc_column_text]<\/p>\n<h1 style=\"font-size: 42px; font-family: helvth; text-align: center;\">ELECTRICAL<span style=\"color: #94be01;\"> SIMPLICITY<\/span><\/h1>\n<p>[\/vc_column_text][vc_empty_space][\/vc_column][\/vc_row][vc_row row_type=&#8220;row&#8220; use_row_as_full_screen_section=&#8220;no&#8220; type=&#8220;grid&#8220; angled_section=&#8220;no&#8220; text_align=&#8220;left&#8220; background_image_as_pattern=&#8220;without_pattern&#8220; background_color=&#8220;#ffffff&#8220; css_animation=&#8220;&#8220; css=&#8220;.vc_custom_1495533166047{padding-right: 50px !important;padding-left: 50px !important;}&#8220;][vc_column width=&#8220;1\/2&#8243;][vc_single_image image=&#8220;25787&#8243; img_size=&#8220;full&#8220; alignment=&#8220;center&#8220; qode_css_animation=&#8220;element_from_left&#8220; transition_delay=&#8220;0,5&#8243;][\/vc_column][vc_column width=&#8220;1\/2&#8243;][vc_empty_space][vc_column_text el_class=&#8220;test_one_page&#8220;]Ganz nach den Vors\u00e4tzen unserer Unternehmensphilosophie der einfachen Gestaltungen, ist auch die Steuerelektronik extrem einfach konzipiert.[\/vc_column_text][vc_empty_space height=&#8220;12px&#8220;][vc_column_text el_class=&#8220;test_one_page&#8220;]Eine l\u00e4ngere Entwicklungszeit hat eine k\u00fcrzere Installationszeit m\u00f6glich gemacht.[\/vc_column_text][vc_empty_space height=&#8220;12px&#8220;][vc_column_text el_class=&#8220;test_one_page&#8220;]Alle Verbindungen sind auf den Karten deutlich angegeben, damit der Anschluss ganz leicht und schnell erfolgen kann.[\/vc_column_text][vc_empty_space][\/vc_column][\/vc_row][vc_row row_type=&#8220;row&#8220; use_row_as_full_screen_section=&#8220;no&#8220; type=&#8220;full_width&#8220; angled_section=&#8220;no&#8220; text_align=&#8220;center&#8220; background_image_as_pattern=&#8220;without_pattern&#8220; border_color=&#8220;#303030&#8243; css_animation=&#8220;&#8220; css=&#8220;.vc_custom_1491483971172{background-color: #ffffff !important;}&#8220;][vc_column][vc_empty_space height=&#8220;50px&#8220;][\/vc_column][\/vc_row][vc_row row_type=&#8220;row&#8220; use_row_as_full_screen_section=&#8220;no&#8220; type=&#8220;full_width&#8220; angled_section=&#8220;no&#8220; text_align=&#8220;center&#8220; background_image_as_pattern=&#8220;without_pattern&#8220; background_color=&#8220;#ffffff&#8220; padding_top=&#8220;0&#8243; padding_bottom=&#8220;50&#8243; css_animation=&#8220;&#8220; css=&#8220;.vc_custom_1495536699250{background-color: #262626 !important;}&#8220;][vc_column][vc_empty_space][vc_empty_space][vc_column_text]<\/p>\n<p class=\"titoletto_divisioneb\" style=\"color: #ffffff;\">Download<\/p>\n<p>[\/vc_column_text][vc_empty_space][vc_row_inner row_type=&#8220;row&#8220; type=&#8220;grid&#8220; text_align=&#8220;left&#8220; css_animation=&#8220;&#8220;][vc_column_inner width=&#8220;1\/3&#8243;][\/vc_column_inner][vc_column_inner width=&#8220;1\/3&#8243;][vc_column_text]<\/p>\n<p class=\"pdf_catologo\" style=\"text-align: center;\"><a href=\"https:\/\/www.comunello.com\/media\/products\/area_file\/automation\/companyprofile_automation_2019-v01_ena.pdf\" target=\"_blank\">\u00a0<img loading=\"lazy\" class=\"alignnone size-full wp-image-12926\" style=\"position: relative; top: 5px;\" src=\"http:\/\/www.comunello.com\/wp-content\/uploads\/2017\/03\/pdf_icon_40.png\" alt=\"pdf_icon_40\" width=\"30\" height=\"30\" srcset=\"https:\/\/www.comunello.com\/wp-content\/uploads\/2017\/03\/pdf_icon_40.png 40w, https:\/\/www.comunello.com\/wp-content\/uploads\/2017\/03\/pdf_icon_40-27x27.png 27w\" sizes=\"(max-width: 30px) 100vw, 30px\" \/> UNTERNEHMENSPROFIL<\/a><\/p>\n<p>[\/vc_column_text][\/vc_column_inner][vc_column_inner width=&#8220;1\/3&#8243;][\/vc_column_inner][\/vc_row_inner][vc_empty_space][\/vc_column][\/vc_row][vc_row row_type=&#8220;row&#8220; use_row_as_full_screen_section=&#8220;no&#8220; type=&#8220;grid&#8220; angled_section=&#8220;no&#8220; text_align=&#8220;left&#8220; background_image_as_pattern=&#8220;without_pattern&#8220; background_color=&#8220;#ffffff&#8220; css_animation=&#8220;&#8220;][vc_column][vc_empty_space height=&#8220;8px&#8220;][\/vc_column][\/vc_row]<\/p>\n","protected":false},"excerpt":{"rendered":"<p>[vc_row row_type=&#8220;row&#8220; use_row_as_full_screen_section=&#8220;no&#8220; type=&#8220;full_width&#8220; angled_section=&#8220;no&#8220; text_align=&#8220;left&#8220; background_image_as_pattern=&#8220;without_pattern&#8220; border_color=&#8220;#cecece&#8220; css_animation=&#8220;&#8220;][vc_column][vc_column_text]Nuova [\/vc_column_text][vc_empty_space height=&#8220;45px&#8220;][\/vc_column][\/vc_row][vc_row row_type=&#8220;row&#8220; use_row_as_full_screen_section=&#8220;no&#8220; type=&#8220;full_width&#8220; angled_section=&#8220;no&#8220; text_align=&#8220;center&#8220; background_image_as_pattern=&#8220;without_pattern&#8220; background_color=&#8220;#7bb739&#8243; css_animation=&#8220;&#8220; css=&#8220;.vc_custom_1567693178018{background-color: #7bb739 !important;}&#8220;][vc_column][vc_empty_space height=&#8220;2px&#8220;][\/vc_column][\/vc_row][vc_row row_type=&#8220;row&#8220; use_row_as_full_screen_section=&#8220;no&#8220;&#8230;<\/p>\n","protected":false},"author":1,"featured_media":0,"parent":1895,"menu_order":0,"comment_status":"open","ping_status":"open","template":"full_width.php","meta":[],"yoast_head":"<!-- This site is optimized with the Yoast SEO plugin v16.0.2 - https:\/\/yoast.com\/wordpress\/plugins\/seo\/ -->\n<link rel=\"canonical\" href=\"https:\/\/www.comunello.com\/de\/automation\/company\/\" \/>\n<meta property=\"og:locale\" content=\"de_DE\" \/>\n<meta property=\"og:type\" content=\"article\" \/>\n<meta property=\"og:title\" content=\"AUTOMATION Profil - Fratelli COMUNELLO\" \/>\n<meta property=\"og:description\" content=\"[vc_row row_type=&#8220;row&#8220; use_row_as_full_screen_section=&#8220;no&#8220; type=&#8220;full_width&#8220; angled_section=&#8220;no&#8220; text_align=&#8220;left&#8220; background_image_as_pattern=&#8220;without_pattern&#8220; border_color=&#8220;#cecece&#8220; css_animation=&#8220;&#8220;][vc_column][vc_column_text]Nuova [\/vc_column_text][vc_empty_space height=&#8220;45px&#8220;][\/vc_column][\/vc_row][vc_row row_type=&#8220;row&#8220; use_row_as_full_screen_section=&#8220;no&#8220; type=&#8220;full_width&#8220; angled_section=&#8220;no&#8220; text_align=&#8220;center&#8220; background_image_as_pattern=&#8220;without_pattern&#8220; background_color=&#8220;#7bb739&#8243; css_animation=&#8220;&#8220; css=&#8220;.vc_custom_1567693178018{background-color: #7bb739 !important;}&#8220;][vc_column][vc_empty_space height=&#8220;2px&#8220;][\/vc_column][\/vc_row][vc_row row_type=&#8220;row&#8220; use_row_as_full_screen_section=&#8220;no&#8220;...\" \/>\n<meta property=\"og:url\" content=\"https:\/\/www.comunello.com\/de\/automation\/company\/\" \/>\n<meta property=\"og:site_name\" content=\"Fratelli COMUNELLO\" \/>\n<meta property=\"article:modified_time\" content=\"2019-09-11T15:35:55+00:00\" \/>\n<meta property=\"og:image\" content=\"http:\/\/www.comunello.com\/wp-content\/uploads\/2017\/03\/pdf_icon_40.png\" \/>\n<meta name=\"twitter:card\" content=\"summary_large_image\" \/>\n<meta name=\"twitter:label1\" content=\"Gesch\u00e4tzte Lesezeit\">\n\t<meta name=\"twitter:data1\" content=\"9 Minuten\">\n<script type=\"application\/ld+json\" class=\"yoast-schema-graph\">{\"@context\":\"https:\/\/schema.org\",\"@graph\":[{\"@type\":\"WebSite\",\"@id\":\"https:\/\/www.comunello.com\/#website\",\"url\":\"https:\/\/www.comunello.com\/\",\"name\":\"Fratelli COMUNELLO\",\"description\":\"| Life Made Easy\",\"potentialAction\":[{\"@type\":\"SearchAction\",\"target\":\"https:\/\/www.comunello.com\/?s={search_term_string}\",\"query-input\":\"required name=search_term_string\"}],\"inLanguage\":\"de-DE\"},{\"@type\":\"ImageObject\",\"@id\":\"https:\/\/www.comunello.com\/de\/automation\/company\/#primaryimage\",\"inLanguage\":\"de-DE\",\"url\":\"http:\/\/www.comunello.com\/wp-content\/uploads\/2017\/03\/pdf_icon_40.png\"},{\"@type\":\"WebPage\",\"@id\":\"https:\/\/www.comunello.com\/de\/automation\/company\/#webpage\",\"url\":\"https:\/\/www.comunello.com\/de\/automation\/company\/\",\"name\":\"AUTOMATION Profil - Fratelli COMUNELLO\",\"isPartOf\":{\"@id\":\"https:\/\/www.comunello.com\/#website\"},\"primaryImageOfPage\":{\"@id\":\"https:\/\/www.comunello.com\/de\/automation\/company\/#primaryimage\"},\"datePublished\":\"2014-12-10T15:18:02+00:00\",\"dateModified\":\"2019-09-11T15:35:55+00:00\",\"breadcrumb\":{\"@id\":\"https:\/\/www.comunello.com\/de\/automation\/company\/#breadcrumb\"},\"inLanguage\":\"de-DE\",\"potentialAction\":[{\"@type\":\"ReadAction\",\"target\":[\"https:\/\/www.comunello.com\/de\/automation\/company\/\"]}]},{\"@type\":\"BreadcrumbList\",\"@id\":\"https:\/\/www.comunello.com\/de\/automation\/company\/#breadcrumb\",\"itemListElement\":[{\"@type\":\"ListItem\",\"position\":1,\"item\":{\"@type\":\"WebPage\",\"@id\":\"https:\/\/www.comunello.com\/de\/\",\"url\":\"https:\/\/www.comunello.com\/de\/\",\"name\":\"Home\"}},{\"@type\":\"ListItem\",\"position\":2,\"item\":{\"@type\":\"WebPage\",\"@id\":\"https:\/\/www.comunello.com\/de\/automation\/\",\"url\":\"https:\/\/www.comunello.com\/de\/automation\/\",\"name\":\"AUTOMATION\"}},{\"@type\":\"ListItem\",\"position\":3,\"item\":{\"@type\":\"WebPage\",\"@id\":\"https:\/\/www.comunello.com\/de\/automation\/company\/\",\"url\":\"https:\/\/www.comunello.com\/de\/automation\/company\/\",\"name\":\"AUTOMATION Profil\"}}]}]}<\/script>\n<!-- \/ Yoast SEO plugin. -->","_links":{"self":[{"href":"https:\/\/www.comunello.com\/de\/wp-json\/wp\/v2\/pages\/1937\/"}],"collection":[{"href":"https:\/\/www.comunello.com\/de\/wp-json\/wp\/v2\/pages\/"}],"about":[{"href":"https:\/\/www.comunello.com\/de\/wp-json\/wp\/v2\/types\/page\/"}],"author":[{"embeddable":true,"href":"https:\/\/www.comunello.com\/de\/wp-json\/wp\/v2\/users\/1\/"}],"replies":[{"embeddable":true,"href":"https:\/\/www.comunello.com\/de\/wp-json\/wp\/v2\/comments\/?post=1937"}],"version-history":[{"count":6,"href":"https:\/\/www.comunello.com\/de\/wp-json\/wp\/v2\/pages\/1937\/revisions\/"}],"predecessor-version":[{"id":25865,"href":"https:\/\/www.comunello.com\/de\/wp-json\/wp\/v2\/pages\/1937\/revisions\/25865\/"}],"up":[{"embeddable":true,"href":"https:\/\/www.comunello.com\/de\/wp-json\/wp\/v2\/pages\/1895\/"}],"wp:attachment":[{"href":"https:\/\/www.comunello.com\/de\/wp-json\/wp\/v2\/media\/?parent=1937"}],"curies":[{"name":"wp","href":"https:\/\/api.w.org\/{rel}","templated":true}]}}