{"id":1925,"date":"2014-12-10T18:29:03","date_gmt":"2014-12-10T18:29:03","guid":{"rendered":"http:\/\/www.comunello.com\/frame\/products\/"},"modified":"2015-08-05T09:50:30","modified_gmt":"2015-08-05T07:50:30","slug":"products","status":"publish","type":"page","link":"https:\/\/www.comunello.com\/de\/frame\/products\/","title":{"rendered":"FRAME Produkte"},"content":{"rendered":"<p>[vc_row row_type=&#8220;row&#8220; type=&#8220;full_width&#8220; text_align=&#8220;left&#8220; background_image_as_pattern=&#8220;without_pattern&#8220; background_color=&#8220;#dadada&#8220; padding_top=&#8220;62&#8243;][vc_column width=&#8220;1\/1&#8243;][vc_row_inner row_type=&#8220;row&#8220; type=&#8220;grid&#8220; text_align=&#8220;left&#8220; padding_top=&#8220;2&#8243;][vc_column_inner width=&#8220;1\/2&#8243;][vc_column_text css=&#8220;.vc_custom_1423303359442{padding-top: 50px !important;padding-left: 50px !important;}&#8220;]<\/p>\n<h2><span style=\"color: #000000;\">Comunello Frame<\/span><\/h2>\n<h1><span style=\"color: #000000;\">Produkte<\/span><\/h1>\n<p>[\/vc_column_text][\/vc_column_inner][vc_column_inner width=&#8220;1\/2&#8243;][vc_single_image image=&#8220;1757&#8243; border_color=&#8220;grey&#8220; img_link_target=&#8220;_self&#8220; img_size=&#8220;full&#8220;][\/vc_column_inner][\/vc_row_inner][\/vc_column][\/vc_row][vc_row row_type=&#8220;row&#8220; type=&#8220;grid&#8220; text_align=&#8220;left&#8220; background_image_as_pattern=&#8220;without_pattern&#8220; padding_top=&#8220;50&#8243;][vc_column width=&#8220;1\/3&#8243;][vc_column_text]<a href=\"\/de\/frame\/\"><img loading=\"lazy\" class=\"alignleft wp-image-1200 size-full\" src=\"\/wp-content\/uploads\/2014\/12\/22.jpg\" alt=\"22\" width=\"20\" height=\"22\" \/><\/a>[\/vc_column_text][\/vc_column][vc_column width=&#8220;1\/3&#8243; css=&#8220;.vc_custom_1418577996153{margin-left: -357px !important;}&#8220;][vc_column_text]<span style=\"color: #999999;\">&gt; Produkte<\/span>[\/vc_column_text][\/vc_column][vc_column width=&#8220;1\/3&#8243;][\/vc_column][\/vc_row][vc_row row_type=&#8220;row&#8220; type=&#8220;full_width&#8220; text_align=&#8220;left&#8220; background_image_as_pattern=&#8220;without_pattern&#8220; padding_top=&#8220;100&#8243;][vc_column width=&#8220;1\/1&#8243;][vc_row_inner row_type=&#8220;row&#8220; type=&#8220;grid&#8220; text_align=&#8220;left&#8220; padding_bottom=&#8220;30&#8243;][vc_column_inner width=&#8220;1\/3&#8243;][vc_column_text]<a href=\"\/de\/frame\/products\/handgriffe\/\"><img loading=\"lazy\" class=\"aligncenter\" src=\"\/media\/products\/frame\/maniglioni_per_ingressi\/comunello-frame-maniglioni_per_ingressi-icon.jpg\" alt=\"\" width=\"100\" height=\"63\" border=\"0\" \/><\/a>[\/vc_column_text][vc_separator type=&#8220;transparent&#8220; position=&#8220;center&#8220; up=&#8220;20&#8243; down=&#8220;20&#8243;][vc_column_text]<\/p>\n<p style=\"text-align: center;\"><span style=\"font-size: large;\"><a href=\"\/de\/frame\/products\/handgriffe\/\">HANDGRIFFE<\/a><\/span><\/p>\n<p>[\/vc_column_text][vc_separator type=&#8220;normal&#8220; position=&#8220;center&#8220; color=&#8220;#9b9b9b&#8220; thickness=&#8220;1&#8243; up=&#8220;30&#8243; down=&#8220;20&#8243;][\/vc_column_inner][vc_column_inner width=&#8220;1\/3&#8243;][vc_column_text]<a href=\"\/de\/frame\/products\/eckverbinder\/\"><img loading=\"lazy\" class=\"aligncenter\" src=\"\/media\/products\/frame\/squadrette_per_serramenti\/comunello-frame-squadrette_per_serramenti-icon.jpg\" alt=\"\" width=\"100\" height=\"63\" border=\"0\" \/><\/a>[\/vc_column_text][vc_separator type=&#8220;transparent&#8220; position=&#8220;center&#8220; up=&#8220;20&#8243; down=&#8220;20&#8243;][vc_column_text]<\/p>\n<p style=\"text-align: center;\"><span style=\"font-size: large;\"><a href=\"\/de\/frame\/products\/eckverbinder\/\">ECKVERBINDER<\/a><\/span><\/p>\n<p>[\/vc_column_text][vc_separator type=&#8220;normal&#8220; position=&#8220;center&#8220; color=&#8220;#9b9b9b&#8220; thickness=&#8220;1&#8243; up=&#8220;30&#8243; down=&#8220;20&#8243;][\/vc_column_inner][\/vc_row_inner][\/vc_column][\/vc_row][vc_row row_type=&#8220;row&#8220; type=&#8220;full_width&#8220; text_align=&#8220;left&#8220; background_image_as_pattern=&#8220;without_pattern&#8220; padding_top=&#8220;100&#8243; padding_bottom=&#8220;75&#8243;][vc_column width=&#8220;1\/1&#8243;][vc_row_inner][vc_column_inner width=&#8220;1\/1&#8243;][vc_column_text]<\/p>\n<h1 style=\"text-align: center;\">KATALOGE<\/h1>\n<p>[\/vc_column_text][\/vc_column_inner][\/vc_row_inner][vc_row_inner row_type=&#8220;row&#8220; type=&#8220;grid&#8220; text_align=&#8220;left&#8220;][vc_column_inner width=&#8220;1\/1&#8243;][vc_separator type=&#8220;normal&#8220; position=&#8220;center&#8220; color=&#8220;#9b9b9b&#8220; thickness=&#8220;1&#8243; up=&#8220;20&#8243; down=&#8220;50&#8243;][\/vc_column_inner][\/vc_row_inner][vc_row_inner row_type=&#8220;row&#8220; type=&#8220;grid&#8220; text_align=&#8220;left&#8220;][vc_column_inner width=&#8220;1\/3&#8243;]<div class='q_icon_with_title small normal_icon left_from_title'><div class=\"icon_text_holder\" style=\"\"><div class=\"icon_text_inner\" style=\"\"><div class=\"icon_title_holder\"><div class=\"icon_holder \" style=\" \"><span data-icon-type=\"normal\"   style=\"\" class=\"qode_iwt_icon_holder q_font_awsome_icon fa-2x \"><i class=\"qode_icon_font_awesome fa fa-file-pdf-o qode_iwt_icon_element\" style=\"color: #ff0000;\" ><\/i><\/span><\/div><h5 class=\"icon_title\" style=\"color: #000000;\">HANDGRIFFE KATALOG<\/h5><\/div><p style=''>PDF \/ 26 MB<\/p><a itemprop='url' class='icon_with_title_link' href='\/media\/products\/frame\/maniglioni_per_ingressi\/COMUNELLO-Frame-maniglioni_per_ingressi-catalog.pdf' target='_blank' style='color: #000000;'>Download<\/a><\/div><\/div><\/div>[vc_single_image image=&#8220;1760&#8243; border_color=&#8220;grey&#8220; img_link_target=&#8220;_blank&#8220; img_size=&#8220;full&#8220; link=&#8220;\/media\/products\/frame\/maniglioni_per_ingressi\/COMUNELLO-Frame-maniglioni_per_ingressi-catalog.pdf&#8220;][\/vc_column_inner][vc_column_inner width=&#8220;1\/3&#8243;]<div class='q_icon_with_title small normal_icon left_from_title'><div class=\"icon_text_holder\" style=\"\"><div class=\"icon_text_inner\" style=\"\"><div class=\"icon_title_holder\"><div class=\"icon_holder \" style=\" \"><span data-icon-type=\"normal\"   style=\"\" class=\"qode_iwt_icon_holder q_font_awsome_icon fa-2x \"><i class=\"qode_icon_font_awesome fa fa-file-pdf-o qode_iwt_icon_element\" style=\"color: #ff0000;\" ><\/i><\/span><\/div><h5 class=\"icon_title\" style=\"color: #000000;\">ECKVERBINDER KATALOG<\/h5><\/div><p style='color: #000000'>PDF \/ 14 MB<\/p><a itemprop='url' class='icon_with_title_link' href='\/media\/products\/frame\/squadrette_per_serramenti\/COMUNELLO-Frame-squadrette_per_serramenti-catalog.pdf' target='_blank' style='color: #000000;'>Download<\/a><\/div><\/div><\/div>[vc_single_image image=&#8220;1761&#8243; border_color=&#8220;grey&#8220; img_link_target=&#8220;_blank&#8220; img_size=&#8220;full&#8220; link=&#8220;\/media\/products\/frame\/squadrette_per_serramenti\/COMUNELLO-Frame-squadrette_per_serramenti-catalog.pdf&#8220;][\/vc_column_inner][\/vc_row_inner][\/vc_column][\/vc_row][vc_row row_type=&#8220;row&#8220; type=&#8220;full_width&#8220; text_align=&#8220;left&#8220; background_image_as_pattern=&#8220;without_pattern&#8220; background_color=&#8220;#dadada&#8220;][vc_column width=&#8220;1\/1&#8243;][vc_row_inner row_type=&#8220;row&#8220; type=&#8220;grid&#8220; text_align=&#8220;left&#8220;][vc_column_inner width=&#8220;2\/3&#8243;][rev_slider_vc alias=&#8220;frame-products-bottom&#8220;][\/vc_column_inner][vc_column_inner width=&#8220;1\/3&#8243;][vc_column_text]<a href=\"http:\/\/www.comunello.com\/de\/frameautomation\/\"><img loading=\"lazy\" class=\"aligncenter size-medium wp-image-5083\" src=\"http:\/\/www.comunello.com\/wp-content\/uploads\/2014\/11\/COMUNELLO_FRAME_AUTOMATION_LOGO-300x89.png\" alt=\"COMUNELLO_FRAME_AUTOMATION_LOGO\" width=\"300\" height=\"89\" \/><\/a><\/p>\n<p>&nbsp;<\/p>\n<p><span style=\"color: #000000;\">Auf einem sich st\u00e4ndig weiterentwickelnden Markt hat Comunello f\u00fcr die Partner ein Komplettangebot entwickelt, das nicht nur die mechanische Bewegung von Fenstern aus Aluminium umfasst. Tats\u00e4chlich sind die elektromechanischen Antriebe ihre nat\u00fcrliche Weiterentwicklung f\u00fcr zahlreiche Anwendungen. Besuchen Sie die Website des Gesch\u00e4ftszweiges <a style=\"color: #000000;\" href=\"\/de\/frameautomation\/\"><span style=\"text-decoration: underline;\">Comunello Frame Automation<\/span><\/a> um mehr zu erfahren!<\/span>[\/vc_column_text][\/vc_column_inner][\/vc_row_inner][\/vc_column][\/vc_row]<\/p>\n","protected":false},"excerpt":{"rendered":"<p>[vc_row row_type=&#8220;row&#8220; type=&#8220;full_width&#8220; text_align=&#8220;left&#8220; background_image_as_pattern=&#8220;without_pattern&#8220; background_color=&#8220;#dadada&#8220; padding_top=&#8220;62&#8243;][vc_column width=&#8220;1\/1&#8243;][vc_row_inner row_type=&#8220;row&#8220; type=&#8220;grid&#8220; text_align=&#8220;left&#8220; padding_top=&#8220;2&#8243;][vc_column_inner width=&#8220;1\/2&#8243;][vc_column_text css=&#8220;.vc_custom_1423303359442{padding-top: 50px !important;padding-left: 50px !important;}&#8220;] Comunello Frame Produkte [\/vc_column_text][\/vc_column_inner][vc_column_inner width=&#8220;1\/2&#8243;][vc_single_image image=&#8220;1757&#8243; border_color=&#8220;grey&#8220;&#8230;<\/p>\n","protected":false},"author":1,"featured_media":0,"parent":1922,"menu_order":0,"comment_status":"open","ping_status":"open","template":"full_width.php","meta":[],"yoast_head":"<!-- This site is optimized with the Yoast SEO plugin v16.0.2 - https:\/\/yoast.com\/wordpress\/plugins\/seo\/ -->\n<link rel=\"canonical\" href=\"https:\/\/www.comunello.com\/de\/frame\/products\/\" \/>\n<meta property=\"og:locale\" content=\"de_DE\" \/>\n<meta property=\"og:type\" content=\"article\" \/>\n<meta property=\"og:title\" content=\"FRAME Produkte - Fratelli COMUNELLO\" \/>\n<meta property=\"og:description\" content=\"[vc_row row_type=&#8220;row&#8220; type=&#8220;full_width&#8220; text_align=&#8220;left&#8220; background_image_as_pattern=&#8220;without_pattern&#8220; background_color=&#8220;#dadada&#8220; padding_top=&#8220;62&#8243;][vc_column width=&#8220;1\/1&#8243;][vc_row_inner row_type=&#8220;row&#8220; type=&#8220;grid&#8220; text_align=&#8220;left&#8220; padding_top=&#8220;2&#8243;][vc_column_inner width=&#8220;1\/2&#8243;][vc_column_text css=&#8220;.vc_custom_1423303359442{padding-top: 50px !important;padding-left: 50px !important;}&#8220;] Comunello Frame Produkte [\/vc_column_text][\/vc_column_inner][vc_column_inner width=&#8220;1\/2&#8243;][vc_single_image image=&#8220;1757&#8243; border_color=&#8220;grey&#8220;...\" \/>\n<meta property=\"og:url\" content=\"https:\/\/www.comunello.com\/de\/frame\/products\/\" \/>\n<meta property=\"og:site_name\" content=\"Fratelli COMUNELLO\" \/>\n<meta property=\"article:modified_time\" content=\"2015-08-05T07:50:30+00:00\" \/>\n<meta property=\"og:image\" content=\"https:\/\/www.comunello.com\/wp-content\/uploads\/2014\/12\/22.jpg\" \/>\n<meta name=\"twitter:card\" content=\"summary_large_image\" \/>\n<meta name=\"twitter:label1\" content=\"Gesch\u00e4tzte Lesezeit\">\n\t<meta name=\"twitter:data1\" content=\"3 Minuten\">\n<script type=\"application\/ld+json\" class=\"yoast-schema-graph\">{\"@context\":\"https:\/\/schema.org\",\"@graph\":[{\"@type\":\"WebSite\",\"@id\":\"https:\/\/www.comunello.com\/#website\",\"url\":\"https:\/\/www.comunello.com\/\",\"name\":\"Fratelli COMUNELLO\",\"description\":\"| Life Made Easy\",\"potentialAction\":[{\"@type\":\"SearchAction\",\"target\":\"https:\/\/www.comunello.com\/?s={search_term_string}\",\"query-input\":\"required name=search_term_string\"}],\"inLanguage\":\"de-DE\"},{\"@type\":\"ImageObject\",\"@id\":\"https:\/\/www.comunello.com\/de\/frame\/products\/#primaryimage\",\"inLanguage\":\"de-DE\",\"url\":\"\/wp-content\/uploads\/2014\/12\/22.jpg\"},{\"@type\":\"WebPage\",\"@id\":\"https:\/\/www.comunello.com\/de\/frame\/products\/#webpage\",\"url\":\"https:\/\/www.comunello.com\/de\/frame\/products\/\",\"name\":\"FRAME Produkte - Fratelli COMUNELLO\",\"isPartOf\":{\"@id\":\"https:\/\/www.comunello.com\/#website\"},\"primaryImageOfPage\":{\"@id\":\"https:\/\/www.comunello.com\/de\/frame\/products\/#primaryimage\"},\"datePublished\":\"2014-12-10T18:29:03+00:00\",\"dateModified\":\"2015-08-05T07:50:30+00:00\",\"breadcrumb\":{\"@id\":\"https:\/\/www.comunello.com\/de\/frame\/products\/#breadcrumb\"},\"inLanguage\":\"de-DE\",\"potentialAction\":[{\"@type\":\"ReadAction\",\"target\":[\"https:\/\/www.comunello.com\/de\/frame\/products\/\"]}]},{\"@type\":\"BreadcrumbList\",\"@id\":\"https:\/\/www.comunello.com\/de\/frame\/products\/#breadcrumb\",\"itemListElement\":[{\"@type\":\"ListItem\",\"position\":1,\"item\":{\"@type\":\"WebPage\",\"@id\":\"https:\/\/www.comunello.com\/de\/\",\"url\":\"https:\/\/www.comunello.com\/de\/\",\"name\":\"Home\"}},{\"@type\":\"ListItem\",\"position\":2,\"item\":{\"@type\":\"WebPage\",\"@id\":\"https:\/\/www.comunello.com\/de\/frame\/\",\"url\":\"https:\/\/www.comunello.com\/de\/frame\/\",\"name\":\"FRAME\"}},{\"@type\":\"ListItem\",\"position\":3,\"item\":{\"@type\":\"WebPage\",\"@id\":\"https:\/\/www.comunello.com\/de\/frame\/products\/\",\"url\":\"https:\/\/www.comunello.com\/de\/frame\/products\/\",\"name\":\"FRAME Produkte\"}}]}]}<\/script>\n<!-- \/ Yoast SEO plugin. -->","_links":{"self":[{"href":"https:\/\/www.comunello.com\/de\/wp-json\/wp\/v2\/pages\/1925\/"}],"collection":[{"href":"https:\/\/www.comunello.com\/de\/wp-json\/wp\/v2\/pages\/"}],"about":[{"href":"https:\/\/www.comunello.com\/de\/wp-json\/wp\/v2\/types\/page\/"}],"author":[{"embeddable":true,"href":"https:\/\/www.comunello.com\/de\/wp-json\/wp\/v2\/users\/1\/"}],"replies":[{"embeddable":true,"href":"https:\/\/www.comunello.com\/de\/wp-json\/wp\/v2\/comments\/?post=1925"}],"version-history":[{"count":2,"href":"https:\/\/www.comunello.com\/de\/wp-json\/wp\/v2\/pages\/1925\/revisions\/"}],"predecessor-version":[{"id":6731,"href":"https:\/\/www.comunello.com\/de\/wp-json\/wp\/v2\/pages\/1925\/revisions\/6731\/"}],"up":[{"embeddable":true,"href":"https:\/\/www.comunello.com\/de\/wp-json\/wp\/v2\/pages\/1922\/"}],"wp:attachment":[{"href":"https:\/\/www.comunello.com\/de\/wp-json\/wp\/v2\/media\/?parent=1925"}],"curies":[{"name":"wp","href":"https:\/\/api.w.org\/{rel}","templated":true}]}}